{"id":3055,"date":"2023-08-02T16:15:51","date_gmt":"2023-08-02T08:15:51","guid":{"rendered":"https:\/\/www.qualitester.com\/?post_type=product&#038;p=3055"},"modified":"2024-12-04T14:44:39","modified_gmt":"2024-12-04T06:44:39","slug":"jelly-puncture-resistance-test-gel-strength-tester","status":"publish","type":"product","link":"https:\/\/www.qualitester.com\/et\/toode\/jelly-puncture-resistance-test-gel-strength-tester\/","title":{"rendered":"Jelly Puncture Resistance Test Gel Strength Tester"},"content":{"rendered":"<div data-elementor-type=\"wp-post\" data-elementor-id=\"3055\" class=\"elementor elementor-3055\" data-elementor-post-type=\"product\">\n\t\t\t\t<div class=\"elementor-element elementor-element-e2b9e15 e-flex e-con-boxed e-con e-parent\" data-id=\"e2b9e15\" data-element_type=\"container\">\n\t\t\t\t\t<div class=\"e-con-inner\">\n\t\t<div class=\"elementor-element elementor-element-d7985d0 e-con-full e-flex e-con e-parent\" data-id=\"d7985d0\" data-element_type=\"container\">\n\t\t\t\t<div class=\"elementor-element elementor-element-9581fe1 elementor-widget elementor-widget-image\" data-id=\"9581fe1\" data-element_type=\"widget\" data-widget_type=\"image.default\">\n\t\t\t\t<div class=\"elementor-widget-container\">\n\t\t\t\t\t\t\t\t\t\t\t\t\t<img fetchpriority=\"high\" decoding=\"async\" width=\"750\" height=\"750\" src=\"https:\/\/www.qualitester.com\/wp-content\/uploads\/2023\/04\/Gel-strength08_\u526f\u672c.png\" class=\"attachment-large size-large wp-image-1599\" alt=\"\" srcset=\"https:\/\/www.qualitester.com\/wp-content\/uploads\/2023\/04\/Gel-strength08_\u526f\u672c.png 750w, https:\/\/www.qualitester.com\/wp-content\/uploads\/2023\/04\/Gel-strength08_\u526f\u672c-300x300.png 300w, https:\/\/www.qualitester.com\/wp-content\/uploads\/2023\/04\/Gel-strength08_\u526f\u672c-150x150.png 150w, https:\/\/www.qualitester.com\/wp-content\/uploads\/2023\/04\/Gel-strength08_\u526f\u672c-600x600.png 600w, https:\/\/www.qualitester.com\/wp-content\/uploads\/2023\/04\/Gel-strength08_\u526f\u672c-100x100.png 100w\" sizes=\"(max-width: 750px) 100vw, 750px\" \/>\t\t\t\t\t\t\t\t\t\t\t\t\t<\/div>\n\t\t\t\t<\/div>\n\t\t\t\t<\/div>\n\t\t<div class=\"elementor-element elementor-element-559656c e-con-full e-flex e-con e-parent\" data-id=\"559656c\" data-element_type=\"container\">\n\t\t\t\t<div class=\"elementor-element elementor-element-ef8a65c elementor-widget elementor-widget-text-editor\" data-id=\"ef8a65c\" data-element_type=\"widget\" data-widget_type=\"text-editor.default\">\n\t\t\t\t<div class=\"elementor-widget-container\">\n\t\t\t\t\t\t\t<p><strong>Taotlus<\/strong><\/p><p><em>Geeli tugevust v\u00f5ib m\u00e4\u00e4ratleda kui kolloiddispersiooni v\u00f5imet arendada ja s\u00e4ilitada geelivormi, mis p\u00f5hineb selle nihketakistusel.<\/em><\/p><p><em>Bloom on \u017eelatiini geeli tugevuse\/kindluse erim\u00f5\u00f5duks. Bloomi v\u00e4\u00e4rtused m\u00e4\u00e4ratakse kindlaks, m\u00f5\u00f5tes j\u00f5udu (g), mis on vajalik 6,67% \u017eelatiinigeeli pinna (p\u00e4rast 16-18 tundi kestnud geelistumist 10 \u00b0C juures) 4 mm kaugusele vajutamiseks. Seega, mida suurem on v\u00e4\u00e4rtus, seda tugevam on geeli k\u00f5vadus.Bloomi v\u00e4\u00e4rtus grammides m\u00f5\u00f5detakse kindla sondi abil, et suruda geeli pinda.<\/em><\/p><h6>Testi objektid<\/h6><p><em>Kaal: Kauguse m\u00f5\u00f5tmiseks teatud koormuse juures.<\/em><br \/><em>PEAK: geeli tugevuse m\u00f5\u00f5tmiseks<\/em><br \/><em>DISTANTS: koormuse m\u00f5\u00f5tmine teatud kaugusel.<\/em><\/p>\t\t\t\t\t\t<\/div>\n\t\t\t\t<\/div>\n\t\t\t\t<\/div>\n\t\t\t\t\t<\/div>\n\t\t\t\t<\/div>\n\t\t<div class=\"elementor-element elementor-element-21d38fb e-flex e-con-boxed e-con e-parent\" data-id=\"21d38fb\" data-element_type=\"container\">\n\t\t\t\t\t<div class=\"e-con-inner\">\n\t\t<div class=\"elementor-element elementor-element-36722a2 e-con-full e-flex e-con e-parent\" data-id=\"36722a2\" data-element_type=\"container\">\n\t\t\t\t<div class=\"elementor-element elementor-element-2c66356 elementor-widget elementor-widget-image\" data-id=\"2c66356\" data-element_type=\"widget\" data-widget_type=\"image.default\">\n\t\t\t\t<div class=\"elementor-widget-container\">\n\t\t\t\t\t\t\t\t\t\t\t\t\t<img decoding=\"async\" width=\"750\" height=\"750\" src=\"https:\/\/www.qualitester.com\/wp-content\/uploads\/2023\/04\/Gel-strength07_\u526f\u672c.png\" class=\"attachment-large size-large wp-image-1598\" alt=\"\" srcset=\"https:\/\/www.qualitester.com\/wp-content\/uploads\/2023\/04\/Gel-strength07_\u526f\u672c.png 750w, https:\/\/www.qualitester.com\/wp-content\/uploads\/2023\/04\/Gel-strength07_\u526f\u672c-300x300.png 300w, https:\/\/www.qualitester.com\/wp-content\/uploads\/2023\/04\/Gel-strength07_\u526f\u672c-150x150.png 150w, https:\/\/www.qualitester.com\/wp-content\/uploads\/2023\/04\/Gel-strength07_\u526f\u672c-600x600.png 600w, https:\/\/www.qualitester.com\/wp-content\/uploads\/2023\/04\/Gel-strength07_\u526f\u672c-100x100.png 100w\" sizes=\"(max-width: 750px) 100vw, 750px\" \/>\t\t\t\t\t\t\t\t\t\t\t\t\t<\/div>\n\t\t\t\t<\/div>\n\t\t\t\t<\/div>\n\t\t<div class=\"elementor-element elementor-element-6eb280f e-con-full e-flex e-con e-parent\" data-id=\"6eb280f\" data-element_type=\"container\">\n\t\t\t\t<div class=\"elementor-element elementor-element-2c2e734 elementor-widget elementor-widget-text-editor\" data-id=\"2c2e734\" data-element_type=\"widget\" data-widget_type=\"text-editor.default\">\n\t\t\t\t<div class=\"elementor-widget-container\">\n\t\t\t\t\t\t\t<h6><strong>Tehnilised omadused<\/strong><\/h6><p><em>See on PLC-juhitav seade (t\u00f6\u00f6stuslikul tasemel stabiilne) ja HMI puuteekraaniga juhitav. T\u00e4pse kuulike juhtkruvi mehhanism tagab hea ja stabiilse kiiruse ja nihke kontrolli. Selle spetsiaalselt loodud programmi saab kasutada erinevate parameetrite jaoks, mis puudutavad geeli tugevuse katsetamist.<\/em><\/p><ul><li><em>7-tolline HMI puuteekraan<\/em><\/li><li><em>PLC-juhtimis\u00fcksus sees<\/em><\/li><li><em>T\u00e4ppiskuuljuhtimiskruvi<\/em><\/li><li><em>Reguleeritav testikiirus<\/em><\/li><li><em>Muude tekstuuride anal\u00fc\u00fcsiks on saadaval mitu kinnitust<\/em><\/li><li><em>Ohutus on meie mure Reisi piirkaitse; automaatne tagasip\u00f6\u00f6rdumine; koormusanduri kaitsekate<\/em><\/li><li><em>K\u00e4ttesaadavad on mitmed testitavad elemendid WEIGHT, PEAK, DISTANCE.\u00a0<\/em><\/li><li><em>Punktmaatriks-t\u00fc\u00fcpi mikroprinteriga varustatud<\/em><\/li><\/ul>\t\t\t\t\t\t<\/div>\n\t\t\t\t<\/div>\n\t\t\t\t<\/div>\n\t\t\t\t\t<\/div>\n\t\t\t\t<\/div>\n\t\t<div class=\"elementor-element elementor-element-c30d7f2 e-flex e-con-boxed e-con e-parent\" data-id=\"c30d7f2\" data-element_type=\"container\">\n\t\t\t\t\t<div class=\"e-con-inner\">\n\t\t<div class=\"elementor-element elementor-element-3ca2567 e-con-full e-flex e-con e-parent\" data-id=\"3ca2567\" data-element_type=\"container\">\n\t\t\t\t<div class=\"elementor-element elementor-element-a572bbd elementor-widget elementor-widget-image\" data-id=\"a572bbd\" data-element_type=\"widget\" data-widget_type=\"image.default\">\n\t\t\t\t<div class=\"elementor-widget-container\">\n\t\t\t\t\t\t\t\t\t\t\t\t\t<img decoding=\"async\" width=\"750\" height=\"750\" src=\"https:\/\/www.qualitester.com\/wp-content\/uploads\/2023\/04\/Gel-strength03_\u526f\u672c.png\" class=\"attachment-large size-large wp-image-1597\" alt=\"\" srcset=\"https:\/\/www.qualitester.com\/wp-content\/uploads\/2023\/04\/Gel-strength03_\u526f\u672c.png 750w, https:\/\/www.qualitester.com\/wp-content\/uploads\/2023\/04\/Gel-strength03_\u526f\u672c-300x300.png 300w, https:\/\/www.qualitester.com\/wp-content\/uploads\/2023\/04\/Gel-strength03_\u526f\u672c-150x150.png 150w, https:\/\/www.qualitester.com\/wp-content\/uploads\/2023\/04\/Gel-strength03_\u526f\u672c-600x600.png 600w, https:\/\/www.qualitester.com\/wp-content\/uploads\/2023\/04\/Gel-strength03_\u526f\u672c-100x100.png 100w\" sizes=\"(max-width: 750px) 100vw, 750px\" \/>\t\t\t\t\t\t\t\t\t\t\t\t\t<\/div>\n\t\t\t\t<\/div>\n\t\t\t\t<\/div>\n\t\t<div class=\"elementor-element elementor-element-100375d e-con-full e-flex e-con e-parent\" data-id=\"100375d\" data-element_type=\"container\">\n\t\t\t\t<div class=\"elementor-element elementor-element-4d2e9cd elementor-widget elementor-widget-text-editor\" data-id=\"4d2e9cd\" data-element_type=\"widget\" data-widget_type=\"text-editor.default\">\n\t\t\t\t<div class=\"elementor-widget-container\">\n\t\t\t\t\t\t\t<h6><strong>Peamised parameetrid<\/strong><\/h6><p><em>Katsepiirkond 0-50N (v\u00f5i vastavalt vajadusele)<\/em><\/p><p><em>L\u00f6\u00f6k 1 1<\/em><em style=\"font-weight: inherit; text-align: var(--text-align); background-color: var(--ast-global-color-4); color: var(--ast-global-color-3);\">0mm (ilma sondita)<\/em><\/p><p><em>Katsekiirus 1~100mm\/min<\/em><\/p><p><em>Nihke t\u00e4psus 0,01mm<\/em><\/p><p><em>T\u00e4psus 0,5% F.S.<\/em><\/p><p><em>Juhtimine PLC ja inimese ja masina liides<\/em><\/p><p><em>V\u00e4ljundi ekraan, mikroprinter, RS232 (valikuline)<\/em><\/p><p><em>V\u00f5imsus 110~220V<\/em><\/p>\t\t\t\t\t\t<\/div>\n\t\t\t\t<\/div>\n\t\t\t\t<\/div>\n\t\t\t\t\t<\/div>\n\t\t\t\t<\/div>\n\t\t<div class=\"elementor-element elementor-element-4034acd e-flex e-con-boxed e-con e-parent\" data-id=\"4034acd\" data-element_type=\"container\">\n\t\t\t\t\t<div class=\"e-con-inner\">\n\t\t\t\t<div class=\"elementor-element elementor-element-c6ca644 elementor-widget elementor-widget-wpforms\" data-id=\"c6ca644\" data-element_type=\"widget\" data-widget_type=\"wpforms.default\">\n\t\t\t\t<div class=\"elementor-widget-container\">\n\t\t\t<div class=\"wpforms-container\" id=\"wpforms-11\"><form id=\"wpforms-form-11\" class=\"wpforms-validate wpforms-form wpforms-ajax-form\" data-formid=\"11\" method=\"post\" enctype=\"multipart\/form-data\" action=\"\/et\/wp-json\/wp\/v2\/product\/3055\" data-token=\"e79a37c8e1278f1434d715431c5ed954\" data-trp-original-action=\"\/et\/wp-json\/wp\/v2\/product\/3055\"><noscript class=\"wpforms-error-noscript\">Palun lubage oma brauseris JavaScript, et t\u00e4ita see vorm.<\/noscript><div class=\"wpforms-field-container\"><div id=\"wpforms-11-field_1-container\" class=\"wpforms-field wpforms-field-text\" data-field-id=\"1\"><label class=\"wpforms-field-label\" for=\"wpforms-11-field_1\">Nimi <span class=\"wpforms-required-label\">*<\/span><\/label><input type=\"text\" id=\"wpforms-11-field_1\" class=\"wpforms-field-medium wpforms-field-required\" name=\"wpforms[fields][1]\" placeholder=\"Nimi\" required><\/div><div id=\"wpforms-11-field_5-container\" class=\"wpforms-field wpforms-field-text\" data-field-id=\"5\"><label class=\"wpforms-field-label\" for=\"wpforms-11-field_5\">Ettev\u00f5te<\/label><input type=\"text\" id=\"wpforms-11-field_5\" class=\"wpforms-field-medium\" name=\"wpforms[fields][5]\" ><\/div><div id=\"wpforms-11-field_4-container\" class=\"wpforms-field wpforms-field-number\" data-field-id=\"4\"><label class=\"wpforms-field-label\" for=\"wpforms-11-field_4\">Telefon<\/label><input type=\"number\" pattern=\"\\d*\" id=\"wpforms-11-field_4\" class=\"wpforms-field-medium\" name=\"wpforms[fields][4]\" placeholder=\"Telefon\" ><\/div><div id=\"wpforms-11-field_3-container\" class=\"wpforms-field wpforms-field-email\" data-field-id=\"3\"><label class=\"wpforms-field-label\" for=\"wpforms-11-field_3\">E-post <span class=\"wpforms-required-label\">*<\/span><\/label><input type=\"email\" id=\"wpforms-11-field_3\" class=\"wpforms-field-medium wpforms-field-required\" name=\"wpforms[fields][3]\" placeholder=\"E-post\" spellcheck=\"false\" required><\/div><div id=\"wpforms-11-field_2-container\" class=\"wpforms-field wpforms-field-textarea\" data-field-id=\"2\"><label class=\"wpforms-field-label\" for=\"wpforms-11-field_2\">S\u00f5num<\/label><textarea id=\"wpforms-11-field_2\" class=\"wpforms-field-large\" name=\"wpforms[fields][2]\" ><\/textarea><\/div><\/div><!-- .wpforms-field-container --><input type=\"hidden\" name=\"wpforms[recaptcha]\" value=\"\"><div class=\"wpforms-submit-container\" ><input type=\"hidden\" name=\"wpforms[id]\" value=\"11\"><input type=\"hidden\" name=\"wpforms[author]\" value=\"4\"><button type=\"submit\" name=\"wpforms[submit]\" id=\"wpforms-submit-11\" class=\"wpforms-submit\" data-alt-text=\"Submitting\" data-submit-text=\"Submit\" aria-live=\"assertive\" value=\"wpforms-submit\">Esita<\/button><img loading=\"lazy\" decoding=\"async\" src=\"https:\/\/www.qualitester.com\/wp-content\/plugins\/wpforms-lite\/assets\/images\/submit-spin.svg\" class=\"wpforms-submit-spinner\" style=\"display: none;\" width=\"26\" height=\"26\" alt=\"Laadimine\"><\/div><input type=\"hidden\" name=\"trp-form-language\" value=\"et\"\/><\/form><\/div>  <!-- .wpforms-container -->\t\t<\/div>\n\t\t\t\t<\/div>\n\t\t\t\t\t<\/div>\n\t\t\t\t<\/div>\n\t\t\t\t<\/div>","protected":false},"excerpt":{"rendered":"<p>Geeli tugevust v\u00f5ib m\u00e4\u00e4ratleda kui kolloiddispersiooni v\u00f5imet arendada ja s\u00e4ilitada geelivormi, mis p\u00f5hineb selle nihketakistusel.<\/p>","protected":false},"featured_media":3039,"comment_status":"closed","ping_status":"closed","template":"","meta":{"site-sidebar-layout":"default","site-content-layout":"default","ast-global-header-display":"","ast-main-header-display":"","ast-hfb-above-header-display":"","ast-hfb-below-header-display":"","ast-hfb-mobile-header-display":"","site-post-title":"disabled","ast-breadcrumbs-content":"","ast-featured-img":"disabled","footer-sml-layout":"","theme-transparent-header-meta":"default","adv-header-id-meta":"","stick-header-meta":"","header-above-stick-meta":"","header-main-stick-meta":"","header-below-stick-meta":""},"product_cat":[682,99,150],"product_tag":[147,507,148,471,830,832,831,22],"class_list":{"0":"post-3055","1":"product","2":"type-product","3":"status-publish","4":"has-post-thumbnail","6":"product_cat-protrusion-tester","7":"product_cat-astm","8":"product_cat-other-testers","9":"product_tag-gel","10":"product_tag-gel-mechanical-properties","11":"product_tag-gel-strength","12":"product_tag-hydrogel-strength","13":"product_tag-industrial-glue-strength-test","14":"product_tag-jelly-gel-strength","15":"product_tag-jelly-puncture-resistance","16":"product_tag-pressure","17":"desktop-align-left","18":"tablet-align-left","19":"mobile-align-left","21":"first","22":"instock","23":"shipping-taxable","24":"product-type-simple"},"_links":{"self":[{"href":"https:\/\/www.qualitester.com\/et\/wp-json\/wp\/v2\/product\/3055","targetHints":{"allow":["GET"]}}],"collection":[{"href":"https:\/\/www.qualitester.com\/et\/wp-json\/wp\/v2\/product"}],"about":[{"href":"https:\/\/www.qualitester.com\/et\/wp-json\/wp\/v2\/types\/product"}],"replies":[{"embeddable":true,"href":"https:\/\/www.qualitester.com\/et\/wp-json\/wp\/v2\/comments?post=3055"}],"version-history":[{"count":0,"href":"https:\/\/www.qualitester.com\/et\/wp-json\/wp\/v2\/product\/3055\/revisions"}],"wp:featuredmedia":[{"embeddable":true,"href":"https:\/\/www.qualitester.com\/et\/wp-json\/wp\/v2\/media\/3039"}],"wp:attachment":[{"href":"https:\/\/www.qualitester.com\/et\/wp-json\/wp\/v2\/media?parent=3055"}],"wp:term":[{"taxonomy":"product_cat","embeddable":true,"href":"https:\/\/www.qualitester.com\/et\/wp-json\/wp\/v2\/product_cat?post=3055"},{"taxonomy":"product_tag","embeddable":true,"href":"https:\/\/www.qualitester.com\/et\/wp-json\/wp\/v2\/product_tag?post=3055"}],"curies":[{"name":"wp","href":"https:\/\/api.w.org\/{rel}","templated":true}]}}