{"id":3018,"date":"2023-08-01T14:09:18","date_gmt":"2023-08-01T06:09:18","guid":{"rendered":"https:\/\/www.qualitester.com\/?post_type=product&#038;p=3018"},"modified":"2024-12-04T16:06:05","modified_gmt":"2024-12-04T08:06:05","slug":"manufacturer-positive-pressure-leak-tester-of-vacuum-storage-bags","status":"publish","type":"product","link":"https:\/\/www.qualitester.com\/et\/toode\/manufacturer-positive-pressure-leak-tester-of-vacuum-storage-bags\/","title":{"rendered":"Manufacturer Positive Pressure Leak Tester of Vacuum Storage Bags"},"content":{"rendered":"<div data-elementor-type=\"wp-post\" data-elementor-id=\"3018\" class=\"elementor elementor-3018\" data-elementor-post-type=\"product\">\n\t\t\t\t<div class=\"elementor-element elementor-element-53b9189 e-flex e-con-boxed e-con e-parent\" data-id=\"53b9189\" data-element_type=\"container\">\n\t\t\t\t\t<div class=\"e-con-inner\">\n\t\t<div class=\"elementor-element elementor-element-babf4b2 e-con-full e-flex e-con e-parent\" data-id=\"babf4b2\" data-element_type=\"container\">\n\t\t\t\t<div class=\"elementor-element elementor-element-808566d elementor-widget elementor-widget-image\" data-id=\"808566d\" data-element_type=\"widget\" data-widget_type=\"image.default\">\n\t\t\t\t<div class=\"elementor-widget-container\">\n\t\t\t\t\t\t\t\t\t\t\t\t\t<img fetchpriority=\"high\" decoding=\"async\" width=\"750\" height=\"750\" src=\"https:\/\/www.qualitester.com\/wp-content\/uploads\/2023\/04\/Leak-and-Seal-Strength-Tester.jpg\" class=\"attachment-large size-large wp-image-1718\" alt=\"\" srcset=\"https:\/\/www.qualitester.com\/wp-content\/uploads\/2023\/04\/Leak-and-Seal-Strength-Tester.jpg 750w, https:\/\/www.qualitester.com\/wp-content\/uploads\/2023\/04\/Leak-and-Seal-Strength-Tester-300x300.jpg 300w, https:\/\/www.qualitester.com\/wp-content\/uploads\/2023\/04\/Leak-and-Seal-Strength-Tester-150x150.jpg 150w, https:\/\/www.qualitester.com\/wp-content\/uploads\/2023\/04\/Leak-and-Seal-Strength-Tester-600x600.jpg 600w, https:\/\/www.qualitester.com\/wp-content\/uploads\/2023\/04\/Leak-and-Seal-Strength-Tester-100x100.jpg 100w\" sizes=\"(max-width: 750px) 100vw, 750px\" \/>\t\t\t\t\t\t\t\t\t\t\t\t\t<\/div>\n\t\t\t\t<\/div>\n\t\t\t\t<\/div>\n\t\t<div class=\"elementor-element elementor-element-6563451 e-con-full e-flex e-con e-parent\" data-id=\"6563451\" data-element_type=\"container\">\n\t\t\t\t<div class=\"elementor-element elementor-element-72ae959 elementor-widget elementor-widget-text-editor\" data-id=\"72ae959\" data-element_type=\"widget\" data-widget_type=\"text-editor.default\">\n\t\t\t\t<div class=\"elementor-widget-container\">\n\t\t\t\t\t\t\t<h6><strong>Taotlus<\/strong><\/h6><p><em>Terviklikkuse kontrollimine aitab tagada, et proov tagab n\u00f5utava tootekaitse. S\u00e4\u00e4stvaid pakendamisalternatiive, odavamaid pakendeid ja tootmisliini tihendamisparameetrite variatsioone hinnatakse sageli tihendi terviklikkuse testidega. Pakendi plommide usaldusv\u00e4\u00e4rsuse s\u00e4ilitamine on toote kvaliteedi ja ohutuse seisukohalt kriitilise t\u00e4htsusega.<\/em><\/p><h6><strong>Katsemeetod<\/strong><\/h6><p><em>R\u00f5hu lagunemine on \u00fcks k\u00f5ige laialdasemalt kasutatavatest lekkekontrolli meetoditest. Sellega m\u00f5\u00f5detakse r\u00f5hu langust proovi sisemuses. Proov survestatakse k\u00f5igepealt sihttasemeni ja seej\u00e4rel l\u00f5igatakse \u00f5huallikas \u00e4ra. Seej\u00e4rel tuvastatakse r\u00f5hk ja r\u00f5hu langus n\u00e4itab lekke olemasolu. Proovi toimivust saab anal\u00fc\u00fcsida kolmel viisil, milleks on l\u00f5hkekatse, hiilimiskatse ja hiilimiskatse kuni purunemiseni.<\/em><\/p>\t\t\t\t\t\t<\/div>\n\t\t\t\t<\/div>\n\t\t\t\t<\/div>\n\t\t\t\t\t<\/div>\n\t\t\t\t<\/div>\n\t\t<div class=\"elementor-element elementor-element-ea768c6 e-flex e-con-boxed e-con e-parent\" data-id=\"ea768c6\" data-element_type=\"container\">\n\t\t\t\t\t<div class=\"e-con-inner\">\n\t\t<div class=\"elementor-element elementor-element-8194a01 e-con-full e-flex e-con e-parent\" data-id=\"8194a01\" data-element_type=\"container\">\n\t\t\t\t<div class=\"elementor-element elementor-element-b433e1e elementor-widget elementor-widget-image\" data-id=\"b433e1e\" data-element_type=\"widget\" data-widget_type=\"image.default\">\n\t\t\t\t<div class=\"elementor-widget-container\">\n\t\t\t\t\t\t\t\t\t\t\t\t\t<img decoding=\"async\" width=\"750\" height=\"750\" src=\"https:\/\/www.qualitester.com\/wp-content\/uploads\/2023\/04\/LSST-01-Leak-and-Seal-Strength-Tester.jpg\" class=\"attachment-large size-large wp-image-1719\" alt=\"\" srcset=\"https:\/\/www.qualitester.com\/wp-content\/uploads\/2023\/04\/LSST-01-Leak-and-Seal-Strength-Tester.jpg 750w, https:\/\/www.qualitester.com\/wp-content\/uploads\/2023\/04\/LSST-01-Leak-and-Seal-Strength-Tester-300x300.jpg 300w, https:\/\/www.qualitester.com\/wp-content\/uploads\/2023\/04\/LSST-01-Leak-and-Seal-Strength-Tester-150x150.jpg 150w, https:\/\/www.qualitester.com\/wp-content\/uploads\/2023\/04\/LSST-01-Leak-and-Seal-Strength-Tester-600x600.jpg 600w, https:\/\/www.qualitester.com\/wp-content\/uploads\/2023\/04\/LSST-01-Leak-and-Seal-Strength-Tester-100x100.jpg 100w\" sizes=\"(max-width: 750px) 100vw, 750px\" \/>\t\t\t\t\t\t\t\t\t\t\t\t\t<\/div>\n\t\t\t\t<\/div>\n\t\t\t\t<\/div>\n\t\t<div class=\"elementor-element elementor-element-e4da271 e-con-full e-flex e-con e-parent\" data-id=\"e4da271\" data-element_type=\"container\">\n\t\t\t\t<div class=\"elementor-element elementor-element-88c7448 elementor-widget elementor-widget-text-editor\" data-id=\"88c7448\" data-element_type=\"widget\" data-widget_type=\"text-editor.default\">\n\t\t\t\t<div class=\"elementor-widget-container\">\n\t\t\t\t\t\t\t<h6><strong>Tehnilised omadused<\/strong><\/h6><ul><li>PLC-juhitav seade (t\u00f6\u00f6stuslikul tasemel stabiilne) ja HMI puuteekraaniga juhitav.<\/li><li>Tester on v\u00f5imeline teostama kolme katsere\u017eiimi: l\u00f5hkemine, roomamine ja roomamine kuni l\u00e4bikukkumiseni.<\/li><li>Testitulemuste automaatne statistika ja salvestamine.<\/li><li>Tundlikkus ja l\u00e4vi isikup\u00e4rastatud seadistus.<\/li><li>Saab paigaldada kinnitusplaadid.<\/li><li>Programmi kohandamine on v\u00f5imalik.<\/li><li>Standardne r\u00f5hk kuni 600KPa (87 psi) ja seda saab kohandada vastavalt kasutaja n\u00f5udmistele.<\/li><li>\u00dchildub muude kinnitusvahendite vormidega, et h\u00f5lbustada pakendivormi teste, nagu avatud pakend (kolmepoolne pitser), suletud pakend, doy-pakend, toru, suletud salv ja tass jne.<\/li><\/ul>\t\t\t\t\t\t<\/div>\n\t\t\t\t<\/div>\n\t\t\t\t<\/div>\n\t\t\t\t\t<\/div>\n\t\t\t\t<\/div>\n\t\t<div class=\"elementor-element elementor-element-4a2e865 e-flex e-con-boxed e-con e-parent\" data-id=\"4a2e865\" data-element_type=\"container\">\n\t\t\t\t\t<div class=\"e-con-inner\">\n\t\t<div class=\"elementor-element elementor-element-6a65618 e-con-full e-flex e-con e-parent\" data-id=\"6a65618\" data-element_type=\"container\">\n\t\t\t\t<div class=\"elementor-element elementor-element-c5a4412 elementor-widget elementor-widget-image\" data-id=\"c5a4412\" data-element_type=\"widget\" data-widget_type=\"image.default\">\n\t\t\t\t<div class=\"elementor-widget-container\">\n\t\t\t\t\t\t\t\t\t\t\t\t\t<img decoding=\"async\" width=\"750\" height=\"750\" src=\"https:\/\/www.qualitester.com\/wp-content\/uploads\/2023\/04\/Leak-and-Seal-Strength-Tester-LSST-01-1.jpg\" class=\"attachment-large size-large wp-image-1717\" alt=\"\" srcset=\"https:\/\/www.qualitester.com\/wp-content\/uploads\/2023\/04\/Leak-and-Seal-Strength-Tester-LSST-01-1.jpg 750w, https:\/\/www.qualitester.com\/wp-content\/uploads\/2023\/04\/Leak-and-Seal-Strength-Tester-LSST-01-1-300x300.jpg 300w, https:\/\/www.qualitester.com\/wp-content\/uploads\/2023\/04\/Leak-and-Seal-Strength-Tester-LSST-01-1-150x150.jpg 150w, https:\/\/www.qualitester.com\/wp-content\/uploads\/2023\/04\/Leak-and-Seal-Strength-Tester-LSST-01-1-600x600.jpg 600w, https:\/\/www.qualitester.com\/wp-content\/uploads\/2023\/04\/Leak-and-Seal-Strength-Tester-LSST-01-1-100x100.jpg 100w\" sizes=\"(max-width: 750px) 100vw, 750px\" \/>\t\t\t\t\t\t\t\t\t\t\t\t\t<\/div>\n\t\t\t\t<\/div>\n\t\t\t\t<\/div>\n\t\t<div class=\"elementor-element elementor-element-edfb459 e-con-full e-flex e-con e-parent\" data-id=\"edfb459\" data-element_type=\"container\">\n\t\t\t\t<div class=\"elementor-element elementor-element-5946c3b elementor-widget elementor-widget-text-editor\" data-id=\"5946c3b\" data-element_type=\"widget\" data-widget_type=\"text-editor.default\">\n\t\t\t\t<div class=\"elementor-widget-container\">\n\t\t\t\t\t\t\t<h6><strong>Peamised parameetrid<\/strong><\/h6><p><em>Katsepiirkond 0~-600KPa<\/em><\/p><p><em>Proovi laius 300mm (standard)<\/em><\/p><p><em>T\u00e4ispuhutav pea \u03a64mm<\/em><\/p><p><em>Suru\u00f5hk 0,4 ~ 0,7MPa ( kasutaja poolt ettevalmistatud)<\/em><\/p><p><em>V\u00f5imsus 110~220V 50\/60Hz<\/em><\/p>\t\t\t\t\t\t<\/div>\n\t\t\t\t<\/div>\n\t\t\t\t<\/div>\n\t\t\t\t\t<\/div>\n\t\t\t\t<\/div>\n\t\t<div class=\"elementor-element elementor-element-0c8e8fc e-flex e-con-boxed e-con e-parent\" data-id=\"0c8e8fc\" data-element_type=\"container\">\n\t\t\t\t\t<div class=\"e-con-inner\">\n\t\t\t\t<div class=\"elementor-element elementor-element-2473ce3 elementor-widget elementor-widget-wpforms\" data-id=\"2473ce3\" data-element_type=\"widget\" data-widget_type=\"wpforms.default\">\n\t\t\t\t<div class=\"elementor-widget-container\">\n\t\t\t<div class=\"wpforms-container\" id=\"wpforms-11\"><form id=\"wpforms-form-11\" class=\"wpforms-validate wpforms-form wpforms-ajax-form\" data-formid=\"11\" method=\"post\" enctype=\"multipart\/form-data\" action=\"\/et\/wp-json\/wp\/v2\/product\/3018\" data-token=\"9d24770f1d10a347f14497a8d468f002\" data-trp-original-action=\"\/et\/wp-json\/wp\/v2\/product\/3018\"><noscript class=\"wpforms-error-noscript\">Palun lubage oma brauseris JavaScript, et t\u00e4ita see vorm.<\/noscript><div class=\"wpforms-field-container\"><div id=\"wpforms-11-field_1-container\" class=\"wpforms-field wpforms-field-text\" data-field-id=\"1\"><label class=\"wpforms-field-label\" for=\"wpforms-11-field_1\">Nimi <span class=\"wpforms-required-label\">*<\/span><\/label><input type=\"text\" id=\"wpforms-11-field_1\" class=\"wpforms-field-medium wpforms-field-required\" name=\"wpforms[fields][1]\" placeholder=\"Nimi\" required><\/div><div id=\"wpforms-11-field_5-container\" class=\"wpforms-field wpforms-field-text\" data-field-id=\"5\"><label class=\"wpforms-field-label\" for=\"wpforms-11-field_5\">Ettev\u00f5te<\/label><input type=\"text\" id=\"wpforms-11-field_5\" class=\"wpforms-field-medium\" name=\"wpforms[fields][5]\" ><\/div><div id=\"wpforms-11-field_4-container\" class=\"wpforms-field wpforms-field-number\" data-field-id=\"4\"><label class=\"wpforms-field-label\" for=\"wpforms-11-field_4\">Telefon<\/label><input type=\"number\" pattern=\"\\d*\" id=\"wpforms-11-field_4\" class=\"wpforms-field-medium\" name=\"wpforms[fields][4]\" placeholder=\"Telefon\" ><\/div><div id=\"wpforms-11-field_3-container\" class=\"wpforms-field wpforms-field-email\" data-field-id=\"3\"><label class=\"wpforms-field-label\" for=\"wpforms-11-field_3\">E-post <span class=\"wpforms-required-label\">*<\/span><\/label><input type=\"email\" id=\"wpforms-11-field_3\" class=\"wpforms-field-medium wpforms-field-required\" name=\"wpforms[fields][3]\" placeholder=\"E-post\" spellcheck=\"false\" required><\/div><div id=\"wpforms-11-field_2-container\" class=\"wpforms-field wpforms-field-textarea\" data-field-id=\"2\"><label class=\"wpforms-field-label\" for=\"wpforms-11-field_2\">S\u00f5num<\/label><textarea id=\"wpforms-11-field_2\" class=\"wpforms-field-large\" name=\"wpforms[fields][2]\" ><\/textarea><\/div><\/div><!-- .wpforms-field-container --><input type=\"hidden\" name=\"wpforms[recaptcha]\" value=\"\"><div class=\"wpforms-submit-container\" ><input type=\"hidden\" name=\"wpforms[id]\" value=\"11\"><input type=\"hidden\" name=\"wpforms[author]\" value=\"4\"><button type=\"submit\" name=\"wpforms[submit]\" id=\"wpforms-submit-11\" class=\"wpforms-submit\" data-alt-text=\"Submitting\" data-submit-text=\"Submit\" aria-live=\"assertive\" value=\"wpforms-submit\">Esita<\/button><img loading=\"lazy\" decoding=\"async\" src=\"https:\/\/www.qualitester.com\/wp-content\/plugins\/wpforms-lite\/assets\/images\/submit-spin.svg\" class=\"wpforms-submit-spinner\" style=\"display: none;\" width=\"26\" height=\"26\" alt=\"Laadimine\"><\/div><input type=\"hidden\" name=\"trp-form-language\" value=\"et\"\/><\/form><\/div>  <!-- .wpforms-container -->\t\t<\/div>\n\t\t\t\t<\/div>\n\t\t\t\t\t<\/div>\n\t\t\t\t<\/div>\n\t\t\t\t<\/div>","protected":false},"excerpt":{"rendered":"<p>Testing the integrity helps ensure that the sample provides required product protection.<\/p>","protected":false},"featured_media":1717,"comment_status":"closed","ping_status":"closed","template":"","meta":{"site-sidebar-layout":"default","site-content-layout":"default","ast-global-header-display":"","ast-main-header-display":"","ast-hfb-above-header-display":"","ast-hfb-below-header-display":"","ast-hfb-mobile-header-display":"","site-post-title":"disabled","ast-breadcrumbs-content":"","ast-featured-img":"disabled","footer-sml-layout":"","theme-transparent-header-meta":"default","adv-header-id-meta":"","stick-header-meta":"","header-above-stick-meta":"","header-main-stick-meta":"","header-below-stick-meta":""},"product_cat":[17,149,16,99,108,109,100,156,95],"product_tag":[549,40,552,553,572,473,177,817],"class_list":{"0":"post-3018","1":"product","2":"type-product","3":"status-publish","4":"has-post-thumbnail","6":"product_cat-package-container-testers","7":"product_cat-pharma-and-medical-testers","8":"product_cat-plastic-packaging-testers","9":"product_cat-astm","10":"product_cat-astm-f1140","11":"product_cat-astm-f2054","12":"product_cat-iso","13":"product_cat-iso-11607","14":"product_cat-products","15":"product_tag-astm-f1140","16":"product_tag-astm-f2054","17":"product_tag-iso-11607","18":"product_tag-leak-testing","19":"product_tag-packaging-sealing-performance","20":"product_tag-positive-pressure-method","21":"product_tag-seal-strength","22":"product_tag-vacuum-storage-bags-strength","23":"desktop-align-left","24":"tablet-align-left","25":"mobile-align-left","27":"first","28":"instock","29":"shipping-taxable","30":"product-type-simple"},"_links":{"self":[{"href":"https:\/\/www.qualitester.com\/et\/wp-json\/wp\/v2\/product\/3018","targetHints":{"allow":["GET"]}}],"collection":[{"href":"https:\/\/www.qualitester.com\/et\/wp-json\/wp\/v2\/product"}],"about":[{"href":"https:\/\/www.qualitester.com\/et\/wp-json\/wp\/v2\/types\/product"}],"replies":[{"embeddable":true,"href":"https:\/\/www.qualitester.com\/et\/wp-json\/wp\/v2\/comments?post=3018"}],"version-history":[{"count":0,"href":"https:\/\/www.qualitester.com\/et\/wp-json\/wp\/v2\/product\/3018\/revisions"}],"wp:featuredmedia":[{"embeddable":true,"href":"https:\/\/www.qualitester.com\/et\/wp-json\/wp\/v2\/media\/1717"}],"wp:attachment":[{"href":"https:\/\/www.qualitester.com\/et\/wp-json\/wp\/v2\/media?parent=3018"}],"wp:term":[{"taxonomy":"product_cat","embeddable":true,"href":"https:\/\/www.qualitester.com\/et\/wp-json\/wp\/v2\/product_cat?post=3018"},{"taxonomy":"product_tag","embeddable":true,"href":"https:\/\/www.qualitester.com\/et\/wp-json\/wp\/v2\/product_tag?post=3018"}],"curies":[{"name":"wp","href":"https:\/\/api.w.org\/{rel}","templated":true}]}}