{"id":2942,"date":"2023-07-24T10:49:11","date_gmt":"2023-07-24T02:49:11","guid":{"rendered":"https:\/\/www.qualitester.com\/?post_type=product&#038;p=2942"},"modified":"2024-12-04T14:14:45","modified_gmt":"2024-12-04T06:14:45","slug":"how-to-test-the-pharmaceutical-packaging-sealing-strength","status":"publish","type":"product","link":"https:\/\/www.qualitester.com\/et\/toode\/how-to-test-the-pharmaceutical-packaging-sealing-strength\/","title":{"rendered":"Kuidas testida ravimipakendi tihendustugevust?"},"content":{"rendered":"<div data-elementor-type=\"wp-post\" data-elementor-id=\"2942\" class=\"elementor elementor-2942\" data-elementor-post-type=\"product\">\n\t\t\t\t<div class=\"elementor-element elementor-element-25d0ee8 e-flex e-con-boxed e-con e-parent\" data-id=\"25d0ee8\" data-element_type=\"container\">\n\t\t\t\t\t<div class=\"e-con-inner\">\n\t\t<div class=\"elementor-element elementor-element-4bd5d70 e-con-full e-flex e-con e-parent\" data-id=\"4bd5d70\" data-element_type=\"container\">\n\t\t\t\t<div class=\"elementor-element elementor-element-53701e7 elementor-widget elementor-widget-image\" data-id=\"53701e7\" data-element_type=\"widget\" data-widget_type=\"image.default\">\n\t\t\t\t<div class=\"elementor-widget-container\">\n\t\t\t\t\t\t\t\t\t\t\t\t\t<img fetchpriority=\"high\" decoding=\"async\" width=\"750\" height=\"750\" src=\"https:\/\/www.qualitester.com\/wp-content\/uploads\/2023\/04\/Lt-01leak-tester.jpg\" class=\"attachment-large size-large wp-image-1725\" alt=\"\" srcset=\"https:\/\/www.qualitester.com\/wp-content\/uploads\/2023\/04\/Lt-01leak-tester.jpg 750w, https:\/\/www.qualitester.com\/wp-content\/uploads\/2023\/04\/Lt-01leak-tester-300x300.jpg 300w, https:\/\/www.qualitester.com\/wp-content\/uploads\/2023\/04\/Lt-01leak-tester-150x150.jpg 150w, https:\/\/www.qualitester.com\/wp-content\/uploads\/2023\/04\/Lt-01leak-tester-600x600.jpg 600w, https:\/\/www.qualitester.com\/wp-content\/uploads\/2023\/04\/Lt-01leak-tester-100x100.jpg 100w\" sizes=\"(max-width: 750px) 100vw, 750px\" \/>\t\t\t\t\t\t\t\t\t\t\t\t\t<\/div>\n\t\t\t\t<\/div>\n\t\t\t\t<\/div>\n\t\t<div class=\"elementor-element elementor-element-7035dc3 e-con-full e-flex e-con e-parent\" data-id=\"7035dc3\" data-element_type=\"container\">\n\t\t\t\t<div class=\"elementor-element elementor-element-6a55305 elementor-widget elementor-widget-text-editor\" data-id=\"6a55305\" data-element_type=\"widget\" data-widget_type=\"text-editor.default\">\n\t\t\t\t<div class=\"elementor-widget-container\">\n\t\t\t\t\t\t\t<h6><strong>Taotlus<\/strong><\/h6><p><em>Pakendi plommide terviklikkuse kontrollimine aitab tagada, et pakend pakub n\u00f5utavat tootekaitset. S\u00e4\u00e4stvaid pakendamisalternatiive, odavamaid pakendeid ja tootmisliini pitseerimisparameetrite erinevusi hinnatakse sageli pitsatite terviklikkuse testidega. Pakendi pitserite usaldusv\u00e4\u00e4rsuse s\u00e4ilitamine on toote kvaliteedi ja ohutuse seisukohalt kriitilise t\u00e4htsusega.<\/em> <\/p><h6><strong>Katse kirjeldus<\/strong><\/h6><p><em>Proov asetatakse veega t\u00e4idetud kambrisse. Seej\u00e4rel kaetakse kamber kaanega ja need suletakse h\u00e4sti. Gaasil\u00fcliti avatakse k\u00e4sitsi, nii et suru\u00f5hk voolab l\u00e4bi venturitoru, et tagada vaakumi sisselaskeava, mis on \u00fchendatud kambriga. Gaasiregulaatoriga saab reguleerida vaakumiastet nii, et proov oleks vaakumkeskkonnas. R\u00f5hkude erinevus proovi sees ja v\u00e4ljaspool p\u00f5hjustab lekke korral gaaside v\u00e4ljap\u00e4\u00e4su. Lekk ilmneb lekkekohast v\u00e4ljuvate mullide vooguna.<\/em><\/p><p>\u00a0<\/p>\t\t\t\t\t\t<\/div>\n\t\t\t\t<\/div>\n\t\t\t\t<\/div>\n\t\t\t\t\t<\/div>\n\t\t\t\t<\/div>\n\t\t<div class=\"elementor-element elementor-element-2541963 e-flex e-con-boxed e-con e-parent\" data-id=\"2541963\" data-element_type=\"container\">\n\t\t\t\t\t<div class=\"e-con-inner\">\n\t\t<div class=\"elementor-element elementor-element-02de2ca e-con-full e-flex e-con e-parent\" data-id=\"02de2ca\" data-element_type=\"container\">\n\t\t\t\t<div class=\"elementor-element elementor-element-c61b18b elementor-widget elementor-widget-image\" data-id=\"c61b18b\" data-element_type=\"widget\" data-widget_type=\"image.default\">\n\t\t\t\t<div class=\"elementor-widget-container\">\n\t\t\t\t\t\t\t\t\t\t\t\t\t<img fetchpriority=\"high\" decoding=\"async\" width=\"750\" height=\"750\" src=\"https:\/\/www.qualitester.com\/wp-content\/uploads\/2023\/04\/Lt-01leak-tester.jpg\" class=\"attachment-large size-large wp-image-1725\" alt=\"\" srcset=\"https:\/\/www.qualitester.com\/wp-content\/uploads\/2023\/04\/Lt-01leak-tester.jpg 750w, https:\/\/www.qualitester.com\/wp-content\/uploads\/2023\/04\/Lt-01leak-tester-300x300.jpg 300w, https:\/\/www.qualitester.com\/wp-content\/uploads\/2023\/04\/Lt-01leak-tester-150x150.jpg 150w, https:\/\/www.qualitester.com\/wp-content\/uploads\/2023\/04\/Lt-01leak-tester-600x600.jpg 600w, https:\/\/www.qualitester.com\/wp-content\/uploads\/2023\/04\/Lt-01leak-tester-100x100.jpg 100w\" sizes=\"(max-width: 750px) 100vw, 750px\" \/>\t\t\t\t\t\t\t\t\t\t\t\t\t<\/div>\n\t\t\t\t<\/div>\n\t\t\t\t<\/div>\n\t\t<div class=\"elementor-element elementor-element-9480376 e-con-full e-flex e-con e-parent\" data-id=\"9480376\" data-element_type=\"container\">\n\t\t\t\t<div class=\"elementor-element elementor-element-06bf7f8 elementor-widget elementor-widget-text-editor\" data-id=\"06bf7f8\" data-element_type=\"widget\" data-widget_type=\"text-editor.default\">\n\t\t\t\t<div class=\"elementor-widget-container\">\n\t\t\t\t\t\t\t<h6><strong>Tehnilised omadused<\/strong><\/h6><p><em>LT-01 lekkekatseja on v\u00e4lja t\u00f6\u00f6tatud manuaalne mudel. See on \u00f6konoomne, tugev ja kauakestev mudel.<\/em><\/p><ul><li><em>Stabiilse vaakumi saavutamiseks ja arvestades asjaolu, et suru\u00f5hku on lihtsam saada kasutaja juures, kasutame Venturi toru, et saavutada k\u00f5rge vaakum kuni -90KPa.<\/em><\/li><li><em>Tugev ja selge kamber, mis on sama t\u00fc\u00fcpi kui meie automaatsed mudelid; erinevaid suurusi ja kujundeid saab kohandada.<\/em><\/li><li><em>Seda saab muuta nii, et see t\u00f6\u00f6taks koos vaakumpumbaga, et saavutada suurem vaakum (ASTM D4991 jaoks).<\/em><\/li><li><em>Kalibreerimine ei ole vajalik<\/em><\/li><li><em>Elektrit ei ole vaja<\/em><\/li><\/ul>\t\t\t\t\t\t<\/div>\n\t\t\t\t<\/div>\n\t\t\t\t<\/div>\n\t\t\t\t\t<\/div>\n\t\t\t\t<\/div>\n\t\t<div class=\"elementor-element elementor-element-fedbb4d e-flex e-con-boxed e-con e-parent\" data-id=\"fedbb4d\" data-element_type=\"container\">\n\t\t\t\t\t<div class=\"e-con-inner\">\n\t\t<div class=\"elementor-element elementor-element-ca5f134 e-con-full e-flex e-con e-parent\" data-id=\"ca5f134\" data-element_type=\"container\">\n\t\t\t\t<div class=\"elementor-element elementor-element-6cbc3b4 elementor-widget elementor-widget-image\" data-id=\"6cbc3b4\" data-element_type=\"widget\" data-widget_type=\"image.default\">\n\t\t\t\t<div class=\"elementor-widget-container\">\n\t\t\t\t\t\t\t\t\t\t\t\t\t<img decoding=\"async\" width=\"750\" height=\"750\" src=\"https:\/\/www.qualitester.com\/wp-content\/uploads\/2023\/04\/leak-tester-lt-01.jpg\" class=\"attachment-large size-large wp-image-1724\" alt=\"\" srcset=\"https:\/\/www.qualitester.com\/wp-content\/uploads\/2023\/04\/leak-tester-lt-01.jpg 750w, https:\/\/www.qualitester.com\/wp-content\/uploads\/2023\/04\/leak-tester-lt-01-300x300.jpg 300w, https:\/\/www.qualitester.com\/wp-content\/uploads\/2023\/04\/leak-tester-lt-01-150x150.jpg 150w, https:\/\/www.qualitester.com\/wp-content\/uploads\/2023\/04\/leak-tester-lt-01-600x600.jpg 600w, https:\/\/www.qualitester.com\/wp-content\/uploads\/2023\/04\/leak-tester-lt-01-100x100.jpg 100w, https:\/\/www.qualitester.com\/wp-content\/uploads\/2023\/04\/elementor\/thumbs\/leak-tester-lt-01-q5kh93o7opoiwnp999u5sbqq9138j2l84521ndx6xy.jpg 375w\" sizes=\"(max-width: 750px) 100vw, 750px\" \/>\t\t\t\t\t\t\t\t\t\t\t\t\t<\/div>\n\t\t\t\t<\/div>\n\t\t\t\t<\/div>\n\t\t<div class=\"elementor-element elementor-element-328b260 e-con-full e-flex e-con e-parent\" data-id=\"328b260\" data-element_type=\"container\">\n\t\t\t\t<div class=\"elementor-element elementor-element-0e8c403 elementor-widget elementor-widget-text-editor\" data-id=\"0e8c403\" data-element_type=\"widget\" data-widget_type=\"text-editor.default\">\n\t\t\t\t<div class=\"elementor-widget-container\">\n\t\t\t\t\t\t\t<h6><strong>Peamised parameetrid<\/strong><\/h6><p><em>Katsepiirkond 0~-90 KPa<\/em><\/p><p><em>Kamber Akr\u00fc\u00fclist silindrikujuline<\/em><\/p><p><em>Katseruum \u03a6270*H210mm (sisemine kasutatav)<\/em><\/p><p><em>Suru\u00f5hk 0,7MPa (kasutaja poolt ettevalmistatud)<\/em><\/p><p><em>Elektrit ei ole vaja<\/em><\/p>\t\t\t\t\t\t<\/div>\n\t\t\t\t<\/div>\n\t\t\t\t<\/div>\n\t\t\t\t\t<\/div>\n\t\t\t\t<\/div>\n\t\t<div class=\"elementor-element elementor-element-16a35e3 e-flex e-con-boxed e-con e-parent\" data-id=\"16a35e3\" data-element_type=\"container\">\n\t\t\t\t\t<div class=\"e-con-inner\">\n\t\t\t\t<div class=\"elementor-element elementor-element-b9a616f elementor-widget elementor-widget-wpforms\" data-id=\"b9a616f\" data-element_type=\"widget\" data-widget_type=\"wpforms.default\">\n\t\t\t\t<div class=\"elementor-widget-container\">\n\t\t\t<div class=\"wpforms-container\" id=\"wpforms-11\"><form id=\"wpforms-form-11\" class=\"wpforms-validate wpforms-form wpforms-ajax-form\" data-formid=\"11\" method=\"post\" enctype=\"multipart\/form-data\" action=\"\/et\/wp-json\/wp\/v2\/product\/2942\" data-token=\"1ab938a1647585508ea7e63f1e59421c\" data-trp-original-action=\"\/et\/wp-json\/wp\/v2\/product\/2942\"><noscript class=\"wpforms-error-noscript\">Palun lubage oma brauseris JavaScript, et t\u00e4ita see vorm.<\/noscript><div class=\"wpforms-field-container\"><div id=\"wpforms-11-field_1-container\" class=\"wpforms-field wpforms-field-text\" data-field-id=\"1\"><label class=\"wpforms-field-label\" for=\"wpforms-11-field_1\">Nimi <span class=\"wpforms-required-label\">*<\/span><\/label><input type=\"text\" id=\"wpforms-11-field_1\" class=\"wpforms-field-medium wpforms-field-required\" name=\"wpforms[fields][1]\" placeholder=\"Nimi\" required><\/div><div id=\"wpforms-11-field_5-container\" class=\"wpforms-field wpforms-field-text\" data-field-id=\"5\"><label class=\"wpforms-field-label\" for=\"wpforms-11-field_5\">Ettev\u00f5te<\/label><input type=\"text\" id=\"wpforms-11-field_5\" class=\"wpforms-field-medium\" name=\"wpforms[fields][5]\" ><\/div><div id=\"wpforms-11-field_4-container\" class=\"wpforms-field wpforms-field-number\" data-field-id=\"4\"><label class=\"wpforms-field-label\" for=\"wpforms-11-field_4\">Telefon<\/label><input type=\"number\" pattern=\"\\d*\" id=\"wpforms-11-field_4\" class=\"wpforms-field-medium\" name=\"wpforms[fields][4]\" placeholder=\"Telefon\" ><\/div><div id=\"wpforms-11-field_3-container\" class=\"wpforms-field wpforms-field-email\" data-field-id=\"3\"><label class=\"wpforms-field-label\" for=\"wpforms-11-field_3\">E-post <span class=\"wpforms-required-label\">*<\/span><\/label><input type=\"email\" id=\"wpforms-11-field_3\" class=\"wpforms-field-medium wpforms-field-required\" name=\"wpforms[fields][3]\" placeholder=\"E-post\" spellcheck=\"false\" required><\/div><div id=\"wpforms-11-field_2-container\" class=\"wpforms-field wpforms-field-textarea\" data-field-id=\"2\"><label class=\"wpforms-field-label\" for=\"wpforms-11-field_2\">S\u00f5num<\/label><textarea id=\"wpforms-11-field_2\" class=\"wpforms-field-large\" name=\"wpforms[fields][2]\" ><\/textarea><\/div><\/div><!-- .wpforms-field-container --><input type=\"hidden\" name=\"wpforms[recaptcha]\" value=\"\"><div class=\"wpforms-submit-container\" ><input type=\"hidden\" name=\"wpforms[id]\" value=\"11\"><input type=\"hidden\" name=\"wpforms[author]\" value=\"4\"><button type=\"submit\" name=\"wpforms[submit]\" id=\"wpforms-submit-11\" class=\"wpforms-submit\" data-alt-text=\"Submitting\" data-submit-text=\"Submit\" aria-live=\"assertive\" value=\"wpforms-submit\">Esita<\/button><img decoding=\"async\" src=\"https:\/\/www.qualitester.com\/wp-content\/plugins\/wpforms-lite\/assets\/images\/submit-spin.svg\" class=\"wpforms-submit-spinner\" style=\"display: none;\" width=\"26\" height=\"26\" alt=\"Laadimine\"><\/div><input type=\"hidden\" name=\"trp-form-language\" value=\"et\"\/><\/form><\/div>  <!-- .wpforms-container -->\t\t<\/div>\n\t\t\t\t<\/div>\n\t\t\t\t\t<\/div>\n\t\t\t\t<\/div>\n\t\t\t\t<\/div>","protected":false},"excerpt":{"rendered":"<p>Pakendi plommide terviklikkuse kontrollimine aitab tagada, et pakend pakub n\u00f5utavat tootekaitset.<\/p>","protected":false},"featured_media":1732,"comment_status":"closed","ping_status":"closed","template":"","meta":{"site-sidebar-layout":"default","site-content-layout":"default","ast-global-header-display":"","ast-main-header-display":"","ast-hfb-above-header-display":"","ast-hfb-below-header-display":"","ast-hfb-mobile-header-display":"","site-post-title":"disabled","ast-breadcrumbs-content":"","ast-featured-img":"disabled","footer-sml-layout":"","theme-transparent-header-meta":"default","adv-header-id-meta":"","stick-header-meta":"","header-above-stick-meta":"","header-main-stick-meta":"","header-below-stick-meta":""},"product_cat":[674,675,672,17,149,16,99,105,135,95],"product_tag":[357,358,536,424,572,761,177,366],"class_list":{"0":"post-2942","1":"product","2":"type-product","3":"status-publish","4":"has-post-thumbnail","6":"product_cat-test-items","7":"product_cat-leak-tester","8":"product_cat-applied-materials","9":"product_cat-package-container-testers","10":"product_cat-pharma-and-medical-testers","11":"product_cat-plastic-packaging-testers","12":"product_cat-astm","13":"product_cat-astm-d3078","14":"product_cat-astm-d4991","15":"product_cat-products","16":"product_tag-astm-d3078","17":"product_tag-astm-d4991","18":"product_tag-leak-test","19":"product_tag-negative-pressure-detection","20":"product_tag-packaging-sealing-performance","21":"product_tag-pharmaceutical-packaging-sealing-strength","22":"product_tag-seal-strength","23":"product_tag-sealed-packaging","24":"desktop-align-left","25":"tablet-align-left","26":"mobile-align-left","28":"first","29":"instock","30":"shipping-taxable","31":"product-type-simple"},"_links":{"self":[{"href":"https:\/\/www.qualitester.com\/et\/wp-json\/wp\/v2\/product\/2942","targetHints":{"allow":["GET"]}}],"collection":[{"href":"https:\/\/www.qualitester.com\/et\/wp-json\/wp\/v2\/product"}],"about":[{"href":"https:\/\/www.qualitester.com\/et\/wp-json\/wp\/v2\/types\/product"}],"replies":[{"embeddable":true,"href":"https:\/\/www.qualitester.com\/et\/wp-json\/wp\/v2\/comments?post=2942"}],"version-history":[{"count":0,"href":"https:\/\/www.qualitester.com\/et\/wp-json\/wp\/v2\/product\/2942\/revisions"}],"wp:featuredmedia":[{"embeddable":true,"href":"https:\/\/www.qualitester.com\/et\/wp-json\/wp\/v2\/media\/1732"}],"wp:attachment":[{"href":"https:\/\/www.qualitester.com\/et\/wp-json\/wp\/v2\/media?parent=2942"}],"wp:term":[{"taxonomy":"product_cat","embeddable":true,"href":"https:\/\/www.qualitester.com\/et\/wp-json\/wp\/v2\/product_cat?post=2942"},{"taxonomy":"product_tag","embeddable":true,"href":"https:\/\/www.qualitester.com\/et\/wp-json\/wp\/v2\/product_tag?post=2942"}],"curies":[{"name":"wp","href":"https:\/\/api.w.org\/{rel}","templated":true}]}}