{"id":2732,"date":"2023-07-06T14:43:07","date_gmt":"2023-07-06T06:43:07","guid":{"rendered":"https:\/\/www.qualitester.com\/?post_type=product&#038;p=2732"},"modified":"2024-12-04T13:53:54","modified_gmt":"2024-12-04T05:53:54","slug":"fdt-01-pvc-cling-film-dart-drop-impact-testing-machine","status":"publish","type":"product","link":"https:\/\/www.qualitester.com\/et\/toode\/fdt-01-pvc-cling-film-dart-drop-impact-testing-machine\/","title":{"rendered":"FDT-01 PVC Cling Film Dart Drop Impact Testing Machine"},"content":{"rendered":"<div data-elementor-type=\"wp-post\" data-elementor-id=\"2732\" class=\"elementor elementor-2732\" data-elementor-post-type=\"product\">\n\t\t\t\t<div class=\"elementor-element elementor-element-73d6688 e-flex e-con-boxed e-con e-parent\" data-id=\"73d6688\" data-element_type=\"container\">\n\t\t\t\t\t<div class=\"e-con-inner\">\n\t\t<div class=\"elementor-element elementor-element-bf47901 e-con-full e-flex e-con e-parent\" data-id=\"bf47901\" data-element_type=\"container\">\n\t\t\t\t<div class=\"elementor-element elementor-element-c2d7ca3 elementor-widget elementor-widget-image\" data-id=\"c2d7ca3\" data-element_type=\"widget\" data-widget_type=\"image.default\">\n\t\t\t\t<div class=\"elementor-widget-container\">\n\t\t\t\t\t\t\t\t\t\t\t\t\t<img fetchpriority=\"high\" decoding=\"async\" width=\"750\" height=\"750\" src=\"https:\/\/www.qualitester.com\/wp-content\/uploads\/2023\/05\/FDT-01-Falling-Drat-Impact-Tester.jpg\" class=\"attachment-large size-large wp-image-2156\" alt=\"ASTM D1709 kukkuvate kraatide l\u00f6\u00f6gikatsekoda\" srcset=\"https:\/\/www.qualitester.com\/wp-content\/uploads\/2023\/05\/FDT-01-Falling-Drat-Impact-Tester.jpg 750w, https:\/\/www.qualitester.com\/wp-content\/uploads\/2023\/05\/FDT-01-Falling-Drat-Impact-Tester-300x300.jpg 300w, https:\/\/www.qualitester.com\/wp-content\/uploads\/2023\/05\/FDT-01-Falling-Drat-Impact-Tester-150x150.jpg 150w, https:\/\/www.qualitester.com\/wp-content\/uploads\/2023\/05\/FDT-01-Falling-Drat-Impact-Tester-600x600.jpg 600w, https:\/\/www.qualitester.com\/wp-content\/uploads\/2023\/05\/FDT-01-Falling-Drat-Impact-Tester-100x100.jpg 100w\" sizes=\"(max-width: 750px) 100vw, 750px\" \/>\t\t\t\t\t\t\t\t\t\t\t\t\t<\/div>\n\t\t\t\t<\/div>\n\t\t\t\t<\/div>\n\t\t<div class=\"elementor-element elementor-element-4c132f3 e-con-full e-flex e-con e-parent\" data-id=\"4c132f3\" data-element_type=\"container\">\n\t\t\t\t<div class=\"elementor-element elementor-element-4604a40 elementor-widget elementor-widget-text-editor\" data-id=\"4604a40\" data-element_type=\"widget\" data-widget_type=\"text-editor.default\">\n\t\t\t\t<div class=\"elementor-widget-container\">\n\t\t\t\t\t\t\t<p><strong>Taustaks<\/strong><\/p><p>L\u00f6\u00f6gitugevus on \u00fcks oluline plastkile kvaliteedi n\u00e4itaja, mis v\u00f5ib m\u00f5jutada hinda ja kalduvust veo ajal viga saada. Langeva noole l\u00f6\u00f6gikatse on traditsiooniline meetod, mille abil m\u00e4\u00e4ratakse kindlaks energia, mis p\u00f5hjustab kile l\u00e4bikukkumist vabalt langeva noole kokkup\u00f5rke kindlaksm\u00e4\u00e4ratud tingimustel.<\/p><p><strong>Taotlus<\/strong><\/p><p>FDT-01 langeva torkekeha l\u00f6\u00f6gitestrit kasutatakse alla 1 mm paksusega plastkilede, lehtede ja komposiitkilede, fooliumide ja paberi vastupidavuse m\u00f5\u00f5tmiseks. See katse n\u00e4itab materjali v\u00f5imet vastu seista v\u00e4lisele j\u00f5ule.<\/p>\t\t\t\t\t\t<\/div>\n\t\t\t\t<\/div>\n\t\t\t\t<\/div>\n\t\t\t\t\t<\/div>\n\t\t\t\t<\/div>\n\t\t<div class=\"elementor-element elementor-element-a464ed9 e-flex e-con-boxed e-con e-parent\" data-id=\"a464ed9\" data-element_type=\"container\">\n\t\t\t\t\t<div class=\"e-con-inner\">\n\t\t<div class=\"elementor-element elementor-element-7d090f5 e-con-full e-flex e-con e-parent\" data-id=\"7d090f5\" data-element_type=\"container\">\n\t\t\t\t<div class=\"elementor-element elementor-element-d1a285e elementor-widget elementor-widget-image\" data-id=\"d1a285e\" data-element_type=\"widget\" data-widget_type=\"image.default\">\n\t\t\t\t<div class=\"elementor-widget-container\">\n\t\t\t\t\t\t\t\t\t\t\t\t\t<img decoding=\"async\" width=\"750\" height=\"750\" src=\"https:\/\/www.qualitester.com\/wp-content\/uploads\/2023\/05\/Falling-Drat-Impact-Tester-FDT-01.jpg\" class=\"attachment-large size-large wp-image-2154\" alt=\"\" srcset=\"https:\/\/www.qualitester.com\/wp-content\/uploads\/2023\/05\/Falling-Drat-Impact-Tester-FDT-01.jpg 750w, https:\/\/www.qualitester.com\/wp-content\/uploads\/2023\/05\/Falling-Drat-Impact-Tester-FDT-01-300x300.jpg 300w, https:\/\/www.qualitester.com\/wp-content\/uploads\/2023\/05\/Falling-Drat-Impact-Tester-FDT-01-150x150.jpg 150w, https:\/\/www.qualitester.com\/wp-content\/uploads\/2023\/05\/Falling-Drat-Impact-Tester-FDT-01-600x600.jpg 600w, https:\/\/www.qualitester.com\/wp-content\/uploads\/2023\/05\/Falling-Drat-Impact-Tester-FDT-01-100x100.jpg 100w\" sizes=\"(max-width: 750px) 100vw, 750px\" \/>\t\t\t\t\t\t\t\t\t\t\t\t\t<\/div>\n\t\t\t\t<\/div>\n\t\t\t\t<\/div>\n\t\t<div class=\"elementor-element elementor-element-391559c e-con-full e-flex e-con e-parent\" data-id=\"391559c\" data-element_type=\"container\">\n\t\t\t\t<div class=\"elementor-element elementor-element-ce10425 elementor-widget elementor-widget-text-editor\" data-id=\"ce10425\" data-element_type=\"widget\" data-widget_type=\"text-editor.default\">\n\t\t\t\t<div class=\"elementor-widget-container\">\n\t\t\t\t\t\t\t<p><b>Tehnilised omadused<\/b><\/p><p>FDT-01 Falling Dart Impact Tester on PLC-juhitav seade (t\u00f6\u00f6stuslikul tasemel stabiilne) ja HMI puuteekraaniga juhitav. Iga torkekomplekti ja vabastamismehhanismi osa on valmistatud rangelt standardite kohaselt.<\/p><p>Sisseehitatud testprogrammi abil peab kasutaja lihtsalt testi tegema ja vastavalt seatud parameetritele kaalu suurendama v\u00f5i v\u00e4hendama. Seej\u00e4rel annab s\u00fcsteem p\u00e4rast mitmete eba\u00f5nnestunud v\u00f5i mitte\u00f5nnestunud testide l\u00e4biviimist automaatselt m\u00f5ju tulemuse, mida ei pea uuesti k\u00e4sitsi arvutama.<\/p><ol><li>PLC-juhtimine ja puuteekraaniga t\u00f6\u00f6tamine<\/li><li>Kaks katsemeetodit A ja B (B vabatahtlik)<\/li><li>Nii grammi kui ka Joule'i n\u00e4idiku katsetulemused<\/li><li>Elektromagnetiline vedrustus ja automaatne kukkumine <\/li><li>Proovi pneumaatiline kinnitus<\/li><li>Vaatlusvalgus proovi seisundi kontrollimiseks kinnipidamisel<\/li><li>Manuaal- ja jalal\u00fcliti, mis on varustatud turvalise ja lihtsa kasutamise tagamiseks<\/li><li>Punktmaatriks-t\u00fc\u00fcpi mikroprinter andmete eksportimiseks<\/li><li>Professionaalne tarkvara (valikuline)<\/li><\/ol>\t\t\t\t\t\t<\/div>\n\t\t\t\t<\/div>\n\t\t\t\t<\/div>\n\t\t\t\t\t<\/div>\n\t\t\t\t<\/div>\n\t\t<div class=\"elementor-element elementor-element-8bbd169 e-flex e-con-boxed e-con e-parent\" data-id=\"8bbd169\" data-element_type=\"container\">\n\t\t\t\t\t<div class=\"e-con-inner\">\n\t\t<div class=\"elementor-element elementor-element-07e4bae e-con-full e-flex e-con e-parent\" data-id=\"07e4bae\" data-element_type=\"container\">\n\t\t\t\t<div class=\"elementor-element elementor-element-b61b883 elementor-widget elementor-widget-image\" data-id=\"b61b883\" data-element_type=\"widget\" data-widget_type=\"image.default\">\n\t\t\t\t<div class=\"elementor-widget-container\">\n\t\t\t\t\t\t\t\t\t\t\t\t\t<img decoding=\"async\" width=\"750\" height=\"750\" src=\"https:\/\/www.qualitester.com\/wp-content\/uploads\/2023\/05\/Falling-Drat-Impact-Tester.jpg\" class=\"attachment-large size-large wp-image-2155\" alt=\"\" srcset=\"https:\/\/www.qualitester.com\/wp-content\/uploads\/2023\/05\/Falling-Drat-Impact-Tester.jpg 750w, https:\/\/www.qualitester.com\/wp-content\/uploads\/2023\/05\/Falling-Drat-Impact-Tester-300x300.jpg 300w, https:\/\/www.qualitester.com\/wp-content\/uploads\/2023\/05\/Falling-Drat-Impact-Tester-150x150.jpg 150w, https:\/\/www.qualitester.com\/wp-content\/uploads\/2023\/05\/Falling-Drat-Impact-Tester-600x600.jpg 600w, https:\/\/www.qualitester.com\/wp-content\/uploads\/2023\/05\/Falling-Drat-Impact-Tester-100x100.jpg 100w\" sizes=\"(max-width: 750px) 100vw, 750px\" \/>\t\t\t\t\t\t\t\t\t\t\t\t\t<\/div>\n\t\t\t\t<\/div>\n\t\t\t\t<\/div>\n\t\t<div class=\"elementor-element elementor-element-3cdb836 e-con-full e-flex e-con e-parent\" data-id=\"3cdb836\" data-element_type=\"container\">\n\t\t\t\t<div class=\"elementor-element elementor-element-151fc3f elementor-widget elementor-widget-text-editor\" data-id=\"151fc3f\" data-element_type=\"widget\" data-widget_type=\"text-editor.default\">\n\t\t\t\t<div class=\"elementor-widget-container\">\n\t\t\t\t\t\t\t<p><strong>Peamised parameetrid<\/strong><\/p><p>Katsemeetod Meetod A v\u00f5i meetod B (valikuline)<br \/>Katsepiirkond Meetod A: Meetod B: 300~2000g<br \/>Noola l\u00e4bim\u00f5\u00f5t Meetod A: meetod: 38\u00b11mm Meetod B: 50\u00b11mm<br \/>L\u00f6\u00f6gi k\u00f5rgus 660mm\/1500mm<br \/>T\u00e4psus 0,1g (0,1J)<br \/>Prooviklamber Pneumaatiline klamber<br \/>Gaasivarustus 0,6 MPa \u03a68 mm PU torud<br \/>Proovi suurus &gt; 150 mm x 150 mm<br \/>Toiteallikas AC 110~220V 50Hz<br \/>M\u00f5\u00f5tmismeetod A: 500 mm (pikkus) x 450 mm (laius) x 1200 mm (k\u00f5rgus).<br \/>\u00a0 \u00a0 \u00a0 \u00a0 \u00a0 \u00a0 \u00a0 \u00a0 \u00a0 \u00a0 \u00a0 \u00a0 \u00a0 \u00a0 \u00a0 \u00a0 \u00a0 \u00a0 \u00a0 \u00a0 Meetod B: 500 mm (pikkus) x 450 mm (laius) x 2200 mm (k\u00f5rgus)<\/p>\t\t\t\t\t\t<\/div>\n\t\t\t\t<\/div>\n\t\t\t\t<\/div>\n\t\t\t\t\t<\/div>\n\t\t\t\t<\/div>\n\t\t<div class=\"elementor-element elementor-element-1b65b2b e-flex e-con-boxed e-con e-parent\" data-id=\"1b65b2b\" data-element_type=\"container\">\n\t\t\t\t\t<div class=\"e-con-inner\">\n\t\t\t\t<div class=\"elementor-element elementor-element-12db095 elementor-widget elementor-widget-wpforms\" data-id=\"12db095\" data-element_type=\"widget\" data-widget_type=\"wpforms.default\">\n\t\t\t\t<div class=\"elementor-widget-container\">\n\t\t\t<div class=\"wpforms-container\" id=\"wpforms-11\"><form id=\"wpforms-form-11\" class=\"wpforms-validate wpforms-form wpforms-ajax-form\" data-formid=\"11\" method=\"post\" enctype=\"multipart\/form-data\" action=\"\/et\/wp-json\/wp\/v2\/product\/2732\" data-token=\"7c26fc00fd485ee9e5a7c61a93b70491\" data-trp-original-action=\"\/et\/wp-json\/wp\/v2\/product\/2732\"><noscript class=\"wpforms-error-noscript\">Palun lubage oma brauseris JavaScript, et t\u00e4ita see vorm.<\/noscript><div class=\"wpforms-field-container\"><div id=\"wpforms-11-field_1-container\" class=\"wpforms-field wpforms-field-text\" data-field-id=\"1\"><label class=\"wpforms-field-label\" for=\"wpforms-11-field_1\">Nimi <span class=\"wpforms-required-label\">*<\/span><\/label><input type=\"text\" id=\"wpforms-11-field_1\" class=\"wpforms-field-medium wpforms-field-required\" name=\"wpforms[fields][1]\" placeholder=\"Nimi\" required><\/div><div id=\"wpforms-11-field_5-container\" class=\"wpforms-field wpforms-field-text\" data-field-id=\"5\"><label class=\"wpforms-field-label\" for=\"wpforms-11-field_5\">Ettev\u00f5te<\/label><input type=\"text\" id=\"wpforms-11-field_5\" class=\"wpforms-field-medium\" name=\"wpforms[fields][5]\" ><\/div><div id=\"wpforms-11-field_4-container\" class=\"wpforms-field wpforms-field-number\" data-field-id=\"4\"><label class=\"wpforms-field-label\" for=\"wpforms-11-field_4\">Telefon<\/label><input type=\"number\" pattern=\"\\d*\" id=\"wpforms-11-field_4\" class=\"wpforms-field-medium\" name=\"wpforms[fields][4]\" placeholder=\"Telefon\" ><\/div><div id=\"wpforms-11-field_3-container\" class=\"wpforms-field wpforms-field-email\" data-field-id=\"3\"><label class=\"wpforms-field-label\" for=\"wpforms-11-field_3\">E-post <span class=\"wpforms-required-label\">*<\/span><\/label><input type=\"email\" id=\"wpforms-11-field_3\" class=\"wpforms-field-medium wpforms-field-required\" name=\"wpforms[fields][3]\" placeholder=\"E-post\" spellcheck=\"false\" required><\/div><div id=\"wpforms-11-field_2-container\" class=\"wpforms-field wpforms-field-textarea\" data-field-id=\"2\"><label class=\"wpforms-field-label\" for=\"wpforms-11-field_2\">S\u00f5num<\/label><textarea id=\"wpforms-11-field_2\" class=\"wpforms-field-large\" name=\"wpforms[fields][2]\" ><\/textarea><\/div><\/div><!-- .wpforms-field-container --><input type=\"hidden\" name=\"wpforms[recaptcha]\" value=\"\"><div class=\"wpforms-submit-container\" ><input type=\"hidden\" name=\"wpforms[id]\" value=\"11\"><input type=\"hidden\" name=\"wpforms[author]\" value=\"4\"><button type=\"submit\" name=\"wpforms[submit]\" id=\"wpforms-submit-11\" class=\"wpforms-submit\" data-alt-text=\"Submitting\" data-submit-text=\"Submit\" aria-live=\"assertive\" value=\"wpforms-submit\">Esita<\/button><img loading=\"lazy\" decoding=\"async\" src=\"https:\/\/www.qualitester.com\/wp-content\/plugins\/wpforms-lite\/assets\/images\/submit-spin.svg\" class=\"wpforms-submit-spinner\" style=\"display: none;\" width=\"26\" height=\"26\" alt=\"Laadimine\"><\/div><input type=\"hidden\" name=\"trp-form-language\" value=\"et\"\/><\/form><\/div>  <!-- .wpforms-container -->\t\t<\/div>\n\t\t\t\t<\/div>\n\t\t\t\t\t<\/div>\n\t\t\t\t<\/div>\n\t\t\t\t<\/div>","protected":false},"excerpt":{"rendered":"<p>Kasutatakse alla 1 mm paksuste plastkilede, -lehtede ja -komposiitkilede, -fooliumide ja -paberi vastupidavuse m\u00f5\u00f5tmiseks.<\/p>","protected":false},"featured_media":2156,"comment_status":"closed","ping_status":"closed","template":"","meta":{"site-sidebar-layout":"default","site-content-layout":"default","ast-global-header-display":"","ast-main-header-display":"","ast-hfb-above-header-display":"","ast-hfb-below-header-display":"","ast-hfb-mobile-header-display":"","site-post-title":"disabled","ast-breadcrumbs-content":"","ast-featured-img":"disabled","footer-sml-layout":"","theme-transparent-header-meta":"default","adv-header-id-meta":"","stick-header-meta":"","header-above-stick-meta":"","header-main-stick-meta":"","header-below-stick-meta":""},"product_cat":[44,149,16,99,111,100,169,95],"product_tag":[499,18,648,39],"class_list":{"0":"post-2732","1":"product","2":"type-product","3":"status-publish","4":"has-post-thumbnail","6":"product_cat-paper-and-board-testers","7":"product_cat-pharma-and-medical-testers","8":"product_cat-plastic-packaging-testers","9":"product_cat-astm","10":"product_cat-astm-d1709","11":"product_cat-iso","12":"product_cat-iso-7765-1","13":"product_cat-products","14":"product_tag-agricultural-film","15":"product_tag-astm-d1709","16":"product_tag-dart-drop-impact-for-pvc-cling-film","17":"product_tag-plastic-film","18":"desktop-align-left","19":"tablet-align-left","20":"mobile-align-left","22":"first","23":"instock","24":"shipping-taxable","25":"product-type-simple"},"_links":{"self":[{"href":"https:\/\/www.qualitester.com\/et\/wp-json\/wp\/v2\/product\/2732","targetHints":{"allow":["GET"]}}],"collection":[{"href":"https:\/\/www.qualitester.com\/et\/wp-json\/wp\/v2\/product"}],"about":[{"href":"https:\/\/www.qualitester.com\/et\/wp-json\/wp\/v2\/types\/product"}],"replies":[{"embeddable":true,"href":"https:\/\/www.qualitester.com\/et\/wp-json\/wp\/v2\/comments?post=2732"}],"version-history":[{"count":0,"href":"https:\/\/www.qualitester.com\/et\/wp-json\/wp\/v2\/product\/2732\/revisions"}],"wp:featuredmedia":[{"embeddable":true,"href":"https:\/\/www.qualitester.com\/et\/wp-json\/wp\/v2\/media\/2156"}],"wp:attachment":[{"href":"https:\/\/www.qualitester.com\/et\/wp-json\/wp\/v2\/media?parent=2732"}],"wp:term":[{"taxonomy":"product_cat","embeddable":true,"href":"https:\/\/www.qualitester.com\/et\/wp-json\/wp\/v2\/product_cat?post=2732"},{"taxonomy":"product_tag","embeddable":true,"href":"https:\/\/www.qualitester.com\/et\/wp-json\/wp\/v2\/product_tag?post=2732"}],"curies":[{"name":"wp","href":"https:\/\/api.w.org\/{rel}","templated":true}]}}