{"id":2695,"date":"2023-07-04T14:24:00","date_gmt":"2023-07-04T06:24:00","guid":{"rendered":"https:\/\/www.qualitester.com\/?post_type=product&#038;p=2695"},"modified":"2024-12-04T15:49:44","modified_gmt":"2024-12-04T07:49:44","slug":"wtt-plastic-bottle-wall-thickness-gauge","status":"publish","type":"product","link":"https:\/\/www.qualitester.com\/et\/toode\/wtt-plastic-bottle-wall-thickness-gauge\/","title":{"rendered":"WTT seinapaksuse tester"},"content":{"rendered":"<h2><strong>Sissejuhatus pudelite seinapaksuse m\u00f5\u00f5tmisseadmesse<\/strong><\/h2>\n<p>The <strong>Pudelite seina paksuse m\u00f5\u00f5tja<\/strong> on suure t\u00e4psusega seade, mis on m\u00f5eldud mitmesuguste pudelite ja mahutite seina paksuse m\u00f5\u00f5tmiseks. Seina paksuse t\u00e4pne m\u00f5\u00f5tmine on pakendimaterjalide tugevuse, vastupidavuse ja terviklikkuse tagamisel v\u00e4ga oluline. Olenemata sellest, kas tegemist on PET-, klaas-, alumiinium- v\u00f5i plastpudelitega, aitab see t\u00f6\u00f6riist tootjatel t\u00e4ita t\u00f6\u00f6stusstandardeid ja parandada toodete kvaliteeti, muutes selle asendamatuks pakendite, ravimite, toiduainete ja jookide, meditsiiniseadmete ja muude rakenduste jaoks.<\/p>\n<h2><strong>Pudelite seina paksuse m\u00f5\u00f5tmise katsemeetodid<\/strong><\/h2>\n<p>The <strong>Pudelite seina paksuse m\u00f5\u00f5tja<\/strong> toetab erinevaid t\u00e4iustatud katsemeetodeid, mis sobivad erinevatele materjalit\u00fc\u00fcpidele ja m\u00f5\u00f5tmise t\u00e4psuse vajadustele:<\/p>\n<ul>\n<li><strong>Kontaktmeetodi seina paksuse tester<\/strong>: Selle meetodi puhul puutub sond f\u00fc\u00fcsiliselt kokku pudeli pinnaga, et m\u00f5\u00f5ta seina paksust otse. See on kiire, t\u00e4pne ja laialdaselt kasutatav meetod, mis sobib ideaalselt erinevate mahutit\u00fc\u00fcpide jaoks.<\/li>\n<li><strong>Ultraheli paksuse m\u00f5\u00f5tmine<\/strong>: Kasutades k\u00f5rgsageduslikke helilaineid, m\u00f5\u00f5detakse selle mittepurustava meetodiga aega, mis kulub helilainetele tagasi p\u00f5rkumiseks p\u00e4rast pudelimaterjali l\u00e4bimist. See annab v\u00e4ga t\u00e4pseid tulemusi ja seda kasutatakse tavaliselt kvaliteedikontrolli protsessides.<\/li>\n<li><strong>R\u00f6ntgen- v\u00f5i gammakiirguse kuvamine<\/strong>: Need t\u00e4iustatud tehnikad v\u00f5imaldavad mitteinvasiivset pudeliseina paksuse m\u00f5\u00f5tmist. R\u00f6ntgen- v\u00f5i gammakiirte kuvamine sobib ideaalselt teadusuuringuteks ja kriitilisteks kvaliteedikontrolli rakendusteks, kus t\u00e4psus on oluline.<\/li>\n<li><strong>P\u00f6\u00f6rdvoolukatsetused<\/strong>: P\u00f6\u00f6rdvoolukatsetuses kasutatakse elektromagnetilist induktsiooni, et tuvastada elektrijuhtivuse muutusi pudeli materjalis, v\u00f5imaldades seina paksuse kontaktivaba m\u00f5\u00f5tmist.<\/li>\n<li><strong>Optiline profileerimine<\/strong>: Selle meetodi puhul kasutatakse laserit v\u00f5i struktureeritud valgust \u00fcksikasjalike 3D-pinnaandmete kogumiseks, mis v\u00f5imaldab v\u00e4ga t\u00e4pselt m\u00f5\u00f5ta seina paksust mitmes punktis pudeli pinnal.<\/li>\n<li><strong>Mikroskoopia<\/strong>: M\u00f5nes rakenduses saab mikroskoopiat kasutada pudeli ristl\u00f5ike uurimiseks, mis v\u00f5imaldab seina paksuse \u00fcksikasjalikku ja t\u00e4pset m\u00f5\u00f5tmist v\u00e4ga peenel skaalal.<\/li>\n<\/ul>\n<h2><strong>WTT seeria seinapaksuse tester<\/strong><\/h2>\n<p>The <strong>WTT seeria seinapaksuse tester<\/strong> on mitmek\u00fclgne ja suure t\u00e4psusega m\u00f5\u00f5teriist, mis on spetsiaalselt m\u00f5eldud erinevate pakendikonteinerite, sealhulgas PET-joogipudelite, purkide, klaaspudelite, infusioonipudelite ja muude pakendikonteinerite seinapaksuse m\u00f5\u00f5tmiseks. T\u00e4nu t\u00e4iustatud m\u00f5\u00f5tmisv\u00f5imalustele tagab WTT-seeria j\u00e4rjekindlad ja usaldusv\u00e4\u00e4rsed tulemused paljude rakenduste puhul.<\/p>\n<p><strong>Peamised omadused<\/strong>:<\/p>\n<ul>\n<li><strong>Digitaalne ekraan<\/strong>: Pakub reaalajas v\u00e4ga t\u00e4pseid m\u00f5\u00f5tmisi, mida saab koheselt lugeda.<\/li>\n<li><strong>Kahepoolne m\u00f5\u00f5tmisv\u00f5ime<\/strong>: V\u00f5imaldab m\u00f5\u00f5ta nii seina kui ka p\u00f5hja paksust pakendikonteinerite igak\u00fclgseks testimiseks.<\/li>\n<li><strong>Andmeedastuse v\u00f5imalused<\/strong>: Sisaldab valikulist andmekaablit, mis v\u00f5imaldab m\u00f5\u00f5teandmete h\u00f5lpsat \u00fclekandmist MS Excelisse edasiseks anal\u00fc\u00fcsiks ja aruandluseks.<\/li>\n<li><strong>Vastupidavus<\/strong>: Ehitatud taluma rasket kasutamist n\u00f5udlikes tootmiskeskkondades, tagades pikaealisuse ja t\u00f6\u00f6kindluse.<\/li>\n<li><strong>Kasutamise lihtsus<\/strong>: Lihtne kasutajaliides ja kasutajas\u00f5bralikud juhtimisseadmed muudavad kiire ja t\u00e4pse m\u00f5\u00f5tmise operaatorile lihtsaks.<\/li>\n<\/ul>\n<h2><strong>Miks valida pudelite seinapaksuse m\u00f5\u00f5tja<\/strong><\/h2>\n<ul>\n<li><strong>T\u00e4psus ja t\u00e4psus<\/strong>: Tagab v\u00e4ga t\u00e4psed ja korratavad m\u00f5\u00f5tmised, mis tagavad vastavuse rahvusvahelistele standarditele ja pakendatud toodete kvaliteedi.<\/li>\n<li><strong>Mitmek\u00fclgsus<\/strong>: Sobib erinevatele pudelit\u00fc\u00fcpidele, sealhulgas PET-, klaas-, alumiinium- ja plastpudelitele, mist\u00f5ttu on see kohandatav erinevatele t\u00f6\u00f6stusharudele ja rakendustele.<\/li>\n<li><strong>Kulut\u00f5hus ja t\u00f5hus<\/strong>: Tagades, et tootmises kasutatakse ainult \u00f5ige seinapaksusega pudeleid, saavad tootjad v\u00e4hendada j\u00e4\u00e4tmeid ja parandada t\u00f5husust, s\u00e4\u00e4stes aega ja raha.<\/li>\n<li><strong>Kasutajas\u00f5bralik<\/strong>: M\u00f5istliku kasutajaliidese ja kiire seadistusega, nii et operaatorid saavad alustada testimist minimaalse v\u00e4lja\u00f5ppega.<\/li>\n<\/ul>\n<p>The <strong>Pudelite seina paksuse m\u00f5\u00f5tja<\/strong> on asendamatu t\u00f6\u00f6riist pakendi-, toidu-, joogi-, ravimi- ja meditsiinit\u00f6\u00f6stuse tootjatele. T\u00e4nu oma t\u00e4ppism\u00f5\u00f5tmisv\u00f5imalustele ja mitmetele katsemeetoditele tagab see, et pudelid vastavad vajalikele kvaliteedi- ja ohutusstandarditele. Olenemata sellest, kas te testite PET-, klaas- v\u00f5i alumiiniumpudeleid, annab see usaldusv\u00e4\u00e4rne seade \u00fclevaateid, mida vajate kvaliteedi tagamiseks ja tootmisprotsessi pidevaks t\u00e4iustamiseks.<\/p>","protected":false},"excerpt":{"rendered":"<p>The <strong>Pudelite seina paksuse m\u00f5\u00f5tja<\/strong> on suure t\u00e4psusega seade, mis on m\u00f5eldud mitmesuguste pudelite ja mahutite seina paksuse m\u00f5\u00f5tmiseks. Seina paksuse t\u00e4pne m\u00f5\u00f5tmine on pakendimaterjalide tugevuse, vastupidavuse ja terviklikkuse tagamisel v\u00e4ga oluline. Olenemata sellest, kas tegemist on PET-, klaas-, alumiinium- v\u00f5i plastpudelitega, aitab see t\u00f6\u00f6riist tootjatel t\u00e4ita t\u00f6\u00f6stusstandardeid ja parandada toodete kvaliteeti, muutes selle asendamatuks pakendite, ravimite, toiduainete ja jookide, meditsiiniseadmete ja muude rakenduste jaoks.<\/p>","protected":false},"featured_media":6115,"comment_status":"closed","ping_status":"closed","template":"","meta":{"site-sidebar-layout":"default","site-content-layout":"default","ast-global-header-display":"","ast-main-header-display":"","ast-hfb-above-header-display":"","ast-hfb-below-header-display":"","ast-hfb-mobile-header-display":"","site-post-title":"disabled","ast-breadcrumbs-content":"","ast-featured-img":"disabled","footer-sml-layout":"","theme-transparent-header-meta":"default","adv-header-id-meta":"","stick-header-meta":"","header-above-stick-meta":"","header-main-stick-meta":"","header-below-stick-meta":""},"product_cat":[845,17,149,16,95],"product_tag":[],"class_list":{"0":"post-2695","1":"product","2":"type-product","3":"status-publish","4":"has-post-thumbnail","6":"product_cat-customization","7":"product_cat-package-container-testers","8":"product_cat-pharma-and-medical-testers","9":"product_cat-plastic-packaging-testers","10":"product_cat-products","11":"desktop-align-left","12":"tablet-align-left","13":"mobile-align-left","15":"first","16":"instock","17":"shipping-taxable","18":"product-type-simple"},"_links":{"self":[{"href":"https:\/\/www.qualitester.com\/et\/wp-json\/wp\/v2\/product\/2695","targetHints":{"allow":["GET"]}}],"collection":[{"href":"https:\/\/www.qualitester.com\/et\/wp-json\/wp\/v2\/product"}],"about":[{"href":"https:\/\/www.qualitester.com\/et\/wp-json\/wp\/v2\/types\/product"}],"replies":[{"embeddable":true,"href":"https:\/\/www.qualitester.com\/et\/wp-json\/wp\/v2\/comments?post=2695"}],"version-history":[{"count":0,"href":"https:\/\/www.qualitester.com\/et\/wp-json\/wp\/v2\/product\/2695\/revisions"}],"wp:featuredmedia":[{"embeddable":true,"href":"https:\/\/www.qualitester.com\/et\/wp-json\/wp\/v2\/media\/6115"}],"wp:attachment":[{"href":"https:\/\/www.qualitester.com\/et\/wp-json\/wp\/v2\/media?parent=2695"}],"wp:term":[{"taxonomy":"product_cat","embeddable":true,"href":"https:\/\/www.qualitester.com\/et\/wp-json\/wp\/v2\/product_cat?post=2695"},{"taxonomy":"product_tag","embeddable":true,"href":"https:\/\/www.qualitester.com\/et\/wp-json\/wp\/v2\/product_tag?post=2695"}],"curies":[{"name":"wp","href":"https:\/\/api.w.org\/{rel}","templated":true}]}}