{"id":2636,"date":"2023-06-29T09:53:14","date_gmt":"2023-06-29T01:53:14","guid":{"rendered":"https:\/\/www.qualitester.com\/?post_type=product&#038;p=2636"},"modified":"2024-12-05T09:38:10","modified_gmt":"2024-12-05T01:38:10","slug":"sld-01-elimendorf-tear-resistance-testing-machine","status":"publish","type":"product","link":"https:\/\/www.qualitester.com\/et\/toode\/sld-01-elimendorf-tear-resistance-testing-machine\/","title":{"rendered":"SLD-01 rebenemistesti"},"content":{"rendered":"<h2>Sissejuhatus pisarate testimisse<\/h2>\n<p>Rebimiskindlus, mida nimetatakse ka rebenemistugevuseks, on oluline mehaaniline omadus, mis m\u00f5\u00f5dab, kui h\u00e4sti materjal suudab rebimisj\u00f5ududele vastu seista. See omadus on oluline t\u00f6\u00f6stusharudes, kus materjali vastupidavus on kriitilise t\u00e4htsusega, n\u00e4iteks pakendid, tekstiilid, meditsiiniseadmete pakendid ja muud. . <strong>rebenemiskatse masin<\/strong> on tootjate jaoks oluline vahend mitmesuguste materjalide rebenemiskindluse hindamiseks. See katse annab v\u00e4\u00e4rtuslikke andmeid, et tagada toodete vastavus toimivusnormidele, mis tagab, et need peavad vastu k\u00e4itlemise, transpordi ja kasutamise k\u00e4igus tekkivatele j\u00f5ududele.<\/p>\n<p>The <strong>SLD-01 rebenemistesti<\/strong> on m\u00f5eldud t\u00e4pseks ja usaldusv\u00e4\u00e4rseks rebenemistugevuse m\u00f5\u00f5tmiseks sellistes materjalides nagu paber, plastkiled, tekstiilid ja muud paindlikud materjalid. See on oluline vahend kvaliteedikontrolliks ja materjalide valimiseks erinevates t\u00f6\u00f6stusharudes.<\/p>\n<h2>Mis on rebenemistugevuse test?<\/h2>\n<h3>Rebenemistugevuse m\u00f5istmine<\/h3>\n<p>The <strong>rebenemistugevuse katse<\/strong> m\u00f5\u00f5dab j\u00f5udu, mis on vajalik rebendi edasikandumiseks l\u00e4bi materjali. See katse aitab kindlaks teha materjali v\u00f5ime taluda rebimisj\u00f5udu, andes v\u00e4\u00e4rtuslikku teavet materjali vastupidavuse ja toimivuse kohta. Rebenemistugevus on eriti oluline pakkematerjalide, tekstiilide ja meditsiinipakendite puhul, kus materjali rike v\u00f5ib ohustada toote terviklikkust v\u00f5i ohutust.<\/p>\n<p>Selles katses rakendatakse proovimaterjalile kontrollitud j\u00f5udu, et tekitada rebend, ning rebendi tekkimiseks vajalikku energiat kasutatakse rebendi tugevuse m\u00e4\u00e4ramiseks. . <strong>rebenemiskatse masin<\/strong> on loodud selle j\u00f5u suure t\u00e4psusega m\u00f5\u00f5tmiseks, mis tagab, et tootjad saavad usaldusv\u00e4\u00e4rselt hinnata materjali rebenemiskindlust.<\/p>\n<h2>Rebenemiskatse masinate p\u00f5histandardid<\/h2>\n<p>The <strong>rebenemiskatse masin<\/strong> on kavandatud nii, et see vastab mitmetele rahvusvaheliselt tunnustatud standarditele, mis tagab katsetulemuste j\u00e4rjepidevuse ja usaldusv\u00e4\u00e4rsuse. Allpool on esitatud m\u00f5ned k\u00f5ige olulisemad rebenemiskindluse testimise standardid:<\/p>\n<h3>ASTM D1922 - standardne katsemeetod laialivalguva noa testimiseks<\/h3>\n<p><a href=\"https:\/\/www.qualitester.com\/et\/tootekategooria\/astm\/astm-d1922\/\" target=\"_blank\" rel=\"noopener\"><strong>ASTM D1922<\/strong><\/a> on \u00fcks k\u00f5ige sagedamini kasutatavaid standardeid paberi- ja plastkilede rebenemiskindluse m\u00f5\u00f5tmiseks. Selles standardis kirjeldatakse katsemeetodit, mille puhul kasutatakse pendliseadet, et algatada ja levitada materjali rebenemist.<\/p>\n<ul>\n<li><strong>Katsemeetod:<\/strong> Proov l\u00f5igatakse ja pendel lastakse lahti, et rebenemine j\u00e4tkuks. Rebenemise j\u00e4tkumiseks vajalik energia m\u00f5\u00f5detakse ja seda kasutatakse rebenemistakistuse m\u00e4\u00e4ramiseks.<\/li>\n<li><strong>Materjali fookus:<\/strong> Kasutatakse peamiselt paberi- ja plastkilede puhul.<\/li>\n<li><strong>Asjakohasus:<\/strong> Kasutatakse laialdaselt pakendites ja muudes t\u00f6\u00f6stusharudes materjalide rebenemiskindluse hindamiseks.<\/li>\n<\/ul>\n<h3>ASTM D1424 - paberi ja papi rebenemiskindluse standardmeetod.<\/h3>\n<p><a href=\"https:\/\/www.qualitester.com\/et\/tootekategooria\/astm\/astm-d1424\/\" target=\"_blank\" rel=\"noopener\"><strong>ASTM D1424<\/strong><\/a> on standard, millega m\u00f5\u00f5detakse pappmaterjalide rebenemiskindlust. Seda katset kasutatakse sageli pakendit\u00f6\u00f6stuses, et hinnata pappkarpide ja muude pabertoodete tugevust.<\/p>\n<ul>\n<li><strong>Katsemeetod:<\/strong> Pendli rebenemiskatse abil m\u00f5\u00f5detakse j\u00f5udu, mis on vajalik rebendi edasikandumiseks l\u00e4bi materjali.<\/li>\n<li><strong>Materjali fookus:<\/strong> Paberi- ja pappmaterjalid.<\/li>\n<li><strong>Asjakohasus:<\/strong> Kriitiline pakkematerjalide katsetamisel, eriti kartongpakendite tootmisel.<\/li>\n<\/ul>\n<h3>ASTM D689 - Standardjuhend paberi ja papi rebenemiskatsete meetodite kohta<\/h3>\n<p><a href=\"https:\/\/www.qualitester.com\/et\/tootekategooria\/astm\/astm-d689\/\" target=\"_blank\" rel=\"noopener\"><strong>ASTM D689<\/strong><\/a> annab juhendi paberi- ja pappmaterjalide rebenemiskatsete meetodite valimiseks. See standard on eriti kasulik, kui on olemas erinevad rebenemiskatsemeetodid, ning aitab kasutajatel valida k\u00f5ige sobivama katse l\u00e4htuvalt materjali t\u00fc\u00fcbist ja kasutusalast.<\/p>\n<ul>\n<li><strong>Katsemeetod:<\/strong> Annab juhiseid k\u00f5ige sobivama rebenemiskatse meetodi valimiseks.<\/li>\n<li><strong>Materjali fookus:<\/strong> Paberi- ja pappmaterjalid.<\/li>\n<li><strong>Asjakohasus:<\/strong> Aitab tagada, et tootjad valivad oma materjalide jaoks \u00f5ige katsemeetodi.<\/li>\n<\/ul>\n<h3>ISO 6383 - Plastkiled ja -lehed: rebenemiskindluse m\u00e4\u00e4ramine<\/h3>\n<p><a href=\"https:\/\/www.qualitester.com\/et\/tootekategooria\/iso\/iso-6383\/\" target=\"_blank\" rel=\"noopener\"><strong>ISO 6383<\/strong><\/a> m\u00e4\u00e4rab kindlaks meetodi plastkile ja kilede rebenemiskindluse m\u00f5\u00f5tmiseks. See standard on oluline plastpakendite vastupidavuse hindamisel, kuna need peavad vastu pidama k\u00e4itlemise ja kasutamise ajal tekkivatele pingetele.<\/p>\n<ul>\n<li><strong>Katsemeetod:<\/strong> Katse h\u00f5lmab pendeltesti kasutamist, et m\u00f5\u00f5ta plastkilede rebenemistugevust.<\/li>\n<li><strong>Materjali fookus:<\/strong> Plastkiled ja kiled.<\/li>\n<li><strong>Asjakohasus:<\/strong> Oluline plastpakendite rebenemiskindluse testimiseks.<\/li>\n<\/ul>\n<h3>ISO 1974 - Plastid: Kile ja kiled - rebenemiskindluse m\u00e4\u00e4ramine pendlimeetodil.<\/h3>\n<p><a href=\"https:\/\/www.qualitester.com\/et\/tootekategooria\/iso\/iso-1974\/\" target=\"_blank\" rel=\"noopener\"><strong>ISO 1974<\/strong><\/a> pakub standardiseeritud meetodit plastkilede ja -lehtede rebenemiskindluse m\u00f5\u00f5tmiseks, mis sarnaneb ASTM standarditele, kuid on \u00fclemaailmselt suunatud. Seda katset kasutatakse tagamaks, et plastkiled vastavad rebenemiskindluse rahvusvahelistele kvaliteedistandarditele.<\/p>\n<ul>\n<li><strong>Katsemeetod:<\/strong> Pendli rebenemiskatse abil m\u00f5\u00f5detakse energiat, mis on vajalik rebendi edasikandumiseks l\u00e4bi plastkile.<\/li>\n<li><strong>Materjali fookus:<\/strong> Kasutatakse peamiselt plastkilede ja -lehtede jaoks.<\/li>\n<li><strong>Asjakohasus:<\/strong> Oluline plastpakendite ja kilest toodete tootjate jaoks.<\/li>\n<\/ul>\n<h2>Rebenemiskatse masina (SLD-01 Tear Tester) katseprotsess (SLD-01 Tear Tester)<\/h2>\n<h3>Kuidas SLD-01 rebenemistesti t\u00f6\u00f6tab<\/h3>\n<p>The <strong>SLD-01 rebenemistesti<\/strong> kasutab materjalide rebenemiskindluse m\u00e4\u00e4ramiseks t\u00e4pset pendlimehhanismi. Protsessi t\u00f6\u00f6p\u00f5him\u00f5te on j\u00e4rgmine:<\/p>\n<ol>\n<li><strong>Proovi ettevalmistamine:<\/strong> Materjalile tehakse pilu, tavaliselt 43 mm kaugusel servast.<\/li>\n<li><strong>Pendli vabastamine:<\/strong> Pendel vabastatakse fikseeritud k\u00f5rguselt ja see levitab rebendit l\u00e4bi materjali.<\/li>\n<li><strong>M\u00f5\u00f5tmine:<\/strong> Pendli poolt kaotatud energia m\u00f5\u00f5detakse ja seda kasutatakse rebendi edasikandumiseks vajaliku keskmise j\u00f5u arvutamiseks, mis annab materjali rebendi tugevuse t\u00e4pse m\u00f5\u00f5tmise.<\/li>\n<\/ol>\n<p>See protsess on t\u00e4ielikult automatiseeritud ja seda juhib PLC-s\u00fcsteem, mis tagab iga katse j\u00e4rjepidevuse ja t\u00e4psuse.<\/p>\n<h2>SLD-01 rebenemistesti tehnilised omadused<\/h2>\n<ul>\n<li><strong>PLC-juhtimine ja HMI puuteekraan:<\/strong> Tester on varustatud t\u00f6\u00f6stusliku programmeeritava loogikakontrolleriga (PLC) ja inimese ja masina liidese (HMI) puuteekraaniga, mis tagab t\u00e4pse juhtimise ja lihtsa k\u00e4sitsemise.<\/li>\n<li><strong>Lai testivahemik:<\/strong> Sobib erinevate materjalidega, alates \u00f5hukestest kiledest kuni paksu papini, ning v\u00f5imaldab kohandada seadistusi erinevate materjalide jaoks.<\/li>\n<li><strong>Pneumaatiline proovi kinnitus:<\/strong> Tagab proovi kindla ja j\u00e4rjepideva haaramise, et tagada usaldusv\u00e4\u00e4rsed katsetulemused.<\/li>\n<li><strong>Automaatne andmete kogumine:<\/strong> Kogub automaatselt katseandmeid ja salvestab tulemused anal\u00fc\u00fcsiks.<\/li>\n<li><strong>Mikroprinter:<\/strong> Sisaldab sisseehitatud mikroprinterit, mis v\u00f5imaldab testitulemuste kohest v\u00e4ljatr\u00fckki.<\/li>\n<li><strong>RS-232 port ja valikuline tarkvara:<\/strong> V\u00f5imaldab andmete eksportimist ja t\u00e4iustatud anal\u00fc\u00fcsi koos lisatarkvaraga p\u00f5hjaliku aruandluse jaoks.<\/li>\n<\/ul>\n<h2>Rebenemiskatse masina rakendusvaldkonnad<\/h2>\n<ul>\n<li><strong>Pakendit\u00f6\u00f6stus:<\/strong> Tagab, et pakendimaterjalid, n\u00e4iteks paber, kile ja papp, vastavad vastupidavusnormidele.<\/li>\n<li><strong>Meditsiiniseadmete pakendid:<\/strong> Hindab meditsiinirakendustes kasutatavate pakkematerjalide rebenemiskindlust, et tagada kaitse ja ohutus.<\/li>\n<li><strong>Tekstiilid:<\/strong> Katsetab kangaste rebenemistugevust, et tagada nende sobivus r\u00f5ivaste, polstri ja muude rakenduste jaoks.<\/li>\n<li><strong>Toit ja joogid:<\/strong> Valideerib rebenemiskindluse pakendimaterjalides, mis kaitsevad toiduaineid ja jooke saastumise ja kahjustuste eest.<\/li>\n<\/ul>\n<p>The <strong>rebenemiskatse masin<\/strong> on oluline vahend t\u00f6\u00f6stusharudes, mis s\u00f5ltuvad materjalide vastupidavusest. Olenemata sellest, kas te katsetate paberit, plastkile v\u00f5i tekstiili, on <strong>SLD-01 rebenemistesti<\/strong> pakub t\u00e4pseid ja korratavaid tulemusi, mis tagavad, et materjalid vastavad vajalikele kvaliteedistandarditele. Vastavad t\u00f6\u00f6stusstandarditele, nagu <a href=\"https:\/\/www.astm.org\/d1922-15r20.html\" target=\"_blank\" rel=\"noopener nofollow\"><strong>ASTM D1922<\/strong><\/a>, <a href=\"https:\/\/www.astm.org\/d1424-21.html\" target=\"_blank\" rel=\"noopener nofollow\"><strong>ASTM D1424<\/strong><\/a>, <a href=\"https:\/\/www.astm.org\/d0689-17.html\" target=\"_blank\" rel=\"noopener nofollow\"><strong>ASTM D689<\/strong><\/a>, <strong>ISO 6383<\/strong>, ja <strong>ISO 1974<\/strong>, see tester on ideaalne tootjatele, kes vajavad oma toodete jaoks usaldusv\u00e4\u00e4rseid andmeid rebenemiskindluse kohta. SLD-01 rebenemistesti abil saate tagada, et teie materjalid vastavad tulemuslikkuse standarditele ja pakuvad kvaliteetseid tooteid.<\/p>\n<h2>KKK<\/h2>\n<p><strong>1. Milliseid materjale saab rebenemiskatse masinaga katsetada?<\/strong><br \/>\nRebenemiskatse masinat saab kasutada selliste materjalide nagu paber, papp, plastkiled, tekstiilid ja muud paindlikud materjalid katsetamiseks.<\/p>\n<p><strong>2. Kuidas rebenemistugevuse test t\u00f6\u00f6tab?<\/strong><br \/>\nRebenemistugevuse katse h\u00f5lmab v\u00e4ikese pilu tekitamist materjali ja pendlimehhanismi kasutamist rebendi edasikandmiseks. Pendli poolt kaotatud energiat m\u00f5\u00f5detakse ja seda kasutatakse rebenemiskindluse arvutamiseks.<\/p>\n<p><strong>3. Mis on ASTM D1922 ja miks see on oluline?<\/strong><br \/>\nASTM D1922 on standardne katsemeetod paberi- ja plastkilede rebenemiskindluse m\u00f5\u00f5tmiseks. See tagab, et pakendimaterjalid vastavad reaalses kasutuses n\u00f5utavatele vastupidavusnormidele.<\/p>\n<p><strong>4. Mille poolest erineb SLD-01 pisaratesti teistest pisaratesti seadmetest?<\/strong><br \/>\nSLD-01 rebenemistesti on varustatud PLC juhtimiss\u00fcsteemiga, laia testivahemikuga, pneumaatilise proovi kinnitusseadmega ja automaatse andmekogumisega, mis muudab selle teiste mudelitega v\u00f5rreldes t\u00f5husamaks ja t\u00e4psemaks.<\/p>\n<p><strong>5. Kas rebenemiskatse masinat saab kasutada meditsiiniliste pakkematerjalide puhul?<\/strong><br \/>\nJah, rebenemiskatse masin sobib ideaalselt meditsiiniliste pakkematerjalide testimiseks, et tagada nende vastavus meditsiinitoodete jaoks vajalikele vastupidavus- ja ohutusstandarditele.<\/p>","protected":false},"excerpt":{"rendered":"<p>Rebimiskindlus, mida nimetatakse ka rebenemistugevuseks, on oluline mehaaniline omadus, mis m\u00f5\u00f5dab, kui h\u00e4sti materjal suudab rebimisj\u00f5ududele vastu seista. See omadus on oluline t\u00f6\u00f6stusharudes, kus materjali vastupidavus on kriitilise t\u00e4htsusega, n\u00e4iteks pakendid, tekstiilid, meditsiiniseadmete pakendid ja muud. . <strong>rebenemiskatse masin<\/strong> on tootjate jaoks oluline vahend mitmesuguste materjalide rebenemiskindluse hindamiseks. See katse annab v\u00e4\u00e4rtuslikke andmeid, et tagada toodete vastavus toimivusnormidele, mis tagab, et need peavad vastu k\u00e4itlemise, transpordi ja kasutamise k\u00e4igus tekkivatele j\u00f5ududele.<\/p>","protected":false},"featured_media":5998,"comment_status":"closed","ping_status":"closed","template":"","meta":{"site-sidebar-layout":"default","site-content-layout":"default","ast-global-header-display":"","ast-main-header-display":"","ast-hfb-above-header-display":"","ast-hfb-below-header-display":"","ast-hfb-mobile-header-display":"","site-post-title":"disabled","ast-breadcrumbs-content":"","ast-featured-img":"disabled","footer-sml-layout":"","theme-transparent-header-meta":"default","adv-header-id-meta":"","stick-header-meta":"","header-above-stick-meta":"","header-main-stick-meta":"","header-below-stick-meta":""},"product_cat":[845,680,44,149,16,119,121,137,159,165,95],"product_tag":[],"class_list":{"0":"post-2636","1":"product","2":"type-product","3":"status-publish","4":"has-post-thumbnail","6":"product_cat-customization","7":"product_cat-tear-tester","8":"product_cat-paper-and-board-testers","9":"product_cat-pharma-and-medical-testers","10":"product_cat-plastic-packaging-testers","11":"product_cat-astm-d1424","12":"product_cat-astm-d1922","13":"product_cat-astm-d689","14":"product_cat-iso-1974","15":"product_cat-iso-6383","16":"product_cat-products","17":"desktop-align-left","18":"tablet-align-left","19":"mobile-align-left","21":"first","22":"instock","23":"featured","24":"shipping-taxable","25":"product-type-simple"},"_links":{"self":[{"href":"https:\/\/www.qualitester.com\/et\/wp-json\/wp\/v2\/product\/2636","targetHints":{"allow":["GET"]}}],"collection":[{"href":"https:\/\/www.qualitester.com\/et\/wp-json\/wp\/v2\/product"}],"about":[{"href":"https:\/\/www.qualitester.com\/et\/wp-json\/wp\/v2\/types\/product"}],"replies":[{"embeddable":true,"href":"https:\/\/www.qualitester.com\/et\/wp-json\/wp\/v2\/comments?post=2636"}],"version-history":[{"count":0,"href":"https:\/\/www.qualitester.com\/et\/wp-json\/wp\/v2\/product\/2636\/revisions"}],"wp:featuredmedia":[{"embeddable":true,"href":"https:\/\/www.qualitester.com\/et\/wp-json\/wp\/v2\/media\/5998"}],"wp:attachment":[{"href":"https:\/\/www.qualitester.com\/et\/wp-json\/wp\/v2\/media?parent=2636"}],"wp:term":[{"taxonomy":"product_cat","embeddable":true,"href":"https:\/\/www.qualitester.com\/et\/wp-json\/wp\/v2\/product_cat?post=2636"},{"taxonomy":"product_tag","embeddable":true,"href":"https:\/\/www.qualitester.com\/et\/wp-json\/wp\/v2\/product_tag?post=2636"}],"curies":[{"name":"wp","href":"https:\/\/api.w.org\/{rel}","templated":true}]}}