{"id":2534,"date":"2023-06-21T15:16:04","date_gmt":"2023-06-21T07:16:04","guid":{"rendered":"https:\/\/www.qualitester.com\/?post_type=product&#038;p=2534"},"modified":"2024-12-04T14:30:34","modified_gmt":"2024-12-04T06:30:34","slug":"wtt-water-bottle-wall-thickness-testing-machine","status":"publish","type":"product","link":"https:\/\/www.qualitester.com\/et\/toode\/wtt-water-bottle-wall-thickness-testing-machine\/","title":{"rendered":"WTT Water Bottle Wall Thickness Testing Machine"},"content":{"rendered":"<div data-elementor-type=\"wp-post\" data-elementor-id=\"2534\" class=\"elementor elementor-2534\" data-elementor-post-type=\"product\">\n\t\t\t\t<div class=\"elementor-element elementor-element-7452a4a e-flex e-con-boxed e-con e-parent\" data-id=\"7452a4a\" data-element_type=\"container\">\n\t\t\t\t\t<div class=\"e-con-inner\">\n\t\t<div class=\"elementor-element elementor-element-980cd70 e-con-full e-flex e-con e-parent\" data-id=\"980cd70\" data-element_type=\"container\">\n\t\t\t\t<div class=\"elementor-element elementor-element-534bab2 elementor-widget elementor-widget-image\" data-id=\"534bab2\" data-element_type=\"widget\" data-widget_type=\"image.default\">\n\t\t\t\t<div class=\"elementor-widget-container\">\n\t\t\t\t\t\t\t\t\t\t\t\t\t<img fetchpriority=\"high\" decoding=\"async\" width=\"750\" height=\"750\" src=\"https:\/\/www.qualitester.com\/wp-content\/uploads\/2023\/04\/WTT-01-Wall-Thickness-Tester-1.jpg\" class=\"attachment-large size-large wp-image-1842\" alt=\"\" srcset=\"https:\/\/www.qualitester.com\/wp-content\/uploads\/2023\/04\/WTT-01-Wall-Thickness-Tester-1.jpg 750w, https:\/\/www.qualitester.com\/wp-content\/uploads\/2023\/04\/WTT-01-Wall-Thickness-Tester-1-300x300.jpg 300w, https:\/\/www.qualitester.com\/wp-content\/uploads\/2023\/04\/WTT-01-Wall-Thickness-Tester-1-150x150.jpg 150w, https:\/\/www.qualitester.com\/wp-content\/uploads\/2023\/04\/WTT-01-Wall-Thickness-Tester-1-600x600.jpg 600w, https:\/\/www.qualitester.com\/wp-content\/uploads\/2023\/04\/WTT-01-Wall-Thickness-Tester-1-100x100.jpg 100w\" sizes=\"(max-width: 750px) 100vw, 750px\" \/>\t\t\t\t\t\t\t\t\t\t\t\t\t<\/div>\n\t\t\t\t<\/div>\n\t\t\t\t<\/div>\n\t\t<div class=\"elementor-element elementor-element-b59f28b e-con-full e-flex e-con e-parent\" data-id=\"b59f28b\" data-element_type=\"container\">\n\t\t\t\t<div class=\"elementor-element elementor-element-eeb130d elementor-widget elementor-widget-text-editor\" data-id=\"eeb130d\" data-element_type=\"widget\" data-widget_type=\"text-editor.default\">\n\t\t\t\t<div class=\"elementor-widget-container\">\n\t\t\t\t\t\t\t<h6><strong>Taotlus<\/strong><\/h6><p><em>Pudelite seina paksuse m\u00f5\u00f5tmiseks on erinevaid viise ning \u00fcks \u00fcldkasutatav ja lihtsaim viis on kontaktmeetodiga seina paksuse m\u00f5\u00f5tmine.<\/em><\/p><p><em>WTT seeria seina paksuse tester on varustatud paksusem\u00f5\u00f5turiga varustatud katsestendiga. see on ideaalne seina paksuse m\u00f5\u00f5tmise seade PET joogipudeli, purgi, klaaspudeli, alumiiniumpoti, infusioonipudeli, \u00f5llepudelite, suukaudsete vedelike pudelite, ampulli, penitsilliinipudelite jne jaoks.<\/em><\/p><h6><strong>Omadused<\/strong><\/h6><p><em>WTT-seeria on m\u00f5eldud keerulise mustriga pakendikonteineri seina paksuse m\u00f5\u00f5tmiseks ja nende eeliseks on kasutajas\u00f5bralikkus, vastupidavus ja suur t\u00e4psus.<\/em><\/p><ul><li>Elektrooniline digitaalne ekraan m\u00f5\u00f5tmistulemus<\/li><li>V\u00f5rede tuvastamise tehnoloogia<\/li><li>Nii p\u00f5hja kui ka seina paksuse m\u00f5\u00f5tmine<\/li><\/ul>\t\t\t\t\t\t<\/div>\n\t\t\t\t<\/div>\n\t\t\t\t<\/div>\n\t\t\t\t\t<\/div>\n\t\t\t\t<\/div>\n\t\t<div class=\"elementor-element elementor-element-60fcacf e-flex e-con-boxed e-con e-parent\" data-id=\"60fcacf\" data-element_type=\"container\">\n\t\t\t\t\t<div class=\"e-con-inner\">\n\t\t<div class=\"elementor-element elementor-element-58927c7 e-con-full e-flex e-con e-parent\" data-id=\"58927c7\" data-element_type=\"container\">\n\t\t\t\t<div class=\"elementor-element elementor-element-02c7c41 elementor-widget elementor-widget-image\" data-id=\"02c7c41\" data-element_type=\"widget\" data-widget_type=\"image.default\">\n\t\t\t\t<div class=\"elementor-widget-container\">\n\t\t\t\t\t\t\t\t\t\t\t\t\t<img decoding=\"async\" width=\"750\" height=\"750\" src=\"https:\/\/www.qualitester.com\/wp-content\/uploads\/2023\/04\/Wall-Thickness-Tester-WTT-01-1.jpg\" class=\"attachment-large size-large wp-image-1841\" alt=\"\" srcset=\"https:\/\/www.qualitester.com\/wp-content\/uploads\/2023\/04\/Wall-Thickness-Tester-WTT-01-1.jpg 750w, https:\/\/www.qualitester.com\/wp-content\/uploads\/2023\/04\/Wall-Thickness-Tester-WTT-01-1-300x300.jpg 300w, https:\/\/www.qualitester.com\/wp-content\/uploads\/2023\/04\/Wall-Thickness-Tester-WTT-01-1-150x150.jpg 150w, https:\/\/www.qualitester.com\/wp-content\/uploads\/2023\/04\/Wall-Thickness-Tester-WTT-01-1-600x600.jpg 600w, https:\/\/www.qualitester.com\/wp-content\/uploads\/2023\/04\/Wall-Thickness-Tester-WTT-01-1-100x100.jpg 100w\" sizes=\"(max-width: 750px) 100vw, 750px\" \/>\t\t\t\t\t\t\t\t\t\t\t\t\t<\/div>\n\t\t\t\t<\/div>\n\t\t\t\t<\/div>\n\t\t<div class=\"elementor-element elementor-element-1761305 e-con-full e-flex e-con e-parent\" data-id=\"1761305\" data-element_type=\"container\">\n\t\t\t\t<div class=\"elementor-element elementor-element-e61edae elementor-widget elementor-widget-text-editor\" data-id=\"e61edae\" data-element_type=\"widget\" data-widget_type=\"text-editor.default\">\n\t\t\t\t<div class=\"elementor-widget-container\">\n\t\t\t\t\t\t\t<h6><strong>Peamised parameetrid<\/strong><\/h6><p><strong>WTT-01<\/strong><\/p><p>Proovi l\u00e4bim\u00f5\u00f5t 5mm-50mm (kohandamine saadaval)<\/p><p>Testivahemik 0-12.7mm<\/p><p>Jaotusv\u00e4\u00e4rtus 0.01mm\/0.001mm (valikuline)<\/p><p>M\u00f5\u00f5detav k\u00f5rgus 100mm (kohandamine v\u00f5imalik)<\/p><p><strong>WTT-02<\/strong><\/p><p>Proovi l\u00e4bim\u00f5\u00f5t 10mm-120mm (kohandamine saadaval)<\/p><p>Testivahemik 0-12.7mm<\/p><p>Jaotusv\u00e4\u00e4rtus 0.01mm\/0.001mm (valikuline)<\/p><p>M\u00f5\u00f5detav k\u00f5rgus 300mm (kohandamine v\u00f5imalik)<\/p>\t\t\t\t\t\t<\/div>\n\t\t\t\t<\/div>\n\t\t\t\t<\/div>\n\t\t\t\t\t<\/div>\n\t\t\t\t<\/div>\n\t\t<div class=\"elementor-element elementor-element-1a4f99d e-flex e-con-boxed e-con e-parent\" data-id=\"1a4f99d\" data-element_type=\"container\">\n\t\t\t\t\t<div class=\"e-con-inner\">\n\t\t\t\t<div class=\"elementor-element elementor-element-565b923 elementor-widget elementor-widget-wpforms\" data-id=\"565b923\" data-element_type=\"widget\" data-widget_type=\"wpforms.default\">\n\t\t\t\t<div class=\"elementor-widget-container\">\n\t\t\t<div class=\"wpforms-container\" id=\"wpforms-11\"><form id=\"wpforms-form-11\" class=\"wpforms-validate wpforms-form wpforms-ajax-form\" data-formid=\"11\" method=\"post\" enctype=\"multipart\/form-data\" action=\"\/et\/wp-json\/wp\/v2\/product\/2534\" data-token=\"35523c94644bc0a5bc483ee10b53d6e4\" data-trp-original-action=\"\/et\/wp-json\/wp\/v2\/product\/2534\"><noscript class=\"wpforms-error-noscript\">Palun lubage oma brauseris JavaScript, et t\u00e4ita see vorm.<\/noscript><div class=\"wpforms-field-container\"><div id=\"wpforms-11-field_1-container\" class=\"wpforms-field wpforms-field-text\" data-field-id=\"1\"><label class=\"wpforms-field-label\" for=\"wpforms-11-field_1\">Nimi <span class=\"wpforms-required-label\">*<\/span><\/label><input type=\"text\" id=\"wpforms-11-field_1\" class=\"wpforms-field-medium wpforms-field-required\" name=\"wpforms[fields][1]\" placeholder=\"Nimi\" required><\/div><div id=\"wpforms-11-field_5-container\" class=\"wpforms-field wpforms-field-text\" data-field-id=\"5\"><label class=\"wpforms-field-label\" for=\"wpforms-11-field_5\">Ettev\u00f5te<\/label><input type=\"text\" id=\"wpforms-11-field_5\" class=\"wpforms-field-medium\" name=\"wpforms[fields][5]\" ><\/div><div id=\"wpforms-11-field_4-container\" class=\"wpforms-field wpforms-field-number\" data-field-id=\"4\"><label class=\"wpforms-field-label\" for=\"wpforms-11-field_4\">Telefon<\/label><input type=\"number\" pattern=\"\\d*\" id=\"wpforms-11-field_4\" class=\"wpforms-field-medium\" name=\"wpforms[fields][4]\" placeholder=\"Telefon\" ><\/div><div id=\"wpforms-11-field_3-container\" class=\"wpforms-field wpforms-field-email\" data-field-id=\"3\"><label class=\"wpforms-field-label\" for=\"wpforms-11-field_3\">E-post <span class=\"wpforms-required-label\">*<\/span><\/label><input type=\"email\" id=\"wpforms-11-field_3\" class=\"wpforms-field-medium wpforms-field-required\" name=\"wpforms[fields][3]\" placeholder=\"E-post\" spellcheck=\"false\" required><\/div><div id=\"wpforms-11-field_2-container\" class=\"wpforms-field wpforms-field-textarea\" data-field-id=\"2\"><label class=\"wpforms-field-label\" for=\"wpforms-11-field_2\">S\u00f5num<\/label><textarea id=\"wpforms-11-field_2\" class=\"wpforms-field-large\" name=\"wpforms[fields][2]\" ><\/textarea><\/div><\/div><!-- .wpforms-field-container --><input type=\"hidden\" name=\"wpforms[recaptcha]\" value=\"\"><div class=\"wpforms-submit-container\" ><input type=\"hidden\" name=\"wpforms[id]\" value=\"11\"><input type=\"hidden\" name=\"wpforms[author]\" value=\"4\"><button type=\"submit\" name=\"wpforms[submit]\" id=\"wpforms-submit-11\" class=\"wpforms-submit\" data-alt-text=\"Submitting\" data-submit-text=\"Submit\" aria-live=\"assertive\" value=\"wpforms-submit\">Esita<\/button><img decoding=\"async\" src=\"https:\/\/www.qualitester.com\/wp-content\/plugins\/wpforms-lite\/assets\/images\/submit-spin.svg\" class=\"wpforms-submit-spinner\" style=\"display: none;\" width=\"26\" height=\"26\" alt=\"Laadimine\"><\/div><input type=\"hidden\" name=\"trp-form-language\" value=\"et\"\/><\/form><\/div>  <!-- .wpforms-container -->\t\t<\/div>\n\t\t\t\t<\/div>\n\t\t\t\t\t<\/div>\n\t\t\t\t<\/div>\n\t\t\t\t<\/div>","protected":false},"excerpt":{"rendered":"<p>Pudelite seina paksuse m\u00f5\u00f5tmiseks on erinevaid viise ning \u00fcks \u00fcldkasutatav ja lihtsaim viis on kontaktmeetodiga seina paksuse m\u00f5\u00f5tmine.<\/p>","protected":false},"featured_media":3978,"comment_status":"closed","ping_status":"closed","template":"","meta":{"site-sidebar-layout":"default","site-content-layout":"default","ast-global-header-display":"","ast-main-header-display":"","ast-hfb-above-header-display":"","ast-hfb-below-header-display":"","ast-hfb-mobile-header-display":"","site-post-title":"disabled","ast-breadcrumbs-content":"","ast-featured-img":"disabled","footer-sml-layout":"","theme-transparent-header-meta":"default","adv-header-id-meta":"","stick-header-meta":"","header-above-stick-meta":"","header-main-stick-meta":"","header-below-stick-meta":""},"product_cat":[17,149,16,95],"product_tag":[72,188,460,50],"class_list":{"0":"post-2534","1":"product","2":"type-product","3":"status-publish","4":"has-post-thumbnail","6":"product_cat-package-container-testers","7":"product_cat-pharma-and-medical-testers","8":"product_cat-plastic-packaging-testers","9":"product_cat-products","10":"product_tag-bottle-quality","11":"product_tag-bottle-test","12":"product_tag-bottle-wall-thickness","13":"product_tag-thickness","14":"desktop-align-left","15":"tablet-align-left","16":"mobile-align-left","18":"first","19":"instock","20":"shipping-taxable","21":"product-type-simple"},"_links":{"self":[{"href":"https:\/\/www.qualitester.com\/et\/wp-json\/wp\/v2\/product\/2534","targetHints":{"allow":["GET"]}}],"collection":[{"href":"https:\/\/www.qualitester.com\/et\/wp-json\/wp\/v2\/product"}],"about":[{"href":"https:\/\/www.qualitester.com\/et\/wp-json\/wp\/v2\/types\/product"}],"replies":[{"embeddable":true,"href":"https:\/\/www.qualitester.com\/et\/wp-json\/wp\/v2\/comments?post=2534"}],"version-history":[{"count":0,"href":"https:\/\/www.qualitester.com\/et\/wp-json\/wp\/v2\/product\/2534\/revisions"}],"wp:featuredmedia":[{"embeddable":true,"href":"https:\/\/www.qualitester.com\/et\/wp-json\/wp\/v2\/media\/3978"}],"wp:attachment":[{"href":"https:\/\/www.qualitester.com\/et\/wp-json\/wp\/v2\/media?parent=2534"}],"wp:term":[{"taxonomy":"product_cat","embeddable":true,"href":"https:\/\/www.qualitester.com\/et\/wp-json\/wp\/v2\/product_cat?post=2534"},{"taxonomy":"product_tag","embeddable":true,"href":"https:\/\/www.qualitester.com\/et\/wp-json\/wp\/v2\/product_tag?post=2534"}],"curies":[{"name":"wp","href":"https:\/\/api.w.org\/{rel}","templated":true}]}}