{"id":2525,"date":"2023-06-21T13:51:49","date_gmt":"2023-06-21T05:51:49","guid":{"rendered":"https:\/\/www.qualitester.com\/?post_type=product&#038;p=2525"},"modified":"2024-12-05T13:11:38","modified_gmt":"2024-12-05T05:11:38","slug":"per-01-glass-bottle-verticality-testing-machine","status":"publish","type":"product","link":"https:\/\/www.qualitester.com\/et\/toode\/per-01-glass-bottle-verticality-testing-machine\/","title":{"rendered":"PER-01 Pudelite ristiusku tester"},"content":{"rendered":"<h2>Pudelite perpendikulaarsuse testija toote tutvustus<\/h2>\n<p>Cell Instruments on spetsialiseerunud kvaliteetsete materjalikontrolli instrumentide pakkumisele erinevatele t\u00f6\u00f6stusharudele. Meie <strong><em><span style=\"text-decoration: underline;\">Pudelite ristiusalduse tester<\/span><\/em><\/strong> on tipptasemel seade, mis on m\u00f5eldud pudelite t\u00e4pse ristiasendi tagamiseks, mis on oluline pudelite terviklikkuse ja kvaliteedi s\u00e4ilitamiseks. See seade on h\u00e4davajalik sellistes t\u00f6\u00f6stusharudes nagu pakendus-, toidu- ja joogit\u00f6\u00f6stus, farmaatsiat\u00f6\u00f6stus ning kvaliteedikontrolliasutused. T\u00e4nu oma t\u00e4iustatud funktsioonidele ja ISO 9008 standarditele vastavusele on pudelite ristiusku tester v\u00e4\u00e4rtuslik vahend mis tahes kvaliteedikontrolli protsessis.<\/p>\n<p><img fetchpriority=\"high\" decoding=\"async\" class=\"wp-image-4283 aligncenter\" src=\"https:\/\/www.qualitester.com\/wp-content\/uploads\/2023\/06\/PER-01-Bottle-Perpendicularity-Tester-2.png\" alt=\"Pudelite ristiusalduse tester\" width=\"500\" height=\"540\" srcset=\"https:\/\/www.qualitester.com\/wp-content\/uploads\/2023\/06\/PER-01-Bottle-Perpendicularity-Tester-2.png 2426w, https:\/\/www.qualitester.com\/wp-content\/uploads\/2023\/06\/PER-01-Bottle-Perpendicularity-Tester-2-278x300.png 278w, https:\/\/www.qualitester.com\/wp-content\/uploads\/2023\/06\/PER-01-Bottle-Perpendicularity-Tester-2-949x1024.png 949w, https:\/\/www.qualitester.com\/wp-content\/uploads\/2023\/06\/PER-01-Bottle-Perpendicularity-Tester-2-768x829.png 768w, https:\/\/www.qualitester.com\/wp-content\/uploads\/2023\/06\/PER-01-Bottle-Perpendicularity-Tester-2-1423x1536.png 1423w, https:\/\/www.qualitester.com\/wp-content\/uploads\/2023\/06\/PER-01-Bottle-Perpendicularity-Tester-2-1898x2048.png 1898w, https:\/\/www.qualitester.com\/wp-content\/uploads\/2023\/06\/PER-01-Bottle-Perpendicularity-Tester-2-600x647.png 600w\" sizes=\"(max-width: 500px) 100vw, 500px\" \/><\/p>\n<h2><strong>Peamised omadused<\/strong><\/h2>\n<h3>1. Mugav sondi reguleerimine<\/h3>\n<p>Pudelite perpendikulaarsuse tester on varustatud v\u00e4ga reguleeritava sondiga, mis v\u00f5imaldab lihtsat ja t\u00e4pset joondamist pudeliga. See funktsioon tagab, et m\u00f5\u00f5tmised on j\u00e4rjepidevad ja t\u00e4psed, v\u00e4hendades vigade t\u00f5en\u00e4osust.<\/p>\n<h3>2. Erakordne lugemise t\u00e4psus<\/h3>\n<p>T\u00e4psus on kvaliteedikontrolli puhul esmat\u00e4htis ja meie tester pakub erakordset t\u00e4psust. See v\u00f5imaldab v\u00e4ga t\u00e4pseid m\u00f5\u00f5tmisi pudelite perpendikulaarsuse kohta, tagades, et iga pudel vastab n\u00f5utavatele spetsifikatsioonidele ja standarditele.<\/p>\n<h3>3. J\u00e4rjepidev proovide rotatsioon<\/h3>\n<p>\u00dchtlase testimise tagamiseks on pudelite ristiusku testeril j\u00e4rjepidev proovi p\u00f6\u00f6rlemine. See tagab, et pudelit m\u00f5\u00f5detakse erinevates punktides, mis annab tervikliku hinnangu selle ristiisuse kohta.<\/p>\n<h3>4. Proovispetsifikaatide j\u00e4rgimine<\/h3>\n<p>Tester j\u00e4rgib rangelt proovi spetsifikatsioone, tagades, et k\u00f5ik m\u00f5\u00f5tmised vastavad t\u00f6\u00f6stusstandarditele. See on eriti oluline ISO 9008 n\u00f5uetele vastavuse puhul, mis m\u00e4\u00e4rab kindlaks n\u00f5uded pakkematerjalidele ja mahutitele.<\/p>\n<h3>5. Valikuline andmete eksportimine arvutisse Excel<\/h3>\n<p>Parema andmehalduse tagamiseks pakub pudelite ristiuskatuse tester valikulist andmeekspordi funktsiooni. See v\u00f5imaldab kasutajatel eksportida katsetulemusi otse arvutisse Excel, mis h\u00f5lbustab andmete lihtsat anal\u00fc\u00fcsi ja aruandlust.<\/p>\n<h2>Katsemeetodid<\/h2>\n<h3>T\u00f6\u00f6p\u00f5him\u00f5te<\/h3>\n<p>Pudelite perpendikulaarsuse tester t\u00f6\u00f6tab, m\u00f5\u00f5tes pudeli vertikaaltelje k\u00f5rvalekaldumist selle t\u00f5elisest ristiasendist. Selleks kasutatakse t\u00e4pset sondi, mis puutub pudeliga kokku konkreetsetes punktides, ja p\u00f6\u00f6rlemismehhanismi, mis tagab tervikliku m\u00f5\u00f5tmise.<\/p>\n<div class=\"ast-oembed-container\" style=\"height: 100%;\"><iframe title=\"PET-pudeli klaaspudeli ja purgi ristsuunalisuse tester PER-01\" width=\"500\" height=\"281\" src=\"https:\/\/www.youtube.com\/embed\/MEJYiFl7Pzo?feature=oembed\" frameborder=\"0\" allow=\"accelerometer; autoplay; clipboard-write; encrypted-media; gyroscope; picture-in-picture; web-share\" referrerpolicy=\"strict-origin-when-cross-origin\" allowfullscreen><\/iframe><\/div>\n<h3>Seadistamine ja kalibreerimine<\/h3>\n<p>Pudelite perpendikulaarsuse testija seadistamine on lihtne. Alustage testija paigutamisega stabiilsele pinnale ja \u00fchendage see vooluallikaga. Kalibreerige seade, reguleerides sondi teadaoleva standardiga, tagades, et m\u00f5\u00f5tmised on t\u00e4psed.<\/p>\n<h3>Testimise kord<\/h3>\n<ol>\n<li><strong>Proovi ettevalmistamine:<\/strong> Veenduge, et pudel on puhas ja ilma igasuguste takistusteta.<\/li>\n<li><strong>Pudeli positsioneerimine:<\/strong> Asetage pudel testeril selleks etten\u00e4htud kohta ja veenduge, et see on kindlalt paigas.<\/li>\n<li><strong>Katse l\u00e4biviimine:<\/strong> M\u00f5\u00f5tmise alustamiseks aktiveerige tester. Sond puutub pudeliga kokku ja p\u00f6\u00f6rlemismehhanism tagab mitu m\u00f5\u00f5tepunkti.<\/li>\n<li><strong>Tulemuste t\u00f5lgendamine:<\/strong> Testija kuvab tulemused, n\u00e4idates \u00e4ra k\u00f5ik k\u00f5rvalekalded ristiusust.<\/li>\n<\/ol>\n<h2>Vastavus standardile ISO 9008<\/h2>\n<p>ISO 9008 on rahvusvaheline standard, mis m\u00e4\u00e4rab kindlaks kvaliteedijuhtimiss\u00fcsteemide n\u00f5uded, keskendudes eelk\u00f5ige pakendi- ja konteinerit\u00f6\u00f6stusele. Selles kirjeldatakse kriteeriume, mille alusel tagatakse, et pakendimaterjalid ja mahutid vastavad konkreetsetele kvaliteedi- ja ohutusstandarditele.<\/p>\n<h2>Rakendused<\/h2>\n<h3>1. Pakendit\u00f6\u00f6stus<\/h3>\n<p>Pudelite ristiasendi tagamine on pakendust\u00f6\u00f6stuses oluline t\u00f5husa pakendamise ja transpordi jaoks. Pudelite ristiuskatuse tester aitab s\u00e4ilitada \u00fchtluse, v\u00e4hendades kahjustuste ohtu k\u00e4itlemise ja transpordi ajal.<\/p>\n<h3>2. Toidu- ja joogit\u00f6\u00f6stus<\/h3>\n<p>Toidu- ja joogit\u00f6\u00f6stuse jaoks on pudelite ristiisus toote terviklikkuse ja v\u00e4limuse s\u00e4ilitamiseks v\u00e4ga oluline. Meie tester tagab, et pudelid on \u00f5igesti joondatud, v\u00e4ltides lekkeid ja lekkeid, mis v\u00f5ivad ohustada toote kvaliteeti.<\/p>\n<h3>3. Farmaatsiat\u00f6\u00f6stus<\/h3>\n<p>Farmaatsiat\u00f6\u00f6stuses on pudelite ristiusku t\u00e4psus oluline ravimite terviklikkuse s\u00e4ilitamiseks. Meie tester tagab, et pudelid vastavad rangetele kvaliteedistandarditele, tagades sisu t\u00f5hususe.<\/p>\n<h3>4. Kvaliteedikontrolliasutused<\/h3>\n<p>Kvaliteedikontrolliasutused tuginevad t\u00e4psetele m\u00f5\u00f5tmistele, et t\u00f5endada toodete vastavust t\u00f6\u00f6stusstandarditele. Pudelite ristsuunalisuse tester pakub p\u00f5hjalikuks kvaliteedihindamiseks vajalikku t\u00e4psust ja usaldusv\u00e4\u00e4rsust.<\/p>\n<h2>Kohandamine<\/h2>\n<p>Cell Instruments m\u00f5istab, et eri t\u00f6\u00f6stusharudes on ainulaadsed testimisn\u00f5uded. Meie pudelite ristsuunalisuse testija on v\u00f5imalik kohandada vastavalt konkreetsetele vajadustele, tagades, et see tagab teie toodete jaoks vajalikud t\u00e4psed m\u00f5\u00f5tmised.<\/p>\n<h2><strong>Eelised<\/strong><\/h2>\n<h3>Kvaliteedi tagamine<\/h3>\n<p>Tagades pudelite t\u00e4pse ristiasendi, parandab meie tester toodete kvaliteeti ja tarbijate ohutust. See on oluline kaubam\u00e4rgi maine ja klientide rahulolu s\u00e4ilitamiseks.<\/p>\n<h3>Kulut\u00f5husus<\/h3>\n<p>T\u00e4pne ristsuunaline m\u00f5\u00f5tmine v\u00e4hendab j\u00e4\u00e4tmeid ja parandab tootmise t\u00f5husust. K\u00f5rvalekallete varajase tuvastamise ja korrigeerimise abil aitab meie tester v\u00e4hendada materjalikulusid ja tootmisseisakuid.<\/p>\n<h3>Vastavus<\/h3>\n<p>T\u00f6\u00f6stusstandardite ja m\u00e4\u00e4ruste j\u00e4rgimine on ettev\u00f5tte edu seisukohalt v\u00e4ga oluline. Meie pudelite ristsuunalisuse tester tagab, et teie tooted vastavad ISO 9008 ja muudele asjakohastele standarditele, v\u00e4hendades mittevastavusprobleemide riski.<\/p>\n<p><em><span style=\"text-decoration: underline;\"><strong><a href=\"https:\/\/www.qualitester.com\/et\/toode\/why-measuring-bottle-perpendicularity-is-important%ef%bc%9f\/\" target=\"_blank\" rel=\"noopener\">Miks on oluline m\u00f5\u00f5ta pudelite ristsuunalisust?<\/a><\/strong><\/span><\/em><\/p>\n<h2>KKK<\/h2>\n<ol>\n<li><strong>Mis on pudelip\u00e4rasus?<\/strong>\n<ul>\n<li>Pudelite risti viitab pudelite vertikaalse telje ja nende tegeliku risti asendi \u00fchele joonele. See on oluline, et tagada pudelite stabiilsus ja turvalisus.<\/li>\n<\/ul>\n<\/li>\n<li><strong>Kuidas t\u00f6\u00f6tab pudelite perpendikulaarsuse tester?<\/strong>\n<ul>\n<li>Tester m\u00f5\u00f5dab pudeli vertikaaltelje k\u00f5rvalekaldumist selle tegelikust ristiasendist, kasutades selleks t\u00e4pset sondi ja p\u00f6\u00f6rlemismehhanismi, mis v\u00f5imaldab p\u00f5hjalikku hindamist.<\/li>\n<\/ul>\n<\/li>\n<li><strong>Miks on pudelite ristiusaldus oluline?<\/strong>\n<ul>\n<li>Pudelite ristiasendi tagamine on oluline toote kvaliteedi s\u00e4ilitamiseks, lekete ja lekete v\u00e4ltimiseks ning t\u00f5husa pakendamise ja transpordi tagamiseks.<\/li>\n<\/ul>\n<\/li>\n<li><strong>Kas testija saab kohandada konkreetsete vajaduste jaoks?<\/strong>\n<ul>\n<li>Jah, pudelite ristsuunalisuse testija on v\u00f5imalik kohandada vastavalt konkreetsetele testimisn\u00f5uetele, tagades, et see tagab teie toodete jaoks vajalikud t\u00e4psed m\u00f5\u00f5tmised.<\/li>\n<\/ul>\n<\/li>\n<li><strong>Millistele t\u00f6\u00f6stusharudele on kasulik kasutada pudelite perpendikulaarsuse testija?<\/strong>\n<ul>\n<li>Sellised t\u00f6\u00f6stusharud nagu pakendus-, toidu- ja joogit\u00f6\u00f6stus, farmaatsiat\u00f6\u00f6stus ja kvaliteedikontrolliasutused saavad kasu testerist, et tagada toote kvaliteet ja vastavus t\u00f6\u00f6stusstandarditele.<\/li>\n<\/ul>\n<\/li>\n<\/ol>\n<h2>Seotud artikkel<\/h2>\n<p><a href=\"https:\/\/www.qualitester.com\/et\/toode\/why-measuring-bottle-perpendicularity-is-important%ef%bc%9f\/\" target=\"_blank\" rel=\"noopener\">Pudeli ristiisus<\/a><\/p>\n<p><a href=\"https:\/\/www.qualitester.com\/et\/beverage-bottle-perpendicularity-tester\/\" target=\"_blank\" rel=\"noopener\">Pudelite ristiusalduse tester<\/a><\/p>\n<p><a href=\"https:\/\/www.qualitester.com\/et\/plastic-bottle-perpendicularity-test-iso-9008\/\" target=\"_blank\" rel=\"noopener\">Pudelite ristiisavuse katse<\/a><\/p>\n<p><a href=\"https:\/\/www.qualitester.com\/et\/important-glass-bottle-perpendicularity-test\/\" target=\"_blank\" rel=\"noopener\">Klaaspudeli ristiusukatsetus<\/a><\/p>","protected":false},"excerpt":{"rendered":"<p><strong><em><span style=\"text-decoration: underline;\">Pudelite ristiusalduse tester<\/span><\/em><\/strong> on tipptasemel seade, mis on m\u00f5eldud pudelite t\u00e4pse ristiasendi tagamiseks, mis on oluline pudelite terviklikkuse ja kvaliteedi s\u00e4ilitamiseks. T\u00e4nu oma t\u00e4iustatud funktsioonidele ja ISO 9008 standarditele vastavusele on pudelite ristiusku tester v\u00e4\u00e4rtuslik vahend mis tahes kvaliteedikontrolli protsessis.<\/p>","protected":false},"featured_media":6233,"comment_status":"closed","ping_status":"closed","template":"","meta":{"site-sidebar-layout":"default","site-content-layout":"default","ast-global-header-display":"","ast-main-header-display":"","ast-hfb-above-header-display":"","ast-hfb-below-header-display":"","ast-hfb-mobile-header-display":"","site-post-title":"disabled","ast-breadcrumbs-content":"","ast-featured-img":"disabled","footer-sml-layout":"","theme-transparent-header-meta":"default","adv-header-id-meta":"","stick-header-meta":"","header-above-stick-meta":"","header-main-stick-meta":"","header-below-stick-meta":""},"product_cat":[845,1136,17,149,16,95],"product_tag":[],"class_list":{"0":"post-2525","1":"product","2":"type-product","3":"status-publish","4":"has-post-thumbnail","6":"product_cat-customization","7":"product_cat-iso-9008","8":"product_cat-package-container-testers","9":"product_cat-pharma-and-medical-testers","10":"product_cat-plastic-packaging-testers","11":"product_cat-products","12":"desktop-align-left","13":"tablet-align-left","14":"mobile-align-left","16":"first","17":"instock","18":"shipping-taxable","19":"product-type-simple"},"_links":{"self":[{"href":"https:\/\/www.qualitester.com\/et\/wp-json\/wp\/v2\/product\/2525","targetHints":{"allow":["GET"]}}],"collection":[{"href":"https:\/\/www.qualitester.com\/et\/wp-json\/wp\/v2\/product"}],"about":[{"href":"https:\/\/www.qualitester.com\/et\/wp-json\/wp\/v2\/types\/product"}],"replies":[{"embeddable":true,"href":"https:\/\/www.qualitester.com\/et\/wp-json\/wp\/v2\/comments?post=2525"}],"version-history":[{"count":0,"href":"https:\/\/www.qualitester.com\/et\/wp-json\/wp\/v2\/product\/2525\/revisions"}],"wp:featuredmedia":[{"embeddable":true,"href":"https:\/\/www.qualitester.com\/et\/wp-json\/wp\/v2\/media\/6233"}],"wp:attachment":[{"href":"https:\/\/www.qualitester.com\/et\/wp-json\/wp\/v2\/media?parent=2525"}],"wp:term":[{"taxonomy":"product_cat","embeddable":true,"href":"https:\/\/www.qualitester.com\/et\/wp-json\/wp\/v2\/product_cat?post=2525"},{"taxonomy":"product_tag","embeddable":true,"href":"https:\/\/www.qualitester.com\/et\/wp-json\/wp\/v2\/product_tag?post=2525"}],"curies":[{"name":"wp","href":"https:\/\/api.w.org\/{rel}","templated":true}]}}