{"id":2371,"date":"2023-06-02T13:53:04","date_gmt":"2023-06-02T05:53:04","guid":{"rendered":"https:\/\/www.qualitester.com\/?post_type=product&#038;p=2371"},"modified":"2024-11-27T16:45:32","modified_gmt":"2024-11-27T08:45:32","slug":"hst-01-flexible-packaging-material-heat-sealing-data-testing-machine","status":"publish","type":"product","link":"https:\/\/www.qualitester.com\/et\/toode\/hst-01-flexible-packaging-material-heat-sealing-data-testing-machine\/","title":{"rendered":"HST-02 Kuumkindluse tester"},"content":{"rendered":"<h2><strong>Sissejuhatus pakendite termosulguri testerisse<\/strong><\/h2>\n<p>The <strong>Pakendite termosulguri tester<\/strong> on oluline vahend erinevate pakkematerjalide, n\u00e4iteks paindlike kilede, laminaatide, pol\u00fcmeeride ja komposiitide kuumsuletavuse katsetamiseks. See laboratoorselt kasutatav seade on m\u00f5eldud tegeliku pitseerimisprotsessi simuleerimiseks, mis v\u00f5imaldab tootjatel tagada oma pakenditihendite tugevuse, usaldusv\u00e4\u00e4rsuse ja funktsionaalsuse. T\u00f5hus termotihendus on oluline toiduainete, meditsiini-, farmaatsia- ja tarbekaupade pakendite terviklikkuse tagamiseks, kus pakendi rike v\u00f5ib viia toote ohutuse, s\u00e4ilivusaja ja kasutatavuse v\u00e4henemiseni.<\/p>\n<p>Kuumkinnituse tester taastab kuumkinnituse v\u00f5tmeparameetrid, nimelt aja, temperatuuri ja r\u00f5hu, et simuleerida tegelikke pakendamistingimusi. See aitab tootjatel kontrollida, kas nende materjalid suudavad saavutada vajaliku tihendustugevuse, et tagada \u00f5hukindel, v\u00f5ltsimiskindel ja vastupidav tihend.<\/p>\n<h2><strong><a href=\"https:\/\/www.astm.org\/f2029-16r21.html\" target=\"_blank\" rel=\"noopener nofollow\">ASTM F2029<\/a>: Kuumkinnitatavuse katsetamise standard<\/strong><\/h2>\n<p><strong><a href=\"https:\/\/www.qualitester.com\/et\/tootekategooria\/astm\/astm-f2029\/\" target=\"_blank\" rel=\"noopener\">ASTM F2029<\/a>-16(2021)<\/strong> \u2013 <strong>Laboratoorse kuumt\u00f5kke valmistamise standardpraktika painduvate t\u00f5kkepuude materjalide kuumt\u00f5kke m\u00e4\u00e4ramiseks, m\u00f5\u00f5detuna t\u00f5kke tugevuse j\u00e4rgi<\/strong> - on peamine t\u00f6\u00f6stusharu standard paindlike pakkematerjalide kuumsuletavuse katsetamiseks. Selles standardis kirjeldatakse menetlusi ja tingimusi, mille kohaselt tuleb laboratoorselt teha kuumsulgeid, et hinnata sulgejate tugevust ja vastupidavust. Seda standardit j\u00e4rgides saavad tootjad tagada, et nende tooted vastavad n\u00f5utavatele pakendispetsifikatsioonidele.<\/p>\n<p><strong>ASTM F2029 peamised aspektid<\/strong>:<\/p>\n<ul>\n<li><strong>Tihendi tugevuse m\u00f5\u00f5tmine<\/strong>: ASTM F2029 keskendub termotihendite tugevuse m\u00e4\u00e4ramisele, mis on toote kaitse ja s\u00e4ilivusaja seisukohalt oluline. See aitab hinnata, kas pakend peab vastu veo, ladustamise ja k\u00e4itlemise ajal tekkivatele pingetele.<\/li>\n<li><strong>Testimise metoodika<\/strong>: Standard m\u00e4\u00e4rab kindlaks aja, temperatuuri ja r\u00f5hu kontrollitud kasutamise pitseerimisprotsessi ajal, et t\u00e4pselt simuleerida pakkimistingimusi.<\/li>\n<li><strong>Reguleerimisala<\/strong>: Seda standardit kohaldatakse mitmete t\u00f6\u00f6stusharude suhtes, sealhulgas toidu-, farmaatsia- ja meditsiiniseadmete puhul, kus pakend on tooteohutuse seisukohalt kriitilise t\u00e4htsusega.<\/li>\n<\/ul>\n<h2><strong>HST-02 kuumkinnituse testeri tehnilised omadused<\/strong><\/h2>\n<p>The <strong>HST-02 Kuumkindluse tester<\/strong> on konstrueeritud t\u00e4pselt, et pakkuda suure j\u00f5udlusega tihendusv\u00f5imalusi. See kompaktne ja usaldusv\u00e4\u00e4rne seade on m\u00f5eldud kuumsulatusprotsessi t\u00e4pseks simulatsiooniks, mis teeb sellest v\u00e4\u00e4rtusliku vahendi kvaliteedi tagamise meeskonnale.<\/p>\n<ol>\n<li><strong>Alumiiniumist tihendusl\u00f5ikepaelad<\/strong>:<br \/>\n\u00dclemine ja alumine tihendusl\u00f5ug on valmistatud alumiiniumist, et v\u00e4hendada soojuskaotust ja tagada \u00fchtlane temperatuur tihendamise ajal. See aitab s\u00e4ilitada \u00fchtlast ja t\u00f5husat tihendamisprotsessi.<\/li>\n<li><strong>PID temperatuuriregulaator<\/strong>:<br \/>\nHST-02 on varustatud proportsionaalse integreeritud tuletatud temperatuuri kontrolleriga (PID), mis tagab t\u00e4pse ja stabiilse temperatuuri reguleerimise, mille tulemuseks on t\u00e4pne kontroll pitseerimisprotsessi \u00fcle.<\/li>\n<li><strong>S\u00fcnkroniseeritud taimer ja l\u00f5ualuu liikumine<\/strong>:<br \/>\nTesteril on t\u00e4pne s\u00fcnkroniseerimine taimer ja l\u00f5ualuu liikumise vahel. See tagab, et tihendussurve ja aeg rakenduvad proovile \u00f5igesti, mille tulemuseks on t\u00e4psed ja korratavad katsetingimused.<\/li>\n<li><strong>R\u00f5hu kontroll<\/strong>:<br \/>\nKolmesuunaline juhitav tihendusvarda s\u00e4ilitab \u00fchtlase tihendusr\u00f5hu, mis v\u00f5imaldab \u00fchtlast pealekandmist paljude materjalide puhul. See tagab tihendi terviklikkuse testimise realistlikes tingimustes.<\/li>\n<li><strong>Ohutusfunktsioonid<\/strong>:<br \/>\nHST-02 seab esikohale kasutaja ohutuse, sest p\u00f5letushaavade v\u00e4ltimiseks on eesmine p\u00f5letusevastane kate ning ohutu ja lihtsa kasutamise tagamiseks on v\u00f5imalik kasutada k\u00e4sitsi ja jalal\u00fclitit.<\/li>\n<\/ol>\n<h2><strong>Testimise protsess ja metoodika<\/strong><\/h2>\n<p>Kuumkinnitusprotsess, mille puhul kasutatakse <strong>HST-02 Kuumkindluse tester<\/strong> j\u00e4rgib lihtsat sammude jada, mis kordab hoolikalt t\u00f5husa pakendi pitseerimise tingimusi:<\/p>\n<ol>\n<li><strong>Proovi paigutamine<\/strong>:<br \/>\nAsetage katsekeha (tavaliselt kile v\u00f5i komposiitmaterjal) kahe paralleelse tihendusl\u00f5ike vahele.<\/li>\n<li><strong>Temperatuuri ja r\u00f5hu seaded<\/strong>:<br \/>\nM\u00e4\u00e4rake soovitud tihendustemperatuur, -aeg ja -r\u00f5hk vastavalt materjali spetsifikatsioonidele ja ASTM F2029 kirjeldatud tingimustele.<\/li>\n<li><strong>Tihendusprotsess<\/strong>:<br \/>\nKui s\u00fcsteem saavutab tasakaalu, surutakse \u00fclemine tihendusl\u00f5ug, mida juhib gaasiballoon, alla, et avaldada materjali suhtes r\u00f5hku etteantud aja jooksul.<\/li>\n<li><strong>Katse l\u00f5pp<\/strong>:<br \/>\nP\u00e4rast etteantud tihendusaja l\u00f5ppu p\u00f6\u00f6rdub \u00fclemine tihendusl\u00f5ug tagasi oma algasendisse ja tihendi tugevust hinnatakse erinevate katsemeetodite abil.<\/li>\n<\/ol>\n<h2><strong>Soojusplommi tugevuse hindamine<\/strong><\/h2>\n<p>Kui kuumsulatusprotsess on l\u00f5petatud, hinnatakse pitseri tugevust, et tagada pitseri terviklikkus ja vastupidavus. Hindamismeetodid v\u00f5ivad h\u00f5lmata j\u00e4rgmist:<\/p>\n<ul>\n<li><strong>Tihendi pidevuse testid<\/strong>:<br \/>\nNeed katsed, n\u00e4iteks \u00f5hulekkekatsed, v\u00e4rvipenetratsioon ja visuaalne kontroll, tagavad, et tihendus on pidev ja et sellel ei ole n\u00f5rku kohti.<\/li>\n<li><strong>Mikroobide ja barj\u00e4\u00e4ri testimine<\/strong>:<br \/>\nT\u00e4iendavad katsed v\u00f5ivad h\u00f5lmata materjali vastupidavuse hindamist mikroorganismide sissetungile, tagades, et pitser pakub piisavat kaitset sisemuses olevale tootele.<\/li>\n<\/ul>\n<p>The <strong>HST-02 Kuumkindluse tester<\/strong> pakub \u00fcksikasjalikke andmeid, mis aitavad tootjatel hinnata, kas nende pakendimaterjalid vastavad pakendi terviklikkuse ja toimivuse t\u00f6\u00f6stusstandarditele.<\/p>\n<h2><strong>HST-02 kuumkindluse testija peamised parameetrid<\/strong><\/h2>\n<table>\n<tbody>\n<tr>\n<td style=\"text-align: center;\" width=\"123\">Tihendus Temp.<\/td>\n<td style=\"text-align: center;\" width=\"126\">Keskkond ~300 \u2103<\/td>\n<\/tr>\n<tr>\n<td style=\"text-align: center;\" width=\"123\">K\u00f5rvalekaldumine<\/td>\n<td style=\"text-align: center;\" width=\"126\">\u00b10.2\u2103<\/td>\n<\/tr>\n<tr>\n<td style=\"text-align: center;\" width=\"123\">Tihendamise aeg<\/td>\n<td style=\"text-align: center;\" width=\"126\">0,1S~9999S<\/td>\n<\/tr>\n<tr>\n<td style=\"text-align: center;\" width=\"123\">Tihendusr\u00f5hk<\/td>\n<td style=\"text-align: center;\" width=\"126\">0,15~0,7 MPa<\/td>\n<\/tr>\n<tr>\n<td style=\"text-align: center;\" width=\"123\">H\u00fclge l\u00f5uad<\/td>\n<td style=\"text-align: center;\" width=\"126\">330*10 mm L*S<\/td>\n<\/tr>\n<tr>\n<td style=\"text-align: center;\" width=\"123\">Gaasi r\u00f5hk<\/td>\n<td style=\"text-align: center;\" width=\"126\">0,7 MPa<\/td>\n<\/tr>\n<tr>\n<td style=\"text-align: center;\" width=\"123\">Sadama suurus<\/td>\n<td style=\"text-align: center;\" width=\"126\">\u04246 mm PU voolik<\/td>\n<\/tr>\n<tr>\n<td style=\"text-align: center;\" width=\"123\">V\u00f5imsus<\/td>\n<td style=\"text-align: center;\" width=\"126\">AC 220V 50Hz<\/td>\n<\/tr>\n<\/tbody>\n<\/table>\n<p>Need parameetrid v\u00f5imaldavad kontrollida kontrollitud tingimustes mitmesuguseid materjale, tagades \u00fchtsed tulemused erinevate pakendirakenduste puhul.<\/p>\n<h4><strong>HST-02 kuumkinnituse testija kasutamise eelised<\/strong><\/h4>\n<ul>\n<li><strong>T\u00e4psus ja korratavus<\/strong>: HST-02 on loodud selleks, et tagada t\u00e4psed ja korratavad katsetulemused, kontrollides t\u00e4pselt kriitilisi tihendusparameetreid.<\/li>\n<li><strong>Mitmek\u00fclgsus<\/strong>: Tester sobib kasutamiseks erinevate materjalide ja pakendit\u00fc\u00fcpide puhul, alates p\u00f5hilistest plastkiledest kuni keeruliste komposiitmaterjalideni.<\/li>\n<li><strong>Vastavus t\u00f6\u00f6stusstandarditele<\/strong>: T\u00e4ielikult koosk\u00f5las ASTM F2029 standardiga, mis tagab, et katsetulemused vastavad t\u00f6\u00f6stuse tunnustatud tihendustugevuse kriteeriumidele.<\/li>\n<li><strong>Kulut\u00f5hus kvaliteedikontroll<\/strong>: Aitab tootjatel tuvastada pakendi tihendite n\u00f5rkused enne masstootmist, v\u00e4ltides sellega kulukaid pakendivigu ja tootekadu.<\/li>\n<\/ul>\n<p>The <strong>HST-02 pakendite kuumkinnituse tester HST-02<\/strong> on oluline vahend, et tagada kuumsuletud pakkematerjalide kvaliteet ja usaldusv\u00e4\u00e4rsus. HST-02 v\u00f5imaldab tootjatel tegelikke pitseerimistingimusi j\u00e4ljendades p\u00f5hjalikult testida materjalide kuumsuletavust, tagades, et nende tooted vastavad vajalikele tugevuse ja terviklikkuse standarditele. Olenemata sellest, kas olete toidu-, farmaatsia- v\u00f5i meditsiiniseadmete t\u00f6\u00f6stuses, aitab HST-02 teil saavutada pakendite k\u00f5rgeima kvaliteedi ja j\u00f5udluse taseme.<\/p>\n<p>See seade on oluline investeering ettev\u00f5tetele, mille eesm\u00e4rk on s\u00e4ilitada kvaliteedikontroll, v\u00e4hendada pakendamisvigade arvu ning parandada oma toodete \u00fcldist ohutust ja vastupidavust.<\/p>","protected":false},"excerpt":{"rendered":"<p>The <strong>Pakendite termosulguri tester<\/strong> on oluline vahend erinevate pakkematerjalide, n\u00e4iteks paindlike kilede, laminaatide, pol\u00fcmeeride ja komposiitide kuumsuletavuse katsetamiseks. See laboratoorselt kasutatav seade on m\u00f5eldud tegeliku pitseerimisprotsessi simuleerimiseks, mis v\u00f5imaldab tootjatel tagada oma pakenditihendite tugevuse, usaldusv\u00e4\u00e4rsuse ja funktsionaalsuse. T\u00f5hus termotihendus on oluline toiduainete, meditsiini-, farmaatsia- ja tarbekaupade pakendite terviklikkuse tagamiseks, kus pakendi rike v\u00f5ib viia toote ohutuse, s\u00e4ilivusaja ja kasutatavuse v\u00e4henemiseni.<\/p>","protected":false},"featured_media":5905,"comment_status":"closed","ping_status":"closed","template":"","meta":{"site-sidebar-layout":"default","site-content-layout":"default","ast-global-header-display":"","ast-main-header-display":"","ast-hfb-above-header-display":"","ast-hfb-below-header-display":"","ast-hfb-mobile-header-display":"","site-post-title":"disabled","ast-breadcrumbs-content":"","ast-featured-img":"","footer-sml-layout":"","theme-transparent-header-meta":"default","adv-header-id-meta":"","stick-header-meta":"","header-above-stick-meta":"","header-main-stick-meta":"","header-below-stick-meta":""},"product_cat":[845,677,149,16,142,95],"product_tag":[],"class_list":{"0":"post-2371","1":"product","2":"type-product","3":"status-publish","4":"has-post-thumbnail","6":"product_cat-customization","7":"product_cat-heat-seal-tester","8":"product_cat-pharma-and-medical-testers","9":"product_cat-plastic-packaging-testers","10":"product_cat-astm-f2029","11":"product_cat-products","12":"desktop-align-left","13":"tablet-align-left","14":"mobile-align-left","16":"first","17":"instock","18":"featured","19":"shipping-taxable","20":"product-type-simple"},"_links":{"self":[{"href":"https:\/\/www.qualitester.com\/et\/wp-json\/wp\/v2\/product\/2371","targetHints":{"allow":["GET"]}}],"collection":[{"href":"https:\/\/www.qualitester.com\/et\/wp-json\/wp\/v2\/product"}],"about":[{"href":"https:\/\/www.qualitester.com\/et\/wp-json\/wp\/v2\/types\/product"}],"replies":[{"embeddable":true,"href":"https:\/\/www.qualitester.com\/et\/wp-json\/wp\/v2\/comments?post=2371"}],"version-history":[{"count":0,"href":"https:\/\/www.qualitester.com\/et\/wp-json\/wp\/v2\/product\/2371\/revisions"}],"wp:featuredmedia":[{"embeddable":true,"href":"https:\/\/www.qualitester.com\/et\/wp-json\/wp\/v2\/media\/5905"}],"wp:attachment":[{"href":"https:\/\/www.qualitester.com\/et\/wp-json\/wp\/v2\/media?parent=2371"}],"wp:term":[{"taxonomy":"product_cat","embeddable":true,"href":"https:\/\/www.qualitester.com\/et\/wp-json\/wp\/v2\/product_cat?post=2371"},{"taxonomy":"product_tag","embeddable":true,"href":"https:\/\/www.qualitester.com\/et\/wp-json\/wp\/v2\/product_tag?post=2371"}],"curies":[{"name":"wp","href":"https:\/\/api.w.org\/{rel}","templated":true}]}}