{"id":1827,"date":"2023-04-27T09:11:59","date_gmt":"2023-04-27T01:11:59","guid":{"rendered":"https:\/\/www.qualitester.com\/?post_type=product&#038;p=1827"},"modified":"2024-12-04T11:43:39","modified_gmt":"2024-12-04T03:43:39","slug":"torque-tester-tt-01","status":"publish","type":"product","link":"https:\/\/www.qualitester.com\/et\/toode\/torque-tester-tt-01\/","title":{"rendered":"TT-01Momendi tester"},"content":{"rendered":"<h2>Sissejuhatus korkide p\u00f6\u00f6rdemomendi testimisse<\/h2>\n<p>Korkide p\u00f6\u00f6rdemomendi kontrollimine on oluline, et tagada pudelite, mahutite ja muude pakendite korkide n\u00f5uetekohane disain ohutuks ja t\u00f5husaks kasutamiseks. Olenemata sellest, kas tegemist on ravimi-, toidu-, joogi- v\u00f5i tarbekaupade pakendiga, m\u00f5jutab korkide avamiseks ja sulgemiseks vajalik p\u00f6\u00f6rdemoment otseselt nii tarbijate mugavust kui ka toote ohutust. Veebileht <strong>Korki p\u00f6\u00f6rdemomendi tester<\/strong> pakub tootjatele t\u00e4pseid m\u00f5\u00f5tmisi, mis on vajalikud regulatiivsete standardite t\u00e4itmiseks ja pakendite funktsionaalsuse parandamiseks.<\/p>\n<h2>Peamised standardid: ASTM D2063, ASTM D3198, ASTM D3474<\/h2>\n<h3><a href=\"https:\/\/www.astm.org\/d2063_d2063m-10r18.html\" target=\"_blank\" rel=\"noopener nofollow\">ASTM D2063<\/a>: Lastekindla pakendi avamiseks ja sulgemiseks vajaliku p\u00f6\u00f6rdemomendi standardkatsemeetod<\/h3>\n<p><a href=\"https:\/\/www.qualitester.com\/et\/tootekategooria\/astm\/astm-d2063\/\" target=\"_blank\" rel=\"noopener\"><strong>ASTM D2063<\/strong><\/a> kirjeldab katsemeetodit, millega m\u00e4\u00e4ratakse kindlaks lastekindla pakendi avamiseks ja sulgemiseks vajalik p\u00f6\u00f6rdemoment, mis tagab ravimite ja kemikaalide pakendamise ohutuse. See standard on eriti oluline pakendite puhul, mis peavad takistama laste tahtmatut juurdep\u00e4\u00e4su. . <strong>Korki p\u00f6\u00f6rdemomendi tester<\/strong> m\u00f5\u00f5dab nii avamis- kui ka sulgemismomente, mis on tootjatele h\u00e4davajalik lastekindla pakendi n\u00f5uete t\u00e4itmiseks.<\/p>\n<h3><a href=\"https:\/\/www.astm.org\/d3198-97r02.html\" target=\"_blank\" rel=\"noopener nofollow\">ASTM D3198<\/a>: Standardne katsemeetod klaaspakendite avamiseks ja sulgemiseks vajaliku p\u00f6\u00f6rdemomendi m\u00e4\u00e4ramiseks<\/h3>\n<p><a href=\"https:\/\/www.qualitester.com\/et\/tootekategooria\/astm\/astm-d3198\/\" target=\"_blank\" rel=\"noopener\"><strong>ASTM D3198<\/strong><\/a> m\u00e4\u00e4rab kindlaks klaasist mahutite sulgurite avamiseks ja sulgemiseks vajaliku p\u00f6\u00f6rdemomendi. Kuna klaas on endiselt levinud pakkematerjal, eriti toidu- ja joogisektoris, on \u00f5ige sulgemismomendi tagamine oluline toote terviklikkuse tagamiseks k\u00e4itlemise, transpordi ja tarbimise ajal. . <strong>Korki p\u00f6\u00f6rdemomendi tester<\/strong> tagab t\u00e4pse p\u00f6\u00f6rdemomendi m\u00f5\u00f5tmise vastavalt standardile ASTM D3198, tagades, et klaaspakendid vastavad n\u00f5utavatele toimivusnormidele.<\/p>\n<h3><a href=\"https:\/\/www.astm.org\/d3474-90r18.html\" target=\"_blank\" rel=\"noopener nofollow\">ASTM D3474<\/a>: Standardne katsemeetod sulgurite avamiseks vajaliku p\u00f6\u00f6rdemomendi ja j\u00f5u m\u00e4\u00e4ramiseks<\/h3>\n<p><a href=\"https:\/\/www.qualitester.com\/et\/tootekategooria\/astm\/astm-d3474\/\" target=\"_blank\" rel=\"noopener\"><strong>ASTM D3474<\/strong><\/a> t\u00e4psustab nii sulgurite, eelk\u00f5ige vedelikupakendite avamiseks vajaliku p\u00f6\u00f6rdemomendi kui ka j\u00f5u m\u00f5\u00f5tmise korda. See standard on oluline tagamaks, et pakendeid ei oleks mitte ainult lihtne avada, vaid ka piisavalt turvaline, et kaitsta sees olevat toodet. . <strong>Korki p\u00f6\u00f6rdemomendi tester<\/strong> on varustatud nii p\u00f6\u00f6rdemomendi kui ka j\u00f5u m\u00f5\u00f5tmiseks vastavalt standardile ASTM D3474, mis annab kriitilisi andmeid pakendite kvaliteedikontrolliks.<\/p>\n<h2>Korkide p\u00f6\u00f6rdemomendi testija peamised omadused<\/h2>\n<ul>\n<li><strong>T\u00e4pne m\u00f5\u00f5tmine<\/strong>: Tester tagab nii avamis- kui ka lukustusj\u00f5udude t\u00e4pse m\u00f5\u00f5tmise, mis on oluline pudelikorkide ja sulgurite toimivuse m\u00e4\u00e4ramiseks.<\/li>\n<li><strong>Stabiilne ja usaldusv\u00e4\u00e4rne<\/strong>: Tuntud t\u00f6\u00f6stusliku taseme stabiilsuse poolest, tagab korkide p\u00f6\u00f6rdemomendi tester korratavad ja usaldusv\u00e4\u00e4rsed katsetulemused, isegi erineva suurusega korkide puhul.<\/li>\n<li><strong>Mitu m\u00f5\u00f5t\u00fchikut<\/strong>: N\u00e4itab p\u00f6\u00f6rdemomendi tulemusi erinevates \u00fchikutes, sealhulgas Kgf.cm, N.cm, daN.cm, Inch.lbs ja N.m, vastavalt rahvusvahelistele katsestandarditele ja eelistustele.<\/li>\n<li><strong>Kasutajas\u00f5bralik kasutajaliides<\/strong>: Intuitiivne HMI puuteekraaniga kasutajaliides muudab t\u00f6\u00f6tamise lihtsaks ja t\u00f5husaks, lisavarustusena on v\u00f5imalik kasutada mikroprinterit andmete lihtsaks logimiseks ja dokumenteerimiseks.<\/li>\n<li><strong>\u00dclekoormuskaitse<\/strong>: Tester on varustatud \u00fclekoormuskaitsega, mis kaitseb nii seadmeid kui ka operaatorit liigse j\u00f5u eest testimise ajal.<\/li>\n<li><strong>Laiendatud klambrite vahemik<\/strong>: Sobib paljude erinevate pakendi suurustega, klambrite vahemikuga \u03a65mm kuni \u03a6170mm, mis muudab selle mitmek\u00fclgseks erinevate pudelit\u00fc\u00fcpide jaoks.<\/li>\n<li><strong>RS232 ja tarkvara integreerimine<\/strong>: Varustatud RS232-porti andmeedastuseks ja valikulise professionaalse tarkvara integreerimisega t\u00e4iustatud anal\u00fc\u00fcsiks ja aruandluseks.<\/li>\n<\/ul>\n<h2>Katseprotsess: Kuidas korkide p\u00f6\u00f6rdemomendi tester t\u00f6\u00f6tab<\/h2>\n<ol>\n<li><strong>N\u00e4idise seadistus<\/strong>: Asetage pudelikorki testija fikseeritud klambrisse.<\/li>\n<li><strong>K\u00e4sitsi t\u00f6\u00f6tamine<\/strong>: Kasutaja avab v\u00f5i lukustab korki k\u00e4sitsi, rakendades j\u00f5udu p\u00f6\u00f6rdemomendi v\u00e4\u00e4rtuste m\u00f5\u00f5tmiseks.<\/li>\n<li><strong>P\u00f6\u00f6rdemomendi m\u00f5\u00f5tmine<\/strong>: Klambriga \u00fchendatud andur registreerib rakendatud p\u00f6\u00f6rdemomendi, m\u00f5\u00f5tes nii korki avamiseks kui ka sulgemiseks vajalikku j\u00f5udu.<\/li>\n<li><strong>Andmete salvestamine<\/strong>: Tester salvestab tippv\u00e4\u00e4rtused automaatselt ja kuvab need h\u00f5lpsaks t\u00f5lgendamiseks ja anal\u00fc\u00fcsiks puuteekraanil.<\/li>\n<\/ol>\n<h2>Miks valida korkide p\u00f6\u00f6rdemomendi tester?<\/h2>\n<ol>\n<li><strong>T\u00e4psus ja t\u00e4psus<\/strong>: Annab v\u00e4ga t\u00e4pseid n\u00e4itusid, mis on olulised korkide konstruktsioonide kvaliteedikontrolli ja toimivuse valideerimise jaoks.<\/li>\n<li><strong>Vastavus peamistele t\u00f6\u00f6stusstandarditele<\/strong>: Vastab olulistele katsestandarditele nagu ASTM D2063, ASTM D3198 ja ASTM D3474, tagades regulatiivse vastavuse sellistes t\u00f6\u00f6stusharudes nagu farmaatsia- ja toidupakendid.<\/li>\n<li><strong>Mitmek\u00fclgne mitmete pakendiliikide jaoks<\/strong>: Ideaalne erinevate sulgurite, sealhulgas PET-pudelite, ravimipudelite, kottide ja paindlike torupakendite testimiseks.<\/li>\n<li><strong>T\u00f5hus ja vastupidav<\/strong>: M\u00f5eldud suure j\u00f5udlusega testimiseks, millel on sisseehitatud \u00fclekoormuskaitse, andmete s\u00e4ilitamine ja intuitiivne kasutajaliides, mis parandab testimise t\u00f5husust.<\/li>\n<\/ol>\n<p>The <strong>Korki p\u00f6\u00f6rdemomendi tester<\/strong> on oluline vahend erinevate t\u00f6\u00f6stusharude, sealhulgas farmaatsiat\u00f6\u00f6stuse, toidu- ja joogit\u00f6\u00f6stuse ning tarbekaupade tootjate jaoks. Tagades t\u00e4pse p\u00f6\u00f6rdemomendi m\u00f5\u00f5tmise ja vastavuse peamistele standarditele, nagu n\u00e4iteks <strong>ASTM D2063<\/strong>, <strong>ASTM D3198<\/strong>, ja <strong>ASTM D3474<\/strong>, tagab see tester pakendite ohutuse, funktsionaalsuse ja kasutusmugavuse. T\u00e4nu mitmek\u00fclgsele disainile, usaldusv\u00e4\u00e4rsusele ja suurele t\u00e4psusele aitab korkide p\u00f6\u00f6rdemomendi tester tootjatel optimeerida oma tootmisprotsesse, parandada kvaliteedikontrolli ja t\u00e4ita k\u00f5rgeimaid t\u00f6\u00f6stusstandardeid.<\/p>","protected":false},"excerpt":{"rendered":"<p>Korkide p\u00f6\u00f6rdemomendi kontrollimine on oluline, et tagada pudelite, mahutite ja muude pakendite korkide n\u00f5uetekohane disain ohutuks ja t\u00f5husaks kasutamiseks. Olenemata sellest, kas tegemist on ravimi-, toidu-, joogi- v\u00f5i tarbekaupade pakendiga, m\u00f5jutab korkide avamiseks ja sulgemiseks vajalik p\u00f6\u00f6rdemoment otseselt nii tarbijate mugavust kui ka toote ohutust. Veebileht <strong>Korki p\u00f6\u00f6rdemomendi tester<\/strong> pakub tootjatele t\u00e4pseid m\u00f5\u00f5tmisi, mis on vajalikud regulatiivsete standardite t\u00e4itmiseks ja pakendite funktsionaalsuse parandamiseks.<\/p>","protected":false},"featured_media":6027,"comment_status":"closed","ping_status":"closed","template":"","meta":{"site-sidebar-layout":"default","site-content-layout":"default","ast-global-header-display":"","ast-main-header-display":"","ast-hfb-above-header-display":"","ast-hfb-below-header-display":"","ast-hfb-mobile-header-display":"","site-post-title":"disabled","ast-breadcrumbs-content":"","ast-featured-img":"disabled","footer-sml-layout":"","theme-transparent-header-meta":"default","adv-header-id-meta":"","stick-header-meta":"","header-above-stick-meta":"","header-main-stick-meta":"","header-below-stick-meta":""},"product_cat":[845,687,17,124,125,128,95],"product_tag":[],"class_list":{"0":"post-1827","1":"product","2":"type-product","3":"status-publish","4":"has-post-thumbnail","6":"product_cat-customization","7":"product_cat-torque-tester","8":"product_cat-package-container-testers","9":"product_cat-astm-d2063","10":"product_cat-astm-d3198","11":"product_cat-astm-d3474","12":"product_cat-products","13":"desktop-align-left","14":"tablet-align-left","15":"mobile-align-left","17":"first","18":"instock","19":"shipping-taxable","20":"product-type-simple"},"_links":{"self":[{"href":"https:\/\/www.qualitester.com\/et\/wp-json\/wp\/v2\/product\/1827","targetHints":{"allow":["GET"]}}],"collection":[{"href":"https:\/\/www.qualitester.com\/et\/wp-json\/wp\/v2\/product"}],"about":[{"href":"https:\/\/www.qualitester.com\/et\/wp-json\/wp\/v2\/types\/product"}],"replies":[{"embeddable":true,"href":"https:\/\/www.qualitester.com\/et\/wp-json\/wp\/v2\/comments?post=1827"}],"version-history":[{"count":0,"href":"https:\/\/www.qualitester.com\/et\/wp-json\/wp\/v2\/product\/1827\/revisions"}],"wp:featuredmedia":[{"embeddable":true,"href":"https:\/\/www.qualitester.com\/et\/wp-json\/wp\/v2\/media\/6027"}],"wp:attachment":[{"href":"https:\/\/www.qualitester.com\/et\/wp-json\/wp\/v2\/media?parent=1827"}],"wp:term":[{"taxonomy":"product_cat","embeddable":true,"href":"https:\/\/www.qualitester.com\/et\/wp-json\/wp\/v2\/product_cat?post=1827"},{"taxonomy":"product_tag","embeddable":true,"href":"https:\/\/www.qualitester.com\/et\/wp-json\/wp\/v2\/product_tag?post=1827"}],"curies":[{"name":"wp","href":"https:\/\/api.w.org\/{rel}","templated":true}]}}