{"id":1668,"date":"2023-04-25T15:00:29","date_gmt":"2023-04-25T07:00:29","guid":{"rendered":"https:\/\/www.qualitester.com\/?post_type=product&#038;p=1668"},"modified":"2024-11-27T16:53:03","modified_gmt":"2024-11-27T08:53:03","slug":"gradient-heat-seal-tester-ghs-01","status":"publish","type":"product","link":"https:\/\/www.qualitester.com\/et\/toode\/gradient-heat-seal-tester-ghs-01\/","title":{"rendered":"GHS-01 Gradientne kuumkindluse tester"},"content":{"rendered":"<h2>Sissejuhatus<\/h2>\n<p>Pakendit\u00f6\u00f6stuses on pakendatud toote terviklikkuse ja ohutuse s\u00e4ilitamise seisukohalt v\u00e4ga oluline tagada, et sellised materjalid nagu kiled, laminaadid ja paindlikud t\u00f5kked moodustaksid tugevad ja vastupidavad tihendid. Olgu tegemist siis toidu, ravimite, meditsiiniseadmete v\u00f5i elektroonika pakendamisega, <strong>kuumsulge tugevus<\/strong> m\u00e4ngib v\u00f5tmerolli teie toodete kaitsmisel saastumise, lekete ja riknemise eest.<\/p>\n<p>The <strong>Kuumkinnituse tugevuse tester<\/strong> on t\u00e4ppisinstrument, mis on m\u00f5eldud pakendimaterjalide termotihendi omaduste hindamiseks, tagades, et tihendid on tugevad, usaldusv\u00e4\u00e4rsed ja j\u00e4rjepidevad. See tester simuleerib tegelikku kuumsulgemisprotsessi, reguleerides temperatuuri, r\u00f5hku ja sulgemisaega, et m\u00e4\u00e4rata kindlaks ideaalsed tingimused t\u00e4iusliku tihendi loomiseks.<\/p>\n<p>The <strong>Gradientse kuumuse tihendamise katse<\/strong> on t\u00e4iustatud meetod, mis suurendab katsete t\u00f5husust, rakendades kontrollitud temperatuurigradienti kogu tihendamisalal, mis v\u00f5imaldab teha samaaegselt mitu katset erinevate temperatuuriseadete juures.<\/p>\n<h2>Kuumkinnituse tugevuse testija peamised omadused<\/h2>\n<h3>T\u00e4ppistihendite kontrollitud katsetamise tingimused<\/h3>\n<p>The <strong>Kuumkinnituse tugevuse tester<\/strong> on kavandatud paindlikkust ja t\u00e4psust silmas pidades. Selle reguleeritavad seaded <strong>temperatuur<\/strong>, <strong>surve<\/strong>, ja <strong>sulgemise aeg<\/strong> v\u00f5imaldavad simuleerida erinevaid pakendamisprotsessis kasutatavaid sulgemistingimusi. Need seadistused v\u00f5imaldavad tootjatel katsetada ja optimeerida oma materjale, et saavutada k\u00f5ige usaldusv\u00e4\u00e4rsemad ja tugevamad tihendid tegelikes tootmistingimustes.<\/p>\n<h3>Temperatuurigradient optimaalseks testimiseks<\/h3>\n<p>Selle testeri \u00fcks silmapaistvaid omadusi on <strong>Gradientse kuumuse tihendamise katse<\/strong> funktsionaalsus, mis rakendab kontrollitud <strong>temperatuuri gradient<\/strong> kogu tihendusala. See v\u00f5imaldab katsetada korraga mitut tihendustingimust, parandades katsetamise t\u00f5husust ja v\u00e4hendades katsete vahelist seisakuaega. Erinevatel temperatuuridel samaaegselt katsetades saavad tootjad t\u00f5husamalt kindlaks m\u00e4\u00e4rata parimad tingimused erinevate materjalide tihendamiseks ja parandada pakendi \u00fcldist kvaliteeti.<\/p>\n<p>Sisuliselt on <strong>Gradientse kuumuse tihendamise katse<\/strong> teeb <strong>Kuumkinnituse tugevuse tester<\/strong> a <strong>Mitmejaamaline<\/strong> testimisseade, millega saab samaaegselt teha mitu katset erinevatel temperatuuridel, mis s\u00e4\u00e4stab aega ja suurendab testimisprotsessi t\u00f5husust.<\/p>\n<h2>ASTM F2029: Kuumkinnituse tugevuse testimise standard<\/h2>\n<h3>\u00dclevaade ASTM F2029-16(2021) kohta<\/h3>\n<p><strong><a href=\"https:\/\/www.astm.org\/f2029-16r21.html\" target=\"_blank\" rel=\"noopener nofollow\">ASTM F2029<\/a>-16(2021)<\/strong> on <strong>Laboratoorsete soojustihendite valmistamise standardtegevus<\/strong> m\u00e4\u00e4rata kindlaks <strong>paindlike t\u00f5kkematerjalide kuumsuletavus<\/strong>. Seda standardit kasutatakse erinevatele pakkematerjalidele laboratoorsetes tingimustes tehtud kuumsulgejate tugevuse hindamiseks.<\/p>\n<p>The <a href=\"https:\/\/www.qualitester.com\/et\/tootekategooria\/astm\/astm-f2029\/\" target=\"_blank\" rel=\"noopener\"><strong>ASTM F2029<\/strong><\/a> standard s\u00e4testab menetlused ja n\u00f5uded usaldusv\u00e4\u00e4rsete kuumsulgejate loomiseks ja nende tugevuse m\u00f5\u00f5tmiseks, mis on oluline pakkematerjalide terviklikkuse ja kvaliteedi hindamiseks. Selle standardi j\u00e4rgimine tagab, et tootjad toodavad pakendeid, mis vastavad toote ohutuse tagamiseks n\u00f5utavale vastupidavusele ja pitseerimisele.<\/p>\n<h3>Katsemeetodid vastavalt ASTM F2029<\/h3>\n<p>The <strong>Kuumkinnituse tugevuse tester<\/strong> j\u00e4rgib ASTM F2029-s kirjeldatud menetlusi, et luua laboratoorselt kuumt\u00f5kkeid ja m\u00f5\u00f5ta nende tugevust. Protsess toimib j\u00e4rgmiselt:<\/p>\n<ol>\n<li><strong>Proovi ettevalmistamine<\/strong>: Pakendimaterjali n\u00e4idis asetatakse kahe paralleelse kuumutatud tihendamisl\u00f5ugade vahele.<\/li>\n<li><strong>Tihendusprotsess<\/strong>: Tester rakendab soojuse, r\u00f5hu ja aja seadistusi, et simuleerida tegelikke tihendamistingimusi. \u00dclemine l\u00f5ug liigub alla, avaldades survet materjalile ja rakendades samal ajal kuumust.<\/li>\n<li><strong>Testimise aeg<\/strong>: Tihendamisaeg on reguleeritav 0,1 sekundist kuni mitme tunnini, mis v\u00f5imaldab katsetada eri ajavahemike j\u00e4rel.<\/li>\n<li><strong>Hinnangu andmine<\/strong>: Kui pitseerimisaeg on l\u00f5uad t\u00f5stetakse ja katse on l\u00f5ppenud. Seej\u00e4rel anal\u00fc\u00fcsitakse tihendi tugevust, kasutades selliseid meetodeid nagu \u00f5hulekkekatsed, v\u00e4rvipenetratsioon, visuaalne kontroll v\u00f5i mikroorganismide penetratsioon.<\/li>\n<\/ol>\n<p>See protsess imiteerib tingimusi, milles pakendamisprotsessi k\u00e4igus luuakse termotihendid, aidates tootjatel kindlaks teha, kas nende pakendimaterjalid peavad vastu n\u00f5utavale koormusele reaalses keskkonnas.<\/p>\n<h2>Kuumkinnituse tugevuse testija (GHS-01 gradientse kuumkinnituse testija) tehnilised omadused<\/h2>\n<ul>\n<li><strong>Tihendusl\u00f5iked ja kuumutusmehhanism<\/strong>: \u00dclemine ja alumine l\u00f5ug on valmistatud kvaliteetsest alumiiniumist ja neil on s\u00f5ltumatud k\u00fcttes\u00fcsteemid, mis v\u00e4listavad soojuskaod, tagades \u00fchtlase ja \u00fchtlase temperatuuri jaotumise testimise ajal.<\/li>\n<li><strong>PID temperatuuriregulaator<\/strong>: Edasij\u00f5udnud <strong>PID (Proportsionaalne integraalne tuletis)<\/strong> temperatuuri kontroller tagab t\u00e4pse temperatuuri kontrolli, mis v\u00f5imaldab \u00fchtlast ja usaldusv\u00e4\u00e4rset kuumutamist kogu katseprotsessi v\u00e4ltel.<\/li>\n<li><strong>Taimer ja l\u00e4hedusandur<\/strong>: T\u00e4pse taimeri ja l\u00e4hedusanduri kombinatsioon s\u00fcnkroniseerib tihendamisprotsessi alguse l\u00f5ualuu liikumisega, tagades, et katse algab \u00f5igel hetkel ja kestab t\u00e4pselt n\u00f5utava aja jooksul.<\/li>\n<li><strong>Tihendusr\u00f5hk ja l\u00f5ugade kohandamine<\/strong>: Tester rakendab \u00fchtlast tihendusr\u00f5hku <strong>0,15-0,7 MPa<\/strong> ja pakub kohandatavaid tihendipaelasid (m\u00f5\u00f5tmed, kuju ja mustrid), et vastata erinevatele testimisvajadustele ja pakendimaterjalidele.<\/li>\n<li><strong>Ohutusfunktsioonid<\/strong>: Kasutajate ohutus on esmat\u00e4htis, kuna on olemas sellised funktsioonid nagu p\u00f5letusevastane esikate ja k\u00e4si-\/jalal\u00fclitid, mis kaitsevad operaatorit testimise ajal.<\/li>\n<\/ul>\n<h2>Peamised parameetrid<\/h2>\n<table>\n<tbody>\n<tr>\n<td style=\"text-align: center;\" width=\"127\">Tihendus Temp.<\/td>\n<td style=\"text-align: center;\" width=\"196\">Keskkond ~250 \u2103<\/td>\n<\/tr>\n<tr>\n<td style=\"text-align: center;\" width=\"127\">Temperatuur. Gradient<\/td>\n<td style=\"text-align: center;\" width=\"196\">\u226420\u2103<\/td>\n<\/tr>\n<tr>\n<td style=\"text-align: center;\" width=\"127\">K\u00f5rvalekaldumine<\/td>\n<td style=\"text-align: center;\" width=\"196\">\u00b10.2\u2103<\/td>\n<\/tr>\n<tr>\n<td style=\"text-align: center;\" width=\"127\">Tihendamise aeg<\/td>\n<td style=\"text-align: center;\" width=\"196\">0,1S~9999S<\/td>\n<\/tr>\n<tr>\n<td style=\"text-align: center;\" width=\"127\">Tihendusr\u00f5hk<\/td>\n<td style=\"text-align: center;\" width=\"196\">0,15~0,7 MPa<\/td>\n<\/tr>\n<tr>\n<td style=\"text-align: center;\" width=\"127\">Tihendi l\u00f5uad (mm)<\/td>\n<td style=\"text-align: center;\" width=\"196\">U:40*10 5TK\/L:330 1TK<\/td>\n<\/tr>\n<tr>\n<td style=\"text-align: center;\" width=\"127\">Gaasi sisend<\/td>\n<td style=\"text-align: center;\" width=\"196\">0,7 MPa koos \u04246 mm toruga<\/td>\n<\/tr>\n<tr>\n<td style=\"text-align: center;\" width=\"127\">V\u00f5imsus<\/td>\n<td style=\"text-align: center;\" width=\"196\">AC 220V 50Hz<\/td>\n<\/tr>\n<\/tbody>\n<\/table>\n<h2>Katseprotsess<\/h2>\n<ol>\n<li><strong>Proovi paigutamine<\/strong>: Asetage proovimaterjal kahe paralleelse kuumutatud l\u00f5ualuu vahele.<\/li>\n<li><strong>K\u00fcte ja tihendamine<\/strong>: Seadistage temperatuur, r\u00f5hk ja aeg, seej\u00e4rel laske kuumutusl\u00f5ugudel avaldada proovile survet ja kuumust.<\/li>\n<li><strong>L\u00f5petamine ja hindamine<\/strong>: P\u00e4rast etteantud tihendusaja m\u00f6\u00f6dumist avanevad l\u00f5uad ja tihendi tugevust hinnatakse erinevate meetoditega, n\u00e4iteks \u00f5hulekke testimise v\u00f5i visuaalse kontrolli abil.<\/li>\n<\/ol>\n<h2>Rakendused ja teenindatavad t\u00f6\u00f6stusharud<\/h2>\n<p>The <strong>Kuumkinnituse tugevuse tester<\/strong> on oluline kvaliteedi tagamisel mitmes t\u00f6\u00f6stusharus:<\/p>\n<ul>\n<li><strong>Pakendit\u00f6\u00f6stus<\/strong>: Tagab toiduainete, jookide ja tarbekaupade pakkematerjalide terviklikkuse.<\/li>\n<li><strong>Farmaatsiatooted<\/strong>: Kontrollib, et ravimipakendite plommid vastavad \u00f5igusnormidele ja s\u00e4ilitavad toote steriilsuse.<\/li>\n<li><strong>Meditsiiniseadmed<\/strong>: Testib pakendimaterjale tundlike meditsiiniseadmete tugevuse ja kaitse tagamiseks.<\/li>\n<li><strong>Elektroonika ja muud t\u00f6\u00f6stusharud<\/strong>: Hindab pakendimaterjale elektroonika ja mitmesuguste muude t\u00f6\u00f6stusharude jaoks, mis vajavad tugevaid ja usaldusv\u00e4\u00e4rseid tihendeid.<\/li>\n<\/ul>\n<p>The <strong>Kuumkinnituse tugevuse tester<\/strong> on oluline vahend tootjatele, kes soovivad tagada oma pakkematerjalide kvaliteeti, ohutust ja vastupidavust. Olenemata sellest, kas tegemist on toiduainete, ravimite v\u00f5i meditsiiniseadmete sulgemisega, see tester annab t\u00e4pseid ja usaldusv\u00e4\u00e4rseid tulemusi pakendite optimaalse toimimise tagamiseks. Varustatud <strong>Gradientse kuumuse tihendamise katse<\/strong> funktsionaalsus ja vastavus <strong>ASTM F2029<\/strong>, on see ideaalne lahendus, et saavutada iga kord suurep\u00e4rased kuumkinnitused.<\/p>\n<h2>KKK jaotis: Heat Seal Tugevuse Testers: Common Questions About Heat Seal Tugevuse Testers: Common Questions About Heat Seal Strength Testers<\/h2>\n<ol>\n<li><strong>Milliseid materjale saab testida kuumkinnituse tugevuse testeriga?<\/strong>\n<ul>\n<li>Tester sobib ideaalselt mitmesuguste pakkematerjalide, sealhulgas kilede, laminaatide ja paindlike barj\u00e4\u00e4rimaterjalide testimiseks.<\/li>\n<\/ul>\n<\/li>\n<li><strong>Milline on Gradient Heat Seal testi roll?<\/strong>\n<ul>\n<li>The <strong>Gradientse kuumuse tihendamise katse<\/strong> v\u00f5imaldab katsetada samaaegselt erinevatel temperatuuriseadistustel, suurendades t\u00f5husust, v\u00e4hendades katseaega ja parandades tihendi toimivust.<\/li>\n<\/ul>\n<\/li>\n<li><strong>Millistele t\u00f6\u00f6stusharudele on kuumsulge testimine kasulik?<\/strong>\n<ul>\n<li>Sellised t\u00f6\u00f6stusharud nagu toidupakendid, farmaatsiatooted, meditsiiniseadmed, elektroonika ja tarbekaubad saavad k\u00f5ik kasu termosulguri tugevuse testija kasutamisest.<\/li>\n<\/ul>\n<\/li>\n<li><strong>Kuidas tagab kuumkinnituse tugevuse tester t\u00e4psuse?<\/strong>\n<ul>\n<li>T\u00e4nu sellistele funktsioonidele nagu t\u00e4pne temperatuurikontroll, reguleeritav tihendussurve ja kohandatavad testseaded tagab tester iga kord usaldusv\u00e4\u00e4rsed ja korratavad tulemused.<\/li>\n<\/ul>\n<\/li>\n<li><strong>Kas termotihendi tugevuse tester vastab ASTM standarditele?<\/strong>\n<ul>\n<li>Jah, testija vastab <strong>ASTM F2029<\/strong>, tagades vastavuse t\u00f6\u00f6stusstandarditele, et testida kuumsulami tugevust ja materjali vastupidavust.<\/li>\n<\/ul>\n<\/li>\n<\/ol>","protected":false},"excerpt":{"rendered":"<p>Pakendit\u00f6\u00f6stuses on pakendatud toote terviklikkuse ja ohutuse s\u00e4ilitamise seisukohalt v\u00e4ga oluline tagada, et sellised materjalid nagu kiled, laminaadid ja paindlikud t\u00f5kked moodustaksid tugevad ja vastupidavad tihendid. Olgu tegemist siis toidu, ravimite, meditsiiniseadmete v\u00f5i elektroonika pakendamisega, <strong>kuumsulge tugevus<\/strong> m\u00e4ngib v\u00f5tmerolli teie toodete kaitsmisel saastumise, lekete ja riknemise eest.<\/p>","protected":false},"featured_media":5911,"comment_status":"closed","ping_status":"closed","template":"","meta":{"site-sidebar-layout":"default","site-content-layout":"default","ast-global-header-display":"","ast-main-header-display":"","ast-hfb-above-header-display":"","ast-hfb-below-header-display":"","ast-hfb-mobile-header-display":"","site-post-title":"disabled","ast-breadcrumbs-content":"","ast-featured-img":"disabled","footer-sml-layout":"","theme-transparent-header-meta":"default","adv-header-id-meta":"","stick-header-meta":"","header-above-stick-meta":"","header-main-stick-meta":"","header-below-stick-meta":""},"product_cat":[845,677,149,16,142,95],"product_tag":[65,31,55],"class_list":{"0":"post-1668","1":"product","2":"type-product","3":"status-publish","4":"has-post-thumbnail","6":"product_cat-customization","7":"product_cat-heat-seal-tester","8":"product_cat-pharma-and-medical-testers","9":"product_cat-plastic-packaging-testers","10":"product_cat-astm-f2029","11":"product_cat-products","12":"product_tag-heat-seal","13":"product_tag-heat-sealing","14":"product_tag-heat-seals","15":"desktop-align-left","16":"tablet-align-left","17":"mobile-align-left","19":"first","20":"instock","21":"shipping-taxable","22":"product-type-simple"},"_links":{"self":[{"href":"https:\/\/www.qualitester.com\/et\/wp-json\/wp\/v2\/product\/1668","targetHints":{"allow":["GET"]}}],"collection":[{"href":"https:\/\/www.qualitester.com\/et\/wp-json\/wp\/v2\/product"}],"about":[{"href":"https:\/\/www.qualitester.com\/et\/wp-json\/wp\/v2\/types\/product"}],"replies":[{"embeddable":true,"href":"https:\/\/www.qualitester.com\/et\/wp-json\/wp\/v2\/comments?post=1668"}],"version-history":[{"count":0,"href":"https:\/\/www.qualitester.com\/et\/wp-json\/wp\/v2\/product\/1668\/revisions"}],"wp:featuredmedia":[{"embeddable":true,"href":"https:\/\/www.qualitester.com\/et\/wp-json\/wp\/v2\/media\/5911"}],"wp:attachment":[{"href":"https:\/\/www.qualitester.com\/et\/wp-json\/wp\/v2\/media?parent=1668"}],"wp:term":[{"taxonomy":"product_cat","embeddable":true,"href":"https:\/\/www.qualitester.com\/et\/wp-json\/wp\/v2\/product_cat?post=1668"},{"taxonomy":"product_tag","embeddable":true,"href":"https:\/\/www.qualitester.com\/et\/wp-json\/wp\/v2\/product_tag?post=1668"}],"curies":[{"name":"wp","href":"https:\/\/api.w.org\/{rel}","templated":true}]}}