{"id":7865,"date":"2026-02-25T11:52:28","date_gmt":"2026-02-25T03:52:28","guid":{"rendered":"https:\/\/www.qualitester.com\/?page_id=7865"},"modified":"2026-02-25T11:57:07","modified_gmt":"2026-02-25T03:57:07","slug":"pet-bottle-wall-thickness-test","status":"publish","type":"page","link":"https:\/\/www.qualitester.com\/et\/applications\/pet-bottle-wall-thickness-test\/","title":{"rendered":"PET-pudeli seina paksuse test"},"content":{"rendered":"<p data-start=\"343\" data-end=\"664\">The <strong data-start=\"347\" data-end=\"381\">lemmikloomapudeli seina paksuse test<\/strong> m\u00e4ngib otsustavat rolli pakendi tugevuse, ohutuse ja materjalit\u00f5hususe tagamisel. Vee, jookide, ravimite ja igap\u00e4evaste kemikaalide tootjate jaoks m\u00f5jutab seina paksus otseselt survekindlust, \u00fclemise koormuse j\u00f5udlust, tilgakindlust ja barj\u00e4\u00e4riomadusi.<\/p>\n<p data-start=\"666\" data-end=\"957\">Kiiretes tootmiskeskkondades v\u00f5ivad isegi v\u00e4ikesed paksuse k\u00f5rvalekalded p\u00f5hjustada pudelite deformatsiooni, lekkeid v\u00f5i liigset materjalikulu. Seet\u00f5ttu aitab s\u00fcstemaatiline testimine kvaliteedikontrollimeeskondadel s\u00e4ilitada j\u00e4rjepidevust, optimeerida vaigukasutust ja t\u00e4ita regulatiivseid ootusi.<\/p>\n<h2 data-start=\"1144\" data-end=\"1199\">Pudelite seina paksuse juhend: Miks m\u00f5\u00f5tmine on oluline<\/h2>\n<p data-start=\"1201\" data-end=\"1337\">Struktureeritud <strong data-start=\"1214\" data-end=\"1245\">pudeli seina paksuse juhend<\/strong> algab arusaamisega, miks PET-pakendite tootmisel on paksuse \u00fchtlus kriitilise t\u00e4htsusega.<\/p>\n<p data-start=\"1339\" data-end=\"1512\">PET-pudeleid valmistatakse tavaliselt survevoltimise abil (ISBM). Venitamise ja puhumise ajal jaotub materjal eba\u00fchtlaselt. Kriitilised piirkonnad on j\u00e4rgmised:<\/p>\n<ul>\n<li>\u00d5lgade \u00fcleminekutsoonid<\/li>\n<li>Paneeli piirkonnad<\/li>\n<li>Alus ja push-up sektsioonid<\/li>\n<li>Kaela tugir\u00f5ngas<\/li>\n<\/ul>\n<p data-start=\"1613\" data-end=\"1689\">Kui seina paksus on k\u00f5rge koormusega piirkondades liiga \u00f5huke, v\u00f5ivad pudelid puruneda:<\/p>\n<ul>\n<li data-start=\"1693\" data-end=\"1712\">\u00dcleslaadimise virnastamine<\/li>\n<li data-start=\"1715\" data-end=\"1742\">Sisemise r\u00f5hu testimine<\/li>\n<li data-start=\"1745\" data-end=\"1771\">Transpordi vibratsioon<\/li>\n<li data-start=\"1774\" data-end=\"1794\">Kuumt\u00e4itmise protsessid<\/li>\n<\/ul>\n<p data-start=\"1796\" data-end=\"1887\">Teisest k\u00fcljest suurendab liigne paksus materjalikulusid ja v\u00e4hendab konkurentsiv\u00f5imet.<\/p>\n<p data-start=\"1889\" data-end=\"1960\">Usaldusv\u00e4\u00e4rne <strong data-start=\"1900\" data-end=\"1934\">lemmikloomapudeli seina paksuse test<\/strong> v\u00f5imaldab tootjatel:<\/p>\n<ul>\n<li data-start=\"1964\" data-end=\"1997\">Kontrollida projekte, mille puhul on tegemist kerge kaaluga<\/li>\n<li data-start=\"2000\" data-end=\"2034\">Kontrollida hallituse konstruktsiooni t\u00f5husust<\/li>\n<li data-start=\"2037\" data-end=\"2088\">Tagada vastavus sisemise kvaliteedikontrolli spetsifikatsioonidele<\/li>\n<li data-start=\"2091\" data-end=\"2117\">Toetada teadus- ja arendustegevuse optimeerimist<\/li>\n<\/ul>\n<h2 data-start=\"2246\" data-end=\"2302\">Plastikpudelite seinapaksus: Kvaliteedi p\u00f5hin\u00e4itajad<\/h2>\n<p data-start=\"2304\" data-end=\"2475\">Kui arutatakse <strong data-start=\"2320\" data-end=\"2353\">plastpudeli seina paksus<\/strong>, hindavad insenerid rohkem kui ainult \u00fchte m\u00f5\u00f5tmisv\u00e4\u00e4rtust. Nad anal\u00fc\u00fcsivad paksuse jaotust mitmes tsoonis.<\/p>\n<p data-start=\"2477\" data-end=\"2506\">Olulised n\u00e4itajad on j\u00e4rgmised:<\/p>\n<p data-start=\"2508\" data-end=\"2596\"><strong data-start=\"2508\" data-end=\"2537\">1. Minimaalne seina paksus<\/strong><br data-start=\"2537\" data-end=\"2540\" \/>\u00d5hukeseim punkt m\u00e4\u00e4rab struktuurilise ohutusvaru.<\/p>\n<p data-start=\"2598\" data-end=\"2665\"><strong data-start=\"2598\" data-end=\"2622\">2. Keskmine paksus<\/strong><br data-start=\"2622\" data-end=\"2625\" \/>Annab materjali tarbimise viite.<\/p>\n<p data-start=\"2667\" data-end=\"2766\"><strong data-start=\"2667\" data-end=\"2706\">3. Paksuse varieerumine (\u00fchtlus)<\/strong><br data-start=\"2706\" data-end=\"2709\" \/>Suured k\u00f5rvalekalded viitavad ebastabiilsetele t\u00f6\u00f6tlemistingimustele.<\/p>\n<p data-start=\"2768\" data-end=\"2838\"><strong data-start=\"2768\" data-end=\"2791\">4. Alumine paksus<\/strong><br data-start=\"2791\" data-end=\"2794\" \/>M\u00f5jutab aluse stabiilsust ja roomavuskindlust.<\/p>\n<p data-start=\"2840\" data-end=\"3064\">Professionaalne <strong data-start=\"2855\" data-end=\"2889\">lemmikloomapudeli seina paksuse test<\/strong> h\u00f5lmab sageli mitme punkti m\u00f5\u00f5tmist piki vertikaalset ja \u00fcmberringi suunda. See l\u00e4henemisviis n\u00e4itab venivuse suhtarvu ja vaigu voolamise omadusi puhumisvormimise ajal.<\/p>\n<p data-start=\"3066\" data-end=\"3226\">Joogi- ja veerakenduste puhul kehtestavad kvaliteedikontrolliosakonnad sageli pigem iga piirkonna jaoks vastuv\u00f5etavuspiirkonnad kui tuginevad \u00fchele \u00fcldisele v\u00e4\u00e4rtusele.<\/p>\n<h2 data-start=\"3233\" data-end=\"3295\">Plastikust veepudeli paksus: Standardid ja tolerantsid<\/h2>\n<p data-start=\"3297\" data-end=\"3359\">The <strong data-start=\"3301\" data-end=\"3338\">plastist veepudeli paksus<\/strong> varieerub s\u00f5ltuvalt:<\/p>\n<ul>\n<li data-start=\"3363\" data-end=\"3392\">Pudelite maht (250 ml kuni 5 l)<\/li>\n<li data-start=\"3395\" data-end=\"3458\">Kavandatud kasutusala (vesi, gaseeritud joogid, kuumad joogid)<\/li>\n<li data-start=\"3461\" data-end=\"3488\">Transpordin\u00f5uded<\/li>\n<li data-start=\"3491\" data-end=\"3514\">Kergendusstrateegia<\/li>\n<\/ul>\n<p data-start=\"3516\" data-end=\"3680\">Kuigi \u00fckski universaalne \u00fclemaailmne standard ei m\u00e4\u00e4ratle t\u00e4pseid paksuse v\u00e4\u00e4rtusi, j\u00e4rgivad tootjad tavaliselt t\u00f6\u00f6stustavadega koosk\u00f5las olevaid sisemisi tehnilisi spetsifikatsioone.<\/p>\n<p data-start=\"3682\" data-end=\"3694\">N\u00e4iteks:<\/p>\n<ul>\n<li data-start=\"3698\" data-end=\"3783\">V\u00e4ikesed 500 ml veepudelid on sageli 0,20 mm kuni 0,40 mm k\u00fclgseinte paksusega.<\/li>\n<li data-start=\"3786\" data-end=\"3859\">Karboniseeritud joogipudelid vajavad tugevdatud \u00f5la- ja p\u00f5hjaosa.<\/li>\n<\/ul>\n<p data-start=\"3861\" data-end=\"3946\">J\u00e4rjepidev <strong data-start=\"3874\" data-end=\"3908\">lemmikloomapudeli seina paksuse test<\/strong> programm tagab, et paksus vastab:<\/p>\n<ul>\n<li data-start=\"3950\" data-end=\"3988\"><a href=\"https:\/\/www.qualitester.com\/et\/toode\/sale-bottle-crush-testing-machine\/\" target=\"_blank\" rel=\"noopener\">Survej\u00f5udlus<\/a>e n\u00f5uded<\/li>\n<li data-start=\"3991\" data-end=\"4020\"><a href=\"https:\/\/www.qualitester.com\/et\/toode\/best-balloon-burst-tester-for-sale\/\" target=\"_blank\" rel=\"noopener\">L\u00f5hkemisr\u00f5hk<\/a> ootused<\/li>\n<li data-start=\"4023\" data-end=\"4045\">S\u00e4ilitusaja stabiilsus<\/li>\n<\/ul>\n<p data-start=\"4047\" data-end=\"4168\">Reguleeritud t\u00f6\u00f6stusharudes, n\u00e4iteks farmaatsiat\u00f6\u00f6stuses, toetab paksuse kontrollimine ka pakendite valideerimise dokumentatsiooni.<\/p>\n<h2 data-start=\"4175\" data-end=\"4223\">Veepudeli paksuse m\u00f5\u00f5tmismeetodid<\/h2>\n<p data-start=\"4225\" data-end=\"4353\">The <strong data-start=\"4229\" data-end=\"4258\">veepudeli paksus<\/strong> saab m\u00f5\u00f5ta erinevate tehnikate abil, s\u00f5ltuvalt t\u00e4psuse ja rakenduse n\u00f5uetest.<\/p>\n<h3 data-start=\"4355\" data-end=\"4389\"><a href=\"https:\/\/www.qualitester.com\/et\/toode\/wtt-plastic-bottle-wall-thickness-gauge\/\" target=\"_blank\" rel=\"noopener\">Mehaaniline kontakti m\u00f5\u00f5tmine<\/a><\/h3>\n<p data-start=\"4391\" data-end=\"4548\">Selle meetodi puhul kasutatakse pudelisse sisestatud t\u00e4ppisandurit, mille v\u00e4lispinnaga puutub kokku v\u00e4line aluse. See v\u00f5imaldab otseseid ja usaldusv\u00e4\u00e4rseid m\u00f5\u00f5tmisi.<\/p>\n<p data-start=\"4550\" data-end=\"4561\">Eelised:<\/p>\n<ul>\n<li data-start=\"4564\" data-end=\"4579\">K\u00f5rge t\u00e4psus<\/li>\n<li data-start=\"4582\" data-end=\"4611\">Sobib keeruliste kujude jaoks<\/li>\n<li data-start=\"4614\" data-end=\"4630\">Kulut\u00f5hus<\/li>\n<\/ul>\n<p data-start=\"4632\" data-end=\"4644\">Piirangud:<\/p>\n<ul>\n<li data-start=\"4647\" data-end=\"4676\">N\u00f5uab manuaalset positsioneerimist<\/li>\n<li data-start=\"4679\" data-end=\"4713\">Ei sobi liinikatsetuseks<\/li>\n<\/ul>\n<h3 data-start=\"4715\" data-end=\"4741\">Ultraheli m\u00f5\u00f5tmine<\/h3>\n<p data-start=\"4743\" data-end=\"4821\">Ultraheli seadmed m\u00f5\u00f5davad paksust ilma pudelit l\u00f5ikamata v\u00f5i h\u00e4vitamata.<\/p>\n<p data-start=\"4823\" data-end=\"4834\">Eelised:<\/p>\n<ul>\n<li>Mitte-destruktiivne<\/li>\n<li>Kiire testimine<\/li>\n<\/ul>\n<p data-start=\"4873\" data-end=\"4885\">Piirangud:<\/p>\n<ul>\n<li>N\u00f5uab materjali kalibreerimist<\/li>\n<li>Pinna kumeruse suhtes tundlik<\/li>\n<\/ul>\n<p data-start=\"4956\" data-end=\"5134\">Paljud kvaliteedikontrolli osakonnad eelistavad laboritasandi t\u00e4psuse saavutamiseks kontaktt\u00fc\u00fcpi seadmeid, sest need annavad stabiilseid ja korratavaid tulemusi. <strong data-start=\"5099\" data-end=\"5133\">lemmikloomapudeli seina paksuse test<\/strong>.<\/p>\n<h2 data-start=\"5141\" data-end=\"5191\">Kuidas teostada PET-pudelite seina paksuse testi<\/h2>\n<p data-start=\"5193\" data-end=\"5273\">Standardiseeritud <strong data-start=\"5208\" data-end=\"5242\">lemmikloomapudeli seina paksuse test<\/strong> tavaliselt j\u00e4rgib j\u00e4rgmisi samme:<\/p>\n<ol>\n<li data-start=\"5278\" data-end=\"5357\"><strong data-start=\"5278\" data-end=\"5300\">Proovi ettevalmistamine<\/strong><br data-start=\"5300\" data-end=\"5303\" \/>Veenduge, et pudelid on puhtad ja deformeerumata.<\/li>\n<li data-start=\"5362\" data-end=\"5474\"><strong data-start=\"5362\" data-end=\"5393\">M\u00f5\u00f5tmispunkti valik<\/strong><br data-start=\"5393\" data-end=\"5396\" \/>M\u00e4\u00e4rake vertikaalsed kihid (\u00fclemine, keskmine, alumine) ja \u00fcmberm\u00f5\u00f5dulised positsioonid.<\/li>\n<li data-start=\"5479\" data-end=\"5546\"><strong data-start=\"5479\" data-end=\"5494\">Kalibreerimine<\/strong><br data-start=\"5494\" data-end=\"5497\" \/>Kontrollida m\u00f5\u00f5teriista t\u00e4psust, kasutades m\u00f5\u00f5teplokke.<\/li>\n<li data-start=\"5551\" data-end=\"5626\"><strong data-start=\"5551\" data-end=\"5569\">Andmete salvestamine<\/strong><br data-start=\"5569\" data-end=\"5572\" \/>Registreerige mitme punkti v\u00e4\u00e4rtused jaotuse hindamiseks.<\/li>\n<li data-start=\"5631\" data-end=\"5700\"><strong data-start=\"5631\" data-end=\"5643\">Anal\u00fc\u00fcs<\/strong><br data-start=\"5643\" data-end=\"5646\" \/>V\u00f5rrelda tulemusi sisemise kvaliteedikontrolli spetsifikatsioonidega.<\/li>\n<\/ol>\n<p data-start=\"5702\" data-end=\"5842\">Tehnikud peaksid v\u00e4ltima sondi liigset j\u00f5udu, kuna see v\u00f5ib m\u00f5jutada m\u00f5\u00f5tmise t\u00e4psust. Regulaarne kalibreerimine tagab pikaajalise t\u00f6\u00f6kindluse.<\/p>\n<hr data-start=\"5844\" data-end=\"5847\" \/>\n<h2 data-start=\"5849\" data-end=\"5894\">Soovitatav lahendus: Cell Instruments WTT seinapaksuse tester: Cell Instruments WTT Wall Thickness Tester<\/h2>\n<p data-start=\"5896\" data-end=\"6088\">Laboritele, kes otsivad t\u00e4pset ja kasutajas\u00f5bralikku testimist, on ette n\u00e4htud <a href=\"https:\/\/www.qualitester.com\/et\/toode\/wtt-plastic-bottle-wall-thickness-gauge\/\"><strong data-start=\"5960\" data-end=\"5989\">WTT seinapaksuse tester<\/strong><\/a> Cell Instruments pakub professionaalset lahendust <strong data-start=\"6053\" data-end=\"6087\">lemmikloomapudeli seina paksuse test<\/strong>.<\/p>\n<p data-start=\"6090\" data-end=\"6115\">Peamised v\u00f5imalused on j\u00e4rgmised:<\/p>\n<ul>\n<li data-start=\"6119\" data-end=\"6168\">Digitaalne ekraan selgete ja t\u00e4psete n\u00e4itude saamiseks<\/li>\n<li data-start=\"6171\" data-end=\"6218\">Nii seina kui ka p\u00f5hja paksuse m\u00f5\u00f5tmine<\/li>\n<li data-start=\"6221\" data-end=\"6279\">Kohandatavus keeruliste pinnamustritega mahutitele<\/li>\n<li data-start=\"6282\" data-end=\"6338\">Valikuline andmete eksportimine Excelisse statistiliseks anal\u00fc\u00fcsiks<\/li>\n<\/ul>\n<p data-start=\"6340\" data-end=\"6513\">Erinevalt tavalistest paksusem\u00f5\u00f5turitest toetab WTT struktureeritud kvaliteedikontrolli t\u00f6\u00f6vooge. Insenerid saavad kiiresti v\u00f5rrelda mitme punkti m\u00f5\u00f5tmisi ja koostada kontrolliaruandeid.<\/p>\n<p data-start=\"6515\" data-end=\"6556\">See lahendus sobib t\u00f6\u00f6stusharudele, sealhulgas:<\/p>\n<ul>\n<li>Joogid ja pudelivesi<\/li>\n<li>Farmaatsiatooted<\/li>\n<li>Igap\u00e4evane kemikaalipakend<\/li>\n<li>Toiduainete konteinerid<\/li>\n<\/ul>\n<p data-start=\"6659\" data-end=\"6794\">Integreerides usaldusv\u00e4\u00e4rsed m\u00f5\u00f5teriistad kvaliteedikontrolliprotsessidesse, parandavad tootjad j\u00e4rjepidevust, toetades samal ajal kerget optimeerimist.<\/p>","protected":false},"excerpt":{"rendered":"<p>The pet bottle wall thickness test plays a decisive role in ensuring packaging strength, safety, and material efficiency. For manufacturers of water, beverages, pharmaceuticals, and daily chemicals, wall thickness directly affects compression resistance, top load performance, drop strength, and barrier properties. In high-speed production environments, even minor thickness deviations can cause bottle deformation, leakage, or &hellip;<\/p>\n<p class=\"read-more\"> <a class=\"\" href=\"https:\/\/www.qualitester.com\/et\/applications\/pet-bottle-wall-thickness-test\/\"> <span class=\"screen-reader-text\">PET-pudeli seina paksuse test<\/span> Loe edasi \u00bb<\/a><\/p>","protected":false},"author":4,"featured_media":7866,"parent":6794,"menu_order":0,"comment_status":"closed","ping_status":"closed","template":"","meta":{"site-sidebar-layout":"default","site-content-layout":"default","ast-global-header-display":"","ast-main-header-display":"","ast-hfb-above-header-display":"","ast-hfb-below-header-display":"","ast-hfb-mobile-header-display":"","site-post-title":"","ast-breadcrumbs-content":"","ast-featured-img":"disabled","footer-sml-layout":"","theme-transparent-header-meta":"default","adv-header-id-meta":"","stick-header-meta":"","header-above-stick-meta":"","header-main-stick-meta":"","header-below-stick-meta":"","footnotes":""},"class_list":["post-7865","page","type-page","status-publish","has-post-thumbnail","hentry"],"_links":{"self":[{"href":"https:\/\/www.qualitester.com\/et\/wp-json\/wp\/v2\/pages\/7865","targetHints":{"allow":["GET"]}}],"collection":[{"href":"https:\/\/www.qualitester.com\/et\/wp-json\/wp\/v2\/pages"}],"about":[{"href":"https:\/\/www.qualitester.com\/et\/wp-json\/wp\/v2\/types\/page"}],"author":[{"embeddable":true,"href":"https:\/\/www.qualitester.com\/et\/wp-json\/wp\/v2\/users\/4"}],"replies":[{"embeddable":true,"href":"https:\/\/www.qualitester.com\/et\/wp-json\/wp\/v2\/comments?post=7865"}],"version-history":[{"count":0,"href":"https:\/\/www.qualitester.com\/et\/wp-json\/wp\/v2\/pages\/7865\/revisions"}],"up":[{"embeddable":true,"href":"https:\/\/www.qualitester.com\/et\/wp-json\/wp\/v2\/pages\/6794"}],"wp:featuredmedia":[{"embeddable":true,"href":"https:\/\/www.qualitester.com\/et\/wp-json\/wp\/v2\/media\/7866"}],"wp:attachment":[{"href":"https:\/\/www.qualitester.com\/et\/wp-json\/wp\/v2\/media?parent=7865"}],"curies":[{"name":"wp","href":"https:\/\/api.w.org\/{rel}","templated":true}]}}