{"id":7807,"date":"2026-01-04T08:23:53","date_gmt":"2026-01-04T00:23:53","guid":{"rendered":"https:\/\/www.qualitester.com\/?page_id=7807"},"modified":"2026-01-04T08:30:05","modified_gmt":"2026-01-04T00:30:05","slug":"iso-8113","status":"publish","type":"page","link":"https:\/\/www.qualitester.com\/et\/standards\/iso-8113\/","title":{"rendered":"ISO 8113"},"content":{"rendered":"<h1 style=\"text-align: center\" data-start=\"370\" data-end=\"882\">ISO 8113<\/h1>\n<h1 style=\"text-align: center\" data-start=\"370\" data-end=\"882\">\u00dclemine koormuskatse<\/h1>\n<h2 data-start=\"410\" data-end=\"426\">Sissejuhatus<\/h2>\n<p><a href=\"https:\/\/www.qualitester.com\/et\/toode\/sale-container-top-load-testing-machine-astm-d2659\/\" target=\"_blank\" rel=\"noopener\"><img fetchpriority=\"high\" decoding=\"async\" class=\"size-medium wp-image-7813 alignright\" src=\"https:\/\/www.qualitester.com\/wp-content\/uploads\/2026\/01\/ISO-8113-Top-Load-Test-300x300.webp\" alt=\"ISO 8113 \u00fclemise koormuse katse\" width=\"300\" height=\"300\" srcset=\"https:\/\/www.qualitester.com\/wp-content\/uploads\/2026\/01\/ISO-8113-Top-Load-Test-300x300.webp 300w, https:\/\/www.qualitester.com\/wp-content\/uploads\/2026\/01\/ISO-8113-Top-Load-Test-150x150.webp 150w, https:\/\/www.qualitester.com\/wp-content\/uploads\/2026\/01\/ISO-8113-Top-Load-Test-12x12.webp 12w, https:\/\/www.qualitester.com\/wp-content\/uploads\/2026\/01\/ISO-8113-Top-Load-Test-100x100.webp 100w, https:\/\/www.qualitester.com\/wp-content\/uploads\/2026\/01\/ISO-8113-Top-Load-Test.webp 600w\" sizes=\"(max-width: 300px) 100vw, 300px\" \/><\/a><\/p>\n<p data-start=\"505\" data-end=\"987\"><strong data-start=\"505\" data-end=\"522\">ISO 8113<\/strong>\u00a0m\u00e4\u00e4rab kindlaks meetodi, mille abil m\u00e4\u00e4ratakse kindlaks <strong data-start=\"562\" data-end=\"596\">klaasist mahutite vastupidavus<\/strong> v\u00e4lise j\u00f5u suhtes piki vertikaaltelge. See katse on kriitilise t\u00e4htsusega pakendit\u00f6\u00f6stuses, eriti klaaspudelite, purkide ja muude toidu-, ravimi- ja joogipakendite puhul. <strong data-start=\"794\" data-end=\"819\">Vertikaalse koormuse testimine<\/strong> aitab tootjatel tagada, et klaasist mahutid peavad vastu survele, millega need transpordi-, k\u00e4itlemis- ja ladustamisprotsessis kokku puutuvad, ilma et need puruneksid v\u00f5i deformeeruksid.<\/p>\n<p data-start=\"989\" data-end=\"1271\">Selles artiklis arutame <strong data-start=\"1026\" data-end=\"1043\">\u00fclemise koormuse test<\/strong> ja selle menetlused vastavalt ISO 8113-le. Me uurime ka <strong data-start=\"1113\" data-end=\"1143\">vertikaalne survej\u00f5ud<\/strong> katsemeetodid, kuidas neid teostatakse ja miks need on olulised klaaspakendimaterjalide tugevuse hindamisel.<\/p>\n<hr \/>\n<h2 data-start=\"984\" data-end=\"1028\">Mis on ISO 8113: klaaspakendi \u00fclemise koormuse test?<\/h2>\n<p data-start=\"1030\" data-end=\"1396\"><strong data-start=\"1336\" data-end=\"1353\">ISO 8113 <\/strong>\u00a0on standardne katsemeetod, mida kasutatakse <strong data-start=\"1401\" data-end=\"1435\">klaasist mahutite vastupidavus<\/strong> aadressile <strong data-start=\"1439\" data-end=\"1470\">vertikaalsed survej\u00f5ud<\/strong>. Katsega tagatakse, et klaaspakendid suudavad vastu pidada v\u00e4lisele survele, n\u00e4iteks virnastatud kaupade kaalule, ilma et need l\u00f5heneksid v\u00f5i puruneksid. See on eriti oluline transpordiks kasutatavate pakendite puhul, kuna virnastatud klaaspakendid puutuvad transpordi ajal kokku teiste pakendite survega.<\/p>\n<p data-start=\"1537\" data-end=\"1691\">The <strong data-start=\"1771\" data-end=\"1788\">\u00dclemine koormuskatse<\/strong> on selle standardi oluline osa. Testis kohaldatakse <strong data-start=\"1848\" data-end=\"1865\">vertikaalne koormus<\/strong> klaaspakendile, et simuleerida r\u00f5hku, mis avalduks sellele virnastamisel v\u00f5i ladustamisel. Kui tootjad m\u00e4\u00e4ravad kindlaks maksimaalse koormuse, mida klaaspakend suudab taluda, saavad nad konstrueerida pakendi, mis s\u00e4ilitab pakendi terviklikkuse t\u00fc\u00fcpilistes veotingimustes.<\/p>\n<hr \/>\n<h2 data-start=\"1698\" data-end=\"1751\">Kaetud klaaskonteinerid ja vastupidavus vertikaalsele koormusele<\/h2>\n<p data-start=\"2213\" data-end=\"2495\"><strong data-start=\"2213\" data-end=\"2233\">Klaaspakendid<\/strong> kasutatakse tavaliselt selliste toodete nagu joogid, ravimid ja kosmeetikatooted pakendamisel. Need mahutid peavad vastu pidama nii sisemise sisu kui ka v\u00e4listest keskkonnateguritest tulenevale survele, eriti kui neid ladustamise v\u00f5i transpordi ajal virnastatakse.<\/p>\n<p data-start=\"2497\" data-end=\"2796\">The <strong data-start=\"2501\" data-end=\"2535\">klaasist mahutite vastupidavus<\/strong> m\u00f5\u00f5detakse l\u00e4bi <strong data-start=\"2560\" data-end=\"2577\">\u00fclemise koormuse test<\/strong> all <strong data-start=\"2588\" data-end=\"2620\">vertikaalse koormuse testimise meetod<\/strong>, mis on osa <strong data-start=\"2643\" data-end=\"2664\">ISO 8113 standard<\/strong>. Selle katse eesm\u00e4rk on m\u00e4\u00e4rata, kui suurt vertikaalset j\u00f5udu suudab klaaspakend vastu pidada, enne kui see praguneb, deformeerub v\u00f5i puruneb.<\/p>\n<p data-start=\"2798\" data-end=\"2958\">Seet\u00f5ttu on oluline, et tootjad testiksid oma klaaspakendeid, et tagada nende vastupidavus nendele j\u00f5ududele, ilma et nende sisu kannataks.<\/p>\n<hr data-start=\"2960\" data-end=\"2963\" \/>\n<h3 data-start=\"2965\" data-end=\"3028\">\u00dclemine koormuskatse menetlus: T\u00e4pse m\u00f5\u00f5tmise sammud<\/h3>\n<p>&nbsp;<\/p>\n<p data-start=\"3030\" data-end=\"3149\">The <strong data-start=\"3034\" data-end=\"3051\">\u00dclemine koormuskatse<\/strong> j\u00e4rgib konkreetset menetlust, nagu on kirjeldatud dokumendis <strong data-start=\"3096\" data-end=\"3113\">ISO 8113:2004<\/strong>. Siin on \u00fclevaade protsessist:<\/p>\n<h3 data-start=\"3030\" data-end=\"3149\">1. <strong data-start=\"3159\" data-end=\"3178\">Seadme seadistus<\/strong><\/h3>\n<p data-start=\"3179\" data-end=\"3294\">Katse l\u00e4biviimiseks on vaja <strong data-start=\"3202\" data-end=\"3224\">pressimisseade<\/strong> mis koosneb kahest horisontaalsest lamedast terasest surveplaadist:<\/p>\n<ul>\n<li data-start=\"3297\" data-end=\"3399\"><strong data-start=\"3297\" data-end=\"3313\">\u00dclemine plaat:<\/strong> Isekorrigeeruv, mis tagab \u00fchtlase r\u00f5hu jaotumise kogu mahuti pinnal.<\/li>\n<li data-start=\"3402\" data-end=\"3486\"><strong data-start=\"3402\" data-end=\"3418\">Alumine plaat:<\/strong> Varustatud tsentreerimism\u00e4rkidega, et konteiner oleks t\u00e4pselt paigutatud.<\/li>\n<li data-start=\"3489\" data-end=\"3569\"><strong data-start=\"3489\" data-end=\"3510\">Kaitsekate:<\/strong> Konteineri kaitsmiseks katse ajal kasutatakse katet.<\/li>\n<\/ul>\n<p data-start=\"3571\" data-end=\"3791\">Klaasi ja metallist survepindade vahele asetatakse padjad (n\u00e4iteks papp, plastik v\u00f5i kummist lehed), et v\u00e4ltida otsest kokkupuudet, mis v\u00f5ib konteinerit kahjustada. Need padjad tagavad r\u00f5hu \u00fchtlase jaotumise.<\/p>\n<h3 data-start=\"3793\" data-end=\"3823\">2. <strong data-start=\"3801\" data-end=\"3823\">Proovi ettevalmistamine<\/strong><\/h3>\n<p data-start=\"3824\" data-end=\"4116\">Katse tuleb teha \u00fcmbritseval temperatuuril, kusjuures mahuti ei tohi erineda \u00fcmbritsevast temperatuurist rohkem kui 5 \u00b0C. Klaaspakend asetatakse alumisele plaadile koos <strong data-start=\"4018\" data-end=\"4030\">alusplaat<\/strong> selle all. Vajaduse korral on <strong data-start=\"4058\" data-end=\"4069\">sulgemine<\/strong> v\u00f5ib kanda ka konteineri viimistlusele.<\/p>\n<h3 data-start=\"4118\" data-end=\"4147\">3. <strong data-start=\"4126\" data-end=\"4147\">J\u00f5u rakendamine<\/strong><\/h3>\n<p data-start=\"4148\" data-end=\"4228\">J\u00f5udu rakendatakse j\u00e4rk-j\u00e4rgult v\u00f5i kuni kindlaksm\u00e4\u00e4ratud punktini, et katse l\u00e4bida:<\/p>\n<ul>\n<li data-start=\"4231\" data-end=\"4348\"><strong data-start=\"4231\" data-end=\"4245\">L\u00e4biviidud test:<\/strong> J\u00f5udu suurendatakse eelnevalt kindlaksm\u00e4\u00e4ratud v\u00e4\u00e4rtuseni ja seej\u00e4rel eemaldatakse, kui kindlaksm\u00e4\u00e4ratud v\u00e4\u00e4rtus on saavutatud.<\/li>\n<li data-start=\"4349\" data-end=\"4500\">\n<p data-start=\"4351\" data-end=\"4500\"><strong data-start=\"4351\" data-end=\"4378\">Progressiivne test kokku:<\/strong> J\u00f5udu suurendatakse j\u00e4rk-j\u00e4rgult, kuni konteiner puruneb. Seda meetodit kohaldatakse k\u00f5igi katses olevate mahutite suhtes.<\/p>\n<\/li>\n<\/ul>\n<h3 data-start=\"4502\" data-end=\"4546\">4. <strong data-start=\"4510\" data-end=\"4546\">J\u00f5u m\u00f5\u00f5tmine ja hindamine<\/strong><\/h3>\n<p data-start=\"4547\" data-end=\"4776\">Konteinerile rakendatav j\u00f5ud registreeritakse n\u00e4ituri v\u00f5i digitaalse salvestusseadmega, mille t\u00e4psus on v\u00e4hemalt 2,5%. Katse tulemused esitatakse selle p\u00f5hjal, kas konteiner l\u00e4bis v\u00f5i ei l\u00e4binud koormusn\u00f5ude.<\/p>\n<hr \/>\n<h2 data-start=\"3001\" data-end=\"3047\">Miks vertikaalse koormuse testimine on klaaskonteinerite jaoks \u00fclioluline<\/h2>\n<ol data-start=\"3049\" data-end=\"4111\">\n<li data-start=\"3049\" data-end=\"3235\">\n<p data-start=\"4846\" data-end=\"5223\">Klaaspakendeid kasutatakse erinevates t\u00f6\u00f6stusharudes, sealhulgas <strong data-start=\"4905\" data-end=\"4913\">toit<\/strong>, <strong data-start=\"4915\" data-end=\"4928\">joogid<\/strong>, ja <strong data-start=\"4934\" data-end=\"4953\">farmaatsiatooted<\/strong>. Need konteinerid on sageli ladustamise ja transpordi ajal virnastatud, mis allutab neid <strong data-start=\"5039\" data-end=\"5070\">vertikaalsed survej\u00f5ud<\/strong>. <strong data-start=\"5072\" data-end=\"5097\">Vertikaalse koormuse testimine<\/strong>, nagu n\u00e4iteks <strong data-start=\"5111\" data-end=\"5128\">\u00fclemise koormuse test<\/strong> ISO 8113-s kirjeldatud meetodid on olulised klaaspakendite ohutuse ja vastupidavuse tagamiseks.<\/p>\n<h3 data-start=\"5225\" data-end=\"5268\">Vertikaalse koormuse testimise peamised eelised:<\/h3>\n<\/li>\n<\/ol>\n<ul>\n<li data-start=\"5271\" data-end=\"5372\"><strong data-start=\"5271\" data-end=\"5298\">Purunemise v\u00e4ltimine:<\/strong> Tagab, et konteinerid peavad vastu virnastamissurvele ilma purunemiseta.<\/li>\n<li data-start=\"5375\" data-end=\"5494\"><strong data-start=\"5375\" data-end=\"5399\">Pakendi terviklikkus:<\/strong> Kontrollib klaasist pakkematerjalide tugevust ja vastupidavust reaalsetes tingimustes.<\/li>\n<li data-start=\"5497\" data-end=\"5617\"><strong data-start=\"5497\" data-end=\"5518\">Ohutuse tagamine:<\/strong> Aitab v\u00e4ltida \u00f5nnetusi ja lekkeid, mis v\u00f5ivad ohustada toodet v\u00f5i kujutada endast ohtu tarbijatele.<\/li>\n<\/ul>\n<hr \/>\n<h2 data-start=\"4118\" data-end=\"4153\">Vertikaalse koormuse testimine pakendites<\/h2>\n<p data-start=\"5679\" data-end=\"5979\">Tootjate puhul on <strong data-start=\"5704\" data-end=\"5717\">pakend<\/strong> t\u00f6\u00f6stuses on vertikaalse koormuse katsetamine oluline, et tagada klaasist mahutite vastavus vajalikele tugevusnormidele. Veebileht <strong data-start=\"5838\" data-end=\"5862\">\u00fclemise koormuse katsemeetod<\/strong> mida pakub <strong data-start=\"5875\" data-end=\"5887\">ISO 8113<\/strong> simuleerib survet ja pinget, millega klaasist mahutid reaalsetes tingimustes kokku puutuvad.<\/p>\n<p data-start=\"5981\" data-end=\"6079\">Viies l\u00e4bi <strong data-start=\"5995\" data-end=\"6020\">vertikaalse koormuse testimine<\/strong>, tootjad saavad kontrollida, et nende klaaspakendid on:<\/p>\n<ul>\n<li data-start=\"6082\" data-end=\"6157\">Vastupidav <strong data-start=\"6095\" data-end=\"6107\">cracking<\/strong> ja <strong data-start=\"6112\" data-end=\"6127\">deformatsioon<\/strong> ladustamise ja transpordi ajal.<\/li>\n<li data-start=\"6160\" data-end=\"6237\">V\u00f5imaldab vastu pidada <strong data-start=\"6184\" data-end=\"6202\">kuhjatud kaal<\/strong> ilma sisu kahjustamata.<\/li>\n<li data-start=\"6240\" data-end=\"6314\">V\u00f5imaldab t\u00e4ita <strong data-start=\"6253\" data-end=\"6275\">t\u00f6\u00f6stusstandardid<\/strong> pakendi tugevuse ja vastupidavuse tagamiseks.<\/li>\n<\/ul>\n<hr \/>\n<h2 data-start=\"6411\" data-end=\"6601\">Vertikaalne survej\u00f5ud ja konteineri terviklikkus<\/h2>\n<p>The <strong data-start=\"6381\" data-end=\"6411\">vertikaalne survej\u00f5ud<\/strong> test hindab, kui suurt vertikaalset koormust suudab klaaspakend vastu v\u00f5tta, enne kui selle struktuur kahjustub. See katse on oluline, et m\u00e4\u00e4rata kindlaks mahuti v\u00f5ime taluda v\u00e4liseid j\u00f5ude, eriti transpordi ja ladustamise ajal. . <strong data-start=\"6648\" data-end=\"6678\">vertikaalne survej\u00f5ud<\/strong> rakendatakse konteineri \u00fclaosale ja m\u00f5\u00f5detakse konteineri toimivust selle j\u00f5u all, et tagada selle vastupidavus t\u00fc\u00fcpilistele veotingimustele.<\/p>\n<hr \/>\n<h2>Katsearuanne ja tulemused: Mida lisada<\/h2>\n<p data-start=\"6888\" data-end=\"6966\">The <strong data-start=\"6892\" data-end=\"6907\">katsearuanne<\/strong> . <strong data-start=\"6912\" data-end=\"6924\">ISO 8113<\/strong> peaks sisaldama j\u00e4rgmist teavet:<\/p>\n<ul>\n<li data-start=\"6969\" data-end=\"7037\"><strong data-start=\"6969\" data-end=\"6998\">Viide standardile<\/strong>: Mainitakse ISO 8113 l\u00e4bipaistvuse kohta.<\/li>\n<li data-start=\"7040\" data-end=\"7125\"><strong data-start=\"7040\" data-end=\"7070\">Katseseadme kirjeldus<\/strong>: Kasutatud katseseadme \u00fcksikasjalik kirjeldus.<\/li>\n<li data-start=\"7128\" data-end=\"7240\"><strong data-start=\"7128\" data-end=\"7150\">N\u00e4idisteave<\/strong>: Teave testitud mahutite, proovide arvu ja prooviv\u00f5tumeetodi kohta.<\/li>\n<li data-start=\"7243\" data-end=\"7331\"><strong data-start=\"7243\" data-end=\"7262\">Katsetingimused<\/strong>: Temperatuur, l\u00e4henemiskiirus ja k\u00f5ik katse ajal kasutatud sulgemiskohad.<\/li>\n<li data-start=\"7334\" data-end=\"7346\"><strong data-start=\"7334\" data-end=\"7345\">Tulemused<\/strong>:<\/li>\n<li data-start=\"7351\" data-end=\"7462\">Sest <strong data-start=\"7355\" data-end=\"7369\">l\u00e4bida testid<\/strong>, teatada <strong data-start=\"7382\" data-end=\"7399\">laadimisj\u00f5ud<\/strong> kohaldatud ja <strong data-start=\"7416\" data-end=\"7440\">konteinerite arv<\/strong> mis l\u00e4bisid testi.<\/li>\n<li data-start=\"7467\" data-end=\"7612\">Sest <strong data-start=\"7471\" data-end=\"7498\">progressiivsed testid kokku<\/strong>, teatada <strong data-start=\"7511\" data-end=\"7553\">iga konteineri purustamiseks vajalik j\u00f5ud<\/strong>, koos <strong data-start=\"7570\" data-end=\"7584\">keskmine v\u00e4\u00e4rtus<\/strong> ja <strong data-start=\"7589\" data-end=\"7611\">standardh\u00e4lve<\/strong>.<\/li>\n<\/ul>\n<hr \/>\n<p data-start=\"7694\" data-end=\"8096\"><strong data-start=\"7694\" data-end=\"7711\">ISO 8113<\/strong>\u00a0pakub usaldusv\u00e4\u00e4rset meetodit testimiseks <strong data-start=\"7755\" data-end=\"7789\">klaasist mahutite vastupidavus<\/strong> aadressile <strong data-start=\"7793\" data-end=\"7824\">vertikaalsed survej\u00f5ud<\/strong>, tagades, et pakendimaterjalid vastavad n\u00f5utavatele tugevusnormidele. . <strong data-start=\"7902\" data-end=\"7919\">\u00fclemise koormuse test<\/strong> ja <strong data-start=\"7924\" data-end=\"7957\">vertikaalse koormuse katsemeetodid<\/strong> on olulised erinevates t\u00f6\u00f6stusharudes, sealhulgas toidu-, ravimi- ja joogit\u00f6\u00f6stuses kasutatavate klaaspakendite vastupidavuse hindamiseks.<\/p>\n<p data-start=\"8098\" data-end=\"8480\" data-is-last-node=\"\" data-is-only-node=\"\">Tootjate jaoks on toote terviklikkuse s\u00e4ilitamiseks ning selle turvalise transpordi ja ladustamise tagamiseks \u00fclioluline tagada, et nende klaaspakendid l\u00e4bivad vertikaalse koormuse testimise. <a href=\"https:\/\/www.qualitester.com\/et\/\" target=\"_blank\" rel=\"noopener\"><strong data-start=\"8281\" data-end=\"8301\">Cell Instruments<\/strong><\/a> pakub mitmesuguseid katseseadmeid, millega saab t\u00e4pselt m\u00f5\u00f5ta ja hinnata klaaspakendite toimivust, tagades, et need vastavad t\u00f6\u00f6stusstandarditele tugevuse ja vastupidavuse osas.<\/p>\n<h2 data-start=\"8098\" data-end=\"8480\">KKK<\/h2>\n<p data-start=\"106\" data-end=\"276\"><strong data-start=\"106\" data-end=\"140\">K1: Milleks kasutatakse ISO 8113?<\/strong><br data-start=\"140\" data-end=\"143\" \/>A1: ISO 8113 standardit kasutatakse klaaspakendite vastupidavuse hindamiseks vertikaalsele survev\u00f5imele virnastamise ja transportimise ajal.<\/p>\n<p data-start=\"278\" data-end=\"460\"><strong data-start=\"278\" data-end=\"339\">K2: Mida m\u00f5\u00f5detakse klaaspakendi top load testiga?<\/strong><br data-start=\"339\" data-end=\"342\" \/>A2: \u00dclemine koormuskatse m\u00f5\u00f5dab maksimaalset vertikaalset koormust, mida klaaspakend suudab taluda enne deformeerumist v\u00f5i purunemist.<\/p>\n<p data-start=\"462\" data-end=\"652\"><strong data-start=\"462\" data-end=\"530\">3. k\u00fcsimus: Miks on klaaspakendite vertikaalse koormuse testimine oluline?<\/strong><br data-start=\"530\" data-end=\"533\" \/>A3: Vertikaalse koormuse testimine aitab tagada, et klaaspakendid j\u00e4\u00e4vad ladustamisel ja logistikas virnastamissurve all terveks.<\/p>\n<p data-start=\"654\" data-end=\"816\"><strong data-start=\"654\" data-end=\"706\">K4: Millised katsete t\u00fc\u00fcbid on m\u00e4\u00e4ratletud ISO 8113-s?<\/strong><br data-start=\"706\" data-end=\"709\" \/>A4: ISO 8113 h\u00f5lmab l\u00e4bivat katset kindlaksm\u00e4\u00e4ratud koormuse juures ja t\u00e4ielikku progressiivset katset kuni mahuti rikke tekkimiseni.<\/p>\n<p data-start=\"818\" data-end=\"987\"><strong data-start=\"818\" data-end=\"874\">K5: Millised t\u00f6\u00f6stusharud kasutavad tavaliselt ISO 8113 katsetamist?<\/strong><br data-start=\"874\" data-end=\"877\" \/>A5: Standardit kohaldatakse laialdaselt joogi-, toidu-, farmaatsia- ja igap\u00e4evases keemiat\u00f6\u00f6stuses.<\/p>\n<p data-start=\"989\" data-end=\"1162\"><strong data-start=\"989\" data-end=\"1058\">K6: Millist rolli m\u00e4ngivad padjad konteineri \u00fclemise koormuse katsemeetodis?<\/strong><br data-start=\"1058\" data-end=\"1061\" \/>A6: Padjad takistavad otsest kokkupuudet klaasi ja metalli vahel ning aitavad jaotada vertikaalset survet \u00fchtlaselt.<\/p>\n<p data-start=\"1164\" data-end=\"1315\"><strong data-start=\"1164\" data-end=\"1219\">K7: Kas ISO 8113 saab simuleerida tegelikke virnastamistingimusi?<\/strong><br data-start=\"1219\" data-end=\"1222\" \/>A7: Jah, ISO 8113 simuleerib ladustamisel ja transpordil esinevaid virnastamiskoormusi.<\/p>\n<p data-start=\"1317\" data-end=\"1473\"><strong data-start=\"1317\" data-end=\"1379\">K8: Milliseid seadmeid kasutatakse tavaliselt ISO 8113 katsetamiseks?<\/strong><br data-start=\"1379\" data-end=\"1382\" \/>A8: Tavaliselt kasutatakse kalibreeritud vertikaalset koormuskatsetajat, millel on isesuunatud surveplaadid.<\/p>\n<p data-start=\"1475\" data-end=\"1669\"><strong data-start=\"1475\" data-end=\"1554\">K9: Kuidas m\u00f5jutab vertikaalne survej\u00f5ud klaaspakendi toimivust?<\/strong><br data-start=\"1554\" data-end=\"1557\" \/>A9: Liigne vertikaalne survej\u00f5ud v\u00f5ib p\u00f5hjustada pragunemist, konstruktsiooni terviklikkuse kadumist v\u00f5i \u00e4kilist purunemist.<\/p>\n<p data-start=\"1671\" data-end=\"1853\"><strong data-start=\"1671\" data-end=\"1739\">Q10: Kas ISO 8113 tulemused toetavad pakendi disaini optimeerimist?<\/strong><br data-start=\"1739\" data-end=\"1742\" \/>A10: Jah, katsetulemused aitavad optimeerida konteineri geomeetriat ja materjali tugevust, et parandada koormuskindlust.<\/p>","protected":false},"excerpt":{"rendered":"<p>ISO 8113 Top Load Test Sissejuhatus ISO 8113 m\u00e4\u00e4rab kindlaks meetodi klaasist mahutite vastupidavuse m\u00e4\u00e4ramiseks v\u00e4lisele j\u00f5ule piki vertikaaltelge. See katse on pakendit\u00f6\u00f6stuses kriitilise t\u00e4htsusega, eriti klaaspudelite, -purkide ja muude toidu-, ravimi- ja joogipakendite puhul. Vertikaalse koormuse katsetamine aitab tootjatel tagada, et klaaspakendite ...<\/p>\n<p class=\"read-more\"> <a class=\"\" href=\"https:\/\/www.qualitester.com\/et\/standards\/iso-8113\/\"> <span class=\"screen-reader-text\">ISO 8113<\/span> Loe edasi \u00bb<\/a><\/p>","protected":false},"author":7,"featured_media":0,"parent":4948,"menu_order":0,"comment_status":"closed","ping_status":"closed","template":"","meta":{"site-sidebar-layout":"default","site-content-layout":"default","ast-global-header-display":"","ast-main-header-display":"","ast-hfb-above-header-display":"","ast-hfb-below-header-display":"","ast-hfb-mobile-header-display":"","site-post-title":"disabled","ast-breadcrumbs-content":"","ast-featured-img":"","footer-sml-layout":"","theme-transparent-header-meta":"default","adv-header-id-meta":"","stick-header-meta":"","header-above-stick-meta":"","header-main-stick-meta":"","header-below-stick-meta":"","footnotes":""},"class_list":["post-7807","page","type-page","status-publish","hentry"],"_links":{"self":[{"href":"https:\/\/www.qualitester.com\/et\/wp-json\/wp\/v2\/pages\/7807","targetHints":{"allow":["GET"]}}],"collection":[{"href":"https:\/\/www.qualitester.com\/et\/wp-json\/wp\/v2\/pages"}],"about":[{"href":"https:\/\/www.qualitester.com\/et\/wp-json\/wp\/v2\/types\/page"}],"author":[{"embeddable":true,"href":"https:\/\/www.qualitester.com\/et\/wp-json\/wp\/v2\/users\/7"}],"replies":[{"embeddable":true,"href":"https:\/\/www.qualitester.com\/et\/wp-json\/wp\/v2\/comments?post=7807"}],"version-history":[{"count":0,"href":"https:\/\/www.qualitester.com\/et\/wp-json\/wp\/v2\/pages\/7807\/revisions"}],"up":[{"embeddable":true,"href":"https:\/\/www.qualitester.com\/et\/wp-json\/wp\/v2\/pages\/4948"}],"wp:attachment":[{"href":"https:\/\/www.qualitester.com\/et\/wp-json\/wp\/v2\/media?parent=7807"}],"curies":[{"name":"wp","href":"https:\/\/api.w.org\/{rel}","templated":true}]}}