{"id":7730,"date":"2025-12-24T14:12:48","date_gmt":"2025-12-24T06:12:48","guid":{"rendered":"https:\/\/www.qualitester.com\/?page_id=7730"},"modified":"2025-12-24T14:13:00","modified_gmt":"2025-12-24T06:13:00","slug":"astm-d6392","status":"publish","type":"page","link":"https:\/\/www.qualitester.com\/et\/standards\/astm-d6392\/","title":{"rendered":"ASTM D6392"},"content":{"rendered":"<h1 style=\"text-align: center;\" data-start=\"370\" data-end=\"882\">ASTM D6392<\/h1>\n<h1 style=\"text-align: center;\" data-start=\"370\" data-end=\"882\">Geomembraani \u00f5mbluste terviklikkuse katse<\/h1>\n<p>&nbsp;<\/p>\n<p data-start=\"387\" data-end=\"854\"><strong data-start=\"387\" data-end=\"401\">ASTM D6392<\/strong> on oluline standard termofusioonimeetodil valmistatud tugevdamata geomembraanide \u00f5mbluste terviklikkuse kontrollimiseks. Katse on oluline, et tagada erinevates geotehnilistes ja keskkonnaalastes rakendustes kasutatavate geomembraanide \u00f5mbluste toimivus ja usaldusv\u00e4\u00e4rsus. K\u00e4esolevas artiklis uuritakse katse p\u00f5hiaspekte <strong data-start=\"715\" data-end=\"729\">ASTM D6392<\/strong> test, keskendudes <strong data-start=\"752\" data-end=\"786\">geomembraani \u00f5mbluste terviklikkus<\/strong> katse, nihke- ja koorimiskatsed ning nende t\u00e4htsus kvaliteedikontrollile.<\/p>\n<hr \/>\n<h2 data-start=\"387\" data-end=\"854\">Geomembraani \u00f5mbluste terviklikkuse katse: Saumade kvaliteedi tagamine<\/h2>\n<p data-start=\"924\" data-end=\"1374\">The <strong data-start=\"928\" data-end=\"962\">geomembraani \u00f5mbluste terviklikkus<\/strong> test, nagu on t\u00e4psustatud dokumendis <strong data-start=\"985\" data-end=\"999\">ASTM D6392<\/strong>, on ette n\u00e4htud \u00f5mbluste toimivuse hindamiseks j\u00e4rgmistel juhtudel <strong data-start=\"1051\" data-end=\"1081\">tugevdamata geomembraanid<\/strong>. Neid geomembraane kasutatakse tavaliselt rakendustes, kus on vaja l\u00e4bitungimatut t\u00f5ket, n\u00e4iteks pr\u00fcgilate vooderdised, tiikide vooderdised ja kaevandamisrakendused. Katses hinnatakse, kui h\u00e4sti on geomembraani \u00f5mblused, mis on valmistatud kasutades <strong data-start=\"1310\" data-end=\"1327\">termofusioon<\/strong> meetodid, peavad vastu stressile, ilma et see eba\u00f5nnestuks.<\/p>\n<p data-start=\"1376\" data-end=\"1431\">Nende \u00f5mbluste loomiseks kasutatakse termofusioonimeetodeid:<\/p>\n<ul data-start=\"1433\" data-end=\"1775\">\n<li data-start=\"1433\" data-end=\"1565\">\n<p data-start=\"1435\" data-end=\"1565\"><strong data-start=\"1435\" data-end=\"1446\">Kuum \u00f5hk<\/strong>: K\u00f5rge temperatuuriga \u00f5hku kasutatakse geomembraani pindade sulatamiseks, mis seej\u00e4rel surutakse kokku, et moodustada side.<\/p>\n<\/li>\n<li data-start=\"1566\" data-end=\"1684\">\n<p data-start=\"1568\" data-end=\"1684\"><strong data-start=\"1568\" data-end=\"1592\">Kuum kiil (v\u00f5i nuga)<\/strong>: Kuum metallkiil sulatab pinnad ja surve abil luuakse pidev side.<\/p>\n<\/li>\n<li data-start=\"1685\" data-end=\"1775\">\n<p data-start=\"1687\" data-end=\"1775\"><strong data-start=\"1687\" data-end=\"1700\">Ekstrusioon<\/strong>: Geomembraanide pindade vahele pressitakse sulatatud vaiku, et moodustada \u00f5mblus.<\/p>\n<\/li>\n<\/ul>\n<p data-start=\"1777\" data-end=\"1919\">K\u00f5iki neid meetodeid testitakse, kasutades <strong data-start=\"1815\" data-end=\"1824\">l\u00f5ikamine<\/strong> ja <strong data-start=\"1829\" data-end=\"1852\">koorimistugevuse katsed<\/strong>, tagades, et \u00f5mblused vastavad vajalikele tugevusn\u00f5uetele.<a href=\"https:\/\/www.qualitester.com\/et\/toode\/tst-01-universal-testing-machine\/\" target=\"_blank\" rel=\"noopener\"><img fetchpriority=\"high\" decoding=\"async\" class=\"size-medium wp-image-7731 aligncenter\" src=\"https:\/\/www.qualitester.com\/wp-content\/uploads\/2025\/12\/ASTM-D6392-Integrity-of-Geomembrane-Seams-Test-300x300.webp\" alt=\"ASTM D6392 Geomembraani \u00f5mbluste terviklikkuse katse\" width=\"300\" height=\"300\" srcset=\"https:\/\/www.qualitester.com\/wp-content\/uploads\/2025\/12\/ASTM-D6392-Integrity-of-Geomembrane-Seams-Test-300x300.webp 300w, https:\/\/www.qualitester.com\/wp-content\/uploads\/2025\/12\/ASTM-D6392-Integrity-of-Geomembrane-Seams-Test-150x150.webp 150w, https:\/\/www.qualitester.com\/wp-content\/uploads\/2025\/12\/ASTM-D6392-Integrity-of-Geomembrane-Seams-Test-12x12.webp 12w, https:\/\/www.qualitester.com\/wp-content\/uploads\/2025\/12\/ASTM-D6392-Integrity-of-Geomembrane-Seams-Test-100x100.webp 100w, https:\/\/www.qualitester.com\/wp-content\/uploads\/2025\/12\/ASTM-D6392-Integrity-of-Geomembrane-Seams-Test.webp 600w\" sizes=\"(max-width: 300px) 100vw, 300px\" \/><\/a><\/p>\n<hr \/>\n<h2 data-start=\"387\" data-end=\"854\">ASTM D6392 Katsemeetod: Nihke- ja koorimiskatse<\/h2>\n<p>The <strong data-start=\"1981\" data-end=\"1995\">ASTM D6392<\/strong> meetod h\u00f5lmab nii <strong data-start=\"2017\" data-end=\"2034\">nihkekatse<\/strong> ja <strong data-start=\"2039\" data-end=\"2064\">koorimistugevuse testimine<\/strong> hinnata \u00f5mbluste tugevust. Need katsed viiakse l\u00e4bi kontrollitud tingimustes, et hinnata materjali v\u00f5imet vastu seista l\u00e4bikukkumisele rakendatud j\u00f5u all.<\/p>\n<h2>Nihkekatse<\/h2>\n<p data-start=\"2250\" data-end=\"2522\">Veebilehel <strong data-start=\"2253\" data-end=\"2270\">nihkekatse<\/strong>, m\u00f5\u00f5detakse geomembraani \u00f5mbluse eraldamiseks vajalikku j\u00f5udu, rakendades sidumisjoonega paralleelselt j\u00f5udu. Katse m\u00f5\u00f5dab <strong data-start=\"2405\" data-end=\"2419\">venitus<\/strong> geomembraani ja selle v\u00f5imet taluda nihkej\u00f5udu. . <strong data-start=\"2483\" data-end=\"2507\">nihkekatse protseduur<\/strong> on j\u00e4rgmine:<\/p>\n<ul data-start=\"2524\" data-end=\"2855\">\n<li data-start=\"2524\" data-end=\"2595\">\n<p data-start=\"2526\" data-end=\"2595\">Proovid kinnitatakse v\u00e4hemalt 25 mm (1 tolli) laiustesse haaratsitesse.<\/p>\n<\/li>\n<li data-start=\"2596\" data-end=\"2746\">\n<p data-start=\"2598\" data-end=\"2746\">Katse viiakse l\u00e4bi masina p\u00fcsiva ristpea kiirusega, tavaliselt <strong data-start=\"2671\" data-end=\"2684\">50 mm\/min<\/strong> HDPE ja <strong data-start=\"2698\" data-end=\"2712\">500 mm\/min<\/strong> selliste materjalide nagu LLDPE ja PVC puhul.<\/p>\n<\/li>\n<li data-start=\"2747\" data-end=\"2855\">\n<p data-start=\"2749\" data-end=\"2855\">Katse j\u00e4tkub, kuni proov l\u00e4bib <strong data-start=\"2797\" data-end=\"2815\">50% pikenemine<\/strong> v\u00f5i rebeneb, s\u00f5ltuvalt materjalist.<\/p>\n<\/li>\n<\/ul>\n<p data-start=\"2857\" data-end=\"2989\">See katse on oluline, et m\u00e4\u00e4rata kindlaks, kas geomembraan peab vastu tegelikes rakendustes tekkida v\u00f5ivatele pingetele.<\/p>\n<h2 data-start=\"2857\" data-end=\"2989\">Koore testimine<\/h2>\n<p data-start=\"3009\" data-end=\"3189\"><strong data-start=\"3009\" data-end=\"3025\">Koore testimine<\/strong> t\u00e4hendab, et \u00f5mblus t\u00f5mmatakse 90-kraadise nurga all lahti. See katse on eriti kasulik, et hinnata <strong data-start=\"3131\" data-end=\"3152\">haardetugevus<\/strong> \u00f5mblusest. Menetlus h\u00f5lmab j\u00e4rgmist:<\/p>\n<ul data-start=\"3191\" data-end=\"3380\">\n<li data-start=\"3191\" data-end=\"3319\">\n<p data-start=\"3193\" data-end=\"3319\">Proovi kinnitamine ja ristpeade kiiruse rakendamine <strong data-start=\"3249\" data-end=\"3262\">50 mm\/min<\/strong> HDPE ja <strong data-start=\"3276\" data-end=\"3290\">500 mm\/min<\/strong> paindlikumate materjalide jaoks.<\/p>\n<\/li>\n<li data-start=\"3320\" data-end=\"3380\">\n<p data-start=\"3322\" data-end=\"3380\">J\u00e4lgige eraldumist, kui proovi lahtikooritakse.<\/p>\n<\/li>\n<\/ul>\n<p data-start=\"3382\" data-end=\"3486\">Koorimiskatse on oluline tagamaks, et side j\u00e4\u00e4b normaalse k\u00e4itlemise ajal ja v\u00e4litingimustes puutumatuks.<\/p>\n<hr \/>\n<h2>ASTM D6392 t\u00e4hendus ja kohaldamine<\/h2>\n<p>The <strong data-start=\"3544\" data-end=\"3558\">ASTM D6392<\/strong> katsemeetod on hindamatu v\u00e4\u00e4rtusega <strong data-start=\"3589\" data-end=\"3610\">kvaliteedi tagamine<\/strong> ja <strong data-start=\"3615\" data-end=\"3634\">kvaliteedikontroll<\/strong> geomembraanide tootmises. \u00d5mbluste terviklikkus m\u00f5jutab otseselt geomembraanide pikaajalist toimivust, mis on oluline vedelikumigratsiooni v\u00e4ltimiseks erinevates rakendustes. Kasutades <strong data-start=\"3841\" data-end=\"3850\">l\u00f5ikamine<\/strong> ja <strong data-start=\"3855\" data-end=\"3871\">koorimiskatse<\/strong> meetodite abil saavad tootjad hinnata \u00f5mbluse kvaliteeti ja tagada geomembraani vastupidavuse keskkonna- ja kasutusstressile.<\/p>\n<h2>Peamised eelised:<\/h2>\n<ul>\n<li data-start=\"4027\" data-end=\"4167\">\n<p data-start=\"4030\" data-end=\"4167\"><strong data-start=\"4030\" data-end=\"4049\">Kvaliteedikontroll<\/strong>: ASTM D6392 tagab, et geomembraanide \u00f5mblused vastavad n\u00f5utavatele toimivusnormidele, v\u00e4ltides t\u00f5rkeid kohapeal.<\/p>\n<\/li>\n<li data-start=\"4168\" data-end=\"4322\">\n<p data-start=\"4171\" data-end=\"4322\"><strong data-start=\"4171\" data-end=\"4186\">Usaldusv\u00e4\u00e4rsus<\/strong>: Regulaarne testimine aitab tagada geomembraanide \u00f5mbluste vastupidavuse, v\u00e4hendades lekete ja rikete ohtu kriitilistes rakendustes.<\/p>\n<\/li>\n<li data-start=\"4323\" data-end=\"4519\">\n<p data-start=\"4326\" data-end=\"4519\"><strong data-start=\"4326\" data-end=\"4340\">Vastavus<\/strong>: ASTM D6392 standardi j\u00e4rgimine aitab tootjatel j\u00e4rgida t\u00f6\u00f6stusstandardeid, tagades, et materjalid vastavad erinevateks keskkonna- ja geotehnilisteks kasutusaladeks vajalikele spetsifikatsioonidele.<\/p>\n<\/li>\n<\/ul>\n<hr \/>\n<h2>Kokkuv\u00f5te<\/h2>\n<p data-start=\"4541\" data-end=\"5045\">The <strong data-start=\"4545\" data-end=\"4559\">ASTM D6392<\/strong> katsemeetod on oluline protseduur, mille abil hinnatakse <strong data-start=\"4617\" data-end=\"4651\">geomembraani \u00f5mbluste terviklikkus<\/strong>, eriti termofusioonimeetodil toodetud. Kasutades <strong data-start=\"4718\" data-end=\"4727\">l\u00f5ikamine<\/strong> ja <strong data-start=\"4732\" data-end=\"4755\">koorimistugevuse katsed<\/strong>, annab see standard v\u00e4\u00e4rtuslikke andmeid, et tagada \u00f5mbluste <strong data-start=\"4822\" data-end=\"4852\">tugevdamata geomembraanid<\/strong> vastama reaalsete rakenduste rangetele n\u00f5uetele. Tootjate jaoks aitab selle standardi j\u00e4rgimine s\u00e4ilitada <strong data-start=\"4967\" data-end=\"4988\">kvaliteedi tagamine<\/strong> ja parandada oma toodete pikaajalist usaldusv\u00e4\u00e4rsust.<\/p>\n<p data-start=\"5047\" data-end=\"5306\">Veebilehel <strong data-start=\"5050\" data-end=\"5070\">Cell Instruments<\/strong>, pakume t\u00e4iustatud katseseadmeid, mis vastavad ASTM D6392 standarditele. Meie <strong data-start=\"5153\" data-end=\"5181\"><a href=\"https:\/\/www.qualitester.com\/et\/toode\/tst-01-universal-testing-machine\/\" target=\"_blank\" rel=\"noopener\">t\u00f5mbekatse<\/a> masinad<\/strong> on ideaalsed selleks, et teostada <strong data-start=\"5207\" data-end=\"5216\">l\u00f5ikamine<\/strong> ja <strong data-start=\"5221\" data-end=\"5235\">koorimistestid<\/strong>, tagades t\u00e4psed ja usaldusv\u00e4\u00e4rsed tulemused \u00f5mbluse terviklikkuse hindamisel.<\/p>\n<p>&nbsp;<\/p>\n<h2>KKK<\/h2>\n<p data-start=\"119\" data-end=\"171\"><strong data-start=\"119\" data-end=\"171\">K1: Milleks kasutatakse ASTM D6392 katsemeetodit?<\/strong><\/p>\n<p data-start=\"173\" data-end=\"625\"><strong data-start=\"173\" data-end=\"180\">A1:<\/strong> The <strong data-start=\"185\" data-end=\"199\">ASTM D6392<\/strong> katsemeetodit kasutatakse tugevdamata geomembraanide \u00f5mbluste terviklikkuse m\u00e4\u00e4ramiseks. See katse on kriitilise t\u00e4htsusega kvaliteedikontrolli ja kvaliteedi tagamise seisukohalt erinevates rakendustes, n\u00e4iteks pr\u00fcgilate, tiikide ja kaevanduste puhul kasutatavate geomembraanide valmistamisel. Sellega hinnatakse termofusioonimeetodil valmistatud \u00f5mblusi, kasutades <strong data-start=\"529\" data-end=\"538\">l\u00f5ikamine<\/strong> ja <strong data-start=\"543\" data-end=\"557\">koorimistestid<\/strong> et tagada geomembraani v\u00f5ime vastu seista koormuse all tekkivatele riketele.<\/p>\n<hr data-start=\"627\" data-end=\"630\" \/>\n<p data-start=\"632\" data-end=\"704\"><strong data-start=\"632\" data-end=\"704\">K2: Milliseid geomembraanide materjale testitakse ASTM D6392 alusel?<\/strong><\/p>\n<p data-start=\"706\" data-end=\"811\"><strong data-start=\"706\" data-end=\"713\">A2:<\/strong> <strong data-start=\"714\" data-end=\"728\">ASTM D6392<\/strong> kasutatakse erinevatest materjalidest valmistatud tugevdamata geomembraanide katsetamiseks, sealhulgas:<\/p>\n<ul>\n<li data-start=\"814\" data-end=\"851\">V\u00e4ga madala tihedusega pol\u00fcet\u00fcleen (VLDPE)<\/li>\n<li data-start=\"854\" data-end=\"893\">Lineaarne madala tihedusega pol\u00fcet\u00fcleen (LLDPE)<\/li>\n<li data-start=\"896\" data-end=\"929\">V\u00e4ga paindlik pol\u00fcet\u00fcleen (VFPE)<\/li>\n<li data-start=\"932\" data-end=\"974\">Lineaarne keskmise tihedusega pol\u00fcet\u00fcleen (LMDPE)<\/li>\n<li data-start=\"977\" data-end=\"1009\">K\u00f5rge tihedusega pol\u00fcet\u00fcleen (HDPE)<\/li>\n<li data-start=\"1012\" data-end=\"1036\">Pol\u00fcvin\u00fc\u00fclkloriid (PVC)<\/li>\n<li data-start=\"1039\" data-end=\"1067\">Paindlik pol\u00fcprop\u00fcleen (fPP)<\/li>\n<\/ul>\n<p data-start=\"1069\" data-end=\"1191\">Neid materjale kasutatakse geotehnilistes ja keskkonnaalastes rakendustes tavaliselt nende veekindluse ja paindlikkuse t\u00f5ttu.<\/p>\n<hr data-start=\"1193\" data-end=\"1196\" \/>\n<p data-start=\"1198\" data-end=\"1266\"><strong data-start=\"1198\" data-end=\"1266\">3. k\u00fcsimus: Millised on kaks peamist ASTM D6392-s kasutatavat katsemeetodit?<\/strong><\/p>\n<p data-start=\"1268\" data-end=\"1371\"><strong data-start=\"1268\" data-end=\"1275\">A3:<\/strong> The <strong data-start=\"1280\" data-end=\"1294\">ASTM D6392<\/strong> katsemeetod h\u00f5lmab kahte peamist katset geomembraani \u00f5mbluse terviklikkuse hindamiseks:<\/p>\n<ol>\n<li data-start=\"1375\" data-end=\"1569\"><strong data-start=\"1375\" data-end=\"1392\">Nihkekatse<\/strong>: M\u00f5\u00f5dab j\u00f5udu, mis on vajalik \u00f5mbluse eraldamiseks, rakendades pinget paralleelselt liimijoonega. Selle katsega hinnatakse \u00f5mbluse v\u00f5imet taluda nihkej\u00f5udu ja pikenemist.<\/li>\n<li data-start=\"1573\" data-end=\"1775\"><strong data-start=\"1573\" data-end=\"1589\">Koore testimine<\/strong>: h\u00f5lmab \u00f5mbluse 90-kraadise nurga all lahti t\u00f5mbamist, et m\u00f5\u00f5ta haardetugevust. Selle katsega hinnatakse geomembraani \u00f5mbluse v\u00f5imet vastu seista eraldumisele rakendatud pinge all.<\/li>\n<\/ol>\n<p data-start=\"1777\" data-end=\"1880\">Need katsed viiakse l\u00e4bi reaalsete tingimuste simuleerimiseks ja geomembraani toimivuse hindamiseks.<\/p>\n<hr data-start=\"1882\" data-end=\"1885\" \/>\n<p data-start=\"1887\" data-end=\"1969\"><strong data-start=\"1887\" data-end=\"1969\">K4: Kuidas aitavad koorimis- ja nihkekatsed kaasa geomembraanide \u00f5mbluste kvaliteedikontrollile?<\/strong><\/p>\n<p data-start=\"1971\" data-end=\"2074\"><strong data-start=\"1971\" data-end=\"1978\">A4:<\/strong> M\u00f5lemad <strong data-start=\"1984\" data-end=\"1992\">koorimine<\/strong> ja <strong data-start=\"1997\" data-end=\"2012\">nihkekatsed<\/strong> on oluline tagamaks, et <strong data-start=\"2039\" data-end=\"2073\">geomembraani \u00f5mbluste terviklikkus<\/strong>:<\/p>\n<ul>\n<li data-start=\"2077\" data-end=\"2206\"><strong data-start=\"2077\" data-end=\"2091\">Koorimiskatsed<\/strong> m\u00f5\u00f5ta \u00f5mbluse liimitugevust, tagades, et geomembraanide side p\u00fcsib t\u00f5mbetugevuse all.<\/li>\n<li data-start=\"2207\" data-end=\"2409\">\n<p data-start=\"2209\" data-end=\"2409\"><strong data-start=\"2209\" data-end=\"2224\">Nihkekatsed<\/strong> hinnata \u00f5mbluse vastupidavust eraldumisele nihkepinge all, mis on oluline keskkonnatingimustele ja mehaanilistele koormustele avatud geomembraanide pikaajalise vastupidavuse seisukohalt.<\/p>\n<\/li>\n<\/ul>\n<p data-start=\"2411\" data-end=\"2569\">Need testid annavad tootjatele v\u00e4\u00e4rtuslikke andmeid, et tagada oma toodete kvaliteet ja usaldusv\u00e4\u00e4rsus enne nende kasutuselev\u00f5ttu kriitilistes rakendustes.<\/p>\n<hr data-start=\"2571\" data-end=\"2574\" \/>\n<p data-start=\"2576\" data-end=\"2653\"><strong data-start=\"2576\" data-end=\"2653\">K5: Kuidas toimub ASTM D6392-s kirjeldatud nihkekatse?<\/strong><\/p>\n<p data-start=\"2655\" data-end=\"2742\"><strong data-start=\"2655\" data-end=\"2662\">A5:<\/strong> Veebilehel <strong data-start=\"2666\" data-end=\"2683\">nihkekatse<\/strong> aadressil <strong data-start=\"2690\" data-end=\"2704\">ASTM D6392<\/strong>, j\u00e4rgitakse j\u00e4rgmist menetlust:<\/p>\n<ol>\n<li data-start=\"2746\" data-end=\"2855\">Geomembraaniproov kinnitatakse katsemasinasse, kasutades v\u00e4hemalt 25 mm (1 tolli) laiuseid haaratsid.<\/li>\n<li data-start=\"2859\" data-end=\"3003\">Katse viiakse l\u00e4bi masina p\u00fcsiva ristpea kiirusega (tavaliselt <strong data-start=\"2932\" data-end=\"2945\">50 mm\/min<\/strong> HDPE ja <strong data-start=\"2959\" data-end=\"2973\">500 mm\/min<\/strong> paindlikumate materjalide puhul).<\/li>\n<li data-start=\"3007\" data-end=\"3113\">Katse j\u00e4tkub, kuni proov l\u00e4bib <strong data-start=\"3055\" data-end=\"3073\">50% pikenemine<\/strong> v\u00f5i rebeneb, s\u00f5ltuvalt materjalist.<\/li>\n<li data-start=\"3117\" data-end=\"3257\">The <strong data-start=\"3121\" data-end=\"3130\">l\u00f5ikamine<\/strong> Seej\u00e4rel registreeritakse rebendi edasikandumiseks vajalik j\u00f5ud, mis annab v\u00e4\u00e4rtuslikke andmeid \u00f5mbluse vastupidavuse kohta nihkepingetele.<\/li>\n<\/ol>\n<p data-start=\"3259\" data-end=\"3379\">See protseduur on oluline, et m\u00f5ista, kui h\u00e4sti geomembraan toimib koormuse all tegelikes tingimustes.<\/p>\n<hr data-start=\"3381\" data-end=\"3384\" \/>\n<p data-start=\"3386\" data-end=\"3468\"><strong data-start=\"3386\" data-end=\"3468\">K6: Miks on oluline proovide konditsioneerimine enne ASTM D6392 katsetamist?<\/strong><\/p>\n<p data-start=\"3470\" data-end=\"3944\"><strong data-start=\"3470\" data-end=\"3477\">A6:<\/strong> <strong data-start=\"3478\" data-end=\"3494\">Konditsioneerimine<\/strong> proovid enne testimist <strong data-start=\"3525\" data-end=\"3539\">ASTM D6392<\/strong> on oluline j\u00e4rjepidevate ja t\u00e4psete tulemuste tagamiseks. Standardi kohaselt peavad proovid olema konditsioneeritud aadressil <strong data-start=\"3656\" data-end=\"3668\">21 \u00b1 2\u00b0C<\/strong> (73,4 \u00b1 3,6 \u00b0F) ja <strong data-start=\"3688\" data-end=\"3718\">50 \u00b1 10% suhteline \u00f5huniiskus<\/strong> v\u00e4hemalt <strong data-start=\"3732\" data-end=\"3744\">40 tundi<\/strong> enne katsetamist. Proovide konditsioneerimine tagab, et need j\u00f5uavad temperatuuri ja niiskuse osas tasakaalu, v\u00e4ltides materjali omaduste muutumist, mis v\u00f5ib m\u00f5jutada katsetulemusi.<\/p>\n<hr data-start=\"3946\" data-end=\"3949\" \/>\n<p data-start=\"3951\" data-end=\"4014\"><strong data-start=\"3951\" data-end=\"4014\">K7: Milliseid seadmeid kasutatakse ASTM D6392 katsete tegemiseks?<\/strong><\/p>\n<p data-start=\"4016\" data-end=\"4452\"><strong data-start=\"4016\" data-end=\"4023\">A7:<\/strong> The <strong data-start=\"4028\" data-end=\"4042\">ASTM D6392<\/strong> testid n\u00f5uavad <strong data-start=\"4057\" data-end=\"4085\">t\u00f5mbekatsete masinad<\/strong> varustatud sobiva <strong data-start=\"4109\" data-end=\"4118\">haaratsid<\/strong> ja suudab t\u00e4pselt kontrollida masina ristpeade kiirust. . <strong data-start=\"4188\" data-end=\"4206\">t\u00f5mbekatsekeha<\/strong> peab vastama n\u00f5uetele, mis on esitatud dokumendis <strong data-start=\"4246\" data-end=\"4259\">ASTM D638<\/strong> j\u00f5u ja pikenemise t\u00e4pseks m\u00f5\u00f5tmiseks. Seadmed peavad sisaldama ka <strong data-start=\"4346\" data-end=\"4373\">andmekogumiss\u00fcsteemid<\/strong> j\u00f5u ja nihke andmete registreerimiseks j\u00f5u ja nihke ajal <strong data-start=\"4423\" data-end=\"4431\">koorimine<\/strong> ja <strong data-start=\"4436\" data-end=\"4451\">nihkekatsed<\/strong>.<\/p>\n<p data-start=\"4454\" data-end=\"4651\">Veebilehel <strong data-start=\"4457\" data-end=\"4477\">Cell Instruments<\/strong>, pakume <strong data-start=\"4490\" data-end=\"4509\">t\u00f5mbetugevuse katseseadmed<\/strong> ja <strong data-start=\"4514\" data-end=\"4531\">haardekinnitused<\/strong> mis on spetsiaalselt kavandatud vastama ASTM D6392 standarditele, tagades geomembraanide \u00f5mbluste usaldusv\u00e4\u00e4rse katsetamise.<\/p>","protected":false},"excerpt":{"rendered":"<p>ASTM D6392 Geomembraanide \u00f5mbluste terviklikkuse test ASTM D6392 on oluline standard termofusioonimeetodil valmistatud tugevdamata geomembraanide \u00f5mbluste terviklikkuse testimiseks. Katse on oluline, et tagada erinevates geotehnilistes ja keskkonnaalastes rakendustes kasutatavate geomembraanide \u00f5mbluste toimivus ja usaldusv\u00e4\u00e4rsus. K\u00e4esolevas artiklis uuritakse ASTM ...<\/p>\n<p class=\"read-more\"> <a class=\"\" href=\"https:\/\/www.qualitester.com\/et\/standards\/astm-d6392\/\"> <span class=\"screen-reader-text\">ASTM D6392<\/span> Loe edasi \u00bb<\/a><\/p>","protected":false},"author":7,"featured_media":0,"parent":4948,"menu_order":0,"comment_status":"closed","ping_status":"closed","template":"","meta":{"site-sidebar-layout":"default","site-content-layout":"default","ast-global-header-display":"","ast-main-header-display":"","ast-hfb-above-header-display":"","ast-hfb-below-header-display":"","ast-hfb-mobile-header-display":"","site-post-title":"disabled","ast-breadcrumbs-content":"","ast-featured-img":"","footer-sml-layout":"","theme-transparent-header-meta":"default","adv-header-id-meta":"","stick-header-meta":"","header-above-stick-meta":"","header-main-stick-meta":"","header-below-stick-meta":"","footnotes":""},"class_list":["post-7730","page","type-page","status-publish","hentry"],"_links":{"self":[{"href":"https:\/\/www.qualitester.com\/et\/wp-json\/wp\/v2\/pages\/7730","targetHints":{"allow":["GET"]}}],"collection":[{"href":"https:\/\/www.qualitester.com\/et\/wp-json\/wp\/v2\/pages"}],"about":[{"href":"https:\/\/www.qualitester.com\/et\/wp-json\/wp\/v2\/types\/page"}],"author":[{"embeddable":true,"href":"https:\/\/www.qualitester.com\/et\/wp-json\/wp\/v2\/users\/7"}],"replies":[{"embeddable":true,"href":"https:\/\/www.qualitester.com\/et\/wp-json\/wp\/v2\/comments?post=7730"}],"version-history":[{"count":0,"href":"https:\/\/www.qualitester.com\/et\/wp-json\/wp\/v2\/pages\/7730\/revisions"}],"up":[{"embeddable":true,"href":"https:\/\/www.qualitester.com\/et\/wp-json\/wp\/v2\/pages\/4948"}],"wp:attachment":[{"href":"https:\/\/www.qualitester.com\/et\/wp-json\/wp\/v2\/media?parent=7730"}],"curies":[{"name":"wp","href":"https:\/\/api.w.org\/{rel}","templated":true}]}}