{"id":7716,"date":"2025-12-24T09:46:58","date_gmt":"2025-12-24T01:46:58","guid":{"rendered":"https:\/\/www.qualitester.com\/?page_id=7716"},"modified":"2025-12-24T14:56:26","modified_gmt":"2025-12-24T06:56:26","slug":"elmendorf-tearing-test","status":"publish","type":"page","link":"https:\/\/www.qualitester.com\/et\/applications\/elmendorf-tearing-test\/","title":{"rendered":"Elmendorfi rebenemiskatse"},"content":{"rendered":"<h1 style=\"text-align: center;\"><strong>Elmendorfi rebenemiskatse<\/strong><\/h1>\n<h1 style=\"text-align: center;\"><strong>ASTM D1424<\/strong><\/h1>\n<p>&nbsp;<\/p>\n<h2>Elmendorfi rebenemistesti m\u00f5istmine: ASTM D1424 kangaste rebenemiskindluse hindamiseks.<\/h2>\n<p><span style=\"font-size: 1.7em; font-weight: bold;\">rength<\/span><\/p>\n<p>The <strong data-start=\"342\" data-end=\"368\">Elmendorfi rebenemistest<\/strong>, mis on m\u00e4\u00e4ratletud <a href=\"https:\/\/www.qualitester.com\/et\/standards\/astm-d1424\/\" target=\"_blank\" rel=\"noopener\"><strong data-start=\"384\" data-end=\"398\">ASTM D1424<\/strong><\/a>, on oluline meetod, mida kasutatakse hindamaks <strong data-start=\"444\" data-end=\"461\">rebenemistugevus<\/strong> ja <strong data-start=\"466\" data-end=\"497\">rebenemiskindlus<\/strong> materjali<\/p>\n<p>nagu kangad ja plastkiled. See katse on oluline erinevates t\u00f6\u00f6stusharudes, eelk\u00f5ige pakkematerjalide, tekstiilide ja meditsiiniseadmete vastupidavuse tagamiseks. K\u00e4esolevas artiklis uurime <strong data-start=\"718\" data-end=\"754\">Elmendorfi rebenemiskatse menetlus<\/strong>, kuidas see toimib ja selle t\u00e4htsus hindamisel. <strong data-start=\"804\" data-end=\"828\">kanga rebenemistugevus<\/strong>.<\/p>\n<hr \/>\n<h2>Mis on Elmendorfi rebenemiskatse (ASTM D1424)?<\/h2>\n<p data-start=\"889\" data-end=\"1313\">The <strong data-start=\"893\" data-end=\"919\">Elmendorfi rebenemistest<\/strong> on laialdaselt tunnustatud meetod, mida kasutatakse materjalide, eriti kangaste ja plastkilede rebenemiseks vajaliku j\u00f5u m\u00e4\u00e4ramiseks. Selles katses kasutatakse <strong data-start=\"1074\" data-end=\"1104\">langeva pendli aparaat<\/strong> rakendada materjalile konstantset j\u00f5udu, m\u00f5\u00f5tes j\u00f5udu, mis on vajalik rebendi pikendamiseks eelnevalt l\u00f5igatud pilust. . <strong data-start=\"1217\" data-end=\"1231\">ASTM D1424<\/strong> standardis on esitatud katsete l\u00e4biviimise eritingimused ja -protseduurid.<\/p>\n<p data-start=\"1315\" data-end=\"1574\">Katse keskendub peamiselt materjalide rebenemisvastupidavuse hindamisele rakendatud j\u00f5u all, mist\u00f5ttu on see oluline tegur erinevate materjalide vastupidavuse m\u00e4\u00e4ramisel.<a href=\"https:\/\/www.qualitester.com\/et\/toode\/sale-paper-tearing-tester-manufacturer\/\" target=\"_blank\" rel=\"noopener\"><img fetchpriority=\"high\" decoding=\"async\" class=\"size-medium wp-image-7726 alignright\" src=\"https:\/\/www.qualitester.com\/wp-content\/uploads\/2025\/12\/Elmendorf-Tearing-Test-ASTM-D1424-300x300.webp\" alt=\"Elmendorfi rebenemiskatse - ASTM D1424\" width=\"300\" height=\"300\" srcset=\"https:\/\/www.qualitester.com\/wp-content\/uploads\/2025\/12\/Elmendorf-Tearing-Test-ASTM-D1424-300x300.webp 300w, https:\/\/www.qualitester.com\/wp-content\/uploads\/2025\/12\/Elmendorf-Tearing-Test-ASTM-D1424-150x150.webp 150w, https:\/\/www.qualitester.com\/wp-content\/uploads\/2025\/12\/Elmendorf-Tearing-Test-ASTM-D1424-12x12.webp 12w, https:\/\/www.qualitester.com\/wp-content\/uploads\/2025\/12\/Elmendorf-Tearing-Test-ASTM-D1424-100x100.webp 100w, https:\/\/www.qualitester.com\/wp-content\/uploads\/2025\/12\/Elmendorf-Tearing-Test-ASTM-D1424.webp 600w\" sizes=\"(max-width: 300px) 100vw, 300px\" \/><\/a>s tooteid, sealhulgas <strong data-start=\"1506\" data-end=\"1525\">pakendikiled<\/strong>, <strong data-start=\"1527\" data-end=\"1539\">tekstiil<\/strong>, ja <strong data-start=\"1545\" data-end=\"1573\">meditsiiniseadmete materjalid<\/strong>.<\/p>\n<hr \/>\n<h2 data-start=\"1315\" data-end=\"1574\">ASTM D1424 Katsemeetod ja -protseduur<\/h2>\n<p data-start=\"1622\" data-end=\"1689\">The <strong data-start=\"1626\" data-end=\"1640\">ASTM D1424<\/strong> standard m\u00e4\u00e4rab kindlaks j\u00e4rgmise katsemenetluse:<\/p>\n<ol>\n<li data-start=\"1693\" data-end=\"1852\"><strong data-start=\"1693\" data-end=\"1717\">Proovi ettevalmistamine<\/strong>: Kanga- v\u00f5i kileproovile tehakse pilu. Proovit\u00fckki hoitakse kahe klambri vahel ja materjali t\u00f5mmatakse, et rebenemine j\u00e4tkuks.<\/li>\n<li data-start=\"1856\" data-end=\"2113\"><strong data-start=\"1856\" data-end=\"1874\">Katseseadmed<\/strong>: The <strong data-start=\"1880\" data-end=\"1910\">langeva pendli aparaat<\/strong>, mis on kalibreeritud vastavalt <strong data-start=\"1945\" data-end=\"1959\">ASTM D1424<\/strong>, kasutatakse. Pendel rakendab j\u00f5udu, mis rebib materjali, ja vajalik j\u00f5ud arvutatakse pendli liikumise ja skaala n\u00e4itude p\u00f5hjal.<\/li>\n<li data-start=\"2117\" data-end=\"2304\"><strong data-start=\"2117\" data-end=\"2136\">Katsetingimused<\/strong>: Materjali katsetatakse standardiseeritud tingimustes koos konkreetsete juhistega proovi suuruse, katsekiiruste ja keskkonna seadistuste, n\u00e4iteks temperatuuri ja niiskuse kohta.<\/li>\n<li data-start=\"2308\" data-end=\"2453\"><strong data-start=\"2308\" data-end=\"2327\">Andmete kogumine<\/strong>: Rebenemise edasikandmiseks vajalik j\u00f5ud registreeritakse koormusaja graafikute v\u00f5i mikroprotsessorip\u00f5histe andmekogumiss\u00fcsteemide abil.<\/li>\n<\/ol>\n<hr \/>\n<h2>Elmendorfi rebenemistesti peamised eelised<\/h2>\n<ul>\n<li data-start=\"2507\" data-end=\"2721\"><strong data-start=\"2507\" data-end=\"2531\">Kanga rebenemistugevus<\/strong>: See test v\u00f5imaldab t\u00e4pselt m\u00f5\u00f5ta kanga <strong data-start=\"2589\" data-end=\"2606\">rebenemistugevus<\/strong>, mis on oluline omadus, millega m\u00e4\u00e4ratakse kindlaks, kui h\u00e4sti materjalid taluvad mehaanilisi pingeid ilma rebenemiseta.<\/li>\n<li data-start=\"2729\" data-end=\"2903\"><strong data-start=\"2729\" data-end=\"2744\">Mitmek\u00fclgsus<\/strong>: Kuigi tavaliselt kasutatakse kangaid, <strong data-start=\"2779\" data-end=\"2793\">ASTM D1424<\/strong> kehtib ka \u00f5hukeste plastkilede ja -plaatide puhul, tagades erinevate materjalit\u00fc\u00fcpide j\u00e4rjepideva katsetamise.<\/li>\n<li data-start=\"2908\" data-end=\"3098\"><strong data-start=\"2908\" data-end=\"2927\">Standardimine<\/strong>: Test j\u00e4rgib rangeid suuniseid, mis tagavad tulemuste korratavuse erinevates laborites, mis teeb selle usaldusv\u00e4\u00e4rseks kvaliteedikontrolliks ja kaubanduslikuks vastuv\u00f5tukatsetuseks.<\/li>\n<li data-start=\"3103\" data-end=\"3335\"><strong data-start=\"3103\" data-end=\"3124\">Kvaliteedi tagamine<\/strong>: Kasutades <strong data-start=\"3139\" data-end=\"3162\">Elmendorfi rebendikatse<\/strong>, saavad tootjad tagada, et nende materjalid vastavad t\u00f6\u00f6stuse vastupidavusnormidele, mis annab kindlustunde, et tooted toimivad reaalsetes tingimustes ootusp\u00e4raselt.<\/li>\n<\/ul>\n<hr \/>\n<h2>Elmendorfi rebenemistesti menetlus<\/h2>\n<p data-start=\"3378\" data-end=\"3495\">The <strong data-start=\"3382\" data-end=\"3407\">Elmendorf Tear Tester<\/strong> j\u00e4rgib lihtsat, kuid t\u00f5husat menetlust m\u00f5\u00f5tmiseks <strong data-start=\"3463\" data-end=\"3494\">rebenemiskindlus<\/strong>:<\/p>\n<ol>\n<li data-start=\"3500\" data-end=\"3611\"><strong data-start=\"3500\" data-end=\"3512\">Klammerdamine<\/strong>: Katseproov kinnitatakse katseseadme haardesse, kusjuures rebimine algab eelnevalt l\u00f5hestatud punktis.<\/li>\n<li data-start=\"3619\" data-end=\"3781\"><strong data-start=\"3619\" data-end=\"3638\">Rebimisprotsess<\/strong>: Pendel vabastatakse, et rakendada n\u00e4idisele fikseeritud j\u00f5udu. Kui rebenemine j\u00e4tkub, registreeritakse rebenemise j\u00e4tkamiseks vajalik j\u00f5ud.<\/li>\n<li data-start=\"3786\" data-end=\"3949\"><strong data-start=\"3786\" data-end=\"3801\">M\u00f5\u00f5tmine<\/strong>: Rebenemistugevus m\u00e4\u00e4ratakse katses t\u00e4heldatud maksimaalse j\u00f5u alusel, mis annab \u00fclevaate materjali rebenemiskindlusest.<\/li>\n<li data-start=\"3954\" data-end=\"4047\"><strong data-start=\"3954\" data-end=\"3971\">Korratavus<\/strong>: Usaldusv\u00e4\u00e4rsete ja korratavate tulemuste tagamiseks testitakse mitut proovi.<\/li>\n<\/ol>\n<hr \/>\n<h2>Miks on kanga rebenemistugevus oluline?<\/h2>\n<p data-start=\"4097\" data-end=\"4220\"><strong data-start=\"4097\" data-end=\"4121\">Kanga rebenemistugevus<\/strong> on oluline omadus materjalide puhul, mida kasutatakse toodetes, mis n\u00f5uavad <strong data-start=\"4191\" data-end=\"4210\">suur vastupidavus<\/strong>, n\u00e4iteks:<\/p>\n<ul>\n<li data-start=\"4224\" data-end=\"4350\"><strong data-start=\"4224\" data-end=\"4247\">Pakendimaterjalid<\/strong>: Kiled ja kiled, mis peavad vastu pidama l\u00e4bil\u00f6\u00f6kidele ja rebenditele k\u00e4itlemise, ladustamise ja transpordi ajal.<\/li>\n<li data-start=\"4353\" data-end=\"4438\"><strong data-start=\"4353\" data-end=\"4365\">Tekstiilid<\/strong>: R\u00f5ivaste ja polstrite materjalid peavad aja jooksul s\u00e4ilitama terviklikkuse.<\/li>\n<li data-start=\"4441\" data-end=\"4575\"><strong data-start=\"4441\" data-end=\"4460\">Meditsiiniseadmed<\/strong>: Meditsiiniliste instrumentide ja tarvikute pakendid peavad v\u00e4ltima rebenemist, et kaitsta steriilsust ja v\u00e4ltida saastumist.<\/li>\n<\/ul>\n<p data-start=\"4577\" data-end=\"4697\">Rebenemistugevuse testimine tagab, et nendes rakendustes kasutatavad materjalid vastavad n\u00f5utavatele toimivusnormidele.<\/p>\n<hr \/>\n<h2 data-start=\"4577\" data-end=\"4697\">Kokkuv\u00f5te<\/h2>\n<p data-start=\"4719\" data-end=\"5211\">The <strong data-start=\"4723\" data-end=\"4746\">Elmendorfi rebendikatse<\/strong>, mis on m\u00e4\u00e4ratletud <strong data-start=\"4762\" data-end=\"4776\">ASTM D1424<\/strong>, on oluline meetod hindamaks <strong data-start=\"4817\" data-end=\"4834\">rebenemistugevus<\/strong> ja <strong data-start=\"4839\" data-end=\"4870\">rebenemiskindlus<\/strong> kangastest, kilest ja muudest materjalidest. Selle katse abil saavad tootjad tagada oma toodete usaldusv\u00e4\u00e4rsuse ja vastupidavuse, mis on oluline sellistes t\u00f6\u00f6stusharudes nagu pakendid, meditsiiniseadmed ja tekstiilid. M\u00f5istmine ja kohaldamine <strong data-start=\"5118\" data-end=\"5132\">ASTM D1424<\/strong> on oluline kvaliteedi tagamise ja t\u00f6\u00f6stusstandardite j\u00e4rgimise seisukohast.<\/p>\n<p data-start=\"5213\" data-end=\"5436\">T\u00e4pse <strong data-start=\"5226\" data-end=\"5258\">kanga rebenemistugevuse testimine<\/strong>, Cell Instruments pakub <strong data-start=\"5284\" data-end=\"5312\">arenenud <a href=\"https:\/\/www.qualitester.com\/et\/toode\/sale-paper-tearing-tester-manufacturer\/\" target=\"_blank\" rel=\"noopener\">Rebenevad testijad<\/a><\/strong> mis on kavandatud vastama k\u00f5rgeimatele standarditele, tagades kvaliteedikontrolli ja materjalikatsete j\u00e4rjepidevad ja korratavad tulemused.<\/p>\n<hr \/>\n<h2 data-start=\"5213\" data-end=\"5436\">KKK<\/h2>\n<p>&nbsp;<\/p>\n<p data-start=\"124\" data-end=\"203\"><strong data-start=\"128\" data-end=\"203\">K1: Mis on Elmendorfi rebenemistest (ASTM D1424) ja kuidas see toimib?<\/strong><\/p>\n<p data-start=\"205\" data-end=\"799\"><strong data-start=\"205\" data-end=\"211\">A1<\/strong>: The <strong data-start=\"217\" data-end=\"240\">Elmendorfi rebenemistest<\/strong>, tuntud ka kui <strong data-start=\"256\" data-end=\"270\">ASTM D1424<\/strong>, on standardiseeritud meetod, mida kasutatakse m\u00f5\u00f5tmaks <strong data-start=\"317\" data-end=\"334\">rebenemistugevus<\/strong> ja <strong data-start=\"339\" data-end=\"370\">rebenemiskindlus<\/strong> kangastest ja plastkiledest. See h\u00f5lmab j\u00f5u rakendamist eelnevalt l\u00f5igatud pilu materjalis, kasutades selleks <strong data-start=\"473\" data-end=\"503\">langeva pendli aparaat<\/strong> rebenemise levitamiseks. Katse m\u00f5\u00f5dab j\u00f5udu, mis on vajalik materjali rebenemise j\u00e4tkamiseks, andes v\u00e4\u00e4rtuslikke andmeid materjali vastupidavuse ja rebenemiskindluse kohta rakendatud pinge korral. Seda katset kasutatakse laialdaselt kvaliteedikontrollis, eriti pakendite, tekstiilide ja meditsiiniseadmete materjalide puhul.<\/p>\n<hr data-start=\"801\" data-end=\"804\" \/>\n<p data-start=\"806\" data-end=\"888\"><strong data-start=\"810\" data-end=\"888\">K2: Miks on Elmendorfi rebenemiskatse oluline plastkilede hindamisel?<\/strong><\/p>\n<p data-start=\"890\" data-end=\"1478\"><strong data-start=\"890\" data-end=\"896\">A2<\/strong>: The <strong data-start=\"902\" data-end=\"925\">Elmendorfi rebenemistest<\/strong> on otsustava t\u00e4htsusega, et hinnata <strong data-start=\"952\" data-end=\"969\">plastkiled<\/strong> sest sellega hinnatakse, kui h\u00e4sti suudab materjal mehaaniliste j\u00f5udude m\u00f5jul rebenemisele vastu seista. Kuna plastkile kasutatakse laialdaselt pakendus-, toidu- ja meditsiinit\u00f6\u00f6stuses, on oluline m\u00f5ista nende vastupidavust. Veebileht <strong data-start=\"1200\" data-end=\"1214\">ASTM D1424<\/strong> meetod aitab kindlaks teha, kui vastupidav on kile rebenemisele, tagades, et see peab vastu pingetele, ilma et selle terviklikkus kannataks. See on eriti oluline rakendustes, kus materjal peab s\u00e4ilitama oma tugevuse transpordi, ladustamise v\u00f5i kasutamise ajal.<\/p>\n<hr data-start=\"1480\" data-end=\"1483\" \/>\n<p data-start=\"1485\" data-end=\"1543\"><strong data-start=\"1489\" data-end=\"1543\">3. k\u00fcsimus: Milliseid materjale saab testida ASTM D1424 abil?<\/strong><\/p>\n<p data-start=\"1545\" data-end=\"2127\"><strong data-start=\"1545\" data-end=\"1551\">A3<\/strong>: <strong data-start=\"1553\" data-end=\"1567\">ASTM D1424<\/strong> kasutatakse peamiselt materjalide katsetamiseks, mis on <strong data-start=\"1617\" data-end=\"1644\">1 mm (0,04 tolli) v\u00f5i v\u00e4hem<\/strong> paksusega, n\u00e4iteks <strong data-start=\"1667\" data-end=\"1684\">plastkiled<\/strong> ja <strong data-start=\"1689\" data-end=\"1706\">\u00f5huke kile<\/strong>. Meetod sobib erinevate kangat\u00fc\u00fcpide jaoks, sealhulgas <strong data-start=\"1767\" data-end=\"1784\">riie<\/strong>, <strong data-start=\"1786\" data-end=\"1798\">tekid<\/strong>, <strong data-start=\"1800\" data-end=\"1818\">m\u00e4hitud kangad<\/strong>, <strong data-start=\"1820\" data-end=\"1836\">kuhjatud kangad<\/strong>, ja <strong data-start=\"1842\" data-end=\"1860\">turvapadjakangas<\/strong>. Seda saab kasutada nii t\u00f6\u00f6tlemata kui ka t\u00f6\u00f6deldud materjalide puhul, sealhulgas nende puhul, mis on <strong data-start=\"1946\" data-end=\"1956\">kaetud<\/strong>, <strong data-start=\"1958\" data-end=\"1975\">Vaiguga t\u00f6\u00f6deldud<\/strong>, v\u00f5i <strong data-start=\"1980\" data-end=\"1997\">tugevalt dimensioneeritud<\/strong>. See test aitab m\u00e4\u00e4rata materjalide rebenemiskindlust erinevates t\u00f6\u00f6stusharudes, nagu pakendid, tekstiilid ja meditsiinitooted.<\/p>\n<hr data-start=\"2129\" data-end=\"2132\" \/>\n<p data-start=\"2134\" data-end=\"2215\"><strong data-start=\"2138\" data-end=\"2215\">K4: Kuidas erineb Elmendorfi pisaratest teistest pisaratesti meetoditest?<\/strong><\/p>\n<p data-start=\"2217\" data-end=\"2897\"><strong data-start=\"2217\" data-end=\"2223\">A4<\/strong>: The <strong data-start=\"2229\" data-end=\"2252\">Elmendorfi rebenemistest<\/strong> (ASTM D1424) erineb teistest <strong data-start=\"2285\" data-end=\"2306\">rebimiskatse meetodid<\/strong> sest see kasutab <strong data-start=\"2325\" data-end=\"2355\">langeva pendli aparaat<\/strong> pidev j\u00f5ud, mis v\u00f5imaldab materjali rebenemist edasi kanda. Rebenemise j\u00e4tkamiseks vajalik j\u00f5ud m\u00f5\u00f5detakse ja registreeritakse skaalal. Erinevalt m\u00f5nest muust meetodist on <strong data-start=\"2525\" data-end=\"2543\">Elmendorfi pisar<\/strong> test annab t\u00e4psed andmed <strong data-start=\"2578\" data-end=\"2609\">rebenemiskindlus<\/strong>, mis muudab selle eriti sobivaks selliste materjalide jaoks nagu <strong data-start=\"2662\" data-end=\"2679\">plastkiled<\/strong> ja <strong data-start=\"2684\" data-end=\"2701\">\u00f5huke kile<\/strong>. Muud pisaratestid, nagu n\u00e4iteks <strong data-start=\"2733\" data-end=\"2755\">Griffithi rebenemistest<\/strong> v\u00f5i <strong data-start=\"2759\" data-end=\"2780\">P\u00fckste rebenemise katse<\/strong>, v\u00f5ivad kasutada erinevaid katsemehhanisme ja sobivad paremini paksemate kangaste v\u00f5i erinevate materjaliomaduste puhul.<\/p>\n<hr data-start=\"2899\" data-end=\"2902\" \/>\n<p data-start=\"2904\" data-end=\"2991\"><strong data-start=\"2908\" data-end=\"2991\">K5: Millistele t\u00f6\u00f6stusharudele on ASTM D1424 Elmendorfi rebenemiskatse kasutamine k\u00f5ige kasulikum?<\/strong><\/p>\n<p data-start=\"2993\" data-end=\"3244\"><strong data-start=\"2993\" data-end=\"2999\">A5<\/strong>: The <strong data-start=\"3005\" data-end=\"3039\">ASTM D1424 Elmendorfi rebenemiskatse<\/strong> on v\u00e4ga kasulik t\u00f6\u00f6stusharudele, mis vajavad vastupidavaid materjale, eriti need, mis on seotud <strong data-start=\"3134\" data-end=\"3147\">pakend<\/strong>, <strong data-start=\"3149\" data-end=\"3160\">meditsiiniline<\/strong>, <strong data-start=\"3162\" data-end=\"3173\">tekstiil<\/strong>, ja <strong data-start=\"3179\" data-end=\"3193\">auto<\/strong> sektorid. M\u00f5ned peamised t\u00f6\u00f6stusharud, mis saavad kasu, on j\u00e4rgmised:<\/p>\n<ul data-start=\"3246\" data-end=\"3783\">\n<li data-start=\"3246\" data-end=\"3362\">\n<p data-start=\"3248\" data-end=\"3362\"><strong data-start=\"3248\" data-end=\"3261\">Pakend<\/strong>: Tagada, et pakendamiseks kasutatavad kiled ja kiled peavad vastu f\u00fc\u00fcsilisele koormusele ilma rebenemiseta.<\/p>\n<\/li>\n<li data-start=\"3363\" data-end=\"3478\">\n<p data-start=\"3365\" data-end=\"3478\"><strong data-start=\"3365\" data-end=\"3377\">Tekstiilid<\/strong>: Riietuses, polsterduses ja t\u00f6\u00f6stuslikes rakendustes kasutatavate kangaste vastupidavuse hindamiseks.<\/p>\n<\/li>\n<li data-start=\"3479\" data-end=\"3655\">\n<p data-start=\"3481\" data-end=\"3655\"><strong data-start=\"3481\" data-end=\"3500\">Meditsiiniseadmed<\/strong>: Meditsiiniseadmete ja -tarvikute pakendimaterjalide rebenemiskindluse testimine, tagades nende terviklikkuse s\u00e4ilimise k\u00e4itlemise ja ladustamise ajal.<\/p>\n<\/li>\n<li data-start=\"3656\" data-end=\"3783\">\n<p data-start=\"3658\" data-end=\"3783\"><strong data-start=\"3658\" data-end=\"3672\">Autot\u00f6\u00f6stus<\/strong>: Turvapatjade, istmekatete ja muude s\u00f5idukite rakenduste puhul kasutatavate materjalide rebenemiskindluse testimiseks.<\/p>\n<\/li>\n<\/ul>\n<hr data-start=\"3785\" data-end=\"3788\" \/>\n<p data-start=\"3790\" data-end=\"3886\"><strong data-start=\"3794\" data-end=\"3886\">K6: Kuidas saab Elmendorfi rebenemistesti kasutada kangatootjate kvaliteedikontrollis?<\/strong><\/p>\n<p data-start=\"3888\" data-end=\"4464\"><strong data-start=\"3888\" data-end=\"3894\">A6<\/strong>: The <strong data-start=\"3900\" data-end=\"3923\">Elmendorfi rebenemistest<\/strong> on oluline vahend <strong data-start=\"3948\" data-end=\"3967\">kvaliteedikontroll<\/strong> kangatootjate jaoks. Selle testi abil saavad tootjad tagada, et nende kangad vastavad n\u00f5utava <strong data-start=\"4076\" data-end=\"4093\">rebenemistugevus<\/strong> standardid enne saatmist. Veebileht <strong data-start=\"4125\" data-end=\"4139\">ASTM D1424<\/strong> meetod annab j\u00e4rjepidevaid, korratavaid tulemusi, mida saab kasutada, et hinnata, kas kangapartii vastab t\u00f6\u00f6stusstandarditele. See on v\u00e4ga oluline, et tagada, et kangad, mida kasutatakse suure koormusega rakendustes, n\u00e4iteks polsterduses, meditsiiniseadmetes ja kaitseriietuses, toimiksid usaldusv\u00e4\u00e4rselt ja s\u00e4ilitaksid oma terviklikkuse kasutamise ajal.<\/p>\n<hr data-start=\"4466\" data-end=\"4469\" \/>\n<p data-start=\"4471\" data-end=\"4537\"><strong data-start=\"4475\" data-end=\"4537\">K7: Kas Elmendorfi rebimiskatset saab kasutada m\u00e4rgade materjalide puhul?<\/strong><\/p>\n<p data-start=\"4539\" data-end=\"5031\"><strong data-start=\"4539\" data-end=\"4545\">A7<\/strong>: Jah. <strong data-start=\"4556\" data-end=\"4579\">Elmendorfi rebenemistest<\/strong> (ASTM D1424) v\u00f5ib kohaldada nii <strong data-start=\"4616\" data-end=\"4641\">m\u00e4rjad ja kuivad materjalid<\/strong>. Juhised on esitatud proovide katsetamiseks nii niisutamisega kui ka ilma, mist\u00f5ttu on see sobiv materjalide toimimise hindamiseks erinevates keskkonnatingimustes. See on eriti kasulik sellistes t\u00f6\u00f6stusharudes nagu <strong data-start=\"4863\" data-end=\"4876\">pakend<\/strong>, kus materjalid v\u00f5ivad puutuda kokku niiskuse v\u00f5i niiske keskkonnaga, ning on oluline m\u00f5ista, kuidas materjali <strong data-start=\"4994\" data-end=\"5013\">rebenemiskindlus<\/strong> muutub m\u00e4rjalt.<\/p>","protected":false},"excerpt":{"rendered":"<p>Elmendorfi rebenemiskatse ASTM D1424 Elmendorfi rebenemiskatse m\u00f5istmine: Elmendorfi rebimiskatse, mis on m\u00e4\u00e4ratletud ASTM D1424 all, on oluline meetod, mida kasutatakse materjalide, n\u00e4iteks kangaste ja plastkilede rebenemistugevuse ja rebenemiskindluse hindamiseks. See katse on oluline ...<\/p>\n<p class=\"read-more\"> <a class=\"\" href=\"https:\/\/www.qualitester.com\/et\/applications\/elmendorf-tearing-test\/\"> <span class=\"screen-reader-text\">Elmendorfi rebenemiskatse<\/span> Loe edasi \u00bb<\/a><\/p>","protected":false},"author":7,"featured_media":0,"parent":6794,"menu_order":0,"comment_status":"closed","ping_status":"closed","template":"","meta":{"site-sidebar-layout":"default","site-content-layout":"default","ast-global-header-display":"","ast-main-header-display":"","ast-hfb-above-header-display":"","ast-hfb-below-header-display":"","ast-hfb-mobile-header-display":"","site-post-title":"disabled","ast-breadcrumbs-content":"","ast-featured-img":"","footer-sml-layout":"","theme-transparent-header-meta":"default","adv-header-id-meta":"","stick-header-meta":"","header-above-stick-meta":"","header-main-stick-meta":"","header-below-stick-meta":"","footnotes":""},"class_list":["post-7716","page","type-page","status-publish","hentry"],"_links":{"self":[{"href":"https:\/\/www.qualitester.com\/et\/wp-json\/wp\/v2\/pages\/7716","targetHints":{"allow":["GET"]}}],"collection":[{"href":"https:\/\/www.qualitester.com\/et\/wp-json\/wp\/v2\/pages"}],"about":[{"href":"https:\/\/www.qualitester.com\/et\/wp-json\/wp\/v2\/types\/page"}],"author":[{"embeddable":true,"href":"https:\/\/www.qualitester.com\/et\/wp-json\/wp\/v2\/users\/7"}],"replies":[{"embeddable":true,"href":"https:\/\/www.qualitester.com\/et\/wp-json\/wp\/v2\/comments?post=7716"}],"version-history":[{"count":0,"href":"https:\/\/www.qualitester.com\/et\/wp-json\/wp\/v2\/pages\/7716\/revisions"}],"up":[{"embeddable":true,"href":"https:\/\/www.qualitester.com\/et\/wp-json\/wp\/v2\/pages\/6794"}],"wp:attachment":[{"href":"https:\/\/www.qualitester.com\/et\/wp-json\/wp\/v2\/media?parent=7716"}],"curies":[{"name":"wp","href":"https:\/\/api.w.org\/{rel}","templated":true}]}}