{"id":7673,"date":"2025-12-19T14:55:14","date_gmt":"2025-12-19T06:55:14","guid":{"rendered":"https:\/\/www.qualitester.com\/?page_id=7673"},"modified":"2025-12-19T16:05:46","modified_gmt":"2025-12-19T08:05:46","slug":"astm-d1938","status":"publish","type":"page","link":"https:\/\/www.qualitester.com\/et\/standards\/astm-d1938\/","title":{"rendered":"ASTM D1938"},"content":{"rendered":"<h1 style=\"text-align: center;\" data-start=\"553\" data-end=\"1074\">ASTM D1938<br \/>\nKile rebenemiskindlus ja katsemeetodid<\/h1>\n<p class=\"\" data-start=\"553\" data-end=\"1074\">The <strong data-start=\"502\" data-end=\"541\">kile rebenemiskindlus<\/strong> on oluline omadus erinevates t\u00f6\u00f6stusharudes kasutatavate plastkilede ja \u00f5hukeste kilede vastupidavuse ja toimivuse hindamisel. <strong data-start=\"689\" data-end=\"703\">ASTM D1938<\/strong>, mis on standardne katsemeetod rebimiskindluse m\u00f5\u00f5tmiseks, kasutab spetsiaalset meetodit, mida tuntakse nime all <strong data-start=\"797\" data-end=\"819\">\u00fche rebenemise meetod<\/strong> et m\u00e4\u00e4rata, kui h\u00e4sti materjalid peavad vastu rebendi levikule. See meetod on oluline, et m\u00f5ista, kuidas materjalid k\u00e4ituvad pinge all, tagades, et tootjad toodavad oma rakenduste jaoks vastupidavaid ja usaldusv\u00e4\u00e4rseid plastkilesid.<\/p>\n<hr class=\"\" data-start=\"1603\" data-end=\"1606\" \/>\n<h2 data-start=\"1608\" data-end=\"1666\">ASTM D1938: Standard for Measuring Tear-Propagation Resistance: Standard for Measuring Tear-Propagation Resistance<\/h2>\n<p class=\"\" data-start=\"1668\" data-end=\"1815\"><strong data-start=\"1128\" data-end=\"1142\">ASTM D1938<\/strong> m\u00e4\u00e4rab kindlaks meetodi, millega m\u00f5\u00f5detakse <strong data-start=\"1177\" data-end=\"1225\">plastkilede rebenemiskindlus<\/strong> ja \u00f5hukesed plekkmaterjalid paksusega kuni 1 mm (0,04 tolli). Selles katses kasutatakse <strong data-start=\"1319\" data-end=\"1363\">konstantse haardekiirusega eraldusmasin<\/strong> et m\u00e4\u00e4rata j\u00f5ud, mis on vajalik materjali rebenemise j\u00e4tkamiseks p\u00e4rast pilu sisseviimist. <strong data-start=\"1458\" data-end=\"1497\">Kile rebenemiskindlus<\/strong> on oluline t\u00f6\u00f6stusharudes, kus kilest tooted peavad vastu pidama mehaanilistele pingetele, n\u00e4iteks pakendid, meditsiiniseadmed ja tekstiilid.<\/p>\n<h3 data-start=\"2150\" data-end=\"2194\">Mis on filmi rebenemise test?<\/h3>\n<p class=\"\" data-start=\"2196\" data-end=\"2468\">In the <strong data-start=\"1689\" data-end=\"1725\">rebenemiskindluse katse<\/strong> m\u00e4\u00e4ratletud <strong data-start=\"1737\" data-end=\"1751\">ASTM D1938<\/strong>, plastkile v\u00f5i \u00f5hukese kile proovi l\u00f5igatakse kindla suurusega ja sellele rakendatakse j\u00f5udu, mis tekitab algsest pilust rebendi. Katsega m\u00f5\u00f5detakse j\u00f5udu, mis on vajalik materjali j\u00e4tkuvaks rebimiseks. Selleks kasutatakse <strong data-start=\"1988\" data-end=\"2032\">konstantse haardekiirusega eraldusmasin<\/strong>, mis eraldab proovi hoidvad haaratsid kontrollitud kiirusega, tavaliselt 250 mm\/min. Saadud andmed v\u00f5imaldavad tootjatel hinnata, kui h\u00e4sti materjal mehaanilise koormuse all vastu peab.<\/p>\n<h3 data-start=\"3878\" data-end=\"3985\">Plastikfilmi rebenemise meetod: Protseduur ja testimine<\/h3>\n<h3 data-start=\"2288\" data-end=\"2319\">Katseproovi ettevalmistamine<\/h3>\n<p data-start=\"2321\" data-end=\"2669\">Et alustada <strong data-start=\"2334\" data-end=\"2347\">rebenemistest<\/strong>, proovi l\u00f5igatakse n\u00f5utavate m\u00f5\u00f5tmete j\u00e4rgi, tagades, et selle paksus on \u00fchtlane ja t\u00e4pselt m\u00f5\u00f5detud. L\u00f5ige asetatakse proovi keskele ja see kinnitatakse katsekehale <strong data-start=\"2530\" data-end=\"2574\">konstantse haardekiirusega eraldusmasin<\/strong>. Seda masinat kasutatakse j\u00f5u rakendamiseks kontrollitud eralduskiirusega, et rebenemist paljundada.<\/p>\n<h3 data-start=\"2671\" data-end=\"2692\">Testimise kord<\/h3>\n<ol data-start=\"2694\" data-end=\"3161\">\n<li data-start=\"2694\" data-end=\"2808\">\n<p data-start=\"2697\" data-end=\"2808\"><strong data-start=\"2697\" data-end=\"2719\">Proovi paigutamine<\/strong>: Kileproov asetatakse masinasse nii, et pilu on paigutatud kahe klambri vahele.<\/p>\n<\/li>\n<li data-start=\"2809\" data-end=\"2917\">\n<p data-start=\"2812\" data-end=\"2917\"><strong data-start=\"2812\" data-end=\"2833\">J\u00f5u rakendamine<\/strong>: Katse algab kontrollitud j\u00f5u rakendamisega eraldamiskiirusega 250 mm\/min.<\/p>\n<\/li>\n<li data-start=\"2918\" data-end=\"3017\">\n<p data-start=\"2921\" data-end=\"3017\"><strong data-start=\"2921\" data-end=\"2941\">Rebenemise levik<\/strong>: Rebenemine j\u00e4tkub, kuni see on t\u00e4ielikult \u00fcle proovi levinud.<\/p>\n<\/li>\n<li data-start=\"3018\" data-end=\"3161\">\n<p data-start=\"3021\" data-end=\"3161\"><strong data-start=\"3021\" data-end=\"3046\">Tulemuste registreerimine<\/strong>: Registreeritakse rebendi edasikandumiseks vajalik j\u00f5ud ja neid andmeid kasutatakse rebenemise arvutamiseks. <strong data-start=\"3141\" data-end=\"3160\">rebenemiskindlus<\/strong>.<\/p>\n<\/li>\n<\/ol>\n<h3 data-start=\"3163\" data-end=\"3190\">Peamised tegurid, mida tuleb arvesse v\u00f5tta<\/h3>\n<ul data-start=\"3192\" data-end=\"3612\">\n<li data-start=\"3192\" data-end=\"3396\">\n<p data-start=\"3194\" data-end=\"3396\">The <strong data-start=\"3198\" data-end=\"3217\">rebenemiskindlus<\/strong> . <strong data-start=\"3222\" data-end=\"3239\">plastkiled<\/strong> varieerub vastavalt materjali laiendatavusele. Suurema venivusega materjalidel on erinevad rebenemiskarakteristikud kui v\u00e4hem venivatel materjalidel.<\/p>\n<\/li>\n<li data-start=\"3397\" data-end=\"3612\">\n<p data-start=\"3399\" data-end=\"3612\">Katse tuleb teha kontrollitud tingimustes, n\u00e4iteks s\u00e4ilitades <strong data-start=\"3475\" data-end=\"3503\">temperatuur ja niiskus<\/strong> kindlaksm\u00e4\u00e4ratud vahemikes (23 \u00b1 2 \u00b0C ja 50 \u00b1 10% suhteline \u00f5huniiskus), et tagada t\u00e4psed ja korratavad tulemused.<\/p>\n<\/li>\n<\/ul>\n<hr class=\"\" data-start=\"3987\" data-end=\"3990\" \/>\n<h2 data-start=\"3614\" data-end=\"3655\">ASTM D1938 rakendused t\u00f6\u00f6stuses<\/h2>\n<p data-start=\"3657\" data-end=\"3749\">The <strong data-start=\"3661\" data-end=\"3700\">Kile rebenemiskindlus<\/strong> on mitme t\u00f6\u00f6stusharu jaoks oluline omadus:<\/p>\n<ul data-start=\"3750\" data-end=\"4231\">\n<li data-start=\"3750\" data-end=\"3920\">\n<p data-start=\"3752\" data-end=\"3920\"><strong data-start=\"3752\" data-end=\"3765\">Pakend<\/strong>: Pakendamiseks kasutatavad materjalid peavad vastu pidama rebenemisele transpordi ja k\u00e4itlemise ajal ning see katse tagab, et kiled vastavad nendele vastupidavusn\u00f5uetele.<\/p>\n<\/li>\n<li data-start=\"3921\" data-end=\"4048\">\n<p data-start=\"3923\" data-end=\"4048\"><strong data-start=\"3923\" data-end=\"3942\">Meditsiiniseadmed<\/strong>: Meditsiinipakendites v\u00f5i -seadmetes kasutatavad kiled peavad olema rebenemiskindlad, et s\u00e4ilitada steriilsus ja tooteohutus.<\/p>\n<\/li>\n<li data-start=\"4049\" data-end=\"4231\">\n<p data-start=\"4051\" data-end=\"4231\"><strong data-start=\"4051\" data-end=\"4075\">Tekstiilid ja kangad<\/strong>: Tekstiilides v\u00f5i kaitsekattes kasutatavate kilede rebenemiskindluse testimine aitab tagada, et need toimiksid koormuse all reaalsetes rakendustes.<\/p>\n<\/li>\n<\/ul>\n<hr class=\"\" data-start=\"4624\" data-end=\"4627\" \/>\n<h2 data-start=\"4233\" data-end=\"4273\">Rebenemiskindluse testimise t\u00e4htsus<\/h2>\n<p data-start=\"4275\" data-end=\"4787\"><strong data-start=\"4275\" data-end=\"4302\">Rebenemiskindluse testimine<\/strong> l\u00e4bi <strong data-start=\"4311\" data-end=\"4325\">ASTM D1938<\/strong> aitab tootjatel hinnata <strong data-start=\"4357\" data-end=\"4387\">vastupidavus ja usaldusv\u00e4\u00e4rsus<\/strong> nende toodete kohta. M\u00f5\u00f5tes t\u00e4pselt <strong data-start=\"4435\" data-end=\"4461\">rebenemise j\u00f5ud<\/strong>, saavad tootjad tagada, et nende kiled vastavad t\u00f6\u00f6stusstandarditele ja peavad vastu mehaanilistele j\u00f5ududele, millega nad t\u00f5en\u00e4oliselt kasutamise ajal kokku puutuvad. See on oluline t\u00f6\u00f6stusharude jaoks, kus toimivusnormidele mittevastavus v\u00f5ib p\u00f5hjustada kahjustusi v\u00f5i ohutusprobleeme, n\u00e4iteks meditsiinipakendid, toidupakendid ja ohutusmaterjalid.<\/p>\n<hr class=\"\" data-start=\"5073\" data-end=\"5076\" \/>\n<h2 data-start=\"4789\" data-end=\"4836\">Cell Instruments: T\u00e4iustatud testimislahendused<\/h2>\n<p data-start=\"4838\" data-end=\"5261\">Veebilehel <strong data-start=\"4841\" data-end=\"4861\">Cell Instruments<\/strong>, pakume tipptasemel <strong data-start=\"4883\" data-end=\"4911\">t\u00f5mbekatsete masinad<\/strong> ja <strong data-start=\"4916\" data-end=\"4943\">rebenemiskindluse testijad<\/strong> mis vastavad <strong data-start=\"4961\" data-end=\"4975\">ASTM D1938<\/strong>. Meie seadmed tagavad t\u00e4pse m\u00f5\u00f5tmise <strong data-start=\"5022\" data-end=\"5053\">rebenemiskindlus<\/strong>, aidates tootjatel s\u00e4ilitada toodete k\u00f5rgeid kvaliteedistandardeid. Olenemata sellest, kas olete pakendus-, tekstiili- v\u00f5i meditsiinit\u00f6\u00f6stuses, <strong data-start=\"5183\" data-end=\"5203\">Cell Instruments<\/strong> on teie usaldusv\u00e4\u00e4rne partner testimise ja kvaliteedi tagamise valdkonnas.<\/p>\n<p><a href=\"https:\/\/www.qualitester.com\/et\/?s=Tensile+tester\" target=\"_blank\" rel=\"noopener\"><img fetchpriority=\"high\" decoding=\"async\" class=\"aligncenter wp-image-7675 size-medium\" src=\"https:\/\/www.qualitester.com\/wp-content\/uploads\/2025\/12\/ASTM-D1938-Tear-Propagation-Resistance-of-Film-and-Testing-Methods-300x300.webp\" alt=\"ASTM D1938 Kile rebenemiskindlus ja katsemeetodid\" width=\"300\" height=\"300\" srcset=\"https:\/\/www.qualitester.com\/wp-content\/uploads\/2025\/12\/ASTM-D1938-Tear-Propagation-Resistance-of-Film-and-Testing-Methods-300x300.webp 300w, https:\/\/www.qualitester.com\/wp-content\/uploads\/2025\/12\/ASTM-D1938-Tear-Propagation-Resistance-of-Film-and-Testing-Methods-150x150.webp 150w, https:\/\/www.qualitester.com\/wp-content\/uploads\/2025\/12\/ASTM-D1938-Tear-Propagation-Resistance-of-Film-and-Testing-Methods-12x12.webp 12w, https:\/\/www.qualitester.com\/wp-content\/uploads\/2025\/12\/ASTM-D1938-Tear-Propagation-Resistance-of-Film-and-Testing-Methods-100x100.webp 100w, https:\/\/www.qualitester.com\/wp-content\/uploads\/2025\/12\/ASTM-D1938-Tear-Propagation-Resistance-of-Film-and-Testing-Methods.webp 600w\" sizes=\"(max-width: 300px) 100vw, 300px\" \/><\/a><\/p>\n<p>&nbsp;<\/p>\n<h2>Kokkuv\u00f5te<\/h2>\n<p><strong data-start=\"5278\" data-end=\"5292\">ASTM D1938<\/strong> on t\u00f6\u00f6stusharu standardiks, millega m\u00e4\u00e4ratakse kindlaks <strong data-start=\"5338\" data-end=\"5385\">plastkile rebenemiskindlus<\/strong> ja \u00f5hukese kilega. Seda katsemeetodit kasutades saavad tootjad tagada, et nende tooted on vastupidavad ja suudavad vastu pidada kasutamisel tekkivatele pingetele. Veebilehel <strong data-start=\"5565\" data-end=\"5585\">Cell Instruments<\/strong>, pakume tipptasemel katseseadmeid, mis aitavad ettev\u00f5tetel t\u00e4ita oma t\u00f6\u00f6stusharude n\u00f5udlikke n\u00f5udeid, tagades usaldusv\u00e4\u00e4rsed ja kvaliteetsed tooted.<\/p>\n<hr class=\"\" data-start=\"6448\" data-end=\"6451\" \/>\n<ul>\n<li data-start=\"6453\" data-end=\"6492\">\n<h2>KKK<\/h2>\n<\/li>\n<\/ul>\n<p data-start=\"114\" data-end=\"164\"><strong data-start=\"118\" data-end=\"164\">K1: Mis on ASTM D1938 ja kuidas seda kasutatakse?<\/strong><\/p>\n<p data-start=\"166\" data-end=\"585\"><strong data-start=\"166\" data-end=\"172\">A1<\/strong>: <strong data-start=\"174\" data-end=\"188\">ASTM D1938<\/strong> on standardne katsemeetod, millega m\u00e4\u00e4ratakse kindlaks <strong data-start=\"237\" data-end=\"303\">plastkilede ja \u00f5hukeste kilede rebenemiskindlus<\/strong>. Selle meetodi puhul kasutatakse konstantse haardekiirusega eraldusmasinat, mis rakendab proovile j\u00f5udu, mille abil m\u00f5\u00f5detakse rebenemise levimiseks vajalikku j\u00f5udu. Tulemused annavad olulisi andmeid pakendites, meditsiiniseadmetes ja tekstiilides kasutatavate materjalide vastupidavuse hindamiseks.<\/p>\n<hr data-start=\"587\" data-end=\"590\" \/>\n<p data-start=\"592\" data-end=\"663\"><strong data-start=\"596\" data-end=\"663\">2. k\u00fcsimus: Kuidas toimib filmi rebenemiskindluse test?<\/strong><\/p>\n<p data-start=\"665\" data-end=\"1084\"><strong data-start=\"665\" data-end=\"671\">A2<\/strong>: The <strong data-start=\"677\" data-end=\"716\">Kile rebenemiskindlus<\/strong> Katse h\u00f5lmab plastkileproovile pilu paigaldamist ja rebendi edasikandmiseks vajaliku j\u00f5u m\u00f5\u00f5tmist. Proovit\u00fckk hoitakse kahe k\u00e4epideme vahel ja rebendi edasikandmiseks rakendatakse j\u00f5udu kontrollitud kiirusega. . <strong data-start=\"936\" data-end=\"950\">rebenemisj\u00f5ud<\/strong> salvestatakse ja seda kasutatakse materjali rebenemiskindluse hindamiseks, mis on oluline, et hinnata, kui h\u00e4sti kile talub koormust.<\/p>\n<hr data-start=\"1086\" data-end=\"1089\" \/>\n<p data-start=\"1091\" data-end=\"1157\"><strong data-start=\"1095\" data-end=\"1157\">3. k\u00fcsimus: Milliseid materjale saab ASTM D1938 abil testida?<\/strong><\/p>\n<p data-start=\"1159\" data-end=\"1567\"><strong data-start=\"1159\" data-end=\"1165\">A3<\/strong>: <strong data-start=\"1167\" data-end=\"1181\">ASTM D1938<\/strong> eesm\u00e4rk on testida <strong data-start=\"1202\" data-end=\"1247\">plastkiled ja \u00f5hukesed kilematerjalid<\/strong> mis on kuni 1 mm (0,04 tolli) paksused. See h\u00f5lmab mitmesuguseid materjale, nagu riie, kihilised kiled ja \u00f5hupadjakangas, tingimusel et materjal ei purune katsetamise ajal. Seda kasutatakse materjalide katsetamiseks, mida tavaliselt kasutatakse j\u00e4rgmistes materjalides <strong data-start=\"1512\" data-end=\"1525\">pakend<\/strong>, <strong data-start=\"1527\" data-end=\"1538\">meditsiiniline<\/strong>, ja <strong data-start=\"1544\" data-end=\"1555\">tekstiil<\/strong> t\u00f6\u00f6stusharud.<\/p>\n<hr data-start=\"1569\" data-end=\"1572\" \/>\n<p data-start=\"1574\" data-end=\"1637\"><strong data-start=\"1578\" data-end=\"1637\">K4: Miks on rebenemiskindlus plastkilede puhul oluline?<\/strong><\/p>\n<p data-start=\"1639\" data-end=\"2045\"><strong data-start=\"1639\" data-end=\"1645\">A4<\/strong>: <strong data-start=\"1647\" data-end=\"1666\">Rebenemiskindlus<\/strong> on kriitilise t\u00e4htsusega <strong data-start=\"1683\" data-end=\"1700\">plastkiled<\/strong> sest see tagab, et materjal ei l\u00e4he pinge all katki. Pakendites, meditsiiniseadmetes ja ohutustoodetes kasutatavad kiled peavad olema rebenemiskindlad, et s\u00e4ilitada nende terviklikkus transpordi, k\u00e4itlemise ja kasutamise ajal. Testimine <strong data-start=\"1932\" data-end=\"1963\">rebenemiskindlus<\/strong> aitab tootjatel valida \u00f5igeid materjale suure j\u00f5udlusega rakenduste jaoks.<\/p>\n<hr data-start=\"2047\" data-end=\"2050\" \/>\n<p data-start=\"2052\" data-end=\"2117\"><strong data-start=\"2056\" data-end=\"2117\">K5: Kuidas kasutatakse rebenemiskindluse andmeid t\u00f6\u00f6stuses?<\/strong><\/p>\n<p data-start=\"2119\" data-end=\"2580\"><strong data-start=\"2119\" data-end=\"2125\">A5<\/strong>: Andmed, mis on saadud <strong data-start=\"2150\" data-end=\"2177\">rebenemiskindluse testimine<\/strong> kasutades <strong data-start=\"2184\" data-end=\"2198\">ASTM D1938<\/strong> aitab tootjatel m\u00f5ista, kui h\u00e4sti nende materjalid suudavad rebenemisele vastu seista. See teave on v\u00e4ga oluline sellistes t\u00f6\u00f6stusharudes nagu pakendid, kus materjalide tugevus ja vastupidavus m\u00f5jutavad otseselt toote v\u00f5imet vastu pidada transpordile ja k\u00e4itlemisele. Samuti aitab see tagada, et <strong data-start=\"2487\" data-end=\"2508\">meditsiiniline pakend<\/strong> ja <strong data-start=\"2513\" data-end=\"2533\">ohutusmaterjalid<\/strong> s\u00e4ilitavad oma terviklikkuse kogu kasutamise ajal.<\/p>\n<hr data-start=\"2582\" data-end=\"2585\" \/>\n<p data-start=\"2587\" data-end=\"2667\"><strong data-start=\"2591\" data-end=\"2667\">K6: Millised on ASTM D1938 standardi kasutamise eelised plastkilede katsetamisel?<\/strong><\/p>\n<p data-start=\"2669\" data-end=\"3040\"><strong data-start=\"2669\" data-end=\"2675\">A6<\/strong>: <strong data-start=\"2677\" data-end=\"2691\">ASTM D1938<\/strong> pakub standardiseeritud meetodit testimiseks <strong data-start=\"2735\" data-end=\"2766\">rebenemiskindlus<\/strong>, tagades, et tootjad saavad t\u00e4pselt hinnata oma kilede ja kilede vastupidavust. See katsemeetod on kasulik j\u00e4rjepidevuse tagamiseks, toodete kvaliteedi parandamiseks ja pakendites, tekstiilides ja meditsiiniseadmetes kasutatavate materjalide t\u00f6\u00f6stusstandardite t\u00e4itmiseks.<\/p>\n<hr data-start=\"3042\" data-end=\"3045\" \/>\n<p data-start=\"3047\" data-end=\"3117\"><strong data-start=\"3051\" data-end=\"3117\">K7: Kuidas saab Cell Instruments aidata ASTM D1938 testimisel?<\/strong><\/p>\n<p data-start=\"3119\" data-end=\"3574\"><strong data-start=\"3119\" data-end=\"3125\">A7<\/strong>: <strong data-start=\"3127\" data-end=\"3147\">Cell Instruments<\/strong> pakub tipptasemel <strong data-start=\"3172\" data-end=\"3200\">t\u00f5mbekatsete masinad<\/strong> ja <strong data-start=\"3205\" data-end=\"3232\">rebenemiskindluse testijad<\/strong> mis vastavad <strong data-start=\"3250\" data-end=\"3264\">ASTM D1938<\/strong>. Meie <strong data-start=\"3270\" data-end=\"3315\">pideva haardekiirusega eraldusmasinad<\/strong> tagada t\u00e4pne m\u00f5\u00f5tmine <strong data-start=\"3346\" data-end=\"3377\">rebenemiskindlus<\/strong>, mis v\u00f5imaldab tootjatel katsetada ja kontrollida oma kilede vastupidavust. Meie seadmete abil saavad ettev\u00f5tted tagada, et nende tooted vastavad t\u00f6\u00f6stusstandarditele ja toimivad usaldusv\u00e4\u00e4rselt koormuse all.<\/p>","protected":false},"excerpt":{"rendered":"<p>ASTM D1938 Kile rebenemiskindlus ja katsemeetodid Kile rebenemiskindlus on oluline omadus erinevates t\u00f6\u00f6stusharudes kasutatavate plastkilede ja \u00f5hukeste kilede vastupidavuse ja toimivuse hindamisel. ASTM D1938, standardne katsemeetod rebimiskindluse m\u00f5\u00f5tmiseks, kasutab spetsiifilist meetodit, mida tuntakse \u00fche rebimise meetodina, et ...<\/p>\n<p class=\"read-more\"> <a class=\"\" href=\"https:\/\/www.qualitester.com\/et\/standards\/astm-d1938\/\"> <span class=\"screen-reader-text\">ASTM D1938<\/span> Loe edasi \u00bb<\/a><\/p>","protected":false},"author":7,"featured_media":0,"parent":4948,"menu_order":0,"comment_status":"closed","ping_status":"closed","template":"","meta":{"site-sidebar-layout":"default","site-content-layout":"default","ast-global-header-display":"","ast-main-header-display":"","ast-hfb-above-header-display":"","ast-hfb-below-header-display":"","ast-hfb-mobile-header-display":"","site-post-title":"disabled","ast-breadcrumbs-content":"","ast-featured-img":"","footer-sml-layout":"","theme-transparent-header-meta":"default","adv-header-id-meta":"","stick-header-meta":"","header-above-stick-meta":"","header-main-stick-meta":"","header-below-stick-meta":"","footnotes":""},"class_list":["post-7673","page","type-page","status-publish","hentry"],"_links":{"self":[{"href":"https:\/\/www.qualitester.com\/et\/wp-json\/wp\/v2\/pages\/7673","targetHints":{"allow":["GET"]}}],"collection":[{"href":"https:\/\/www.qualitester.com\/et\/wp-json\/wp\/v2\/pages"}],"about":[{"href":"https:\/\/www.qualitester.com\/et\/wp-json\/wp\/v2\/types\/page"}],"author":[{"embeddable":true,"href":"https:\/\/www.qualitester.com\/et\/wp-json\/wp\/v2\/users\/7"}],"replies":[{"embeddable":true,"href":"https:\/\/www.qualitester.com\/et\/wp-json\/wp\/v2\/comments?post=7673"}],"version-history":[{"count":0,"href":"https:\/\/www.qualitester.com\/et\/wp-json\/wp\/v2\/pages\/7673\/revisions"}],"up":[{"embeddable":true,"href":"https:\/\/www.qualitester.com\/et\/wp-json\/wp\/v2\/pages\/4948"}],"wp:attachment":[{"href":"https:\/\/www.qualitester.com\/et\/wp-json\/wp\/v2\/media?parent=7673"}],"curies":[{"name":"wp","href":"https:\/\/api.w.org\/{rel}","templated":true}]}}