{"id":7625,"date":"2025-12-17T13:54:09","date_gmt":"2025-12-17T05:54:09","guid":{"rendered":"https:\/\/www.qualitester.com\/?page_id=7625"},"modified":"2025-12-17T13:54:17","modified_gmt":"2025-12-17T05:54:17","slug":"astm-d2261","status":"publish","type":"page","link":"https:\/\/www.qualitester.com\/et\/standards\/astm-d2261\/","title":{"rendered":"ASTM D2261"},"content":{"rendered":"<h1 style=\"text-align: center;\" data-start=\"553\" data-end=\"1074\">ASTM D2261<br \/>\nTekstiilkangaste keele rebenemistugevuse katse<\/h1>\n<p class=\"\" data-start=\"1422\" data-end=\"1601\"><strong data-start=\"422\" data-end=\"436\">ASTM D2261<\/strong> on standardne katsemeetod, mida kasutatakse <strong data-start=\"483\" data-end=\"510\">kanga rebenemistugevus<\/strong> tekstiili poolt <strong data-start=\"530\" data-end=\"550\">keeleprotseduur<\/strong> (tuntud ka kui \u00fche tripi meetod). See katse on oluline kangaste rebenemiskindluse hindamiseks, andes tootjatele ja kvaliteedikontrollimeeskondadele olulisi andmeid, et tagada erinevates rakendustes, sealhulgas ohutustoodetes, polsterduses ja mujal kasutatavate materjalide vastupidavus ja toimivus.<\/p>\n<hr class=\"\" data-start=\"1603\" data-end=\"1606\" \/>\n<h2 data-start=\"1608\" data-end=\"1666\">Kanga rebenemistugevus: Tongue Tearing Method<\/h2>\n<p class=\"\" data-start=\"1668\" data-end=\"1815\">The <strong data-start=\"921\" data-end=\"948\">kanga rebenemistugevus<\/strong> viitab materjali v\u00f5imele taluda rebenemist, kui see on pingele allutatud. <strong data-start=\"1024\" data-end=\"1038\">ASTM D2261<\/strong> m\u00e4\u00e4ratleb selle tugevuse m\u00f5\u00f5tmiseks standardiseeritud l\u00e4henemisviisi, kasutades selleks <strong data-start=\"1109\" data-end=\"1132\">keel (\u00fchekordne rebimine)<\/strong> menetlus. Selles katses l\u00f5igatakse kangast\u00fckk kahe jalaga ja paigaldatakse see riideproovile <strong data-start=\"1221\" data-end=\"1257\">CRE-t\u00fc\u00fcpi t\u00f5mbekatse masin<\/strong>, kus j\u00f5udu rakendatakse rebendi edasikandmiseks. Rebenemise j\u00e4tkamiseks vajalik j\u00f5ud registreeritakse pidevalt, mis annab v\u00e4\u00e4rtusliku \u00fclevaate kanga vastupidavusest kahjustustele pinge all.<\/p>\n<h3 data-start=\"2150\" data-end=\"2194\">Mis on keele rebenemise tugevus?<\/h3>\n<p class=\"\" data-start=\"2196\" data-end=\"2468\"><strong data-start=\"1486\" data-end=\"1510\">Keele rebenemistugevus<\/strong> m\u00f5\u00f5dab konkreetselt j\u00f5udu, mis on vajalik rebendi edasikandumiseks kangast proovi suhtes. Keelemeetodiga tekitatakse kangasse esialgne l\u00f5ige ja seej\u00e4rel rakendatakse pinget, et rebenemine kontrollitud viisil j\u00e4tkuks. Selle katse tulemus aitab hinnata kanga vastupidavust ja on eriti oluline toodete puhul, mille rebenemiskindlus on oluline.<\/p>\n<hr class=\"\" data-start=\"3987\" data-end=\"3990\" \/>\n<h2 data-start=\"1875\" data-end=\"1910\">ASTM D2261 katsemenetlus<\/h2>\n<p data-start=\"1912\" data-end=\"2061\">The <strong data-start=\"1916\" data-end=\"1930\">ASTM D2261<\/strong> test j\u00e4rgib spetsiifilist protseduuri, et m\u00f5\u00f5ta <strong data-start=\"1980\" data-end=\"2007\">keele rebenemistugevus<\/strong> kangastest valmistatud proovid. J\u00e4rgnevalt on esitatud p\u00f5hietapid:<\/p>\n<ol data-start=\"2063\" data-end=\"3049\">\n<li data-start=\"2063\" data-end=\"2287\">\n<p data-start=\"2066\" data-end=\"2287\"><strong data-start=\"2066\" data-end=\"2090\">Proovi ettevalmistamine<\/strong>: Ristk\u00fclikukujuline kangaproov l\u00f5igatakse \u00fche l\u00fchikese serva keskelt, et moodustada kahejalgne n\u00e4idis. \u00dchte jalga hoitakse t\u00f5mbekatseseadme \u00fclemise l\u00f5uaga ja teist jalga alumise l\u00f5uaga.<\/p>\n<\/li>\n<li data-start=\"2289\" data-end=\"2485\">\n<p data-start=\"2292\" data-end=\"2485\"><strong data-start=\"2292\" data-end=\"2313\">J\u00f5u rakendamine<\/strong>: Kui masin t\u00f5mbab l\u00f5uad lahku, rakendatakse j\u00f5udu, et rebenemine leviks \u00fcle kogu kanga. J\u00f5udu registreerib pidevalt masina andmekogumiss\u00fcsteem.<\/p>\n<\/li>\n<li data-start=\"2487\" data-end=\"2754\">\n<p data-start=\"2490\" data-end=\"2754\"><strong data-start=\"2490\" data-end=\"2508\">Andmete salvestamine<\/strong>: Masin registreerib j\u00f5u, millega kangas rebeneb, kas siis kui <strong data-start=\"2579\" data-end=\"2600\">\u00fche tippu j\u00f5ud<\/strong> v\u00f5i <strong data-start=\"2608\" data-end=\"2647\">viie suurima tippj\u00f5u keskmine<\/strong> rebimise ajal. Need m\u00f5\u00f5tmised annavad t\u00e4pse \u00fclevaate kangastugevusest.<\/p>\n<\/li>\n<li data-start=\"2756\" data-end=\"3049\">\n<p data-start=\"2759\" data-end=\"3049\"><strong data-start=\"2759\" data-end=\"2778\">Katsetingimused<\/strong>: Katse viiakse l\u00e4bi kontrollitud keskkonnas (tavaliselt 21 \u00b0C ja 65% niiskuse juures) ning proovi v\u00f5ib katsetada nii m\u00e4rjalt kui ka kuivalt. M\u00e4rja katse puhul tuleb proovi katsetada 2 minuti jooksul p\u00e4rast veest eemaldamist, et tagada t\u00e4psed tulemused.<\/p>\n<\/li>\n<\/ol>\n<hr class=\"\" data-start=\"4624\" data-end=\"4627\" \/>\n<h2 data-start=\"3051\" data-end=\"3082\">Miks on ASTM D2261 oluline?<\/h2>\n<p data-start=\"3084\" data-end=\"3159\"><strong data-start=\"3084\" data-end=\"3098\">ASTM D2261<\/strong> m\u00e4ngib kangaste testimisel mitmel p\u00f5hjusel kriitilist rolli:<\/p>\n<ol data-start=\"3161\" data-end=\"3893\">\n<li data-start=\"3161\" data-end=\"3370\">\n<p data-start=\"3164\" data-end=\"3370\"><strong data-start=\"3164\" data-end=\"3186\">Vastupidavuse testimine<\/strong>: See aitab tootjatel tagada, et kangaid, mida kasutatakse sellistes toodetes nagu <strong data-start=\"3256\" data-end=\"3308\">turvavarustus, polsterdus ja t\u00f6\u00f6stustekstiilid<\/strong> peavad vastu j\u00f5ududele, millega nad v\u00f5ivad nende kasutamise ajal kokku puutuda.<\/p>\n<\/li>\n<li data-start=\"3372\" data-end=\"3547\">\n<p data-start=\"3375\" data-end=\"3547\"><strong data-start=\"3375\" data-end=\"3394\">Kvaliteedikontroll<\/strong>: J\u00e4rgides ASTM D2261, saavad tootjad s\u00e4ilitada toodete \u00fchtlase kvaliteedi, tagades, et kangad vastavad n\u00f5utud rebenemiskindluse spetsifikatsioonidele.<\/p>\n<\/li>\n<li data-start=\"3549\" data-end=\"3715\">\n<p data-start=\"3552\" data-end=\"3715\"><strong data-start=\"3552\" data-end=\"3576\">Materjali j\u00f5udlus<\/strong>: See annab v\u00f5rdlevaid andmeid erinevate kangaste rebenemistugevuse kohta, mis aitab m\u00e4\u00e4rata kindlaks parima materjali konkreetsete rakenduste jaoks.<\/p>\n<\/li>\n<li data-start=\"3717\" data-end=\"3893\">\n<p data-start=\"3720\" data-end=\"3893\"><strong data-start=\"3720\" data-end=\"3745\">Ohutus ja n\u00f5uetele vastavus<\/strong>: T\u00f6\u00f6stusharudes, kus kangaste vastupidavus on oluline (n\u00e4iteks turvapadjad, kaitsevahendid jne), tagab see katse vastavuse ohutusstandarditele.<\/p>\n<\/li>\n<\/ol>\n<hr class=\"\" data-start=\"5073\" data-end=\"5076\" \/>\n<h2 data-start=\"3895\" data-end=\"3946\">Kuidas Cell Instruments toetab ASTM D2261 testimist<\/h2>\n<p data-start=\"3948\" data-end=\"4451\">Veebilehel <strong data-start=\"3951\" data-end=\"3971\">Cell Instruments<\/strong>, pakume erinevaid <strong data-start=\"3993\" data-end=\"4021\">t\u00f5mbekatsete masinad<\/strong> mis vastavad j\u00e4rgmistele n\u00f5uetele <strong data-start=\"4052\" data-end=\"4066\">ASTM D2261<\/strong>. Meie <strong data-start=\"4072\" data-end=\"4100\">CRE-t\u00fc\u00fcpi t\u00f5mbekatseseadmed<\/strong> on m\u00f5eldud t\u00e4pseks <strong data-start=\"4126\" data-end=\"4150\">keele rebenemistugevus<\/strong> testimine, mis annab t\u00e4pseid ja usaldusv\u00e4\u00e4rseid andmeid kangaste kvaliteedikontrolliks. Meie masinad on varustatud t\u00e4iustatud andmekogumiss\u00fcsteemidega, mis v\u00f5imaldavad h\u00f5lpsasti j\u00e4lgida ja anal\u00fc\u00fcsida kangaste rebimiseks vajalikku j\u00f5udu, tagades, et teie katsemenetlused on nii t\u00f5husad kui ka t\u00f6\u00f6stusstandarditele vastavad.<\/p>\n<figure id=\"attachment_7633\" aria-describedby=\"caption-attachment-7633\" style=\"width: 300px\" class=\"wp-caption aligncenter\"><a href=\"https:\/\/www.qualitester.com\/et\/toode\/sale-paper-vertical-tensile-tester\/\" target=\"_blank\" rel=\"noopener\"><img fetchpriority=\"high\" decoding=\"async\" class=\"wp-image-7633 size-medium\" src=\"https:\/\/www.qualitester.com\/wp-content\/uploads\/2025\/12\/ASTM-D2261-Fabric-Tearing-Strength-Test-for-Textile-Durability-300x300.webp\" alt=\"ASTM D2261 Kanga rebenemistugevuse katse tekstiili vastupidavuse m\u00e4\u00e4ramiseks\" width=\"300\" height=\"300\" srcset=\"https:\/\/www.qualitester.com\/wp-content\/uploads\/2025\/12\/ASTM-D2261-Fabric-Tearing-Strength-Test-for-Textile-Durability-300x300.webp 300w, https:\/\/www.qualitester.com\/wp-content\/uploads\/2025\/12\/ASTM-D2261-Fabric-Tearing-Strength-Test-for-Textile-Durability-150x150.webp 150w, https:\/\/www.qualitester.com\/wp-content\/uploads\/2025\/12\/ASTM-D2261-Fabric-Tearing-Strength-Test-for-Textile-Durability-12x12.webp 12w, https:\/\/www.qualitester.com\/wp-content\/uploads\/2025\/12\/ASTM-D2261-Fabric-Tearing-Strength-Test-for-Textile-Durability-100x100.webp 100w, https:\/\/www.qualitester.com\/wp-content\/uploads\/2025\/12\/ASTM-D2261-Fabric-Tearing-Strength-Test-for-Textile-Durability.webp 600w\" sizes=\"(max-width: 300px) 100vw, 300px\" \/><\/a><figcaption id=\"caption-attachment-7633\" class=\"wp-caption-text\">ASTM D2261 Kanga rebenemistugevuse katse tekstiili vastupidavuse m\u00e4\u00e4ramiseks<\/figcaption><\/figure>\n<h2 data-start=\"4453\" data-end=\"4466\">Kokkuv\u00f5te<\/h2>\n<p data-start=\"4468\" data-end=\"4907\">The <strong data-start=\"4472\" data-end=\"4486\">ASTM D2261<\/strong> standard on oluline m\u00f5\u00f5tmiseks <strong data-start=\"4527\" data-end=\"4554\">keele rebenemistugevus<\/strong> tekstiilriide. Selle katse abil saavad tootjad tagada, et nende kangad vastavad vajalikele vastupidavusnormidele ja sobivad etten\u00e4htud kasutusotstarbeks. S\u00f5ltumata sellest, kas testite kootud, kootud v\u00f5i t\u00f6\u00f6deldud kangaid, <strong data-start=\"4793\" data-end=\"4813\">Cell Instruments<\/strong> pakub t\u00e4iustatud seadmeid, mida vajate t\u00e4psete ja usaldusv\u00e4\u00e4rsete kangaste tugevuskatsete tegemiseks.<\/p>\n<hr class=\"\" data-start=\"6448\" data-end=\"6451\" \/>\n<h2 data-start=\"6453\" data-end=\"6492\">KKK<\/h2>\n<p data-start=\"95\" data-end=\"141\"><strong data-start=\"99\" data-end=\"141\">K1: Mis on ASTM D2261 eesm\u00e4rk?<\/strong><\/p>\n<p><strong data-start=\"143\" data-end=\"149\">A1<\/strong>: ASTM D226<strong data-start=\"151\" data-end=\"165\">1<\/strong> kasutatakse tekstiilriide keele rebenemistugevuse m\u00f5\u00f5tmiseks. Selle katsega hinnatakse kanga suutlikkust vastu pidada rebimisele, kui sellele rakendatakse kontrollitud j\u00f5udu, mis annab olulisi andmeid kanga vastupidavuse ja toimivuse kohta. See on oluline t\u00f6\u00f6stusharudes, kus kangaste tugevus on oluline, n\u00e4iteks ohutustoodete, polstrite ja kaitsevahendite puhul.<\/p>\n<hr data-start=\"516\" data-end=\"519\" \/>\n<p data-start=\"521\" data-end=\"584\"><strong data-start=\"525\" data-end=\"584\">K2: Kuidas m\u00f5\u00f5detakse keele rebenemistugevust ASTM D2261 j\u00e4rgi?<\/strong><\/p>\n<p><strong data-start=\"586\" data-end=\"592\">A2<\/strong>: ASTM D2261 standardi kohaselt m\u00f5\u00f5detakse keele rebenemistugevust \u00fche rebendi meetodil, mille puhul kangaproov l\u00f5igatakse kahe jala kujuliseks ja paigaldatakse CRE-t\u00fc\u00fcpi t\u00f5mbekatseseadmesse. Seade rakendab j\u00f5udu, et tekitada rebend \u00fcle kanga, ning rebendi j\u00e4tkamiseks vajalik j\u00f5ud registreeritakse. See v\u00e4\u00e4rtus aitab m\u00e4\u00e4rata kanga rebenemiskindlust pinge all.<\/p>\n<hr data-start=\"988\" data-end=\"991\" \/>\n<p data-start=\"993\" data-end=\"1058\"><strong data-start=\"997\" data-end=\"1058\">3. k\u00fcsimus: Milliseid kangat\u00fc\u00fcpe saab testida ASTM D2261 abil?<\/strong><\/p>\n<p><strong data-start=\"1060\" data-end=\"1066\">A3<\/strong>: ASTM D2261 v\u00f5ib kohaldada paljude erinevate kangaste suhtes, sealhulgas kootud kangaste, trikookangaste, \u00f5hupadjakangaste, tekkide, nopitud kangaste, vaiguga t\u00f6\u00f6deldud kangaste ja tugevalt legeeritud v\u00f5i kaetud kangaste suhtes. Katse on mitmek\u00fclgne ja seda saab teha nii m\u00e4rgade kui ka kuivade proovide puhul, s\u00f5ltuvalt kanga kasutusotstarbest.<strong>.<\/strong><\/p>\n<hr data-start=\"1413\" data-end=\"1416\" \/>\n<p data-start=\"1418\" data-end=\"1478\"><strong data-start=\"1422\" data-end=\"1478\">K4: Milliseid seadmeid on vaja ASTM D2261 katsetamiseks?<\/strong><\/p>\n<p><strong data-start=\"1480\" data-end=\"1486\">A4<\/strong>: ASTM D2261 n\u00f5uab CRE-t\u00fc\u00fcpi t\u00f5mbekatse masinat, mis on eelistatud seade keele rebenemistugevuse katsetamiseks. See masin rakendab kangaproovile kontrollitud j\u00f5udu, mis v\u00f5imaldab t\u00e4pselt m\u00f5\u00f5ta rebenemiseks vajalikku j\u00f5udu. Katse k\u00e4igus toimuva j\u00f5u registreerimiseks ja anal\u00fc\u00fcsimiseks kasutatakse andmekogumiss\u00fcsteeme, n\u00e4iteks autograafilisi diagrammi salvestajaid v\u00f5i mikroprotsessorip\u00f5hiseid s\u00fcsteeme.<\/p>\n<hr data-start=\"1927\" data-end=\"1930\" \/>\n<p data-start=\"1932\" data-end=\"2019\"><strong data-start=\"1936\" data-end=\"2019\">K5: Kuidas tagab ASTM D2261 standardi abil kangaste rebenemistugevuse katsetamise usaldusv\u00e4\u00e4rsuse?<\/strong><\/p>\n<p><strong data-start=\"2021\" data-end=\"2027\">A5<\/strong>: ASTM D2261 tagab usaldusv\u00e4\u00e4rsuse, pakkudes standardiseeritud protseduuri kangaste rebenemistugevuse katsetamiseks, m\u00e4\u00e4rates kindlaks kontrollitud katsetingimused (nagu temperatuur ja niiskus) ja selged juhised proovide ettevalmistamiseks. Katsetulemused, olenemata sellest, kas need on saadud \u00fche piiksuga j\u00f5u v\u00f5i viie suurima piiksu keskmisest, kajastavad kanga toimivust tegeliku koormuse korral, v\u00f5imaldades tootjatel v\u00f5rrelda erinevaid kangaid ja s\u00e4ilitada toodete \u00fchtlast kvaliteeti.<\/p>\n<hr data-start=\"2497\" data-end=\"2500\" \/>\n<p data-start=\"2502\" data-end=\"2577\"><strong data-start=\"2506\" data-end=\"2577\">K6: Kas ASTM D2261 tulemusi saab kasutada vastuv\u00f5tukatsete tegemiseks?<\/strong><\/p>\n<p><strong data-start=\"2579\" data-end=\"2585\">A6<\/strong>: Jah, ASTM D2261 on laialdaselt kasutusel kaubanduslikes kangasaadetistes vastuv\u00f5tukatsete tegemiseks. J\u00e4rgides standardset katsemenetlust, saavad tootjad tagada, et nende kangad vastavad n\u00f5utavatele tulemuslikkuse spetsifikatsioonidele. Vaidluste korral saab l\u00e4bi viia v\u00f5rdluskatsed, et lahendada erinevused teatatud tulemustes, tagades t\u00e4pse ja \u00f5iglase hinnangu.<\/p>","protected":false},"excerpt":{"rendered":"<p>ASTM D2261 Tekstiilide rebimisj\u00f5u test ASTM D2261 on standardne katsemeetod, mida kasutatakse tekstiilide rebimisj\u00f5u m\u00f5\u00f5tmiseks keeleprotseduuri abil (tuntud ka kui \u00fchekordse rebimise meetod). See katse on oluline kangaste rebenemiskindluse hindamiseks, andes tootjatele ja kvaliteedikontrollimeeskondadele olulisi andmeid ...<\/p>\n<p class=\"read-more\"> <a class=\"\" href=\"https:\/\/www.qualitester.com\/et\/standards\/astm-d2261\/\"> <span class=\"screen-reader-text\">ASTM D2261<\/span> Loe edasi \u00bb<\/a><\/p>","protected":false},"author":7,"featured_media":0,"parent":4948,"menu_order":0,"comment_status":"closed","ping_status":"closed","template":"","meta":{"site-sidebar-layout":"default","site-content-layout":"default","ast-global-header-display":"","ast-main-header-display":"","ast-hfb-above-header-display":"","ast-hfb-below-header-display":"","ast-hfb-mobile-header-display":"","site-post-title":"disabled","ast-breadcrumbs-content":"","ast-featured-img":"","footer-sml-layout":"","theme-transparent-header-meta":"default","adv-header-id-meta":"","stick-header-meta":"","header-above-stick-meta":"","header-main-stick-meta":"","header-below-stick-meta":"","footnotes":""},"class_list":["post-7625","page","type-page","status-publish","hentry"],"_links":{"self":[{"href":"https:\/\/www.qualitester.com\/et\/wp-json\/wp\/v2\/pages\/7625","targetHints":{"allow":["GET"]}}],"collection":[{"href":"https:\/\/www.qualitester.com\/et\/wp-json\/wp\/v2\/pages"}],"about":[{"href":"https:\/\/www.qualitester.com\/et\/wp-json\/wp\/v2\/types\/page"}],"author":[{"embeddable":true,"href":"https:\/\/www.qualitester.com\/et\/wp-json\/wp\/v2\/users\/7"}],"replies":[{"embeddable":true,"href":"https:\/\/www.qualitester.com\/et\/wp-json\/wp\/v2\/comments?post=7625"}],"version-history":[{"count":0,"href":"https:\/\/www.qualitester.com\/et\/wp-json\/wp\/v2\/pages\/7625\/revisions"}],"up":[{"embeddable":true,"href":"https:\/\/www.qualitester.com\/et\/wp-json\/wp\/v2\/pages\/4948"}],"wp:attachment":[{"href":"https:\/\/www.qualitester.com\/et\/wp-json\/wp\/v2\/media?parent=7625"}],"curies":[{"name":"wp","href":"https:\/\/api.w.org\/{rel}","templated":true}]}}