{"id":7502,"date":"2025-09-30T10:34:02","date_gmt":"2025-09-30T02:34:02","guid":{"rendered":"https:\/\/www.qualitester.com\/?page_id=7502"},"modified":"2025-09-30T10:34:02","modified_gmt":"2025-09-30T02:34:02","slug":"vacuum-leak-test-for-bottles","status":"publish","type":"page","link":"https:\/\/www.qualitester.com\/et\/applications\/vacuum-leak-test-for-bottles\/","title":{"rendered":"Pudelite vaakumi lekkekatse"},"content":{"rendered":"<h1 style=\"text-align: center;\" data-start=\"412\" data-end=\"860\">Pudelite vaakumi lekkekatse<br \/>\n<small>ASTM D3078 &amp; ASTM D4991 &amp; ASTM D5094 &amp; ASTM D6653 &amp; ASTM F2338<\/small><\/h1>\n<p data-start=\"637\" data-end=\"1201\">The <strong data-start=\"641\" data-end=\"673\">pudelite vaakumlekkekatse<\/strong> on \u00fcks t\u00e4htsamaid kvaliteedikontrolli meetodeid kaasaegses tootmises. Pudelitel ja mahutitel on oluline roll toodete kaitsmisel ladustamise, transpordi ja kasutamise ajal. Kui pudel ei s\u00e4ilita oma tihendit v\u00f5i struktuuri, v\u00f5ivad tagaj\u00e4rgedeks olla toote saastumine, rahaline kahju ja kaubam\u00e4rgi maine kahjustumine. See kehtib eriti sellistes t\u00f6\u00f6stusharudes nagu <strong data-start=\"1053\" data-end=\"1124\">toidu- ja joogit\u00f6\u00f6stus, farmaatsiatooted, igap\u00e4evased kemikaalid ja tervishoid<\/strong>, kus pakend on otseselt seotud tooteohutuse ja tarbijate tervisega.<\/p>\n<p data-start=\"1203\" data-end=\"1513\">Vaakumlekkekatse annab tootjatele usaldusv\u00e4\u00e4rse v\u00f5imaluse tagada, et pudelid ja plastpakendid ei sisalda lekkeid, pragusid ega sulgemisvigasid enne turule j\u00f5udmist. Kuna see katsemeetod tuvastab isegi k\u00f5ige v\u00e4iksemaid puudusi, aitab see kaitsta nii toote kvaliteeti kui ka klientide usaldust.<\/p>\n<hr data-start=\"862\" data-end=\"865\" \/>\n<h2 data-start=\"867\" data-end=\"912\">Miks on oluline pudelite vaakumi lekkekatse<\/h2>\n<p data-start=\"914\" data-end=\"1161\">Plastikust, klaasist v\u00f5i komposiitmaterjalidest valmistatud pudelitel v\u00f5ivad esineda mikropraod, sulgemisvigastused v\u00f5i defektid, mis ei ole palja silmaga n\u00e4htavad. A <strong data-start=\"1068\" data-end=\"1088\">vaakumlekkekatse<\/strong> aitab selliseid n\u00f5rkusi varakult avastada, ennetades potentsiaalseid ohte, nagu:<\/p>\n<ul>\n<li data-start=\"1165\" data-end=\"1199\">Karbonaadi kadu jookides<\/li>\n<li data-start=\"1202\" data-end=\"1236\">Ravimite saastumine<\/li>\n<li data-start=\"1239\" data-end=\"1271\">Ohtlike kemikaalide lekkimine<\/li>\n<li data-start=\"1274\" data-end=\"1311\">Toiduainete l\u00fchendatud s\u00e4ilivusaeg<\/li>\n<\/ul>\n<p data-start=\"1313\" data-end=\"1457\">Selle katse integreerimisega kvaliteedi tagamisse tagavad tootjad vastavuse rahvusvahelistele standarditele ja s\u00e4ilitavad konkurentsieelise.<\/p>\n<hr data-start=\"1459\" data-end=\"1462\" \/>\n<h2 data-start=\"1464\" data-end=\"1495\">Vaakumi lekkekatse protseduur<\/h2>\n<p data-start=\"1497\" data-end=\"1772\">The <strong data-start=\"1501\" data-end=\"1531\">vaakumlekkekatse protseduur<\/strong> tavaliselt h\u00f5lmab pudel v\u00f5i mahuti paigutamist suletud kambrisse. Rakendatakse vaakum ja mahutis j\u00e4lgitakse r\u00f5hu muutusi, mullide eraldumist v\u00f5i vaakumi lagunemist, s\u00f5ltuvalt valitud meetodist. Tavalised sammud on j\u00e4rgmised:<\/p>\n<ol>\n<li data-start=\"1777\" data-end=\"1847\">Konteineri ettevalmistamine (t\u00fchi v\u00f5i t\u00e4idetud, s\u00f5ltuvalt vajadustest).<\/li>\n<li data-start=\"1851\" data-end=\"1899\">Konteineri sulgemine katsekambris.<\/li>\n<li data-start=\"1903\" data-end=\"1975\">Vaakumi rakendamine j\u00e4rk-j\u00e4rgult, et simuleerida ladustamis- v\u00f5i transporditingimusi.<\/li>\n<li data-start=\"1979\" data-end=\"2046\">Lekkeindikaatorite, n\u00e4iteks r\u00f5humuutuste v\u00f5i mullide j\u00e4lgimine.<\/li>\n<li data-start=\"2050\" data-end=\"2111\">Katseandmete salvestamine anal\u00fc\u00fcsi ja kvaliteedidokumentatsiooni jaoks.<\/li>\n<\/ol>\n<p data-start=\"2113\" data-end=\"2213\">See menetlus tagab, et isegi v\u00e4ikseimad lekked avastatakse enne toodete turule j\u00f5udmist.<\/p>\n<hr data-start=\"2215\" data-end=\"2218\" \/>\n<h2 data-start=\"2220\" data-end=\"2262\">Pudelite lekkekontrolli peamised standardid<\/h2>\n<p data-start=\"2264\" data-end=\"2387\">Mitmed ASTM standardid annavad \u00fcksikasjalikud meetodid <strong data-start=\"2322\" data-end=\"2361\">plastmahutite lekkekatse<\/strong> ja muud t\u00fc\u00fcpi pudelid:<\/p>\n<ul>\n<li data-start=\"2391\" data-end=\"2510\"><a href=\"https:\/\/www.qualitester.com\/et\/standards\/astm-d3078\/\"><strong data-start=\"2391\" data-end=\"2405\">ASTM D3078<\/strong><\/a> \u2013 <em data-start=\"2408\" data-end=\"2430\">Mullide emissiooni test<\/em> paindlike pakendite lekete avastamiseks, kastes neid vaakumis olevasse vette.<\/li>\n<li data-start=\"2513\" data-end=\"2631\"><strong data-start=\"2513\" data-end=\"2527\">ASTM D4991<\/strong> \u2013 <em data-start=\"2530\" data-end=\"2566\">J\u00e4ikade konteinerite vaakummeetod<\/em>, mida kasutatakse laialdaselt t\u00fchjade pudelite puhul struktuurilise terviklikkuse hindamiseks.<\/li>\n<li data-start=\"2634\" data-end=\"2740\"><strong data-start=\"2634\" data-end=\"2648\">ASTM D5094<\/strong> \u2013 <em data-start=\"2651\" data-end=\"2672\">Brutaalse lekke testid<\/em> keermestatud v\u00f5i kinnitusotsakute puhul, et hinnata sulgemise tihedust.<\/li>\n<li data-start=\"2743\" data-end=\"2866\"><strong data-start=\"2743\" data-end=\"2757\">ASTM D6653<\/strong> \u2013 <em data-start=\"2760\" data-end=\"2786\">K\u00f5rgusimulatsioon<\/em> kasutades vaakumit, et j\u00e4ljendada \u00f5hutranspordi ajal v\u00e4hendatud r\u00f5huga keskkondi.<\/li>\n<li data-start=\"2869\" data-end=\"2988\"><a href=\"https:\/\/www.qualitester.com\/et\/standards\/astm-f2338\/\"><strong data-start=\"2869\" data-end=\"2883\">ASTM F2338<\/strong><\/a> \u2013 <em data-start=\"2886\" data-end=\"2907\">Vaakumi lagunemise meetod<\/em>, mis on mittepurustav tehnika, mis pakub suurt tundlikkust mikrolekete avastamiseks.<\/li>\n<\/ul>\n<p data-start=\"2990\" data-end=\"3113\">Iga standard on loodud tegelikke tingimusi j\u00e4ljendama, mis muudab katsetulemused nii usaldusv\u00e4\u00e4rseks kui ka t\u00f6\u00f6stusharu poolt aktsepteeritavaks.<\/p>\n<hr data-start=\"3115\" data-end=\"3118\" \/>\n<h2 data-start=\"3120\" data-end=\"3155\">Rakendused erinevates t\u00f6\u00f6stusharudes<\/h2>\n<ul>\n<li data-start=\"3159\" data-end=\"3269\"><strong data-start=\"3159\" data-end=\"3178\">Toit ja jook<\/strong>: Tagab karbonaadi s\u00e4ilitamise soodapudelites ja takistab lekkeid jaotamise ajal.<\/li>\n<li data-start=\"3272\" data-end=\"3367\"><strong data-start=\"3272\" data-end=\"3291\">Farmaatsiatooted<\/strong>: Kaitseb ravimeid saastumise eest ja kinnitab pakendi steriilsust.<\/li>\n<li data-start=\"3370\" data-end=\"3472\"><strong data-start=\"3370\" data-end=\"3400\">Kemikaalid ja igap\u00e4evased tooted<\/strong>: V\u00e4ltib detergentide, lahustite v\u00f5i \u00f5lide lekkimisest tingitud ohte.<\/li>\n<li data-start=\"3475\" data-end=\"3583\"><strong data-start=\"3475\" data-end=\"3506\">Kvaliteedikontrolliasutused<\/strong>: Pakub standardiseeritud valideerimisaruandeid vastavalt ASTMi meetoditele.<\/li>\n<\/ul>\n<hr data-start=\"3585\" data-end=\"3588\" \/>\n<h2 data-start=\"3590\" data-end=\"3632\">\u00d5ige pudelite lekkekatse valimine<\/h2>\n<p data-start=\"3634\" data-end=\"3927\">Valides sobiva <a href=\"https:\/\/www.qualitester.com\/et\/toode\/lt-03-seal-strength-testing-machine\/\"><strong data-start=\"3660\" data-end=\"3682\">pudelite lekkimise tester<\/strong><\/a> s\u00f5ltub mahuti t\u00fc\u00fcbist, n\u00f5utavast tundlikkusest ja kohaldatavatest standarditest. N\u00e4iteks mittepurustav katsetamine koos <strong data-start=\"3807\" data-end=\"3821\">ASTM F2338<\/strong> v\u00f5ib olla ideaalne ravimipudelite jaoks, samas kui <strong data-start=\"3869\" data-end=\"3883\">ASTM D4991<\/strong> sobib j\u00e4ikade plastmahutite jaoks.<\/p>\n<p><a href=\"https:\/\/www.qualitester.com\/et\/tootekategooria\/test-items\/leak-tester\/\"><img fetchpriority=\"high\" decoding=\"async\" class=\"aligncenter wp-image-7503 size-full\" src=\"https:\/\/www.qualitester.com\/wp-content\/uploads\/2025\/09\/vacuum-leak-test-for-bottles.jpg\" alt=\"pudelite vaakumlekkekatse\" width=\"600\" height=\"400\" srcset=\"https:\/\/www.qualitester.com\/wp-content\/uploads\/2025\/09\/vacuum-leak-test-for-bottles.jpg 600w, https:\/\/www.qualitester.com\/wp-content\/uploads\/2025\/09\/vacuum-leak-test-for-bottles-300x200.jpg 300w, https:\/\/www.qualitester.com\/wp-content\/uploads\/2025\/09\/vacuum-leak-test-for-bottles-18x12.jpg 18w\" sizes=\"(max-width: 600px) 100vw, 600px\" \/><\/a><\/p>\n<p data-start=\"3929\" data-end=\"4193\"><strong data-start=\"3929\" data-end=\"3949\">Cell Instruments<\/strong> pakub t\u00e4iustatud lekkekatseseadmeid, mis on m\u00f5eldud nende vajaduste rahuldamiseks. Nende seadmed tagavad t\u00e4pse vaakumkontrolli, usaldusv\u00e4\u00e4rse andmete v\u00e4ljastamise ja vastavuse rahvusvahelistele standarditele, mist\u00f5ttu on need usaldusv\u00e4\u00e4rne valik laboritele ja tootmisliinidele.<\/p>\n<hr data-start=\"4195\" data-end=\"4198\" \/>\n<h2 data-start=\"4200\" data-end=\"4238\">Vaakumi lekkekontrolli eelised<\/h2>\n<ul>\n<li data-start=\"4242\" data-end=\"4317\"><strong data-start=\"4242\" data-end=\"4262\">K\u00f5rge tundlikkus<\/strong>: Avastab isegi palja silmaga n\u00e4htamatuid mikrolekke.<\/li>\n<li data-start=\"4320\" data-end=\"4388\"><strong data-start=\"4320\" data-end=\"4345\">Standardiseeritud l\u00e4henemisviis<\/strong>: Tagab vastavuse ASTM-protokollidele.<\/li>\n<li data-start=\"4391\" data-end=\"4471\"><strong data-start=\"4391\" data-end=\"4418\">Mitte-destruktiivsed v\u00f5imalused<\/strong>: V\u00f5imaldab katsetada ilma v\u00e4\u00e4rtuslikke tooteid raiskamata.<\/li>\n<li data-start=\"4474\" data-end=\"4550\"><strong data-start=\"4474\" data-end=\"4489\">Mitmek\u00fclgsus<\/strong>: Sobib paljude pudelite ja sulgemiss\u00fcsteemide jaoks.<\/li>\n<\/ul>\n<hr data-start=\"4552\" data-end=\"4555\" \/>\n<p data-start=\"4574\" data-end=\"4953\">Rakendamine <strong data-start=\"4589\" data-end=\"4621\">pudelite vaakumlekkekatse<\/strong> on oluline samm toodete kvaliteedi tagamisel ja \u00fclemaailmsete standardite, nagu n\u00e4iteks <strong data-start=\"4726\" data-end=\"4792\"><a href=\"https:\/\/www.astm.org\/d3078-02r21e01.html\" target=\"_blank\" rel=\"noopener nofollow\">ASTM D3078<\/a>, ASTM D4991, ASTM D5094, ASTM D6653 ja ASTM F2338.<\/strong>. Kasutades usaldusv\u00e4\u00e4rseid lekkekatseid, nagu need, mis p\u00e4rinevad firmalt <strong data-start=\"4847\" data-end=\"4867\">Cell Instruments<\/strong>, saavad tootjad v\u00e4hendada riske, suurendada t\u00f5husust ja tugevdada tarbijate usaldust.<\/p>","protected":false},"excerpt":{"rendered":"<p>Pudelite vaakumlekkekatse ASTM D3078 &amp; ASTM D4991 &amp; ASTM D5094 &amp; ASTM D6653 &amp; ASTM F2338 Pudelite vaakumlekkekatse on \u00fcks olulisemaid kvaliteedikontrolli meetodeid kaasaegses tootmises. Pudelitel ja mahutitel on oluline roll toodete kaitsmisel ladustamise, transpordi ja kasutamise ajal. Kui pudel ...<\/p>\n<p class=\"read-more\"> <a class=\"\" href=\"https:\/\/www.qualitester.com\/et\/applications\/vacuum-leak-test-for-bottles\/\"> <span class=\"screen-reader-text\">Pudelite vaakumi lekkekatse<\/span> Loe edasi \u00bb<\/a><\/p>","protected":false},"author":4,"featured_media":0,"parent":6794,"menu_order":0,"comment_status":"closed","ping_status":"closed","template":"","meta":{"site-sidebar-layout":"default","site-content-layout":"default","ast-global-header-display":"","ast-main-header-display":"","ast-hfb-above-header-display":"","ast-hfb-below-header-display":"","ast-hfb-mobile-header-display":"","site-post-title":"disabled","ast-breadcrumbs-content":"","ast-featured-img":"disabled","footer-sml-layout":"","theme-transparent-header-meta":"default","adv-header-id-meta":"","stick-header-meta":"","header-above-stick-meta":"","header-main-stick-meta":"","header-below-stick-meta":"","footnotes":""},"class_list":["post-7502","page","type-page","status-publish","hentry"],"_links":{"self":[{"href":"https:\/\/www.qualitester.com\/et\/wp-json\/wp\/v2\/pages\/7502","targetHints":{"allow":["GET"]}}],"collection":[{"href":"https:\/\/www.qualitester.com\/et\/wp-json\/wp\/v2\/pages"}],"about":[{"href":"https:\/\/www.qualitester.com\/et\/wp-json\/wp\/v2\/types\/page"}],"author":[{"embeddable":true,"href":"https:\/\/www.qualitester.com\/et\/wp-json\/wp\/v2\/users\/4"}],"replies":[{"embeddable":true,"href":"https:\/\/www.qualitester.com\/et\/wp-json\/wp\/v2\/comments?post=7502"}],"version-history":[{"count":0,"href":"https:\/\/www.qualitester.com\/et\/wp-json\/wp\/v2\/pages\/7502\/revisions"}],"up":[{"embeddable":true,"href":"https:\/\/www.qualitester.com\/et\/wp-json\/wp\/v2\/pages\/6794"}],"wp:attachment":[{"href":"https:\/\/www.qualitester.com\/et\/wp-json\/wp\/v2\/media?parent=7502"}],"curies":[{"name":"wp","href":"https:\/\/api.w.org\/{rel}","templated":true}]}}