{"id":7013,"date":"2025-07-16T14:16:12","date_gmt":"2025-07-16T06:16:12","guid":{"rendered":"https:\/\/www.qualitester.com\/?page_id=7013"},"modified":"2025-07-23T14:24:59","modified_gmt":"2025-07-23T06:24:59","slug":"needle-sharpness-testing","status":"publish","type":"page","link":"https:\/\/www.qualitester.com\/et\/applications\/needle-sharpness-testing\/","title":{"rendered":"N\u00f5ela teravuse ja l\u00e4bilaskvuse test"},"content":{"rendered":"<h1 style=\"text-align: center;\" data-start=\"370\" data-end=\"882\">N\u00f5ela teravuse testimine<\/h1>\n<h1 style=\"text-align: center;\" data-start=\"370\" data-end=\"882\"><\/h1>\n<p data-start=\"407\" data-end=\"827\">Meditsiiniseadmete tootmise maailmas, <strong data-start=\"453\" data-end=\"481\">n\u00f5ela teravuse testimine<\/strong> on kriitiline kvaliteedikontrolli samm, mis tagab n\u00f5elte ohutu ja t\u00f5husa kasutamise kliinilistes rakendustes. Olenemata sellest, kas n\u00f5ela kasutatakse s\u00fcstimiseks, \u00f5mblemiseks v\u00f5i ravimite manustamiseks, s\u00f5ltub selle teravus suuresti selle toimivusest. Halvasti valmistatud v\u00f5i tuhmid n\u00f5elad v\u00f5ivad p\u00f5hjustada patsiendile ebamugavustunnet, koetraumasid ja v\u00e4hendada ravi t\u00f5husust.<\/p>\n<p data-start=\"829\" data-end=\"1250\">Tootjate ja kvaliteedikontrolli spetsialistide jaoks on teravuse p\u00f5him\u00f5tete m\u00f5istmine ja <strong data-start=\"928\" data-end=\"960\">n\u00f5ela l\u00e4bitungivuse testimine<\/strong>-eelk\u00f5ige koosk\u00f5las <strong data-start=\"993\" data-end=\"1005\">ISO 7864<\/strong>, <a href=\"https:\/\/www.qualitester.com\/et\/tootekategooria\/iso\/iso-11040-4\/\" target=\"_blank\" rel=\"noopener\"><strong data-start=\"1007\" data-end=\"1022\">ISO 11040-4<\/strong><\/a>, ja <strong data-start=\"1028\" data-end=\"1042\">ISO 8871-5<\/strong>-on oluline. Selles artiklis kirjeldatakse n\u00f5elade toimivuse testimisega seotud katsemeetodeid, t\u00e4htsust ja m\u00f5\u00f5teriistu ning juhatatakse teid usaldusv\u00e4\u00e4rsete ja n\u00f5uetele vastavate tulemuste saavutamiseks vajalike tavade kaudu.<\/p>\n<hr \/>\n<h2>Miks n\u00f5ela teravuse testimine on oluline<\/h2>\n<p data-start=\"1298\" data-end=\"1502\">Meditsiinit\u00f6\u00f6tajad toetuvad teravatele ja t\u00e4psetele n\u00f5eltele, et v\u00e4hendada ebamugavustunnet, v\u00e4hendada kudede kahjustamist ja tagada t\u00f5hus l\u00e4bitungimine. Halvasti valmistatud n\u00f5el suurendab sisseviimise j\u00f5udu, mis toob kaasa:<\/p>\n<ul data-start=\"1504\" data-end=\"1663\">\n<li data-start=\"1504\" data-end=\"1531\">\n<p data-start=\"1506\" data-end=\"1531\"><strong data-start=\"1506\" data-end=\"1531\">Patsiendi valu ja hirm<\/strong><\/p>\n<\/li>\n<li data-start=\"1532\" data-end=\"1574\">\n<p data-start=\"1534\" data-end=\"1574\"><strong data-start=\"1534\" data-end=\"1574\">Viivitatud paranemine kudede trauma t\u00f5ttu<\/strong><\/p>\n<\/li>\n<li data-start=\"1575\" data-end=\"1624\">\n<p data-start=\"1577\" data-end=\"1624\"><strong data-start=\"1577\" data-end=\"1624\">V\u00e4hendatud t\u00e4psus ravimi manustamise ajal<\/strong><\/p>\n<\/li>\n<li data-start=\"1625\" data-end=\"1663\">\n<p data-start=\"1627\" data-end=\"1663\"><strong data-start=\"1627\" data-end=\"1663\">V\u00e4henenud usaldus meditsiiniseadmete vastu<\/strong><\/p>\n<\/li>\n<\/ul>\n<p data-start=\"1665\" data-end=\"1842\">Seega, <strong data-start=\"1671\" data-end=\"1699\">n\u00f5ela teravuse testimine<\/strong> ei t\u00e4henda ainult mugavust - see t\u00e4hendab, et <strong data-start=\"1736\" data-end=\"1789\">kliinilise ohutuse, tulemuslikkuse j\u00e4rjepidevuse tagamine<\/strong>, ja <strong data-start=\"1795\" data-end=\"1841\">rahvusvaheliste regulatiivsete standardite t\u00e4itmine<\/strong>.<\/p>\n<hr \/>\n<h2 data-start=\"1401\" data-end=\"1548\">N\u00f5ela teravuse ja l\u00e4bitungivuse katsestandardid<\/h2>\n<p>N\u00f5ela toimivuse t\u00e4pseks hindamiseks on \u00fclemaailmsetes standardites s\u00e4testatud selged katsemeetodid:<\/p>\n<h3 data-start=\"1996\" data-end=\"2081\">Kummist korkide n\u00f5ela l\u00e4bitungivuse test - ISO 11040-4, ISO 7864, ISO 8871-5<\/h3>\n<p data-start=\"2083\" data-end=\"2353\"><strong data-start=\"2083\" data-end=\"2098\">ISO 11040-4<\/strong> ja <strong data-start=\"2103\" data-end=\"2115\">ISO 7864<\/strong> kirjeldada standardiseeritud <strong data-start=\"2138\" data-end=\"2181\">kummist korkide l\u00e4bilaskvuse katsed<\/strong> ja s\u00fcstlan\u00f5elad. Need katsed simuleerivad tegelikke stsenaariume, kus n\u00f5elad peavad kontrollitud tingimustes l\u00e4bistama kummist viaalide sulgureid v\u00f5i sarnaseid materjale.<\/p>\n<ul data-start=\"2355\" data-end=\"2800\">\n<li data-start=\"2355\" data-end=\"2495\">\n<p data-start=\"2357\" data-end=\"2495\"><strong data-start=\"2357\" data-end=\"2388\">Sisestusj\u00f5u m\u00f5\u00f5tmine<\/strong>: N\u00f5elad sisestatakse kummist v\u00f5i s\u00fcnteetilisest materjalist katsesubstraati, kasutades konstantse kiirusega kokkusurumiss\u00fcsteemi.<\/p>\n<\/li>\n<li data-start=\"2496\" data-end=\"2662\">\n<p data-start=\"2498\" data-end=\"2662\"><strong data-start=\"2498\" data-end=\"2527\">Substraadi omadused<\/strong>: Materjalid v\u00f5ivad olla lateks (40 \u00b1 5 Shore A), pol\u00fcuretaan, silikoonkumm v\u00f5i LDPE-kile, et j\u00e4ljendada meditsiinilise kvaliteediga kummist stopperid.<\/p>\n<\/li>\n<li data-start=\"2663\" data-end=\"2800\">\n<p data-start=\"2665\" data-end=\"2800\"><strong data-start=\"2665\" data-end=\"2680\">Andmete v\u00e4ljund<\/strong>: Katse m\u00f5\u00f5dab maksimaalset tungimisj\u00f5udu (esialgset murdumisj\u00f5udu) ja libisevat h\u00f5\u00f5rdumist kogu n\u00f5ela sisestamise ajal.<\/p>\n<\/li>\n<\/ul>\n<p data-start=\"2802\" data-end=\"2842\">Need standardiseeritud testid aitavad kindlaks teha:<\/p>\n<ul data-start=\"2844\" data-end=\"2986\">\n<li data-start=\"2844\" data-end=\"2890\">\n<p data-start=\"2846\" data-end=\"2890\">Kas n\u00f5ela ots on piisavalt terav<\/p>\n<\/li>\n<li data-start=\"2891\" data-end=\"2936\">\n<p data-start=\"2893\" data-end=\"2936\">Kui j\u00e4rjepidev on tootmisprotsess<\/p>\n<\/li>\n<li data-start=\"2937\" data-end=\"2986\">\n<p data-start=\"2939\" data-end=\"2986\">N\u00f5ela ja kummist sulguri kokkusobivus<\/p>\n<\/li>\n<\/ul>\n<hr \/>\n<h3>Seadmed ja seadistus n\u00f5ela teravuse testimiseks<\/h3>\n<p data-start=\"3590\" data-end=\"3712\"><strong data-start=\"3590\" data-end=\"3635\">Cell Instruments'i n\u00f5ela teravuse tester<\/strong> pakub ISO ja ASTM standarditega koosk\u00f5las olevaid t\u00e4psuskatseid. See sisaldab:<\/p>\n<ul data-start=\"3714\" data-end=\"4127\">\n<li data-start=\"3714\" data-end=\"3830\">\n<p data-start=\"3716\" data-end=\"3830\"><strong data-start=\"3716\" data-end=\"3744\">J\u00f5u m\u00f5\u00f5tmise s\u00fcsteem<\/strong>: Koormusandur, mis on v\u00f5imeline registreerima j\u00f5udu alates 0,01 N ja millel on k\u00f5rge eraldusv\u00f5imega v\u00e4ljund.<\/p>\n<\/li>\n<li data-start=\"3831\" data-end=\"3914\">\n<p data-start=\"3833\" data-end=\"3914\"><strong data-start=\"3833\" data-end=\"3863\">Programmeeritav kiiruse reguleerimine<\/strong>: S\u00e4ilitab ISO-spetsifitseeritud 100 mm\/min testikiiruse.<\/p>\n<\/li>\n<li data-start=\"3915\" data-end=\"4022\">\n<p data-start=\"3917\" data-end=\"4022\"><strong data-start=\"3917\" data-end=\"3937\">Substraadi hoidja<\/strong>: Kinnitab katsematerjalid kindlaksm\u00e4\u00e4ratud l\u00e4bistamisaknaga (tavaliselt 10 mm l\u00e4bim\u00f5\u00f5duga).<\/p>\n<\/li>\n<li data-start=\"4023\" data-end=\"4127\">\n<p data-start=\"4025\" data-end=\"4127\"><strong data-start=\"4025\" data-end=\"4049\">7-tolline HMI-liides<\/strong>: V\u00f5imaldab intuitiivset katse seadistamist ja reaalajas j\u00f5u-muutmisk\u00f5vera anal\u00fc\u00fcsi.<\/p>\n<\/li>\n<\/ul>\n<p data-start=\"4129\" data-end=\"4289\">Toetusega <strong data-start=\"4146\" data-end=\"4208\">erinevad n\u00f5elam\u00f5\u00f5tmed, kolbmiku t\u00fc\u00fcbid ja stopperite konstruktsioonid<\/strong>, on s\u00fcsteem ka v\u00e4ga h\u00e4sti kohandatav spetsiaalsete teadus- ja arendustegevuse ning kvaliteedi tagamise rakenduste jaoks.<\/p>\n<hr \/>\n<h2 data-start=\"3068\" data-end=\"3163\">ISO 7864 ja sellega seotud standardite j\u00e4rgimise eelised<\/h2>\n<ul data-start=\"4358\" data-end=\"4725\">\n<li data-start=\"4358\" data-end=\"4447\">\n<p data-start=\"4360\" data-end=\"4447\"><strong data-start=\"4360\" data-end=\"4387\">Parem tooteohutus<\/strong>: Tagab n\u00f5elade usaldusv\u00e4\u00e4rse toimimise kliinilistes tingimustes.<\/p>\n<\/li>\n<li data-start=\"4448\" data-end=\"4531\">\n<p data-start=\"4450\" data-end=\"4531\"><strong data-start=\"4450\" data-end=\"4478\">Minimeeritud patsiendi trauma<\/strong>: Optimeerib n\u00f5ela disaini v\u00e4hem valusaks sisestamiseks<\/p>\n<\/li>\n<li data-start=\"4532\" data-end=\"4633\">\n<p data-start=\"4534\" data-end=\"4633\"><strong data-start=\"4534\" data-end=\"4563\">Tootmise j\u00e4rjepidevus<\/strong>: Valideerib tipu geomeetria, pinnaviimistluse ja tootmise korratavuse.<\/p>\n<\/li>\n<li data-start=\"4634\" data-end=\"4725\">\n<p data-start=\"4636\" data-end=\"4725\"><strong data-start=\"4636\" data-end=\"4668\">\u00dclemaailmne \u00f5igusnormide j\u00e4rgimine<\/strong>: Vastab FDA, ELi MDR ja rahvusvahelistele auditi n\u00f5uetele.<\/p>\n<\/li>\n<\/ul>\n<hr \/>\n<h2>Peamised kaalutlused kummist korkide l\u00e4bilaskvuse testimisel<\/h2>\n<figure id=\"attachment_7014\" aria-describedby=\"caption-attachment-7014\" style=\"width: 286px\" class=\"wp-caption alignright\"><img fetchpriority=\"high\" decoding=\"async\" class=\"wp-image-7014\" src=\"https:\/\/www.qualitester.com\/wp-content\/uploads\/2025\/07\/3.needle-sharpness-tester_11zon-300x300.webp\" alt=\"ISO 7864 standardiseerib n\u00f5ela teravuse ja kummist korkide l\u00e4bitungivuse teste s\u00fcstlan\u00f5ela l\u00e4bitungimisj\u00f5u n\u00f5uete kohta, samas kui ISO 11040-4 m\u00e4\u00e4rab kindlaks eelt\u00e4idetud s\u00fcstlis\u00fcsteemide l\u00e4bitungivuse testid, mida t\u00e4iendab ISO 8871-5 elastomeerse sulgemismaterjali omaduste kohta\u3002.\" width=\"286\" height=\"286\" srcset=\"https:\/\/www.qualitester.com\/wp-content\/uploads\/2025\/07\/3.needle-sharpness-tester_11zon-300x300.webp 300w, https:\/\/www.qualitester.com\/wp-content\/uploads\/2025\/07\/3.needle-sharpness-tester_11zon-1024x1024.webp 1024w, https:\/\/www.qualitester.com\/wp-content\/uploads\/2025\/07\/3.needle-sharpness-tester_11zon-150x150.webp 150w, https:\/\/www.qualitester.com\/wp-content\/uploads\/2025\/07\/3.needle-sharpness-tester_11zon-768x768.webp 768w, https:\/\/www.qualitester.com\/wp-content\/uploads\/2025\/07\/3.needle-sharpness-tester_11zon-12x12.webp 12w, https:\/\/www.qualitester.com\/wp-content\/uploads\/2025\/07\/3.needle-sharpness-tester_11zon-600x600.webp 600w, https:\/\/www.qualitester.com\/wp-content\/uploads\/2025\/07\/3.needle-sharpness-tester_11zon-100x100.webp 100w, https:\/\/www.qualitester.com\/wp-content\/uploads\/2025\/07\/3.needle-sharpness-tester_11zon.webp 1080w\" sizes=\"(max-width: 286px) 100vw, 286px\" \/><figcaption id=\"caption-attachment-7014\" class=\"wp-caption-text\">N\u00f5ela teravuse tester<\/figcaption><\/figure>\n<p data-start=\"4797\" data-end=\"5091\">Nagu on kirjeldatud dokumendis <a href=\"https:\/\/www.qualitester.com\/et\/tootekategooria\/iso\/iso-11040-4\/\" target=\"_blank\" rel=\"noopener\"><strong data-start=\"4812\" data-end=\"4827\">ISO 11040-4<\/strong><\/a>, testimine ei piirdu ainult n\u00f5elaga - see h\u00f5lmab ka kummist korgid ja viaalide sulgurid. Eelt\u00e4idetud s\u00fcstalde ja s\u00fcstitavate ravimikonteinerite tootjad peavad tagama, et <strong data-start=\"5007\" data-end=\"5037\">n\u00f5ela ja stopperi koostoime<\/strong> ei kahjusta ravimi terviklikkust ega manustamist.<\/p>\n<p data-start=\"5093\" data-end=\"5116\">Peamised parameetrid on j\u00e4rgmised:<\/p>\n<ul data-start=\"5118\" data-end=\"5242\">\n<li data-start=\"5118\" data-end=\"5155\">\n<p data-start=\"5120\" data-end=\"5155\"><strong data-start=\"5120\" data-end=\"5155\">Stopperi k\u00f5vadus ja elastsus<\/strong><\/p>\n<\/li>\n<li data-start=\"5156\" data-end=\"5204\">\n<p data-start=\"5158\" data-end=\"5204\"><strong data-start=\"5158\" data-end=\"5204\">L\u00e4bistamiseks vajalik j\u00f5ud ilma s\u00fcvendita<\/strong><\/p>\n<\/li>\n<li data-start=\"5205\" data-end=\"5242\">\n<p data-start=\"5207\" data-end=\"5242\"><strong data-start=\"5207\" data-end=\"5242\">Tihendi terviklikkus p\u00e4rast penetratsiooni<\/strong><\/p>\n<\/li>\n<\/ul>\n<p data-start=\"5244\" data-end=\"5380\"><strong data-start=\"5244\" data-end=\"5273\">Cell Instruments'i s\u00fcsteemid<\/strong> toetada nii <strong data-start=\"5287\" data-end=\"5317\">n\u00f5ela ja stopperite testimine<\/strong>, mis pakub \u00fchtseid lahendusi s\u00fcstla terviklikuks valideerimiseks.<\/p>\n<hr \/>\n<h2 data-start=\"3874\" data-end=\"4081\">Kes peaks kasutama n\u00f5ela teravuse testimise seadmeid?<\/h2>\n<ul data-start=\"5442\" data-end=\"5646\">\n<li data-start=\"5442\" data-end=\"5476\">\n<p data-start=\"5444\" data-end=\"5476\"><strong data-start=\"5444\" data-end=\"5476\">Meditsiiniseadmete tootjad<\/strong><\/p>\n<\/li>\n<li data-start=\"5477\" data-end=\"5506\">\n<p data-start=\"5479\" data-end=\"5506\"><strong data-start=\"5479\" data-end=\"5506\">S\u00fcstalde ja n\u00f5elte OEM tootjad<\/strong><\/p>\n<\/li>\n<li data-start=\"5507\" data-end=\"5547\">\n<p data-start=\"5509\" data-end=\"5547\"><strong data-start=\"5509\" data-end=\"5547\">Farmaatsiatoodete pakendite tarnijad<\/strong><\/p>\n<\/li>\n<li data-start=\"5548\" data-end=\"5589\">\n<p data-start=\"5550\" data-end=\"5589\"><strong data-start=\"5550\" data-end=\"5589\">Kolmanda osapoole kvaliteedikontrolli laborid<\/strong><\/p>\n<\/li>\n<li data-start=\"5590\" data-end=\"5646\">\n<p data-start=\"5592\" data-end=\"5646\"><strong data-start=\"5592\" data-end=\"5646\">Uurimis- ja arenduskeskused, mis arendavad uudseid ravimite manustamiss\u00fcsteeme<\/strong><\/p>\n<\/li>\n<\/ul>\n<hr \/>\n<h2 data-start=\"4558\" data-end=\"4833\">Kokkuv\u00f5te<\/h2>\n<p data-start=\"6104\" data-end=\"6539\">Kuna s\u00fcstitavad ravimeetodid arenevad edasi, on roll <strong data-start=\"6160\" data-end=\"6188\">n\u00f5ela teravuse testimine<\/strong> seadme ohutuse ja toimivuse tagamisel muutub kriitilisemaks kui kunagi varem. J\u00e4rgides <strong data-start=\"6282\" data-end=\"6294\">ISO 7864<\/strong>, <strong data-start=\"6296\" data-end=\"6311\">ISO 11040-4<\/strong>, ja <strong data-start=\"6317\" data-end=\"6331\">ISO 8871-5<\/strong>, ning kasutades usaldusv\u00e4\u00e4rseid katseseadmeid, nagu n\u00e4iteks<a href=\"https:\/\/www.qualitester.com\/et\/needle-sharpness-testing\/\" target=\"_blank\" rel=\"noopener\"> <strong data-start=\"6385\" data-end=\"6434\">N\u00f5ela teravuse tester Cell Instruments'ilt<\/strong><\/a>, saavad tootjad parandada kvaliteedi tagamist, v\u00e4hendada patsientide ebamugavustunnet ja s\u00e4ilitada \u00fclemaailmset n\u00f5uetele vastavust.<\/p>\n<p data-start=\"6541\" data-end=\"6706\">Tehniliste konsultatsioonide, toodete kohandamise v\u00f5i demoprogrammide taotluste saamiseks k\u00fclastage palun veebilehte <a class=\"\" href=\"https:\/\/www.celtec.cn\" target=\"_new\" rel=\"noopener nofollow\" data-start=\"6624\" data-end=\"6665\">Cell Instruments<\/a> v\u00f5i v\u00f5tke otse \u00fchendust meie m\u00fc\u00fcgiinseneridega.<\/p>\n<p data-start=\"6541\" data-end=\"6706\">","protected":false},"excerpt":{"rendered":"<p>N\u00f5elte teravuse kontrollimine Meditsiiniseadmete tootmise maailmas on n\u00f5elte teravuse kontrollimine kriitiline kvaliteedikontrolli samm, mis tagab n\u00f5elte ohutu ja t\u00f5husa kasutamise kliinilistes rakendustes. Olenemata sellest, kas n\u00f5ela kasutatakse s\u00fcstimiseks, \u00f5mblemiseks v\u00f5i ravimite manustamiseks, s\u00f5ltub selle teravus suuresti selle toimivusest. Halvasti valmistatud v\u00f5i tuimad n\u00f5elad v\u00f5ivad p\u00f5hjustada ...<\/p>\n<p class=\"read-more\"> <a class=\"\" href=\"https:\/\/www.qualitester.com\/et\/applications\/needle-sharpness-testing\/\"> <span class=\"screen-reader-text\">N\u00f5ela teravuse ja l\u00e4bilaskvuse test<\/span> Loe edasi \u00bb<\/a><\/p>","protected":false},"author":3,"featured_media":0,"parent":6794,"menu_order":0,"comment_status":"closed","ping_status":"closed","template":"","meta":{"site-sidebar-layout":"default","site-content-layout":"default","ast-global-header-display":"","ast-main-header-display":"","ast-hfb-above-header-display":"","ast-hfb-below-header-display":"","ast-hfb-mobile-header-display":"","site-post-title":"","ast-breadcrumbs-content":"","ast-featured-img":"","footer-sml-layout":"","theme-transparent-header-meta":"default","adv-header-id-meta":"","stick-header-meta":"","header-above-stick-meta":"","header-main-stick-meta":"","header-below-stick-meta":"","footnotes":""},"class_list":["post-7013","page","type-page","status-publish","hentry"],"_links":{"self":[{"href":"https:\/\/www.qualitester.com\/et\/wp-json\/wp\/v2\/pages\/7013","targetHints":{"allow":["GET"]}}],"collection":[{"href":"https:\/\/www.qualitester.com\/et\/wp-json\/wp\/v2\/pages"}],"about":[{"href":"https:\/\/www.qualitester.com\/et\/wp-json\/wp\/v2\/types\/page"}],"author":[{"embeddable":true,"href":"https:\/\/www.qualitester.com\/et\/wp-json\/wp\/v2\/users\/3"}],"replies":[{"embeddable":true,"href":"https:\/\/www.qualitester.com\/et\/wp-json\/wp\/v2\/comments?post=7013"}],"version-history":[{"count":0,"href":"https:\/\/www.qualitester.com\/et\/wp-json\/wp\/v2\/pages\/7013\/revisions"}],"up":[{"embeddable":true,"href":"https:\/\/www.qualitester.com\/et\/wp-json\/wp\/v2\/pages\/6794"}],"wp:attachment":[{"href":"https:\/\/www.qualitester.com\/et\/wp-json\/wp\/v2\/media?parent=7013"}],"curies":[{"name":"wp","href":"https:\/\/api.w.org\/{rel}","templated":true}]}}