{"id":6818,"date":"2025-07-15T16:26:15","date_gmt":"2025-07-15T08:26:15","guid":{"rendered":"https:\/\/www.qualitester.com\/?page_id=6818"},"modified":"2025-07-15T16:27:57","modified_gmt":"2025-07-15T08:27:57","slug":"astm-f1140","status":"publish","type":"page","link":"https:\/\/www.qualitester.com\/et\/standards\/astm-f1140\/","title":{"rendered":"ASTM F1140"},"content":{"rendered":"<h1 style=\"text-align: center;\">ASTM F1140<br \/>\n<small>L\u00f5hkekatse<\/small><\/h1>\n<hr \/>\n<p data-start=\"391\" data-end=\"755\"><a href=\"https:\/\/www.astm.org\/\" target=\"_blank\" rel=\"noopener nofollow\"><img decoding=\"async\" class=\"alignleft wp-image-6829\" src=\"https:\/\/www.qualitester.com\/wp-content\/uploads\/2025\/07\/ASTM_logo.svg_\u526f\u672c-300x300.webp\" alt=\"ASTM F1140-koti l\u00f5hkekatsekeha\" width=\"194\" height=\"194\" srcset=\"\" sizes=\"(max-width: 194px) 100vw, 194px\" data-srcset=\"\" \/><\/a>Kaasaegsetes t\u00f6\u00f6stusharudes nagu <strong data-start=\"420\" data-end=\"479\">meditsiiniseadmed, farmaatsiatooted, toit ja elektroonika<\/strong>, paindlikul pakendil on oluline roll toote ohutuse ja terviklikkuse s\u00e4ilitamisel. Selleks, et tagada nende pakendite vastupidavus siser\u00f5hu k\u00f5ikumistele, <strong data-start=\"636\" data-end=\"650\">ASTM F1140<\/strong> pakub standardiseeritud menetluste kogumit, mille abil saab hinnata veakindlust piiranguteta tingimustes.<\/p>\n<p data-start=\"757\" data-end=\"1093\"><strong data-start=\"757\" data-end=\"771\">ASTM F1140<\/strong> on laialdaselt tunnustatud pitseerimata ja pitseeritud paindlike pakendite katsetamiseks, kasutades <strong data-start=\"849\" data-end=\"876\">sisemine survestamine<\/strong>. See katsemeetod aitab kindlaks teha, millal pakendimaterjalid v\u00f5i tihendid kasvava v\u00f5i p\u00fcsiva r\u00f5hu all eba\u00f5nnestuvad, simuleerides reaalseid tingimusi, nagu transport, steriliseerimine ja k\u00f5rguse muutumine.<\/p>\n<hr \/>\n<h2>Siser\u00f5hu katsemeetodid: L\u00f5hkekatse, roomamise ja positiivse r\u00f5hu lekkekatse<\/h2>\n<h3>L\u00f5hkekatse: Maksimaalse purunemisr\u00f5hu hindamine<\/h3>\n<p data-start=\"1238\" data-end=\"1547\">The <strong data-start=\"1242\" data-end=\"1256\">l\u00f5hkekatse<\/strong> on \u00fcks k\u00f5ige sagedamini kasutatavaid meetodeid <strong data-start=\"1307\" data-end=\"1321\">ASTM F1140<\/strong>. See h\u00f5lmab j\u00e4rkj\u00e4rgulist suurendamist <strong data-start=\"1360\" data-end=\"1381\">siser\u00f5hk<\/strong> pakendi sees, kuni materjal v\u00f5i plommi purunemiseni. See katse on oluline, et m\u00e4\u00e4rata kindlaks <strong data-start=\"1483\" data-end=\"1503\">maksimaalne surve<\/strong> pakend v\u00f5ib enne rikkeid vastu pidada.<\/p>\n<p data-start=\"1549\" data-end=\"1580\"><strong data-start=\"1549\" data-end=\"1580\">Peamised kaalutlused on j\u00e4rgmised:<\/strong><\/p>\n<ul>\n<li data-start=\"1584\" data-end=\"1625\">Avatud v\u00f5i suletud pakendi katsekomplektide kasutamine<\/li>\n<li data-start=\"1628\" data-end=\"1661\">Reguleeritav r\u00f5hu all hoidmise kiirus<\/li>\n<li data-start=\"1664\" data-end=\"1720\">L\u00f5hkemisr\u00f5hu ja rikke asukoha t\u00e4pne registreerimine<\/li>\n<\/ul>\n<p data-start=\"1722\" data-end=\"1907\">The <strong data-start=\"1726\" data-end=\"1764\">Cell Instruments LSST-01 Avatud pakett<\/strong> on loodud spetsiaalselt selliste rakenduste jaoks, pakkudes t\u00e4pset kontrolli ja reaalajas andmete logimist, et suurendada usaldusv\u00e4\u00e4rsust ja j\u00e4lgitavust.<\/p>\n<div class=\"ast-oembed-container\" style=\"height: 100%;\"><iframe title=\"Sisemine \u00f5hupurunemiskatse r\u00f5hu lagunemise meetodi lai proovi voltimine\" width=\"500\" height=\"281\" src=\"https:\/\/www.youtube.com\/embed\/F8bgKIrB-bc?feature=oembed\" frameborder=\"0\" allow=\"accelerometer; autoplay; clipboard-write; encrypted-media; gyroscope; picture-in-picture; web-share\" referrerpolicy=\"strict-origin-when-cross-origin\" allowfullscreen><\/iframe><\/div>\n<h3 data-start=\"1722\" data-end=\"1907\">Creep Test ja Creep to Failure: R\u00f5hu vastupidavuse hindamine<\/h3>\n<p data-start=\"1976\" data-end=\"2305\">The <strong data-start=\"1980\" data-end=\"1994\">libisemiskatse<\/strong> (meetod B1) allutab paketi <strong data-start=\"2033\" data-end=\"2064\">kindlaksm\u00e4\u00e4ratud positiivne r\u00f5hk<\/strong> kindlaksm\u00e4\u00e4ratud aja jooksul - tavaliselt 15-30 sekundit -, et j\u00e4lgida, kas see s\u00e4ilitab terviklikkuse ilma t\u00f5rgeteta. Seevastu <strong data-start=\"2178\" data-end=\"2198\">eba\u00f5nnestumiseni hiilimine<\/strong> katse (meetod B2) s\u00e4ilitab r\u00f5hu kuni rebenemiseni, andes \u00fclevaate sellest, kuidas <strong data-start=\"2273\" data-end=\"2292\">aeg rikke tekkimiseni<\/strong> tulemuslikkus.<\/p>\n<p data-start=\"2307\" data-end=\"2463\">Need meetodid on eriti v\u00e4\u00e4rtuslikud, kui uuritakse pakendimaterjale, mis ei pruugi kohe l\u00f5hkeda, kuid v\u00f5ivad pideva koormuse all deformeeruda v\u00f5i delamineeruda.<\/p>\n<p data-start=\"2465\" data-end=\"2486\">Rakenduste hulka kuuluvad:<\/p>\n<ul>\n<li data-start=\"2490\" data-end=\"2518\">Steriilse barj\u00e4\u00e4ri kontrollimine<\/li>\n<li data-start=\"2521\" data-end=\"2559\">Tihendi terviklikkuse hindamine aja jooksul<\/li>\n<li data-start=\"2562\" data-end=\"2603\">Materjali v\u00f5rdlus staatilise r\u00f5hu all<\/li>\n<\/ul>\n<p data-start=\"2605\" data-end=\"2834\">Nende testide t\u00e4pseks l\u00e4biviimiseks on vaja <strong data-start=\"2651\" data-end=\"2682\">positiivse r\u00f5hu lekkekatse<\/strong> s\u00fcsteem, millel on peene r\u00f5hu reguleerimine, tundlikud andurid ja <strong data-start=\"2748\" data-end=\"2767\">automaatne taimer<\/strong>-mis k\u00f5ik on integreeritud Cell Instruments'i LSST-01 s\u00fcsteemi.<\/p>\n<hr \/>\n<h2 data-start=\"2605\" data-end=\"2834\">Miks r\u00f5hu lagunemise meetod ei ole osa ASTM F1140-st.<\/h2>\n<p data-start=\"2901\" data-end=\"3263\">Kuigi <strong data-start=\"2911\" data-end=\"2936\">r\u00f5hu langemise meetod<\/strong> kasutatakse tavaliselt lekke tuvastamiseks, kuid see ei ole ASTM F1140-s m\u00e4\u00e4ratletud menetlus. Selle asemel keskendub ASTM F1140 otsestele survevigade hindamistele. Kuid r\u00f5hu lagunemise integreerimine t\u00e4iendava katsena v\u00f5ib anda laiemat teavet pakendi kvaliteedi kohta, eriti kui seda kasutatakse koos l\u00f5hkemis- ja roomavuskatsetega.<\/p>\n<hr \/>\n<h2 data-start=\"2901\" data-end=\"3263\">ASTM F1140 standardile vastava koti l\u00f5hkumise testija kasutamise eelised<\/h2>\n<p data-start=\"3341\" data-end=\"3487\">J\u00e4rjepidevate, korratavate tulemuste saavutamiseks on spetsiaalne <strong data-start=\"3391\" data-end=\"3413\">koti l\u00f5hkumise tester<\/strong>-kui <strong data-start=\"3423\" data-end=\"3461\">Cell Instruments LSST-01 Avatud pakett<\/strong>-pakub kriitilisi eeliseid:<\/p>\n<ul>\n<li data-start=\"3491\" data-end=\"3527\"><strong data-start=\"3491\" data-end=\"3510\">Kaksiktesti re\u017eiimid<\/strong>: l\u00f5hkemine ja hiilimine<\/li>\n<li data-start=\"3530\" data-end=\"3585\"><strong data-start=\"3530\" data-end=\"3557\">Paindlik kinnitusdetailide disain<\/strong> avatud v\u00f5i suletud pakendite puhul<\/li>\n<li data-start=\"3588\" data-end=\"3626\"><strong data-start=\"3588\" data-end=\"3626\">T\u00e4pne siser\u00f5hu kontroll<\/strong><\/li>\n<li data-start=\"3629\" data-end=\"3672\"><strong data-start=\"3629\" data-end=\"3650\">Andmete j\u00e4lgitavus<\/strong> digitaalse liidese kaudu<\/li>\n<li data-start=\"3675\" data-end=\"3727\"><strong data-start=\"3675\" data-end=\"3689\">Vastavus<\/strong> ASTM F1140 ja sellega seotud standarditega<\/li>\n<\/ul>\n<p data-start=\"3729\" data-end=\"3877\">Kasutades LSST-01, saavad kvaliteedikontrolli spetsialistid usaldusv\u00e4\u00e4rselt j\u00e4lgida pakendi terviklikkust arendus-, tootmis- ja valideerimisprotsessides.<\/p>\n<hr \/>\n<h2 style=\"text-align: left;\" data-start=\"3729\" data-end=\"3877\">ASTM F1140 testimisest kasu saavad rakendusskenaariumid ja t\u00f6\u00f6stusharud<\/h2>\n<p data-start=\"3960\" data-end=\"4027\">ASTM F1140 kohased katsed on eriti olulised j\u00e4rgmistel juhtudel:<\/p>\n<ul>\n<li data-start=\"4031\" data-end=\"4087\"><strong data-start=\"4031\" data-end=\"4059\">Meditsiiniseadmete pakendid<\/strong>, eriti steriilsed kotid<\/li>\n<li data-start=\"4090\" data-end=\"4134\"><strong data-start=\"4090\" data-end=\"4122\">Farmaatsiatoodete blisterpakendid<\/strong> ja kotikesed<\/li>\n<li data-start=\"4137\" data-end=\"4205\"><strong data-start=\"4137\" data-end=\"4170\">Toiduainetele sobiv paindlik pakend<\/strong> vaakumi v\u00f5i k\u00f5rge r\u00f5huga kokkupuute korral<\/li>\n<li data-start=\"4208\" data-end=\"4264\"><strong data-start=\"4208\" data-end=\"4233\">Elektroonilised komponendid<\/strong> mis peab j\u00e4\u00e4ma niiskusvabaks<\/li>\n<li data-start=\"4267\" data-end=\"4343\"><strong data-start=\"4267\" data-end=\"4298\">Kvaliteedikontrolliasutused<\/strong> otsib standardip\u00f5hist sertifitseerimiskatset<\/li>\n<\/ul>\n<p data-start=\"4345\" data-end=\"4558\"><a href=\"https:\/\/www.qualitester.com\/et\/\">Cell Instruments<\/a> pakub t\u00e4iustatud lahendusi k\u00f5igile neile sektoritele, pakkudes mitte ainult k\u00f5rgtehnoloogilisi testis\u00fcsteeme, vaid ka <strong data-start=\"4472\" data-end=\"4501\">kohandatud automatiseerimise v\u00f5imalused<\/strong> kohandatud konkreetsetele materjalidele ja pakendi geomeetriale.<\/p>\n<hr \/>\n<h2 style=\"text-align: left;\" data-start=\"4345\" data-end=\"4558\"><img fetchpriority=\"high\" decoding=\"async\" class=\"alignleft wp-image-6832\" src=\"https:\/\/www.qualitester.com\/wp-content\/uploads\/2025\/07\/Headquarters_\u526f\u672c2-300x300.webp\" alt=\"ASTM F1140-sisesurve\" width=\"236\" height=\"236\" srcset=\"https:\/\/www.qualitester.com\/wp-content\/uploads\/2025\/07\/Headquarters_\u526f\u672c2-300x300.webp 300w, https:\/\/www.qualitester.com\/wp-content\/uploads\/2025\/07\/Headquarters_\u526f\u672c2-1024x1024.webp 1024w, https:\/\/www.qualitester.com\/wp-content\/uploads\/2025\/07\/Headquarters_\u526f\u672c2-150x150.webp 150w, https:\/\/www.qualitester.com\/wp-content\/uploads\/2025\/07\/Headquarters_\u526f\u672c2-768x768.webp 768w, https:\/\/www.qualitester.com\/wp-content\/uploads\/2025\/07\/Headquarters_\u526f\u672c2-12x12.webp 12w, https:\/\/www.qualitester.com\/wp-content\/uploads\/2025\/07\/Headquarters_\u526f\u672c2-600x600.webp 600w, https:\/\/www.qualitester.com\/wp-content\/uploads\/2025\/07\/Headquarters_\u526f\u672c2-100x100.webp 100w, https:\/\/www.qualitester.com\/wp-content\/uploads\/2025\/07\/Headquarters_\u526f\u672c2.webp 1200w\" sizes=\"(max-width: 236px) 100vw, 236px\" \/>Miks valida Cell Instruments?<\/h2>\n<p data-start=\"4598\" data-end=\"4893\">Veebilehel <strong data-start=\"4601\" data-end=\"4631\">Cell Instruments Co., Ltd.<\/strong>, oleme spetsialiseerunud arendamisele <strong data-start=\"4661\" data-end=\"4704\">materjalide t\u00e4psuskatseseadmed<\/strong> pakendamis-, meditsiini- ja ravimirakenduste jaoks. Meie seadmed vastavad \u00fclemaailmsetele katsestandarditele, sealhulgas ASTM, ISO ja TAPPI, ning meie ekspertide meeskond toetab kliente j\u00e4rgmistes valdkondades:<\/p>\n<ul>\n<li data-start=\"4897\" data-end=\"4930\"><strong data-start=\"4897\" data-end=\"4930\">Kohandatud testimiskonfiguratsioonid<\/strong><\/li>\n<li data-start=\"4933\" data-end=\"4964\"><strong data-start=\"4933\" data-end=\"4964\">T\u00e4ielik automatiseerimise integreerimine<\/strong><\/li>\n<li data-start=\"4967\" data-end=\"5003\"><strong data-start=\"4967\" data-end=\"5003\">Kohapealne koolitus ja kalibreerimine<\/strong><\/li>\n<li data-start=\"5006\" data-end=\"5034\"><strong data-start=\"5006\" data-end=\"5034\">Kiire tehniline tugi<\/strong><\/li>\n<\/ul>\n<hr \/>\n<h2 style=\"text-align: left;\"><a href=\"https:\/\/www.qualitester.com\/et\/toode\/best-balloon-burst-tester-for-sale\/\"><img decoding=\"async\" class=\"alignright wp-image-6833\" src=\"https:\/\/www.qualitester.com\/wp-content\/uploads\/2025\/07\/Balloon-Burst-Tester--300x300.webp\" alt=\"ASTM F1140-r\u00f5hu lagunemise meetod\" width=\"240\" height=\"240\" srcset=\"https:\/\/www.qualitester.com\/wp-content\/uploads\/2025\/07\/Balloon-Burst-Tester--300x300.webp 300w, https:\/\/www.qualitester.com\/wp-content\/uploads\/2025\/07\/Balloon-Burst-Tester--150x150.webp 150w, https:\/\/www.qualitester.com\/wp-content\/uploads\/2025\/07\/Balloon-Burst-Tester--12x12.webp 12w, https:\/\/www.qualitester.com\/wp-content\/uploads\/2025\/07\/Balloon-Burst-Tester--100x100.webp 100w, https:\/\/www.qualitester.com\/wp-content\/uploads\/2025\/07\/Balloon-Burst-Tester-.webp 600w\" sizes=\"(max-width: 240px) 100vw, 240px\" \/><\/a>Kokkuv\u00f5te<\/h2>\n<p style=\"text-align: center;\"><strong data-start=\"5056\" data-end=\"5070\">ASTM F1140<\/strong> on oluline paindlike pakendite ohutuse ja vastupidavuse tagamiseks siser\u00f5hu all. Olenemata sellest, kas tegemist on <strong data-start=\"5191\" data-end=\"5205\">l\u00f5hkekatse<\/strong>, a <strong data-start=\"5209\" data-end=\"5240\">positiivse r\u00f5hu lekkekatse<\/strong>, v\u00f5i pikaajaline anal\u00fc\u00fcs, kasutades <strong data-start=\"5274\" data-end=\"5311\">roomamise v\u00f5i roomamise-taotlemise meetodid<\/strong>, s\u00f5ltub kvaliteedi tagamine <strong data-start=\"5342\" data-end=\"5388\">usaldusv\u00e4\u00e4rsed ja standarditele vastavad seadmed<\/strong>. . <a href=\"https:\/\/www.qualitester.com\/et\/toode\/best-balloon-burst-tester-for-sale\/\"><strong data-start=\"5394\" data-end=\"5434\">LSST-01 Avatud pakendi koti l\u00f5hkumise tester<\/strong><\/a> aadressilt <strong data-start=\"5440\" data-end=\"5460\">Cell Instruments<\/strong> pakub t\u00e4psust, kohanemisv\u00f5imet ja vastavust, mis on vajalik pakendispetsialistide toetamiseks erinevates t\u00f6\u00f6stusharudes.<\/p>","protected":false},"excerpt":{"rendered":"<p>ASTM F1140 purunemiskatsed T\u00e4nap\u00e4evastes t\u00f6\u00f6stusharudes, nagu meditsiiniseadmed, ravimid, toit ja elektroonika, on paindlikul pakendil kriitiline roll toote ohutuse ja terviklikkuse s\u00e4ilitamisel. Selleks, et tagada nende pakendite vastupidavus siser\u00f5hu k\u00f5ikumistele, pakub ASTM F1140 standardiseeritud menetlusi, et hinnata purunemiskindlust piiranguteta tingimustes. ASTM F1140 on laialdaselt ...<\/p>\n<p class=\"read-more\"> <a class=\"\" href=\"https:\/\/www.qualitester.com\/et\/standards\/astm-f1140\/\"> <span class=\"screen-reader-text\">ASTM F1140<\/span> Loe edasi \u00bb<\/a><\/p>","protected":false},"author":3,"featured_media":0,"parent":4948,"menu_order":0,"comment_status":"closed","ping_status":"closed","template":"","meta":{"site-sidebar-layout":"default","site-content-layout":"default","ast-global-header-display":"","ast-main-header-display":"","ast-hfb-above-header-display":"","ast-hfb-below-header-display":"","ast-hfb-mobile-header-display":"","site-post-title":"","ast-breadcrumbs-content":"","ast-featured-img":"","footer-sml-layout":"","theme-transparent-header-meta":"default","adv-header-id-meta":"","stick-header-meta":"","header-above-stick-meta":"","header-main-stick-meta":"","header-below-stick-meta":"","footnotes":""},"class_list":["post-6818","page","type-page","status-publish","hentry"],"_links":{"self":[{"href":"https:\/\/www.qualitester.com\/et\/wp-json\/wp\/v2\/pages\/6818","targetHints":{"allow":["GET"]}}],"collection":[{"href":"https:\/\/www.qualitester.com\/et\/wp-json\/wp\/v2\/pages"}],"about":[{"href":"https:\/\/www.qualitester.com\/et\/wp-json\/wp\/v2\/types\/page"}],"author":[{"embeddable":true,"href":"https:\/\/www.qualitester.com\/et\/wp-json\/wp\/v2\/users\/3"}],"replies":[{"embeddable":true,"href":"https:\/\/www.qualitester.com\/et\/wp-json\/wp\/v2\/comments?post=6818"}],"version-history":[{"count":0,"href":"https:\/\/www.qualitester.com\/et\/wp-json\/wp\/v2\/pages\/6818\/revisions"}],"up":[{"embeddable":true,"href":"https:\/\/www.qualitester.com\/et\/wp-json\/wp\/v2\/pages\/4948"}],"wp:attachment":[{"href":"https:\/\/www.qualitester.com\/et\/wp-json\/wp\/v2\/media?parent=6818"}],"curies":[{"name":"wp","href":"https:\/\/api.w.org\/{rel}","templated":true}]}}