{"id":6558,"date":"2025-03-17T16:04:02","date_gmt":"2025-03-17T08:04:02","guid":{"rendered":"https:\/\/www.qualitester.com\/?page_id=6558"},"modified":"2025-03-17T16:56:01","modified_gmt":"2025-03-17T08:56:01","slug":"iso-8510-2","status":"publish","type":"page","link":"https:\/\/www.qualitester.com\/et\/standards\/iso-8510-2\/","title":{"rendered":"ISO 8510-2"},"content":{"rendered":"<h1 style=\"text-align: center;\">ISO 8510-2<\/h1>\n<p data-pm-slice=\"1 1 []\">ISO 8510-2 m\u00e4\u00e4rab kindlaks 180-kraadise koorimiskatse, mille abil hinnatakse <strong>liimi koorimistugevus<\/strong> liimitud materjalidest. See standard on oluline sellistes t\u00f6\u00f6stusharudes nagu <strong>pakendid, meditsiiniseadmed, elektroonika ja liimid<\/strong>, kus tugev ja usaldusv\u00e4\u00e4rne haardumine on \u00fclioluline. Katse annab kriitilise \u00fclevaate <strong>liimide toimivus ja vastupidavus<\/strong> m\u00f5\u00f5tes j\u00f5udu, mis on vajalik painduva liimese ja j\u00e4iga liimese eraldamiseks kontrollitud tingimustes.<\/p>\n<h2>ISO 8510-2 kohane katsemenetlus<\/h2>\n<p>The <strong><a href=\"https:\/\/www.qualitester.com\/et\/tootekategooria\/iso\/iso-8510-2\/\" target=\"_blank\" rel=\"noopener\">ISO 8510-<\/a>2 katsemeetod<\/strong> h\u00f5lmab liimitud proovide valmistamist ja katsetamist standardiseeritud tingimustes. Etapid h\u00f5lmavad j\u00e4rgmist:<\/p>\n<h3>1. Katseproovi ettevalmistamine<\/h3>\n<ul data-spread=\"false\">\n<li>V\u00f5lakiri <strong>paindlikust j\u00e4igaks<\/strong> koost on valmistatud hinnatava liimiga.<\/li>\n<li>The <strong>j\u00e4ik liimik<\/strong> v\u00f5ib olla <strong>metall, plastik, puit v\u00f5i kummi<\/strong> kindlaksm\u00e4\u00e4ratud paksusega.<\/li>\n<li>The <strong>paindlik kleebis<\/strong> peaks vastu pidama <strong>180-kraadine kurv<\/strong> ilma deformatsioonita.<\/li>\n<li>J\u00e4rgneb liimi pealekandmine <strong>ISO 17212<\/strong> v\u00f5i tootja suunised.<\/li>\n<li>V\u00f5lakirjaliin peab olema <strong>\u00fchtlaselt pealekantud ja t\u00e4ielikult k\u00f5venenud<\/strong> enne katsetamist.<\/li>\n<\/ul>\n<p><img fetchpriority=\"high\" decoding=\"async\" class=\"wp-image-6591 aligncenter\" src=\"https:\/\/www.qualitester.com\/wp-content\/uploads\/2025\/03\/ISO-8510-2-180-Degree-Peel-Adhesion-Test.png\" alt=\"ISO 8510-2 180-kraadine nakkekatse\" width=\"171\" height=\"366\" srcset=\"https:\/\/www.qualitester.com\/wp-content\/uploads\/2025\/03\/ISO-8510-2-180-Degree-Peel-Adhesion-Test.png 278w, https:\/\/www.qualitester.com\/wp-content\/uploads\/2025\/03\/ISO-8510-2-180-Degree-Peel-Adhesion-Test-140x300.png 140w, https:\/\/www.qualitester.com\/wp-content\/uploads\/2025\/03\/ISO-8510-2-180-Degree-Peel-Adhesion-Test-6x12.png 6w\" sizes=\"(max-width: 171px) 100vw, 171px\" \/><\/p>\n<h3>2. Katseseadmete n\u00f5uded<\/h3>\n<ul data-spread=\"false\">\n<li>A <strong>koorimiskatse masin<\/strong> (<a href=\"https:\/\/www.qualitester.com\/et\/toode\/tst-01-tensile-tester\/\" target=\"_blank\" rel=\"noopener\">t\u00f5mbekatse masin<\/a>) on n\u00f5utav.<\/li>\n<li>Masin peab s\u00e4ilitama <strong>pidev haardumise eraldumise kiirus<\/strong> (tavaliselt <strong>100 mm\/min \u00b1 10 mm\/min<\/strong>).<\/li>\n<li>K\u00e4epidemed peavad kindlalt kinni hoidma <strong>j\u00e4igad ja paindlikud liited<\/strong>.<\/li>\n<li>J\u00f5u m\u00f5\u00f5tmine peab olema t\u00e4pne <strong>\u00b12%<\/strong>.<\/li>\n<\/ul>\n<h3>3. Testimise kord<\/h3>\n<ul data-spread=\"false\">\n<li>The <strong>j\u00e4ik liimik<\/strong> on kinnitatud masina fikseeritud haardesse.<\/li>\n<li>The <strong>paindlik kleebis<\/strong> on kinnitatud isekohanduvasse haardesse.<\/li>\n<li>Masin rakendab j\u00f5udu paralleelselt liimitud tasandiga, t\u00f5mmates painduvat liimkinnititist <strong>180-kraadine nurk<\/strong>.<\/li>\n<li>Katse j\u00e4tkub, kuni v\u00e4hemalt <strong>125 mm liimitud pikkusest on eraldunud<\/strong>.<\/li>\n<li>Koorimisj\u00f5ud registreeritakse \u00fcle <strong>100 mm<\/strong>, v\u00e4lja arvatud esimene <strong>25 mm<\/strong>.<\/li>\n<li>M\u00e4rgitakse rikke viis (adhesiivne, kohesiivne v\u00f5i adhesiivne rike).<\/li>\n<\/ul>\n<h3>4. Peel-katse tulemuste registreerimine<\/h3>\n<ul data-spread=\"false\">\n<li>Test m\u00e4\u00e4rab kindlaks <strong>keskmine koorimisj\u00f5ud njuutonites<\/strong> \u00fcle katse pikkuse.<\/li>\n<li><strong>Maksimaalsed ja minimaalsed j\u00f5ud<\/strong> salvestatakse.<\/li>\n<li>Tulemused aitavad <strong>liimi koostise v\u00f5rdlemine<\/strong> ja <strong>tootmise j\u00e4rjepidevuse tagamine<\/strong>.<\/li>\n<\/ul>\n<h2 data-pm-slice=\"1 3 []\">180-kraadise koorimiskatse olulisus<\/h2>\n<p>The <strong>180-kraadine koorimiskatse<\/strong> kasutatakse laialdaselt hindamaks <strong>koorimiskindlus<\/strong> liimide kohta. See aitab tootjatel tagada, et nende liimitooted vastavad t\u00f6\u00f6stuse ootustele. Peamised rakendused on j\u00e4rgmised:<\/p>\n<ul data-spread=\"false\">\n<li><strong>Kvaliteedikontroll<\/strong> pakendites ja meditsiinis kasutatavate liimide puhul<\/li>\n<li><strong>Teadus- ja arendustegevus<\/strong> liimi koostise t\u00e4iustamiseks<\/li>\n<li><strong>Vastavus<\/strong> rahvusvaheliste liimikatsete standarditega<\/li>\n<\/ul>\n<h2>Precision Peel test masin kleeplindi jaoks<\/h2>\n<ul data-spread=\"false\">\n<li><strong>T\u00e4psus ja t\u00e4psus<\/strong> (j\u00f5u m\u00f5\u00f5tmine jooksul <strong>2% tolerantsus<\/strong>)<\/li>\n<li><strong>Reguleeritav haarde eraldamise m\u00e4\u00e4rad<\/strong><\/li>\n<li><strong>PLC juhtimine<\/strong><\/li>\n<li><strong>Andmete salvestamise v\u00f5imalused<\/strong> anal\u00fc\u00fcsiks<\/li>\n<li>Rohkem infot <a href=\"https:\/\/www.qualitester.com\/et\/toode\/tst-01-tensile-tester\/\" target=\"_blank\" rel=\"noopener\">Koorimiskatse masin<\/a>...<\/li>\n<\/ul>\n<p style=\"text-align: center;\"><big><big>K\u00f5rge t\u00e4psusega <a href=\"https:\/\/www.qualitester.com\/et\/toode\/tst-01-tensile-tester\/\"><strong>liimi koorimistugevuse testimine<\/strong><\/a>, kontakt <a href=\"https:\/\/www.qualitester.com\/et\/\"><strong>Cell Instruments<\/strong><\/a> t\u00e4na!<\/big><\/big><\/p>\n<h2>KKK<\/h2>\n<p><strong>1. Mis on ISO 8510-2?<br \/>\n<\/strong>ISO 8510-2 on rahvusvaheline standard, mis m\u00e4\u00e4ratleb <strong>180-kraadine koorimiskatse<\/strong> m\u00f5\u00f5tmiseks <strong>liimi koorimistugevus<\/strong>.<\/p>\n<p><strong>2. Miks on 180-kraadine koorimiskatse oluline?<br \/>\n<\/strong>Selle testiga hinnatakse <strong>sidumistugevus<\/strong> liimide, tagades, et need vastavad t\u00f6\u00f6stuse n\u00f5uetele seoses <strong>vastupidavus ja usaldusv\u00e4\u00e4rsus<\/strong>.<\/p>\n<p><strong>3. Milliseid seadmeid on vaja ISO 8510-2 testi l\u00e4biviimiseks?<br \/>\n<\/strong>A <strong>koorimiskatse masin<\/strong>, mis on v\u00f5imeline s\u00e4ilitama pideva haarde eraldumise kiiruse, t\u00e4pse j\u00f5u m\u00f5\u00f5tmise ja turvalise haarde.<\/p>\n<p><strong>4. Millised tegurid m\u00f5jutavad koorimistugevust selles katses?<br \/>\n<\/strong>Tegurid on j\u00e4rgmised <strong>liimi t\u00fc\u00fcp, pinna ettevalmistus, liimimaterjal ja katsekiirus<\/strong>.<\/p>\n<p><strong>5. Kus kasutatakse ISO 8510-2 testi?<br \/>\n<\/strong>Tavalised t\u00f6\u00f6stusharud on j\u00e4rgmised <strong>pakendi-, meditsiini-, elektroonika-, auto- ja liimitootmine<\/strong>.<\/p>","protected":false},"excerpt":{"rendered":"<p>ISO 8510-2 ISO 8510-2 specifies the 180-degree peel adhesion test for evaluating the adhesive peel strength of bonded materials. This standard is essential in industries such as packaging, medical devices, electronics, and adhesives, where strong and reliable adhesion is crucial. The test provides critical insights into the performance and durability of adhesives by measuring the &hellip;<\/p>\n<p class=\"read-more\"> <a class=\"\" href=\"https:\/\/www.qualitester.com\/et\/standards\/iso-8510-2\/\"> <span class=\"screen-reader-text\">ISO 8510-2<\/span> Loe edasi \u00bb<\/a><\/p>","protected":false},"author":4,"featured_media":0,"parent":4948,"menu_order":0,"comment_status":"closed","ping_status":"closed","template":"","meta":{"site-sidebar-layout":"default","site-content-layout":"default","ast-global-header-display":"","ast-main-header-display":"","ast-hfb-above-header-display":"","ast-hfb-below-header-display":"","ast-hfb-mobile-header-display":"","site-post-title":"disabled","ast-breadcrumbs-content":"","ast-featured-img":"","footer-sml-layout":"","theme-transparent-header-meta":"default","adv-header-id-meta":"","stick-header-meta":"","header-above-stick-meta":"","header-main-stick-meta":"","header-below-stick-meta":"","footnotes":""},"class_list":["post-6558","page","type-page","status-publish","hentry"],"_links":{"self":[{"href":"https:\/\/www.qualitester.com\/et\/wp-json\/wp\/v2\/pages\/6558","targetHints":{"allow":["GET"]}}],"collection":[{"href":"https:\/\/www.qualitester.com\/et\/wp-json\/wp\/v2\/pages"}],"about":[{"href":"https:\/\/www.qualitester.com\/et\/wp-json\/wp\/v2\/types\/page"}],"author":[{"embeddable":true,"href":"https:\/\/www.qualitester.com\/et\/wp-json\/wp\/v2\/users\/4"}],"replies":[{"embeddable":true,"href":"https:\/\/www.qualitester.com\/et\/wp-json\/wp\/v2\/comments?post=6558"}],"version-history":[{"count":0,"href":"https:\/\/www.qualitester.com\/et\/wp-json\/wp\/v2\/pages\/6558\/revisions"}],"up":[{"embeddable":true,"href":"https:\/\/www.qualitester.com\/et\/wp-json\/wp\/v2\/pages\/4948"}],"wp:attachment":[{"href":"https:\/\/www.qualitester.com\/et\/wp-json\/wp\/v2\/media?parent=6558"}],"curies":[{"name":"wp","href":"https:\/\/api.w.org\/{rel}","templated":true}]}}