{"id":7769,"date":"2025-12-29T14:18:31","date_gmt":"2025-12-29T06:18:31","guid":{"rendered":"https:\/\/www.qualitester.com\/?post_type=product&#038;p=7769"},"modified":"2025-12-30T16:49:34","modified_gmt":"2025-12-30T08:49:34","slug":"spt-01-soap-texture-analyzer","status":"publish","type":"product","link":"https:\/\/www.qualitester.com\/es\/producto\/spt-01-soap-texture-analyzer\/","title":{"rendered":"SPT-01 Analizador de la textura del jab\u00f3n"},"content":{"rendered":"<p data-start=\"690\" data-end=\"1009\">A <strong data-start=\"692\" data-end=\"717\">analizador de la textura del jab\u00f3n<\/strong> es un instrumento profesional dise\u00f1ado para evaluar objetivamente las propiedades mec\u00e1nicas y de textura de los productos de jab\u00f3n. Proporciona mediciones precisas y repetibles de la dureza, la firmeza y la resistencia a la penetraci\u00f3n, lo que ayuda a los fabricantes a mantener una calidad constante en todos los lotes de producci\u00f3n.<\/p>\n<p data-start=\"1011\" data-end=\"1343\">En <strong data-start=\"1014\" data-end=\"1044\">Cell Instruments Co.<\/strong>, Estamos especializados en soluciones de ensayo de materiales para envases, productos farmac\u00e9uticos, papel y productos de consumo. Nuestra experiencia en an\u00e1lisis de texturas nos permite ofrecer sistemas fiables de ensayo de jabones que respaldan el control de calidad, el desarrollo de formulaciones y el cumplimiento de pr\u00e1cticas de ensayo reconocidas.<\/p>\n<h2 data-start=\"1501\" data-end=\"1555\">Comprensi\u00f3n de la prueba ASTM D1321 de textura y penetraci\u00f3n del jab\u00f3n<\/h2>\n<h3>La dureza del jab\u00f3n como indicador clave de calidad<\/h3>\n<p data-start=\"1557\" data-end=\"1870\">El <strong data-start=\"1472\" data-end=\"1492\">dureza del jab\u00f3n<\/strong> afecta directamente a la durabilidad del producto, la tasa de uso y la percepci\u00f3n del consumidor. Un jab\u00f3n demasiado blando puede deformarse o disolverse r\u00e1pidamente, mientras que una dureza excesiva puede reducir la facilidad de uso y el rendimiento de la espuma. Un analizador de textura de jab\u00f3n proporciona valores objetivos de dureza, sustituyendo las evaluaciones subjetivas de la sensaci\u00f3n en la mano por datos medibles.<\/p>\n<h3 data-start=\"1732\" data-end=\"1781\">Textura del jab\u00f3n y principio de la prueba de penetraci\u00f3n<\/h3>\n<p data-start=\"1782\" data-end=\"2134\">A <strong data-start=\"1871\" data-end=\"1908\">textura del jab\u00f3n y prueba de penetraci\u00f3n<\/strong> mide la resistencia del jab\u00f3n cuando una sonda penetra en su superficie a una velocidad y profundidad controladas. La curva fuerza-desplazamiento registrada refleja la estructura interna, las condiciones de curado y el equilibrio de la formulaci\u00f3n. Este m\u00e9todo permite a los fabricantes comparar productos, controlar los efectos del envejecimiento y verificar la estabilidad del proceso.<\/p>\n<h3 data-start=\"2136\" data-end=\"2165\">Referencia a ASTM D1321<\/h3>\n<p data-start=\"2166\" data-end=\"2611\"><strong data-start=\"2258\" data-end=\"2272\">ASTM D1321<\/strong> ofrece una referencia ampliamente reconocida para las pruebas de penetraci\u00f3n de materiales similares a la cera y se aplica com\u00fanmente al an\u00e1lisis de la textura del jab\u00f3n. El seguimiento de las directrices ASTM D1321 sobre las condiciones de ensayo y la interpretaci\u00f3n de los datos mejora la coherencia de los resultados y favorece la comunicaci\u00f3n entre laboratorios, proveedores y clientes.<\/p>\n<hr data-start=\"2613\" data-end=\"2616\" \/>\n<h2 data-start=\"2668\" data-end=\"2961\">C\u00f3mo funciona el analizador de la textura del jab\u00f3n<\/h2>\n<p data-start=\"2628\" data-end=\"2870\">Un analizador de textura de jab\u00f3n aplica una fuerza vertical controlada a la muestra de jab\u00f3n mediante una sonda definida. A medida que la sonda entra en contacto con el jab\u00f3n y lo penetra, el sistema registra continuamente la fuerza y el desplazamiento, generando perfiles de textura precisos.<\/p>\n<p data-start=\"2872\" data-end=\"2907\"><strong data-start=\"2872\" data-end=\"2907\">El flujo de trabajo t\u00edpico de las pruebas incluye:<\/strong><\/p>\n<ul>\n<li data-start=\"2910\" data-end=\"2961\">Preparaci\u00f3n de muestras de jab\u00f3n de dimensiones uniformes<\/li>\n<li data-start=\"2964\" data-end=\"3024\">Selecci\u00f3n de la sonda de penetraci\u00f3n o compresi\u00f3n adecuada<\/li>\n<li data-start=\"3027\" data-end=\"3109\">Velocidad de ensayo de ajuste y profundidad de penetraci\u00f3n seg\u00fan m\u00e9todos internos o ASTM D1321<\/li>\n<li data-start=\"3112\" data-end=\"3165\">Ejecuci\u00f3n de la prueba y recogida de datos fuerza-distancia<\/li>\n<li data-start=\"3168\" data-end=\"3223\">Evaluaci\u00f3n de la fuerza m\u00e1xima, la forma de la curva y la repetibilidad<\/li>\n<\/ul>\n<p data-start=\"3225\" data-end=\"3332\">Este proceso controlado garantiza una comparaci\u00f3n fiable entre diferentes formulaciones de jab\u00f3n o lotes de producci\u00f3n.<\/p>\n<hr data-start=\"3486\" data-end=\"3489\" \/>\n<h2 data-start=\"3491\" data-end=\"3550\">Materiales de aplicaci\u00f3n adecuados<\/h2>\n<p data-start=\"3374\" data-end=\"3461\">El analizador de textura de jab\u00f3n permite probar una amplia gama de productos de jab\u00f3n, incluidos:<\/p>\n<ul>\n<li data-start=\"3464\" data-end=\"3487\">Jabones de barra tradicionales<\/li>\n<li data-start=\"3490\" data-end=\"3522\">Jabones transparentes y de glicerina<\/li>\n<li data-start=\"3525\" data-end=\"3556\">Jabones medicinales y especiales<\/li>\n<li data-start=\"3559\" data-end=\"3599\">Barras detergentes compuestas y sint\u00e9ticas<\/li>\n<\/ul>\n<p data-start=\"3601\" data-end=\"3716\">Tambi\u00e9n puede evaluar muestras semiacabadas para controlar el progreso del curado y la estabilidad de la formulaci\u00f3n durante el desarrollo.<\/p>\n<hr data-start=\"4411\" data-end=\"4414\" \/>\n<h2 data-start=\"5016\" data-end=\"5081\">Cell Instruments SPT-01 Analizador de textura<\/h2>\n<p><a href=\"https:\/\/www.qualitester.com\/es\/producto\/sale-cheap-texture-analyser\/\"><img fetchpriority=\"high\" decoding=\"async\" class=\"alignright wp-image-7786\" src=\"https:\/\/www.qualitester.com\/wp-content\/uploads\/2025\/12\/SPT-01-Soap-Texture-Analyzer3-300x300.png\" alt=\"SPT-01 Analizador de la textura del jab\u00f3n\" width=\"227\" height=\"227\" srcset=\"https:\/\/www.qualitester.com\/wp-content\/uploads\/2025\/12\/SPT-01-Soap-Texture-Analyzer3-300x300.png 300w, https:\/\/www.qualitester.com\/wp-content\/uploads\/2025\/12\/SPT-01-Soap-Texture-Analyzer3-150x150.png 150w, https:\/\/www.qualitester.com\/wp-content\/uploads\/2025\/12\/SPT-01-Soap-Texture-Analyzer3-768x768.png 768w, https:\/\/www.qualitester.com\/wp-content\/uploads\/2025\/12\/SPT-01-Soap-Texture-Analyzer3-12x12.png 12w, https:\/\/www.qualitester.com\/wp-content\/uploads\/2025\/12\/SPT-01-Soap-Texture-Analyzer3-600x600.png 600w, https:\/\/www.qualitester.com\/wp-content\/uploads\/2025\/12\/SPT-01-Soap-Texture-Analyzer3-100x100.png 100w, https:\/\/www.qualitester.com\/wp-content\/uploads\/2025\/12\/SPT-01-Soap-Texture-Analyzer3.png 950w\" sizes=\"(max-width: 227px) 100vw, 227px\" \/><\/a><\/p>\n<p data-start=\"5083\" data-end=\"5472\"><strong data-start=\"5135\" data-end=\"5179\">Los instrumentos celulares <a href=\"https:\/\/www.qualitester.com\/es\/producto\/sale-cheap-texture-analyser\/\">SPT-01 Analizador de la textura del jab\u00f3n <\/a><\/strong>es muy adecuado para la evaluaci\u00f3n de la dureza del jab\u00f3n y las aplicaciones de ensayo de textura y penetraci\u00f3n del jab\u00f3n basadas en la norma ASTM D1321. Ofrece una medici\u00f3n de fuerza estable, un control de velocidad flexible y un funcionamiento intuitivo, por lo que es ideal para laboratorios de control de calidad e I+D.<\/p>\n<p><strong>SPT-01 Analizador de la textura del jab\u00f3n<\/strong><\/p>\n<table style=\"height: 230px\" width=\"720\">\n<tbody>\n<tr>\n<td width=\"152\">Campo de pruebas<\/td>\n<td width=\"260\">\u00a0500N(u otros)<\/td>\n<\/tr>\n<tr>\n<td width=\"152\">Velocidad<\/td>\n<td width=\"260\">\u00a01-500 mm\/m (o seg\u00fan las necesidades)<\/td>\n<\/tr>\n<tr>\n<td width=\"152\">Resoluci\u00f3n<\/td>\n<td width=\"260\">0,5% FS<\/td>\n<\/tr>\n<tr>\n<td width=\"152\">Carrera (sin plantilla)<\/td>\n<td width=\"260\">250 mm<\/td>\n<\/tr>\n<tr>\n<td width=\"152\">Dimensi\u00f3n(mm, LWH)<\/td>\n<td width=\"260\">410*360*820<\/td>\n<\/tr>\n<tr>\n<td width=\"152\">Fuerza<\/td>\n<td width=\"260\">CA 110~ 220V<\/td>\n<\/tr>\n<\/tbody>\n<\/table>\n<p data-start=\"5474\" data-end=\"5639\">Al combinar una medici\u00f3n precisa de la fuerza con un manejo intuitivo, la SPT-01 ayuda a los fabricantes de jab\u00f3n a transformar las pruebas de textura en un proceso estandarizado y basado en datos.<\/p>\n<h2 class=\"elementor-heading-title elementor-size-default\">Por qu\u00e9 elegir el SPT-01 de Cell Instruments<\/h2>\n<p data-start=\"5058\" data-end=\"5199\">El SPT-01 permite realizar pruebas de textura de jab\u00f3n consistentes y repetibles, y puede adaptarse a los requisitos de pruebas personalizadas a medida que evolucionan las necesidades de producci\u00f3n.<\/p>\n<p data-start=\"5058\" data-end=\"5199\">Un profesional <strong data-start=\"5274\" data-end=\"5299\">analizador de la textura del jab\u00f3n<\/strong> permite a los fabricantes ir m\u00e1s all\u00e1 de la evaluaci\u00f3n subjetiva y establecer normas de calidad mensurables. Al combinar una instrumentaci\u00f3n fiable con referencias de ensayo reconocidas, Cell Instruments ayuda a los productores de jab\u00f3n a lograr un rendimiento uniforme, un mejor control de los productos y una mayor confianza de los clientes.<\/p>\n<hr data-start=\"6529\" data-end=\"6532\" \/>\n<h2 data-start=\"6534\" data-end=\"6542\">Preguntas frecuentes<\/h2>\n<p data-start=\"133\" data-end=\"329\"><strong data-start=\"133\" data-end=\"181\">1. \u00bfPara qu\u00e9 sirve un analizador de textura de jab\u00f3n?<\/strong><br data-start=\"181\" data-end=\"184\" \/>A <strong data-start=\"186\" data-end=\"211\">analizador de la textura del jab\u00f3n<\/strong> mide la <strong data-start=\"225\" data-end=\"245\">dureza del jab\u00f3n<\/strong>, firmeza y resistencia a la penetraci\u00f3n para garantizar una calidad y un rendimiento constantes.<\/p>\n<p data-start=\"331\" data-end=\"543\"><strong data-start=\"331\" data-end=\"382\">2. \u00bfQu\u00e9 es una prueba de textura y penetraci\u00f3n del jab\u00f3n?<\/strong><br data-start=\"382\" data-end=\"385\" \/>A <strong data-start=\"387\" data-end=\"424\">textura del jab\u00f3n y prueba de penetraci\u00f3n<\/strong> aplica una fuerza controlada a una muestra de jab\u00f3n y registra la deformaci\u00f3n, lo que ayuda a cuantificar la resistencia estructural y la utilidad.<\/p>\n<p data-start=\"545\" data-end=\"746\"><strong data-start=\"545\" data-end=\"594\">3. \u00bfC\u00f3mo se aplica la norma ASTM D1321 a los ensayos con jab\u00f3n?<\/strong><br data-start=\"594\" data-end=\"597\" \/><strong data-start=\"597\" data-end=\"611\">ASTM D1321<\/strong> proporciona un m\u00e9todo de ensayo de penetraci\u00f3n estandarizado que mejora la repetibilidad y la fiabilidad a la hora de evaluar la textura y la dureza del jab\u00f3n.<\/p>\n<p data-start=\"748\" data-end=\"929\"><strong data-start=\"748\" data-end=\"796\">4. \u00bfPor qu\u00e9 es importante medir la dureza del jab\u00f3n?<\/strong><br data-start=\"796\" data-end=\"799\" \/>El <strong data-start=\"803\" data-end=\"823\">dureza del jab\u00f3n<\/strong> afecta a la durabilidad, la velocidad de disoluci\u00f3n y la experiencia del consumidor, por lo que es un par\u00e1metro clave del control de calidad.<\/p>\n<p data-start=\"931\" data-end=\"1132\"><strong data-start=\"931\" data-end=\"995\">5. \u00bfQu\u00e9 tipos de jab\u00f3n pueden analizarse con un analizador de textura?<\/strong><br data-start=\"995\" data-end=\"998\" \/>Los analizadores de textura de jabones pueden analizar jabones en pastilla, jabones de glicerina, jabones medicinales y formulaciones especiales utilizadas en productos de cuidado personal.<\/p>","protected":false},"excerpt":{"rendered":"<ul>\n<li><strong>Est\u00e1ndar<\/strong>: ASTM D1321<\/li>\n<li><strong>Fabricante<\/strong>: Instrumentos celulares<\/li>\n<li><strong>Aplicaciones<\/strong>:Productos qu\u00edmicos diarios y mucho m\u00e1s.<\/li>\n<li><strong>Personalizaci\u00f3n<\/strong>: Disponible para requisitos de pruebas especiales y transformaciones de automatizaci\u00f3n<\/li>\n<\/ul>","protected":false},"featured_media":7786,"comment_status":"closed","ping_status":"closed","template":"","meta":{"site-sidebar-layout":"default","site-content-layout":"default","ast-global-header-display":"","ast-main-header-display":"","ast-hfb-above-header-display":"","ast-hfb-below-header-display":"","ast-hfb-mobile-header-display":"","site-post-title":"","ast-breadcrumbs-content":"","ast-featured-img":"","footer-sml-layout":"","theme-transparent-header-meta":"default","adv-header-id-meta":"","stick-header-meta":"","header-above-stick-meta":"","header-main-stick-meta":"","header-below-stick-meta":""},"product_cat":[845,1187,937,1185,1179,962,928,674,672,99],"product_tag":[],"class_list":{"0":"post-7769","1":"product","2":"type-product","3":"status-publish","4":"has-post-thumbnail","6":"product_cat-customization","7":"product_cat-astm-d1321","8":"product_cat-electronic-product-tester","9":"product_cat-iec-60404-13","10":"product_cat-needle-toughness-tester","11":"product_cat-thickness-gauges","12":"product_cat-tpa-texture-analyzer","13":"product_cat-test-items","14":"product_cat-applied-materials","15":"product_cat-astm","16":"desktop-align-left","17":"tablet-align-left","18":"mobile-align-left","20":"first","21":"instock","22":"shipping-taxable","23":"product-type-simple"},"_links":{"self":[{"href":"https:\/\/www.qualitester.com\/es\/wp-json\/wp\/v2\/product\/7769","targetHints":{"allow":["GET"]}}],"collection":[{"href":"https:\/\/www.qualitester.com\/es\/wp-json\/wp\/v2\/product"}],"about":[{"href":"https:\/\/www.qualitester.com\/es\/wp-json\/wp\/v2\/types\/product"}],"replies":[{"embeddable":true,"href":"https:\/\/www.qualitester.com\/es\/wp-json\/wp\/v2\/comments?post=7769"}],"version-history":[{"count":0,"href":"https:\/\/www.qualitester.com\/es\/wp-json\/wp\/v2\/product\/7769\/revisions"}],"wp:featuredmedia":[{"embeddable":true,"href":"https:\/\/www.qualitester.com\/es\/wp-json\/wp\/v2\/media\/7786"}],"wp:attachment":[{"href":"https:\/\/www.qualitester.com\/es\/wp-json\/wp\/v2\/media?parent=7769"}],"wp:term":[{"taxonomy":"product_cat","embeddable":true,"href":"https:\/\/www.qualitester.com\/es\/wp-json\/wp\/v2\/product_cat?post=7769"},{"taxonomy":"product_tag","embeddable":true,"href":"https:\/\/www.qualitester.com\/es\/wp-json\/wp\/v2\/product_tag?post=7769"}],"curies":[{"name":"wp","href":"https:\/\/api.w.org\/{rel}","templated":true}]}}