{"id":7508,"date":"2025-10-10T16:06:20","date_gmt":"2025-10-10T08:06:20","guid":{"rendered":"https:\/\/www.qualitester.com\/?post_type=product&#038;p=7508"},"modified":"2025-10-10T16:06:21","modified_gmt":"2025-10-10T08:06:21","slug":"tennis-ball-compression-tester","status":"publish","type":"product","link":"https:\/\/www.qualitester.com\/es\/producto\/tennis-ball-compression-tester\/","title":{"rendered":"TBCT-01 Medidor de compresi\u00f3n de pelotas de tenis"},"content":{"rendered":"<p data-start=\"459\" data-end=\"877\">En el mundo del tenis profesional y recreativo, <strong data-start=\"513\" data-end=\"533\">consistencia de la bola<\/strong> desempe\u00f1a un papel crucial para garantizar el juego limpio y el rendimiento de los deportistas. Para lograrlo, los fabricantes y los inspectores de calidad conf\u00edan en equipos de ensayo precisos como el <strong data-start=\"699\" data-end=\"733\">Medidor de compresi\u00f3n de pelotas de tenis<\/strong>. Este instrumento eval\u00faa cu\u00e1nto se deforma una pelota de tenis bajo una fuerza espec\u00edfica, reflejando su <strong data-start=\"831\" data-end=\"874\">elasticidad, resistencia y capacidad de juego<\/strong>.<\/p>\n<p data-start=\"879\" data-end=\"1156\">Seg\u00fan la <strong data-start=\"896\" data-end=\"937\">Federaci\u00f3n Internacional de Tenis (ITF)<\/strong> y <strong data-start=\"942\" data-end=\"955\">GBT 20045<\/strong>, la prueba de compresi\u00f3n es uno de los indicadores de calidad m\u00e1s esenciales para las pelotas de tenis. Una pelota demasiado blanda o demasiado dura puede afectar significativamente al juego y no cumple las normas de certificaci\u00f3n.<\/p>\n<hr data-start=\"1158\" data-end=\"1161\" \/>\n<h2 data-start=\"3930\" data-end=\"4003\">Cell Instruments TBCT-01 Medidor de compresi\u00f3n de pelotas de tenis<\/h2>\n<p data-start=\"4005\" data-end=\"4202\">Para los laboratorios y fabricantes que buscan una soluci\u00f3n profesional y conforme a las normas, el <strong data-start=\"4091\" data-end=\"4150\">Cell Instruments TBCT-01 Medidor de compresi\u00f3n de pelotas de tenis<\/strong> ofrece una plataforma de pruebas fiable y automatizada.<img fetchpriority=\"high\" decoding=\"async\" class=\"size-medium wp-image-7510 alignright\" src=\"https:\/\/www.qualitester.com\/wp-content\/uploads\/2025\/10\/TBCT-01-Tennis-Ball-Compression-Tester-300x300.jpg\" alt=\"TBCT-01 Medidor de compresi\u00f3n de pelotas de tenis\" width=\"300\" height=\"300\" srcset=\"https:\/\/www.qualitester.com\/wp-content\/uploads\/2025\/10\/TBCT-01-Tennis-Ball-Compression-Tester-300x300.jpg 300w, https:\/\/www.qualitester.com\/wp-content\/uploads\/2025\/10\/TBCT-01-Tennis-Ball-Compression-Tester-150x150.jpg 150w, https:\/\/www.qualitester.com\/wp-content\/uploads\/2025\/10\/TBCT-01-Tennis-Ball-Compression-Tester-12x12.jpg 12w, https:\/\/www.qualitester.com\/wp-content\/uploads\/2025\/10\/TBCT-01-Tennis-Ball-Compression-Tester-100x100.jpg 100w, https:\/\/www.qualitester.com\/wp-content\/uploads\/2025\/10\/TBCT-01-Tennis-Ball-Compression-Tester.jpg 600w\" sizes=\"(max-width: 300px) 100vw, 300px\" \/><\/p>\n<p data-start=\"4204\" data-end=\"4233\"><strong data-start=\"4204\" data-end=\"4231\">Entre sus principales ventajas figuran:<\/strong><\/p>\n<ul>\n<li data-start=\"4236\" data-end=\"4298\"><strong data-start=\"4236\" data-end=\"4255\">Pleno cumplimiento<\/strong> con <strong data-start=\"4261\" data-end=\"4274\">GBT 20045<\/strong> y <strong data-start=\"4279\" data-end=\"4295\">ITF TB 03\/01<\/strong>.<\/li>\n<li data-start=\"4301\" data-end=\"4364\"><strong data-start=\"4301\" data-end=\"4333\">Sensores de fuerza de alta precisi\u00f3n<\/strong> para medir la deformaci\u00f3n.<\/li>\n<li data-start=\"4367\" data-end=\"4459\"><strong data-start=\"4367\" data-end=\"4403\">Interfaz de software f\u00e1cil de usar<\/strong> para la adquisici\u00f3n autom\u00e1tica de datos y la generaci\u00f3n de informes.<\/li>\n<li data-start=\"4462\" data-end=\"4537\"><strong data-start=\"4462\" data-end=\"4500\">Control coherente de la precompresi\u00f3n<\/strong>, eliminando la variabilidad del operador.<\/li>\n<li data-start=\"4540\" data-end=\"4611\"><strong data-start=\"4540\" data-end=\"4558\">Dise\u00f1o duradero<\/strong> adecuado para uso continuo en laboratorio o f\u00e1brica.<\/li>\n<\/ul>\n<p><strong>Par\u00e1metro principal:<\/strong><\/p>\n<table style=\"height: 396px;\" width=\"361\">\n<tbody>\n<tr>\n<td width=\"167\">Campo de pruebas<\/td>\n<td width=\"337\">20 kg<\/td>\n<\/tr>\n<tr>\n<td width=\"167\">Ataque<\/td>\n<td width=\"337\">250 mm (sin placas)<\/td>\n<\/tr>\n<tr>\n<td width=\"167\">Velocidad<\/td>\n<td width=\"337\">1-500 mm\/min (ajustable)<\/td>\n<\/tr>\n<tr>\n<td width=\"167\">Precisi\u00f3n de desplazamiento<\/td>\n<td width=\"337\">+\/-0,01 mm<\/td>\n<\/tr>\n<tr>\n<td width=\"167\">Precisi\u00f3n de fuerza<\/td>\n<td width=\"337\">\u00b10,5 % F.S.<\/td>\n<\/tr>\n<tr>\n<td width=\"167\">Di\u00e1metro de la placa<\/td>\n<td width=\"337\">70 mm (hasta 100 mm)<\/td>\n<\/tr>\n<tr>\n<td width=\"167\">Control e interfaz de usuario<\/td>\n<td width=\"337\">PLC + pantalla t\u00e1ctil HMI de 7<\/td>\n<\/tr>\n<tr>\n<td width=\"167\">Salida de datos<\/td>\n<td width=\"337\">Pantalla, microimpresora (opc.), RS-232 (opc.,exportaci\u00f3n PDF)<\/td>\n<\/tr>\n<tr>\n<td width=\"167\">Fuerza<\/td>\n<td width=\"337\">CA 110 ~ 220 V 50\/60 Hz<\/td>\n<\/tr>\n<\/tbody>\n<\/table>\n<p data-start=\"4613\" data-end=\"4810\">Al integrar el TBCT-01 en los procesos de producci\u00f3n o inspecci\u00f3n, los usuarios pueden garantizar que cada bola cumple <strong data-start=\"4715\" data-end=\"4754\">normas internacionales de jugabilidad<\/strong>, mejorando la fiabilidad del producto y la credibilidad de la marca.<\/p>\n<hr data-start=\"4812\" data-end=\"4815\" \/>\n<h2 data-start=\"1163\" data-end=\"1217\">Importancia del medidor de compresi\u00f3n de pelotas de tenis<\/h2>\n<p data-start=\"1219\" data-end=\"1516\">A <strong data-start=\"1221\" data-end=\"1255\">Medidor de compresi\u00f3n de pelotas de tenis<\/strong> garantiza que cada bola cumpla las especificaciones est\u00e1ndar de deformaci\u00f3n en condiciones controladas. La deformaci\u00f3n refleja el equilibrio entre la presi\u00f3n interna y la elasticidad del caucho, que afecta directamente a <strong data-start=\"1464\" data-end=\"1501\">velocidad, altura de rebote y control<\/strong> durante el juego.<\/p>\n<p data-start=\"1518\" data-end=\"1914\">Por ejemplo, los torneos profesionales de tenis s\u00f3lo aceptan pelotas que superen el <strong data-start=\"1596\" data-end=\"1619\">Reglamento de Tenis de la ITF<\/strong> para la compresi\u00f3n y el rebote. Las pelotas no conformes pueden alterar la velocidad de los peloteos o crear ventajas injustas en la pista. Por lo tanto, la realizaci\u00f3n de pruebas precisas es esencial no s\u00f3lo para los fabricantes, sino tambi\u00e9n para <strong data-start=\"1818\" data-end=\"1872\">organizadores de torneos, organismos de inspecci\u00f3n de la calidad<\/strong>, y <strong data-start=\"1878\" data-end=\"1911\">laboratorios de material deportivo<\/strong>.<\/p>\n<hr data-start=\"1916\" data-end=\"1919\" \/>\n<h2 data-start=\"1921\" data-end=\"1958\">Principio y procedimiento de las pruebas<\/h2>\n<p data-start=\"1960\" data-end=\"2144\">El principio de las pruebas se deriva del <strong data-start=\"2002\" data-end=\"2042\">M\u00e9todo de ensayo de deformaci\u00f3n ITF TB 03\/01<\/strong>, tambi\u00e9n especificado en <strong data-start=\"2062\" data-end=\"2075\">GBT 20045<\/strong>, que define el proceso de compresi\u00f3n mec\u00e1nica de las pelotas de tenis.<\/p>\n<p data-start=\"2146\" data-end=\"2392\">Antes de la medici\u00f3n, el bal\u00f3n se <strong data-start=\"2178\" data-end=\"2196\">precomprimido<\/strong> a trav\u00e9s de una distancia de <strong data-start=\"2219\" data-end=\"2239\">2,54 cm (1 pulgada)<\/strong> tres veces a lo largo de cada uno de los tres ejes perpendiculares. Este proceso de preacondicionamiento elimina el \u201cjuego\u201d de la bola y garantiza unos resultados de ensayo uniformes.<\/p>\n<p data-start=\"2394\" data-end=\"2430\">Una vez finalizado el preacondicionamiento:<\/p>\n<ol>\n<li data-start=\"2435\" data-end=\"2515\">La pelota se coloca entre <strong data-start=\"2462\" data-end=\"2486\">dos pletinas paralelas<\/strong> del comprobador de compresi\u00f3n.<\/li>\n<li data-start=\"2519\" data-end=\"2589\">A <strong data-start=\"2521\" data-end=\"2544\">fuerza predeterminada<\/strong> se aplica a lo largo del di\u00e1metro de la bola.<\/li>\n<li data-start=\"2593\" data-end=\"2668\">El resultado <strong data-start=\"2607\" data-end=\"2641\">deformaci\u00f3n hacia delante y hacia atr\u00e1s<\/strong> se miden con precisi\u00f3n.<\/li>\n<li data-start=\"2672\" data-end=\"2746\">Los valores se comparan con los rangos est\u00e1ndar definidos por ITF y GBT 20045.<\/li>\n<\/ol>\n<p data-start=\"2748\" data-end=\"2908\">Para poder ser utilizada en torneos, una pelota tambi\u00e9n debe atravesar o estar restringida por <strong data-start=\"2829\" data-end=\"2853\">calibres de anillos espec\u00edficos<\/strong> bajo su propio peso, garantizando la precisi\u00f3n dimensional:<\/p>\n<ul>\n<li data-start=\"2912\" data-end=\"2985\"><strong data-start=\"2912\" data-end=\"2932\">Tipo de bola 1 y 2:<\/strong> Debe pasar por 6,86 cm y no por 6,54 cm.<\/li>\n<li data-start=\"2988\" data-end=\"3057\"><strong data-start=\"2988\" data-end=\"3004\">Tipo de bola 3:<\/strong> Debe pasar por 7,30 cm y no por 7,00 cm.<\/li>\n<li data-start=\"3060\" data-end=\"3138\"><strong data-start=\"3060\" data-end=\"3085\">Etapa 1 (Bola Verde):<\/strong> Debe pasar por 6,86 cm y no por 6,30 cm.<\/li>\n<\/ul>\n<p data-start=\"3140\" data-end=\"3247\">Estas tolerancias precisas garantizan unas propiedades de di\u00e1metro y deformaci\u00f3n constantes en todos los lotes de producci\u00f3n.<\/p>\n<hr data-start=\"3249\" data-end=\"3252\" \/>\n<h2 data-start=\"3254\" data-end=\"3295\">Relaci\u00f3n con las reglas de la ITF y GBT 20045<\/h2>\n<p data-start=\"3297\" data-end=\"3524\">Tanto el <strong data-start=\"3306\" data-end=\"3329\">Reglamento de Tenis de la ITF<\/strong> y <strong data-start=\"3334\" data-end=\"3347\">GBT 20045<\/strong> subrayar que la deformaci\u00f3n de la bola debe probarse utilizando un dispositivo de compresi\u00f3n homologado, como un <strong data-start=\"3442\" data-end=\"3470\">M\u00e1quina Stevens modificada<\/strong> o equivalente. El probador de compresi\u00f3n debe tener:<\/p>\n<ul>\n<li data-start=\"3528\" data-end=\"3585\">Dos <strong data-start=\"3532\" data-end=\"3553\">pletinas id\u00e9nticas<\/strong> alineados axialmente y paralelos.<\/li>\n<li data-start=\"3588\" data-end=\"3671\">A <strong data-start=\"3590\" data-end=\"3616\">dispositivo de medici\u00f3n de la fuerza<\/strong> capaz de registrar la deformaci\u00f3n bajo carga aplicada.<\/li>\n<li data-start=\"3674\" data-end=\"3744\">Una estructura r\u00edgida y calibrada que garantiza la repetibilidad de las mediciones.<\/li>\n<\/ul>\n<p data-start=\"3746\" data-end=\"3923\">El <strong data-start=\"3750\" data-end=\"3784\">Comprobador de deformaci\u00f3n de pelotas de tenis<\/strong> basado en estos principios proporciona datos precisos y reproducibles, cruciales para verificar la conformidad de las bolas con <strong data-start=\"3891\" data-end=\"3920\">Requisitos de homologaci\u00f3n ITF<\/strong>.<\/p>\n<hr data-start=\"3925\" data-end=\"3928\" \/>\n<h2 data-start=\"4817\" data-end=\"4854\">Por qu\u00e9 son importantes las pruebas de compresi\u00f3n<\/h2>\n<p data-start=\"4856\" data-end=\"5149\">Las pruebas de compresi\u00f3n proporcionan datos objetivos sobre la <strong data-start=\"4907\" data-end=\"4928\">tacto y respuesta<\/strong> de una pelota de tenis. Demasiada deformaci\u00f3n significa que la pelota est\u00e1 <strong data-start=\"4986\" data-end=\"4998\">demasiado blando<\/strong>, lo que conlleva una menor velocidad y un menor rebote. Una deformaci\u00f3n demasiado peque\u00f1a indica <strong data-start=\"5075\" data-end=\"5092\">sobredureza<\/strong>, which can increase player fatigue and reduce control.<\/p>\n<p data-start=\"5151\" data-end=\"5446\">Through the <strong data-start=\"5163\" data-end=\"5197\">Medidor de compresi\u00f3n de pelotas de tenis<\/strong>, these subtle variations can be quantified and corrected early in production. This testing approach helps manufacturers maintain a stable performance profile across batches\u2014an essential requirement for ITF certification and customer satisfaction.<\/p>\n<hr data-start=\"5448\" data-end=\"5451\" \/>\n<p data-start=\"5471\" data-end=\"5769\">El <strong data-start=\"5475\" data-end=\"5509\">Medidor de compresi\u00f3n de pelotas de tenis<\/strong> is indispensable for ensuring the structural integrity and performance uniformity of tennis balls. By adhering to <strong data-start=\"5624\" data-end=\"5647\">Reglamento de Tenis de la ITF<\/strong> y <strong data-start=\"5652\" data-end=\"5665\">GBT 20045<\/strong>, manufacturers can confidently produce balls that meet international standards for professional play.<\/p>\n<p data-start=\"5771\" data-end=\"5961\">For organizations seeking dependable, accurate, and compliant testing solutions, the <strong data-start=\"5856\" data-end=\"5884\">Cell Instruments TBCT-01<\/strong> provides an ideal choice\u2014balancing precision, efficiency, and reliability.<\/p>","protected":false},"excerpt":{"rendered":"<p>En el mundo del tenis profesional y recreativo, la consistencia de la pelota desempe\u00f1a un papel crucial para garantizar el juego limpio y el rendimiento de los atletas. Para lograrlo, los fabricantes y los inspectores de calidad conf\u00edan en equipos de ensayo precisos como el Medidor de compresi\u00f3n de pelotas de tenis. Este instrumento eval\u00faa cu\u00e1nto se deforma una pelota de tenis bajo una fuerza espec\u00edfica, reflejando su elasticidad, ...<\/p>\n<p class=\"read-more\"> <a class=\"\" href=\"https:\/\/www.qualitester.com\/es\/producto\/tennis-ball-compression-tester\/\"> <span class=\"screen-reader-text\">TBCT-01 Medidor de compresi\u00f3n de pelotas de tenis<\/span> Leer m\u00e1s \"<\/a><\/p>","protected":false},"featured_media":7510,"comment_status":"closed","ping_status":"closed","template":"","meta":{"site-sidebar-layout":"default","site-content-layout":"default","ast-global-header-display":"","ast-main-header-display":"","ast-hfb-above-header-display":"","ast-hfb-below-header-display":"","ast-hfb-mobile-header-display":"","site-post-title":"","ast-breadcrumbs-content":"","ast-featured-img":"","footer-sml-layout":"","theme-transparent-header-meta":"default","adv-header-id-meta":"","stick-header-meta":"","header-above-stick-meta":"","header-main-stick-meta":"","header-below-stick-meta":""},"product_cat":[1186],"product_tag":[],"class_list":{"0":"post-7508","1":"product","2":"type-product","3":"status-publish","4":"has-post-thumbnail","6":"product_cat-compression-tester","7":"desktop-align-left","8":"tablet-align-left","9":"mobile-align-left","11":"first","12":"instock","13":"shipping-taxable","14":"product-type-simple"},"_links":{"self":[{"href":"https:\/\/www.qualitester.com\/es\/wp-json\/wp\/v2\/product\/7508","targetHints":{"allow":["GET"]}}],"collection":[{"href":"https:\/\/www.qualitester.com\/es\/wp-json\/wp\/v2\/product"}],"about":[{"href":"https:\/\/www.qualitester.com\/es\/wp-json\/wp\/v2\/types\/product"}],"replies":[{"embeddable":true,"href":"https:\/\/www.qualitester.com\/es\/wp-json\/wp\/v2\/comments?post=7508"}],"version-history":[{"count":0,"href":"https:\/\/www.qualitester.com\/es\/wp-json\/wp\/v2\/product\/7508\/revisions"}],"wp:featuredmedia":[{"embeddable":true,"href":"https:\/\/www.qualitester.com\/es\/wp-json\/wp\/v2\/media\/7510"}],"wp:attachment":[{"href":"https:\/\/www.qualitester.com\/es\/wp-json\/wp\/v2\/media?parent=7508"}],"wp:term":[{"taxonomy":"product_cat","embeddable":true,"href":"https:\/\/www.qualitester.com\/es\/wp-json\/wp\/v2\/product_cat?post=7508"},{"taxonomy":"product_tag","embeddable":true,"href":"https:\/\/www.qualitester.com\/es\/wp-json\/wp\/v2\/product_tag?post=7508"}],"curies":[{"name":"wp","href":"https:\/\/api.w.org\/{rel}","templated":true}]}}