{"id":6887,"date":"2025-07-14T16:04:43","date_gmt":"2025-07-14T08:04:43","guid":{"rendered":"https:\/\/www.qualitester.com\/?post_type=product&#038;p=6887"},"modified":"2025-07-14T16:04:44","modified_gmt":"2025-07-14T08:04:44","slug":"lamination-factor-tester","status":"publish","type":"product","link":"https:\/\/www.qualitester.com\/es\/producto\/lamination-factor-tester\/","title":{"rendered":"FTT-02 Comprobador del factor de laminaci\u00f3n"},"content":{"rendered":"<p data-start=\"898\" data-end=\"1494\">En la fabricaci\u00f3n de materiales magn\u00e9ticos como el acero el\u00e9ctrico y las bandas amorfas, <strong data-start=\"985\" data-end=\"1006\">factor de laminaci\u00f3n<\/strong> desempe\u00f1a un papel vital en la determinaci\u00f3n de la calidad del material. Afecta a la eficiencia de motores, transformadores y otros componentes electromagn\u00e9ticos. Para evaluar este par\u00e1metro cr\u00edtico, se <strong data-start=\"1185\" data-end=\"1213\">comprobador del factor de laminaci\u00f3n<\/strong> ofrece un m\u00e9todo de medici\u00f3n preciso y normalizado.<\/p>\n<h2 data-start=\"1501\" data-end=\"1555\">\u00bfQu\u00e9 es el factor de laminaci\u00f3n y por qu\u00e9 es importante?<\/h2>\n<p data-start=\"1557\" data-end=\"1870\"><strong data-start=\"1557\" data-end=\"1578\">Factor de laminaci\u00f3n<\/strong>-tambi\u00e9n conocido como <strong data-start=\"1593\" data-end=\"1623\">factor de apilamiento por laminaci\u00f3n<\/strong> o <strong data-start=\"1627\" data-end=\"1643\">factor espacio<\/strong>-es la relaci\u00f3n entre el volumen met\u00e1lico real y el volumen aparente de un conjunto apilado de tiras met\u00e1licas. Cuantifica la eficiencia con la que se empaqueta el material, teniendo en cuenta los efectos de la rugosidad de la superficie, los revestimientos y los huecos entre capas.<\/p>\n<p data-start=\"1872\" data-end=\"2095\">En las aplicaciones de n\u00facleos magn\u00e9ticos, un factor de laminaci\u00f3n elevado minimiza las p\u00e9rdidas de energ\u00eda y mejora el rendimiento. Por lo tanto, es un par\u00e1metro cr\u00edtico para garantizar la calidad en la <strong data-start=\"2045\" data-end=\"2094\">industrias el\u00e9ctrica, electr\u00f3nica y del motor<\/strong>.<\/p>\n<h2 data-start=\"2102\" data-end=\"2153\">Principio de funcionamiento de un comprobador del factor de laminaci\u00f3n<\/h2>\n<p data-start=\"2155\" data-end=\"2349\">A <strong data-start=\"2157\" data-end=\"2185\">comprobador del factor de laminaci\u00f3n<\/strong> determina la eficacia de apilamiento comparando el volumen de apilamiento medido bajo presi\u00f3n con el volumen s\u00f3lido calculado en funci\u00f3n de la masa y la densidad del material.<\/p>\n<p data-start=\"2351\" data-end=\"2378\"><strong data-start=\"2351\" data-end=\"2378\">Los pasos clave de la prueba incluyen:<\/strong><\/p>\n<ul>\n<li data-start=\"2382\" data-end=\"2433\">Cortar el material magn\u00e9tico en tiras uniformes<\/li>\n<li data-start=\"2436\" data-end=\"2470\">Apilar las tiras alineadas<\/li>\n<li data-start=\"2473\" data-end=\"2520\">Aplicar una presi\u00f3n est\u00e1ndar con el comprobador<\/li>\n<li data-start=\"2523\" data-end=\"2562\">Medici\u00f3n de la altura de la pila comprimida<\/li>\n<li data-start=\"2565\" data-end=\"2619\">C\u00e1lculo del factor de laminaci\u00f3n mediante la f\u00f3rmula:<\/li>\n<\/ul>\n<blockquote data-start=\"2622\" data-end=\"2862\">\n<p data-start=\"2624\" data-end=\"2862\"><strong data-start=\"2624\" data-end=\"2655\">S = m \/ (l - w - \u03b4 - h - k)<\/strong><br data-start=\"2655\" data-end=\"2658\" \/><em data-start=\"2662\" data-end=\"2670\">D\u00f3nde:<\/em><br data-start=\"2670\" data-end=\"2673\" \/><em data-start=\"2677\" data-end=\"2680\">S<\/em> = factor de laminaci\u00f3n (%)<br data-start=\"2704\" data-end=\"2707\" \/><em data-start=\"2711\" data-end=\"2714\">m<\/em> = masa de la pila<br data-start=\"2734\" data-end=\"2737\" \/><em data-start=\"2741\" data-end=\"2747\">l, w<\/em> = longitud y anchura<br data-start=\"2766\" data-end=\"2769\" \/><em data-start=\"2773\" data-end=\"2776\">\u03b4<\/em> = densidad del material<br data-start=\"2795\" data-end=\"2798\" \/><em data-start=\"2802\" data-end=\"2805\">h<\/em> = altura comprimida<br data-start=\"2825\" data-end=\"2828\" \/><em data-start=\"2832\" data-end=\"2835\">k<\/em> = constante de conversi\u00f3n de unidades<\/p>\n<\/blockquote>\n<p data-start=\"2864\" data-end=\"2978\">El proceso requiere una gran precisi\u00f3n de medici\u00f3n para reflejar las peque\u00f1as variaciones que podr\u00edan afectar al factor de apilamiento.<\/p>\n<h2 data-start=\"2985\" data-end=\"3038\">Normas de referencia en las pruebas del factor de laminaci\u00f3n<\/h2>\n<p data-start=\"3040\" data-end=\"3181\">Garantizar el cumplimiento y la coherencia a escala mundial, <strong data-start=\"3085\" data-end=\"3114\">comprobadores del factor de laminaci\u00f3n<\/strong> deben ajustarse a normas reconocidas. Entre las m\u00e1s referenciadas figuran:<\/p>\n<h3 data-start=\"3183\" data-end=\"3217\"><a href=\"https:\/\/www.qualitester.com\/es\/standards\/astm-a719\/\" target=\"_blank\" rel=\"noopener\">ASTM A719<\/a> - Materiales magn\u00e9ticos<\/h3>\n<p data-start=\"3219\" data-end=\"3436\">Define el <strong data-start=\"3231\" data-end=\"3250\">m\u00e9todo est\u00e1ndar<\/strong> para medir el factor de laminaci\u00f3n en materiales ferromagn\u00e9ticos. Hace hincapi\u00e9 en la presi\u00f3n uniforme (normalmente 50 psi), la medici\u00f3n precisa de la altura de la pila y los c\u00e1lculos correctos de masa a volumen.<\/p>\n<h3 data-start=\"3438\" data-end=\"3479\">ASTM A900 - Bandas magn\u00e9ticas amorfas<\/h3>\n<p data-start=\"3481\" data-end=\"3668\">Especialmente desarrollado para <strong data-start=\"3505\" data-end=\"3540\">bandas magn\u00e9ticas delgadas y amorfas<\/strong>Este m\u00e9todo requiere dispositivos de alineaci\u00f3n, mediciones microm\u00e9tricas y un apilamiento cuidadoso debido a la sensibilidad del material.<\/p>\n<h3 data-start=\"3670\" data-end=\"3716\">ASTM A683 - Acero el\u00e9ctrico semielaborado<\/h3>\n<p data-start=\"3718\" data-end=\"3903\">Se refiere a la <strong data-start=\"3732\" data-end=\"3752\">uso de ASTM A719<\/strong> como m\u00e9todo de ensayo designado. Destaca que un factor de laminaci\u00f3n m\u00e1s alto indica mejor calidad, sobre todo en materiales m\u00e1s lisos y gruesos.<\/p>\n<h3 data-start=\"3905\" data-end=\"3956\">IEC 60404-13 - Norma mundial del acero el\u00e9ctrico<\/h3>\n<p data-start=\"3958\" data-end=\"4167\">Proporciona <strong data-start=\"3967\" data-end=\"3995\">directrices internacionales<\/strong> para la medici\u00f3n del factor de apilamiento en todos los tipos de acero el\u00e9ctrico. Requiere un pesaje exacto, precisi\u00f3n dimensional y aplicaci\u00f3n de presi\u00f3n de <strong data-start=\"4145\" data-end=\"4166\">1,00 \u00b1 0,05 N\/mm\u00b2.<\/strong>.<\/p>\n<h2 data-start=\"4174\" data-end=\"4245\">Presentaci\u00f3n del comprobador del factor de laminaci\u00f3n FTT-02 de Cell Instruments<\/h2>\n<p data-start=\"4247\" data-end=\"4437\">Para laboratorios y entornos de producci\u00f3n que requieren pruebas fiables del factor de laminaci\u00f3n, el <strong data-start=\"4342\" data-end=\"4377\">FTT-02 Comprobador del factor de laminaci\u00f3n<\/strong> de <strong data-start=\"4383\" data-end=\"4403\">Instrumentos celulares<\/strong> es una soluci\u00f3n profesional.<\/p>\n<h3>Caracter\u00edsticas principales:<\/h3>\n<ul>\n<li data-start=\"4459\" data-end=\"4498\"><strong data-start=\"4459\" data-end=\"4474\">Alcance de la prueba:<\/strong> 0-2 mm (personalizable)<\/li>\n<li data-start=\"4501\" data-end=\"4563\"><strong data-start=\"4501\" data-end=\"4516\">Resoluci\u00f3n:<\/strong> 0,1 \u03bcm para mediciones precisas de la altura de la pila<\/li>\n<li data-start=\"4566\" data-end=\"4625\"><strong data-start=\"4566\" data-end=\"4584\">Presi\u00f3n de prueba:<\/strong> 50 \u00b1 0,5 kPa (est\u00e1ndar, seg\u00fan ASTM A719)<\/li>\n<li data-start=\"4628\" data-end=\"4692\"><strong data-start=\"4628\" data-end=\"4646\">Tama\u00f1o del penetrador:<\/strong> \u00d814-17 mm (ajustable seg\u00fan el tipo de muestra)<\/li>\n<li data-start=\"4695\" data-end=\"4766\"><strong data-start=\"4695\" data-end=\"4714\">Dise\u00f1o compacto:<\/strong> 461 \u00d7 334 \u00d7 357 mm, adecuado para diversas configuraciones de laboratorio<\/li>\n<\/ul>\n<p data-start=\"4768\" data-end=\"4944\">El FTT-02 est\u00e1 dise\u00f1ado para <strong data-start=\"4797\" data-end=\"4824\">f\u00e1cil alineaci\u00f3n de las muestras<\/strong>, <strong data-start=\"4826\" data-end=\"4858\">medici\u00f3n autom\u00e1tica de la altura<\/strong>, y <strong data-start=\"4864\" data-end=\"4891\">control estable de la presi\u00f3n<\/strong>, garantizando unos resultados del factor de laminaci\u00f3n de gran precisi\u00f3n.<\/p>\n<h3 data-start=\"4946\" data-end=\"4971\">Materiales aplicables:<\/h3>\n<ul>\n<li data-start=\"4974\" data-end=\"5028\"><strong data-start=\"4974\" data-end=\"5026\">Aceros el\u00e9ctricos no orientados y de grano orientado<\/strong><\/li>\n<li data-start=\"5031\" data-end=\"5082\"><strong data-start=\"5031\" data-end=\"5080\">Bandas magn\u00e9ticas amorfas y nanocristalinas<\/strong><\/li>\n<li data-start=\"5085\" data-end=\"5141\"><strong data-start=\"5085\" data-end=\"5141\">Materiales el\u00e9ctricos de revestimiento fino utilizados en n\u00facleos de motores<\/strong><\/li>\n<\/ul>\n<p data-start=\"5143\" data-end=\"5256\">Al seguir los procedimientos de ensayo de ASTM e IEC, el FTT-02 minimiza el error humano y mejora la repetibilidad de los resultados.<\/p>\n<h2 data-start=\"5263\" data-end=\"5321\">Aplicaciones y ventajas de las pruebas del factor de laminaci\u00f3n<\/h2>\n<p data-start=\"5323\" data-end=\"5366\">La prueba del factor de laminaci\u00f3n es esencial en:<\/p>\n<ul>\n<li data-start=\"5370\" data-end=\"5413\"><strong data-start=\"5370\" data-end=\"5411\">Producci\u00f3n de n\u00facleos de transformadores y motores<\/strong><\/li>\n<li data-start=\"5416\" data-end=\"5455\"><strong data-start=\"5416\" data-end=\"5453\">Control de calidad del material magn\u00e9tico<\/strong><\/li>\n<li data-start=\"5458\" data-end=\"5507\"><strong data-start=\"5458\" data-end=\"5505\">Laboratorios de I+D que eval\u00faan nuevas aleaciones y revestimientos<\/strong><\/li>\n<li data-start=\"5510\" data-end=\"5579\"><strong data-start=\"5510\" data-end=\"5579\">Evaluaci\u00f3n de la conformidad para env\u00edos internacionales o certificaci\u00f3n<\/strong><\/li>\n<\/ul>\n<h3 data-start=\"5581\" data-end=\"5598\">Beneficios clave:<\/h3>\n<ul>\n<li>Detecta huecos, rugosidades y efectos de revestimiento<\/li>\n<li>Garantiza la calidad y la coherencia del material<\/li>\n<li>Ayuda a optimizar el dise\u00f1o de la laminaci\u00f3n y los par\u00e1metros del proceso<\/li>\n<li>Apoya el cumplimiento de <strong data-start=\"5781\" data-end=\"5794\">ASTM A719<\/strong>, <strong data-start=\"5796\" data-end=\"5804\">A900<\/strong>, y <strong data-start=\"5810\" data-end=\"5826\">IEC 60404-13<\/strong><\/li>\n<\/ul>\n<p data-start=\"5849\" data-end=\"6157\">Comprender y controlar la <strong data-start=\"5883\" data-end=\"5904\">factor de laminaci\u00f3n<\/strong> de los materiales magn\u00e9ticos es crucial para el dise\u00f1o y la fabricaci\u00f3n de productos energ\u00e9ticamente eficientes. La medici\u00f3n exacta requiere equipos de precisi\u00f3n que cumplan normas internacionales como <strong data-start=\"6091\" data-end=\"6104\">ASTM A719<\/strong>, <strong data-start=\"6106\" data-end=\"6119\">ASTM A900<\/strong>, <strong data-start=\"6121\" data-end=\"6134\">ASTM A683<\/strong>, y <strong data-start=\"6140\" data-end=\"6156\">IEC 60404-13<\/strong>.<\/p>\n<p data-start=\"6159\" data-end=\"6527\">El <strong data-start=\"6163\" data-end=\"6198\">FTT-02 Comprobador del factor de laminaci\u00f3n<\/strong> por <strong data-start=\"6202\" data-end=\"6222\">Instrumentos celulares<\/strong> ofrece una precisi\u00f3n l\u00edder en el sector, un funcionamiento sencillo y el pleno cumplimiento de los protocolos de ensayo mundiales. Tanto si es ingeniero de materiales, responsable de control de calidad o fabricante de componentes magn\u00e9ticos, este instrumento garantiza que los resultados de su factor de laminaci\u00f3n sean <strong data-start=\"6485\" data-end=\"6526\">fiable, trazable y profesional<\/strong>.<\/p>\n<hr data-start=\"6529\" data-end=\"6532\" \/>\n<h2 data-start=\"6534\" data-end=\"6542\">Preguntas frecuentes<\/h2>\n<p data-start=\"6544\" data-end=\"6758\"><strong data-start=\"6544\" data-end=\"6601\">1. \u00bfPara qu\u00e9 sirve un comprobador del factor de laminaci\u00f3n?<\/strong><br data-start=\"6601\" data-end=\"6604\" \/>Determina la eficacia con la que se apilan las bandas magn\u00e9ticas calculando la relaci\u00f3n entre el volumen de metal s\u00f3lido y el volumen total, lo que indica la calidad del material.<\/p>\n<p data-start=\"6760\" data-end=\"6960\"><strong data-start=\"6760\" data-end=\"6832\">2. \u00bfQu\u00e9 normas deben seguirse para el ensayo del factor de laminaci\u00f3n?<\/strong><br data-start=\"6832\" data-end=\"6835\" \/>Entre las normas pertinentes figuran <a href=\"https:\/\/www.astm.org\/a0719_a0719m-14r19.html\" target=\"_blank\" rel=\"noopener nofollow\"><strong data-start=\"6862\" data-end=\"6875\">ASTM A719<\/strong><\/a>, <a href=\"https:\/\/www.astm.org\/a0900_a0900m-01r18.html\" target=\"_blank\" rel=\"noopener nofollow\"><strong data-start=\"6877\" data-end=\"6890\">ASTM A900<\/strong><\/a>, <a href=\"https:\/\/www.astm.org\/a0683-16.html\" target=\"_blank\" rel=\"noopener nofollow\"><strong data-start=\"6892\" data-end=\"6905\">ASTM A683<\/strong><\/a>, y <strong data-start=\"6911\" data-end=\"6927\">IEC 60404-13<\/strong>seg\u00fan el tipo de material.<\/p>\n<p data-start=\"6962\" data-end=\"7176\"><strong data-start=\"6962\" data-end=\"7018\">3. \u00bfSe puede utilizar el FTT-02 para tiras finas amorfas?<\/strong><br data-start=\"7018\" data-end=\"7021\" \/>S\u00ed, el FTT-02 admite diversos materiales, entre ellos <strong data-start=\"7074\" data-end=\"7108\">bandas magn\u00e9ticas amorfas delgadas<\/strong>gracias a su presi\u00f3n ajustable y su medici\u00f3n de alta resoluci\u00f3n.<\/p>\n<p data-start=\"7178\" data-end=\"7342\"><strong data-start=\"7178\" data-end=\"7227\">4. \u00bfQu\u00e9 factores afectan al factor de laminaci\u00f3n?<\/strong><br data-start=\"7227\" data-end=\"7230\" \/>Los revestimientos superficiales, la rugosidad del material, las capas de \u00f3xido y los espacios de aire entre bandas pueden reducir el factor de laminaci\u00f3n.<\/p>\n<p data-start=\"7344\" data-end=\"7555\"><strong data-start=\"7344\" data-end=\"7408\">5. \u00bfC\u00f3mo influye el factor de laminaci\u00f3n en el rendimiento el\u00e9ctrico?<\/strong><br data-start=\"7408\" data-end=\"7411\" \/>Un mayor factor de laminaci\u00f3n significa un mejor acoplamiento magn\u00e9tico y una menor p\u00e9rdida de energ\u00eda, lo que mejora la eficiencia de motores, transformadores e inductores.<\/p>","protected":false},"excerpt":{"rendered":"<p>In the manufacturing of magnetic materials like electrical steel and amorphous strips, lamination factor plays a vital role in determining material quality. It affects the efficiency of motors, transformers, and other electromagnetic components. To assess this critical parameter, a lamination factor tester offers a precise, standardized method for measurement. What Is Lamination Factor and Why &hellip;<\/p>\n<p class=\"read-more\"> <a class=\"\" href=\"https:\/\/www.qualitester.com\/es\/producto\/lamination-factor-tester\/\"> <span class=\"screen-reader-text\">FTT-02 Comprobador del factor de laminaci\u00f3n<\/span> Leer m\u00e1s \"<\/a><\/p>","protected":false},"featured_media":6912,"comment_status":"closed","ping_status":"closed","template":"","meta":{"site-sidebar-layout":"default","site-content-layout":"default","ast-global-header-display":"","ast-main-header-display":"","ast-hfb-above-header-display":"","ast-hfb-below-header-display":"","ast-hfb-mobile-header-display":"","site-post-title":"","ast-breadcrumbs-content":"","ast-featured-img":"","footer-sml-layout":"","theme-transparent-header-meta":"default","adv-header-id-meta":"","stick-header-meta":"","header-above-stick-meta":"","header-main-stick-meta":"","header-below-stick-meta":""},"product_cat":[845,1184,1182,1183,937,1185,962,674,672],"product_tag":[],"class_list":{"0":"post-6887","1":"product","2":"type-product","3":"status-publish","4":"has-post-thumbnail","6":"product_cat-customization","7":"product_cat-astm-a683","8":"product_cat-astm-a719","9":"product_cat-astm-a900","10":"product_cat-electronic-product-tester","11":"product_cat-iec-60404-13","12":"product_cat-thickness-gauges","13":"product_cat-test-items","14":"product_cat-applied-materials","15":"desktop-align-left","16":"tablet-align-left","17":"mobile-align-left","19":"first","20":"instock","21":"shipping-taxable","22":"product-type-simple"},"_links":{"self":[{"href":"https:\/\/www.qualitester.com\/es\/wp-json\/wp\/v2\/product\/6887","targetHints":{"allow":["GET"]}}],"collection":[{"href":"https:\/\/www.qualitester.com\/es\/wp-json\/wp\/v2\/product"}],"about":[{"href":"https:\/\/www.qualitester.com\/es\/wp-json\/wp\/v2\/types\/product"}],"replies":[{"embeddable":true,"href":"https:\/\/www.qualitester.com\/es\/wp-json\/wp\/v2\/comments?post=6887"}],"version-history":[{"count":0,"href":"https:\/\/www.qualitester.com\/es\/wp-json\/wp\/v2\/product\/6887\/revisions"}],"wp:featuredmedia":[{"embeddable":true,"href":"https:\/\/www.qualitester.com\/es\/wp-json\/wp\/v2\/media\/6912"}],"wp:attachment":[{"href":"https:\/\/www.qualitester.com\/es\/wp-json\/wp\/v2\/media?parent=6887"}],"wp:term":[{"taxonomy":"product_cat","embeddable":true,"href":"https:\/\/www.qualitester.com\/es\/wp-json\/wp\/v2\/product_cat?post=6887"},{"taxonomy":"product_tag","embeddable":true,"href":"https:\/\/www.qualitester.com\/es\/wp-json\/wp\/v2\/product_tag?post=6887"}],"curies":[{"name":"wp","href":"https:\/\/api.w.org\/{rel}","templated":true}]}}