{"id":6640,"date":"2025-05-07T10:25:05","date_gmt":"2025-05-07T02:25:05","guid":{"rendered":"https:\/\/www.qualitester.com\/?post_type=product&#038;p=6640"},"modified":"2025-05-07T10:25:05","modified_gmt":"2025-05-07T02:25:05","slug":"syringe-piston-glide-force-tester","status":"publish","type":"product","link":"https:\/\/www.qualitester.com\/es\/producto\/syringe-piston-glide-force-tester\/","title":{"rendered":"SSR-01 Medidor de resistencia al deslizamiento de jeringas"},"content":{"rendered":"<h2 data-start=\"378\" data-end=\"1083\">La importancia de la fuerza de deslizamiento en el rendimiento de la jeringa<\/h2>\n<p class=\"\" data-start=\"378\" data-end=\"1083\">En fabricaci\u00f3n de jeringuillas y control de calidad, <em data-start=\"497\" data-end=\"510\">fuerza de deslizamiento<\/em> desempe\u00f1a un papel fundamental a la hora de determinar la suavidad y consistencia con que se mueve el pist\u00f3n de una jeringa durante la administraci\u00f3n del f\u00e1rmaco. Influye directamente en la facilidad de uso, la comodidad del paciente y la precisi\u00f3n de la dosificaci\u00f3n. Este art\u00edculo presenta el <strong data-start=\"727\" data-end=\"764\">Comprobador de la fuerza de deslizamiento del pist\u00f3n de la jeringa<\/strong>, un instrumento especializado dise\u00f1ado para cuantificar este par\u00e1metro crucial de acuerdo con <strong data-start=\"854\" data-end=\"876\">ISO 7886-1 Anexo E<\/strong>. Profundizaremos en su m\u00e9todo de ensayo, sus capacidades t\u00e9cnicas y c\u00f3mo apoya el cumplimiento de la <strong data-start=\"977\" data-end=\"997\"><a href=\"https:\/\/www.qualitester.com\/es\/standards\/iso-7886-1\/\" target=\"_blank\" rel=\"noopener\">ISO 7886<\/a> pruebas<\/strong> esenciales para los fabricantes de jeringuillas y los profesionales de la garant\u00eda de calidad.<\/p>\n<hr class=\"\" data-start=\"1085\" data-end=\"1088\" \/>\n<h2 data-start=\"1090\" data-end=\"1367\">Explicaci\u00f3n del comprobador de la fuerza de deslizamiento del \u00e9mbolo de la jeringa y las pruebas ISO 7886<\/h2>\n<p class=\"\" data-start=\"1090\" data-end=\"1367\">El <strong data-start=\"1165\" data-end=\"1202\">Comprobador de la fuerza de deslizamiento del pist\u00f3n de la jeringa<\/strong>-tambi\u00e9n denominada <strong data-start=\"1227\" data-end=\"1271\">SSR-01 Medidor de resistencia al deslizamiento de jeringas<\/strong>-est\u00e1 dise\u00f1ado para realizar pruebas de precisi\u00f3n en jeringuillas hipod\u00e9rmicas. Su funci\u00f3n principal es medir:<\/p>\n<ul data-start=\"1369\" data-end=\"1537\">\n<li class=\"\" data-start=\"1369\" data-end=\"1431\">\n<p class=\"\" data-start=\"1371\" data-end=\"1431\">El <strong data-start=\"1375\" data-end=\"1395\">fuerza iniciadora<\/strong> necesaria para iniciar el movimiento del pist\u00f3n<\/p>\n<\/li>\n<li class=\"\" data-start=\"1432\" data-end=\"1481\">\n<p class=\"\" data-start=\"1434\" data-end=\"1481\">El <strong data-start=\"1438\" data-end=\"1452\">fuerza media<\/strong> durante el movimiento continuo<\/p>\n<\/li>\n<li class=\"\" data-start=\"1482\" data-end=\"1537\">\n<p class=\"\" data-start=\"1484\" data-end=\"1537\">El <strong data-start=\"1488\" data-end=\"1505\">fuerza m\u00e1xima<\/strong> encontrados a lo largo de la prueba<\/p>\n<\/li>\n<\/ul>\n<p class=\"\" data-start=\"1539\" data-end=\"1878\">Estos par\u00e1metros son fundamentales para el perfil de la fuerza de planeo descrito en <strong data-start=\"1607\" data-end=\"1629\">ISO 7886-1 Anexo E<\/strong>la norma internacional que rige las jeringuillas hipod\u00e9rmicas est\u00e9riles de uso manual. En el anexo E se detalla el m\u00e9todo para evaluar cu\u00e1nta resistencia presenta un pist\u00f3n cuando se expulsa fluido a una velocidad constante, utilizando agua destilada y un montaje normalizado.<\/p>\n<p class=\"\" data-start=\"1880\" data-end=\"2117\">Al alinearse con la norma ISO 7886, los fabricantes pueden garantizar que sus productos cumplen las expectativas globales de seguridad y rendimiento. Esto es fundamental para los productos sanitarios est\u00e9riles destinados a un uso generalizado en hospitales, cl\u00ednicas y atenci\u00f3n sanitaria a domicilio.<\/p>\n<hr class=\"\" data-start=\"2119\" data-end=\"2122\" \/>\n<h2 data-start=\"2124\" data-end=\"2358\">C\u00f3mo se mide la fuerza de deslizamiento: Procedimiento ISO 7886-1 Anexo E<\/h2>\n<p class=\"\" data-start=\"2124\" data-end=\"2358\">Para determinar con precisi\u00f3n la fuerza de planeo, el <strong data-start=\"2233\" data-end=\"2277\">SSR-01 Comprobador de la fuerza de deslizamiento del pist\u00f3n de la jeringa<\/strong> utiliza el procedimiento prescrito en <strong data-start=\"2311\" data-end=\"2333\">ISO 7886-1 Anexo E<\/strong>. Los pasos b\u00e1sicos incluyen:<\/p>\n<ul data-start=\"2360\" data-end=\"2688\">\n<li class=\"\" data-start=\"2360\" data-end=\"2438\">\n<p class=\"\" data-start=\"2362\" data-end=\"2438\">Llenar la jeringa con <strong data-start=\"2387\" data-end=\"2406\">agua destilada<\/strong> por encima de su capacidad nominal.<\/p>\n<\/li>\n<li class=\"\" data-start=\"2439\" data-end=\"2547\">\n<p class=\"\" data-start=\"2441\" data-end=\"2547\">Montarlo en el banco de pruebas alineando el nivel de agua del dep\u00f3sito con el punto medio de la jeringa.<\/p>\n<\/li>\n<li class=\"\" data-start=\"2548\" data-end=\"2591\">\n<p class=\"\" data-start=\"2550\" data-end=\"2591\">Ajuste del <strong data-start=\"2562\" data-end=\"2590\">velocidad de prueba a 100 mm\/min<\/strong>.<\/p>\n<\/li>\n<li class=\"\" data-start=\"2592\" data-end=\"2688\">\n<p class=\"\" data-start=\"2594\" data-end=\"2688\">Activaci\u00f3n del accionamiento mec\u00e1nico para deprimir el pist\u00f3n mientras se registran continuamente los datos de fuerza.<\/p>\n<\/li>\n<\/ul>\n<p class=\"\" data-start=\"2690\" data-end=\"2710\">El sistema captura:<\/p>\n<ul data-start=\"2712\" data-end=\"2929\">\n<li class=\"\" data-start=\"2712\" data-end=\"2784\">\n<p class=\"\" data-start=\"2714\" data-end=\"2784\"><strong data-start=\"2714\" data-end=\"2740\">Fuerza inicial (fs):<\/strong> la fuerza necesaria para iniciar el movimiento del \u00e9mbolo.<\/p>\n<\/li>\n<li class=\"\" data-start=\"2785\" data-end=\"2855\">\n<p class=\"\" data-start=\"2787\" data-end=\"2855\"><strong data-start=\"2787\" data-end=\"2812\">Fuerza media de planeo (F):<\/strong> fuerza media durante todo el movimiento del \u00e9mbolo.<\/p>\n<\/li>\n<li class=\"\" data-start=\"2856\" data-end=\"2929\">\n<p class=\"\" data-start=\"2858\" data-end=\"2929\"><strong data-start=\"2858\" data-end=\"2883\">Fuerza m\u00e1xima (Fmax):<\/strong> la fuerza m\u00e1xima necesaria durante el recorrido del pist\u00f3n.<\/p>\n<\/li>\n<\/ul>\n<p class=\"\" data-start=\"2931\" data-end=\"3036\">Este proceso estandarizado garantiza una repetibilidad precisa y la integridad de los datos para los informes de control de calidad.<\/p>\n<hr class=\"\" data-start=\"3038\" data-end=\"3041\" \/>\n<h2 data-start=\"3043\" data-end=\"3268\">Caracter\u00edsticas principales del comprobador de resistencia al deslizamiento de jeringas SSR-01<\/h2>\n<p class=\"\" data-start=\"3043\" data-end=\"3268\">Instrumentos celulares <strong data-start=\"3124\" data-end=\"3134\">SSR-01<\/strong> aporta automatizaci\u00f3n, fiabilidad y datos de alta resoluci\u00f3n a las pruebas de fuerza de deslizamiento de las jeringas. Algunas de sus caracter\u00edsticas m\u00e1s destacadas son:<\/p>\n<ul data-start=\"3270\" data-end=\"3842\">\n<li class=\"\" data-start=\"3270\" data-end=\"3340\">\n<p class=\"\" data-start=\"3272\" data-end=\"3340\"><strong data-start=\"3272\" data-end=\"3290\">Alta precisi\u00f3n:<\/strong> \u00b10,5% lectura a fondo de escala para mediciones de fuerza<\/p>\n<\/li>\n<li class=\"\" data-start=\"3341\" data-end=\"3420\">\n<p class=\"\" data-start=\"3343\" data-end=\"3420\"><strong data-start=\"3343\" data-end=\"3371\">Interfaz f\u00e1cil de usar:<\/strong> Pantalla t\u00e1ctil HMI de 7 pulgadas con controles intuitivos<\/p>\n<\/li>\n<li class=\"\" data-start=\"3421\" data-end=\"3502\">\n<p class=\"\" data-start=\"3423\" data-end=\"3502\"><strong data-start=\"3423\" data-end=\"3450\">Sistema de transmisi\u00f3n de precisi\u00f3n:<\/strong> Mecanismo de husillo de bolas y velocidad de ensayo variable<\/p>\n<\/li>\n<li class=\"\" data-start=\"3503\" data-end=\"3595\">\n<p class=\"\" data-start=\"3505\" data-end=\"3595\"><strong data-start=\"3505\" data-end=\"3526\">Salida rica en datos:<\/strong> Captura simult\u00e1nea de las fuerzas de planeo inicial, media y m\u00e1xima<\/p>\n<\/li>\n<li class=\"\" data-start=\"3596\" data-end=\"3673\">\n<p class=\"\" data-start=\"3598\" data-end=\"3673\"><strong data-start=\"3598\" data-end=\"3624\">Accesorios personalizables:<\/strong> Adaptable a diferentes tipos y tama\u00f1os de jeringa<\/p>\n<\/li>\n<li class=\"\" data-start=\"3674\" data-end=\"3733\">\n<p class=\"\" data-start=\"3676\" data-end=\"3733\"><strong data-start=\"3676\" data-end=\"3700\">Protecci\u00f3n contra sobrecargas:<\/strong> Aumenta la seguridad durante las pruebas<\/p>\n<\/li>\n<li class=\"\" data-start=\"3734\" data-end=\"3842\">\n<p class=\"\" data-start=\"3736\" data-end=\"3842\"><strong data-start=\"3736\" data-end=\"3763\">Devoluci\u00f3n e impresi\u00f3n autom\u00e1ticas:<\/strong> Vuelve a la posici\u00f3n inicial e imprime los resultados de la prueba con una microimpresora incorporada<\/p>\n<\/li>\n<\/ul>\n<p class=\"\" data-start=\"3844\" data-end=\"3975\">Estas funciones no s\u00f3lo simplifican el cumplimiento de <strong data-start=\"3897\" data-end=\"3911\">ISO 7886-1<\/strong> sino tambi\u00e9n optimizar la eficacia del flujo de trabajo y reducir los errores manuales.<\/p>\n<hr class=\"\" data-start=\"3977\" data-end=\"3980\" \/>\n<h2 data-start=\"3982\" data-end=\"4120\">Aplicaciones en m\u00faltiples sectores<\/h2>\n<p class=\"\" data-start=\"3982\" data-end=\"4120\">Las pruebas de fuerza de deslizamiento son esenciales en m\u00faltiples sectores en los que las jeringuillas son componentes cr\u00edticos:<\/p>\n<ul data-start=\"4122\" data-end=\"4446\">\n<li class=\"\" data-start=\"4122\" data-end=\"4205\">\n<p class=\"\" data-start=\"4124\" data-end=\"4205\"><strong data-start=\"4124\" data-end=\"4157\">Fabricaci\u00f3n de productos sanitarios:<\/strong> Garantiza el buen funcionamiento y la seguridad del paciente<\/p>\n<\/li>\n<li class=\"\" data-start=\"4206\" data-end=\"4275\">\n<p class=\"\" data-start=\"4208\" data-end=\"4275\"><strong data-start=\"4208\" data-end=\"4237\">Envases farmac\u00e9uticos:<\/strong> Verifica los mecanismos de entrega adecuados<\/p>\n<\/li>\n<li class=\"\" data-start=\"4276\" data-end=\"4365\">\n<p class=\"\" data-start=\"4278\" data-end=\"4365\"><strong data-start=\"4278\" data-end=\"4314\">Laboratorios de ensayos reglamentarios:<\/strong> Confirma la conformidad con las normas internacionales<\/p>\n<\/li>\n<li class=\"\" data-start=\"4366\" data-end=\"4446\">\n<p class=\"\" data-start=\"4368\" data-end=\"4446\"><strong data-start=\"4368\" data-end=\"4394\">Unidades de control de calidad:<\/strong> Identifica las jeringuillas defectuosas en una fase temprana de la producci\u00f3n<\/p>\n<\/li>\n<\/ul>\n<p class=\"\" data-start=\"4448\" data-end=\"4583\">Con aplicaciones que abarcan hospitales, laboratorios y l\u00edneas de producci\u00f3n industrial, el SSR-01 demuestra su versatilidad y fiabilidad.<\/p>\n<hr class=\"\" data-start=\"4585\" data-end=\"4588\" \/>\n<h2 data-start=\"4590\" data-end=\"5050\">\u00bfPor qu\u00e9 elegir el SSR-01 de Cell Instruments para los ensayos de fuerza de deslizamiento?<\/h2>\n<p class=\"\" data-start=\"4590\" data-end=\"5050\">Cell Instruments tiene una amplia experiencia en <strong data-start=\"4702\" data-end=\"4736\">pruebas de materiales y envases<\/strong> y ofrece una personalizaci\u00f3n completa para satisfacer requisitos de ensayo especializados. El SSR-01 representa nuestro compromiso con <strong data-start=\"4849\" data-end=\"4909\">innovaci\u00f3n, garant\u00eda de calidad y cumplimiento de la normativa<\/strong>. Al elegir nuestra soluci\u00f3n, los fabricantes de jeringuillas obtienen un socio de confianza para apoyar el cumplimiento de la norma ISO 7886-1 y la mejora continua del producto.<\/p>\n<p class=\"\" data-start=\"5057\" data-end=\"5513\">Comprender y controlar <em data-start=\"5104\" data-end=\"5117\">fuerza de deslizamiento<\/em> no se trata s\u00f3lo de cumplir las normas, sino de ofrecer calidad y seguridad a los usuarios finales. Con Cell Instruments <strong data-start=\"5232\" data-end=\"5269\">Comprobador de la fuerza de deslizamiento del pist\u00f3n de la jeringa<\/strong>, cumplimiento de <strong data-start=\"5287\" data-end=\"5309\"><a href=\"https:\/\/www.iso.org\/standard\/64790.html\" target=\"_blank\" rel=\"noopener nofollow\">ISO 7886-1<\/a> Anexo E<\/strong> se convierte en algo sencillo y fiable. Tanto si se dedica a la producci\u00f3n farmac\u00e9utica como a la garant\u00eda de calidad de dispositivos m\u00e9dicos o a la validaci\u00f3n en laboratorio, la <strong data-start=\"5447\" data-end=\"5457\">SSR-01<\/strong> es su soluci\u00f3n de precisi\u00f3n, coherencia y confianza.<\/p>\n<hr class=\"\" data-start=\"5515\" data-end=\"5518\" \/>\n<h2 data-start=\"5520\" data-end=\"5530\">Preguntas frecuentes<\/h2>\n<p class=\"\" data-start=\"5532\" data-end=\"5765\"><strong data-start=\"5532\" data-end=\"5603\">1. \u00bfQu\u00e9 es la fuerza de deslizamiento y por qu\u00e9 es importante en los ensayos con jeringa?<\/strong><br data-start=\"5603\" data-end=\"5606\" \/>La fuerza de deslizamiento es la resistencia que se encuentra al mover el pist\u00f3n de la jeringa. Es fundamental para garantizar una administraci\u00f3n fluida de la medicaci\u00f3n y evitar molestias al usuario.<\/p>\n<p class=\"\" data-start=\"5962\" data-end=\"6133\"><strong data-start=\"5962\" data-end=\"6018\">2. \u00bfQu\u00e9 fuerzas se miden con el comprobador SSR-01?<\/strong><br data-start=\"6018\" data-end=\"6021\" \/>El SSR-01 mide la <strong data-start=\"6045\" data-end=\"6065\">fuerza iniciadora<\/strong>, <strong data-start=\"6067\" data-end=\"6087\">media<\/strong>, y <strong data-start=\"6093\" data-end=\"6116\">fuerza m\u00e1xima de deslizamiento<\/strong> durante la prueba.<\/p>\n<p class=\"\" data-start=\"6135\" data-end=\"6287\"><strong data-start=\"6135\" data-end=\"6190\">3. \u00bfPuede el SSR-01 analizar jeringuillas de diferentes tama\u00f1os?<\/strong><br data-start=\"6190\" data-end=\"6193\" \/>S\u00ed, el sistema incluye m\u00faltiples accesorios que se adaptan a varios tama\u00f1os y vol\u00famenes de jeringa.<\/p>\n<p class=\"\" data-start=\"6289\" data-end=\"6506\"><strong data-start=\"6289\" data-end=\"6351\">4. \u00bfC\u00f3mo apoya Cell Instruments las necesidades de ensayos personalizados?<\/strong><br data-start=\"6351\" data-end=\"6354\" \/>Ofrecemos <strong data-start=\"6365\" data-end=\"6442\">desarrollo de dispositivos personalizados, actualizaciones de automatizaci\u00f3n e integraci\u00f3n de software<\/strong> para satisfacer las necesidades espec\u00edficas de clientes de diversos sectores.<\/p>","protected":false},"excerpt":{"rendered":"<p>La importancia de la fuerza de deslizamiento en el rendimiento de las jeringas En la fabricaci\u00f3n y el control de calidad de las jeringas, la fuerza de deslizamiento desempe\u00f1a un papel fundamental a la hora de determinar la suavidad y consistencia con que se mueve el pist\u00f3n de una jeringa durante la administraci\u00f3n del f\u00e1rmaco. Influye directamente en la facilidad de uso, la comodidad del paciente y la precisi\u00f3n de la dosificaci\u00f3n. Este art\u00edculo presenta el comprobador de la fuerza de deslizamiento del pist\u00f3n de la jeringa, un instrumento especializado dise\u00f1ado ...<\/p>\n<p class=\"read-more\"> <a class=\"\" href=\"https:\/\/www.qualitester.com\/es\/producto\/syringe-piston-glide-force-tester\/\"> <span class=\"screen-reader-text\">SSR-01 Medidor de resistencia al deslizamiento de jeringas<\/span> Leer m\u00e1s \"<\/a><\/p>","protected":false},"featured_media":6642,"comment_status":"closed","ping_status":"closed","template":"","meta":{"site-sidebar-layout":"default","site-content-layout":"default","ast-global-header-display":"","ast-main-header-display":"","ast-hfb-above-header-display":"","ast-hfb-below-header-display":"","ast-hfb-mobile-header-display":"","site-post-title":"","ast-breadcrumbs-content":"","ast-featured-img":"","footer-sml-layout":"","theme-transparent-header-meta":"default","adv-header-id-meta":"","stick-header-meta":"","header-above-stick-meta":"","header-main-stick-meta":"","header-below-stick-meta":""},"product_cat":[1053,934,149],"product_tag":[],"class_list":{"0":"post-6640","1":"product","2":"type-product","3":"status-publish","4":"has-post-thumbnail","6":"product_cat-iso-7886-1","7":"product_cat-medical-packaging-tester","8":"product_cat-pharma-and-medical-testers","9":"desktop-align-left","10":"tablet-align-left","11":"mobile-align-left","13":"first","14":"instock","15":"shipping-taxable","16":"product-type-simple"},"_links":{"self":[{"href":"https:\/\/www.qualitester.com\/es\/wp-json\/wp\/v2\/product\/6640","targetHints":{"allow":["GET"]}}],"collection":[{"href":"https:\/\/www.qualitester.com\/es\/wp-json\/wp\/v2\/product"}],"about":[{"href":"https:\/\/www.qualitester.com\/es\/wp-json\/wp\/v2\/types\/product"}],"replies":[{"embeddable":true,"href":"https:\/\/www.qualitester.com\/es\/wp-json\/wp\/v2\/comments?post=6640"}],"version-history":[{"count":0,"href":"https:\/\/www.qualitester.com\/es\/wp-json\/wp\/v2\/product\/6640\/revisions"}],"wp:featuredmedia":[{"embeddable":true,"href":"https:\/\/www.qualitester.com\/es\/wp-json\/wp\/v2\/media\/6642"}],"wp:attachment":[{"href":"https:\/\/www.qualitester.com\/es\/wp-json\/wp\/v2\/media?parent=6640"}],"wp:term":[{"taxonomy":"product_cat","embeddable":true,"href":"https:\/\/www.qualitester.com\/es\/wp-json\/wp\/v2\/product_cat?post=6640"},{"taxonomy":"product_tag","embeddable":true,"href":"https:\/\/www.qualitester.com\/es\/wp-json\/wp\/v2\/product_tag?post=6640"}],"curies":[{"name":"wp","href":"https:\/\/api.w.org\/{rel}","templated":true}]}}