{"id":6452,"date":"2025-02-08T15:47:12","date_gmt":"2025-02-08T07:47:12","guid":{"rendered":"https:\/\/www.qualitester.com\/?post_type=product&#038;p=6452"},"modified":"2025-05-12T11:05:55","modified_gmt":"2025-05-12T03:05:55","slug":"syringe-needle-break-resistance-testing","status":"publish","type":"product","link":"https:\/\/www.qualitester.com\/es\/producto\/syringe-needle-break-resistance-testing\/","title":{"rendered":"Equipo de prueba de resistencia a la rotura de agujas de jeringa NTT-01"},"content":{"rendered":"<h2><strong>Introducci\u00f3n a las pruebas de resistencia a la rotura de las agujas de las jeringas<\/strong><\/h2>\n<p>Las pruebas de resistencia a la rotura de las agujas de las jeringas desempe\u00f1an un papel fundamental para garantizar la seguridad y la eficacia de las agujas hipod\u00e9rmicas. Las agujas deben soportar las tensiones mec\u00e1nicas que se producen durante los procedimientos m\u00e9dicos, incluida la inserci\u00f3n y la extracci\u00f3n. Una aguja que se rompe durante el uso puede provocar graves riesgos para la salud, como lesiones o contaminaci\u00f3n, por lo que las pruebas de resistencia a la rotura de las agujas son una parte vital del proceso de control de calidad.<\/p>\n<p>Uno de los est\u00e1ndares m\u00e1s ampliamente reconocidos para las pruebas de agujas de jeringas es <a href=\"https:\/\/www.qualitester.com\/es\/standards\/iso-9626\/\" target=\"_blank\" rel=\"noopener\"><strong>ISO 9626<\/strong><\/a>Esta norma internacional describe los requisitos para los materiales, las dimensiones y las propiedades mec\u00e1nicas de las agujas hipod\u00e9rmicas, incluidos los m\u00e9todos de prueba espec\u00edficos para evaluar su resistencia a la rotura. Al adherirse a la norma ISO 9626, los fabricantes garantizan que sus agujas cumplen con los est\u00e1ndares de seguridad y son aptas para uso m\u00e9dico.<\/p>\n<h2><strong>Comprensi\u00f3n de la norma ISO 9626 y las pruebas con agujas de jeringa<\/strong><\/h2>\n<h3><strong>Descripci\u00f3n general de la norma ISO 9626<\/strong><\/h3>\n<p><strong>ISO 9626:2016<\/strong> es una norma internacional que proporciona especificaciones para las dimensiones, los materiales y el rendimiento de las agujas hipod\u00e9rmicas. La norma garantiza que las agujas se fabriquen con tolerancias precisas, utilizando materiales que puedan soportar las fuerzas que se encuentran durante los procedimientos m\u00e9dicos t\u00edpicos.<\/p>\n<p>En particular, <strong>ISO 9626<\/strong> especifica m\u00e9todos de prueba para la resistencia de las agujas a la rotura, que son fundamentales para garantizar la durabilidad de las agujas en condiciones normales de funcionamiento. Estas pruebas ayudan a identificar cualquier debilidad estructural que pueda provocar la falla de la aguja, previniendo as\u00ed posibles lesiones o complicaciones durante el uso.<\/p>\n<h3><strong>ISO 9626: Anexo C (M\u00e9todo de ensayo de resistencia a la rotura)<\/strong><\/h3>\n<p>El <strong>M\u00e9todo de ensayo para la resistencia a la rotura.<\/strong> descrito en <strong>Anexo C<\/strong> La norma ISO 9626 se centra en simular las tensiones mec\u00e1nicas que experimentan las agujas hipod\u00e9rmicas durante los procedimientos m\u00e9dicos. Esta prueba implica doblar el tubo de la aguja en \u00e1ngulos espec\u00edficos para determinar su resistencia a la rotura bajo ciclos de tensi\u00f3n repetidos.<\/p>\n<h4><strong>Principio de prueba<\/strong><\/h4>\n<p>La prueba comienza fijando un extremo del tubo de la aguja y aplicando una fuerza de flexi\u00f3n al extremo opuesto a una distancia determinada. La fuerza hace que el tubo de la aguja se doble en un \u00e1ngulo, ya sea en una direcci\u00f3n o en ambas direcciones, y el tubo se somete a m\u00faltiples ciclos de flexi\u00f3n. La prueba ayuda a determinar si la aguja puede soportar la tensi\u00f3n mec\u00e1nica sin romperse.<\/p>\n<h4><strong>Par\u00e1metros de prueba<\/strong><\/h4>\n<p>Los par\u00e1metros clave para la prueba incluyen:<\/p>\n<ul>\n<li><strong>\u00c1ngulo de flexi\u00f3n<\/strong>:Las agujas se doblan en un \u00e1ngulo de 25\u00b0 para tubos de paredes regulares, 20\u00b0 para tubos de paredes delgadas y 15\u00b0 para tubos de paredes extrafinas o ultrafinas.<\/li>\n<li><strong>Frecuencia de prueba<\/strong>:El proceso de doblado se repite a una velocidad de 0,5 Hz, simulando las tensiones experimentadas durante el uso.<\/li>\n<\/ul>\n<p>La prueba se realiza a lo largo de 20 ciclos completos y se registran todos los signos visibles de rotura. Esto ayuda a identificar puntos d\u00e9biles en la aguja que podr\u00edan provocar fallas en aplicaciones m\u00e9dicas del mundo real.<\/p>\n<h2><strong>Probador de tenacidad de agujas NTT-01: caracter\u00edsticas y ventajas<\/strong><\/h2>\n<p>El <strong>Probador de tenacidad de agujas NTT-01<\/strong> est\u00e1 dise\u00f1ado para realizar pruebas de resistencia a la rotura de agujas de jeringas en estricta conformidad con <strong>ISO 9626<\/strong>Este instrumento es crucial para evaluar la durabilidad mec\u00e1nica de las agujas hipod\u00e9rmicas y garantizar que puedan soportar las fuerzas de flexi\u00f3n que se encuentran durante el uso.<\/p>\n<h3><strong>Mecanismo de trabajo<\/strong><\/h3>\n<p>El comprobador de tenacidad de agujas NTT-01 funciona fijando un extremo del tubo de la aguja en su lugar mientras se aplica una fuerza a una distancia espec\u00edfica para doblar el tubo. Esta fuerza se aplica en ambas direcciones, simulando las condiciones que encontrar\u00eda la aguja durante la inserci\u00f3n y la extracci\u00f3n. La prueba se realiza en ciclos para medir la capacidad de la aguja de soportar tensiones repetitivas sin romperse.<\/p>\n<h3><strong>Modos de prueba<\/strong><\/h3>\n<p>El NTT-01 proporciona flexibilidad en las pruebas al ofrecer tanto <strong>Un camino<\/strong> y <strong>flexi\u00f3n bidireccional<\/strong> modos. Esto permite una evaluaci\u00f3n integral de la durabilidad de la aguja en diferentes condiciones, lo cual es esencial para cumplir con los requisitos de la norma ISO 9626.<\/p>\n<h3><strong>Caracter\u00edsticas principales<\/strong><\/h3>\n<ul>\n<li><strong>Sistema controlado por PLC<\/strong>:El NTT-01 est\u00e1 equipado con un controlador l\u00f3gico programable (PLC) y una pantalla t\u00e1ctil HMI de 7 pulgadas, lo que facilita la operaci\u00f3n y el control de los par\u00e1metros de prueba.<\/li>\n<li><strong>Velocidad de prueba variable<\/strong>:El instrumento permite un control preciso de la velocidad de prueba, que se puede ajustar seg\u00fan las necesidades espec\u00edficas de la prueba.<\/li>\n<li><strong>Retorno autom\u00e1tico<\/strong>:En caso de corte de energ\u00eda, el sistema regresa autom\u00e1ticamente a su posici\u00f3n anterior, asegurando la continuidad en las pruebas.<\/li>\n<li><strong>Cumplimiento de la norma ISO 9626<\/strong>:El NTT-01 cumple con el Anexo C de la norma ISO 9626, lo que lo convierte en una herramienta confiable para realizar pruebas de resistencia a la rotura de agujas de jeringas.<\/li>\n<\/ul>\n<h2><strong>Beneficios de la prueba de resistencia a la rotura de las agujas de las jeringas<\/strong><\/h2>\n<h3><strong>Mayor seguridad del producto<\/strong><\/h3>\n<p>Al realizar pruebas de resistencia a la rotura de las agujas de las jeringas, los fabricantes pueden asegurarse de que sus agujas sean lo suficientemente duraderas para soportar las tensiones de los procedimientos m\u00e9dicos. Esto reduce el riesgo de rotura de las agujas, lo que podr\u00eda provocar lesiones a los pacientes o a los profesionales sanitarios.<\/p>\n<h3><strong>Seguro de calidad<\/strong><\/h3>\n<p>Las pruebas de resistencia a la rotura de las agujas de las jeringas ayudan a los fabricantes a cumplir con los requisitos reglamentarios y los est\u00e1ndares de calidad, como <strong>ISO 9626<\/strong>Al adherirse a estas normas, los fabricantes pueden garantizar que sus productos sean consistentes, confiables y seguros para su uso en entornos m\u00e9dicos.<\/p>\n<h3><strong>Ahorro de costes<\/strong><\/h3>\n<p>Las pruebas de resistencia a la rotura pueden ayudar a los fabricantes a evitar retiradas costosas de productos del mercado o problemas legales al identificar posibles defectos antes de que las agujas lleguen al mercado. Este enfoque proactivo permite ahorrar dinero a largo plazo al garantizar el lanzamiento de productos duraderos y de alta calidad.<\/p>\n<h2><strong>Normas clave para las pruebas de resistencia a la rotura de las agujas de las jeringas<\/strong><\/h2>\n<p>Adem\u00e1s de <a href=\"https:\/\/www.iso.org\/standard\/60480.html\" target=\"_blank\" rel=\"noopener nofollow\"><strong>ISO 9626<\/strong><\/a>Existen otras normas pertinentes que rigen las pruebas de agujas de jeringas, entre ellas:<\/p>\n<ul>\n<li><strong>GB\/T 18457<\/strong>:Un est\u00e1ndar chino para probar la resistencia de las agujas a la rotura, que se alinea estrechamente con <strong>ISO 9626<\/strong>.<\/li>\n<li><strong>ASTM F2922<\/strong>:Una norma para la prueba de las propiedades mec\u00e1nicas de las agujas, incluida la resistencia a la rotura.<\/li>\n<\/ul>\n<p>Estas normas ayudan a establecer un punto de referencia para el rendimiento de las agujas hipod\u00e9rmicas y garantizan que cumplan con las especificaciones requeridas de seguridad y confiabilidad.<\/p>\n<h2><strong>Conclusi\u00f3n<\/strong><\/h2>\n<p>La prueba de resistencia a la rotura de las agujas de las jeringas es un proceso vital para garantizar la durabilidad y la seguridad de las agujas hipod\u00e9rmicas. <strong>ISO 9626<\/strong> y utilizando herramientas como la <strong>Probador de tenacidad de agujas NTT-01<\/strong>Los fabricantes pueden garantizar que sus agujas cumplen con los est\u00e1ndares de seguridad m\u00e1s altos y funcionan de manera confiable durante los procedimientos m\u00e9dicos. Estas pruebas no solo protegen a los pacientes, sino que tambi\u00e9n garantizan que los fabricantes cumplan con las regulaciones de la industria.<\/p>\n<p>Para obtener m\u00e1s informaci\u00f3n sobre el <strong>Probador de tenacidad de agujas NTT-01<\/strong> y c\u00f3mo puede ayudar a mejorar la calidad de sus agujas de jeringa, cont\u00e1ctenos hoy.<\/p>\n<h2><strong>Secci\u00f3n de preguntas frecuentes<\/strong><\/h2>\n<ol>\n<li><strong>\u00bfQu\u00e9 es la prueba de resistencia a la rotura de la aguja de la jeringa?<\/strong>\n<ul>\n<li>La prueba de resistencia a la rotura de la aguja de la jeringa eval\u00faa la capacidad de la aguja para soportar el estr\u00e9s mec\u00e1nico durante la inserci\u00f3n y la extracci\u00f3n para evitar la rotura.<\/li>\n<\/ul>\n<\/li>\n<li><strong>\u00bfC\u00f3mo se relaciona la norma ISO 9626 con las pruebas de agujas de jeringas?<\/strong>\n<ul>\n<li>La norma ISO 9626 establece el est\u00e1ndar para las dimensiones, materiales y propiedades mec\u00e1nicas de las agujas hipod\u00e9rmicas, incluidos los m\u00e9todos de prueba de resistencia a la rotura.<\/li>\n<\/ul>\n<\/li>\n<li><strong>\u00bfQu\u00e9 es el comprobador de tenacidad de agujas NTT-01?<\/strong>\n<ul>\n<li>El comprobador de tenacidad de agujas NTT-01 es una m\u00e1quina utilizada para realizar la prueba de flexi\u00f3n requerida por la norma ISO 9626, asegurando la resistencia a la rotura de las agujas hipod\u00e9rmicas.<\/li>\n<\/ul>\n<\/li>\n<li><strong>\u00bfC\u00f3mo se realiza la prueba de resistencia a la rotura de la aguja de la jeringa?<\/strong>\n<ul>\n<li>La prueba implica doblar el tubo de la aguja en un \u00e1ngulo y frecuencia espec\u00edficos, en una o dos direcciones, para evaluar su durabilidad bajo tensi\u00f3n.<\/li>\n<\/ul>\n<\/li>\n<li><strong>\u00bfCu\u00e1les son los beneficios de las pruebas de resistencia a la rotura de la aguja de la jeringa?<\/strong>\n<ul>\n<li>La prueba garantiza la seguridad de las agujas, previene lesiones y ayuda a los fabricantes a cumplir con los est\u00e1ndares de la industria y los requisitos reglamentarios.<\/li>\n<\/ul>\n<\/li>\n<\/ol>","protected":false},"excerpt":{"rendered":"<p>Introduction to Syringe Needle Break Resistance Testing Syringe needle break resistance testing plays a crucial role in ensuring the safety and effectiveness of hypodermic needles. Needles must withstand the mechanical stresses encountered during medical procedures, including insertion and withdrawal. A needle that breaks during use can lead to serious health risks such as injury or &hellip;<\/p>\n<p class=\"read-more\"> <a class=\"\" href=\"https:\/\/www.qualitester.com\/es\/producto\/syringe-needle-break-resistance-testing\/\"> <span class=\"screen-reader-text\">Equipo de prueba de resistencia a la rotura de agujas de jeringa NTT-01<\/span> Leer m\u00e1s \"<\/a><\/p>","protected":false},"featured_media":6453,"comment_status":"closed","ping_status":"closed","template":"","meta":{"site-sidebar-layout":"default","site-content-layout":"default","ast-global-header-display":"","ast-main-header-display":"","ast-hfb-above-header-display":"","ast-hfb-below-header-display":"","ast-hfb-mobile-header-display":"","site-post-title":"","ast-breadcrumbs-content":"","ast-featured-img":"","footer-sml-layout":"","theme-transparent-header-meta":"default","adv-header-id-meta":"","stick-header-meta":"","header-above-stick-meta":"","header-main-stick-meta":"","header-below-stick-meta":""},"product_cat":[1181,1180,1179,149],"product_tag":[],"class_list":{"0":"post-6452","1":"product","2":"type-product","3":"status-publish","4":"has-post-thumbnail","6":"product_cat-gb-t-18457","7":"product_cat-iso-9626","8":"product_cat-needle-toughness-tester","9":"product_cat-pharma-and-medical-testers","10":"desktop-align-left","11":"tablet-align-left","12":"mobile-align-left","14":"first","15":"instock","16":"shipping-taxable","17":"product-type-simple"},"_links":{"self":[{"href":"https:\/\/www.qualitester.com\/es\/wp-json\/wp\/v2\/product\/6452","targetHints":{"allow":["GET"]}}],"collection":[{"href":"https:\/\/www.qualitester.com\/es\/wp-json\/wp\/v2\/product"}],"about":[{"href":"https:\/\/www.qualitester.com\/es\/wp-json\/wp\/v2\/types\/product"}],"replies":[{"embeddable":true,"href":"https:\/\/www.qualitester.com\/es\/wp-json\/wp\/v2\/comments?post=6452"}],"version-history":[{"count":0,"href":"https:\/\/www.qualitester.com\/es\/wp-json\/wp\/v2\/product\/6452\/revisions"}],"wp:featuredmedia":[{"embeddable":true,"href":"https:\/\/www.qualitester.com\/es\/wp-json\/wp\/v2\/media\/6453"}],"wp:attachment":[{"href":"https:\/\/www.qualitester.com\/es\/wp-json\/wp\/v2\/media?parent=6452"}],"wp:term":[{"taxonomy":"product_cat","embeddable":true,"href":"https:\/\/www.qualitester.com\/es\/wp-json\/wp\/v2\/product_cat?post=6452"},{"taxonomy":"product_tag","embeddable":true,"href":"https:\/\/www.qualitester.com\/es\/wp-json\/wp\/v2\/product_tag?post=6452"}],"curies":[{"name":"wp","href":"https:\/\/api.w.org\/{rel}","templated":true}]}}