{"id":6425,"date":"2025-01-10T11:09:00","date_gmt":"2025-01-10T03:09:00","guid":{"rendered":"https:\/\/www.qualitester.com\/?post_type=product&#038;p=6425"},"modified":"2025-01-10T11:23:17","modified_gmt":"2025-01-10T03:23:17","slug":"iso-7864-needle-penetration-force-measurement-instrument","status":"publish","type":"product","link":"https:\/\/www.qualitester.com\/es\/producto\/iso-7864-needle-penetration-force-measurement-instrument\/","title":{"rendered":"Comprobador de fuerza de arrastre y penetraci\u00f3n de agujas NPD-01"},"content":{"rendered":"<p>El <strong>Comprobador de fuerza de arrastre y penetraci\u00f3n de agujas NPD-01<\/strong> es un instrumento de \u00faltima generaci\u00f3n dise\u00f1ado para la medici\u00f3n precisa de las fuerzas de penetraci\u00f3n requeridas para las agujas hipod\u00e9rmicas. Garantiza el cumplimiento de las normas de prueba internacionales, como <a href=\"https:\/\/www.qualitester.com\/es\/categoria-producto\/iso\/iso-7864\/\" target=\"_blank\" rel=\"noopener\"><strong>ISO 7864<\/strong><\/a> y <strong>GB 15811<\/strong>, ofreciendo una soluci\u00f3n robusta para probar el rendimiento de las agujas en diversas aplicaciones m\u00e9dicas, incluidos dispositivos de inyecci\u00f3n, agujas de prueba y otros productos biom\u00e9dicos.<\/p>\n<h2>Aplicaci\u00f3n de pruebas de penetraci\u00f3n y fuerza de arrastre<\/h2>\n<p>El <strong>Instrumento de medici\u00f3n de fuerza de penetraci\u00f3n de aguja<\/strong> Es esencial para probar agujas que se utilizan en una amplia gama de aplicaciones m\u00e9dicas, farmac\u00e9uticas y de investigaci\u00f3n. Las \u00e1reas de aplicaci\u00f3n clave incluyen:<\/p>\n<ul>\n<li><strong>Dispositivos m\u00e9dicos y productos farmac\u00e9uticos<\/strong>:Garantizar que las agujas hipod\u00e9rmicas, las lancetas y otros dispositivos m\u00e9dicos afilados proporcionen una inserci\u00f3n suave y que minimice el dolor, manteniendo al mismo tiempo la confiabilidad en entornos cl\u00ednicos.<\/li>\n<li><strong>Fabricantes de agujas<\/strong>:Aseguramiento de calidad en l\u00edneas de producci\u00f3n de agujas hipod\u00e9rmicas, jeringas y otros instrumentos con agujas.<\/li>\n<li><strong>Investigaci\u00f3n m\u00e9dica<\/strong>:Probando nuevos dise\u00f1os y formulaciones de agujas para mejorar los resultados cl\u00ednicos.<\/li>\n<li><strong>Embalaje<\/strong>:Garantizar que los envases m\u00e9dicos para agujas y jeringas est\u00e9n dise\u00f1ados adecuadamente para soportar las fuerzas que intervienen en la inserci\u00f3n de agujas y los sistemas de administraci\u00f3n de medicamentos.<\/li>\n<\/ul>\n<h2>Necesidad de realizar pruebas de penetraci\u00f3n con aguja<\/h2>\n<p>Entendiendo el <strong>m\u00e9todo de prueba de penetraci\u00f3n de aguja<\/strong> es fundamental para garantizar la seguridad y la eficacia de los dispositivos m\u00e9dicos con agujas. <strong>fuerza de penetraci\u00f3n<\/strong> y <strong>fuerza de arrastre<\/strong> Tiene un doble prop\u00f3sito:<\/p>\n<ol>\n<li><strong>Comodidad del paciente<\/strong>:La fuerza o la fricci\u00f3n excesivas pueden causar dolor, ansiedad y complicaciones durante la inyecci\u00f3n. Al evaluar la fuerza necesaria para la inserci\u00f3n y el movimiento, los fabricantes pueden dise\u00f1ar agujas que minimicen las molestias.<\/li>\n<li><strong>Eficacia cl\u00ednica<\/strong>:La inserci\u00f3n eficaz de la aguja es crucial en el \u00e1mbito cl\u00ednico. Las agujas deben penetrar la piel o el tejido con facilidad, pero sin causar da\u00f1o tisular ni afectar la calidad de la administraci\u00f3n del f\u00e1rmaco.<\/li>\n<li><strong>Cumplimiento normativo<\/strong>:Est\u00e1ndares internacionales como <strong>ISO 7864<\/strong> y <strong>GB 15811<\/strong> exigir que las agujas cumplan con criterios de rendimiento espec\u00edficos. <strong>Probador NPD-01<\/strong> garantiza el cumplimiento de estas regulaciones, reduciendo el riesgo de incumplimiento normativo.<\/li>\n<\/ol>\n<p>Sin pruebas precisas, los productos basados en agujas podr\u00edan fallar en \u00e1reas cruciales como <strong>esterilidad<\/strong>, <strong>suavidad de la inyecci\u00f3n<\/strong>, y <strong>Experiencia de usuario<\/strong>, lo que puede provocar complicaciones cl\u00ednicas y malestar al paciente. Por lo tanto, <strong>prueba de penetraci\u00f3n de aguja<\/strong> No es s\u00f3lo un tecnicismo; es una necesidad para la integridad del sistema de salud.<\/p>\n<h2>M\u00e9todo de prueba de penetraci\u00f3n de aguja<\/h2>\n<p>El <strong>Instrumento de medici\u00f3n de fuerza de penetraci\u00f3n de aguja NPD-01<\/strong> Funciona seg\u00fan un principio sofisticado pero f\u00e1cil de usar:<\/p>\n<ol>\n<li><strong>Configuraci\u00f3n<\/strong>:La aguja que se va a probar se fija en su lugar mediante un cono luer macho, que se conecta a la <strong>c\u00e9lula de carga<\/strong>.<\/li>\n<li><strong>Inserci\u00f3n del sustrato<\/strong>:La aguja se mueve hacia un sustrato espec\u00edfico (como materiales similares a la piel o tejidos sint\u00e9ticos) a una velocidad controlada.<\/li>\n<li><strong>Medici\u00f3n de fuerza<\/strong>:Durante la inserci\u00f3n, un <strong>c\u00e9lula de carga<\/strong> Mide continuamente la fuerza aplicada a medida que la aguja penetra en el material. Esta fuerza se registra en diferentes etapas del proceso de inserci\u00f3n.<\/li>\n<li><strong>Evaluaci\u00f3n de la fuerza de arrastre<\/strong>:Despu\u00e9s de la penetraci\u00f3n inicial, la <strong>fuerza de arrastre<\/strong> o se mide la fuerza de fricci\u00f3n necesaria para mover la aguja a trav\u00e9s del material. Este es un indicador cr\u00edtico del rendimiento de la aguja durante el uso real.<\/li>\n<li><strong>Salida de datos<\/strong>:El sistema genera datos a trav\u00e9s de un sistema intuitivo. <strong>Pantalla t\u00e1ctil HMI<\/strong> e imprime los resultados utilizando un sistema integrado <b>micro impresora<\/b>.<\/li>\n<\/ol>\n<p>Las lecturas de fuerza obtenidas de la prueba proporcionan una vista detallada de ambos <strong>fuerza de penetraci\u00f3n m\u00e1xima inicial<\/strong> y <strong>fuerzas de fricci\u00f3n<\/strong>, lo que lo convierte en una herramienta valiosa para el control de calidad, la I+D y el cumplimiento normativo.<\/p>\n<h2>Especificaci\u00f3n t\u00e9cnica del comprobador de fuerza de arrastre de aguja<\/h2>\n<p>Aqu\u00ed est\u00e1n los <strong>Caracter\u00edsticas t\u00e9cnicas clave<\/strong> del <strong>Comprobador de fuerza de arrastre y penetraci\u00f3n de agujas NPD-01<\/strong>:<\/p>\n<table>\n<tbody>\n<tr>\n<td width=\"144\">C\u00e9lula de carga<\/td>\n<td width=\"276\">50N (o seg\u00fan sea necesario)<\/td>\n<\/tr>\n<tr>\n<td width=\"144\">Prueba de velocidad<\/td>\n<td width=\"276\">1 ~ 500 mm\/min<\/td>\n<\/tr>\n<tr>\n<td width=\"144\">Precisi\u00f3n de fuerza<\/td>\n<td width=\"276\">0,5% FS<\/td>\n<\/tr>\n<tr>\n<td width=\"144\">Exactitud<\/td>\n<td width=\"276\">0,01 mm<\/td>\n<\/tr>\n<tr>\n<td width=\"144\">Fuerza<\/td>\n<td width=\"276\">110 ~ 220 V<\/td>\n<\/tr>\n<\/tbody>\n<\/table>\n<h2>Caracter\u00edstica t\u00e9cnica del comprobador de fuerza de penetraci\u00f3n de la aguja<\/h2>\n<ol>\n<li><strong>Precisi\u00f3n y confiabilidad<\/strong>:Con una precisi\u00f3n de 0,01 mm y una precisi\u00f3n de medici\u00f3n de fuerza de 0,5%.<\/li>\n<li><strong>Versatilidad<\/strong>:El instrumento admite varios tama\u00f1os y tipos de agujas, lo que permite realizar pruebas integrales en una amplia gama de dispositivos m\u00e9dicos.<\/li>\n<li><strong>Facilidad de uso<\/strong>:El sistema controlado por PLC y de manejo intuitivo <strong>Pantalla t\u00e1ctil HMI<\/strong> Facilitar a los operadores la configuraci\u00f3n, el seguimiento y la interpretaci\u00f3n de las pruebas.<\/li>\n<li><strong>Personalizaci\u00f3n<\/strong>:Los ajustes de velocidad variable y la profundidad de penetraci\u00f3n ajustable garantizan que el dispositivo pueda adaptarse a los requisitos de prueba espec\u00edficos.<\/li>\n<li><strong>Cumplimiento de normas<\/strong>:Se adhiere plenamente a los est\u00e1ndares internacionales como <strong>ISO 7864<\/strong> y <strong>GB 15811<\/strong>, lo que lo hace adecuado para pruebas regulatorias en varias regiones.<\/li>\n<\/ol>\n<h2>Norma de prueba de penetraci\u00f3n de aguja<\/h2>\n<p>El <strong>Instrumento de medici\u00f3n de fuerza de penetraci\u00f3n de aguja NPD-01<\/strong> Cumple con varios est\u00e1ndares internacionales, lo que lo hace adecuado para pruebas m\u00e9dicas y farmac\u00e9uticas en todo el mundo:<\/p>\n<h3><strong><a href=\"https:\/\/www.iso.org\/standard\/60481.html\" target=\"_blank\" rel=\"nofollow noopener\">ISO 7864<\/a> Anexo D<\/strong><\/h3>\n<ul>\n<li>Especifica el m\u00e9todo de prueba para medir la <strong>fuerza de penetraci\u00f3n<\/strong> y <strong>fuerza de arrastre<\/strong> de agujas, lo cual es fundamental para garantizar su rendimiento durante su uso.<\/li>\n<\/ul>\n<h3><strong>GB 15811<\/strong><\/h3>\n<ul>\n<li>Esta norma china describe m\u00e9todos espec\u00edficos para la <strong>prueba de penetraci\u00f3n de aguja<\/strong>, a los que se adhiere el NPD-01.<\/li>\n<\/ul>\n<p>El uso de este instrumento garantiza que sus productos cumplan con los m\u00e1s altos est\u00e1ndares de la industria y sean adecuados para la aprobaci\u00f3n regulatoria en diferentes mercados.<\/p>\n<h2>Soporte y Capacitaci\u00f3n<\/h2>\n<p>Cell Instruments proporciona <strong>Apoyo y formaci\u00f3n integral<\/strong> para ayudar a los usuarios a aprovechar al m\u00e1ximo <strong>Instrumento de medici\u00f3n de fuerza de penetraci\u00f3n de aguja NPD-01<\/strong>:<\/p>\n<ul>\n<li><strong>Capacitaci\u00f3n de usuarios<\/strong>:Nuestros programas de capacitaci\u00f3n est\u00e1n dise\u00f1ados para ayudarlo a comprender el funcionamiento del instrumento y los principios de <strong>prueba de aguja<\/strong>.<\/li>\n<li><strong>Apoyo t\u00e9cnico<\/strong>Ofrecemos soporte t\u00e9cnico continuo para resoluci\u00f3n de problemas, mantenimiento y calibraci\u00f3n.<\/li>\n<li><strong>Servicios de calibraci\u00f3n<\/strong>:Para garantizar una precisi\u00f3n continua, brindamos servicios de calibraci\u00f3n profesional anualmente.<\/li>\n<\/ul>\n<h2>Preguntas frecuentes (FAQ)<\/h2>\n<p><strong>P1: \u00bfCu\u00e1les son los beneficios de probar la fuerza de arrastre de la aguja?<br \/>\n<\/strong>A1: La prueba de la fuerza de arrastre garantiza que la aguja se desplace con suavidad a trav\u00e9s de los tejidos, lo que reduce las molestias y mejora la eficacia cl\u00ednica. Tambi\u00e9n ayuda a predecir el rendimiento de las agujas en diversas condiciones.<\/p>\n<p><strong>P2: \u00bfSe puede utilizar este comprobador para probar diferentes tipos de agujas?<\/strong><br \/>\nA2: S\u00ed, el <strong>NPD-01<\/strong> Es vers\u00e1til y puede probar una amplia gama de agujas, incluidas jeringas, lancetas y agujas hipod\u00e9rmicas. Incluye m\u00faltiples accesorios para distintos tama\u00f1os de agujas.<\/p>\n<p><strong>P3: \u00bfEl NPD-01 cumple con los est\u00e1ndares de pruebas internacionales?<\/strong><br \/>\nA3: S\u00ed, el <strong>NPD-01<\/strong> se adhiere a <strong>ISO 7864<\/strong> y <strong>GB 15811<\/strong>, garantizando que cumple con los est\u00e1ndares de pruebas globales para dispositivos m\u00e9dicos.<\/p>\n<p><strong>P4: \u00bfQu\u00e9 tipo de datos emite el NPD-01?<\/strong><br \/>\nA4: El NPD-01 proporciona mediciones de fuerza en tiempo real y datos de profundidad de penetraci\u00f3n, con resultados disponibles a trav\u00e9s del <strong>Pantalla t\u00e1ctil HMI<\/strong> y un sistema integrado <strong>microimpresora<\/strong>.<\/p>","protected":false},"excerpt":{"rendered":"<p>El instrumento de medici\u00f3n de fuerza de penetraci\u00f3n de aguja NPD-01 ofrece pruebas precisas y confiables de la fuerza de inserci\u00f3n y el arrastre de la aguja, cruciales para las industrias m\u00e9dica y farmac\u00e9utica. Obtenga m\u00e1s informaci\u00f3n sobre sus aplicaciones, principios de funcionamiento y caracter\u00edsticas t\u00e9cnicas.<\/p>","protected":false},"featured_media":0,"comment_status":"closed","ping_status":"closed","template":"","meta":{"site-sidebar-layout":"default","site-content-layout":"default","ast-global-header-display":"","ast-main-header-display":"","ast-hfb-above-header-display":"","ast-hfb-below-header-display":"","ast-hfb-mobile-header-display":"","site-post-title":"","ast-breadcrumbs-content":"","ast-featured-img":"","footer-sml-layout":"","theme-transparent-header-meta":"default","adv-header-id-meta":"","stick-header-meta":"","header-above-stick-meta":"","header-main-stick-meta":"","header-below-stick-meta":""},"product_cat":[953,956,955,845,1178,1177,934,954,957,958,952,959,149,95],"product_tag":[],"class_list":{"0":"post-6425","1":"product","2":"type-product","3":"status-publish","5":"product_cat-bursting-tester","6":"product_cat-cobb-tester","7":"product_cat-crush-tester","8":"product_cat-customization","9":"product_cat-gb-15811","10":"product_cat-iso-7864","11":"product_cat-medical-packaging-tester","12":"product_cat-paper-tear-tester","13":"product_cat-plybond-tester","14":"product_cat-puncture-tester","15":"product_cat-rub-tester","16":"product_cat-stiffness-tester","17":"product_cat-pharma-and-medical-testers","18":"product_cat-products","19":"desktop-align-left","20":"tablet-align-left","21":"mobile-align-left","23":"first","24":"instock","25":"shipping-taxable","26":"product-type-simple"},"_links":{"self":[{"href":"https:\/\/www.qualitester.com\/es\/wp-json\/wp\/v2\/product\/6425","targetHints":{"allow":["GET"]}}],"collection":[{"href":"https:\/\/www.qualitester.com\/es\/wp-json\/wp\/v2\/product"}],"about":[{"href":"https:\/\/www.qualitester.com\/es\/wp-json\/wp\/v2\/types\/product"}],"replies":[{"embeddable":true,"href":"https:\/\/www.qualitester.com\/es\/wp-json\/wp\/v2\/comments?post=6425"}],"version-history":[{"count":0,"href":"https:\/\/www.qualitester.com\/es\/wp-json\/wp\/v2\/product\/6425\/revisions"}],"wp:attachment":[{"href":"https:\/\/www.qualitester.com\/es\/wp-json\/wp\/v2\/media?parent=6425"}],"wp:term":[{"taxonomy":"product_cat","embeddable":true,"href":"https:\/\/www.qualitester.com\/es\/wp-json\/wp\/v2\/product_cat?post=6425"},{"taxonomy":"product_tag","embeddable":true,"href":"https:\/\/www.qualitester.com\/es\/wp-json\/wp\/v2\/product_tag?post=6425"}],"curies":[{"name":"wp","href":"https:\/\/api.w.org\/{rel}","templated":true}]}}