{"id":5418,"date":"2024-11-19T11:08:52","date_gmt":"2024-11-19T03:08:52","guid":{"rendered":"https:\/\/www.qualitester.com\/?post_type=product&#038;p=5418"},"modified":"2024-12-05T15:47:38","modified_gmt":"2024-12-05T07:47:38","slug":"sale-melt-flow-index-tester","status":"publish","type":"product","link":"https:\/\/www.qualitester.com\/es\/producto\/sale-melt-flow-index-tester\/","title":{"rendered":"Comprobador del \u00edndice de fluidez"},"content":{"rendered":"<h2><strong>Introducci\u00f3n al comprobador del \u00edndice de fluidez<\/strong><\/h2>\n<p>El <strong>Comprobador del \u00edndice de fluidez<\/strong> es un instrumento de alta precisi\u00f3n dise\u00f1ado para medir las caracter\u00edsticas de flujo de fusi\u00f3n de materiales termopl\u00e1sticos en condiciones controladas. Al determinar la tasa de flujo m\u00e1sico de fusi\u00f3n (MFR) y la tasa de flujo volum\u00e9trico de fusi\u00f3n (MVR), este comprobador proporciona informaci\u00f3n valiosa sobre la procesabilidad de los pol\u00edmeros, lo que es esencial para el control de calidad, la selecci\u00f3n de materiales y la optimizaci\u00f3n de la fabricaci\u00f3n. Ya sea que se utilice en las industrias automotriz, farmac\u00e9utica, de envasado de alimentos o electr\u00f3nica, el comprobador del \u00edndice de flujo de fusi\u00f3n garantiza que los materiales cumplan con las propiedades de flujo espec\u00edficas para un procesamiento confiable.<\/p>\n<h2><strong>Aplicaciones del comprobador del \u00edndice de fluidez<\/strong><\/h2>\n<p>El comprobador del \u00edndice de fluidez se utiliza ampliamente en industrias que requieren pruebas precisas de materiales polim\u00e9ricos. Es especialmente adecuado para probar <strong>Pl\u00e1sticos de ingenier\u00eda<\/strong> con puntos de fusi\u00f3n altos, como <strong>poliarilsulfona, nailon, fluoropl\u00e1sticos<\/strong>, y <strong>polietileno<\/strong>, as\u00ed como pl\u00e1sticos con puntos de fusi\u00f3n m\u00e1s bajos, incluidos <strong>polipropileno<\/strong>, <strong>abdominales<\/strong>, <strong>poliestireno<\/strong>, y <strong>polioximetileno<\/strong>Al medir con precisi\u00f3n el caudal de estos materiales, los fabricantes pueden garantizar que sus pl\u00e1sticos se comportar\u00e1n de manera predecible durante el procesamiento y cumplir\u00e1n con las especificaciones del producto.<\/p>\n<h3><strong>Industrias<\/strong>:<\/h3>\n<ul>\n<li><strong>Embalaje<\/strong>:Garantiza un flujo de material constante para pel\u00edculas y contenedores de embalaje.<\/li>\n<li><strong>Automotor<\/strong>:Verifica la confiabilidad de los pl\u00e1sticos utilizados en los componentes del veh\u00edculo.<\/li>\n<li><strong>Productos farmac\u00e9uticos<\/strong>:Confirma la consistencia en la fabricaci\u00f3n de sistemas de administraci\u00f3n de medicamentos.<\/li>\n<li><strong>Electr\u00f3nica<\/strong>:Prueba las caracter\u00edsticas de flujo de los materiales utilizados en componentes electr\u00f3nicos.<\/li>\n<li><strong>M\u00e9dico<\/strong>:Eval\u00faa la procesabilidad de los materiales de los dispositivos m\u00e9dicos.<\/li>\n<\/ul>\n<h2><strong>Principio de prueba<\/strong><\/h2>\n<p>El comprobador del \u00edndice de fluidez determina el <strong>Tasa de flujo m\u00e1sico de fusi\u00f3n (MFR)<\/strong> y <strong>Caudal volum\u00e9trico de masa fundida (MVR)<\/strong> mediante la extrusi\u00f3n de material fundido desde un cilindro calentado a trav\u00e9s de una matriz de longitud y di\u00e1metro especificados en condiciones preestablecidas de temperatura y carga.<\/p>\n<ul>\n<li><strong>MFR (Procedimiento A)<\/strong>:Este m\u00e9todo calcula la velocidad de extrusi\u00f3n midiendo el peso del material extruido durante un per\u00edodo determinado (normalmente 10 minutos) en gramos por 10 minutos (g\/10 min).<\/li>\n<li><strong>MVR (Procedimiento B)<\/strong>:En este m\u00e9todo, el desplazamiento del pist\u00f3n se mide durante un tiempo o una distancia determinados, proporcionando la velocidad de extrusi\u00f3n en cent\u00edmetros c\u00fabicos por 10 minutos (cm\u00b3\/10 min).<\/li>\n<\/ul>\n<p>El MVR se puede convertir a MFR, o viceversa, si el <strong>densidad de fusi\u00f3n<\/strong> Se conoce el comportamiento del material a la temperatura de prueba.<\/p>\n<h2><strong>Normas ISO 1133 y ASTM D1238<\/strong><\/h2>\n<p>El comprobador del \u00edndice de fluidez cumple con los est\u00e1ndares reconocidos internacionalmente. <strong>ISO 1133<\/strong> y <strong>ASTM D1238<\/strong>, garantizando resultados precisos y reproducibles en la medici\u00f3n de las propiedades de flujo de los termopl\u00e1sticos.<\/p>\n<ul>\n<li><a href=\"https:\/\/www.iso.org\/standard\/83905.html\" target=\"_blank\" rel=\"noopener nofollow\"><strong>ISO 1133-1<\/strong><\/a> y <a href=\"https:\/\/www.iso.org\/standard\/44274.html\" target=\"_blank\" rel=\"noopener nofollow\"><strong>ISO 1133-2<\/strong><\/a> especificar m\u00e9todos de prueba para <strong>MFR<\/strong> y <strong>MVR<\/strong> determinaci\u00f3n.<\/li>\n<li><a href=\"https:\/\/www.astm.org\/d1238-10.html\" target=\"_blank\" rel=\"noopener nofollow\"><strong>ASTM D1238<\/strong><\/a> Proporciona pautas para medir la velocidad de flujo de fusi\u00f3n de materiales termopl\u00e1sticos en condiciones controladas de temperatura, carga y matriz.<\/li>\n<\/ul>\n<p>Estas normas son cruciales para garantizar la coherencia entre diferentes laboratorios, fabricantes e industrias.<\/p>\n<h2><strong>M\u00e9todos de prueba para MFR y MVR<\/strong><\/h2>\n<ul>\n<li><strong>M\u00e9todo de medici\u00f3n de masa (MFR)<\/strong>:Esta prueba pesa el material extruido producido durante un intervalo de tiempo y utiliza estos datos para calcular la tasa de flujo de fusi\u00f3n en gramos por 10 minutos.<\/li>\n<li><strong>M\u00e9todo de medici\u00f3n de desplazamiento (MVR)<\/strong>:Mide el movimiento del pist\u00f3n y calcula la velocidad de extrusi\u00f3n en cent\u00edmetros c\u00fabicos por 10 minutos.<\/li>\n<\/ul>\n<p><strong>Control de carga y temperatura<\/strong> son fundamentales para garantizar resultados consistentes. El comprobador de \u00edndice de fluidez puede admitir m\u00faltiples opciones de carga que van desde <strong>0,325 kilos<\/strong> a <strong>21,6 kilogramos<\/strong> dependiendo del material que se est\u00e9 probando, y la temperatura se controla con precisi\u00f3n para que coincida con los est\u00e1ndares de prueba.<\/p>\n<h2><strong>\u00cdndice de fluidez de fusi\u00f3n (MFR) y tasa de fluidez volum\u00e9trica de fusi\u00f3n (MVR)<\/strong><\/h2>\n<ul>\n<li><strong>MFR (tasa de flujo de masa de fusi\u00f3n)<\/strong>:MFR es la velocidad a la que se extruye un material polim\u00e9rico a trav\u00e9s de una matriz en condiciones espec\u00edficas de carga, temperatura y dimensiones de la matriz. El MFR se informa en <strong>gramos por 10 minutos<\/strong> (g\/10 min) o <strong>decigramos por minuto<\/strong> Presi\u00f3n de vapor (PSI)<\/li>\n<li><strong>MVR (tasa de flujo volum\u00e9trico de la masa fundida)<\/strong>:MVR mide el volumen de material extruido por unidad de tiempo (cent\u00edmetros c\u00fabicos por 10 minutos) y es particularmente \u00fatil cuando se trata de materiales que no tienen una densidad de fusi\u00f3n constante.<\/li>\n<\/ul>\n<p>Estas mediciones son vitales para que los fabricantes determinen la facilidad con la que se puede procesar un pl\u00e1stico, lo que afecta su uso en diversas aplicaciones, desde el moldeo por inyecci\u00f3n hasta la extrusi\u00f3n.<\/p>\n<h2><strong>Carga en pruebas MFR y MVR<\/strong><\/h2>\n<p>El <strong>carga<\/strong> En las pruebas MFR y MVR, la fuerza combinada ejercida por el pist\u00f3n y cualquier peso adicional es fundamental para determinar la velocidad de extrusi\u00f3n del material en condiciones espec\u00edficas. <strong>cargas nominales<\/strong> Se utilizan normalmente para realizar pruebas. <strong>0,325 kg, 1,200 kg, 2,160 kg, 3,800 kg, 5,000 kg, 10,000 kg<\/strong>, y <strong>21.600 kilos<\/strong>La carga correcta se selecciona en funci\u00f3n de la viscosidad del material y las condiciones de prueba deseadas.<\/p>\n<h2><strong>Caracter\u00edsticas principales del comprobador del \u00edndice de fluidez<\/strong><\/h2>\n<ul>\n<li><strong>Control de temperatura de precisi\u00f3n<\/strong>:Los elementos calefactores ajustables garantizan un control de temperatura preciso y constante para realizar pruebas confiables de una amplia gama de termopl\u00e1sticos.<\/li>\n<li><strong>Opciones de carga flexibles<\/strong>:Elija entre una gama de pesos nominales para adaptarse a diferentes materiales y condiciones de prueba.<\/li>\n<li><strong>Interfaz f\u00e1cil de usar<\/strong>:Los controles simples hacen que el probador de \u00edndice de flujo de fusi\u00f3n sea f\u00e1cil de operar, lo que permite una configuraci\u00f3n r\u00e1pida y pruebas precisas.<\/li>\n<li><strong>Registro y generaci\u00f3n de informes de datos<\/strong>:Proporciona valores MFR y MVR precisos, que pueden registrarse y almacenarse para an\u00e1lisis posteriores o con fines de control de calidad.<\/li>\n<\/ul>\n<h2><strong>\u00bfPor qu\u00e9 elegir el comprobador de \u00edndice de flujo de fusi\u00f3n de Cell Instruments?<\/strong><\/h2>\n<p>El comprobador de \u00edndice de fluidez de Cell Instruments est\u00e1 dise\u00f1ado para proporcionar el m\u00e1s alto nivel de precisi\u00f3n y consistencia en la medici\u00f3n de MFR y MVR de acuerdo con las normas ISO 1133 y ASTM D1238. Nuestros comprobadores est\u00e1n dise\u00f1ados teniendo en cuenta la durabilidad y la facilidad de uso, y cuentan con una construcci\u00f3n robusta y controles intuitivos.<\/p>\n<h2><strong>Beneficios<\/strong>:<\/h2>\n<ul>\n<li><strong>Resultados precisos<\/strong>:Cumple con los est\u00e1ndares internacionales para garantizar mediciones de flujo precisas.<\/li>\n<li><strong>Opciones personalizables<\/strong>:Configurable para una amplia gama de pol\u00edmeros y requisitos de prueba.<\/li>\n<li><strong>Fiabilidad<\/strong>:Dise\u00f1ado para uso continuo en entornos industriales y de investigaci\u00f3n.<\/li>\n<li><strong>Cumplimiento de los est\u00e1ndares de la industria<\/strong>:Cumple con <strong>ISO 1133<\/strong> y <strong>ASTM D1238<\/strong>, garantizando pruebas confiables y repetibles.<\/li>\n<\/ul>\n<p>El comprobador de \u00edndice de fluidez es una herramienta esencial para evaluar el comportamiento de fluidez de los termopl\u00e1sticos, lo que garantiza que los materiales cumplan con los requisitos de procesamiento. Ya sea para control de calidad, investigaci\u00f3n de materiales u optimizaci\u00f3n de la fabricaci\u00f3n, este comprobador proporciona resultados confiables y precisos, que cumplen con las normas <strong>ISO 1133<\/strong> y <strong>ASTM D1238<\/strong> Con opciones personalizables y un funcionamiento sencillo, el comprobador de \u00edndice de fluidez de Cell Instruments es la opci\u00f3n ideal para cualquier laboratorio o entorno de producci\u00f3n.<\/p>","protected":false},"excerpt":{"rendered":"<p>El <strong>Comprobador del \u00edndice de fluidez<\/strong> es un instrumento de alta precisi\u00f3n dise\u00f1ado para medir las caracter\u00edsticas de flujo de fusi\u00f3n de materiales termopl\u00e1sticos en condiciones controladas. Al determinar la tasa de flujo m\u00e1sico de fusi\u00f3n (MFR) y la tasa de flujo volum\u00e9trico de fusi\u00f3n (MVR), este comprobador proporciona informaci\u00f3n valiosa sobre la procesabilidad de los pol\u00edmeros, lo que es esencial para el control de calidad, la selecci\u00f3n de materiales y la optimizaci\u00f3n de la fabricaci\u00f3n. Ya sea que se utilice en las industrias automotriz, farmac\u00e9utica, de envasado de alimentos o electr\u00f3nica, el comprobador del \u00edndice de flujo de fusi\u00f3n garantiza que los materiales cumplan con las propiedades de flujo espec\u00edficas para un procesamiento confiable.<\/p>","protected":false},"featured_media":6307,"comment_status":"closed","ping_status":"closed","template":"","meta":{"site-sidebar-layout":"default","site-content-layout":"default","ast-global-header-display":"","ast-main-header-display":"","ast-hfb-above-header-display":"","ast-hfb-below-header-display":"","ast-hfb-mobile-header-display":"","site-post-title":"","ast-breadcrumbs-content":"","ast-featured-img":"","footer-sml-layout":"","theme-transparent-header-meta":"default","adv-header-id-meta":"","stick-header-meta":"","header-above-stick-meta":"","header-main-stick-meta":"","header-below-stick-meta":""},"product_cat":[1127,845,1126,1125,16,95],"product_tag":[],"class_list":{"0":"post-5418","1":"product","2":"type-product","3":"status-publish","4":"has-post-thumbnail","6":"product_cat-astm-d1238","7":"product_cat-customization","8":"product_cat-iso-1133-1","9":"product_cat-iso-1133-2","10":"product_cat-plastic-packaging-testers","11":"product_cat-products","12":"desktop-align-left","13":"tablet-align-left","14":"mobile-align-left","16":"first","17":"instock","18":"shipping-taxable","19":"product-type-simple"},"_links":{"self":[{"href":"https:\/\/www.qualitester.com\/es\/wp-json\/wp\/v2\/product\/5418","targetHints":{"allow":["GET"]}}],"collection":[{"href":"https:\/\/www.qualitester.com\/es\/wp-json\/wp\/v2\/product"}],"about":[{"href":"https:\/\/www.qualitester.com\/es\/wp-json\/wp\/v2\/types\/product"}],"replies":[{"embeddable":true,"href":"https:\/\/www.qualitester.com\/es\/wp-json\/wp\/v2\/comments?post=5418"}],"version-history":[{"count":0,"href":"https:\/\/www.qualitester.com\/es\/wp-json\/wp\/v2\/product\/5418\/revisions"}],"wp:featuredmedia":[{"embeddable":true,"href":"https:\/\/www.qualitester.com\/es\/wp-json\/wp\/v2\/media\/6307"}],"wp:attachment":[{"href":"https:\/\/www.qualitester.com\/es\/wp-json\/wp\/v2\/media?parent=5418"}],"wp:term":[{"taxonomy":"product_cat","embeddable":true,"href":"https:\/\/www.qualitester.com\/es\/wp-json\/wp\/v2\/product_cat?post=5418"},{"taxonomy":"product_tag","embeddable":true,"href":"https:\/\/www.qualitester.com\/es\/wp-json\/wp\/v2\/product_tag?post=5418"}],"curies":[{"name":"wp","href":"https:\/\/api.w.org\/{rel}","templated":true}]}}