{"id":5401,"date":"2024-11-18T11:06:12","date_gmt":"2024-11-18T03:06:12","guid":{"rendered":"https:\/\/www.qualitester.com\/?post_type=product&#038;p=5401"},"modified":"2024-12-05T15:37:27","modified_gmt":"2024-12-05T07:37:27","slug":"sale-fabric-thickness-tester-gauge","status":"publish","type":"product","link":"https:\/\/www.qualitester.com\/es\/producto\/sale-fabric-thickness-tester-gauge\/","title":{"rendered":"Probador de espesor de tela FTT-02"},"content":{"rendered":"<p>El <strong>Probador de espesor de tela FTT-02<\/strong> es un instrumento de alta precisi\u00f3n dise\u00f1ado para medir el grosor de diversos tejidos, como los no tejidos por fusi\u00f3n, los tejidos por hilatura, los SMS (hilatura\/soplado\/fusi\u00f3n), los tejidos por hilatura, los tejidos punzonados, los tejidos y los tejidos de punto. Dise\u00f1ado para ofrecer fiabilidad y precisi\u00f3n, garantiza el cumplimiento de las normas mundiales de ensayo, lo que lo convierte en una herramienta esencial para sectores como el textil, los dispositivos m\u00e9dicos, el envasado y la inspecci\u00f3n de calidad.<\/p>\n<h2><strong>Aplicaciones del medidor de espesor de tejidos FTT-02<\/strong><\/h2>\n<p>El FTT-02 es vers\u00e1til e ideal para una amplia gama de materiales, incluyendo:<\/p>\n<ul>\n<li>Telas no tejidas fundidas y hiladas.<\/li>\n<li>Telas no tejidas SMS para productos m\u00e9dicos y de higiene.<\/li>\n<li>Tejidos hilados y punzonados utilizados en tapicer\u00eda y aplicaciones industriales.<\/li>\n<li>Textiles tejidos y de punto para confecci\u00f3n y tejidos t\u00e9cnicos.<\/li>\n<\/ul>\n<p>Esto lo convierte en un dispositivo fundamental para industrias como la del envasado, la m\u00e9dica, la farmac\u00e9utica, la textil y las agencias de control de calidad.<\/p>\n<h2><strong>Caracter\u00edsticas y ventajas<\/strong><\/h2>\n<h3><strong>Medici\u00f3n de precisi\u00f3n<\/strong><\/h3>\n<ul>\n<li>Rango de medici\u00f3n: <strong>0,001-25 mm<\/strong> con una resoluci\u00f3n de <strong>0,001 mm<\/strong>, garantizando resultados de gran precisi\u00f3n para aplicaciones cr\u00edticas.<\/li>\n<\/ul>\n<h3><strong>Flexibilidad de las pruebas<\/strong><\/h3>\n<ul>\n<li>Opciones para <strong>solo<\/strong> o <strong>pruebas continuas<\/strong> proporcionar adaptabilidad a diversas necesidades operativas.<\/li>\n<\/ul>\n<h3><strong>Pesos y ajustes personalizables<\/strong><\/h3>\n<ul>\n<li>Prensatelas regulables en tama\u00f1o: <strong>11,28 mm, 50,48 mm, 56,42 mm y 112,84 mm<\/strong>.<\/li>\n<li>M\u00faltiples tama\u00f1os de superficie de contacto: <strong>\u03c6100, \u03c62000, \u03c62500, \u03c610000mm\u00b2<\/strong>.<\/li>\n<li>Opciones de peso que van desde <strong>5cN<\/strong> a <strong>500cN<\/strong> y pulse los ajustes de tiempo de <strong>10s<\/strong> y <strong>30s<\/strong> para pruebas a medida.<\/li>\n<\/ul>\n<h3><strong>Dise\u00f1o f\u00e1cil de usar<\/strong><\/h3>\n<ul>\n<li>Dimensiones compactas (<strong>410 \u00d7 160 \u00d7 395 mm<\/strong>) y un peso manejable (<strong>35 kg<\/strong>) garantizan la facilidad de configuraci\u00f3n y funcionamiento.<\/li>\n<li>Funciona con un <strong>220 V, 50 Hz<\/strong> fuente de alimentaci\u00f3n.<\/li>\n<\/ul>\n<h2><strong>Cumplimiento de normas<\/strong><\/h2>\n<p>El <strong>Probador de espesor de tela FTT-02<\/strong> est\u00e1 dise\u00f1ado para cumplir y superar los requisitos de las siguientes normas mundiales:<\/p>\n<ul>\n<li><a href=\"https:\/\/www.iso.org\/standard\/23348.html\" target=\"_blank\" rel=\"noopener nofollow\"><strong>ISO 5084<\/strong><\/a>: Norma para medir el espesor de los textiles bajo presi\u00f3n espec\u00edfica.<\/li>\n<li><a href=\"https:\/\/www.iso.org\/standard\/16652.html\" target=\"_blank\" rel=\"noopener nofollow\"><strong>ISO 9073-2<\/strong><\/a>: Determinaci\u00f3n del espesor de las telas no tejidas.<\/li>\n<li><a href=\"https:\/\/www.iso.org\/standard\/59641.html\" target=\"_blank\" rel=\"noopener nofollow\"><strong>ISO 9863<\/strong><\/a>: Directrices para la medici\u00f3n del espesor de geosint\u00e9ticos.<\/li>\n<li><a href=\"https:\/\/www.astm.org\/d1777-96r19.html\" target=\"_blank\" rel=\"noopener nofollow\"><strong>Norma ASTM D1777<\/strong><\/a>: M\u00e9todos de medici\u00f3n del espesor de los materiales textiles.<\/li>\n<li><strong>GB\/T 24218.2 Y GB\/T 3820<\/strong>: Normas chinas para la comprobaci\u00f3n del espesor de los tejidos.<\/li>\n<li><strong>FZ\/T 01003 &amp; FZ\/T 60004<\/strong>: Normas para productos textiles espec\u00edficos en el mercado chino.<\/li>\n<\/ul>\n<p>Estas certificaciones garantizan que el comprobador es apto para aplicaciones nacionales e internacionales.<\/p>\n<h2><strong>Especificaciones t\u00e9cnicas<\/strong><\/h2>\n<table>\n<thead>\n<tr>\n<th><strong>Par\u00e1metro<\/strong><\/th>\n<th><strong>Detalles<\/strong><\/th>\n<\/tr>\n<\/thead>\n<tbody>\n<tr>\n<td style=\"text-align: center;\">Intervalo de medida<\/td>\n<td style=\"text-align: center;\">0,001-25 mm<\/td>\n<\/tr>\n<tr>\n<td style=\"text-align: center;\">Resoluci\u00f3n<\/td>\n<td style=\"text-align: center;\">0,001 mm<\/td>\n<\/tr>\n<tr>\n<td style=\"text-align: center;\">Prensatelas (mm)<\/td>\n<td style=\"text-align: center;\">11.28, 50.48, 56.42, 112.84<\/td>\n<\/tr>\n<tr>\n<td style=\"text-align: center;\">Superficie de contacto (mm\u00b2)<\/td>\n<td style=\"text-align: center;\">\u03c6100, \u03c62000, \u03c62500, \u03c610000<\/td>\n<\/tr>\n<tr>\n<td style=\"text-align: center;\">Peso Opciones (cN)<\/td>\n<td style=\"text-align: center;\">5, 10, 50, 100, 200, 500<\/td>\n<\/tr>\n<tr>\n<td style=\"text-align: center;\">Pulse Ajustes de hora<\/td>\n<td style=\"text-align: center;\">10s, 30s<\/td>\n<\/tr>\n<tr>\n<td style=\"text-align: center;\">Dimensiones (mm)<\/td>\n<td style=\"text-align: center;\">410 \u00d7 160 \u00d7 395<\/td>\n<\/tr>\n<tr>\n<td style=\"text-align: center;\">Peso (kg)<\/td>\n<td style=\"text-align: center;\">35<\/td>\n<\/tr>\n<tr>\n<td style=\"text-align: center;\">Fuente de alimentaci\u00f3n<\/td>\n<td style=\"text-align: center;\">220 V, 50 Hz<\/td>\n<\/tr>\n<\/tbody>\n<\/table>\n<h2><strong>C\u00f3mo funciona el medidor de espesor de tejidos<\/strong><\/h2>\n<ol>\n<li><strong>Preparaci\u00f3n de la muestra<\/strong>: Coloque la muestra de tejido firmemente sobre la plataforma de ensayo.<\/li>\n<li><strong>Ajuste del prensatelas<\/strong>: Elija el tama\u00f1o del prensatelas y el \u00e1rea de contacto adecuados para el material.<\/li>\n<li><strong>Peso y tiempo de prensado<\/strong>: Aplique el peso deseado y ajuste el tiempo de pulsaci\u00f3n (10s o 30s).<\/li>\n<li><strong>Medici\u00f3n<\/strong>: El instrumento mide el espesor en funci\u00f3n de los ajustes especificados, proporcionando resultados precisos que son fundamentales para garantizar la calidad.<\/li>\n<\/ol>\n<h2><strong>Ventajas en diversas industrias<\/strong><\/h2>\n<ul>\n<li><strong>Industria textil<\/strong>: Garantiza un grosor constante del tejido, mejorando la calidad y durabilidad del producto.<\/li>\n<li><strong>Dispositivos m\u00e9dicos<\/strong>: Verifica la uniformidad de los materiales no tejidos utilizados en m\u00e1scaras y batas quir\u00fargicas.<\/li>\n<li><strong>Materiales de embalaje<\/strong>: Garantiza un grosor \u00f3ptimo del material para un rendimiento fiable en aplicaciones de envasado.<\/li>\n<li><strong>Investigaci\u00f3n y desarrollo<\/strong>: Apoya el desarrollo de materiales y productos innovadores.<\/li>\n<\/ul>\n<h2><strong>Servicios de personalizaci\u00f3n y automatizaci\u00f3n<\/strong><\/h2>\n<p>Cell Instruments ofrece opciones de personalizaci\u00f3n para satisfacer requisitos de ensayo \u00fanicos, como pesos a medida, tiempos de prensado y servicios de transformaci\u00f3n de automatizaci\u00f3n para entornos de alto rendimiento.<\/p>\n<p>El <strong>Probador de espesor de tela FTT-02<\/strong> es una herramienta vers\u00e1til e indispensable para la medici\u00f3n del espesor de tejidos, que garantiza el cumplimiento de las normas internacionales y satisface las rigurosas exigencias de diversas industrias. Gracias a su precisi\u00f3n, flexibilidad y dise\u00f1o robusto, permite a las empresas lograr una calidad y fiabilidad superiores en sus productos.<\/p>\n<h2><strong>Secci\u00f3n de preguntas frecuentes<\/strong><\/h2>\n<ol>\n<li><strong>\u00bfQu\u00e9 materiales puede probar el FTT-02?<\/strong><br \/>\nMide el grosor de tejidos, g\u00e9neros de punto y telas no tejidas, incluidos SMS, spunlace y tejidos punzonados.<\/li>\n<li><strong>\u00bfQu\u00e9 normas cumple el FTT-02?<\/strong><br \/>\nCumple las normas ISO 5084, ISO 9073-2, ASTM D1777 y otras normas mundiales y regionales.<\/li>\n<li><strong>\u00bfEs adecuado para aplicaciones m\u00e9dicas?<\/strong><br \/>\nS\u00ed, se utiliza mucho para probar telas no tejidas utilizadas en mascarillas quir\u00fargicas, batas y otros materiales m\u00e9dicos.<\/li>\n<li><strong>\u00bfSe puede adaptar el aparato a necesidades espec\u00edficas?<\/strong><br \/>\nS\u00ed, Cell Instruments ofrece opciones de personalizaci\u00f3n para pesos, ajustes e incluso funciones de automatizaci\u00f3n.<\/li>\n<li><strong>\u00bfPor qu\u00e9 es importante comprobar el grosor del tejido?<\/strong><br \/>\nAsegura la consistencia del material, mejora el rendimiento del producto y garantiza el cumplimiento de las normas industriales.<\/li>\n<\/ol>","protected":false},"excerpt":{"rendered":"<p>El <strong>Probador de espesor de tela FTT-02<\/strong> es un instrumento de alta precisi\u00f3n dise\u00f1ado para medir el grosor de diversos tejidos, como los no tejidos por fusi\u00f3n, los tejidos por hilatura, los SMS (hilatura\/soplado\/fusi\u00f3n), los tejidos por hilatura, los tejidos punzonados, los tejidos y los tejidos de punto. Dise\u00f1ado para ofrecer fiabilidad y precisi\u00f3n, garantiza el cumplimiento de las normas mundiales de ensayo, lo que lo convierte en una herramienta esencial para sectores como el textil, los dispositivos m\u00e9dicos, el envasado y la inspecci\u00f3n de calidad.<\/p>","protected":false},"featured_media":6302,"comment_status":"closed","ping_status":"closed","template":"","meta":{"site-sidebar-layout":"default","site-content-layout":"default","ast-global-header-display":"","ast-main-header-display":"","ast-hfb-above-header-display":"","ast-hfb-below-header-display":"","ast-hfb-mobile-header-display":"","site-post-title":"","ast-breadcrumbs-content":"","ast-featured-img":"","footer-sml-layout":"","theme-transparent-header-meta":"default","adv-header-id-meta":"","stick-header-meta":"","header-above-stick-meta":"","header-main-stick-meta":"","header-below-stick-meta":""},"product_cat":[95,953,956,955,845,1117,954,957,958,952,959,938,962,685,120,163,172],"product_tag":[],"class_list":{"0":"post-5401","1":"product","2":"type-product","3":"status-publish","4":"has-post-thumbnail","6":"product_cat-products","7":"product_cat-bursting-tester","8":"product_cat-cobb-tester","9":"product_cat-crush-tester","10":"product_cat-customization","11":"product_cat-iso-9863","12":"product_cat-paper-tear-tester","13":"product_cat-plybond-tester","14":"product_cat-puncture-tester","15":"product_cat-rub-tester","16":"product_cat-stiffness-tester","17":"product_cat-textile-tester","18":"product_cat-thickness-gauges","19":"product_cat-thickness-tester","20":"product_cat-astm-d1777","21":"product_cat-iso-5084","22":"product_cat-iso-9073-2","23":"desktop-align-left","24":"tablet-align-left","25":"mobile-align-left","27":"first","28":"instock","29":"shipping-taxable","30":"product-type-simple"},"_links":{"self":[{"href":"https:\/\/www.qualitester.com\/es\/wp-json\/wp\/v2\/product\/5401","targetHints":{"allow":["GET"]}}],"collection":[{"href":"https:\/\/www.qualitester.com\/es\/wp-json\/wp\/v2\/product"}],"about":[{"href":"https:\/\/www.qualitester.com\/es\/wp-json\/wp\/v2\/types\/product"}],"replies":[{"embeddable":true,"href":"https:\/\/www.qualitester.com\/es\/wp-json\/wp\/v2\/comments?post=5401"}],"version-history":[{"count":0,"href":"https:\/\/www.qualitester.com\/es\/wp-json\/wp\/v2\/product\/5401\/revisions"}],"wp:featuredmedia":[{"embeddable":true,"href":"https:\/\/www.qualitester.com\/es\/wp-json\/wp\/v2\/media\/6302"}],"wp:attachment":[{"href":"https:\/\/www.qualitester.com\/es\/wp-json\/wp\/v2\/media?parent=5401"}],"wp:term":[{"taxonomy":"product_cat","embeddable":true,"href":"https:\/\/www.qualitester.com\/es\/wp-json\/wp\/v2\/product_cat?post=5401"},{"taxonomy":"product_tag","embeddable":true,"href":"https:\/\/www.qualitester.com\/es\/wp-json\/wp\/v2\/product_tag?post=5401"}],"curies":[{"name":"wp","href":"https:\/\/api.w.org\/{rel}","templated":true}]}}