{"id":5398,"date":"2024-11-18T10:59:49","date_gmt":"2024-11-18T02:59:49","guid":{"rendered":"https:\/\/www.qualitester.com\/?post_type=product&#038;p=5398"},"modified":"2024-12-05T15:28:34","modified_gmt":"2024-12-05T07:28:34","slug":"sale-high-speed-unwinding-tester","status":"publish","type":"product","link":"https:\/\/www.qualitester.com\/es\/producto\/sale-high-speed-unwinding-tester\/","title":{"rendered":"Probador de desenrollado de alta velocidad HSU-01"},"content":{"rendered":"<p>El <strong>Probador de desenrollado de alta velocidad HSU-01<\/strong> es un instrumento avanzado dise\u00f1ado para medir la fuerza necesaria para desenrollar las cintas adhesivas de sus rollos a una velocidad alta y controlada. Este dispositivo innovador es fundamental para el control de calidad, ya que garantiza que las cintas adhesivas cumplan con los est\u00e1ndares de la industria y funcionen de manera confiable durante la aplicaci\u00f3n. Desde las industrias de embalaje hasta la automotriz, m\u00e9dica y electr\u00f3nica, el HSU-01 es la soluci\u00f3n ideal para las pruebas de fuerza de desenrollado.<\/p>\n<h2>Aplicaciones<\/h2>\n<p>La prueba de fuerza de desenrollado eval\u00faa el comportamiento de las cintas adhesivas en condiciones reales. Esto garantiza una calidad constante y el cumplimiento de los est\u00e1ndares de la industria en todas las aplicaciones, como:<\/p>\n<ul>\n<li><strong>Embalaje<\/strong>:Garantizar el rendimiento de la cinta durante el sellado y el almacenamiento.<\/li>\n<li><strong>Dispositivos m\u00e9dicos<\/strong>:Garantizamos la fiabilidad de los adhesivos en aplicaciones sanitarias cr\u00edticas.<\/li>\n<li><strong>Automotor<\/strong>:Evaluaci\u00f3n de la durabilidad de la cinta para montaje y reparaci\u00f3n.<\/li>\n<li><strong>Electr\u00f3nica<\/strong>:Validaci\u00f3n de cintas para aislamiento y protecci\u00f3n de componentes.<\/li>\n<\/ul>\n<h2>Normas y m\u00e9todos de prueba<\/h2>\n<p>El <strong>Probador de desenrollado de alta velocidad HSU-01<\/strong>\u00a0Cumple con los principales est\u00e1ndares de la industria:<\/p>\n<h3>T\u00edtulo del curso PSTC-13:<\/h3>\n<p>El est\u00e1ndar de oro para probar cintas adhesivas, garantizando una medici\u00f3n precisa de la fuerza de desenrollado a altas velocidades para mantener la consistencia del producto.<\/p>\n<h3>Norma ASTM D1000:<\/h3>\n<p>Define m\u00e9todos de prueba para cintas sensibles a la presi\u00f3n utilizadas en aplicaciones el\u00e9ctricas y electr\u00f3nicas.<\/p>\n<h3>EN 12026:<\/h3>\n<p>Cubre la durabilidad de las cintas adhesivas en los mercados europeos.<\/p>\n<h3>AFERRA 4008:<\/h3>\n<p>Norma para evaluar el rendimiento de la cinta adhesiva seg\u00fan las directrices europeas.<\/p>\n<p><strong>M\u00e9todos de prueba:<\/strong><\/p>\n<ul>\n<li>Asegure un extremo de la cinta a un husillo o mandril giratorio para simular el desenrollado en el mundo real.<\/li>\n<li>El otro extremo se ancla y el comprobador desenrolla la cinta a una velocidad preestablecida (medida en IPM o mm\/s).<\/li>\n<li>Mida y registre la fuerza necesaria para mantener el movimiento, incluidas las fuerzas m\u00e1ximas y promedio.<\/li>\n<\/ul>\n<hr \/>\n<h2>Caracter\u00edsticas principales del comprobador de desenrollado de alta velocidad HSU-01<\/h2>\n<h3>Dise\u00f1o y funcionalidad avanzados<\/h3>\n<p>El HSU-01 es un instrumento dise\u00f1ado espec\u00edficamente para realizar pruebas de precisi\u00f3n. Proporciona datos en tiempo real e informaci\u00f3n detallada sobre el comportamiento de las cintas adhesivas a altas velocidades.<\/p>\n<h3>Especificaciones t\u00e9cnicas:<\/h3>\n<table style=\"height: 274px;\" width=\"573\">\n<tbody>\n<tr>\n<td width=\"133\">Tama\u00f1o de la muestra<\/td>\n<td width=\"660\">Di\u00e1metro del carrete 75 mm, ancho 75 mm. Di\u00e1metro exterior m\u00e1ximo 300 mm (personalizaci\u00f3n disponible)<\/td>\n<\/tr>\n<tr>\n<td width=\"133\">C\u00e9lula de carga<\/td>\n<td width=\"660\">10 kg, 20 kg y 50 kg son opcionales.<\/td>\n<\/tr>\n<tr>\n<td width=\"133\">Resoluci\u00f3n de fuerza<\/td>\n<td width=\"660\">0,01 N<\/td>\n<\/tr>\n<tr>\n<td width=\"133\">Motor<\/td>\n<td width=\"660\">Tipo de servo<\/td>\n<\/tr>\n<tr>\n<td width=\"133\">Control<\/td>\n<td width=\"660\">Pantalla t\u00e1ctil de PLC y HMI<\/td>\n<\/tr>\n<tr>\n<td width=\"133\">Fuerza<\/td>\n<td width=\"660\">CA 110 ~ 220 V 50 Hz<\/td>\n<\/tr>\n<\/tbody>\n<\/table>\n<h3>Eficiencia y confiabilidad<\/h3>\n<ul>\n<li>Pruebas estables a altas velocidades predefinidas.<\/li>\n<li>Las mediciones precisas garantizan la calidad del producto y el cumplimiento de est\u00e1ndares como <strong>PSTC-13<\/strong>.<\/li>\n<li>El servomotor robusto y los sistemas de control avanzados ofrecen resultados consistentes.<\/li>\n<\/ul>\n<h2>Ventajas del HSU-01<\/h2>\n<h3>Garant\u00eda de calidad mejorada<\/h3>\n<p>Al medir con precisi\u00f3n la fuerza de desenrollado, el HSU-01 ayuda a los fabricantes a mantener altos est\u00e1ndares de calidad, garantizando que sus productos cumplan con las expectativas de los clientes y los requisitos de la industria.<\/p>\n<h3>Personalizaci\u00f3n y flexibilidad<\/h3>\n<p>El probador se puede adaptar para adaptarse a distintos tama\u00f1os de cinta, capacidades de celdas de carga y necesidades de aplicaci\u00f3n.<\/p>\n<h3>Operaci\u00f3n f\u00e1cil de usar<\/h3>\n<p>Con control PLC y una pantalla t\u00e1ctil HMI, el HSU-01 garantiza una f\u00e1cil configuraci\u00f3n, operaci\u00f3n y an\u00e1lisis de datos.<\/p>\n<h2>Preguntas frecuentes<\/h2>\n<p><strong>1. \u00bfCu\u00e1l es la funci\u00f3n principal del comprobador de desenrollado de alta velocidad HSU-01?<\/strong><br \/>\nEl HSU-01 mide la fuerza necesaria para desenrollar cintas adhesivas a altas velocidades, garantizando la consistencia de la calidad y el rendimiento.<\/p>\n<p><strong>2. \u00bfPor qu\u00e9 es esencial la prueba de fuerza de desenrollado?<\/strong><br \/>\nLa prueba de fuerza de desenrollado garantiza la confiabilidad de la cinta adhesiva durante la aplicaci\u00f3n, lo que ayuda a los fabricantes a cumplir con est\u00e1ndares de la industria como PSTC-13.<\/p>\n<p><strong>3. \u00bfQu\u00e9 industrias utilizan pruebas de fuerza de desenrollado?<\/strong><br \/>\nIndustrias como la del embalaje, la automovil\u00edstica, la m\u00e9dica y la electr\u00f3nica dependen de estas pruebas para garantizar el rendimiento del producto.<\/p>\n<p><strong>4. \u00bfQu\u00e9 diferencia al HSU-01 de otros probadores?<\/strong><br \/>\nEl HSU-01 ofrece una precisi\u00f3n incomparable, opciones personalizables y controles intuitivos, respaldados por tecnolog\u00eda PLC y HMI.<\/p>\n<p><strong>5. \u00bfSe puede personalizar el HSU-01?<\/strong><br \/>\nS\u00ed, el HSU-01 se puede adaptar para cumplir con requisitos de prueba espec\u00edficos, incluidos tama\u00f1os de carrete, capacidades de celdas de carga y velocidades de prueba.<\/p>\n<p>El <strong>Probador de desenrollado de alta velocidad HSU-01<\/strong>\u00a0es una soluci\u00f3n de vanguardia para pruebas de fuerza de desenrollado. Cumple con est\u00e1ndares como <strong>PSTC-13<\/strong>, garantiza el rendimiento y la calidad de la cinta adhesiva en diversas industrias. Con sus funciones avanzadas, controles f\u00e1ciles de usar y opciones de personalizaci\u00f3n, la HSU-01 es la herramienta definitiva para los fabricantes comprometidos con la excelencia en el control de calidad.<\/p>\n<div id=\"gtx-anchor\" style=\"position: absolute; visibility: hidden; left: 475.688px; top: 26px; width: 84px; height: 19px;\"><\/div>\n<div class=\"jfk-bubble gtx-bubble\" style=\"visibility: visible; left: -150px; top: 55px; opacity: 1;\" role=\"alertdialog\" aria-describedby=\"bubble-12\">\n<div id=\"bubble-12\" class=\"jfk-bubble-content-id\">\n<div id=\"gtx-host\" style=\"min-width: 200px; max-width: 400px;\"><\/div>\n<\/div>\n<div class=\"jfk-bubble-closebtn-id jfk-bubble-closebtn\" tabindex=\"0\" role=\"button\" aria-label=\"Cerca\"><\/div>\n<div class=\"jfk-bubble-arrow-id jfk-bubble-arrow jfk-bubble-arrowup\" style=\"left: 517.688px;\">\n<div class=\"jfk-bubble-arrowimplbefore\"><\/div>\n<div class=\"jfk-bubble-arrowimplafter\"><\/div>\n<\/div>\n<\/div>","protected":false},"excerpt":{"rendered":"<p>El <strong>Probador de desenrollado de alta velocidad HSU-01<\/strong> es un instrumento avanzado dise\u00f1ado para medir la fuerza necesaria para desenrollar las cintas adhesivas de sus rollos a una velocidad alta y controlada. Este dispositivo innovador es fundamental para el control de calidad, ya que garantiza que las cintas adhesivas cumplan con los est\u00e1ndares de la industria y funcionen de manera confiable durante la aplicaci\u00f3n. Desde las industrias de embalaje hasta la automotriz, m\u00e9dica y electr\u00f3nica, el HSU-01 es la soluci\u00f3n ideal para las pruebas de fuerza de desenrollado.<\/p>","protected":false},"featured_media":6296,"comment_status":"closed","ping_status":"closed","template":"","meta":{"site-sidebar-layout":"default","site-content-layout":"default","ast-global-header-display":"","ast-main-header-display":"","ast-hfb-above-header-display":"","ast-hfb-below-header-display":"","ast-hfb-mobile-header-display":"","site-post-title":"","ast-breadcrumbs-content":"","ast-featured-img":"","footer-sml-layout":"","theme-transparent-header-meta":"default","adv-header-id-meta":"","stick-header-meta":"","header-above-stick-meta":"","header-main-stick-meta":"","header-below-stick-meta":""},"product_cat":[953,956,955,845,947,954,957,1116,958,952,959,673,118,95],"product_tag":[],"class_list":{"0":"post-5398","1":"product","2":"type-product","3":"status-publish","4":"has-post-thumbnail","6":"product_cat-bursting-tester","7":"product_cat-cobb-tester","8":"product_cat-crush-tester","9":"product_cat-customization","10":"product_cat-high-speed-unwinding-force","11":"product_cat-paper-tear-tester","12":"product_cat-plybond-tester","13":"product_cat-pstc-13","14":"product_cat-puncture-tester","15":"product_cat-rub-tester","16":"product_cat-stiffness-tester","17":"product_cat-adhesive-tester","18":"product_cat-astm-d1000","19":"product_cat-products","20":"desktop-align-left","21":"tablet-align-left","22":"mobile-align-left","24":"first","25":"instock","26":"shipping-taxable","27":"product-type-simple"},"_links":{"self":[{"href":"https:\/\/www.qualitester.com\/es\/wp-json\/wp\/v2\/product\/5398","targetHints":{"allow":["GET"]}}],"collection":[{"href":"https:\/\/www.qualitester.com\/es\/wp-json\/wp\/v2\/product"}],"about":[{"href":"https:\/\/www.qualitester.com\/es\/wp-json\/wp\/v2\/types\/product"}],"replies":[{"embeddable":true,"href":"https:\/\/www.qualitester.com\/es\/wp-json\/wp\/v2\/comments?post=5398"}],"version-history":[{"count":0,"href":"https:\/\/www.qualitester.com\/es\/wp-json\/wp\/v2\/product\/5398\/revisions"}],"wp:featuredmedia":[{"embeddable":true,"href":"https:\/\/www.qualitester.com\/es\/wp-json\/wp\/v2\/media\/6296"}],"wp:attachment":[{"href":"https:\/\/www.qualitester.com\/es\/wp-json\/wp\/v2\/media?parent=5398"}],"wp:term":[{"taxonomy":"product_cat","embeddable":true,"href":"https:\/\/www.qualitester.com\/es\/wp-json\/wp\/v2\/product_cat?post=5398"},{"taxonomy":"product_tag","embeddable":true,"href":"https:\/\/www.qualitester.com\/es\/wp-json\/wp\/v2\/product_tag?post=5398"}],"curies":[{"name":"wp","href":"https:\/\/api.w.org\/{rel}","templated":true}]}}