{"id":5394,"date":"2024-11-18T10:48:02","date_gmt":"2024-11-18T02:48:02","guid":{"rendered":"https:\/\/www.qualitester.com\/?post_type=product&#038;p=5394"},"modified":"2024-11-18T10:48:04","modified_gmt":"2024-11-18T02:48:04","slug":"sale-rolling-ball-tack-tester","status":"publish","type":"product","link":"https:\/\/www.qualitester.com\/es\/producto\/sale-rolling-ball-tack-tester\/","title":{"rendered":"Comprobador de tachuelas con bola rodante BTT"},"content":{"rendered":"<h2><strong>Introducci\u00f3n al comprobador de adherencia con bola rodante<\/strong><\/h2>\n<p>El <strong>Comprobador de tachuelas con bola rodante<\/strong> es una herramienta esencial para evaluar la adherencia de los adhesivos sensibles a la presi\u00f3n (PSA). Mide la capacidad del adhesivo para adherirse r\u00e1pidamente a una superficie mediante un m\u00e9todo de prueba sencillo y repetible. Este comprobador se utiliza ampliamente en industrias como la del embalaje, los dispositivos m\u00e9dicos, la electr\u00f3nica y la fabricaci\u00f3n de adhesivos, donde el rendimiento uniforme del adhesivo es fundamental. Dise\u00f1ado para el control de calidad, el ensayo de adherencia con bola rodante garantiza la detecci\u00f3n precisa de variaciones entre lotes, lo que lo hace indispensable para mantener altos est\u00e1ndares de producto.<\/p>\n<h2><strong>Caracter\u00edsticas principales del comprobador de adherencia con bola rodante<\/strong><\/h2>\n<ul>\n<li><strong>Resultados precisos y reproducibles:<\/strong> Dise\u00f1ado para uso en laboratorio, ofrece una detecci\u00f3n confiable de variaciones de adhesivo.<\/li>\n<li><strong>Dos modelos robustos:<\/strong>\n<ul>\n<li><strong>BTT-01 Tipo resistente:<\/strong> Cuenta con un canal inclinado y una palanca de liberaci\u00f3n para permitir que una bola de acero de 7\/16 pulgadas (11,1 mm) ruede sobre el adhesivo.<\/li>\n<li><strong>BTT-02 Tipo inclinado:<\/strong> Viene con placas inclinadas ajustables (20\u00b0, 30\u00b0 o 40\u00b0) para configuraciones de prueba flexibles y mayor versatilidad.<\/li>\n<\/ul>\n<\/li>\n<li><strong>Facilidad de uso:<\/strong> Requiere una capacitaci\u00f3n m\u00ednima para su operaci\u00f3n, lo que lo hace ideal para un control de calidad r\u00e1pido y rentable.<\/li>\n<\/ul>\n<h3>Par\u00e1metro principal<\/h3>\n<h4>BTT-01<\/h4>\n<table>\n<tbody>\n<tr>\n<td width=\"167\">Longitud del canal<\/td>\n<td width=\"167\">6,5 pulgadas<\/td>\n<\/tr>\n<tr>\n<td width=\"167\">\u00c1ngulo de inclinaci\u00f3n<\/td>\n<td width=\"167\">21.3\u00b0<\/td>\n<\/tr>\n<tr>\n<td width=\"167\">Bola rodante<\/td>\n<td width=\"167\">7\/16 de pulgada (N.\u00ba 14)<\/td>\n<\/tr>\n<tr>\n<td width=\"167\">Dimensi\u00f3n<\/td>\n<td width=\"167\">210*50*80 mm largo x ancho<\/td>\n<\/tr>\n<tr>\n<td width=\"167\">Peso<\/td>\n<td width=\"167\">0,5 kilos<\/td>\n<\/tr>\n<\/tbody>\n<\/table>\n<h4>BTT-02<\/h4>\n<table>\n<tbody>\n<tr>\n<td width=\"167\">Angulo inclinado<\/td>\n<td width=\"167\">0 ~ 60\u00b0<\/td>\n<\/tr>\n<tr>\n<td width=\"167\">Ancho del \u00e1rea de prueba<\/td>\n<td width=\"167\">120 mm<\/td>\n<\/tr>\n<tr>\n<td width=\"167\">Bola rodante<\/td>\n<td width=\"167\">1\/32~1 pulgada<\/td>\n<\/tr>\n<tr>\n<td width=\"167\">Dimensi\u00f3n<\/td>\n<td width=\"167\">320*140*180 mm largo x ancho<\/td>\n<\/tr>\n<tr>\n<td width=\"167\">Peso<\/td>\n<td width=\"167\">6 kilos<\/td>\n<\/tr>\n<\/tbody>\n<\/table>\n<h2><strong>Aplicaciones del comprobador de adherencia con bola rodante<\/strong><\/h2>\n<p>El probador se utiliza ampliamente en diversas industrias, entre ellas:<\/p>\n<ul>\n<li><strong>Embalaje:<\/strong> Garantiza que las etiquetas y los sellos se adhieran de manera uniforme.<\/li>\n<li><strong>Fabricaci\u00f3n de Adhesivos:<\/strong> Confirma el rendimiento de las pel\u00edculas y cintas adhesivas sensibles a la presi\u00f3n.<\/li>\n<li><strong>Electr\u00f3nica:<\/strong> Eval\u00faa adhesivos para el ensamblaje de dispositivos.<\/li>\n<li><strong>Dispositivos m\u00e9dicos:<\/strong> Verifica la confiabilidad del adhesivo para una uni\u00f3n segura.<\/li>\n<\/ul>\n<h2><strong>Normas relevantes para la prueba de adherencia con bola rodante<\/strong><\/h2>\n<p>El <strong>Comprobador de tachuelas con bola rodante<\/strong> cumple con los siguientes est\u00e1ndares clave:<\/p>\n<ul>\n<li><strong><a href=\"https:\/\/pstc.org\/resources\/test-methods\/\" target=\"_blank\" rel=\"noopener nofollow\">PSTC-6<\/a>:<\/strong> Se centra en la medici\u00f3n comparativa de la adherencia de los adhesivos, proporcionando pautas claras para aplicaciones de control de calidad.<\/li>\n<li><strong><a href=\"https:\/\/www.astm.org\/d3121-17.html\" target=\"_blank\" rel=\"noopener nofollow\">ASTM D3121<\/a>:<\/strong> Especifica el m\u00e9todo de bola rodante para determinar la adherencia, garantizando la reproducibilidad y precisi\u00f3n en la evaluaci\u00f3n del adhesivo.<\/li>\n<li><strong>Norma JIS Z0237:<\/strong> El est\u00e1ndar industrial japon\u00e9s para pruebas de adherencia de adhesivos, que enfatiza la uniformidad y precisi\u00f3n en los resultados de las pruebas.<br \/>\nEstas normas establecen un marco s\u00f3lido que convierte al probador en una herramienta confiable para garantizar la calidad de los adhesivos en todo el mundo.<\/li>\n<\/ul>\n<h2><strong>Metodolog\u00eda de prueba<\/strong><\/h2>\n<ol>\n<li><strong>Prepare la muestra de adhesivo:<\/strong> Fije la pel\u00edcula adhesiva o el sustrato sobre la superficie de prueba.<\/li>\n<li><strong>Establecer el \u00e1ngulo de inclinaci\u00f3n:<\/strong> Ajuste la placa inclinada al \u00e1ngulo deseado (20\u00b0, 30\u00b0 o 40\u00b0 para BTT-02).<\/li>\n<li><strong>Suelta la pelota:<\/strong> Coloque una bola de acero en la parte superior de la pendiente y su\u00e9ltela usando la palanca o placa.<\/li>\n<li><strong>Evaluar el rendimiento del Tack:<\/strong> Observe la distancia recorrida por la pelota antes de detenerse, lo que indica la fuerza de adherencia del adhesivo.<\/li>\n<\/ol>\n<p>Este m\u00e9todo simple pero efectivo garantiza resultados consistentes y reproducibles, lo que lo hace ideal para controles de calidad de rutina.<\/p>\n<h2><strong>Beneficios del comprobador de adherencia con bola rodante<\/strong><\/h2>\n<ul>\n<li><strong>R\u00e1pido y rentable:<\/strong> Un m\u00e9todo r\u00e1pido que requiere una inversi\u00f3n m\u00ednima en equipo.<\/li>\n<li><strong>Control de calidad confiable:<\/strong> Detecta inconsistencias adhesivas de manera eficiente, garantizando la calidad del lote.<\/li>\n<li><strong>Facilidad de operaci\u00f3n:<\/strong> Proceso de prueba sencillo adecuado para operadores de todos los niveles de experiencia.<\/li>\n<li><strong>Cumple con los est\u00e1ndares:<\/strong> Cumple con normas de pruebas globales como PSTC-6, ASTM D3121 y JIS Z0237.<\/li>\n<\/ul>\n<h2><strong>\u00bfPor qu\u00e9 elegir Cell Instruments para pruebas de adherencia con bola rodante?<\/strong><\/h2>\n<p>Como fabricante l\u00edder de instrumentos de prueba de materiales, Cell Instruments ofrece soluciones de alta calidad adaptadas a sus necesidades. <strong>BTT-01<\/strong> y <strong>Comprobadores de tachuelas con bola rodante BTT-02<\/strong> Est\u00e1n dise\u00f1ados para ofrecer resultados precisos y cumplir con los est\u00e1ndares internacionales. Gracias a nuestra experiencia en personalizaci\u00f3n y automatizaci\u00f3n, garantizamos que nuestros productos cumplan con sus requisitos de prueba espec\u00edficos. Conf\u00ede en nosotros para ayudarlo a mantener altos est\u00e1ndares en rendimiento adhesivo y garant\u00eda de calidad.<\/p>\n<h2><strong>Preguntas frecuentes sobre la prueba de adherencia con bola rodante<\/strong><\/h2>\n<ol>\n<li><strong>\u00bfQu\u00e9 es el \u2018tack\u2019 en la industria de los adhesivos?<\/strong>\n<ul>\n<li>La adherencia se refiere a la propiedad de un adhesivo de formar una uni\u00f3n de fuerza medible inmediatamente despu\u00e9s del contacto con una presi\u00f3n m\u00ednima.<\/li>\n<\/ul>\n<\/li>\n<li><strong>\u00bfEn qu\u00e9 se diferencia la prueba de adherencia con bola rodante de otras pruebas de adherencia?<\/strong>\n<ul>\n<li>Es un m\u00e9todo comparativo que eval\u00faa la adherencia observando la distancia que recorre una bola rodante sobre el adhesivo.<\/li>\n<\/ul>\n<\/li>\n<li><strong>\u00bfQu\u00e9 industrias se benefician m\u00e1s de esta prueba?<\/strong>\n<ul>\n<li>Industrias como la de embalaje, dispositivos m\u00e9dicos, fabricaci\u00f3n de adhesivos y electr\u00f3nica conf\u00edan en esta prueba para el control de calidad.<\/li>\n<\/ul>\n<\/li>\n<li><strong>\u00bfQu\u00e9 tipos de adhesivos se pueden probar?<\/strong>\n<ul>\n<li>La mayor\u00eda de los adhesivos sensibles a la presi\u00f3n (PSA), incluidas cintas y pel\u00edculas, se pueden evaluar utilizando este m\u00e9todo.<\/li>\n<\/ul>\n<\/li>\n<li><strong>\u00bfC\u00f3mo garantizan PSTC-6, ASTM D3121 y JIS Z0237 la precisi\u00f3n de las pruebas?<\/strong>\n<ul>\n<li>Estas normas proporcionan pautas estrictas para la configuraci\u00f3n de pruebas, la ejecuci\u00f3n y la interpretaci\u00f3n de resultados, garantizando mediciones confiables y reproducibles.<\/li>\n<\/ul>\n<\/li>\n<\/ol>\n<div id=\"gtx-anchor\" style=\"position: absolute; visibility: hidden; left: 77.5156px; top: 1422.97px; width: 54.8594px; height: 19px;\"><\/div>\n<div class=\"jfk-bubble gtx-bubble\" style=\"visibility: visible; left: 90px; top: 1255px; opacity: 1;\" role=\"alertdialog\" aria-describedby=\"bubble-6\">\n<div id=\"bubble-6\" class=\"jfk-bubble-content-id\">\n<div id=\"gtx-host\" style=\"min-width: 200px; max-width: 400px;\"><\/div>\n<\/div>\n<div class=\"jfk-bubble-closebtn-id jfk-bubble-closebtn\" tabindex=\"0\" role=\"button\" aria-label=\"Cerca\"><\/div>\n<div class=\"jfk-bubble-arrow-id jfk-bubble-arrow jfk-bubble-arrowdown\" style=\"left: 105.016px;\">\n<div class=\"jfk-bubble-arrowimplbefore\"><\/div>\n<div class=\"jfk-bubble-arrowimplafter\"><\/div>\n<\/div>\n<\/div>","protected":false},"excerpt":{"rendered":"<p>El <strong>Comprobador de tachuelas con bola rodante<\/strong> es una herramienta esencial para evaluar la adherencia de los adhesivos sensibles a la presi\u00f3n (PSA). Mide la capacidad del adhesivo para adherirse r\u00e1pidamente a una superficie mediante un m\u00e9todo de prueba sencillo y repetible. Este comprobador se utiliza ampliamente en industrias como la del embalaje, los dispositivos m\u00e9dicos, la electr\u00f3nica y la fabricaci\u00f3n de adhesivos, donde el rendimiento uniforme del adhesivo es fundamental. Dise\u00f1ado para el control de calidad, el ensayo de adherencia con bola rodante garantiza la detecci\u00f3n precisa de variaciones entre lotes, lo que lo hace indispensable para mantener altos est\u00e1ndares de producto.<\/p>","protected":false},"featured_media":5395,"comment_status":"closed","ping_status":"closed","template":"","meta":{"site-sidebar-layout":"default","site-content-layout":"default","ast-global-header-display":"","ast-main-header-display":"","ast-hfb-above-header-display":"","ast-hfb-below-header-display":"","ast-hfb-mobile-header-display":"","site-post-title":"","ast-breadcrumbs-content":"","ast-featured-img":"","footer-sml-layout":"","theme-transparent-header-meta":"default","adv-header-id-meta":"","stick-header-meta":"","header-above-stick-meta":"","header-main-stick-meta":"","header-below-stick-meta":""},"product_cat":[1115,943,1114,673],"product_tag":[],"class_list":{"0":"post-5394","1":"product","2":"type-product","3":"status-publish","4":"has-post-thumbnail","6":"product_cat-astm-d3121","7":"product_cat-ball-tack-tester","8":"product_cat-pstc-6","9":"product_cat-adhesive-tester","10":"desktop-align-left","11":"tablet-align-left","12":"mobile-align-left","14":"first","15":"instock","16":"shipping-taxable","17":"product-type-simple"},"_links":{"self":[{"href":"https:\/\/www.qualitester.com\/es\/wp-json\/wp\/v2\/product\/5394","targetHints":{"allow":["GET"]}}],"collection":[{"href":"https:\/\/www.qualitester.com\/es\/wp-json\/wp\/v2\/product"}],"about":[{"href":"https:\/\/www.qualitester.com\/es\/wp-json\/wp\/v2\/types\/product"}],"replies":[{"embeddable":true,"href":"https:\/\/www.qualitester.com\/es\/wp-json\/wp\/v2\/comments?post=5394"}],"version-history":[{"count":0,"href":"https:\/\/www.qualitester.com\/es\/wp-json\/wp\/v2\/product\/5394\/revisions"}],"wp:featuredmedia":[{"embeddable":true,"href":"https:\/\/www.qualitester.com\/es\/wp-json\/wp\/v2\/media\/5395"}],"wp:attachment":[{"href":"https:\/\/www.qualitester.com\/es\/wp-json\/wp\/v2\/media?parent=5394"}],"wp:term":[{"taxonomy":"product_cat","embeddable":true,"href":"https:\/\/www.qualitester.com\/es\/wp-json\/wp\/v2\/product_cat?post=5394"},{"taxonomy":"product_tag","embeddable":true,"href":"https:\/\/www.qualitester.com\/es\/wp-json\/wp\/v2\/product_tag?post=5394"}],"curies":[{"name":"wp","href":"https:\/\/api.w.org\/{rel}","templated":true}]}}