{"id":5382,"date":"2024-11-15T11:14:56","date_gmt":"2024-11-15T03:14:56","guid":{"rendered":"https:\/\/www.qualitester.com\/?post_type=product&#038;p=5382"},"modified":"2024-12-05T14:22:11","modified_gmt":"2024-12-05T06:22:11","slug":"sale-packaging-vibration-testing-machine","status":"publish","type":"product","link":"https:\/\/www.qualitester.com\/es\/producto\/sale-packaging-vibration-testing-machine\/","title":{"rendered":"M\u00e1quina de prueba de vibraci\u00f3n para embalaje VTM-01"},"content":{"rendered":"<h3>Introducci\u00f3n a la m\u00e1quina de ensayo de vibraci\u00f3n de embalajes<\/h3>\n<p>El <strong>M\u00e1quina de ensayo de vibraciones para embalajes<\/strong> es una herramienta robusta y esencial para las industrias comprometidas con garantizar la durabilidad y fiabilidad de los envases en condiciones reales. Dise\u00f1ada para probar paquetes de transporte completos o cargas unitarias llenas, esta m\u00e1quina ayuda a simular las tensiones a las que se someten los paquetes durante su manipulaci\u00f3n, env\u00edo y almacenamiento. Ampliamente aplicable en sectores como el envasado, la alimentaci\u00f3n, la industria farmac\u00e9utica, la electr\u00f3nica y la inspecci\u00f3n de calidad, esta m\u00e1quina tiene un valor incalculable para verificar que los envases ofrecen una protecci\u00f3n adecuada a su contenido.<\/p>\n<h2>Aplicaciones clave de la m\u00e1quina de ensayo de vibraci\u00f3n de embalajes<\/h2>\n<p>Nuestra m\u00e1quina de ensayos de vibraci\u00f3n de envases proporciona un entorno controlado para evaluar la resistencia de los envases a las vibraciones de baja frecuencia. Es ideal para:<\/p>\n<ul>\n<li>Evaluar la integridad estructural de los embalajes de transporte y garantizar su protecci\u00f3n.<\/li>\n<li>Pruebas de cargas unitarias llenas para evitar posibles da\u00f1os en el producto durante la distribuci\u00f3n.<\/li>\n<li>Realizaci\u00f3n de evaluaciones de durabilidad de envases utilizados en diversos sectores, garantizando que el contenido est\u00e9 protegido de golpes, vibraciones y manipulaciones bruscas.<\/li>\n<\/ul>\n<h2>Principio de funcionamiento de la m\u00e1quina de ensayo de vibraci\u00f3n de embalajes<\/h2>\n<p>Esta m\u00e1quina funciona aplicando una excitaci\u00f3n sinusoidal a una frecuencia baja fija. Las muestras de ensayo se colocan en una mesa de vibraci\u00f3n donde, en condiciones controladas, se someten a fuerzas de vibraci\u00f3n que imitan los entornos de transporte. Las condiciones, como los par\u00e1metros atmosf\u00e9ricos, la frecuencia de vibraci\u00f3n, la duraci\u00f3n y el m\u00e9todo de sujeci\u00f3n, se establecen de antemano para garantizar la precisi\u00f3n. Con m\u00e9todos de medici\u00f3n automatizados y electr\u00f3nicos, esta m\u00e1quina de ensayos de vibraciones agiliza los ensayos para lograr velocidad y precisi\u00f3n, lo que ayuda a reducir los errores humanos y a obtener resultados repetibles.<\/p>\n<h2>Ventajas del uso de la m\u00e1quina de ensayos de vibraciones para embalajes<\/h2>\n<ul>\n<li><strong>Alta precisi\u00f3n<\/strong>: Las mediciones automatizadas y electr\u00f3nicas aumentan la precisi\u00f3n y la coherencia en todas las pruebas, eliminando la subjetividad.<\/li>\n<li><strong>Facilidad de uso<\/strong>: Basta con colocar el paquete en la plataforma para comenzar las pruebas, lo que la hace accesible incluso para operadores con una formaci\u00f3n m\u00ednima.<\/li>\n<li><strong>Pruebas eficaces<\/strong>: La funci\u00f3n de retorno autom\u00e1tico de la m\u00e1quina permite realizar pruebas continuas y \u00e1giles sin reajustes manuales, lo que ahorra tiempo y mano de obra.<\/li>\n<\/ul>\n<p>Esta m\u00e1quina es una herramienta fundamental para las empresas que buscan un control de calidad fiable en el envasado y la distribuci\u00f3n.<\/p>\n<h2>Cumplimiento de las principales normas<\/h2>\n<h3>ASTM D999: Norma de ensayo de vibraciones<\/h3>\n<p><a href=\"https:\/\/www.astm.org\/d0999-08r15.html\" target=\"_blank\" rel=\"noopener nofollow\">ASTM D999<\/a> es la norma autorizada para las pruebas de vibraci\u00f3n de baja frecuencia, dise\u00f1ada espec\u00edficamente para evaluar la resistencia de los envases frente a vibraciones que imitan las condiciones de transporte. Esta norma describe los m\u00e9todos de ensayo para evaluar con precisi\u00f3n el rendimiento de los envases, lo que contribuye a garantizar la seguridad de los productos y a minimizar los da\u00f1os durante el transporte. Al alinearse con <a href=\"https:\/\/www.qualitester.com\/es\/categoria-producto\/astm\/astm-d999\/\" target=\"_blank\" rel=\"noopener\">ASTM D999<\/a>Nuestra m\u00e1quina ofrece pruebas de vibraci\u00f3n fiables y estandarizadas en l\u00ednea con las mejores pr\u00e1cticas de la industria.<\/p>\n<h3>ISO 2247: Requisitos de envasado y distribuci\u00f3n<\/h3>\n<p><a href=\"https:\/\/www.iso.org\/standard\/32412.html\" target=\"_blank\" rel=\"noopener nofollow\">ISO 2247<\/a> detalla los requisitos de ensayo de vibraciones necesarios para los envases destinados a la distribuci\u00f3n mundial. Al adherirse a la norma ISO 2247, la m\u00e1quina de pruebas de vibraci\u00f3n de embalajes garantiza que los embalajes cumplen las expectativas de durabilidad y seguridad de las normas internacionales. Esta alineaci\u00f3n con la norma ISO 2247 proporciona a las empresas una mayor confianza en que sus soluciones de embalaje cumplen las exigencias del transporte mundial.<\/p>\n<h3>Especificaciones t\u00e9cnicas de la m\u00e1quina de ensayos de vibraci\u00f3n de embalajes<\/h3>\n<ul>\n<li><strong>Gama de frecuencias<\/strong>: Ajustado para cubrir los requisitos t\u00edpicos de baja frecuencia en simulaciones de transporte.<\/li>\n<li><strong>Capacidad de carga<\/strong>: Dise\u00f1ada para manipular una amplia gama de tama\u00f1os y pesos de envases.<\/li>\n<li><strong>Dimensiones de la mesa<\/strong>: Suficientemente grande para alojar muestras de ensayo variadas, ofreciendo flexibilidad en todos los tipos de productos.<\/li>\n<li><strong>Modos de prueba<\/strong>: Admite simulaciones de vibraciones de frecuencia fija y choques repetitivos para satisfacer diversas necesidades de ensayo.<\/li>\n<\/ul>\n<h2>C\u00f3mo garantiza la seguridad de los productos la m\u00e1quina de ensayo de vibraciones para envases<\/h2>\n<p>El uso de la m\u00e1quina de pruebas de vibraci\u00f3n de embalajes permite a fabricantes y transportistas anticipar y mitigar los riesgos a los que pueden enfrentarse los productos en tr\u00e1nsito. Al simular las condiciones del mundo real, esta m\u00e1quina permite la identificaci\u00f3n temprana de los puntos d\u00e9biles del embalaje, reduciendo las devoluciones de productos y mejorando la satisfacci\u00f3n del cliente. Esta m\u00e1quina es esencial para los departamentos de control de calidad centrados en la estabilidad del env\u00edo y la protecci\u00f3n del producto de extremo a extremo.<\/p>\n<h2>Cumplimiento de normas adicionales (serie ISTA, GB 4857.7)<\/h2>\n<p>Adem\u00e1s de las normas ASTM D999 e ISO 2247, nuestra m\u00e1quina de ensayos de vibraci\u00f3n de envases tambi\u00e9n cumple las normas de la serie ISTA y GB 4857.7. Estas normas adicionales hacen que la m\u00e1quina sea compatible con una serie de protocolos de ensayo internacionales, lo que refuerza a\u00fan m\u00e1s su versatilidad y credibilidad en la garant\u00eda de calidad global de los envases.<\/p>\n<p>La m\u00e1quina de ensayos de vibraciones para envases es la soluci\u00f3n ideal para las empresas que dan prioridad a la calidad, la fiabilidad y el cumplimiento de las normas internacionales en materia de envases. Utilizando esta m\u00e1quina, las empresas pueden mejorar sus procesos de control de calidad con ensayos de vibraci\u00f3n estandarizados de alta precisi\u00f3n que cumplen las normas ASTM D999 e ISO 2247. Con su dise\u00f1o f\u00e1cil de usar, funcionalidad automatizada y rendimiento robusto, nuestra m\u00e1quina de pruebas de vibraci\u00f3n es una valiosa inversi\u00f3n en la calidad del producto y la satisfacci\u00f3n del cliente.<\/p>","protected":false},"excerpt":{"rendered":"<p>El <strong>M\u00e1quina de ensayo de vibraciones para embalajes<\/strong> es una herramienta robusta y esencial para las industrias comprometidas con garantizar la durabilidad y fiabilidad de los envases en condiciones reales. Dise\u00f1ada para probar paquetes de transporte completos o cargas unitarias llenas, esta m\u00e1quina ayuda a simular las tensiones a las que se someten los paquetes durante su manipulaci\u00f3n, env\u00edo y almacenamiento. Ampliamente aplicable en sectores como el envasado, la alimentaci\u00f3n, la industria farmac\u00e9utica, la electr\u00f3nica y la inspecci\u00f3n de calidad, esta m\u00e1quina tiene un valor incalculable para verificar que los envases ofrecen una protecci\u00f3n adecuada a su contenido.<\/p>","protected":false},"featured_media":6256,"comment_status":"closed","ping_status":"closed","template":"","meta":{"site-sidebar-layout":"default","site-content-layout":"default","ast-global-header-display":"","ast-main-header-display":"","ast-hfb-above-header-display":"","ast-hfb-below-header-display":"","ast-hfb-mobile-header-display":"","site-post-title":"","ast-breadcrumbs-content":"","ast-featured-img":"","footer-sml-layout":"","theme-transparent-header-meta":"default","adv-header-id-meta":"","stick-header-meta":"","header-above-stick-meta":"","header-main-stick-meta":"","header-below-stick-meta":""},"product_cat":[845,1112,1161,17,95],"product_tag":[],"class_list":{"0":"post-5382","1":"product","2":"type-product","3":"status-publish","4":"has-post-thumbnail","6":"product_cat-customization","7":"product_cat-astm-d999","8":"product_cat-iso-2247","9":"product_cat-package-container-testers","10":"product_cat-products","11":"desktop-align-left","12":"tablet-align-left","13":"mobile-align-left","15":"first","16":"instock","17":"shipping-taxable","18":"product-type-simple"},"_links":{"self":[{"href":"https:\/\/www.qualitester.com\/es\/wp-json\/wp\/v2\/product\/5382","targetHints":{"allow":["GET"]}}],"collection":[{"href":"https:\/\/www.qualitester.com\/es\/wp-json\/wp\/v2\/product"}],"about":[{"href":"https:\/\/www.qualitester.com\/es\/wp-json\/wp\/v2\/types\/product"}],"replies":[{"embeddable":true,"href":"https:\/\/www.qualitester.com\/es\/wp-json\/wp\/v2\/comments?post=5382"}],"version-history":[{"count":0,"href":"https:\/\/www.qualitester.com\/es\/wp-json\/wp\/v2\/product\/5382\/revisions"}],"wp:featuredmedia":[{"embeddable":true,"href":"https:\/\/www.qualitester.com\/es\/wp-json\/wp\/v2\/media\/6256"}],"wp:attachment":[{"href":"https:\/\/www.qualitester.com\/es\/wp-json\/wp\/v2\/media?parent=5382"}],"wp:term":[{"taxonomy":"product_cat","embeddable":true,"href":"https:\/\/www.qualitester.com\/es\/wp-json\/wp\/v2\/product_cat?post=5382"},{"taxonomy":"product_tag","embeddable":true,"href":"https:\/\/www.qualitester.com\/es\/wp-json\/wp\/v2\/product_tag?post=5382"}],"curies":[{"name":"wp","href":"https:\/\/api.w.org\/{rel}","templated":true}]}}