{"id":5377,"date":"2024-11-15T11:08:36","date_gmt":"2024-11-15T03:08:36","guid":{"rendered":"https:\/\/www.qualitester.com\/?post_type=product&#038;p=5377"},"modified":"2024-12-05T14:18:23","modified_gmt":"2024-12-05T06:18:23","slug":"sale-bottle-crush-testing-machine","status":"publish","type":"product","link":"https:\/\/www.qualitester.com\/es\/producto\/sale-bottle-crush-testing-machine\/","title":{"rendered":"M\u00e1quina de prueba de aplastamiento de botellas TLT-02"},"content":{"rendered":"<h2>Introducci\u00f3n a la m\u00e1quina de prueba de aplastamiento de botellas<\/h2>\n<p>El <strong>M\u00e1quina de prueba de aplastamiento de botellas<\/strong> es un instrumento especializado dise\u00f1ado para evaluar la integridad estructural y la resistencia a la compresi\u00f3n de botellas y contenedores, incluidos pl\u00e1stico, vidrio y materiales compuestos. Al simular presiones de carga superior similares a las que se encuentran durante el apilado, el env\u00edo y el almacenamiento, esta m\u00e1quina ayuda a garantizar que los contenedores puedan soportar las tensiones de la distribuci\u00f3n sin colapsar ni deformarse. Para industrias como la del embalaje, la alimentaci\u00f3n, las bebidas y los productos farmac\u00e9uticos, las pruebas de aplastamiento de botellas son esenciales para mantener la seguridad del producto y minimizar las posibles p\u00e9rdidas debido a fallas en los contenedores.<\/p>\n<h2>Principales aplicaciones de la prueba de aplastamiento de botellas<\/h2>\n<p>Esta m\u00e1quina cumple una funci\u00f3n fundamental en diversas industrias, entre ellas:<\/p>\n<ul>\n<li><strong>Embalaje<\/strong>:Garantiza la durabilidad del embalaje durante el almacenamiento y el transporte.<\/li>\n<li><strong>Alimentos y bebidas<\/strong>:Evita fugas y contaminaci\u00f3n verificando la resistencia del contenedor.<\/li>\n<li><strong>Productos farmac\u00e9uticos<\/strong>: Protege productos fr\u00e1giles y sensibles durante su manipulaci\u00f3n.<\/li>\n<li><strong>Productos qu\u00edmicos y cosm\u00e9ticos de uso diario<\/strong>:Mantiene la reputaci\u00f3n de la marca al confirmar la calidad del embalaje.<\/li>\n<\/ul>\n<p>Adecuada para probar varios tipos de envases, la m\u00e1quina de prueba de aplastamiento de botellas es muy vers\u00e1til y capaz de manipular botellas, frascos, cartones, tambores y m\u00e1s.<\/p>\n<h2>Caracter\u00edsticas t\u00e9cnicas de la m\u00e1quina de prueba de aplastamiento de botellas<\/h2>\n<p>Nuestra m\u00e1quina de prueba de aplastamiento de botellas est\u00e1 dise\u00f1ada con funciones avanzadas para brindar resultados confiables y precisos:<\/p>\n<ul>\n<li><strong>Control PLC con pantalla t\u00e1ctil HMI<\/strong>:Un sistema de control PLC garantiza un funcionamiento estable, mientras que la pantalla t\u00e1ctil HMI de 7 pulgadas permite realizar pruebas intuitivas y f\u00e1ciles de usar.<\/li>\n<li><strong>Mecanismo de husillo de bolas de precisi\u00f3n<\/strong>:Este mecanismo garantiza una velocidad de prueba constante y un control de desplazamiento preciso, mejorando la confiabilidad de cada prueba.<\/li>\n<li><strong>M\u00faltiples modos de prueba personalizables<\/strong>:\n<ul>\n<li><em>Modo pico<\/em>:Mide la carga de compresi\u00f3n m\u00e1xima.<\/li>\n<li><em>Modo de deformaci\u00f3n fija<\/em>:Mide la carga en una deformaci\u00f3n establecida.<\/li>\n<li><em>Modo de carga fija<\/em>:Monitorea la deformaci\u00f3n bajo una carga constante.<\/li>\n<li><em>Compresi\u00f3n simple<\/em>:Aplica compresi\u00f3n una vez para el an\u00e1lisis.<\/li>\n<li><em>Compresi\u00f3n del ciclo<\/em>:Repite la compresi\u00f3n en ciclos para evaluar la resiliencia.<\/li>\n<\/ul>\n<\/li>\n<li><strong>Caracter\u00edsticas de seguridad<\/strong>:Equipado con protecci\u00f3n contra sobrecarga, funciones de retorno autom\u00e1tico y compatibilidad con m\u00faltiples tama\u00f1os de placas para adaptarse a diversas formas y dimensiones de contenedores.<\/li>\n<li><strong>Opciones de gesti\u00f3n de datos<\/strong>:Incluye una microimpresora para salida de datos y un puerto RS232 para una transferencia de datos sin problemas, lo que admite an\u00e1lisis externo con integraci\u00f3n de software opcional.<\/li>\n<\/ul>\n<h2>Comprensi\u00f3n de la prueba de carga superior de la botella de pl\u00e1stico<\/h2>\n<p>El <strong>Prueba de carga superior de botella de pl\u00e1stico<\/strong> es vital para evaluar la resistencia de una botella frente a la presi\u00f3n vertical aplicada desde la parte superior. Esta prueba, especialmente relevante para las botellas de pl\u00e1stico, eval\u00faa cu\u00e1nta carga puede soportar la botella sin deformarse ni colapsar. Al cuantificar la resistencia a la carga superior, los fabricantes pueden optimizar el uso del material y, al mismo tiempo, garantizar que los envases sigan siendo lo suficientemente resistentes para entornos de alto estr\u00e9s, como el apilamiento en almacenes y la log\u00edstica de transporte.<\/p>\n<h2>Normas y cumplimiento: explicaci\u00f3n de la norma ASTM D2659<\/h2>\n<p><a href=\"https:\/\/www.astm.org\/standards\/d2659.htm\" target=\"_blank\" rel=\"noopener nofollow\"><strong>ASTM D2659<\/strong><\/a> es un m\u00e9todo de prueba est\u00e1ndar para determinar la resistencia a la compresi\u00f3n de los envases de pl\u00e1stico, midiendo espec\u00edficamente su capacidad para soportar la presi\u00f3n de carga superior sin fallar. De conformidad con la norma ASTM D2659, nuestra m\u00e1quina de prueba de aplastamiento de botellas eval\u00faa la durabilidad del envase aplicando fuerzas de compresi\u00f3n desde la parte superior hasta que se observa deformaci\u00f3n estructural o colapso.<\/p>\n<p>Esta m\u00e1quina tambi\u00e9n es compatible con otros est\u00e1ndares de la industria, lo que mejora su versatilidad:<\/p>\n<ul>\n<li><a href=\"https:\/\/www.astm.org\/d4577-19.html\" target=\"_blank\" rel=\"noopener nofollow\"><strong>Norma ASTM D4577<\/strong><\/a>:Eval\u00faa el rendimiento del contenedor en condiciones de carga est\u00e1tica.<\/li>\n<li><a href=\"https:\/\/www.astm.org\/d0642-20.html\" target=\"_blank\" rel=\"noopener nofollow\"><strong>ASTM D642<\/strong><\/a>:Mide la resistencia a la compresi\u00f3n de contenedores y cajas de env\u00edo.<\/li>\n<li><a href=\"https:\/\/www.iso.org\/standard\/35617.html\" target=\"_blank\" rel=\"noopener nofollow\"><strong>ISO 8113<\/strong><\/a>:Ensayos de estabilidad mec\u00e1nica de embalajes.<\/li>\n<li><a href=\"https:\/\/www.astm.org\/d4169-22.html\" target=\"_blank\" rel=\"noopener nofollow\"><strong>ASTM D4169<\/strong><\/a>:Simula las condiciones del entorno de distribuci\u00f3n para probar el rendimiento del embalaje.<\/li>\n<\/ul>\n<h2>Principio de funcionamiento de la m\u00e1quina de prueba de aplastamiento de botellas<\/h2>\n<p>La m\u00e1quina de prueba de aplastamiento de botellas funciona colocando el envase en una plataforma de prueba y aplicando gradualmente presi\u00f3n de carga superior hasta que el envase se deforma o colapsa. La m\u00e1quina registra datos de fuerza m\u00e1xima, que se analizan para evaluar la resistencia estructural en comparaci\u00f3n con est\u00e1ndares espec\u00edficos como ASTM D2659. Al proporcionar resultados precisos y repetibles, esta m\u00e1quina garantiza que los fabricantes puedan validar la integridad del envase para su manipulaci\u00f3n en el mundo real.<\/p>\n<h2>Par\u00e1metros principales de la m\u00e1quina de prueba de aplastamiento de botellas<\/h2>\n<p>Esta m\u00e1quina es altamente configurable para adaptarse a diversos requisitos de prueba:<\/p>\n<ul>\n<li><strong>Rango de carga<\/strong>:Alto rango de carga y precisi\u00f3n adecuado para diferentes tipos de contenedores.<\/li>\n<li><strong>Velocidad ajustable<\/strong>:Permite realizar ajustes de velocidad para que coincidan con protocolos de prueba espec\u00edficos.<\/li>\n<li><strong>Compatibilidad de la placa de compresi\u00f3n<\/strong>:Placas intercambiables para soportar diferentes tama\u00f1os y formas de contenedores.<\/li>\n<li><strong>Opciones de exportaci\u00f3n de datos<\/strong>:Microimpresora y conectividad RS232 para un manejo eficiente de datos.<\/li>\n<\/ul>\n<h2>Ventajas de la m\u00e1quina de prueba de aplastamiento de botellas<\/h2>\n<ul>\n<li><strong>Ahorro de costes y eficiencia<\/strong>:Minimiza el desperdicio de material de embalaje al confirmar la resistencia requerida, lo que reduce los costos asociados con las devoluciones y reemplazos de productos.<\/li>\n<li><strong>Confiabilidad y protecci\u00f3n de marca<\/strong>:Mejora la confiabilidad del producto a trav\u00e9s de pruebas precisas, lo que ayuda a proteger la reputaci\u00f3n de la marca y garantizar la satisfacci\u00f3n del consumidor.<\/li>\n<\/ul>\n<h2>Preguntas frecuentes sobre las m\u00e1quinas de prueba de aplastamiento de botellas<\/h2>\n<ol>\n<li><strong>\u00bfQu\u00e9 es la prueba de aplastamiento de la botella y por qu\u00e9 es importante?<\/strong>\n<ul>\n<li>La prueba de aplastamiento de la botella aplica presi\u00f3n de carga superior para evaluar la durabilidad del envase, garantizando que la botella pueda soportar tensiones de manipulaci\u00f3n sin romperse ni deformarse.<\/li>\n<\/ul>\n<\/li>\n<li><strong>\u00bfC\u00f3mo se aplica la norma ASTM D2659 a las pruebas de aplastamiento de botellas?<\/strong>\n<ul>\n<li>ASTM D2659 describe procedimientos para evaluar la resistencia a la compresi\u00f3n de los contenedores de pl\u00e1stico, garantizando el cumplimiento de los est\u00e1ndares de durabilidad de la industria.<\/li>\n<\/ul>\n<\/li>\n<li><strong>\u00bfQu\u00e9 tipos de botellas puede probar esta m\u00e1quina?<\/strong>\n<ul>\n<li>Esta m\u00e1quina es vers\u00e1til y admite varios tipos de botellas y envases, incluidas botellas de pl\u00e1stico, vidrio y compuestas.<\/li>\n<\/ul>\n<\/li>\n<li><strong>\u00bfC\u00f3mo garantiza la m\u00e1quina la precisi\u00f3n en los resultados de las pruebas?<\/strong>\n<ul>\n<li>Con control PLC, tornillos de avance de precisi\u00f3n y m\u00faltiples modos de prueba, la m\u00e1quina ofrece resultados consistentes y repetibles para evaluaciones de rendimiento confiables.<\/li>\n<\/ul>\n<\/li>\n<li><strong>\u00bfCu\u00e1les son las caracter\u00edsticas clave que hacen que esta m\u00e1quina sea confiable?<\/strong>\n<ul>\n<li>El control PLC avanzado, las opciones de prueba personalizables, los mecanismos de seguridad y las amplias capacidades de gesti\u00f3n de datos garantizan precisi\u00f3n, eficiencia y facilidad de uso.<\/li>\n<\/ul>\n<\/li>\n<\/ol>","protected":false},"excerpt":{"rendered":"<p>El <strong>M\u00e1quina de prueba de aplastamiento de botellas<\/strong> es un instrumento especializado dise\u00f1ado para evaluar la integridad estructural y la resistencia a la compresi\u00f3n de botellas y contenedores, incluidos pl\u00e1stico, vidrio y materiales compuestos. Al simular presiones de carga superior similares a las que se encuentran durante el apilado, el env\u00edo y el almacenamiento, esta m\u00e1quina ayuda a garantizar que los contenedores puedan soportar las tensiones de la distribuci\u00f3n sin colapsar ni deformarse. Para industrias como la del embalaje, la alimentaci\u00f3n, las bebidas y los productos farmac\u00e9uticos, las pruebas de aplastamiento de botellas son esenciales para mantener la seguridad del producto y minimizar las posibles p\u00e9rdidas debido a fallas en los contenedores.<\/p>","protected":false},"featured_media":6253,"comment_status":"closed","ping_status":"closed","template":"","meta":{"site-sidebar-layout":"default","site-content-layout":"default","ast-global-header-display":"","ast-main-header-display":"","ast-hfb-above-header-display":"","ast-hfb-below-header-display":"","ast-hfb-mobile-header-display":"","site-post-title":"","ast-breadcrumbs-content":"","ast-featured-img":"","footer-sml-layout":"","theme-transparent-header-meta":"default","adv-header-id-meta":"","stick-header-meta":"","header-above-stick-meta":"","header-main-stick-meta":"","header-below-stick-meta":""},"product_cat":[845,1071,1069,1072,1068,1073,1113,17,16,95],"product_tag":[],"class_list":{"0":"post-5377","1":"product","2":"type-product","3":"status-publish","4":"has-post-thumbnail","6":"product_cat-customization","7":"product_cat-astm-d2659","8":"product_cat-astm-d4169","9":"product_cat-astm-d4577","10":"product_cat-astm-d642","11":"product_cat-iso-8113","12":"product_cat-top-load-tester","13":"product_cat-package-container-testers","14":"product_cat-plastic-packaging-testers","15":"product_cat-products","16":"desktop-align-left","17":"tablet-align-left","18":"mobile-align-left","20":"first","21":"instock","22":"shipping-taxable","23":"product-type-simple"},"_links":{"self":[{"href":"https:\/\/www.qualitester.com\/es\/wp-json\/wp\/v2\/product\/5377","targetHints":{"allow":["GET"]}}],"collection":[{"href":"https:\/\/www.qualitester.com\/es\/wp-json\/wp\/v2\/product"}],"about":[{"href":"https:\/\/www.qualitester.com\/es\/wp-json\/wp\/v2\/types\/product"}],"replies":[{"embeddable":true,"href":"https:\/\/www.qualitester.com\/es\/wp-json\/wp\/v2\/comments?post=5377"}],"version-history":[{"count":0,"href":"https:\/\/www.qualitester.com\/es\/wp-json\/wp\/v2\/product\/5377\/revisions"}],"wp:featuredmedia":[{"embeddable":true,"href":"https:\/\/www.qualitester.com\/es\/wp-json\/wp\/v2\/media\/6253"}],"wp:attachment":[{"href":"https:\/\/www.qualitester.com\/es\/wp-json\/wp\/v2\/media?parent=5377"}],"wp:term":[{"taxonomy":"product_cat","embeddable":true,"href":"https:\/\/www.qualitester.com\/es\/wp-json\/wp\/v2\/product_cat?post=5377"},{"taxonomy":"product_tag","embeddable":true,"href":"https:\/\/www.qualitester.com\/es\/wp-json\/wp\/v2\/product_tag?post=5377"}],"curies":[{"name":"wp","href":"https:\/\/api.w.org\/{rel}","templated":true}]}}