{"id":5369,"date":"2024-11-15T10:55:36","date_gmt":"2024-11-15T02:55:36","guid":{"rendered":"https:\/\/www.qualitester.com\/?post_type=product&#038;p=5369"},"modified":"2024-12-05T13:27:43","modified_gmt":"2024-12-05T05:27:43","slug":"sale-beverage-carbonation-tester","status":"publish","type":"product","link":"https:\/\/www.qualitester.com\/es\/producto\/sale-beverage-carbonation-tester\/","title":{"rendered":"Comprobador de carbonataci\u00f3n de bebidas CLRT-02"},"content":{"rendered":"<p>El comprobador de carbonataci\u00f3n de bebidas es un instrumento esencial para garantizar la calidad y consistencia de las bebidas carbonatadas. Dise\u00f1ado para medir con precisi\u00f3n el volumen de CO\u2082, este dispositivo ayuda a los productores a ofrecer productos que cumplen las normas de sabor y seguridad. Utilizado ampliamente en la industria de bebidas, el comprobador de carbonataci\u00f3n ayuda en el control de calidad y la investigaci\u00f3n al proporcionar un medio eficaz y fiable de verificar los niveles de carbonataci\u00f3n en bebidas como refrescos, agua con gas y bebidas aromatizadas.<\/p>\n<h2>Aplicaciones clave del comprobador de carbonataci\u00f3n de bebidas<\/h2>\n<p>El comprobador de carbonataci\u00f3n tiene un valor incalculable en m\u00faltiples sectores, como la producci\u00f3n de alimentos y bebidas, el envasado y el control de calidad. Gracias a su capacidad para medir con precisi\u00f3n los niveles de CO\u2082, el comprobador garantiza que las bebidas mantengan la efervescencia y el perfil de sabor deseados a lo largo del tiempo. Este equipo es especialmente beneficioso para los organismos de inspecci\u00f3n de calidad, las empresas embotelladoras y los laboratorios de I+D del sector de las bebidas.<\/p>\n<h2>Descripci\u00f3n general de la norma ASTM F1115 para ensayos de carbonataci\u00f3n<\/h2>\n<p><a href=\"https:\/\/www.astm.org\/f1115-16r23.html\" target=\"_blank\" rel=\"noopener nofollow\">Norma ASTM F1115<\/a>, una norma reconocida en las pruebas de bebidas, describe los m\u00e9todos para determinar con precisi\u00f3n el volumen de carbonataci\u00f3n en las bebidas envasadas. Proporciona directrices claras para medir la presi\u00f3n y la temperatura, que son esenciales para una evaluaci\u00f3n precisa de la carbonataci\u00f3n. Siguiendo la norma ASTM F1115, los fabricantes de bebidas pueden garantizar que sus productos alcanzan una calidad constante y cumplen las normas del mercado.<\/p>\n<h2>Procedimiento de prueba con el medidor de carbonataci\u00f3n de bebidas<\/h2>\n<p>El comprobador de carbonataci\u00f3n de bebidas presenta un proceso sencillo pero eficaz dise\u00f1ado para obtener resultados precisos. Este proceso paso a paso cumple plenamente las normas ASTM F1115:<\/p>\n<ol>\n<li><strong>Perforar el tap\u00f3n de la botella:<\/strong> El comprobador comienza perforando el tap\u00f3n de la botella para permitir el acceso a la presi\u00f3n interna de la bebida.<\/li>\n<li><strong>Abra la v\u00e1lvula de ventilaci\u00f3n:<\/strong> Libere cualquier exceso de presi\u00f3n a trav\u00e9s de la v\u00e1lvula de ventilaci\u00f3n para estabilizar las condiciones para la medici\u00f3n.<\/li>\n<li><strong>Agita la botella:<\/strong> Realizar una agitaci\u00f3n en\u00e9rgica durante 40 segundos para activar la liberaci\u00f3n del CO\u2082 disuelto.<\/li>\n<li><strong>Cierre la v\u00e1lvula de ventilaci\u00f3n:<\/strong> Despu\u00e9s de la fase de liberaci\u00f3n, cierre la v\u00e1lvula para evitar nuevos cambios de presi\u00f3n.<\/li>\n<li><strong>Medir la presi\u00f3n y la temperatura:<\/strong> Con la presi\u00f3n estabilizada, registre las mediciones en MPa u otra unidad aplicable mientras mide simult\u00e1neamente la temperatura del l\u00edquido.<\/li>\n<li><strong>Calcular el volumen de CO\u2082:<\/strong> Utilice estos valores junto con una tabla de volumen de carbonataci\u00f3n para determinar el volumen final de CO\u2082, proporcionando un an\u00e1lisis completo de la carbonataci\u00f3n.<\/li>\n<\/ol>\n<h2>Caracter\u00edsticas t\u00e9cnicas del comprobador de carbonataci\u00f3n de bebidas<\/h2>\n<p>Este comprobador de la carbonataci\u00f3n est\u00e1 dise\u00f1ado para ofrecer precisi\u00f3n y facilidad de uso, con caracter\u00edsticas t\u00e9cnicas que garantizan resultados fiables en cada prueba:<\/p>\n<ul>\n<li><strong>Cabeza perforante:<\/strong> Este cabezal de perforaci\u00f3n duradero est\u00e1 tratado t\u00e9rmicamente para una mayor longevidad y proporciona un rendimiento estable durante todo el proceso de prueba.<\/li>\n<li><strong>Man\u00f3metro de alta precisi\u00f3n:<\/strong> El man\u00f3metro permite conversiones multiunidad, lo que facilita la interpretaci\u00f3n en regiones con normas de medici\u00f3n diferentes.<\/li>\n<li><strong>Dise\u00f1o antifugas:<\/strong> El sistema antifugas, una caracter\u00edstica de dise\u00f1o fundamental, mantiene la integridad de la prueba y evita la p\u00e9rdida de CO\u2082, lo que garantiza unos resultados fiables.<\/li>\n<li><strong>V\u00e1lvula y tuber\u00eda de ventilaci\u00f3n:<\/strong> Equipado con una v\u00e1lvula y un tubo de ventilaci\u00f3n, el comprobador permite una liberaci\u00f3n controlada de la presi\u00f3n para estabilizar las condiciones de la prueba.<\/li>\n<\/ul>\n<h2>Par\u00e1metros principales del analizador de carbonataci\u00f3n de bebidas<\/h2>\n<p>El comprobador de carbonataci\u00f3n es adecuado para comprobar una gran variedad de tama\u00f1os de botellas de bebidas con una altura de hasta 350 mm y ofrece las siguientes especificaciones clave:<\/p>\n<ul>\n<li><strong>Alcance de la prueba:<\/strong> 0~1MPa, que cubre los niveles de carbonataci\u00f3n est\u00e1ndar en la mayor\u00eda de las bebidas.<\/li>\n<li><strong>Resoluci\u00f3n:<\/strong> 0,0001MPa, garantizando la precisi\u00f3n en cada medici\u00f3n.<\/li>\n<li><strong>Sacudidas y perforaciones manuales:<\/strong> Proporciona a los usuarios control sobre el proceso de ensayo, lo que hace que el instrumento sea vers\u00e1til y adaptable.<\/li>\n<\/ul>\n<h2>Cumplimiento de las principales normas (ASTM F1115, GB\/T 10792)<\/h2>\n<p>Este comprobador de carbonataci\u00f3n cumple las normas ASTM F1115 y GB\/T 10792. Mientras que la norma ASTM F1115 rige los m\u00e9todos de ensayo en los mercados occidentales, la GB\/T 10792 est\u00e1 ampliamente reconocida en los mercados asi\u00e1ticos. El cumplimiento de estas normas demuestra la versatilidad y la idoneidad del comprobador para los protocolos de control de calidad globales, lo que lo convierte en una opci\u00f3n ideal para los productores internacionales de bebidas.<\/p>\n<h2>Ventajas de utilizar el comprobador de carbonataci\u00f3n de bebidas<\/h2>\n<p>Este comprobador de carbonataci\u00f3n ofrece muchas ventajas a los fabricantes de bebidas que buscan una carbonataci\u00f3n homog\u00e9nea y de alta calidad en sus productos:<\/p>\n<ul>\n<li><strong>Resultados precisos y fiables:<\/strong> El dise\u00f1o del comprobador permite medir con precisi\u00f3n el volumen de CO\u2082, lo que garantiza la calidad del producto y la uniformidad del sabor.<\/li>\n<li><strong>Dise\u00f1o f\u00e1cil de usar:<\/strong> Con un proceso de pruebas sencillo y una construcci\u00f3n duradera, facilita un funcionamiento eficaz tanto en entornos de I+D como de producci\u00f3n.<\/li>\n<li><strong>Cumplimiento reforzado:<\/strong> Al cumplir la norma ASTM F1115 y otras normas pertinentes, el comprobador de carbonataci\u00f3n contribuye a garantizar la calidad y el cumplimiento de las normas del sector.<\/li>\n<\/ul>\n<h2>PREGUNTAS FRECUENTES: Comprobador de carbonataci\u00f3n de bebidas y ASTM F1115<\/h2>\n<ol>\n<li><strong>\u00bfQu\u00e9 tipos de bebidas pueden analizarse?<\/strong><br \/>\nEl comprobador es ideal para bebidas carbonatadas, incluidos refrescos, agua con gas y bebidas aromatizadas.<\/li>\n<li><strong>\u00bfC\u00f3mo mantiene el comprobador la precisi\u00f3n de la presi\u00f3n?<\/strong><br \/>\nIncorpora un man\u00f3metro de alta precisi\u00f3n y un dise\u00f1o antifugas para estabilizar las lecturas.<\/li>\n<li><strong>\u00bfPor qu\u00e9 es importante la norma ASTM F1115 en las pruebas de carbonataci\u00f3n?<\/strong><br \/>\nLa norma ASTM F1115 describe los procedimientos necesarios para medir con precisi\u00f3n el volumen de carbonataci\u00f3n, garantizando resultados fiables.<\/li>\n<li><strong>\u00bfSe puede utilizar este comprobador para diferentes tama\u00f1os de botella?<\/strong><br \/>\nS\u00ed, admite botellas de hasta 350 mm de altura, lo que la hace vers\u00e1til para diversos productos.<\/li>\n<li><strong>\u00bfC\u00f3mo influye la agitaci\u00f3n manual en la precisi\u00f3n de las pruebas?<\/strong><br \/>\nLa agitaci\u00f3n manual garantiza una liberaci\u00f3n constante de CO\u2082, lo que permite una medida m\u00e1s precisa de la carbonataci\u00f3n cuando se utiliza de forma constante.<\/li>\n<\/ol>\n<div id=\"gtx-anchor\" style=\"position: absolute; visibility: hidden; left: 349.984px; top: 132.109px; width: 408.25px; height: 31px;\"><\/div>\n<div class=\"jfk-bubble gtx-bubble\" style=\"visibility: visible; left: -114px; top: 173px; opacity: 1;\" role=\"alertdialog\" aria-describedby=\"bubble-3\">\n<div id=\"bubble-3\" class=\"jfk-bubble-content-id\">\n<div id=\"gtx-host\" style=\"min-width: 200px; max-width: 400px;\"><\/div>\n<\/div>\n<div class=\"jfk-bubble-closebtn-id jfk-bubble-closebtn\" tabindex=\"0\" role=\"button\" aria-label=\"Cerca\"><\/div>\n<div class=\"jfk-bubble-arrow-id jfk-bubble-arrow jfk-bubble-arrowup\" style=\"left: 553.984px;\">\n<div class=\"jfk-bubble-arrowimplbefore\"><\/div>\n<div class=\"jfk-bubble-arrowimplafter\"><\/div>\n<\/div>\n<\/div>","protected":false},"excerpt":{"rendered":"<p>El comprobador de carbonataci\u00f3n de bebidas es un instrumento esencial para garantizar la calidad y consistencia de las bebidas carbonatadas. Dise\u00f1ado para medir con precisi\u00f3n el volumen de CO\u2082, este dispositivo ayuda a los productores a ofrecer productos que cumplen las normas de sabor y seguridad. Utilizado ampliamente en la industria de bebidas, el comprobador de carbonataci\u00f3n ayuda en el control de calidad y la investigaci\u00f3n al proporcionar un medio eficaz y fiable de verificar los niveles de carbonataci\u00f3n en bebidas como refrescos, agua con gas y bebidas aromatizadas.<\/p>","protected":false},"featured_media":6239,"comment_status":"closed","ping_status":"closed","template":"","meta":{"site-sidebar-layout":"default","site-content-layout":"default","ast-global-header-display":"","ast-main-header-display":"","ast-hfb-above-header-display":"","ast-hfb-below-header-display":"","ast-hfb-mobile-header-display":"","site-post-title":"","ast-breadcrumbs-content":"","ast-featured-img":"","footer-sml-layout":"","theme-transparent-header-meta":"default","adv-header-id-meta":"","stick-header-meta":"","header-above-stick-meta":"","header-main-stick-meta":"","header-below-stick-meta":""},"product_cat":[845,953,932,956,955,954,957,958,952,959,17,140,95],"product_tag":[],"class_list":{"0":"post-5369","1":"product","2":"type-product","3":"status-publish","4":"has-post-thumbnail","6":"product_cat-customization","7":"product_cat-bursting-tester","8":"product_cat-co2-volume-tester","9":"product_cat-cobb-tester","10":"product_cat-crush-tester","11":"product_cat-paper-tear-tester","12":"product_cat-plybond-tester","13":"product_cat-puncture-tester","14":"product_cat-rub-tester","15":"product_cat-stiffness-tester","16":"product_cat-package-container-testers","17":"product_cat-astm-f1115","18":"product_cat-products","19":"desktop-align-left","20":"tablet-align-left","21":"mobile-align-left","23":"first","24":"instock","25":"shipping-taxable","26":"product-type-simple"},"_links":{"self":[{"href":"https:\/\/www.qualitester.com\/es\/wp-json\/wp\/v2\/product\/5369","targetHints":{"allow":["GET"]}}],"collection":[{"href":"https:\/\/www.qualitester.com\/es\/wp-json\/wp\/v2\/product"}],"about":[{"href":"https:\/\/www.qualitester.com\/es\/wp-json\/wp\/v2\/types\/product"}],"replies":[{"embeddable":true,"href":"https:\/\/www.qualitester.com\/es\/wp-json\/wp\/v2\/comments?post=5369"}],"version-history":[{"count":0,"href":"https:\/\/www.qualitester.com\/es\/wp-json\/wp\/v2\/product\/5369\/revisions"}],"wp:featuredmedia":[{"embeddable":true,"href":"https:\/\/www.qualitester.com\/es\/wp-json\/wp\/v2\/media\/6239"}],"wp:attachment":[{"href":"https:\/\/www.qualitester.com\/es\/wp-json\/wp\/v2\/media?parent=5369"}],"wp:term":[{"taxonomy":"product_cat","embeddable":true,"href":"https:\/\/www.qualitester.com\/es\/wp-json\/wp\/v2\/product_cat?post=5369"},{"taxonomy":"product_tag","embeddable":true,"href":"https:\/\/www.qualitester.com\/es\/wp-json\/wp\/v2\/product_tag?post=5369"}],"curies":[{"name":"wp","href":"https:\/\/api.w.org\/{rel}","templated":true}]}}