{"id":5348,"date":"2024-11-14T11:21:52","date_gmt":"2024-11-14T03:21:52","guid":{"rendered":"https:\/\/www.qualitester.com\/?post_type=product&#038;p=5348"},"modified":"2024-12-05T15:24:30","modified_gmt":"2024-12-05T07:24:30","slug":"sale-crush-resistance-tester","status":"publish","type":"product","link":"https:\/\/www.qualitester.com\/es\/producto\/sale-crush-resistance-tester\/","title":{"rendered":"Probador de aplastamiento YSD-01"},"content":{"rendered":"<h2>Descripci\u00f3n general del comprobador de resistencia al aplastamiento<\/h2>\n<p>El comprobador de resistencia al aplastamiento (YSD-01) es un instrumento de prueba de alta precisi\u00f3n dise\u00f1ado para evaluar la resistencia al aplastamiento de los materiales de embalaje, en particular el cart\u00f3n y el papel corrugado. Este comprobador es esencial para las industrias que dependen de embalajes duraderos y resistentes para proteger los productos durante el almacenamiento y el transporte. Al medir con precisi\u00f3n las fuerzas de compresi\u00f3n en el plano que pueden soportar los materiales, el YSD-01 garantiza que el embalaje cumpla con los est\u00e1ndares de rendimiento requeridos, lo que reduce el riesgo de da\u00f1os al producto durante el transporte.<\/p>\n<h2>Aplicaciones clave del comprobador de resistencia al aplastamiento<\/h2>\n<ul>\n<li>Industria del embalaje y el env\u00edo: este comprobador es muy \u00fatil para evaluar los contenedores de cart\u00f3n corrugado y de fibra de madera que se utilizan en el sector del embalaje. Al evaluar la resistencia al aplastamiento de estos materiales, los fabricantes pueden optimizar el dise\u00f1o del embalaje para soportar diversas fuerzas de compresi\u00f3n que se encuentran durante la manipulaci\u00f3n, el apilado y el env\u00edo.<\/li>\n<li>Industrias que se benefician de las pruebas de resistencia al aplastamiento: el comprobador de resistencia al aplastamiento respalda el control de calidad en m\u00faltiples industrias, incluidas las de alimentos y bebidas, productos farmac\u00e9uticos, productos electr\u00f3nicos, productos qu\u00edmicos de uso diario y m\u00e1s. Al ayudar a garantizar la durabilidad del embalaje, ayuda a preservar la integridad del producto desde la producci\u00f3n hasta el uso final.<\/li>\n<\/ul>\n<h2>Comprensi\u00f3n de los tipos y m\u00e9todos de pruebas de resistencia al aplastamiento<\/h2>\n<p>El YSD-01 es vers\u00e1til y est\u00e1 equipado para realizar una variedad de pruebas de resistencia al aplastamiento. Cada prueba eval\u00faa caracter\u00edsticas espec\u00edficas de los materiales de embalaje para garantizar que cumplan con las rigurosas demandas de la industria.<\/p>\n<ul>\n<li>Prueba de compresi\u00f3n de canto (ECT): esta prueba eval\u00faa la resistencia a la compresi\u00f3n de canto perpendicular al eje de las estr\u00edas del tablero de fibra. La ECT es una medida fundamental para evaluar la resistencia al apilamiento de los materiales de embalaje de cart\u00f3n corrugado.<\/li>\n<li>Prueba de aplastamiento anular (RCT): la RCT determina la resistencia a la compresi\u00f3n de los bordes, o resistencia al aplastamiento anular, del papel y el cart\u00f3n. Esta prueba proporciona informaci\u00f3n sobre la integridad estructural del material y su resistencia a las fuerzas de aplastamiento.<\/li>\n<li>Prueba de adhesi\u00f3n de pasadores (PAT): se utiliza para medir la fuerza necesaria para separar el cart\u00f3n corrugado entre las puntas de las flautas y los revestimientos del cart\u00f3n corrugado; la PAT es crucial para garantizar la resistencia de la uni\u00f3n dentro de las capas del cart\u00f3n corrugado.<\/li>\n<li>Prueba de aplastamiento plano (FCT): esta prueba mide la resistencia al aplastamiento plano de tableros de fibra corrugados de una sola cara y de una sola pared. La FCT es esencial para comprender qu\u00e9 tan bien el material puede resistir las fuerzas de compresi\u00f3n aplicadas sobre su superficie.<\/li>\n<li>Prueba del medio corrugado (CMT): la prueba CMT eval\u00faa la resistencia al aplastamiento plano del medio corrugado despu\u00e9s del acanalado en laboratorio, lo que ayuda a garantizar la durabilidad del medio en aplicaciones del mundo real.<\/li>\n<li>Prueba de aplastamiento Concora (CCT): esta prueba mide la fuerza m\u00e1xima de compresi\u00f3n de borde que una pieza de prueba acanalada en laboratorio puede soportar antes de fallar, lo que es fundamental para evaluar la resistencia de carga del medio corrugado.<\/li>\n<\/ul>\n<h2>Normas relevantes para pruebas de resistencia al aplastamiento<\/h2>\n<p>El comprobador de resistencia al aplastamiento cumple con varios est\u00e1ndares de la industria, que garantizan resultados de pruebas consistentes, precisos y confiables:<\/p>\n<ul>\n<li>Normas RCT: GB\/T 2679.8, <a href=\"https:\/\/www.iso.org\/standard\/51263.html\" target=\"_blank\" rel=\"noopener nofollow\">ISO 12192<\/a>, TAPPI T822 \u2013 Estas normas establecen protocolos para medir la resistencia al aplastamiento del anillo.<\/li>\n<li>Normas ECT: GB\/T 6546, <a href=\"https:\/\/www.iso.org\/standard\/80310.html\" target=\"_blank\" rel=\"noopener nofollow\">ISO 3037<\/a>TAPPI T811, T838, T839: garantiza la precisi\u00f3n de las pruebas de resistencia al aplastamiento de los bordes para aplicaciones de embalaje.<\/li>\n<li>Normas PAT: GB\/T 6548, TAPPI T821, JIS Z 0402: define m\u00e9todos de prueba para medir la adhesi\u00f3n entre las puntas de las flautas y el cart\u00f3n de revestimiento en materiales corrugados.<\/li>\n<li>Normas FCT: GB\/T 22874, ISO 3035, TAPPI T825: regula los procedimientos para las pruebas de resistencia al aplastamiento plano del tablero de fibra corrugado.<\/li>\n<li>Normas CMT: ISO 7263-1, TAPPI T809, QB\/T 1061, GB 2679.6: proporciona pautas estandarizadas para evaluar la resistencia al aplastamiento plano del medio corrugado.<\/li>\n<li>Normas CCT: ISO 16945, TAPPI T843: establece el punto de referencia para evaluar la fuerza de compresi\u00f3n de canto en piezas de prueba estriadas de laboratorio.<\/li>\n<\/ul>\n<p>Estas normas respaldan el aseguramiento de la calidad al validar el desempe\u00f1o del probador en diversas mediciones de resistencia al aplastamiento, lo que garantiza que los materiales cumplan con los altos est\u00e1ndares de la industria en cuanto a durabilidad y resistencia.<\/p>\n<h2>Especificaciones t\u00e9cnicas del comprobador de resistencia al aplastamiento (YSD-01)<\/h2>\n<table>\n<tbody>\n<tr>\n<td style=\"text-align: center;\" width=\"167\">Campo de pruebas<\/td>\n<td style=\"text-align: center;\" width=\"167\">5 ~ 3000 N<\/td>\n<\/tr>\n<tr>\n<td style=\"text-align: center;\" width=\"167\">Exactitud<\/td>\n<td style=\"text-align: center;\" width=\"167\">\u2264\u00b11%<\/td>\n<\/tr>\n<tr>\n<td style=\"text-align: center;\" width=\"167\">Resoluci\u00f3n<\/td>\n<td style=\"text-align: center;\" width=\"167\">0,01 N<\/td>\n<\/tr>\n<tr>\n<td style=\"text-align: center;\" width=\"167\">Paralelismo de platinas<\/td>\n<td style=\"text-align: center;\" width=\"167\">\u22640,05 mm<\/td>\n<\/tr>\n<tr>\n<td style=\"text-align: center;\" width=\"167\">Prueba de velocidad<\/td>\n<td style=\"text-align: center;\" width=\"167\">12,5 \u00b1 1 mm\/min<\/td>\n<\/tr>\n<tr>\n<td style=\"text-align: center;\" width=\"167\">Di\u00e1metro de la platina<\/td>\n<td style=\"text-align: center;\" width=\"167\">125 mm<\/td>\n<\/tr>\n<tr>\n<td style=\"text-align: center;\" width=\"167\">Ataque<\/td>\n<td style=\"text-align: center;\" width=\"167\">80 mm<\/td>\n<\/tr>\n<tr>\n<td style=\"text-align: center;\" width=\"167\">Modo de prueba<\/td>\n<td style=\"text-align: center;\" width=\"167\">RCT, ECT, FCT, PAT, CMT, CCT<\/td>\n<\/tr>\n<tr>\n<td style=\"text-align: center;\" width=\"167\">Interfaz hombre-m\u00e1quina (IHM)<\/td>\n<td style=\"text-align: center;\" width=\"167\">Pantalla t\u00e1ctil de 7 pulgadas<\/td>\n<\/tr>\n<tr>\n<td style=\"text-align: center;\" width=\"167\">Salida de impresi\u00f3n<\/td>\n<td style=\"text-align: center;\" width=\"167\">Impresora t\u00e9rmica integrada<\/td>\n<\/tr>\n<tr>\n<td style=\"text-align: center;\" width=\"167\">Dimensiones<\/td>\n<td style=\"text-align: center;\" width=\"167\">400*360*550 mm<\/td>\n<\/tr>\n<tr>\n<td style=\"text-align: center;\" width=\"167\">Peso<\/td>\n<td style=\"text-align: center;\" width=\"167\">Aproximadamente 45 kg<\/td>\n<\/tr>\n<\/tbody>\n<\/table>\n<h2>Ventajas del comprobador de resistencia al aplastamiento<\/h2>\n<ul>\n<li>Precisi\u00f3n y confiabilidad: dise\u00f1ado para brindar precisi\u00f3n, el YSD-01 ofrece una medici\u00f3n precisa con un error m\u00ednimo, lo que lo hace ideal para entornos de control de calidad exigentes.<\/li>\n<li>Versatilidad en todos los m\u00e9todos de prueba: con capacidades para diversas pruebas de aplastamiento, el probador permite a las empresas realizar evaluaciones integrales de la resistencia y el rendimiento del material dentro de una sola unidad.<\/li>\n<li>Operaci\u00f3n f\u00e1cil de usar: La pantalla t\u00e1ctil de 7 pulgadas y la impresora t\u00e9rmica incorporada simplifican los procesos de prueba, lo que permite a los usuarios configurar, ejecutar y documentar los resultados r\u00e1pidamente.<\/li>\n<\/ul>\n<p>El comprobador de resistencia al aplastamiento (YSD-01) es un instrumento esencial para las industrias que se centran en mantener altos est\u00e1ndares de calidad de los envases. Sus vers\u00e1tiles capacidades de prueba, su cumplimiento de los est\u00e1ndares de la industria y sus resultados de alta precisi\u00f3n lo convierten en una herramienta valiosa para las empresas que necesitan garantizar la seguridad de los productos y la integridad de los envases en toda la cadena de suministro.<\/p>","protected":false},"excerpt":{"rendered":"<p>El <strong>Comprobador de resistencia al aplastamiento (YSD-01)<\/strong> es un instrumento de prueba de alta precisi\u00f3n dise\u00f1ado para evaluar la resistencia al aplastamiento de los materiales de embalaje, en particular el cart\u00f3n y el papel corrugado. Este comprobador es esencial para las industrias que dependen de embalajes duraderos y resistentes para proteger los productos durante el almacenamiento y el transporte. Al medir con precisi\u00f3n las fuerzas de compresi\u00f3n en el plano que pueden soportar los materiales, el YSD-01 garantiza que el embalaje cumpla con los est\u00e1ndares de rendimiento requeridos, lo que reduce el riesgo de da\u00f1os al producto durante el transporte.<\/p>","protected":false},"featured_media":6293,"comment_status":"closed","ping_status":"closed","template":"","meta":{"site-sidebar-layout":"default","site-content-layout":"default","ast-global-header-display":"","ast-main-header-display":"","ast-hfb-above-header-display":"","ast-hfb-below-header-display":"","ast-hfb-mobile-header-display":"","site-post-title":"","ast-breadcrumbs-content":"","ast-featured-img":"","footer-sml-layout":"","theme-transparent-header-meta":"default","adv-header-id-meta":"","stick-header-meta":"","header-above-stick-meta":"","header-main-stick-meta":"","header-below-stick-meta":""},"product_cat":[845,953,956,955,1100,1107,1110,1102,954,957,958,952,959,1104,1109,1103,1106,1101,1108,1105,1111,44,95],"product_tag":[],"class_list":{"0":"post-5348","1":"product","2":"type-product","3":"status-publish","4":"has-post-thumbnail","6":"product_cat-customization","7":"product_cat-bursting-tester","8":"product_cat-cobb-tester","9":"product_cat-crush-tester","10":"product_cat-iso-12192","11":"product_cat-iso-3035","12":"product_cat-iso16945","13":"product_cat-iso3037","14":"product_cat-paper-tear-tester","15":"product_cat-plybond-tester","16":"product_cat-puncture-tester","17":"product_cat-rub-tester","18":"product_cat-stiffness-tester","19":"product_cat-tappi-t-838","20":"product_cat-tappi-t809","21":"product_cat-tappi-t811","22":"product_cat-tappi-t821","23":"product_cat-tappi-t822","24":"product_cat-tappi-t825","25":"product_cat-tappi-t839","26":"product_cat-tappi-t843","27":"product_cat-paper-and-board-testers","28":"product_cat-products","29":"desktop-align-left","30":"tablet-align-left","31":"mobile-align-left","33":"first","34":"instock","35":"shipping-taxable","36":"product-type-simple"},"_links":{"self":[{"href":"https:\/\/www.qualitester.com\/es\/wp-json\/wp\/v2\/product\/5348","targetHints":{"allow":["GET"]}}],"collection":[{"href":"https:\/\/www.qualitester.com\/es\/wp-json\/wp\/v2\/product"}],"about":[{"href":"https:\/\/www.qualitester.com\/es\/wp-json\/wp\/v2\/types\/product"}],"replies":[{"embeddable":true,"href":"https:\/\/www.qualitester.com\/es\/wp-json\/wp\/v2\/comments?post=5348"}],"version-history":[{"count":0,"href":"https:\/\/www.qualitester.com\/es\/wp-json\/wp\/v2\/product\/5348\/revisions"}],"wp:featuredmedia":[{"embeddable":true,"href":"https:\/\/www.qualitester.com\/es\/wp-json\/wp\/v2\/media\/6293"}],"wp:attachment":[{"href":"https:\/\/www.qualitester.com\/es\/wp-json\/wp\/v2\/media?parent=5348"}],"wp:term":[{"taxonomy":"product_cat","embeddable":true,"href":"https:\/\/www.qualitester.com\/es\/wp-json\/wp\/v2\/product_cat?post=5348"},{"taxonomy":"product_tag","embeddable":true,"href":"https:\/\/www.qualitester.com\/es\/wp-json\/wp\/v2\/product_tag?post=5348"}],"curies":[{"name":"wp","href":"https:\/\/api.w.org\/{rel}","templated":true}]}}