{"id":5339,"date":"2024-11-14T10:55:57","date_gmt":"2024-11-14T02:55:57","guid":{"rendered":"https:\/\/www.qualitester.com\/?post_type=product&#038;p=5339"},"modified":"2024-12-05T15:14:48","modified_gmt":"2024-12-05T07:14:48","slug":"sale-laboratory-valley-beater-pulp","status":"publish","type":"product","link":"https:\/\/www.qualitester.com\/es\/producto\/sale-laboratory-valley-beater-pulp\/","title":{"rendered":"Batidor de valle VB-01"},"content":{"rendered":"<p>El <strong>Batidora de laboratorio (VB-01)<\/strong> es un instrumento de \u00faltima generaci\u00f3n dise\u00f1ado para el refinamiento preciso de la pulpa en laboratorios de fabricaci\u00f3n de papel. Construido para cumplir con los estrictos est\u00e1ndares internacionales, este Valley Beater de 23 litros es esencial para desarrollar y probar las propiedades de la fibra necesarias para la producci\u00f3n de papel de alta calidad. El VB-01 utiliza fuerzas mec\u00e1nicas entre un rodillo batidor y una cuchilla inferior para refinar, amasar y procesar varios tipos de fibra, lo que garantiza una producci\u00f3n de pulpa controlada y constante para aplicaciones industriales y de investigaci\u00f3n.<\/p>\n<h2>Aplicaciones clave e importancia del batidor de laboratorio<\/h2>\n<p>El batidor de laboratorio Valley es fundamental para optimizar las propiedades de la pulpa en diversos materiales fibrosos, incluidas fibras vegetales, fibras sint\u00e9ticas, fibras de carbono y fibras de vidrio. Desempe\u00f1a un papel fundamental en:<\/p>\n<ul>\n<li><strong>Mejorar la calidad del papel<\/strong>:Al ajustar las propiedades de la fibra, el VB-01 ayuda a lograr la resistencia a la tracci\u00f3n, la textura de la superficie y la consistencia de calidad deseadas en los productos de papel.<\/li>\n<li><strong>Investigaci\u00f3n y desarrollo<\/strong>:Ideal para probar y estudiar las caracter\u00edsticas de la fibra, el Valley Beater es invaluable para la investigaci\u00f3n cient\u00edfica, la formulaci\u00f3n de pulpa y el desarrollo de procesos.<\/li>\n<li><strong>Control de calidad<\/strong>Como dispositivo de laboratorio confiable, el VB-01 permite realizar evaluaciones de calidad precisas, garantizando la consistencia de la pulpa y ayudando a cumplir con los est\u00e1ndares de producci\u00f3n.<\/li>\n<\/ul>\n<h2>Cumplimiento de la norma ISO 5264-1 y normas relacionadas<\/h2>\n<p>El <strong>Batidora de laboratorio VB-01<\/strong> se alinea con el <a href=\"https:\/\/www.iso.org\/standard\/11258.html\" target=\"_blank\" rel=\"noopener nofollow\"><strong>ISO 5264-1<\/strong><\/a> Norma, una directriz internacional clave para el batido y prueba de pulpa. <a href=\"https:\/\/www.qualitester.com\/es\/categoria-producto\/iso\/iso-5264-1\/\" target=\"_blank\" rel=\"noopener\">ISO 5264-1<\/a> Establece procedimientos uniformes para garantizar la repetibilidad y precisi\u00f3n en el procesamiento de pulpa en laboratorio, lo que lo hace esencial para realizar comparaciones confiables entre diferentes laboratorios y centros de investigaci\u00f3n. Esta norma mejora la credibilidad de la investigaci\u00f3n al proporcionar un marco coherente para refinar la pulpa y evaluar sus propiedades.<\/p>\n<p>Adem\u00e1s de la norma ISO 5264-1, el VB-01 tambi\u00e9n cumple con otros est\u00e1ndares industriales relevantes:<\/p>\n<ul>\n<li><strong>TAPPI T200<\/strong>:Define procedimientos para evaluar el refinamiento y la calidad de la pulpa.<\/li>\n<li><strong>GB\/T 24325<\/strong>:Una norma china que regula la consistencia de la pulpa y los m\u00e9todos de control.<\/li>\n<li><strong>QBT3702<\/strong>:Establece puntos de referencia para los procesos de batido en laboratorio, respaldando tanto el uso acad\u00e9mico como el industrial.<\/li>\n<\/ul>\n<h2>Caracter\u00edsticas y especificaciones t\u00e9cnicas del batidor de laboratorio Valley (VB-01)<\/h2>\n<p>El VB-01 est\u00e1 dise\u00f1ado con caracter\u00edsticas de precisi\u00f3n y componentes de alta calidad, lo que lo hace vers\u00e1til y eficaz para pruebas de laboratorio. Las especificaciones clave incluyen:<\/p>\n<ul>\n<li><strong>Capacidad<\/strong>:Est\u00e1ndar de 23 litros, con una capacidad de tanque de pulpa de 47 litros para grandes vol\u00famenes de muestra.<\/li>\n<li><strong>Cantidad y consistencia de la pulpa<\/strong>:Tiene capacidad para 200-700 g de pulpa secada al horno, con una consistencia de pulpa t\u00edpica de 1,571 TP3T.<\/li>\n<li><strong>Configuraci\u00f3n de cuchillas y rodillos batidores<\/strong>:El rodillo mide \u03c6 194 mm \u00d7 155 mm, funciona a una velocidad de (8,3 \u00b1 0,2) r\/s o (500 \u00b1 10) r\/min e incluye 32 cuchillas en el rodillo batidor y 7 cuchillas en la parte inferior.<\/li>\n<li><strong>Distancia de cuchilla ajustable<\/strong>:La posici\u00f3n de la cuchilla se puede ajustar manualmente, lo que permite a los operadores refinar la pulpa seg\u00fan especificaciones precisas.<\/li>\n<li><strong>Caracter\u00edsticas de seguridad y mantenimiento<\/strong>:El VB-01 incluye un dispositivo de protecci\u00f3n en la salida de pulpa, una funci\u00f3n de limpieza autom\u00e1tica en forma de panal y una tapa de tanque de pulpa extra\u00edble para una f\u00e1cil limpieza.<\/li>\n<\/ul>\n<p>Estos par\u00e1metros t\u00e9cnicos garantizan que el VB-01 proporcione resultados precisos, eficientes y repetibles en cualquier entorno de laboratorio.<\/p>\n<h2>M\u00e9todos de prueba y procedimientos para batir la pulpa<\/h2>\n<p>La batidora Valley de laboratorio (VB-01) refina la pulpa mediante una serie de procesos mec\u00e1nicos controlados, que incluyen corte, trituraci\u00f3n y amasado. Estas acciones afectan las paredes celulares de las fibras mediante:<\/p>\n<ul>\n<li>Modificar la estructura celular y aumentar la flexibilidad de la fibra.<\/li>\n<li>Promover la absorci\u00f3n de agua para una uni\u00f3n optimizada de las fibras.<\/li>\n<li>Ajuste de la deformaci\u00f3n de la fibra para mejorar la resistencia y la calidad del papel.<\/li>\n<\/ul>\n<p>El grado de batido de pulpa se puede adaptar ajustando la presi\u00f3n en la cuchilla inferior y estableciendo tiempos de batido espec\u00edficos, lo que garantiza versatilidad en una variedad de tipos de pulpa.<\/p>\n<h2>Beneficios de utilizar el batidor de laboratorio VB-01<\/h2>\n<p>El VB-01 ofrece ventajas distintivas en las pruebas de pulpa y papel:<\/p>\n<ul>\n<li><strong>Calidad de papel mejorada<\/strong>:Al controlar el refinamiento de la fibra, Valley Beater mejora la resistencia, la textura y la uniformidad de la pulpa, lo que produce productos de papel superiores.<\/li>\n<li><strong>Prueba de consistencia<\/strong>:El cumplimiento de la norma ISO 5264-1 y otras normas garantiza que cada prueba de batido produzca resultados consistentes, vitales tanto para la investigaci\u00f3n como para el control de calidad.<\/li>\n<li><strong>Versatilidad del material<\/strong>Capaz de refinar fibras vegetales, sint\u00e9ticas, de carbono y de vidrio, el VB-01 es adaptable a diversas industrias, incluidos el embalaje, los textiles y m\u00e1s.<\/li>\n<\/ul>\n<h2>Tabla resumen de par\u00e1metros t\u00e9cnicos<\/h2>\n<table>\n<thead>\n<tr>\n<th>Especificaci\u00f3n<\/th>\n<th>Detalles<\/th>\n<\/tr>\n<\/thead>\n<tbody>\n<tr>\n<td style=\"text-align: center;\"><strong>Capacidad est\u00e1ndar<\/strong><\/td>\n<td style=\"text-align: center;\">23 litros (tanque de pulpa de 47 litros)<\/td>\n<\/tr>\n<tr>\n<td style=\"text-align: center;\"><strong>Cantidad de pulpa<\/strong><\/td>\n<td style=\"text-align: center;\">200-700 g de pulpa secada al horno (consistencia 1.57%)<\/td>\n<\/tr>\n<tr>\n<td style=\"text-align: center;\"><strong>Tama\u00f1o del rodillo batidor<\/strong><\/td>\n<td style=\"text-align: center;\">Di\u00e1metro 194 mm \u00d7 155 mm<\/td>\n<\/tr>\n<tr>\n<td style=\"text-align: center;\"><strong>Configuraci\u00f3n de la cuchilla<\/strong><\/td>\n<td style=\"text-align: center;\">32 cuchillas batidoras, 7 cuchillas inferiores<\/td>\n<\/tr>\n<tr>\n<td style=\"text-align: center;\"><strong>Velocidad del rodillo batidor<\/strong><\/td>\n<td style=\"text-align: center;\">(8,3\u00b10,2) r\/s; (500\u00b110) rpm<\/td>\n<\/tr>\n<tr>\n<td style=\"text-align: center;\"><strong>Distancia de la hoja<\/strong><\/td>\n<td style=\"text-align: center;\">Ajustable (manual)<\/td>\n<\/tr>\n<tr>\n<td style=\"text-align: center;\"><strong>Caracter\u00edsticas de seguridad<\/strong><\/td>\n<td style=\"text-align: center;\">Dispositivo de protecci\u00f3n en la salida de pulpa, tapa del tanque removible<\/td>\n<\/tr>\n<tr>\n<td style=\"text-align: center;\"><strong>Funci\u00f3n de limpieza<\/strong><\/td>\n<td style=\"text-align: center;\">Limpieza autom\u00e1tica de panal<\/td>\n<\/tr>\n<tr>\n<td style=\"text-align: center;\"><strong>Requisitos de energ\u00eda<\/strong><\/td>\n<td style=\"text-align: center;\">750 W\/380 V<\/td>\n<\/tr>\n<tr>\n<td style=\"text-align: center;\"><strong>Dimensiones<\/strong><\/td>\n<td style=\"text-align: center;\">1240 mm \u00d7 650 mm \u00d7 1180 mm<\/td>\n<\/tr>\n<tr>\n<td style=\"text-align: center;\"><strong>Peso<\/strong><\/td>\n<td style=\"text-align: center;\">200 kilos<\/td>\n<\/tr>\n<tr>\n<td style=\"text-align: center;\"><strong>Accesorios<\/strong><\/td>\n<td style=\"text-align: center;\">Incluye manguera de aire y manguera de agua.<\/td>\n<\/tr>\n<\/tbody>\n<\/table>\n<h3>Preguntas frecuentes (FAQ)<\/h3>\n<p><strong>1. \u00bfQu\u00e9 materiales puede procesar el Valley Beater de laboratorio?<\/strong><br \/>\nEl VB-01 est\u00e1 dise\u00f1ado para procesar diversas fibras, incluidas fibras vegetales, fibras sint\u00e9ticas, fibras de carbono y fibras de vidrio, lo que lo hace vers\u00e1til para una variedad de aplicaciones.<\/p>\n<p><strong>2. \u00bfC\u00f3mo afecta la norma ISO 5264-1 a los est\u00e1ndares de batido de pulpa?<\/strong><br \/>\nLa norma ISO 5264-1 estandariza los m\u00e9todos de batido de pulpa, garantizando resultados consistentes y repetibles, lo cual es crucial para una investigaci\u00f3n confiable y un control de calidad en la fabricaci\u00f3n de papel.<\/p>\n<p><strong>3. \u00bfCu\u00e1l es el tiempo de batido t\u00edpico para lograr una consistencia \u00f3ptima de pulpa?<\/strong><br \/>\nEl tiempo de batido depende del nivel de refinamiento de la pulpa deseado. Al ajustar la presi\u00f3n del rodillo batidor y de la cuchilla inferior, los operadores pueden lograr diferentes grados de procesamiento de la fibra.<\/p>\n<p><strong>4. \u00bfC\u00f3mo garantiza el VB-01 un funcionamiento seguro y un mantenimiento sencillo?<\/strong><br \/>\nLa VB-01 incluye un dispositivo de protecci\u00f3n en la salida de pulpa para evitar accidentes. Tambi\u00e9n cuenta con una funci\u00f3n de limpieza autom\u00e1tica en forma de panal y una tapa de tanque removible para un f\u00e1cil mantenimiento.<\/p>\n<p><strong>5. \u00bfPor qu\u00e9 es importante la consistencia en las pruebas de laboratorio?<\/strong><br \/>\nLa consistencia en el batido de pulpa es esencial para obtener resultados confiables para la investigaci\u00f3n y la producci\u00f3n. El VB-01 cumple con las normas ISO, lo que garantiza precisi\u00f3n y repetibilidad en cada prueba.<\/p>\n<p>El <strong>Batidora de laboratorio VB-01<\/strong> ofrece un refinamiento de pulpa estandarizado y confiable para una mejor calidad del papel y precisi\u00f3n en la investigaci\u00f3n. Con sus especificaciones t\u00e9cnicas precisas y el cumplimiento de las normas <strong>ISO 5264-1<\/strong>El VB-01 es una herramienta indispensable para cualquier laboratorio que busque optimizar el proceso de fabricaci\u00f3n de papel. Descubra c\u00f3mo el VB-01 puede satisfacer sus necesidades de an\u00e1lisis de pulpa y elevar la calidad de sus productos de papel.<\/p>","protected":false},"excerpt":{"rendered":"<p>El <strong>Batidora de laboratorio (VB-01)<\/strong> es un instrumento de \u00faltima generaci\u00f3n dise\u00f1ado para el refinamiento preciso de la pulpa en laboratorios de fabricaci\u00f3n de papel. Construido para cumplir con los estrictos est\u00e1ndares internacionales, este Valley Beater de 23 litros es esencial para desarrollar y probar las propiedades de la fibra necesarias para la producci\u00f3n de papel de alta calidad. El VB-01 utiliza fuerzas mec\u00e1nicas entre un rodillo batidor y una cuchilla inferior para refinar, amasar y procesar varios tipos de fibra, lo que garantiza una producci\u00f3n de pulpa controlada y constante para aplicaciones industriales y de investigaci\u00f3n.<\/p>","protected":false},"featured_media":6285,"comment_status":"closed","ping_status":"closed","template":"","meta":{"site-sidebar-layout":"default","site-content-layout":"default","ast-global-header-display":"","ast-main-header-display":"","ast-hfb-above-header-display":"","ast-hfb-below-header-display":"","ast-hfb-mobile-header-display":"","site-post-title":"","ast-breadcrumbs-content":"","ast-featured-img":"","footer-sml-layout":"","theme-transparent-header-meta":"default","adv-header-id-meta":"","stick-header-meta":"","header-above-stick-meta":"","header-main-stick-meta":"","header-below-stick-meta":""},"product_cat":[845,1169,1170,44,95],"product_tag":[],"class_list":{"0":"post-5339","1":"product","2":"type-product","3":"status-publish","4":"has-post-thumbnail","6":"product_cat-customization","7":"product_cat-iso-5264-1","8":"product_cat-tappi-t200","9":"product_cat-paper-and-board-testers","10":"product_cat-products","11":"desktop-align-left","12":"tablet-align-left","13":"mobile-align-left","15":"first","16":"instock","17":"shipping-taxable","18":"product-type-simple"},"_links":{"self":[{"href":"https:\/\/www.qualitester.com\/es\/wp-json\/wp\/v2\/product\/5339","targetHints":{"allow":["GET"]}}],"collection":[{"href":"https:\/\/www.qualitester.com\/es\/wp-json\/wp\/v2\/product"}],"about":[{"href":"https:\/\/www.qualitester.com\/es\/wp-json\/wp\/v2\/types\/product"}],"replies":[{"embeddable":true,"href":"https:\/\/www.qualitester.com\/es\/wp-json\/wp\/v2\/comments?post=5339"}],"version-history":[{"count":0,"href":"https:\/\/www.qualitester.com\/es\/wp-json\/wp\/v2\/product\/5339\/revisions"}],"wp:featuredmedia":[{"embeddable":true,"href":"https:\/\/www.qualitester.com\/es\/wp-json\/wp\/v2\/media\/6285"}],"wp:attachment":[{"href":"https:\/\/www.qualitester.com\/es\/wp-json\/wp\/v2\/media?parent=5339"}],"wp:term":[{"taxonomy":"product_cat","embeddable":true,"href":"https:\/\/www.qualitester.com\/es\/wp-json\/wp\/v2\/product_cat?post=5339"},{"taxonomy":"product_tag","embeddable":true,"href":"https:\/\/www.qualitester.com\/es\/wp-json\/wp\/v2\/product_tag?post=5339"}],"curies":[{"name":"wp","href":"https:\/\/api.w.org\/{rel}","templated":true}]}}