{"id":5335,"date":"2024-11-13T11:57:32","date_gmt":"2024-11-13T03:57:32","guid":{"rendered":"https:\/\/www.qualitester.com\/?post_type=product&#038;p=5335"},"modified":"2024-12-05T15:11:48","modified_gmt":"2024-12-05T07:11:48","slug":"sale-paper-vertical-tensile-tester","status":"publish","type":"product","link":"https:\/\/www.qualitester.com\/es\/producto\/sale-paper-vertical-tensile-tester\/","title":{"rendered":"Probador de tracci\u00f3n vertical TST-V"},"content":{"rendered":"<h2><strong>Introducci\u00f3n a los ensayos de tracci\u00f3n vertical del papel<\/strong><\/h2>\n<p>El <strong>Probador de tracci\u00f3n vertical de papel<\/strong> (TST-V) es un instrumento de prueba altamente especializado dise\u00f1ado para evaluar las propiedades mec\u00e1nicas de los materiales de papel, incluidos el cart\u00f3n, el papel tis\u00fa y otros productos a base de papel. Desempe\u00f1a un papel fundamental en las industrias del papel y el embalaje, ya que mide propiedades clave como la resistencia a la tracci\u00f3n, el alargamiento a la fuerza m\u00e1xima, la absorci\u00f3n de energ\u00eda de tracci\u00f3n y la rigidez a la tracci\u00f3n. Al determinar estas propiedades, los fabricantes pueden garantizar que sus productos cumplan con estrictos est\u00e1ndares de rendimiento y calidad, especialmente en aplicaciones de embalaje, m\u00e9dicas y alimentarias.<\/p>\n<h2><strong>Principio de prueba del comprobador de tracci\u00f3n vertical de papel<\/strong><\/h2>\n<p>El TST-V funciona estirando una muestra de prueba a una velocidad de elongaci\u00f3n constante hasta que se rompe. Durante este proceso, el instrumento mide y registra continuamente la fuerza de tracci\u00f3n en relaci\u00f3n con la elongaci\u00f3n de la pieza de prueba. A partir de estos datos, el <strong>resistencia a la tracci\u00f3n<\/strong>, <strong>alargamiento a fuerza m\u00e1xima<\/strong>, y <strong>absorci\u00f3n de energ\u00eda de tracci\u00f3n<\/strong> Se pueden calcular. Estos valores son esenciales para evaluar el rendimiento del material en aplicaciones del mundo real, como la durabilidad del embalaje, la capacidad de estiramiento y la resistencia general.<\/p>\n<hr \/>\n<h2><strong>La norma ISO 1924 y su relevancia para las pruebas en papel<\/strong><\/h2>\n<h3><strong>Descripci\u00f3n general de las normas ISO 1924<\/strong><\/h3>\n<p>La norma ISO 1924 es un conjunto de normas reconocidas internacionalmente que proporcionan directrices para probar las propiedades de tracci\u00f3n del papel y el cart\u00f3n. El cumplimiento de estas normas garantiza resultados consistentes y confiables, lo cual es crucial para mantener el control de calidad en la producci\u00f3n de papel. La norma ISO 1924 incluye las siguientes partes clave:<\/p>\n<ul>\n<li><a href=\"https:\/\/www.iso.org\/standard\/6616.html\" target=\"_blank\" rel=\"noopener nofollow\"><strong>ISO 1924-1<\/strong><\/a>:Principios generales y definiciones para ensayos de tracci\u00f3n del papel.<\/li>\n<li><a href=\"https:\/\/www.iso.org\/standard\/41397.html\" target=\"_blank\" rel=\"noopener nofollow\"><strong>ISO 1924-2<\/strong><\/a>:M\u00e9todos para determinar la resistencia a la tracci\u00f3n y el alargamiento del papel.<\/li>\n<li><a href=\"https:\/\/www.iso.org\/standard\/32206.html\" rel=\"nofollow noopener\" target=\"_blank\"><strong>ISO 1924-3<\/strong><\/a>:Directrices para el c\u00e1lculo del \u00edndice de tracci\u00f3n y del \u00edndice de absorci\u00f3n de energ\u00eda.<\/li>\n<\/ul>\n<p>Estas normas son fundamentales para que los fabricantes puedan garantizar que sus productos de papel cumplen con los est\u00e1ndares de calidad y rendimiento de la industria. Al seguir estas pautas, los resultados de las pruebas se estandarizan a nivel mundial, lo que permite a las empresas producir materiales con una calidad y durabilidad uniformes.<\/p>\n<h3><strong>C\u00f3mo el modelo TST-V cumple con la norma ISO 1924<\/strong><\/h3>\n<p>El <strong>Probador de tracci\u00f3n vertical de papel TST-V<\/strong> es totalmente compatible con <strong>ISO 1924<\/strong> y proporciona mediciones precisas y repetibles de acuerdo con los protocolos de prueba internacionales. Esto lo convierte en una opci\u00f3n ideal para empresas de las industrias del papel y el embalaje que necesitan cumplir con los est\u00e1ndares de calidad globales. Ya sea que est\u00e9 probando la resistencia a la tracci\u00f3n, el alargamiento a la rotura o la absorci\u00f3n de energ\u00eda, el TST-V garantiza que sus resultados se alineen con las normas ISO para pruebas de papel.<\/p>\n<hr \/>\n<h2><strong>Caracter\u00edsticas principales del comprobador de tracci\u00f3n vertical de papel TST-V<\/strong><\/h2>\n<ul>\n<li><strong>Capacidades de pruebas de precisi\u00f3n<\/strong>:El TST-V est\u00e1 equipado con un <strong>mecanismo de husillo de bolas de precisi\u00f3n<\/strong>, asegurando que la velocidad de elongaci\u00f3n y el desplazamiento se controlen con alta precisi\u00f3n.<\/li>\n<li><strong>Operaci\u00f3n f\u00e1cil de usar<\/strong>:El instrumento cuenta con una <strong>Pantalla t\u00e1ctil HMI de 7 pulgadas<\/strong>, ofreciendo una interfaz intuitiva y f\u00e1cil de usar para una operaci\u00f3n perfecta, incluso para usuarios con experiencia m\u00ednima.<\/li>\n<li><strong>Velocidad de prueba ajustable<\/strong>:La velocidad de prueba es altamente ajustable y var\u00eda desde <strong>De 1 mm\/min a 500 mm\/min<\/strong>, lo que le permite personalizar el proceso de prueba de acuerdo con las propiedades del material.<\/li>\n<li><strong>Compatibilidad de accesorios vers\u00e1til<\/strong>:El TST-V es compatible con una amplia gama de accesorios, lo que le permite manejar distintas muestras de papel, desde papel tis\u00fa fino hasta cart\u00f3n m\u00e1s grueso.<\/li>\n<li><strong>Alta estabilidad<\/strong>:El sistema funciona con <strong>Control PLC<\/strong>, garantizando un rendimiento estable y confiable y minimizando los errores durante las pruebas.<\/li>\n<li><strong>Funciones autom\u00e1ticas<\/strong>:El probador viene equipado con un dispositivo limitador y una funci\u00f3n de retorno autom\u00e1tico, lo que mejora tanto la seguridad como la comodidad durante las pruebas.<\/li>\n<li><strong>Accesorios opcionales<\/strong>:Los accesorios adicionales, como una microimpresora y un puerto RS232 con software profesional (opcional), proporcionan flexibilidad adicional para el an\u00e1lisis y la generaci\u00f3n de informes de datos.<\/li>\n<\/ul>\n<hr \/>\n<h2><strong>Aplicaciones del comprobador de tracci\u00f3n vertical de papel<\/strong><\/h2>\n<p>El <strong>Probador de tracci\u00f3n vertical de papel TST-V<\/strong> Es ideal para su uso en industrias donde las propiedades del papel son cruciales para el rendimiento de los productos. Sus aplicaciones incluyen:<\/p>\n<ul>\n<li><strong>Industria del embalaje<\/strong>:Esencial para probar la durabilidad y resistencia de los materiales de embalaje para garantizar que puedan soportar tensiones durante el transporte y la manipulaci\u00f3n.<\/li>\n<li><strong>Producci\u00f3n de papel tis\u00fa<\/strong>:Se utiliza para probar la resistencia a la tracci\u00f3n y la flexibilidad de los productos de tejido, que son vitales para garantizar la calidad y la satisfacci\u00f3n del usuario.<\/li>\n<li><strong>Fabricaci\u00f3n de cart\u00f3n<\/strong>:Ayuda a evaluar la resistencia y el alargamiento del cart\u00f3n, que se utiliza en la producci\u00f3n de envases y embalajes.<\/li>\n<li><strong>Investigaci\u00f3n y desarrollo<\/strong>:Ideal para departamentos de I+D que buscan desarrollar nuevos productos de papel o mejorar el rendimiento de materiales existentes.<\/li>\n<\/ul>\n<hr \/>\n<h2><strong>Especificaciones t\u00e9cnicas<\/strong><\/h2>\n<table>\n<tbody>\n<tr>\n<td style=\"text-align: center;\" colspan=\"2\" rowspan=\"1\" width=\"381\"><strong>Probador de tracci\u00f3n vertical TST-V<\/strong><\/td>\n<\/tr>\n<tr>\n<td style=\"text-align: center;\" width=\"209\">Rango de medici\u00f3n<\/td>\n<td style=\"text-align: center;\" width=\"172\">500N o seg\u00fan sea necesario<\/td>\n<\/tr>\n<tr>\n<td style=\"text-align: center;\" width=\"209\">Rango de elongaci\u00f3n<\/td>\n<td style=\"text-align: center;\" width=\"172\">800 mil\u00edmetros<\/td>\n<\/tr>\n<tr>\n<td style=\"text-align: center;\" width=\"209\">Velocidad de estiramiento<\/td>\n<td style=\"text-align: center;\" width=\"172\">1 ~ 500 mm\/min<\/td>\n<\/tr>\n<tr>\n<td style=\"text-align: center;\" width=\"209\">Prueba de precisi\u00f3n de velocidad<\/td>\n<td style=\"text-align: center;\" width=\"172\">\u00b10,1 mm\/min<\/td>\n<\/tr>\n<tr>\n<td style=\"text-align: center;\" width=\"209\">Precisi\u00f3n de fuerza<\/td>\n<td style=\"text-align: center;\" width=\"172\">0,5% FS<\/td>\n<\/tr>\n<tr>\n<td style=\"text-align: center;\" width=\"209\">Precisi\u00f3n de fuerza<\/td>\n<td style=\"text-align: center;\" width=\"172\">\u00b10,1% (20~100%FS)<\/td>\n<\/tr>\n<tr>\n<td style=\"text-align: center;\" width=\"209\">Resoluci\u00f3n de deformaci\u00f3n<\/td>\n<td style=\"text-align: center;\" width=\"172\">\u22640,01 mm<\/td>\n<\/tr>\n<tr>\n<td style=\"text-align: center;\" width=\"209\">Sujeci\u00f3n de muestra<\/td>\n<td style=\"text-align: center;\" width=\"172\">Manual<\/td>\n<\/tr>\n<tr>\n<td style=\"text-align: center;\" width=\"209\">Tama\u00f1o de la muestra<\/td>\n<td style=\"text-align: center;\" width=\"172\">1-25 mm<\/td>\n<\/tr>\n<tr>\n<td style=\"text-align: center;\" width=\"209\">Interfaz hombre-m\u00e1quina<\/td>\n<td style=\"text-align: center;\" width=\"172\">7 en pantalla t\u00e1ctil<\/td>\n<\/tr>\n<tr>\n<td style=\"text-align: center;\" width=\"209\">Fuerza<\/td>\n<td style=\"text-align: center;\" width=\"172\">CA 110 ~ 220 V 50\/60 Hz<\/td>\n<\/tr>\n<tr>\n<td style=\"text-align: center;\" colspan=\"2\" rowspan=\"1\" width=\"381\"><strong>Cortador de muestras (opcional)<\/strong><\/td>\n<\/tr>\n<tr>\n<td style=\"text-align: center;\" width=\"209\">Tama\u00f1o de la muestra<\/td>\n<td style=\"text-align: center;\" width=\"172\">15*300 mm<\/td>\n<\/tr>\n<tr>\n<td style=\"text-align: center;\" width=\"209\">Espesor de la muestra<\/td>\n<td style=\"text-align: center;\" width=\"172\">0,1 ~ 1 mm<\/td>\n<\/tr>\n<tr>\n<td style=\"text-align: center;\" width=\"209\">Paralelismo de lados<\/td>\n<td style=\"text-align: center;\" width=\"172\">\uff1c0,03 mm<\/td>\n<\/tr>\n<\/tbody>\n<\/table>\n<hr \/>\n<h2><strong>Principales normas cumplidas<\/strong><\/h2>\n<p>El <strong>Probador de tracci\u00f3n vertical de papel TST-V<\/strong> Se adhiere a una serie de est\u00e1ndares internacionales, lo que garantiza su cumplimiento con las normas de la industria y mejora la confiabilidad de los resultados de las pruebas. Estos incluyen:<\/p>\n<ul>\n<li><strong>ISO 1924-1<\/strong>, <strong>ISO 1924-2<\/strong>, <strong>ISO 1924-3<\/strong> (para ensayos de tracci\u00f3n de papel y cart\u00f3n)<\/li>\n<li><strong>ISO 12625-4<\/strong>, <strong>ISO 12625-5<\/strong> (para probar papel tis\u00fa)<\/li>\n<li><strong>TAPA T494<\/strong> (Est\u00e1ndar estadounidense para pruebas de papel)<\/li>\n<li><strong>GB\/T 12914<\/strong>, <strong>GB\/T 24328<\/strong> (varias partes) (Est\u00e1ndares chinos para pruebas de papel)<\/li>\n<\/ul>\n<hr \/>\n<h2><strong>\u00bfPor qu\u00e9 elegir el comprobador de tracci\u00f3n vertical de papel TST-V?<\/strong><\/h2>\n<ul>\n<li><strong>Precisi\u00f3n y confiabilidad<\/strong>:El TST-V garantiza mediciones altamente precisas de las propiedades de tracci\u00f3n, esenciales para el control de calidad y el desarrollo de productos.<\/li>\n<li><strong>Cumple con la norma ISO 1924<\/strong>:Cumple plenamente con <strong>ISO 1924<\/strong>, garantizando que sus pruebas cumplan con los est\u00e1ndares globales de la industria para pruebas en papel.<\/li>\n<li><strong>Interfaz f\u00e1cil de usar<\/strong>:La pantalla t\u00e1ctil intuitiva de 7 pulgadas facilita la operaci\u00f3n y la gesti\u00f3n de las pruebas.<\/li>\n<li><strong>Personalizable y vers\u00e1til<\/strong>:Con velocidades de prueba ajustables, una variedad de accesorios de muestra y opciones adicionales para la recopilaci\u00f3n de datos, el TST-V es lo suficientemente vers\u00e1til para manejar una variedad de productos de papel.<\/li>\n<\/ul>\n<hr \/>\n<h2><strong>Preguntas frecuentes: Probador de tracci\u00f3n vertical de papel<\/strong><\/h2>\n<ol>\n<li><strong>\u00bfCu\u00e1l es el prop\u00f3sito principal del probador de tracci\u00f3n vertical de papel?<\/strong><br \/>\nEl TST-V mide la resistencia a la tracci\u00f3n, el alargamiento a fuerza m\u00e1xima y la absorci\u00f3n de energ\u00eda de productos de papel, cart\u00f3n y pa\u00f1uelos de papel para evaluar sus propiedades mec\u00e1nicas.<\/li>\n<li><strong>\u00bfC\u00f3mo se relaciona la norma ISO 1924 con las pruebas en papel?<\/strong><br \/>\nLa norma ISO 1924 establece est\u00e1ndares internacionales para probar las propiedades de tracci\u00f3n del papel y el cart\u00f3n, garantizando que los resultados sean consistentes, confiables y comparables entre industrias.<\/li>\n<li><strong>\u00bfQu\u00e9 tipos de materiales se pueden probar con el TST-V?<\/strong><br \/>\nEl TST-V es capaz de probar diversos materiales de papel, incluidos cart\u00f3n, papel tis\u00fa y otros productos a base de papel, para determinar su resistencia a la tracci\u00f3n y flexibilidad.<\/li>\n<li><strong>\u00bfCu\u00e1les son las caracter\u00edsticas principales del modelo TST-V?<\/strong><br \/>\nEl TST-V cuenta con control PLC, una pantalla t\u00e1ctil de 7 pulgadas, mecanismo de tornillo de avance de bola de precisi\u00f3n, velocidades de prueba ajustables y compatibilidad con varios accesorios.<\/li>\n<li><strong>\u00bfQu\u00e9 est\u00e1ndares cumple el TST-V?<\/strong><br \/>\nEl TST-V cumple con <strong>ISO 1924<\/strong>, <strong>ISO 12625<\/strong>, <strong>TAPA T494<\/strong>y otras normas internacionales para pruebas de papel.<\/li>\n<\/ol>","protected":false},"excerpt":{"rendered":"<p>El <strong>Probador de tracci\u00f3n vertical de papel<\/strong> (TST-V) es un instrumento de prueba altamente especializado dise\u00f1ado para evaluar las propiedades mec\u00e1nicas de los materiales de papel, incluidos el cart\u00f3n, el papel tis\u00fa y otros productos a base de papel. Desempe\u00f1a un papel fundamental en las industrias del papel y el embalaje, ya que mide propiedades clave como la resistencia a la tracci\u00f3n, el alargamiento a la fuerza m\u00e1xima, la absorci\u00f3n de energ\u00eda de tracci\u00f3n y la rigidez a la tracci\u00f3n. Al determinar estas propiedades, los fabricantes pueden garantizar que sus productos cumplan con estrictos est\u00e1ndares de rendimiento y calidad, especialmente en aplicaciones de embalaje, m\u00e9dicas y alimentarias.<\/p>","protected":false},"featured_media":6283,"comment_status":"closed","ping_status":"closed","template":"","meta":{"site-sidebar-layout":"default","site-content-layout":"default","ast-global-header-display":"","ast-main-header-display":"","ast-hfb-above-header-display":"","ast-hfb-below-header-display":"","ast-hfb-mobile-header-display":"","site-post-title":"","ast-breadcrumbs-content":"","ast-featured-img":"","footer-sml-layout":"","theme-transparent-header-meta":"default","adv-header-id-meta":"","stick-header-meta":"","header-above-stick-meta":"","header-main-stick-meta":"","header-below-stick-meta":""},"product_cat":[845,953,956,955,1166,1167,1090,1163,1164,1165,954,957,958,952,959,1168,679,44,95],"product_tag":[],"class_list":{"0":"post-5335","1":"product","2":"type-product","3":"status-publish","4":"has-post-thumbnail","6":"product_cat-customization","7":"product_cat-bursting-tester","8":"product_cat-cobb-tester","9":"product_cat-crush-tester","10":"product_cat-iso-12625-4","11":"product_cat-iso-12625-5","12":"product_cat-iso-1924","13":"product_cat-iso-1924-1","14":"product_cat-iso-1924-2","15":"product_cat-iso-1924-3","16":"product_cat-paper-tear-tester","17":"product_cat-plybond-tester","18":"product_cat-puncture-tester","19":"product_cat-rub-tester","20":"product_cat-stiffness-tester","21":"product_cat-tappi-t494","22":"product_cat-tensile-tester","23":"product_cat-paper-and-board-testers","24":"product_cat-products","25":"desktop-align-left","26":"tablet-align-left","27":"mobile-align-left","29":"first","30":"instock","31":"shipping-taxable","32":"product-type-simple"},"_links":{"self":[{"href":"https:\/\/www.qualitester.com\/es\/wp-json\/wp\/v2\/product\/5335","targetHints":{"allow":["GET"]}}],"collection":[{"href":"https:\/\/www.qualitester.com\/es\/wp-json\/wp\/v2\/product"}],"about":[{"href":"https:\/\/www.qualitester.com\/es\/wp-json\/wp\/v2\/types\/product"}],"replies":[{"embeddable":true,"href":"https:\/\/www.qualitester.com\/es\/wp-json\/wp\/v2\/comments?post=5335"}],"version-history":[{"count":0,"href":"https:\/\/www.qualitester.com\/es\/wp-json\/wp\/v2\/product\/5335\/revisions"}],"wp:featuredmedia":[{"embeddable":true,"href":"https:\/\/www.qualitester.com\/es\/wp-json\/wp\/v2\/media\/6283"}],"wp:attachment":[{"href":"https:\/\/www.qualitester.com\/es\/wp-json\/wp\/v2\/media?parent=5335"}],"wp:term":[{"taxonomy":"product_cat","embeddable":true,"href":"https:\/\/www.qualitester.com\/es\/wp-json\/wp\/v2\/product_cat?post=5335"},{"taxonomy":"product_tag","embeddable":true,"href":"https:\/\/www.qualitester.com\/es\/wp-json\/wp\/v2\/product_tag?post=5335"}],"curies":[{"name":"wp","href":"https:\/\/api.w.org\/{rel}","templated":true}]}}