{"id":5332,"date":"2024-11-13T11:52:19","date_gmt":"2024-11-13T03:52:19","guid":{"rendered":"https:\/\/www.qualitester.com\/?post_type=product&#038;p=5332"},"modified":"2024-12-05T15:09:02","modified_gmt":"2024-12-05T07:09:02","slug":"sale-paper-horizontal-tensile-tester","status":"publish","type":"product","link":"https:\/\/www.qualitester.com\/es\/producto\/sale-paper-horizontal-tensile-tester\/","title":{"rendered":"Probador de tracci\u00f3n horizontal TST-H"},"content":{"rendered":"<h2><strong>Introducci\u00f3n: Probador de tracci\u00f3n horizontal de papel<\/strong><\/h2>\n<p>El <strong>Probador de tracci\u00f3n horizontal TST-H<\/strong> es un instrumento de prueba de elongaci\u00f3n de velocidad constante y de \u00faltima generaci\u00f3n dise\u00f1ado para medir las propiedades de tracci\u00f3n del papel, cart\u00f3n, papel tis\u00fa y otros materiales a base de papel. Con sus capacidades de prueba precisas, determina caracter\u00edsticas importantes como la resistencia a la tracci\u00f3n, el estiramiento a la fuerza m\u00e1xima, la absorci\u00f3n de energ\u00eda de tracci\u00f3n y la rigidez a la tracci\u00f3n. El comprobador es ideal para evaluar materiales de embalaje, productos de papel y productos tis\u00fa, y proporciona datos cruciales para industrias como la de embalaje, alimentos, productos farmac\u00e9uticos, adhesivos y agencias de inspecci\u00f3n de calidad.<\/p>\n<p>El <strong>Probador de tracci\u00f3n horizontal TST-H<\/strong> ofrece resultados precisos y reproducibles, lo que permite a los fabricantes mantener una calidad constante y garantizar que sus productos cumplan con los est\u00e1ndares internacionales. Ya sea para fines de control de calidad o de investigaci\u00f3n, el TST-H proporciona mediciones de tracci\u00f3n precisas y confiables, fundamentales para optimizar el rendimiento del producto.<\/p>\n<hr \/>\n<h2><strong>M\u00e9todos de prueba y normas para ensayos de tracci\u00f3n horizontal de papel<\/strong><\/h2>\n<h3><strong>ISO 1924: Normas de prueba clave para ensayos de tracci\u00f3n del papel<\/strong><\/h3>\n<p>El <strong>ISO 1924<\/strong> La serie de ensayos de tracci\u00f3n es la norma internacional m\u00e1s aceptada para probar las propiedades de tracci\u00f3n del papel y el cart\u00f3n. La serie consta de tres partes que detallan los m\u00e9todos para realizar ensayos de tracci\u00f3n en diferentes condiciones:<\/p>\n<ul>\n<li><a href=\"https:\/\/www.iso.org\/standard\/6616.html\" target=\"_blank\" rel=\"noopener nofollow\"><strong>ISO 1924-1<\/strong><\/a>:Se centra en determinar la resistencia a la tracci\u00f3n, la elongaci\u00f3n y el estiramiento a m\u00e1xima fuerza del papel y el cart\u00f3n.<\/li>\n<li><a href=\"https:\/\/www.iso.org\/standard\/41397.html\" target=\"_blank\" rel=\"noopener nofollow\"><strong>ISO 1924-2<\/strong><\/a>:Aborda espec\u00edficamente la prueba de la resistencia a la tracci\u00f3n en h\u00famedo del papel y el cart\u00f3n en condiciones h\u00famedas.<\/li>\n<li><a href=\"https:\/\/www.iso.org\/standard\/32206.html\" target=\"_blank\" rel=\"noopener nofollow\"><strong>ISO 1924-3<\/strong><\/a>:Cubre el m\u00e9todo continuo para determinar las propiedades de tracci\u00f3n del papel para estudios de durabilidad a largo plazo.<\/li>\n<\/ul>\n<p>Estas normas proporcionan pautas claras para realizar pruebas de tracci\u00f3n y garantizar que los productos de papel cumplan con los par\u00e1metros de calidad necesarios. El comprobador de tracci\u00f3n horizontal TST-H cumple con estas normas ISO, lo que garantiza el cumplimiento y la coherencia de los resultados de las pruebas.<\/p>\n<h4><strong>ISO 1924-1: Determinaci\u00f3n de propiedades de tracci\u00f3n<\/strong><\/h4>\n<p><strong>ISO 1924-1<\/strong> describe el m\u00e9todo de prueba para determinar la resistencia a la tracci\u00f3n, el estiramiento a fuerza m\u00e1xima y la elongaci\u00f3n del papel. <strong>Probador de tracci\u00f3n horizontal TST-H<\/strong> Utiliza este m\u00e9todo aplicando una tasa constante de elongaci\u00f3n a una muestra de papel hasta que se rompe. Los datos de fuerza y elongaci\u00f3n recopilados durante la prueba se utilizan para calcular par\u00e1metros clave, entre ellos:<\/p>\n<ul>\n<li><strong>Resistencia a la tracci\u00f3n<\/strong>:La fuerza m\u00e1xima que puede soportar el papel antes de romperse.<\/li>\n<li><strong>Estirarse con la m\u00e1xima fuerza<\/strong>:La cantidad de alargamiento que sufre el papel en el punto de m\u00e1xima resistencia a la tracci\u00f3n.<\/li>\n<li><strong>Absorci\u00f3n de energ\u00eda de tracci\u00f3n<\/strong>:La energ\u00eda absorbida por el papel durante la prueba.<\/li>\n<\/ul>\n<p>Los datos proporcionados por el TST-H permiten a los fabricantes evaluar la durabilidad y el rendimiento de los productos de papel para diversas aplicaciones.<\/p>\n<h4><strong>ISO 1924-2: Prueba de resistencia a la tracci\u00f3n en h\u00famedo<\/strong><\/h4>\n<p><strong>ISO 1924-2<\/strong> se centra en medir la <strong>resistencia a la tracci\u00f3n en h\u00famedo<\/strong> de papel y cart\u00f3n, lo que es particularmente importante para los productos de papel utilizados en condiciones h\u00famedas (por ejemplo, papel tis\u00fa, materiales de embalaje). <strong>Probador de tracci\u00f3n horizontal TST-H<\/strong> est\u00e1 equipado con un opcional <strong>Tanque de agua resistente a la tracci\u00f3n en h\u00famedo<\/strong> para acomodar las pruebas de acuerdo a <strong>ISO 1924-2<\/strong>Esta caracter\u00edstica garantiza que el probador pueda manipular materiales sometidos a humedad y medir con precisi\u00f3n la reducci\u00f3n de la resistencia a la tracci\u00f3n que se produce cuando el papel est\u00e1 h\u00famedo.<\/p>\n<h4><strong>ISO 1924-3: M\u00e9todo continuo para ensayo de papel<\/strong><\/h4>\n<p><strong>ISO 1924-3<\/strong> introduce un m\u00e9todo continuo para determinar las propiedades de tracci\u00f3n del papel y el cart\u00f3n. Este m\u00e9todo se utiliza para pruebas de durabilidad a largo plazo, especialmente para materiales como el cart\u00f3n corrugado. <strong>Probador de tracci\u00f3n horizontal TST-H<\/strong> Se puede configurar para realizar pruebas continuas, proporcionando informaci\u00f3n valiosa sobre el comportamiento de los productos de papel bajo estr\u00e9s sostenido.<\/p>\n<h3><strong>Otras normas pertinentes<\/strong><\/h3>\n<p>Adem\u00e1s de <strong>ISO 1924<\/strong>, el <strong>Probador de tracci\u00f3n horizontal TST-H<\/strong> Cumple con varias otras normas, entre ellas:<\/p>\n<ul>\n<li><strong>ISO 12625-4<\/strong>:Ensayo de tracci\u00f3n de papel tis\u00fa.<\/li>\n<li><strong>ISO 12625-5<\/strong>:M\u00e9todos de ensayo generales para determinar la resistencia a la tracci\u00f3n del papel y el cart\u00f3n.<\/li>\n<li><strong>TAPA T494<\/strong>:M\u00e9todo de ensayo est\u00e1ndar para las propiedades de tracci\u00f3n del papel y el cart\u00f3n.<\/li>\n<\/ul>\n<p>Estas normas garantizan que la <strong>Prueba de tiro con arco H<\/strong> Ofrece resultados consistentes, precisos y confiables para una amplia gama de productos en papel.<\/p>\n<hr \/>\n<h2><strong>Beneficios de utilizar el comprobador de tracci\u00f3n horizontal de papel<\/strong><\/h2>\n<ul>\n<li><strong>Precisi\u00f3n y estabilidad<\/strong> El <strong>Prueba de tiro con arco H<\/strong> Est\u00e1 construido con un <strong>estructura de una sola columna<\/strong> y un <strong>tornillo de bola de precisi\u00f3n<\/strong> para una transmisi\u00f3n estable y una mayor precisi\u00f3n de las pruebas. Esto garantiza una medici\u00f3n precisa de las propiedades de tracci\u00f3n, lo que lo convierte en una herramienta confiable para el control de calidad.<\/li>\n<li><strong>Interfaz f\u00e1cil de usar<\/strong> Equipado con un <strong>Pantalla t\u00e1ctil de 7 pulgadas<\/strong>El comprobador ofrece una interfaz intuitiva y f\u00e1cil de usar para su funcionamiento. Los usuarios pueden configurar pruebas, controlar los resultados y ajustar los par\u00e1metros r\u00e1pidamente, lo que lo hace adecuado tanto para operadores principiantes como experimentados.<\/li>\n<li><strong>Funci\u00f3n opcional de prueba h\u00fameda<\/strong> El <strong>Tanque de agua resistente a la tracci\u00f3n en h\u00famedo<\/strong> Permite probar papel en condiciones h\u00famedas, una caracter\u00edstica esencial para evaluar materiales utilizados en ambientes h\u00famedos o mojados, como papel tis\u00fa y embalajes.<\/li>\n<li><strong>Gesti\u00f3n de datos mejorada<\/strong> El <strong>Prueba de tiro con arco H<\/strong> es compatible con <strong>conectividad de computadora<\/strong> (opcional), que permite el almacenamiento avanzado de datos, an\u00e1lisis y generaci\u00f3n de informes. <strong>Impresora t\u00e9rmica modular<\/strong> Proporciona resultados de pruebas instant\u00e1neos, lo que garantiza un acceso r\u00e1pido a datos cruciales.<\/li>\n<li><strong>Vers\u00e1til y personalizable<\/strong> El <strong>Prueba de tiro con arco H<\/strong> Se adapta a una variedad de necesidades de prueba, incluidos diferentes productos de papel y tama\u00f1os de muestra personalizados. Sus par\u00e1metros de prueba flexibles y caracter\u00edsticas opcionales lo convierten en una opci\u00f3n vers\u00e1til para diferentes aplicaciones.<\/li>\n<\/ul>\n<hr \/>\n<h2><strong>Par\u00e1metros y especificaciones de la prueba<\/strong><\/h2>\n<table>\n<tbody>\n<tr>\n<td style=\"text-align: center;\" width=\"237\">Rango de medici\u00f3n<\/td>\n<td style=\"text-align: center;\" width=\"224\">30N, 500N o seg\u00fan sea necesario<\/td>\n<\/tr>\n<tr>\n<td style=\"text-align: center;\" width=\"237\">Rango de medici\u00f3n de elongaci\u00f3n<\/td>\n<td style=\"text-align: center;\" width=\"224\">45-260 mm<\/td>\n<\/tr>\n<tr>\n<td style=\"text-align: center;\" width=\"237\">Velocidad de estiramiento:<\/td>\n<td style=\"text-align: center;\" width=\"224\">(1~500) mm\/min<\/td>\n<\/tr>\n<tr>\n<td style=\"text-align: center;\" width=\"237\">Velocidad de retorno<\/td>\n<td style=\"text-align: center;\" width=\"224\">100 mm\/min<\/td>\n<\/tr>\n<tr>\n<td style=\"text-align: center;\" width=\"237\">Espaciado de abrazaderas<\/td>\n<td style=\"text-align: center;\" width=\"224\">1 ~ 250 mm<\/td>\n<\/tr>\n<tr>\n<td style=\"text-align: center;\" width=\"237\">Prueba de precisi\u00f3n de velocidad<\/td>\n<td style=\"text-align: center;\" width=\"224\">(1~10) mm\/min: \u00b10,1 mm\/min<\/td>\n<\/tr>\n<tr>\n<td style=\"text-align: center;\" width=\"237\">frecuencia de muestreo<\/td>\n<td style=\"text-align: center;\" width=\"224\">400 veces\/s<\/td>\n<\/tr>\n<tr>\n<td style=\"text-align: center;\" width=\"237\">Exactitud<\/td>\n<td style=\"text-align: center;\" width=\"224\">\u2264\u00b10,5%<\/td>\n<\/tr>\n<tr>\n<td style=\"text-align: center;\" width=\"237\">Precisi\u00f3n de fuerza<\/td>\n<td style=\"text-align: center;\" width=\"224\">\u00b10,1% (20~100%FS)<\/td>\n<\/tr>\n<tr>\n<td style=\"text-align: center;\" width=\"237\">Resoluci\u00f3n de deformaci\u00f3n<\/td>\n<td style=\"text-align: center;\" width=\"224\">\u22640,1 mm<\/td>\n<\/tr>\n<tr>\n<td style=\"text-align: center;\" width=\"237\">Sujeci\u00f3n de muestra<\/td>\n<td style=\"text-align: center;\" width=\"224\">neum\u00e1tico<\/td>\n<\/tr>\n<tr>\n<td style=\"text-align: center;\" width=\"237\">Presi\u00f3n de sujeci\u00f3n<\/td>\n<td style=\"text-align: center;\" width=\"224\">0,2-0,7 Mpa (ajustable)<\/td>\n<\/tr>\n<tr>\n<td style=\"text-align: center;\" width=\"237\">Tama\u00f1o de la muestra<\/td>\n<td style=\"text-align: center;\" width=\"224\">1-25 mm<\/td>\n<\/tr>\n<tr>\n<td style=\"text-align: center;\" width=\"237\">Interfaz hombre-m\u00e1quina<\/td>\n<td style=\"text-align: center;\" width=\"224\">7 en pantalla t\u00e1ctil<\/td>\n<\/tr>\n<tr>\n<td style=\"text-align: center;\" width=\"237\">Impresi\u00f3n<\/td>\n<td style=\"text-align: center;\" width=\"224\">Impresora t\u00e9rmica incorporada.<\/td>\n<\/tr>\n<tr>\n<td style=\"text-align: center;\" width=\"237\">Fuerza<\/td>\n<td style=\"text-align: center;\" width=\"224\">CA 220 V 50 Hz<\/td>\n<\/tr>\n<tr>\n<td style=\"text-align: center;\" width=\"237\">Dimensi\u00f3n<\/td>\n<td style=\"text-align: center;\" width=\"224\">650*500*400 mm<\/td>\n<\/tr>\n<\/tbody>\n<\/table>\n<hr \/>\n<h2><strong>\u00bfPor qu\u00e9 elegir el comprobador de tracci\u00f3n horizontal de papel?<\/strong><\/h2>\n<p>El <strong>Probador de tracci\u00f3n horizontal TST-H<\/strong> ofrece una combinaci\u00f3n incomparable de precisi\u00f3n, flexibilidad y facilidad de uso, lo que lo convierte en la opci\u00f3n ideal para probar las propiedades de tracci\u00f3n del papel, cart\u00f3n, papel tis\u00fa y otros materiales similares. Con su capacidad para medir propiedades clave como la resistencia a la tracci\u00f3n, el alargamiento y la absorci\u00f3n de energ\u00eda, este comprobador ayuda a los fabricantes a optimizar la calidad del producto y garantizar el cumplimiento de las normas internacionales, como <strong>ISO 1924<\/strong>, <strong>ISO 12625<\/strong>, y <strong>TAPA T494<\/strong>.<\/p>\n<p>Ya sea que est\u00e9 realizando pruebas para control de calidad, investigaci\u00f3n o desarrollo de productos, <strong>Probador de tracci\u00f3n horizontal TST-H<\/strong> es una soluci\u00f3n confiable y eficiente para todas sus necesidades de pruebas en papel.<\/p>\n<hr \/>\n<h2><strong>Preguntas frecuentes (FAQ)<\/strong><\/h2>\n<ol>\n<li><strong>\u00bfQu\u00e9 tipos de materiales se pueden probar con el comprobador de tracci\u00f3n horizontal de papel?<\/strong>\n<ul>\n<li>El TST-H est\u00e1 dise\u00f1ado para probar papel, cart\u00f3n, papel tis\u00fa y productos similares a base de papel.<\/li>\n<\/ul>\n<\/li>\n<li><strong>\u00bfC\u00f3mo realizo una prueba de resistencia a la tracci\u00f3n en h\u00famedo utilizando el TST-H?<\/strong>\n<ul>\n<li>El TST-H incluye un opcional <strong>Tanque de agua resistente a la tracci\u00f3n en h\u00famedo<\/strong> realizar pruebas en condiciones h\u00famedas, cumpliendo <strong>ISO 1924-2<\/strong> normas.<\/li>\n<\/ul>\n<\/li>\n<li><strong>\u00bfCu\u00e1les son los beneficios clave de la pantalla t\u00e1ctil de 7 pulgadas del probador de tracci\u00f3n horizontal de papel?<\/strong>\n<ul>\n<li>La pantalla t\u00e1ctil ofrece una interfaz f\u00e1cil de usar, lo que permite una f\u00e1cil configuraci\u00f3n, operaci\u00f3n y monitoreo de los resultados de las pruebas.<\/li>\n<\/ul>\n<\/li>\n<li><strong>\u00bfSe puede conectar el comprobador de tracci\u00f3n horizontal TST-H a una computadora para almacenar datos?<\/strong>\n<ul>\n<li>S\u00ed, ofrece <strong>conectividad de computadora<\/strong> para almacenamiento avanzado de datos, an\u00e1lisis y generaci\u00f3n de informes.<\/li>\n<\/ul>\n<\/li>\n<li><strong>\u00bfA qu\u00e9 normas se adhiere el comprobador de tracci\u00f3n horizontal de papel?<\/strong>\n<ul>\n<li>El probador cumple con <strong>ISO 1924<\/strong> (Partes 1, 2 y 3), <strong>ISO 12625<\/strong>, <strong>TAPA T494<\/strong>y otras normas pertinentes para la prueba de papel.<\/li>\n<\/ul>\n<\/li>\n<\/ol>","protected":false},"excerpt":{"rendered":"<p>El <strong>Probador de tracci\u00f3n horizontal TST-H<\/strong> ofrece resultados precisos y reproducibles, lo que permite a los fabricantes mantener una calidad constante y garantizar que sus productos cumplan con los est\u00e1ndares internacionales. Ya sea para fines de control de calidad o de investigaci\u00f3n, el TST-H proporciona mediciones de tracci\u00f3n precisas y confiables, fundamentales para optimizar el rendimiento del producto.<\/p>","protected":false},"featured_media":6280,"comment_status":"closed","ping_status":"closed","template":"","meta":{"site-sidebar-layout":"default","site-content-layout":"default","ast-global-header-display":"","ast-main-header-display":"","ast-hfb-above-header-display":"","ast-hfb-below-header-display":"","ast-hfb-mobile-header-display":"","site-post-title":"","ast-breadcrumbs-content":"","ast-featured-img":"","footer-sml-layout":"","theme-transparent-header-meta":"default","adv-header-id-meta":"","stick-header-meta":"","header-above-stick-meta":"","header-main-stick-meta":"","header-below-stick-meta":""},"product_cat":[845,953,956,955,1166,1167,1163,1164,1165,954,957,958,952,959,1168,679,95],"product_tag":[],"class_list":{"0":"post-5332","1":"product","2":"type-product","3":"status-publish","4":"has-post-thumbnail","6":"product_cat-customization","7":"product_cat-bursting-tester","8":"product_cat-cobb-tester","9":"product_cat-crush-tester","10":"product_cat-iso-12625-4","11":"product_cat-iso-12625-5","12":"product_cat-iso-1924-1","13":"product_cat-iso-1924-2","14":"product_cat-iso-1924-3","15":"product_cat-paper-tear-tester","16":"product_cat-plybond-tester","17":"product_cat-puncture-tester","18":"product_cat-rub-tester","19":"product_cat-stiffness-tester","20":"product_cat-tappi-t494","21":"product_cat-tensile-tester","22":"product_cat-products","23":"desktop-align-left","24":"tablet-align-left","25":"mobile-align-left","27":"first","28":"instock","29":"shipping-taxable","30":"product-type-simple"},"_links":{"self":[{"href":"https:\/\/www.qualitester.com\/es\/wp-json\/wp\/v2\/product\/5332","targetHints":{"allow":["GET"]}}],"collection":[{"href":"https:\/\/www.qualitester.com\/es\/wp-json\/wp\/v2\/product"}],"about":[{"href":"https:\/\/www.qualitester.com\/es\/wp-json\/wp\/v2\/types\/product"}],"replies":[{"embeddable":true,"href":"https:\/\/www.qualitester.com\/es\/wp-json\/wp\/v2\/comments?post=5332"}],"version-history":[{"count":0,"href":"https:\/\/www.qualitester.com\/es\/wp-json\/wp\/v2\/product\/5332\/revisions"}],"wp:featuredmedia":[{"embeddable":true,"href":"https:\/\/www.qualitester.com\/es\/wp-json\/wp\/v2\/media\/6280"}],"wp:attachment":[{"href":"https:\/\/www.qualitester.com\/es\/wp-json\/wp\/v2\/media?parent=5332"}],"wp:term":[{"taxonomy":"product_cat","embeddable":true,"href":"https:\/\/www.qualitester.com\/es\/wp-json\/wp\/v2\/product_cat?post=5332"},{"taxonomy":"product_tag","embeddable":true,"href":"https:\/\/www.qualitester.com\/es\/wp-json\/wp\/v2\/product_tag?post=5332"}],"curies":[{"name":"wp","href":"https:\/\/api.w.org\/{rel}","templated":true}]}}