{"id":5329,"date":"2024-11-13T11:44:25","date_gmt":"2024-11-13T03:44:25","guid":{"rendered":"https:\/\/www.qualitester.com\/?post_type=product&#038;p=5329"},"modified":"2024-12-05T11:27:13","modified_gmt":"2024-12-05T03:27:13","slug":"sale-paper-air-permeance-tester","status":"publish","type":"product","link":"https:\/\/www.qualitester.com\/es\/producto\/sale-paper-air-permeance-tester\/","title":{"rendered":"Comprobador de permeabilidad al aire TQD-01"},"content":{"rendered":"<h2><strong>Introducci\u00f3n al comprobador de permeabilidad al aire del papel<\/strong><\/h2>\n<p>El <strong>Comprobador de permeabilidad al aire del papel<\/strong> es una herramienta esencial para determinar la permeabilidad al aire de los materiales de papel y cart\u00f3n, lo que la hace crucial para industrias como la del embalaje, la fabricaci\u00f3n de papel y la textil. Este comprobador utiliza el m\u00e9todo Schopper para medir el flujo de aire a trav\u00e9s de los materiales, proporcionando resultados precisos y fiables para papeles y cartones con valores de permeabilidad al aire que van desde 1\u00d710^-2 hasta 1\u00d710\u00b2 \u00b5m\/(Pa\u00b7s). <strong>comprobador de permeabilidad al aire de papel<\/strong> est\u00e1 dise\u00f1ado para cumplir con los est\u00e1ndares de pruebas internacionales, garantizando que los materiales cumplan con los requisitos espec\u00edficos de permeabilidad al aire, lo cual es fundamental para su desempe\u00f1o en envasado, filtraci\u00f3n y otras aplicaciones.<\/p>\n<p>El comprobador es ideal para su uso con distintos tipos de papel, incluidos papel para fotocopias, papel para bolsas de cemento, papel de filtro industrial y bolsas de papel. Sin embargo, no es adecuado para materiales con superficies rugosas, como papeles crepados o corrugados, que no se pueden sujetar con abrazaderas de forma segura para evitar fugas.<\/p>\n<h2><strong>Caracter\u00edsticas principales<\/strong><\/h2>\n<ul>\n<li><strong>Medici\u00f3n precisa<\/strong>:Mide con precisi\u00f3n la permeabilidad al aire de materiales de papel y cart\u00f3n.<\/li>\n<li><strong>M\u00e9todo Schopper<\/strong>:Utiliza el m\u00e9todo Schopper estandarizado para obtener resultados consistentes y repetibles.<\/li>\n<li><strong>Amplia compatibilidad de materiales<\/strong>:Adecuado para probar una amplia gama de tipos de papel, incluido papel de filtro industrial, bolsas de cemento y papel de copia.<\/li>\n<li><strong>Cumplimiento de normas<\/strong>:Cumple con m\u00faltiples est\u00e1ndares internacionales e industriales para pruebas de permeabilidad al aire.<\/li>\n<li><strong>Facilidad de uso<\/strong>:Operaci\u00f3n simple e intuitiva para pruebas r\u00e1pidas y recopilaci\u00f3n de datos.<\/li>\n<\/ul>\n<h2><strong>C\u00f3mo funciona el comprobador de permeabilidad al aire del papel<\/strong><\/h2>\n<p>El <strong>comprobador de permeabilidad al aire de papel<\/strong> El m\u00e9todo consiste en sujetar una muestra de papel o cart\u00f3n entre dos juntas circulares herm\u00e9ticas. Un lado de la muestra se expone a la presi\u00f3n atmosf\u00e9rica, mientras que se mantiene una peque\u00f1a diferencia de presi\u00f3n controlada en toda el \u00e1rea de prueba. A continuaci\u00f3n, el probador mide el flujo de aire a trav\u00e9s de la muestra en estas condiciones y calcula la permeabilidad del aire en funci\u00f3n de la tasa de flujo de aire y la diferencia de presi\u00f3n.<\/p>\n<h3><strong>M\u00e9todo de prueba<\/strong><\/h3>\n<ol>\n<li><strong>Preparaci\u00f3n de la muestra<\/strong>:La muestra de papel se sujeta de forma segura entre las dos juntas para evitar fugas.<\/li>\n<li><strong>Control de presi\u00f3n<\/strong>:Se aplica una diferencia de presi\u00f3n peque\u00f1a pero constante en la muestra para simular las condiciones del mundo real.<\/li>\n<li><strong>Medici\u00f3n<\/strong>:El comprobador mide el volumen de aire que fluye a trav\u00e9s de la muestra de papel durante un per\u00edodo de tiempo determinado y calcula la permeabilidad del aire en micr\u00f3metros por pascal segundo (\u00b5m\/(Pa\u00b7s)).<\/li>\n<\/ol>\n<p>Este m\u00e9todo garantiza que los resultados sean confiables y representativos de la verdadera permeabilidad al aire del papel, lo que hace que <strong>comprobador de permeabilidad al aire de papel<\/strong> una herramienta esencial para la evaluaci\u00f3n del rendimiento del material.<\/p>\n<h2><strong>Normas aplicables para el comprobador de permeabilidad al aire del papel<\/strong><\/h2>\n<p>El <strong>comprobador de permeabilidad al aire de papel<\/strong> Se adhiere a varios est\u00e1ndares internacionales y de la industria clave, lo que garantiza que su proceso de prueba sea preciso y consistente con las mejores pr\u00e1cticas globales:<\/p>\n<ul>\n<li><a href=\"https:\/\/www.iso.org\/standard\/11719.html\" target=\"_blank\" rel=\"noopener nofollow\"><strong>ISO 5636-2<\/strong><\/a>:Norma para la medici\u00f3n de la permeabilidad al aire en papel y cart\u00f3n utilizando el m\u00e9todo Schopper.<\/li>\n<li><a href=\"https:\/\/www.iso.org\/standard\/52431.html\" target=\"_blank\" rel=\"noopener nofollow\"><strong>ISO 5636-3<\/strong><\/a>:Especifica los m\u00e9todos para la medici\u00f3n de la permeabilidad al aire en diversos materiales de papel y cart\u00f3n.<\/li>\n<li><a href=\"https:\/\/www.iso.org\/standard\/53062.html\" target=\"_blank\" rel=\"noopener nofollow\"><strong>ISO 5636-5<\/strong><\/a>:Directrices adicionales para probar la permeabilidad al aire en diferentes condiciones ambientales.<\/li>\n<li><strong>GB\/T 458<\/strong>:Norma nacional china para determinar la permeabilidad al aire en papel y cart\u00f3n.<\/li>\n<li><strong>QB\/1667<\/strong>:Norma espec\u00edfica de la industria para pruebas de permeabilidad al aire en materiales de embalaje.<\/li>\n<\/ul>\n<h3><strong>Importancia del cumplimiento de las normas<\/strong><\/h3>\n<p>Al cumplir con estas normas, la <strong>comprobador de permeabilidad al aire de papel<\/strong> garantiza que sus resultados sean consistentes y reconocidos a nivel mundial. Esto es crucial para las industrias donde el cumplimiento normativo y el control de calidad son vitales, como en los materiales de envasado utilizados en los sectores alimentario y farmac\u00e9utico.<\/p>\n<h2><strong>Par\u00e1metros principales<\/strong><\/h2>\n<table>\n<tbody>\n<tr>\n<td style=\"text-align: center;\" width=\"224\">Campo de pruebas<\/td>\n<td style=\"text-align: center;\" width=\"267\">1\uff5e1000\uff09ml\/min o 0~17um\/(Pa.s)<\/td>\n<\/tr>\n<tr>\n<td style=\"text-align: center;\" width=\"224\">\u00c1rea de prueba<\/td>\n<td style=\"text-align: center;\" width=\"267\">10 \u00b1 0,2 cm\u00b2<\/td>\n<\/tr>\n<tr>\n<td style=\"text-align: center;\" width=\"224\">Diferencia de presi\u00f3n en el \u00e1rea de prueba<\/td>\n<td style=\"text-align: center;\" width=\"267\">1 \u00b1 0,01 kPa<\/td>\n<\/tr>\n<tr>\n<td style=\"text-align: center;\" colspan=\"1\" rowspan=\"2\" width=\"224\">Exactitud<\/td>\n<td style=\"text-align: center;\" width=\"267\">&lt;100 ml de error de volumen: 1 ml<\/td>\n<\/tr>\n<tr>\n<td style=\"text-align: center;\" width=\"267\">&gt;Error de volumen de 100 ml: 5 ml<\/td>\n<\/tr>\n<tr>\n<td style=\"text-align: center;\" width=\"224\">Di\u00e1metro interior del anillo de sujeci\u00f3n<\/td>\n<td style=\"text-align: center;\" width=\"267\">35,68 \u00b1 0,05 mm<\/td>\n<\/tr>\n<tr>\n<td style=\"text-align: center;\" width=\"224\">Anillos de sujeci\u00f3n coaxiales centrales<\/td>\n<td style=\"text-align: center;\" width=\"267\">&lt;0,05 mm<\/td>\n<\/tr>\n<tr>\n<td style=\"text-align: center;\" width=\"224\">Dimensiones<\/td>\n<td style=\"text-align: center;\" width=\"267\">400*300*1200 mm<\/td>\n<\/tr>\n<\/tbody>\n<\/table>\n<h2><strong>Aplicaciones del comprobador de permeabilidad al aire del papel<\/strong><\/h2>\n<p>El <strong>comprobador de permeabilidad al aire de papel<\/strong> tiene una amplia gama de aplicaciones en diversas industrias que requieren una medici\u00f3n precisa de la permeabilidad al aire en productos a base de papel:<\/p>\n<ul>\n<li><strong>Embalaje<\/strong>:Para probar materiales como bolsas de papel, bolsas de cemento y papel de filtro industrial, garantizando su idoneidad para aplicaciones de envasado.<\/li>\n<li><strong>Textiles<\/strong>:Medici\u00f3n de la permeabilidad al aire en materiales de papel utilizados en aplicaciones textiles, como filtros de papel.<\/li>\n<li><strong>Alimentos y productos farmac\u00e9uticos<\/strong>:Garantizar la adecuada permeabilidad al aire de los materiales de embalaje de papel utilizados en las industrias alimentaria y farmac\u00e9utica para garantizar la protecci\u00f3n y la calidad del producto.<\/li>\n<li><strong>Control de calidad<\/strong>:Garantizar que todos los productos de papel cumplan con los est\u00e1ndares espec\u00edficos de permeabilidad al aire para sus aplicaciones previstas.<\/li>\n<\/ul>\n<h2><strong>Ventajas del comprobador de permeabilidad al aire del papel<\/strong><\/h2>\n<ul>\n<li><strong>Precisi\u00f3n y exactitud<\/strong>: El <strong>comprobador de permeabilidad al aire de papel<\/strong> Ofrece resultados confiables y repetibles, lo que ayuda a los fabricantes a garantizar la calidad y el cumplimiento del producto.<\/li>\n<li><strong>Amplia gama de aplicaciones<\/strong>:Se puede utilizar para probar una variedad de tipos de papel, desde papeles de filtro industriales hasta materiales de embalaje.<\/li>\n<li><strong>Cumplimiento de normas<\/strong>:Cumple con los est\u00e1ndares internacionales para pruebas de permeabilidad al aire, lo que garantiza consistencia y confiabilidad.<\/li>\n<li><strong>F\u00e1cil operaci\u00f3n<\/strong>:Interfaz sencilla y f\u00e1cil de usar para realizar pruebas r\u00e1pidas y eficientes en cualquier laboratorio o entorno de producci\u00f3n.<\/li>\n<\/ul>\n<p>El <strong>Comprobador de permeabilidad al aire del papel<\/strong> es una herramienta indispensable para fabricantes, laboratorios de control de calidad e instituciones de investigaci\u00f3n que necesitan medir la permeabilidad al aire de materiales de papel y cart\u00f3n. Al utilizar el m\u00e9todo Schopper, garantiza resultados precisos y consistentes que cumplen con los est\u00e1ndares de prueba internacionales. Ya sea que trabaje en el sector de embalajes, textiles, alimentos o productos farmac\u00e9uticos, el <strong>comprobador de permeabilidad al aire de papel<\/strong> ofrece datos de rendimiento esenciales para garantizar la calidad y confiabilidad de sus productos en papel.<\/p>\n<p>Con su facilidad de uso, versatilidad y precisi\u00f3n, este probador es una valiosa adici\u00f3n a cualquier laboratorio o proceso de control de calidad, garantizando que sus materiales funcionen como se espera en condiciones del mundo real.<\/p>","protected":false},"excerpt":{"rendered":"<p>El <strong>Comprobador de permeabilidad al aire del papel<\/strong> es una herramienta esencial para determinar la permeabilidad al aire de los materiales de papel y cart\u00f3n, lo que la hace crucial para industrias como la del embalaje, la fabricaci\u00f3n de papel y la textil. Este comprobador utiliza el m\u00e9todo Schopper para medir el flujo de aire a trav\u00e9s de los materiales, proporcionando resultados precisos y fiables para papeles y cartones con valores de permeabilidad al aire que van desde 1\u00d710^-2 hasta 1\u00d710\u00b2 \u00b5m\/(Pa\u00b7s). <strong>comprobador de permeabilidad al aire de papel<\/strong> est\u00e1 dise\u00f1ado para cumplir con los est\u00e1ndares de pruebas internacionales, garantizando que los materiales cumplan con los requisitos espec\u00edficos de permeabilidad al aire, lo cual es fundamental para su desempe\u00f1o en envasado, filtraci\u00f3n y otras aplicaciones.<\/p>","protected":false},"featured_media":6203,"comment_status":"closed","ping_status":"closed","template":"","meta":{"site-sidebar-layout":"default","site-content-layout":"default","ast-global-header-display":"","ast-main-header-display":"","ast-hfb-above-header-display":"","ast-hfb-below-header-display":"","ast-hfb-mobile-header-display":"","site-post-title":"","ast-breadcrumbs-content":"","ast-featured-img":"","footer-sml-layout":"","theme-transparent-header-meta":"default","adv-header-id-meta":"","stick-header-meta":"","header-above-stick-meta":"","header-main-stick-meta":"","header-below-stick-meta":""},"product_cat":[845,953,956,955,1155,1156,1157,954,957,958,952,959,962,685,44,95],"product_tag":[],"class_list":{"0":"post-5329","1":"product","2":"type-product","3":"status-publish","4":"has-post-thumbnail","6":"product_cat-customization","7":"product_cat-bursting-tester","8":"product_cat-cobb-tester","9":"product_cat-crush-tester","10":"product_cat-iso-5636-2","11":"product_cat-iso-5636-3","12":"product_cat-iso-5636-5","13":"product_cat-paper-tear-tester","14":"product_cat-plybond-tester","15":"product_cat-puncture-tester","16":"product_cat-rub-tester","17":"product_cat-stiffness-tester","18":"product_cat-thickness-gauges","19":"product_cat-thickness-tester","20":"product_cat-paper-and-board-testers","21":"product_cat-products","22":"desktop-align-left","23":"tablet-align-left","24":"mobile-align-left","26":"first","27":"instock","28":"shipping-taxable","29":"product-type-simple"},"_links":{"self":[{"href":"https:\/\/www.qualitester.com\/es\/wp-json\/wp\/v2\/product\/5329","targetHints":{"allow":["GET"]}}],"collection":[{"href":"https:\/\/www.qualitester.com\/es\/wp-json\/wp\/v2\/product"}],"about":[{"href":"https:\/\/www.qualitester.com\/es\/wp-json\/wp\/v2\/types\/product"}],"replies":[{"embeddable":true,"href":"https:\/\/www.qualitester.com\/es\/wp-json\/wp\/v2\/comments?post=5329"}],"version-history":[{"count":0,"href":"https:\/\/www.qualitester.com\/es\/wp-json\/wp\/v2\/product\/5329\/revisions"}],"wp:featuredmedia":[{"embeddable":true,"href":"https:\/\/www.qualitester.com\/es\/wp-json\/wp\/v2\/media\/6203"}],"wp:attachment":[{"href":"https:\/\/www.qualitester.com\/es\/wp-json\/wp\/v2\/media?parent=5329"}],"wp:term":[{"taxonomy":"product_cat","embeddable":true,"href":"https:\/\/www.qualitester.com\/es\/wp-json\/wp\/v2\/product_cat?post=5329"},{"taxonomy":"product_tag","embeddable":true,"href":"https:\/\/www.qualitester.com\/es\/wp-json\/wp\/v2\/product_tag?post=5329"}],"curies":[{"name":"wp","href":"https:\/\/api.w.org\/{rel}","templated":true}]}}