{"id":5301,"date":"2024-11-12T16:58:37","date_gmt":"2024-11-12T08:58:37","guid":{"rendered":"https:\/\/www.qualitester.com\/?post_type=product&#038;p=5301"},"modified":"2024-12-05T11:16:30","modified_gmt":"2024-12-05T03:16:30","slug":"sale-paper-tearing-tester-manufacturer","status":"publish","type":"product","link":"https:\/\/www.qualitester.com\/es\/producto\/sale-paper-tearing-tester-manufacturer\/","title":{"rendered":"Comprobador de desgarro SLD-02"},"content":{"rendered":"<h2><strong>Introducci\u00f3n de la m\u00e1quina de ensayos de desgarro de papel<\/strong><\/h2>\n<p>El <strong>SLD-02 Comprobador de desgarro de papel<\/strong> de Cell Instruments est\u00e1 dise\u00f1ado para proporcionar mediciones precisas y fiables de la resistencia al desgarro en una amplia gama de materiales, como papel, cart\u00f3n, textiles, cuero y pel\u00edculas de pl\u00e1stico. Incorpora funciones avanzadas y cumple las principales normas del sector, entre las que se incluyen <strong>ASTM D689<\/strong>, Este comprobador es esencial para las industrias que dan prioridad al control de calidad, desde el envasado y la impresi\u00f3n hasta los dispositivos m\u00e9dicos y los bienes de consumo. Con esta herramienta, puede asegurarse de que sus materiales cumplen los estrictos requisitos de resistencia al desgarro, lo que ayuda a mantener la durabilidad y la calidad del producto.<\/p>\n<h2><strong>Caracter\u00edsticas principales del comprobador de desgarro de papel SLD-02<\/strong><\/h2>\n<ul>\n<li><strong>Amplia aplicaci\u00f3n<\/strong>: El comprobador de resistencia al desgarro de papel SLD-02 va m\u00e1s all\u00e1 de las pruebas de papel y cart\u00f3n, ya que ofrece pruebas de resistencia al desgarro para materiales en l\u00e1minas como textiles, cuero, pel\u00edculas de pl\u00e1stico e incluso l\u00e1minas met\u00e1licas, lo que lo hace ideal para diversas aplicaciones de control de calidad.<\/li>\n<li><strong>Dise\u00f1o innovador<\/strong>: Dise\u00f1ada para ofrecer precisi\u00f3n, la SLD-02 incorpora un mecanismo de p\u00e9ndulo y un sistema de sujeci\u00f3n neum\u00e1tico para garantizar resultados uniformes y repetibles.<\/li>\n<li><strong>Especificaciones t\u00e9cnicas<\/strong>: Este instrumento cuenta con una serie de caracter\u00edsticas que aumentan su fiabilidad y facilidad de uso:\n<ul>\n<li><strong>Ancho de mand\u00edbula<\/strong>: 74,8 mm, adecuado para tama\u00f1os de muestra de 63\u00d776 mm o 63\u00d750 mm.<\/li>\n<li><strong>Reinicio autom\u00e1tico<\/strong>: Despu\u00e9s de cada prueba, el p\u00e9ndulo se restablece autom\u00e1ticamente, lo que simplifica el proceso de prueba.<\/li>\n<li><strong>Interfaz f\u00e1cil de usar<\/strong>: La pantalla t\u00e1ctil en color de 5 pulgadas ofrece una interfaz sencilla e intuitiva para un manejo fluido.<\/li>\n<li><strong>Sujeci\u00f3n neum\u00e1tica de muestras<\/strong>: Reduce el error humano, asegurando un posicionamiento consistente de la muestra.<\/li>\n<li><strong>Capacidades pendulares m\u00faltiples<\/strong>: Varias capacidades permiten una gama de aplicaciones de ensayo, acomodando diferentes tipos de materiales y resistencias.<\/li>\n<li><strong>Filtro de aire\/regulador<\/strong>: Mantiene la integridad de los componentes y prolonga la vida \u00fatil del comprobador filtrando las impurezas del aire.<\/li>\n<\/ul>\n<\/li>\n<\/ul>\n<h2><strong>C\u00f3mo funciona el comprobador de desgarro de papel<\/strong><\/h2>\n<ul>\n<li><strong>Proceso de prueba<\/strong>: El comprobador de desgarro de papel SLD-02 funciona con un mecanismo preciso que permite realizar pruebas de desgarro estandarizadas:\n<ol>\n<li>Una cuchilla de corte crea una hendidura de 43 mm desde el borde m\u00e1s alejado de la muestra.<\/li>\n<li>El mecanismo de p\u00e9ndulo, una vez liberado, utiliza la gravedad para propagar la hendidura, desgarrando la muestra a lo largo de la longitud restante.<\/li>\n<li>La energ\u00eda perdida durante este proceso se mide y se utiliza para calcular la fuerza media de desgarro de la muestra, con lo que se obtiene un valor fiable de resistencia al desgarro.<\/li>\n<\/ol>\n<\/li>\n<\/ul>\n<h2><strong>Cumplimiento de las principales normas (incluida ASTM D689)<\/strong><\/h2>\n<ul>\n<li><strong>Panorama de las normas<\/strong>: El comprobador de desgarros SLD-02 cumple una serie de normas internacionales, lo que garantiza que satisface los rigurosos requisitos de las pruebas:\n<ul>\n<li><a href=\"https:\/\/www.astm.org\/d1922-15r20.html\" target=\"_blank\" rel=\"noopener nofollow\"><strong>ASTM D1922<\/strong><\/a>: Ensayos de resistencia al desgarro de pl\u00e1sticos.<\/li>\n<li><a href=\"https:\/\/www.astm.org\/d1424-09r19.html\" target=\"_blank\" rel=\"noopener nofollow\"><strong>ASTM D1424<\/strong><\/a>: Norma para medir la resistencia al desgarro de los textiles.<\/li>\n<li><a href=\"https:\/\/www.astm.org\/d0689-17.html\" target=\"_blank\" rel=\"noopener nofollow\"><strong>ASTM D689<\/strong><\/a>: Norma espec\u00edfica para medir la resistencia al desgarro del papel y el cart\u00f3n, esencial para el control de calidad de los envases.<\/li>\n<li><strong>ISO 6383 &amp; ISO 1974<\/strong>: Normas internacionales para la resistencia al desgarro.<\/li>\n<li><strong>Tapi T414<\/strong>: Norma de ensayo de resistencia al desgarro del papel, ampliamente utilizada en la industria papelera.<\/li>\n<\/ul>\n<\/li>\n<li><strong>Centrarse en ASTM D689<\/strong>: ASTM D689 es una norma clave para la medici\u00f3n de la resistencia al desgarro en materiales de papel y cart\u00f3n, que garantiza que productos como los envases cumplan los requisitos de calidad. Esta norma describe m\u00e9todos espec\u00edficos para comprobar la resistencia al desgarro, mejorando la precisi\u00f3n y la fiabilidad, especialmente en aplicaciones de control de calidad. Al cumplir la norma ASTM D689, el SLD-02 proporciona resultados en los que puede confiar, facilitando el cumplimiento de las normas del sector.<\/li>\n<\/ul>\n<h2><strong>Par\u00e1metros t\u00e9cnicos de la m\u00e1quina de ensayo de rasgado de papel<\/strong><\/h2>\n<table>\n<tbody>\n<tr>\n<td style=\"text-align: center;\" width=\"167\">Rango de prueba (mN)<\/td>\n<td style=\"text-align: center;\" width=\"167\">10~8000,8000~16000<\/td>\n<\/tr>\n<tr>\n<td style=\"text-align: center;\" width=\"167\">Fuente de gas<\/td>\n<td style=\"text-align: center;\" width=\"167\">0,6 MPa<\/td>\n<\/tr>\n<tr>\n<td style=\"text-align: center;\" width=\"167\">Brazo desgarrador<\/td>\n<td style=\"text-align: center;\" width=\"167\">104\u00b11mm<\/td>\n<\/tr>\n<tr>\n<td style=\"text-align: center;\" width=\"167\">\u00c1ngulo inicial de desgarro<\/td>\n<td style=\"text-align: center;\" width=\"167\">27.5 \u00b10.5\u00b0<\/td>\n<\/tr>\n<tr>\n<td style=\"text-align: center;\" width=\"167\">Exactitud<\/td>\n<td style=\"text-align: center;\" width=\"167\">0,01 mN<\/td>\n<\/tr>\n<tr>\n<td style=\"text-align: center;\" width=\"167\">Hendidura de corte<\/td>\n<td style=\"text-align: center;\" width=\"167\">20 mm<\/td>\n<\/tr>\n<tr>\n<td style=\"text-align: center;\" width=\"167\">Superficie de sujeci\u00f3n<\/td>\n<td style=\"text-align: center;\" width=\"167\">\u226525*15mm<\/td>\n<\/tr>\n<tr>\n<td style=\"text-align: center;\" width=\"167\">Tama\u00f1o de la muestra<\/td>\n<td style=\"text-align: center;\" width=\"167\">63*50mm<\/td>\n<\/tr>\n<tr>\n<td style=\"text-align: center;\" width=\"167\">Espesor de la abrazadera<\/td>\n<td style=\"text-align: center;\" width=\"167\">2,8\u00b10,3 mm<\/td>\n<\/tr>\n<tr>\n<td style=\"text-align: center;\" width=\"167\">Fuerza<\/td>\n<td style=\"text-align: center;\" width=\"167\">220V 50 Hz<\/td>\n<\/tr>\n<\/tbody>\n<\/table>\n<h2><strong>Ventajas del comprobador de desgarro de papel SLD-02<\/strong><\/h2>\n<ul>\n<li><strong>Mayor confiabilidad<\/strong>: El sistema de sujeci\u00f3n neum\u00e1tica minimiza los errores derivados de la manipulaci\u00f3n manual, lo que permite obtener resultados uniformes y precisos.<\/li>\n<li><strong>Dise\u00f1o f\u00e1cil de usar<\/strong>: La pantalla t\u00e1ctil de 5 pulgadas simplifica el manejo, proporcionando una experiencia de usuario intuitiva que favorece la eficacia de las pruebas.<\/li>\n<li><strong>Opciones de prueba flexibles<\/strong>: Las m\u00faltiples capacidades pendulares permiten probar diversos materiales, desde papeles ligeros hasta textiles y pel\u00edculas robustas.<\/li>\n<li><strong>Durabilidad y mantenimiento<\/strong>: Un filtro de aire y un regulador integrados prolongan la vida \u00fatil de los componentes neum\u00e1ticos, reduciendo los tiempos de inactividad y los costes de mantenimiento.<\/li>\n<\/ul>\n<h2><strong>Aplicaciones del comprobador de desgarro de papel<\/strong><\/h2>\n<p>El comprobador de resistencia al desgarro de papel SLD-02 sirve para diversas industrias en las que la resistencia al desgarro es un factor cr\u00edtico de calidad:<\/p>\n<ul>\n<li><strong>Embalaje<\/strong>: Garantiza que los materiales de embalaje de papel y cart\u00f3n sean lo suficientemente duraderos para el transporte y la manipulaci\u00f3n.<\/li>\n<li><strong>M\u00e9dica y farmac\u00e9utica<\/strong>: Apoya unos est\u00e1ndares elevados en los materiales de envasado para garantizar la integridad del producto.<\/li>\n<li><strong>Textiles y pl\u00e1sticos<\/strong>: Verifica la resistencia al desgarro de los textiles, el cuero y las pel\u00edculas de pl\u00e1stico, manteniendo las normas de calidad en todos los procesos de fabricaci\u00f3n.<\/li>\n<li><strong>Agencias de inspecci\u00f3n de calidad<\/strong>: Proporciona mediciones precisas de desgarros, ayudando a las organizaciones a cumplir las normas reglamentarias de resistencia y fiabilidad de los materiales.<\/li>\n<\/ul>\n<h2><strong>Preguntas frecuentes sobre la prueba de desgarro de papel y la norma ASTM D689<\/strong><\/h2>\n<ol>\n<li><strong>\u00bfQu\u00e9 es la norma ASTM D689 y por qu\u00e9 es importante para las pruebas de desgarro?<\/strong><br \/>\n<a href=\"https:\/\/www.qualitester.com\/es\/categoria-producto\/astm\/astm-d689\/\">ASTM D689<\/a> es una norma que define los m\u00e9todos de ensayo para medir la resistencia al desgarro del papel y el cart\u00f3n. Garantiza que los resultados de las pruebas sean coherentes y fiables, lo que resulta esencial para el control de calidad en las industrias que dependen de envases resistentes al desgarro.<\/li>\n<li><strong>\u00bfC\u00f3mo mejora la precisi\u00f3n de las pruebas el sistema de sujeci\u00f3n neum\u00e1tica?<\/strong><br \/>\nAl sujetar las muestras neum\u00e1ticamente, el SLD-02 reduce la variabilidad de la manipulaci\u00f3n humana, proporcionando una sujeci\u00f3n estable que evita el deslizamiento, garantizando unos resultados de ensayo uniformes y precisos.<\/li>\n<li><strong>\u00bfPuede el SLD-02 analizar materiales distintos del papel?<\/strong><br \/>\nS\u00ed, el SLD-02 es lo suficientemente vers\u00e1til como para ensayar diversos materiales en l\u00e1minas, incluidos textiles, cuero y pel\u00edculas de pl\u00e1stico, dando cabida a una amplia gama de necesidades de control de calidad.<\/li>\n<li><strong>\u00bfCu\u00e1l es la importancia de las capacidades pendulares m\u00faltiples?<\/strong><br \/>\nLas diferentes capacidades del p\u00e9ndulo permiten a la SLD-02 manipular materiales con distintas resistencias al desgarro, lo que ofrece flexibilidad para probar tanto materiales ligeros como pesados.<\/li>\n<li><strong>\u00bfC\u00f3mo cumple la SLD-02 otras normas adem\u00e1s de la ASTM D689?<\/strong><br \/>\nAdem\u00e1s de la norma ASTM D689, cumple las normas ASTM D1922 para pl\u00e1sticos, ASTM D1424 para textiles, ISO y TAPPI T414, lo que garantiza su idoneidad para aplicaciones internacionales de control de calidad.<\/li>\n<\/ol>","protected":false},"excerpt":{"rendered":"<p>El <strong>SLD-02 Comprobador de desgarro de papel<\/strong> de Cell Instruments est\u00e1 dise\u00f1ado para proporcionar mediciones precisas y fiables de la resistencia al desgarro en una amplia gama de materiales, como papel, cart\u00f3n, textiles, cuero y pel\u00edculas de pl\u00e1stico. Incorpora funciones avanzadas y cumple las principales normas del sector, entre las que se incluyen <strong>ASTM D689<\/strong>, Este comprobador es esencial para las industrias que dan prioridad al control de calidad, desde el envasado y la impresi\u00f3n hasta los dispositivos m\u00e9dicos y los bienes de consumo. Con esta herramienta, puede asegurarse de que sus materiales cumplen los estrictos requisitos de resistencia al desgarro, lo que ayuda a mantener la durabilidad y la calidad del producto.<\/p>","protected":false},"featured_media":6197,"comment_status":"closed","ping_status":"closed","template":"","meta":{"site-sidebar-layout":"default","site-content-layout":"default","ast-global-header-display":"","ast-main-header-display":"","ast-hfb-above-header-display":"","ast-hfb-below-header-display":"","ast-hfb-mobile-header-display":"","site-post-title":"","ast-breadcrumbs-content":"","ast-featured-img":"","footer-sml-layout":"","theme-transparent-header-meta":"default","adv-header-id-meta":"","stick-header-meta":"","header-above-stick-meta":"","header-main-stick-meta":"","header-below-stick-meta":""},"product_cat":[845,953,956,955,954,957,958,952,959,1154,680,44,16,119,121,137,159,165,95],"product_tag":[],"class_list":{"0":"post-5301","1":"product","2":"type-product","3":"status-publish","4":"has-post-thumbnail","6":"product_cat-customization","7":"product_cat-bursting-tester","8":"product_cat-cobb-tester","9":"product_cat-crush-tester","10":"product_cat-paper-tear-tester","11":"product_cat-plybond-tester","12":"product_cat-puncture-tester","13":"product_cat-rub-tester","14":"product_cat-stiffness-tester","15":"product_cat-tappi-t414","16":"product_cat-tear-tester","17":"product_cat-paper-and-board-testers","18":"product_cat-plastic-packaging-testers","19":"product_cat-astm-d1424","20":"product_cat-astm-d1922","21":"product_cat-astm-d689","22":"product_cat-iso-1974","23":"product_cat-iso-6383","24":"product_cat-products","25":"desktop-align-left","26":"tablet-align-left","27":"mobile-align-left","29":"first","30":"instock","31":"shipping-taxable","32":"product-type-simple"},"_links":{"self":[{"href":"https:\/\/www.qualitester.com\/es\/wp-json\/wp\/v2\/product\/5301","targetHints":{"allow":["GET"]}}],"collection":[{"href":"https:\/\/www.qualitester.com\/es\/wp-json\/wp\/v2\/product"}],"about":[{"href":"https:\/\/www.qualitester.com\/es\/wp-json\/wp\/v2\/types\/product"}],"replies":[{"embeddable":true,"href":"https:\/\/www.qualitester.com\/es\/wp-json\/wp\/v2\/comments?post=5301"}],"version-history":[{"count":0,"href":"https:\/\/www.qualitester.com\/es\/wp-json\/wp\/v2\/product\/5301\/revisions"}],"wp:featuredmedia":[{"embeddable":true,"href":"https:\/\/www.qualitester.com\/es\/wp-json\/wp\/v2\/media\/6197"}],"wp:attachment":[{"href":"https:\/\/www.qualitester.com\/es\/wp-json\/wp\/v2\/media?parent=5301"}],"wp:term":[{"taxonomy":"product_cat","embeddable":true,"href":"https:\/\/www.qualitester.com\/es\/wp-json\/wp\/v2\/product_cat?post=5301"},{"taxonomy":"product_tag","embeddable":true,"href":"https:\/\/www.qualitester.com\/es\/wp-json\/wp\/v2\/product_tag?post=5301"}],"curies":[{"name":"wp","href":"https:\/\/api.w.org\/{rel}","templated":true}]}}