{"id":5298,"date":"2024-11-12T16:52:09","date_gmt":"2024-11-12T08:52:09","guid":{"rendered":"https:\/\/www.qualitester.com\/?post_type=product&#038;p=5298"},"modified":"2024-12-05T11:12:04","modified_gmt":"2024-12-05T03:12:04","slug":"sale-short-span-compression-tester","status":"publish","type":"product","link":"https:\/\/www.qualitester.com\/es\/producto\/sale-short-span-compression-tester\/","title":{"rendered":"Comprobador de compresi\u00f3n de tramo corto SCT-01"},"content":{"rendered":"<h2>Introducci\u00f3n al comprobador de compresi\u00f3n de tramo corto<\/h2>\n<p>El <strong>Comprobador de compresi\u00f3n de tramo corto SCT-01<\/strong> es un instrumento de alta precisi\u00f3n dise\u00f1ado para evaluar la resistencia a la compresi\u00f3n del papel y el cart\u00f3n, lo que proporciona informaci\u00f3n esencial sobre la calidad de los materiales utilizados en la producci\u00f3n de contenedores y cajas. Este comprobador es especialmente adecuado para papeles y cartones con un gramaje de entre 100 g\/m\u00b2 y 400 g\/m\u00b2, lo que garantiza que solo los materiales que cumplen con los niveles de resistencia requeridos sean aprobados para su fabricaci\u00f3n. Con su dise\u00f1o robusto y sus caracter\u00edsticas avanzadas, el SCT-01 ayuda a optimizar la durabilidad del producto, lo que lo convierte en una herramienta valiosa para el control de calidad en diversas industrias, incluidos el embalaje, la fabricaci\u00f3n de papel y las agencias de inspecci\u00f3n de calidad.<\/p>\n<h2>Aplicaciones clave<\/h2>\n<p>El SCT-01 <strong>Comprobador de compresi\u00f3n de tramo corto <\/strong>Es ampliamente aplicable en industrias que exigen materiales resistentes y confiables de manera constante:<\/p>\n<ul>\n<li><strong>Industria del embalaje:<\/strong> Verificaci\u00f3n de la calidad de los materiales para la producci\u00f3n de cajas y contenedores, cruciales para el transporte y el almacenamiento.<\/li>\n<li><strong>Fabricaci\u00f3n de papel y cart\u00f3n:<\/strong> Garantizar que los materiales sean capaces de soportar tensiones tanto en la m\u00e1quina como en direcciones transversales, aumentando la durabilidad.<\/li>\n<li><strong>Agencias de inspecci\u00f3n de calidad:<\/strong> Proporcionar un m\u00e9todo de prueba estandarizado para controles de cumplimiento de acuerdo con la norma ISO 9895.<\/li>\n<\/ul>\n<h2>Descripci\u00f3n del sistema del comprobador de compresi\u00f3n de tramo corto SCT-01<\/h2>\n<p>El <strong>Comprobador de compresi\u00f3n de tramo corto SCT-01<\/strong> Est\u00e1 dise\u00f1ado con abrazaderas de precisi\u00f3n y un mecanismo de sujeci\u00f3n robusto para garantizar pruebas precisas:<\/p>\n<ul>\n<li><strong>Abrazaderas:<\/strong> El comprobador tiene dos pinzas, cada una de 30 mm de longitud, con mordazas fijas y m\u00f3viles. Estas mordazas est\u00e1n fabricadas con una superficie de alta fricci\u00f3n para garantizar un agarre firme y constante durante las pruebas.<\/li>\n<li><strong>Fuerza de sujeci\u00f3n:<\/strong> Aplica una fuerza de sujeci\u00f3n constante de 2300 \u00b1 500 N, sujetando de forma segura la pieza de prueba en todo su ancho.<\/li>\n<li><strong>Alineaci\u00f3n de la mand\u00edbula:<\/strong> Las mand\u00edbulas fijas y m\u00f3viles son paralelas, lo que mantiene la uniformidad en cada prueba y permite realizar mediciones precisas.<\/li>\n<li><strong>Sujeci\u00f3n neum\u00e1tica y velocidad de prueba ajustable:<\/strong> El sistema de sujeci\u00f3n neum\u00e1tico del probador con fuerza personalizable y velocidad ajustable permite flexibilidad, adapt\u00e1ndose a diversos requisitos de prueba y tipos de materiales.<\/li>\n<\/ul>\n<h2>Principio de prueba de la prueba de compresi\u00f3n en tramos cortos<\/h2>\n<p>El SCT-01 <strong>Comprobador de compresi\u00f3n de tramo corto <\/strong>Funciona seg\u00fan un principio de prueba sencillo pero fiable:<\/p>\n<ul>\n<li>Se sujeta una muestra de prueba de 15 mm de ancho entre dos mordazas que inicialmente est\u00e1n separadas 0,70 mm.<\/li>\n<li>Luego, las mand\u00edbulas comprimen la muestra de prueba hasta que falla bajo la fuerza aplicada.<\/li>\n<li>Se registra la fuerza m\u00e1xima aplicada antes de la falla por compresi\u00f3n y este valor se utiliza para calcular la resistencia a la compresi\u00f3n del material.<\/li>\n<\/ul>\n<p>Este m\u00e9todo ofrece resultados confiables y repetibles, ayudando a los fabricantes a determinar la resistencia del material en configuraciones de aplicaciones de la vida real.<\/p>\n<h2>Descripci\u00f3n general de la norma ISO 9895 y sus m\u00e9todos de prueba<\/h2>\n<p>El comprobador de compresi\u00f3n de tramo corto SCT-01 cumple con los requisitos <a href=\"https:\/\/www.iso.org\/standard\/41400.html\" target=\"_blank\" rel=\"noopener nofollow\"><strong>ISO 9895<\/strong><\/a> est\u00e1ndar, un punto de referencia reconocido mundialmente para evaluar la resistencia a la compresi\u00f3n en tramos cortos del papel y el cart\u00f3n.<\/p>\n<ul>\n<li><strong>Introducci\u00f3n a <a href=\"https:\/\/www.qualitester.com\/es\/categoria-producto\/iso\/iso-9895\/\" target=\"_blank\" rel=\"noopener\">ISO 9895<\/a>:<\/strong> La norma ISO 9895 especifica los procedimientos para determinar la resistencia a la compresi\u00f3n, guiando el proceso de configuraci\u00f3n y prueba para garantizar la consistencia en diferentes laboratorios e industrias.<\/li>\n<li><strong>Requisitos del m\u00e9todo de prueba:<\/strong> La norma ISO 9895 describe las dimensiones de las piezas de prueba, las fuerzas de sujeci\u00f3n espec\u00edficas, la velocidad de sujeci\u00f3n y los c\u00e1lculos de resistencia a la compresi\u00f3n, lo que permite realizar pruebas estandarizadas para obtener resultados precisos y comparables.<\/li>\n<li><strong>Importancia del cumplimiento de la norma ISO 9895:<\/strong> El cumplimiento de la norma ISO 9895 garantiza que el SCT-01 proporcione mediciones de resistencia a la compresi\u00f3n confiables y precisas, cruciales para las industrias que buscan cumplir con los est\u00e1ndares internacionales de calidad y durabilidad.<\/li>\n<\/ul>\n<h2>Beneficios del comprobador de compresi\u00f3n de tramo corto SCT-01<\/h2>\n<p>El SCT-01 <strong>Comprobador de compresi\u00f3n de tramo corto <\/strong>Ofrece varias ventajas que lo convierten en una opci\u00f3n ideal para pruebas de compresi\u00f3n de tramos cortos:<\/p>\n<ul>\n<li><strong>Operaci\u00f3n f\u00e1cil de usar:<\/strong> Equipado con un sistema de control PLC y HMI para una operaci\u00f3n sencilla, el SCT-01 minimiza los errores del operador.<\/li>\n<li><strong>Funciones de seguridad mejoradas:<\/strong> Incluye un bot\u00f3n de parada de emergencia y protecci\u00f3n contra sobrerango para garantizar un funcionamiento seguro.<\/li>\n<li><strong>Opciones de visualizaci\u00f3n de varias unidades:<\/strong> Muestra los resultados de las pruebas en m\u00faltiples unidades (N, kgf, lbf) para mayor flexibilidad seg\u00fan los requisitos del usuario.<\/li>\n<li><strong>Gesti\u00f3n avanzada de datos:<\/strong> Cuenta con una impresora matricial de puntos incorporada para impresi\u00f3n de resultados inmediatos y un puerto COM RS-232 opcional con software para transferencia y almacenamiento de datos eficientes.<\/li>\n<\/ul>\n<h2>Especificaciones t\u00e9cnicas del SCT-01<\/h2>\n<p>A continuaci\u00f3n se muestra un resumen de los principales par\u00e1metros t\u00e9cnicos del SCT-01:<\/p>\n<table>\n<thead>\n<tr>\n<th>Par\u00e1metro<\/th>\n<th>Especificaci\u00f3n<\/th>\n<\/tr>\n<\/thead>\n<tbody>\n<tr>\n<td style=\"text-align: center;\">Campo de pruebas<\/td>\n<td style=\"text-align: center;\">1 ~ 500 N (0,06 ~ 33,3 KN\/m)<\/td>\n<\/tr>\n<tr>\n<td style=\"text-align: center;\">Distancia de compresi\u00f3n<\/td>\n<td style=\"text-align: center;\">0,3 ~ 0,7 mm<\/td>\n<\/tr>\n<tr>\n<td style=\"text-align: center;\">Longitud de sujeci\u00f3n<\/td>\n<td style=\"text-align: center;\">30 \u00b1 0,5 mm<\/td>\n<\/tr>\n<tr>\n<td style=\"text-align: center;\">Prueba de velocidad<\/td>\n<td style=\"text-align: center;\">3 \u00b1 0,1 mm\/min<\/td>\n<\/tr>\n<tr>\n<td style=\"text-align: center;\">Resoluci\u00f3n<\/td>\n<td style=\"text-align: center;\">0,01 N<\/td>\n<\/tr>\n<tr>\n<td style=\"text-align: center;\">Tama\u00f1o de la muestra<\/td>\n<td style=\"text-align: center;\">15 mm (ancho) x 75 mm (largo)<\/td>\n<\/tr>\n<tr>\n<td style=\"text-align: center;\">Requisito de presi\u00f3n de gas<\/td>\n<td style=\"text-align: center;\">0,5 MPa<\/td>\n<\/tr>\n<tr>\n<td style=\"text-align: center;\">Tama\u00f1o del puerto de gas<\/td>\n<td style=\"text-align: center;\">\u04246mm<\/td>\n<\/tr>\n<tr>\n<td style=\"text-align: center;\">Requisito de potencia<\/td>\n<td style=\"text-align: center;\">CA 110 ~ 220 V, 50 Hz<\/td>\n<\/tr>\n<\/tbody>\n<\/table>\n<p>Estas especificaciones garantizan que el SCT-01 sea vers\u00e1til, preciso y adaptable, lo que lo hace ideal para un uso industrial riguroso.<\/p>\n<h2>Cumplimiento y est\u00e1ndares de <strong>Comprobador de compresi\u00f3n de tramo corto<\/strong><\/h2>\n<p>El comprobador de compresi\u00f3n de tramo corto SCT-01 cumple con varias normas, lo que mejora su credibilidad y relevancia en entornos profesionales:<\/p>\n<ul>\n<li><strong><a href=\"https:\/\/www.iso.org\/standard\/41400.html\" target=\"_blank\" rel=\"noopener nofollow\">ISO 9895<\/a>:<\/strong> Garantiza mediciones confiables de resistencia a la compresi\u00f3n en tramos cortos.<\/li>\n<li><strong>GB\/T 2679.10:<\/strong> Proporciona cumplimiento regional, garantizando la compatibilidad con los est\u00e1ndares de la industria en varios mercados.<\/li>\n<\/ul>\n<h2>Preguntas frecuentes (FAQ)<\/h2>\n<ol>\n<li><strong>\u00bfQu\u00e9 tipos de materiales se pueden probar con el SCT-01?<\/strong>\n<ul>\n<li>La SCT-01 es adecuada para papeles y cartones con un rango de gramaje de 100 g\/m\u00b2 a 400 g\/m\u00b2, com\u00fanmente utilizados en la producci\u00f3n de embalajes y cajas.<\/li>\n<\/ul>\n<\/li>\n<li><strong>\u00bfC\u00f3mo garantiza el SCT-01 resultados precisos en las pruebas de compresi\u00f3n?<\/strong>\n<ul>\n<li>Las mand\u00edbulas paralelas y de alta fricci\u00f3n del SCT-01, la fuerza de sujeci\u00f3n constante y el cumplimiento de las normas ISO 9895 garantizan resultados de pruebas altamente precisos y repetibles.<\/li>\n<\/ul>\n<\/li>\n<li><strong>\u00bfPor qu\u00e9 es importante el cumplimiento de la norma ISO 9895 para las pruebas de compresi\u00f3n?<\/strong>\n<ul>\n<li>La norma ISO 9895 establece est\u00e1ndares globales para los m\u00e9todos de prueba, garantizando que los resultados sean confiables y comparables entre industrias.<\/li>\n<\/ul>\n<\/li>\n<li><strong>\u00bfC\u00f3mo mejora la sujeci\u00f3n neum\u00e1tica la precisi\u00f3n de las pruebas?<\/strong>\n<ul>\n<li>La sujeci\u00f3n neum\u00e1tica proporciona una presi\u00f3n constante en toda la muestra, evitando deslizamientos o da\u00f1os que podr\u00edan afectar los resultados de la prueba.<\/li>\n<\/ul>\n<\/li>\n<li><strong>\u00bfCu\u00e1les son los beneficios de utilizar un software de gesti\u00f3n de datos y visualizaci\u00f3n de m\u00faltiples unidades?<\/strong>\n<ul>\n<li>La pantalla de m\u00faltiples unidades permite a los usuarios ver los resultados en diferentes unidades, mientras que el software de gesti\u00f3n de datos facilita el an\u00e1lisis de resultados y el mantenimiento de registros a largo plazo, mejorando la eficiencia de las pruebas.<\/li>\n<\/ul>\n<\/li>\n<\/ol>","protected":false},"excerpt":{"rendered":"<p>El <strong>Comprobador de compresi\u00f3n de tramo corto SCT-01<\/strong> es un instrumento de alta precisi\u00f3n dise\u00f1ado para evaluar la resistencia a la compresi\u00f3n del papel y el cart\u00f3n, lo que proporciona informaci\u00f3n esencial sobre la calidad de los materiales utilizados en la producci\u00f3n de contenedores y cajas. Este comprobador es especialmente adecuado para papeles y cartones con un gramaje de entre 100 g\/m\u00b2 y 400 g\/m\u00b2, lo que garantiza que solo los materiales que cumplen con los niveles de resistencia requeridos sean aprobados para su fabricaci\u00f3n. Con su dise\u00f1o robusto y sus caracter\u00edsticas avanzadas, el SCT-01 ayuda a optimizar la durabilidad del producto, lo que lo convierte en una herramienta valiosa para el control de calidad en diversas industrias, incluidos el embalaje, la fabricaci\u00f3n de papel y las agencias de inspecci\u00f3n de calidad.<\/p>","protected":false},"featured_media":6195,"comment_status":"closed","ping_status":"closed","template":"","meta":{"site-sidebar-layout":"default","site-content-layout":"default","ast-global-header-display":"","ast-main-header-display":"","ast-hfb-above-header-display":"","ast-hfb-below-header-display":"","ast-hfb-mobile-header-display":"","site-post-title":"","ast-breadcrumbs-content":"","ast-featured-img":"","footer-sml-layout":"","theme-transparent-header-meta":"default","adv-header-id-meta":"","stick-header-meta":"","header-above-stick-meta":"","header-main-stick-meta":"","header-below-stick-meta":""},"product_cat":[964,845,1088,965,44,95],"product_tag":[],"class_list":{"0":"post-5298","1":"product","2":"type-product","3":"status-publish","4":"has-post-thumbnail","6":"product_cat-box-compression-tester","7":"product_cat-customization","8":"product_cat-iso-9895","9":"product_cat-package-compression-tester","10":"product_cat-paper-and-board-testers","11":"product_cat-products","12":"desktop-align-left","13":"tablet-align-left","14":"mobile-align-left","16":"first","17":"instock","18":"shipping-taxable","19":"product-type-simple"},"_links":{"self":[{"href":"https:\/\/www.qualitester.com\/es\/wp-json\/wp\/v2\/product\/5298","targetHints":{"allow":["GET"]}}],"collection":[{"href":"https:\/\/www.qualitester.com\/es\/wp-json\/wp\/v2\/product"}],"about":[{"href":"https:\/\/www.qualitester.com\/es\/wp-json\/wp\/v2\/types\/product"}],"replies":[{"embeddable":true,"href":"https:\/\/www.qualitester.com\/es\/wp-json\/wp\/v2\/comments?post=5298"}],"version-history":[{"count":0,"href":"https:\/\/www.qualitester.com\/es\/wp-json\/wp\/v2\/product\/5298\/revisions"}],"wp:featuredmedia":[{"embeddable":true,"href":"https:\/\/www.qualitester.com\/es\/wp-json\/wp\/v2\/media\/6195"}],"wp:attachment":[{"href":"https:\/\/www.qualitester.com\/es\/wp-json\/wp\/v2\/media?parent=5298"}],"wp:term":[{"taxonomy":"product_cat","embeddable":true,"href":"https:\/\/www.qualitester.com\/es\/wp-json\/wp\/v2\/product_cat?post=5298"},{"taxonomy":"product_tag","embeddable":true,"href":"https:\/\/www.qualitester.com\/es\/wp-json\/wp\/v2\/product_tag?post=5298"}],"curies":[{"name":"wp","href":"https:\/\/api.w.org\/{rel}","templated":true}]}}