{"id":5295,"date":"2024-11-12T16:42:22","date_gmt":"2024-11-12T08:42:22","guid":{"rendered":"https:\/\/www.qualitester.com\/?post_type=product&#038;p=5295"},"modified":"2024-12-05T11:00:26","modified_gmt":"2024-12-05T03:00:26","slug":"sale-paper-softness-tester","status":"publish","type":"product","link":"https:\/\/www.qualitester.com\/es\/producto\/sale-paper-softness-tester\/","title":{"rendered":"Comprobador de suavidad del papel RRD-01"},"content":{"rendered":"<h2>Introducci\u00f3n<\/h2>\n<p>El comprobador de suavidad del papel es un instrumento de precisi\u00f3n dise\u00f1ado para medir la suavidad de materiales como pa\u00f1uelos de papel, telas no tejidas y otros materiales de embalaje blandos. Este dispositivo desempe\u00f1a un papel fundamental en el control de calidad al proporcionar datos precisos sobre la suavidad y flexibilidad de diversos materiales, que son factores esenciales en industrias como el embalaje, los dispositivos m\u00e9dicos, los textiles y los bienes de consumo diario. Equipado con tecnolog\u00eda avanzada de automatizaci\u00f3n y medici\u00f3n electr\u00f3nica, el comprobador de suavidad del papel garantiza resultados r\u00e1pidos, fiables y repetibles, lo que ayuda a los fabricantes a mantener los est\u00e1ndares de los productos y a satisfacer las expectativas de los consumidores.<\/p>\n<h2>Principio de funcionamiento<\/h2>\n<p>El comprobador de suavidad del papel funciona con un mecanismo de cuchilla y ranura. Durante la prueba, se coloca una muestra sobre una ranura en la plataforma de prueba, donde una cuchilla (sonda) aplica fuerza para empujar el material hacia la ranura. Esta fuerza, medida por el comprobador, indica el nivel de suavidad de la muestra, ya que representa la resistencia de la muestra a la flexi\u00f3n o su flexibilidad. El dise\u00f1o del comprobador garantiza la precisi\u00f3n al minimizar la interferencia del usuario, lo que lo convierte en una opci\u00f3n confiable tanto para laboratorios como para l\u00edneas de producci\u00f3n.<\/p>\n<h2>\u00c1reas de aplicaci\u00f3n<\/h2>\n<p>El comprobador de suavidad del papel es esencial para evaluar las propiedades f\u00edsicas de los productos en diversas industrias:<\/p>\n<ul>\n<li><strong>Materiales de embalaje<\/strong>:Garantiza que los materiales de embalaje, como papel tis\u00fa suave, pel\u00edculas de pl\u00e1stico delgadas y cart\u00f3n, cumplan con los requisitos de suavidad y flexibilidad.<\/li>\n<li><strong>Productos de papel<\/strong>:Ideal para probar papel tis\u00fa, papel higi\u00e9nico y otros productos de papel de consumo para garantizar una suavidad \u00f3ptima.<\/li>\n<li><strong>M\u00e9dica y farmac\u00e9utica<\/strong>:Adecuado para materiales como papeles de grado m\u00e9dico y no tejidos, que necesitan una suavidad espec\u00edfica para su funcionalidad y comodidad.<\/li>\n<li><strong>Textiles y Adhesivos<\/strong>:Eval\u00faa la suavidad y flexibilidad de los textiles y adhesivos, garantizando que cumplan con los est\u00e1ndares de la industria en cuanto a comodidad y facilidad de uso.<\/li>\n<\/ul>\n<p>Esta versatilidad hace que el comprobador sea indispensable en sectores como el embalaje, la alimentaci\u00f3n, el farmac\u00e9utico, el textil y las agencias de inspecci\u00f3n de calidad.<\/p>\n<h2>Normas clave<\/h2>\n<p>El comprobador de suavidad del papel cumple totalmente con las siguientes normas: <a href=\"https:\/\/www.qualitester.com\/es\/categoria-producto\/astm\/\" target=\"_blank\" rel=\"noopener\">Normas ASTM<\/a>, proporcionando m\u00e9todos de prueba estandarizados y resultados confiables:<\/p>\n<ul>\n<li><strong>GB\/T8942<\/strong> Papel-Determinaci\u00f3n de la suavidad<\/li>\n<li><a href=\"https:\/\/www.astm.org\/d2923-06.html\" target=\"_blank\" rel=\"noopener nofollow\"><strong>ASTM D2923<\/strong><\/a> M\u00e9todo de prueba para la rigidez de pel\u00edculas y l\u00e1minas de poliolefina<\/li>\n<li><strong>QB\/T 1060<\/strong> Probador de suavidad<\/li>\n<li><a href=\"https:\/\/www.tappi.org\/product_pull\/09\/dec__06\/__30\/softness-of-sanitary-tissues\/\" target=\"_blank\" rel=\"noopener nofollow\"><strong>TAPA T498<\/strong><\/a> Suavidad de los tejidos sanitarios<\/li>\n<li><strong><a href=\"https:\/\/www.astm.org\/d6828-02r19.html\" target=\"_blank\" rel=\"noopener nofollow\">ASTM D6828<\/a>\u221202<\/strong> (Reaprobado en 2019) M\u00e9todo de prueba est\u00e1ndar para la rigidez de la tela mediante el procedimiento de cuchilla\/ranura<\/li>\n<\/ul>\n<p>El cumplimiento de estas normas ASTM garantiza que el comprobador de suavidad de papel cumple con los requisitos de pruebas internacionales, ofreciendo a los usuarios confianza en la calidad y precisi\u00f3n de sus resultados.<\/p>\n<h2>Beneficios del comprobador de suavidad del papel<\/h2>\n<ul>\n<li><strong>Mediciones automatizadas y precisas<\/strong>:El dise\u00f1o automatizado del probador minimiza la posibilidad de error humano, proporcionando resultados consistentemente precisos sin ajustes manuales.<\/li>\n<li><strong>Operaci\u00f3n f\u00e1cil de usar<\/strong>:Con un procedimiento de prueba autom\u00e1tico y de colocaci\u00f3n de muestra sencillo, los operadores pueden realizar pruebas f\u00e1cilmente sin necesidad de una capacitaci\u00f3n extensa.<\/li>\n<li><strong>Mayor confiabilidad<\/strong>:El sistema de control electr\u00f3nico proporciona resultados altamente repetibles, lo que garantiza la consistencia en las evaluaciones de control de calidad.<\/li>\n<\/ul>\n<h2>Especificaciones t\u00e9cnicas<\/h2>\n<table>\n<tbody>\n<tr>\n<td style=\"text-align: center;\" width=\"126\">Campo de pruebas<\/td>\n<td style=\"text-align: center;\" width=\"222\">(10 ~ 1000) mN<\/td>\n<\/tr>\n<tr>\n<td style=\"text-align: center;\" width=\"126\">Tama\u00f1o de la hoja de prueba<\/td>\n<td style=\"text-align: center;\" width=\"222\">Di\u00e1metro interior: 120 mm x 2 mm, largo x profundidad.<\/td>\n<\/tr>\n<tr>\n<td style=\"text-align: center;\" width=\"126\">Golpe de la cuchilla<\/td>\n<td style=\"text-align: center;\" width=\"222\">8 \u00b1 0,5 mm<\/td>\n<\/tr>\n<tr>\n<td style=\"text-align: center;\" width=\"126\">Prueba de velocidad<\/td>\n<td style=\"text-align: center;\" width=\"222\">1,2 mm\/s<\/td>\n<\/tr>\n<tr>\n<td style=\"text-align: center;\" width=\"126\">Resoluci\u00f3n de fuerza<\/td>\n<td style=\"text-align: center;\" width=\"222\">1 mN<\/td>\n<\/tr>\n<tr>\n<td style=\"text-align: center;\" width=\"126\">Exactitud<\/td>\n<td style=\"text-align: center;\" width=\"222\">\u00b11%<\/td>\n<\/tr>\n<tr>\n<td style=\"text-align: center;\" width=\"126\">Ancho de ranura<\/td>\n<td style=\"text-align: center;\" width=\"222\">5 mm, 6,35 mm, 10 mm, 20 mm<\/td>\n<\/tr>\n<tr>\n<td style=\"text-align: center;\" width=\"126\">Fuerza<\/td>\n<td style=\"text-align: center;\" width=\"222\">CA 220 V 50 Hz<\/td>\n<\/tr>\n<\/tbody>\n<\/table>\n<h2>\u00bfPor qu\u00e9 elegir nuestro comprobador de suavidad del papel?<\/h2>\n<p>Nuestro comprobador de suavidad del papel se destaca por su durabilidad, precisi\u00f3n y cumplimiento de las normas ASTM (ASTM D2063, ASTM D3198 y ASTM D3474). Este comprobador es ideal para el control de calidad en industrias que priorizan la suavidad del material, como el embalaje, los bienes de consumo y la atenci\u00f3n sanitaria. Adem\u00e1s, hay opciones de personalizaci\u00f3n disponibles para cumplir con los requisitos de prueba especializados, lo que garantiza que este instrumento satisfaga las necesidades \u00fanicas de cada usuario.<\/p>\n<h2>Preguntas frecuentes (FAQ)<\/h2>\n<p><strong>1. \u00bfEn qu\u00e9 se diferencia el comprobador de suavidad del papel de otros m\u00e9todos de prueba de suavidad?<\/strong><br \/>\nA diferencia de los probadores manuales, este probador automatizado minimiza el sesgo del usuario y mejora la precisi\u00f3n al medir electr\u00f3nicamente la fuerza necesaria para penetrar la muestra.<\/p>\n<p><strong>2. \u00bfQu\u00e9 tipos de materiales se pueden probar con este instrumento?<\/strong><br \/>\nEste probador es adecuado para materiales blandos como papel tis\u00fa, telas no tejidas, telas y algunos materiales de embalaje, lo que proporciona flexibilidad en la aplicaci\u00f3n.<\/p>\n<p><strong>3. \u00bfQu\u00e9 tan precisos son los resultados y son repetibles?<\/strong><br \/>\nEl sistema de control electr\u00f3nico garantiza una alta precisi\u00f3n y repetibilidad, lo que hace que este probador sea altamente confiable para el control de calidad.<\/p>\n<p><strong>4. \u00bfEl comprobador de suavidad del papel es f\u00e1cil de utilizar para personal no t\u00e9cnico?<\/strong><br \/>\nS\u00ed, el proceso de prueba automatizado y la sencilla colocaci\u00f3n de la muestra lo hacen f\u00e1cil de usar, incluso para operadores con m\u00ednima experiencia t\u00e9cnica.<\/p>","protected":false},"excerpt":{"rendered":"<p>El comprobador de suavidad del papel es un instrumento de precisi\u00f3n dise\u00f1ado para medir la suavidad de materiales como pa\u00f1uelos de papel, telas no tejidas y otros materiales de embalaje blandos. Este dispositivo desempe\u00f1a un papel fundamental en el control de calidad al proporcionar datos precisos sobre la suavidad y flexibilidad de diversos materiales, que son factores esenciales en industrias como el embalaje, los dispositivos m\u00e9dicos, los textiles y los bienes de consumo diario. Equipado con tecnolog\u00eda avanzada de automatizaci\u00f3n y medici\u00f3n electr\u00f3nica, el comprobador de suavidad del papel garantiza resultados r\u00e1pidos, fiables y repetibles, lo que ayuda a los fabricantes a mantener los est\u00e1ndares de los productos y a satisfacer las expectativas de los consumidores.<\/p>","protected":false},"featured_media":6192,"comment_status":"closed","ping_status":"closed","template":"","meta":{"site-sidebar-layout":"default","site-content-layout":"default","ast-global-header-display":"","ast-main-header-display":"","ast-hfb-above-header-display":"","ast-hfb-below-header-display":"","ast-hfb-mobile-header-display":"","site-post-title":"","ast-breadcrumbs-content":"","ast-featured-img":"","footer-sml-layout":"","theme-transparent-header-meta":"default","adv-header-id-meta":"","stick-header-meta":"","header-above-stick-meta":"","header-main-stick-meta":"","header-below-stick-meta":""},"product_cat":[845,1151,1153,953,956,955,954,957,958,952,959,1152,44,95],"product_tag":[],"class_list":{"0":"post-5295","1":"product","2":"type-product","3":"status-publish","4":"has-post-thumbnail","6":"product_cat-customization","7":"product_cat-astm-d2923","8":"product_cat-astm-d6828","9":"product_cat-bursting-tester","10":"product_cat-cobb-tester","11":"product_cat-crush-tester","12":"product_cat-paper-tear-tester","13":"product_cat-plybond-tester","14":"product_cat-puncture-tester","15":"product_cat-rub-tester","16":"product_cat-stiffness-tester","17":"product_cat-tappi-t498","18":"product_cat-paper-and-board-testers","19":"product_cat-products","20":"desktop-align-left","21":"tablet-align-left","22":"mobile-align-left","24":"first","25":"instock","26":"shipping-taxable","27":"product-type-simple"},"_links":{"self":[{"href":"https:\/\/www.qualitester.com\/es\/wp-json\/wp\/v2\/product\/5295","targetHints":{"allow":["GET"]}}],"collection":[{"href":"https:\/\/www.qualitester.com\/es\/wp-json\/wp\/v2\/product"}],"about":[{"href":"https:\/\/www.qualitester.com\/es\/wp-json\/wp\/v2\/types\/product"}],"replies":[{"embeddable":true,"href":"https:\/\/www.qualitester.com\/es\/wp-json\/wp\/v2\/comments?post=5295"}],"version-history":[{"count":0,"href":"https:\/\/www.qualitester.com\/es\/wp-json\/wp\/v2\/product\/5295\/revisions"}],"wp:featuredmedia":[{"embeddable":true,"href":"https:\/\/www.qualitester.com\/es\/wp-json\/wp\/v2\/media\/6192"}],"wp:attachment":[{"href":"https:\/\/www.qualitester.com\/es\/wp-json\/wp\/v2\/media?parent=5295"}],"wp:term":[{"taxonomy":"product_cat","embeddable":true,"href":"https:\/\/www.qualitester.com\/es\/wp-json\/wp\/v2\/product_cat?post=5295"},{"taxonomy":"product_tag","embeddable":true,"href":"https:\/\/www.qualitester.com\/es\/wp-json\/wp\/v2\/product_tag?post=5295"}],"curies":[{"name":"wp","href":"https:\/\/api.w.org\/{rel}","templated":true}]}}