{"id":5283,"date":"2024-11-08T10:12:37","date_gmt":"2024-11-08T02:12:37","guid":{"rendered":"https:\/\/www.qualitester.com\/?post_type=product&#038;p=5283"},"modified":"2024-12-05T10:40:19","modified_gmt":"2024-12-05T02:40:19","slug":"sale-paper-dirt-tester-iso-5350-pulps","status":"publish","type":"product","link":"https:\/\/www.qualitester.com\/es\/producto\/sale-paper-dirt-tester-iso-5350-pulps\/","title":{"rendered":"PDT-01 Comprobador de suciedad de papel"},"content":{"rendered":"<h2><strong>Introducci\u00f3n al comprobador de suciedad de papel<\/strong><\/h2>\n<p>El <strong>PDT-01 Comprobador de suciedad de papel<\/strong> Es un instrumento esencial para medir el contenido de suciedad en papel y cart\u00f3n. Dise\u00f1ado de acuerdo con estrictos est\u00e1ndares de calidad, incluidos <strong>ISO 5350<\/strong>Este comprobador permite detectar la suciedad de forma precisa para garantizar la alta calidad de los materiales de impresi\u00f3n y embalaje. Al identificar impurezas que podr\u00edan degradar la apariencia y el rendimiento de los productos de papel, el PDT-01 mejora el control de calidad en las industrias donde la presentaci\u00f3n es primordial.<\/p>\n<h2><strong>Importancia de las pruebas de suciedad en papel y cart\u00f3n<\/strong><\/h2>\n<p>La suciedad y otras impurezas en el papel pueden afectar significativamente la calidad del producto, especialmente en industrias que dependen de una impresi\u00f3n clara y precisa. La presencia de motas negras, amarillas o marrones puede comprometer el valor est\u00e9tico y funcional del papel, afectando a todo, desde el empaquetado del producto hasta los materiales impresos. Para aplicaciones que involucran papel estucado, cart\u00f3n y pizarra blanca, especialmente en la impresi\u00f3n a color, mantener niveles bajos de suciedad es esencial para obtener resultados vibrantes y claros. El comprobador de suciedad de papel PDT-01 es una herramienta fundamental para detectar y cuantificar estas impurezas, lo que permite a los fabricantes mantener los m\u00e1s altos est\u00e1ndares de calidad.<\/p>\n<h2><strong>Descripci\u00f3n general de <a href=\"https:\/\/www.iso.org\/standard\/39716.html\" target=\"_blank\" rel=\"noopener nofollow\">ISO 5350<\/a> y normas relacionadas<\/strong><\/h2>\n<p><a href=\"https:\/\/www.qualitester.com\/es\/categoria-producto\/iso\/iso-5350\/\" target=\"_blank\" rel=\"noopener\">ISO 5350<\/a> es una norma internacional que especifica m\u00e9todos para determinar los niveles de suciedad en pulpa, papel y cart\u00f3n. Al seguir las pautas de la ISO 5350, los fabricantes pueden garantizar una medici\u00f3n de la suciedad consistente y confiable, lo que respalda la producci\u00f3n de alta calidad y la satisfacci\u00f3n del cliente. Otras normas relevantes para la medici\u00f3n de la suciedad en el papel incluyen:<\/p>\n<ul>\n<li><strong>TAPPI\/ANSI T437<\/strong>:Define los m\u00e9todos estadounidenses para la determinaci\u00f3n visual de suciedad en papel y cart\u00f3n.<\/li>\n<li><strong>Tapi T213<\/strong>:Se centra en los m\u00e9todos de recuento de suciedad espec\u00edficamente para papel sin recubrimiento, lo que contribuye a una alta calidad de impresi\u00f3n.<\/li>\n<li><strong>GB\/T 1541<\/strong>:Una norma china para evaluar los niveles de suciedad en papel y cart\u00f3n, proporcionando puntos de referencia para la fabricaci\u00f3n nacional.<\/li>\n<\/ul>\n<p>Al alinearse con estos est\u00e1ndares, el comprobador de suciedad de papel PDT-01 ofrece cumplimiento y confiabilidad en los mercados globales.<\/p>\n<h2><strong>Caracter\u00edsticas y especificaciones del comprobador de suciedad de papel PDT-01<\/strong><\/h2>\n<p><strong>Iluminaci\u00f3n<\/strong>:Equipado con una l\u00e1mpara fluorescente CA 220 V, 20 W, que garantiza una iluminaci\u00f3n brillante y uniforme para identificar claramente las part\u00edculas de suciedad.<\/p>\n<ul>\n<li><strong>\u00c1ngulo de iluminaci\u00f3n<\/strong>:Col\u00f3quelo en un \u00e1ngulo de 60\u00b0 para mantener una distribuci\u00f3n de luz uniforme en toda la muestra.<\/li>\n<li><strong>\u00c1rea de trabajo<\/strong>:Un \u00e1rea de prueba espaciosa de 0,0625 m\u00b2, totalmente giratoria 360\u00b0, que permite a los usuarios inspeccionar minuciosamente cada secci\u00f3n de la muestra.<\/li>\n<li><strong>Gama de im\u00e1genes de suciedad est\u00e1ndar<\/strong>:Capaz de medir part\u00edculas de suciedad que van desde 0,05 a 5,0 mm\u00b2, proporcionando una detecci\u00f3n precisa en una variedad de tipos y tama\u00f1os de suciedad.<\/li>\n<li><strong>Fuente de alimentaci\u00f3n<\/strong>:Funciona con CA 220 V, 50 Hz, compatible con sistemas de alimentaci\u00f3n est\u00e1ndar para facilitar su uso en entornos industriales y de laboratorio.<\/li>\n<\/ul>\n<p>Estas caracter\u00edsticas hacen del PDT-01 una soluci\u00f3n eficiente y precisa para pruebas y garant\u00eda de calidad.<\/p>\n<h2><strong>\u00c1reas de aplicaci\u00f3n<\/strong><\/h2>\n<p>El comprobador de suciedad de papel PDT-01 sirve para una amplia gama de industrias, entre las que se incluyen:<\/p>\n<ul>\n<li><strong>Embalaje<\/strong>:Verifica la calidad del papel en cajas, envoltorios y otras soluciones de embalaje.<\/li>\n<li><strong>Impresi\u00f3n<\/strong>:Garantiza aplicaciones de impresi\u00f3n de alta calidad verificando la pureza del papel y minimizando las imperfecciones.<\/li>\n<li><strong>Agencias de inspecci\u00f3n de calidad<\/strong>:Ayuda a mantener el cumplimiento de los est\u00e1ndares de la industria, garantizando una calidad constante del papel y el cart\u00f3n.<\/li>\n<\/ul>\n<h2><strong>Metodolog\u00eda de prueba para el comprobador de suciedad de papel<\/strong><\/h2>\n<p>El proceso de prueba de suciedad del papel es sencillo, pero completo. La metodolog\u00eda de prueba incluye:<\/p>\n<ul>\n<li>Preparando una muestra de papel o cart\u00f3n para realizar pruebas.<\/li>\n<li>Colocaci\u00f3n de la muestra en el \u00e1rea de trabajo del probador, la cual es totalmente giratoria para una visibilidad completa.<\/li>\n<li>Iluminar la muestra bajo la luz fluorescente de 60\u00b0 e inspeccionar visualmente para detectar impurezas.<\/li>\n<li>Comparaci\u00f3n de las part\u00edculas de suciedad observadas con im\u00e1genes de suciedad est\u00e1ndar de acuerdo con <strong>ISO 5350<\/strong> pautas.<\/li>\n<\/ul>\n<p>Siguiendo este procedimiento, el PDT-01 permite la medici\u00f3n y categorizaci\u00f3n precisa de part\u00edculas de suciedad.<\/p>\n<h2><strong>Ventajas de utilizar el comprobador de suciedad de papel PDT-01<\/strong><\/h2>\n<ul>\n<li><strong>Alta precisi\u00f3n<\/strong>:Detecta incluso las part\u00edculas de suciedad m\u00e1s peque\u00f1as para garantizar una medici\u00f3n precisa y una mejor calidad de impresi\u00f3n.<\/li>\n<li><strong>Cumplimiento de normas<\/strong>:Se adhiere a <strong>ISO 5350<\/strong> y otras normas internacionales, respaldando las demandas del mercado global y garantizando una producci\u00f3n de alta calidad.<\/li>\n<li><strong>Dise\u00f1o f\u00e1cil de usar<\/strong>:Dise\u00f1ado para pruebas frecuentes, con una construcci\u00f3n duradera y una interfaz intuitiva que simplifica el proceso de medici\u00f3n de suciedad.<\/li>\n<\/ul>\n<h2><strong>Por qu\u00e9 es importante cumplir con la norma ISO 5350<\/strong><\/h2>\n<p><a href=\"https:\/\/www.iso.org\/standard\/39716.html\" target=\"_blank\" rel=\"noopener nofollow\">ISO 5350<\/a> El cumplimiento de la norma es fundamental para cualquier fabricante que desee producir productos de papel y cart\u00f3n de alta calidad. Esta norma garantiza m\u00e9todos de prueba uniformes, lo que proporciona a los fabricantes un medio fiable para medir el contenido de suciedad. El cumplimiento de la norma ISO 5350 y otras normas relacionadas tambi\u00e9n mejora la confianza del cliente, ya que los productos que cumplen estos par\u00e1metros de referencia son conocidos por su calidad y fiabilidad superiores.<\/p>\n<h2><strong>Preguntas frecuentes<\/strong><\/h2>\n<ul>\n<li><strong>P1: \u00bfQu\u00e9 impurezas puede detectar el comprobador de suciedad de papel?<\/strong><br \/>\nEl PDT-01 puede detectar part\u00edculas de suciedad e impurezas como motas negras, amarillas y marrones, que se diferencian visiblemente del color del papel.<\/li>\n<li><strong>P2: \u00bfPor qu\u00e9 es importante la medici\u00f3n de la suciedad en las industrias del papel y el cart\u00f3n?<\/strong><br \/>\nLa medici\u00f3n de la suciedad es esencial para garantizar resultados de impresi\u00f3n de alta calidad, ya que las impurezas pueden comprometer la calidad visual y funcional de los materiales impresos.<\/li>\n<li><strong>P3: \u00bfC\u00f3mo influye la norma ISO 5350 en los est\u00e1ndares de pruebas de suciedad?<\/strong><br \/>\nLa norma ISO 5350 establece puntos de referencia globales para la medici\u00f3n de suciedad, proporcionando consistencia y confiabilidad en los m\u00e9todos de prueba para productos de pulpa, papel y cart\u00f3n.<\/li>\n<li><strong>P4: \u00bfPuede el PDT-01 probar la suciedad tanto en papel recubierto como sin recubrimiento?<\/strong><br \/>\nS\u00ed, la PDT-01 es adecuada tanto para papel estucado como no estucado, ofreciendo flexibilidad entre distintos tipos de papel y cart\u00f3n.<\/li>\n<li><strong>P5: \u00bfCu\u00e1les son los requisitos de iluminaci\u00f3n para el comprobador de suciedad de papel PDT-01?<\/strong><br \/>\nEl PDT-01 est\u00e1 equipado con una l\u00e1mpara fluorescente de 20 W, que proporciona una iluminaci\u00f3n uniforme en un \u00e1ngulo de 60\u00b0 para una detecci\u00f3n precisa.<\/li>\n<\/ul>\n<div id=\"gtx-anchor\" style=\"position: absolute; visibility: hidden; left: 414.703px; top: 128.922px; width: 75.7188px; height: 19px;\"><\/div>\n<div class=\"jfk-bubble gtx-bubble\" style=\"visibility: visible; left: -215px; top: 158px; opacity: 1;\" role=\"alertdialog\" aria-describedby=\"bubble-4\">\n<div id=\"bubble-4\" class=\"jfk-bubble-content-id\">\n<div id=\"gtx-host\" style=\"min-width: 200px; max-width: 400px;\"><\/div>\n<\/div>\n<div class=\"jfk-bubble-closebtn-id jfk-bubble-closebtn\" tabindex=\"0\" role=\"button\" aria-label=\"Cerca\"><\/div>\n<div class=\"jfk-bubble-arrow-id jfk-bubble-arrow jfk-bubble-arrowup\" style=\"left: 452.703px;\">\n<div class=\"jfk-bubble-arrowimplbefore\"><\/div>\n<div class=\"jfk-bubble-arrowimplafter\"><\/div>\n<\/div>\n<\/div>","protected":false},"excerpt":{"rendered":"<p>El <strong>PDT-01 Comprobador de suciedad de papel<\/strong> Es un instrumento esencial para medir el contenido de suciedad en papel y cart\u00f3n. Dise\u00f1ado de acuerdo con estrictos est\u00e1ndares de calidad, incluidos <strong>ISO 5350<\/strong>Este comprobador permite detectar la suciedad de forma precisa para garantizar la alta calidad de los materiales de impresi\u00f3n y embalaje. Al identificar impurezas que podr\u00edan degradar la apariencia y el rendimiento de los productos de papel, el PDT-01 mejora el control de calidad en las industrias donde la presentaci\u00f3n es primordial.<\/p>","protected":false},"featured_media":6189,"comment_status":"closed","ping_status":"closed","template":"","meta":{"site-sidebar-layout":"default","site-content-layout":"default","ast-global-header-display":"","ast-main-header-display":"","ast-hfb-above-header-display":"","ast-hfb-below-header-display":"","ast-hfb-mobile-header-display":"","site-post-title":"","ast-breadcrumbs-content":"","ast-featured-img":"","footer-sml-layout":"","theme-transparent-header-meta":"default","adv-header-id-meta":"","stick-header-meta":"","header-above-stick-meta":"","header-main-stick-meta":"","header-below-stick-meta":""},"product_cat":[845,953,956,955,1148,954,957,958,952,959,1150,1149,95],"product_tag":[],"class_list":{"0":"post-5283","1":"product","2":"type-product","3":"status-publish","4":"has-post-thumbnail","6":"product_cat-customization","7":"product_cat-bursting-tester","8":"product_cat-cobb-tester","9":"product_cat-crush-tester","10":"product_cat-iso-5350","11":"product_cat-paper-tear-tester","12":"product_cat-plybond-tester","13":"product_cat-puncture-tester","14":"product_cat-rub-tester","15":"product_cat-stiffness-tester","16":"product_cat-tappi-t213","17":"product_cat-tappi-t437","18":"product_cat-products","19":"desktop-align-left","20":"tablet-align-left","21":"mobile-align-left","23":"first","24":"instock","25":"shipping-taxable","26":"product-type-simple"},"_links":{"self":[{"href":"https:\/\/www.qualitester.com\/es\/wp-json\/wp\/v2\/product\/5283","targetHints":{"allow":["GET"]}}],"collection":[{"href":"https:\/\/www.qualitester.com\/es\/wp-json\/wp\/v2\/product"}],"about":[{"href":"https:\/\/www.qualitester.com\/es\/wp-json\/wp\/v2\/types\/product"}],"replies":[{"embeddable":true,"href":"https:\/\/www.qualitester.com\/es\/wp-json\/wp\/v2\/comments?post=5283"}],"version-history":[{"count":0,"href":"https:\/\/www.qualitester.com\/es\/wp-json\/wp\/v2\/product\/5283\/revisions"}],"wp:featuredmedia":[{"embeddable":true,"href":"https:\/\/www.qualitester.com\/es\/wp-json\/wp\/v2\/media\/6189"}],"wp:attachment":[{"href":"https:\/\/www.qualitester.com\/es\/wp-json\/wp\/v2\/media?parent=5283"}],"wp:term":[{"taxonomy":"product_cat","embeddable":true,"href":"https:\/\/www.qualitester.com\/es\/wp-json\/wp\/v2\/product_cat?post=5283"},{"taxonomy":"product_tag","embeddable":true,"href":"https:\/\/www.qualitester.com\/es\/wp-json\/wp\/v2\/product_tag?post=5283"}],"curies":[{"name":"wp","href":"https:\/\/api.w.org\/{rel}","templated":true}]}}