{"id":5271,"date":"2024-11-07T10:59:28","date_gmt":"2024-11-07T02:59:28","guid":{"rendered":"https:\/\/www.qualitester.com\/?post_type=product&#038;p=5271"},"modified":"2024-12-05T10:19:31","modified_gmt":"2024-12-05T02:19:31","slug":"sale-corrugated-concora-medium-fluter","status":"publish","type":"product","link":"https:\/\/www.qualitester.com\/es\/producto\/sale-corrugated-concora-medium-fluter\/","title":{"rendered":"CWY-01 Flauta mediana Concora"},"content":{"rendered":"<h2>Introducci\u00f3n<\/h2>\n<p>El <strong>CWY-01 Flauta mediana Concora<\/strong> es un instrumento de alta calidad dise\u00f1ado para producir muestras estriadas estandarizadas a partir de material corrugado. Utilizada en las industrias de embalaje, farmac\u00e9utica, alimentaria, electr\u00f3nica y de control de calidad, esta herramienta es esencial para garantizar la resistencia y durabilidad de los materiales corrugados. Al preparar muestras para el <strong>Prueba del medio corrugado (CMT)<\/strong> y <strong>Prueba de aplastamiento de cart\u00f3n corrugado (CCT)<\/strong>El CWY-01 permite a los fabricantes cumplir con los est\u00e1ndares de calidad y mantener la consistencia del producto.<\/p>\n<h2>Aplicaciones principales de la flauta mediana Concora CWY-01<\/h2>\n<p>El <strong>CWY-01 Flauta mediana Concora<\/strong> Es esencial para evaluar la resistencia del material corrugado y otros materiales utilizados en la producci\u00f3n de cart\u00f3n corrugado. Su funci\u00f3n principal es preparar muestras acanaladas uniformes para probar su resistencia a la compresi\u00f3n, lo que permite a los usuarios determinar qu\u00e9 tan bien un material puede soportar la presi\u00f3n y mantener la integridad estructural bajo carga. Las aplicaciones incluyen:<\/p>\n<ul>\n<li><strong>CMT<\/strong> Para medir la resistencia al aplastamiento plano de muestras estriadas<\/li>\n<li><strong>CCT<\/strong> Para evaluar la resistencia a la compresi\u00f3n de canto del cart\u00f3n corrugado<\/li>\n<\/ul>\n<p>Se utiliza ampliamente en <strong>embalaje, dispositivos m\u00e9dicos, productos farmac\u00e9uticos e inspecci\u00f3n de calidad<\/strong>El CWY-01 ayuda a los fabricantes a probar materiales con alta confiabilidad y eficiencia.<\/p>\n<h2>Principios de funcionamiento<\/h2>\n<p>La flauta mediana Concora CWY-01 est\u00e1 dise\u00f1ada teniendo en mente la precisi\u00f3n y la facilidad de uso. Su funcionamiento implica unos sencillos pasos:<\/p>\n<ol>\n<li><strong>Ajuste de temperatura<\/strong>:Una vez que se enciende la m\u00e1quina, el operador ajusta la temperatura para garantizar que los discos corrugadores alcancen una temperatura \u00f3ptima y estable. Esta distribuci\u00f3n uniforme del calor es crucial para formar ranuras precisas.<\/li>\n<li><strong>Alimentaci\u00f3n de muestra<\/strong>:La muestra del medio corrugado se inserta desde la parte superior, donde pasa a trav\u00e9s de los discos calentados, creando una forma estriada uniforme.<\/li>\n<li><strong>Preparaci\u00f3n para la prueba<\/strong>:La muestra estriada se coloca luego en un <strong>Bastidor CMT o soporte CCT<\/strong> y est\u00e1 listo para pruebas de resistencia a la compresi\u00f3n utilizando equipos de prueba de alta precisi\u00f3n.<\/li>\n<\/ol>\n<p>Este proceso sistem\u00e1tico garantiza resultados consistentes y repetibles, lo que permite un control de calidad preciso de acuerdo con los est\u00e1ndares de la industria.<\/p>\n<h2>Normas y m\u00e9todos de prueba pertinentes<\/h2>\n<p>La flauta mediana Concora CWY-01 se alinea con los est\u00e1ndares clave de la industria, lo que garantiza resultados estandarizados y de alta calidad:<\/p>\n<ul>\n<li><strong><a href=\"https:\/\/www.iso.org\/standard\/56171.html\" target=\"_blank\" rel=\"noopener nofollow\">ISO 7263<\/a>: Prueba de medio corrugado (CMT)<\/strong>\n<ul>\n<li>La norma ISO 7263 especifica la <strong>Prueba del medio corrugado (CMT)<\/strong>, que mide la resistencia al aplastamiento plano del material corrugado despu\u00e9s del acanalado. Esta norma incluye tanto <a href=\"https:\/\/www.qualitester.com\/es\/categoria-producto\/iso\/iso-7263-1\/\" target=\"_blank\" rel=\"noopener\"><strong>ISO 7263-1<\/strong><\/a> para muestras acondicionadas y <strong>ISO 7263-2<\/strong> para muestras h\u00famedas. El CWY-01 permite la preparaci\u00f3n de muestras que cumplen con estos requisitos ISO, lo que garantiza resultados de pruebas precisos y confiables.<\/li>\n<\/ul>\n<\/li>\n<li><strong><a href=\"https:\/\/www.iso.org\/standard\/57983.html\" target=\"_blank\" rel=\"noopener nofollow\">ISO 16945<\/a>: Prueba de aplastamiento de cart\u00f3n corrugado (CCT)<\/strong>\n<ul>\n<li><a href=\"https:\/\/www.qualitester.com\/es\/categoria-producto\/iso\/iso16945\/\" target=\"_blank\" rel=\"noopener\">ISO 16945<\/a> se centra en el <strong>Prueba de aplastamiento de cart\u00f3n corrugado (CCT)<\/strong>, que eval\u00faa la resistencia al aplastamiento de los bordes del cart\u00f3n corrugado, una medida fundamental de la durabilidad del material en los embalajes. La capacidad del CWY-01 para crear muestras acanaladas precisas se alinea con la norma ISO 16945, lo que facilita pruebas de resistencia a la compresi\u00f3n consistentes y que cumplen con las normas.<\/li>\n<\/ul>\n<\/li>\n<li><strong><a href=\"https:\/\/imisrise.tappi.org\/TAPPI\/Products\/01\/T\/0104t843.aspx\" target=\"_blank\" rel=\"noopener nofollow\">Tapi T843<\/a>: Prueba de aplastamiento plano para corrugado medio<\/strong>\n<ul>\n<li><a href=\"https:\/\/www.qualitester.com\/es\/categoria-producto\/tappi\/tappi-t843\/\" target=\"_blank\" rel=\"noopener\">Tapi T843<\/a> describe los procedimientos para probar el <strong>resistencia al aplastamiento plano<\/strong> de papel corrugado. El uso del CWY-01 para producir muestras estandarizadas de acuerdo con TAPPI T843 mejora la precisi\u00f3n y la comparabilidad en las pruebas, algo fundamental para el control de calidad en aplicaciones de embalajes de cart\u00f3n corrugado.<\/li>\n<\/ul>\n<\/li>\n<\/ul>\n<h2>Caracter\u00edsticas y beneficios principales de la flauta mediana Concora CWY-01<\/h2>\n<ol>\n<li><strong>Construcci\u00f3n duradera y vers\u00e1til<\/strong>\n<ul>\n<li>Dise\u00f1ado para soportar un uso intensivo, el CWY-01 ofrece confiabilidad en operaciones a largo plazo, ideal para entornos de prueba exigentes.<\/li>\n<\/ul>\n<\/li>\n<li><strong>Discos corrugados intercambiables<\/strong>\n<ul>\n<li>F\u00e1cilmente adaptable, el CWY-01 permite a los usuarios reemplazar discos con diferentes perfiles de flauta, proporcionando versatilidad en la preparaci\u00f3n de muestras.<\/li>\n<\/ul>\n<\/li>\n<li><strong>Rango de presi\u00f3n ajustable con opciones de calibraci\u00f3n<\/strong>\n<ul>\n<li>Los ajustes de presi\u00f3n personalizables permiten realizar ajustes precisos para diversos requisitos de pruebas, manteniendo el cumplimiento de los est\u00e1ndares internacionales.<\/li>\n<\/ul>\n<\/li>\n<li><strong>Dise\u00f1o vertical que ahorra espacio<\/strong>\n<ul>\n<li>La estructura vertical del CWY-01 simplifica la alimentaci\u00f3n de muestras, minimizando el espacio ocupado y maximizando la facilidad de uso.<\/li>\n<\/ul>\n<\/li>\n<li><strong>Mecanismo de calentamiento incorporado para una distribuci\u00f3n uniforme de la temperatura<\/strong>\n<ul>\n<li>La calefacci\u00f3n integrada garantiza una distribuci\u00f3n uniforme de la temperatura en ambos discos, lo que resulta crucial para crear ranuras uniformes y de alta calidad.<\/li>\n<\/ul>\n<\/li>\n<li><strong>Control preciso de la temperatura<\/strong>\n<ul>\n<li>Los usuarios pueden configurar y controlar la temperatura con precisi\u00f3n, lo que garantiza la confiabilidad de la preparaci\u00f3n de la muestra y mantiene la integridad de la prueba.<\/li>\n<\/ul>\n<\/li>\n<\/ol>\n<h2>Par\u00e1metros principales de la flauta mediana Concora CWY-01<\/h2>\n<ul>\n<li><strong>Ancho de muestra<\/strong>:0,5 pulgadas (12,7 mm)<\/li>\n<li><strong>Rango de temperatura<\/strong>:Ajustable para entornos de prueba espec\u00edficos<\/li>\n<li><strong>Rango de presi\u00f3n<\/strong>:Ajustable, calibrado para cumplir con diversos est\u00e1ndares de prueba.<\/li>\n<\/ul>\n<h2>Preguntas frecuentes<\/h2>\n<ol>\n<li><strong>\u00bfCu\u00e1l es el prop\u00f3sito de la flauta mediana Concora CWY-01?<\/strong>\n<ul>\n<li>El CWY-01 prepara muestras acanaladas a partir de medio corrugado, esencial para pruebas de resistencia a trav\u00e9s de los m\u00e9todos CMT y CCT.<\/li>\n<\/ul>\n<\/li>\n<li><strong>\u00bfC\u00f3mo cumple la flauta mediana Concora CWY-01 con la norma ISO 7263?<\/strong>\n<ul>\n<li>El CWY-01 permite la producci\u00f3n de muestras acanaladas seg\u00fan lo especificado en la norma ISO 7263, garantizando resultados estandarizados en pruebas de resistencia media de corrugado.<\/li>\n<\/ul>\n<\/li>\n<li><strong>\u00bfQu\u00e9 tipos de materiales se pueden probar con el CWY-01?<\/strong>\n<ul>\n<li>El CWY-01 est\u00e1 dise\u00f1ado para medios corrugados pero tambi\u00e9n es adecuado para otros materiales que requieren pruebas de resistencia a la compresi\u00f3n en embalajes de cart\u00f3n corrugado.<\/li>\n<\/ul>\n<\/li>\n<li><strong>\u00bfC\u00f3mo se controla la temperatura en el CWY-01?<\/strong>\n<ul>\n<li>El mecanismo de calentamiento incorporado proporciona un control preciso, con calor distribuido uniformemente entre los discos, lo que garantiza una formaci\u00f3n precisa de la muestra.<\/li>\n<\/ul>\n<\/li>\n<li><strong>\u00bfEl CWY-01 puede adaptarse a diferentes tipos de flautas?<\/strong>\n<ul>\n<li>S\u00ed, el CWY-01 cuenta con discos intercambiables, lo que permite distintos perfiles de flauta seg\u00fan las necesidades de prueba espec\u00edficas.<\/li>\n<\/ul>\n<\/li>\n<\/ol>\n<p>El <strong>CWY-01 Flauta mediana Concora<\/strong> es un instrumento robusto, adaptable y preciso dise\u00f1ado para producir muestras estriadas que cumplen con los rigurosos est\u00e1ndares de la industria como <strong>ISO 7263<\/strong>, <strong>ISO 16945<\/strong>, y <strong>Tapi T843<\/strong>Esta herramienta vers\u00e1til es ideal para fabricantes y equipos de control de calidad que se esfuerzan por garantizar los m\u00e1s altos niveles de rendimiento y confiabilidad en materiales de embalaje de cart\u00f3n corrugado.<\/p>","protected":false},"excerpt":{"rendered":"<p>El <strong>CWY-01 Flauta mediana Concora<\/strong> es un instrumento de alta calidad dise\u00f1ado para producir muestras estriadas estandarizadas a partir de material corrugado. Utilizada en las industrias de embalaje, farmac\u00e9utica, alimentaria, electr\u00f3nica y de control de calidad, esta herramienta es esencial para garantizar la resistencia y durabilidad de los materiales corrugados. Al preparar muestras para el <strong>Prueba del medio corrugado (CMT)<\/strong> y <strong>Prueba de aplastamiento de cart\u00f3n corrugado (CCT)<\/strong>El CWY-01 permite a los fabricantes cumplir con los est\u00e1ndares de calidad y mantener la consistencia del producto.<\/p>","protected":false},"featured_media":6180,"comment_status":"closed","ping_status":"closed","template":"","meta":{"site-sidebar-layout":"default","site-content-layout":"default","ast-global-header-display":"","ast-main-header-display":"","ast-hfb-above-header-display":"","ast-hfb-below-header-display":"","ast-hfb-mobile-header-display":"","site-post-title":"","ast-breadcrumbs-content":"","ast-featured-img":"","footer-sml-layout":"","theme-transparent-header-meta":"default","adv-header-id-meta":"","stick-header-meta":"","header-above-stick-meta":"","header-main-stick-meta":"","header-below-stick-meta":""},"product_cat":[845,953,956,955,1082,1081,954,957,958,952,959,95],"product_tag":[],"class_list":{"0":"post-5271","1":"product","2":"type-product","3":"status-publish","4":"has-post-thumbnail","6":"product_cat-customization","7":"product_cat-bursting-tester","8":"product_cat-cobb-tester","9":"product_cat-crush-tester","10":"product_cat-iso-16945","11":"product_cat-iso-7263-1","12":"product_cat-paper-tear-tester","13":"product_cat-plybond-tester","14":"product_cat-puncture-tester","15":"product_cat-rub-tester","16":"product_cat-stiffness-tester","17":"product_cat-products","18":"desktop-align-left","19":"tablet-align-left","20":"mobile-align-left","22":"first","23":"instock","24":"shipping-taxable","25":"product-type-simple"},"_links":{"self":[{"href":"https:\/\/www.qualitester.com\/es\/wp-json\/wp\/v2\/product\/5271","targetHints":{"allow":["GET"]}}],"collection":[{"href":"https:\/\/www.qualitester.com\/es\/wp-json\/wp\/v2\/product"}],"about":[{"href":"https:\/\/www.qualitester.com\/es\/wp-json\/wp\/v2\/types\/product"}],"replies":[{"embeddable":true,"href":"https:\/\/www.qualitester.com\/es\/wp-json\/wp\/v2\/comments?post=5271"}],"version-history":[{"count":0,"href":"https:\/\/www.qualitester.com\/es\/wp-json\/wp\/v2\/product\/5271\/revisions"}],"wp:featuredmedia":[{"embeddable":true,"href":"https:\/\/www.qualitester.com\/es\/wp-json\/wp\/v2\/media\/6180"}],"wp:attachment":[{"href":"https:\/\/www.qualitester.com\/es\/wp-json\/wp\/v2\/media?parent=5271"}],"wp:term":[{"taxonomy":"product_cat","embeddable":true,"href":"https:\/\/www.qualitester.com\/es\/wp-json\/wp\/v2\/product_cat?post=5271"},{"taxonomy":"product_tag","embeddable":true,"href":"https:\/\/www.qualitester.com\/es\/wp-json\/wp\/v2\/product_tag?post=5271"}],"curies":[{"name":"wp","href":"https:\/\/api.w.org\/{rel}","templated":true}]}}