{"id":5254,"date":"2024-11-07T09:31:49","date_gmt":"2024-11-07T01:31:49","guid":{"rendered":"https:\/\/www.qualitester.com\/?post_type=product&#038;p=5254"},"modified":"2024-12-05T10:01:46","modified_gmt":"2024-12-05T02:01:46","slug":"sale-bursting-strength-tester","status":"publish","type":"product","link":"https:\/\/www.qualitester.com\/es\/producto\/sale-bursting-strength-tester\/","title":{"rendered":"Comprobador de resistencia al estallido"},"content":{"rendered":"<p>El <strong>Comprobador de resistencia al estallido<\/strong> es una herramienta esencial para evaluar la integridad estructural y la durabilidad de los materiales de papel y cart\u00f3n. Dise\u00f1ado para evaluar la fuerza m\u00e1xima que estos materiales pueden soportar antes de romperse, este comprobador se utiliza ampliamente en entornos de embalaje, fabricaci\u00f3n y control de calidad. Con aplicaciones que van desde papel liviano hasta cart\u00f3n resistente, el <strong>Comprobador de resistencia al estallido<\/strong> garantiza que los materiales cumplan con est\u00e1ndares rigurosos de rendimiento bajo estr\u00e9s, lo que lo hace indispensable en industrias donde la resistencia y la durabilidad son primordiales.<\/p>\n<h3>Aplicaciones del comprobador de resistencia al estallido<\/h3>\n<p>La prueba de resistencia al estallido mide la capacidad de un material para resistir la rotura o el estallido cuando se lo somete a fuerzas externas. Esta cualidad es fundamental para <strong>Papel, cart\u00f3n y materiales de embalaje<\/strong>, particularmente en el contexto de <strong>Env\u00edo y almacenamiento<\/strong>Al identificar los puntos d\u00e9biles antes de utilizar los materiales, las empresas pueden evitar da\u00f1os costosos y garantizar un transporte seguro de los productos. Para los fabricantes, esta prueba proporciona informaci\u00f3n sobre la calidad del material y sirve de base para el dise\u00f1o de los embalajes, lo que permite mejorar la durabilidad y reducir el riesgo de da\u00f1os durante el transporte.<\/p>\n<h3>Caracter\u00edsticas principales del comprobador de resistencia al estallido<\/h3>\n<ul>\n<li><strong>Prueba de presi\u00f3n hidr\u00e1ulica:<\/strong> El probador utiliza presi\u00f3n hidr\u00e1ulica para aplicar fuerza a la muestra de prueba, lo que permite una medici\u00f3n altamente precisa de la resistencia al estallido.<\/li>\n<li><strong>Amplia gama de pruebas:<\/strong> Puede probar un amplio espectro de materiales, desde papeles livianos hasta tableros de fibra s\u00f3lidos, con resistencias al estallido que var\u00edan desde <strong>70 kPa a 5500 kPa<\/strong>.<\/li>\n<li><strong>Precisi\u00f3n y confiabilidad:<\/strong> Equipado con sensores de presi\u00f3n avanzados, el probador de resistencia al estallido ofrece resultados confiables y repetibles, lo que garantiza una alta precisi\u00f3n en el control de calidad.<\/li>\n<\/ul>\n<h3>Comprobador de rotura de placas: c\u00f3mo garantizar la resistencia estructural de las placas<\/h3>\n<p>El <strong>Comprobador de rotura de placa BNP-01<\/strong> Est\u00e1 dise\u00f1ado espec\u00edficamente para probar materiales de placa como <strong>Tablero de fibra corrugado y macizo<\/strong>Capaz de medir materiales con resistencias al estallido dentro del rango de <strong>350 kPa a 5500 kPa<\/strong>Este comprobador satisface las exigentes necesidades de los sectores del embalaje y el transporte. Al evaluar la resiliencia del material, permite a los fabricantes garantizar que sus materiales de embalaje puedan soportar las presiones a las que se enfrentan durante la manipulaci\u00f3n y el env\u00edo. Este comprobador cumple con los principales est\u00e1ndares de la industria, entre los que se incluyen:<\/p>\n<ul>\n<li><strong><a href=\"https:\/\/www.iso.org\/standard\/61488.html\" target=\"_blank\" rel=\"noopener nofollow\">ISO 2759<\/a>:<\/strong> Reconocida internacionalmente para evaluar la resistencia de los tableros, la norma ISO 2759 establece pautas para evaluar la resistencia al estallido en materiales de tableros, garantizando el cumplimiento de la calidad global.<\/li>\n<li><strong>TAPPI T810 y TAPPI T807:<\/strong> Estas normas cubren pruebas de estallido para tableros de fibra y cart\u00f3n corrugado, lo que permite una calidad constante en todos los lotes y garantiza que los materiales de embalaje sean seguros para el transporte.<\/li>\n<\/ul>\n<h3>Comprobador de rotura de papel: optimizado para materiales ligeros<\/h3>\n<p>Para aplicaciones en papel, el <strong>Probador de rotura de papel ZNP-01<\/strong> es la elecci\u00f3n ideal, ya que prueba materiales con resistencias al estallido que van desde <strong>70 kPa a 1400 kPa<\/strong>Este comprobador es adecuado para materiales m\u00e1s livianos, como papel y cart\u00f3n fino, y es fundamental en aplicaciones donde la flexibilidad del material es crucial. El ZNP-01 cumple con est\u00e1ndares como:<\/p>\n<ul>\n<li><strong><a href=\"https:\/\/www.qualitester.com\/es\/categoria-producto\/iso\/iso-5627\/\" target=\"_blank\" rel=\"noopener\">ISO 2758<\/a>:<\/strong> Esta norma regula las pruebas de resistencia al estallido de materiales de papel, garantizando que los resultados cumplan con los puntos de referencia internacionales.<\/li>\n<li><strong>TAPPI T403 y ASTM D774:<\/strong> Ambas normas describen m\u00e9todos para evaluar la resistencia del papel, y la norma ASTM D774 se centra en papeles livianos y de alta resiliencia.<\/li>\n<\/ul>\n<p>Estas normas garantizan que los materiales utilizados en aplicaciones de embalaje e impresi\u00f3n cumplan con la durabilidad requerida para la seguridad del producto y el aseguramiento de la calidad.<\/p>\n<h3>Principio de prueba<\/h3>\n<p>La prueba de resistencia al estallido implica colocar una muestra sobre un diafragma el\u00e1stico circular que est\u00e1 sujeto r\u00edgidamente en sus bordes pero que puede abultarse en el centro. <strong>El fluido hidr\u00e1ulico se bombea a un caudal constante.<\/strong>El diafragma se infla hasta que la muestra de prueba se rompe. El probador registra la presi\u00f3n m\u00e1xima alcanzada en el momento de la ruptura, lo que indica la <strong>fuerza explosiva<\/strong>Este m\u00e9todo de prueba es muy preciso y permite a los fabricantes evaluar de forma consistente la resistencia y la calidad de diversos materiales.<\/p>\n<h3>Beneficios de utilizar un comprobador de resistencia al estallido<\/h3>\n<ul>\n<li><strong>Garant\u00eda de calidad para embalajes:<\/strong> El probador garantiza que los materiales de embalaje puedan soportar las tensiones del env\u00edo y la manipulaci\u00f3n, reduciendo el riesgo de da\u00f1os.<\/li>\n<li><strong>Est\u00e1ndares de producci\u00f3n consistentes:<\/strong> Con pruebas regulares, los fabricantes pueden mantener una calidad uniforme y abordar r\u00e1pidamente cualquier problema con el rendimiento del material.<\/li>\n<li><strong>Adaptabilidad entre industrias:<\/strong> Este comprobador es adecuado para una amplia gama de sectores, incluidos <strong>Dispositivos m\u00e9dicos, electr\u00f3nica, textiles, embalajes y alimentos.<\/strong>, donde los materiales duraderos son un requisito cr\u00edtico.<\/li>\n<\/ul>\n<h3>Preguntas frecuentes (FAQ)<\/h3>\n<ul>\n<li><strong>\u00bfCu\u00e1l es el prop\u00f3sito de una prueba de resistencia al estallido?<\/strong><br \/>\nEsta prueba eval\u00faa la durabilidad de los materiales de papel y cart\u00f3n determinando la fuerza m\u00e1xima que pueden resistir antes de romperse. Es esencial para el control de calidad en la fabricaci\u00f3n de envases y materiales.<\/li>\n<li><strong>\u00bfC\u00f3mo mide el comprobador de resistencia al estallido la resistencia del material?<\/strong><br \/>\nEl probador aplica presi\u00f3n hidr\u00e1ulica a la muestra hasta que se rompe y la presi\u00f3n m\u00e1xima se registra como resistencia al estallido del material.<\/li>\n<li><strong>\u00bfQu\u00e9 tipos de materiales se pueden probar?<\/strong><br \/>\nEste probador puede evaluar una amplia gama de materiales, incluido papel liviano, cart\u00f3n grueso, cart\u00f3n corrugado y tableros de fibra.<\/li>\n<li><strong>\u00bfPor qu\u00e9 es importante la norma ISO 2759 en las pruebas de resistencia al estallido?<\/strong><br \/>\nISO 2759 es un est\u00e1ndar global que garantiza que los materiales cumplan con par\u00e1metros de calidad consistentes, lo cual es fundamental para los fabricantes y proveedores internacionales.<\/li>\n<li><strong>\u00bfCon qu\u00e9 frecuencia los materiales de embalaje deben someterse a pruebas de resistencia al estallido?<\/strong><br \/>\nSe recomienda realizar pruebas peri\u00f3dicas, especialmente cuando se producen cambios en el abastecimiento de materiales o en los procesos de producci\u00f3n, para mantener est\u00e1ndares de calidad confiables.<\/li>\n<\/ul>","protected":false},"excerpt":{"rendered":"<p>El <strong>Comprobador de resistencia al estallido<\/strong> es una herramienta esencial para evaluar la integridad estructural y la durabilidad de los materiales de papel y cart\u00f3n. Dise\u00f1ado para evaluar la fuerza m\u00e1xima que estos materiales pueden soportar antes de romperse, este comprobador se utiliza ampliamente en entornos de embalaje, fabricaci\u00f3n y control de calidad. Con aplicaciones que van desde papel liviano hasta cart\u00f3n resistente, el <strong>Comprobador de resistencia al estallido<\/strong> garantiza que los materiales cumplan con est\u00e1ndares rigurosos de rendimiento bajo estr\u00e9s, lo que lo hace indispensable en industrias donde la resistencia y la durabilidad son primordiales.<\/p>","protected":false},"featured_media":6172,"comment_status":"closed","ping_status":"closed","template":"","meta":{"site-sidebar-layout":"default","site-content-layout":"default","ast-global-header-display":"","ast-main-header-display":"","ast-hfb-above-header-display":"","ast-hfb-below-header-display":"","ast-hfb-mobile-header-display":"","site-post-title":"","ast-breadcrumbs-content":"","ast-featured-img":"","footer-sml-layout":"","theme-transparent-header-meta":"default","adv-header-id-meta":"","stick-header-meta":"","header-above-stick-meta":"","header-main-stick-meta":"","header-below-stick-meta":""},"product_cat":[44,1146,953,956,955,1142,1141,954,957,958,952,959,1145,1144,1143,95],"product_tag":[],"class_list":{"0":"post-5254","1":"product","2":"type-product","3":"status-publish","4":"has-post-thumbnail","6":"product_cat-paper-and-board-testers","7":"product_cat-astm-d774","8":"product_cat-bursting-tester","9":"product_cat-cobb-tester","10":"product_cat-crush-tester","11":"product_cat-iso-2758","12":"product_cat-iso-2759","13":"product_cat-paper-tear-tester","14":"product_cat-plybond-tester","15":"product_cat-puncture-tester","16":"product_cat-rub-tester","17":"product_cat-stiffness-tester","18":"product_cat-tappi-t403","19":"product_cat-tappi-t807","20":"product_cat-tappi-t810","21":"product_cat-products","22":"desktop-align-left","23":"tablet-align-left","24":"mobile-align-left","26":"first","27":"instock","28":"shipping-taxable","29":"product-type-simple"},"_links":{"self":[{"href":"https:\/\/www.qualitester.com\/es\/wp-json\/wp\/v2\/product\/5254","targetHints":{"allow":["GET"]}}],"collection":[{"href":"https:\/\/www.qualitester.com\/es\/wp-json\/wp\/v2\/product"}],"about":[{"href":"https:\/\/www.qualitester.com\/es\/wp-json\/wp\/v2\/types\/product"}],"replies":[{"embeddable":true,"href":"https:\/\/www.qualitester.com\/es\/wp-json\/wp\/v2\/comments?post=5254"}],"version-history":[{"count":0,"href":"https:\/\/www.qualitester.com\/es\/wp-json\/wp\/v2\/product\/5254\/revisions"}],"wp:featuredmedia":[{"embeddable":true,"href":"https:\/\/www.qualitester.com\/es\/wp-json\/wp\/v2\/media\/6172"}],"wp:attachment":[{"href":"https:\/\/www.qualitester.com\/es\/wp-json\/wp\/v2\/media?parent=5254"}],"wp:term":[{"taxonomy":"product_cat","embeddable":true,"href":"https:\/\/www.qualitester.com\/es\/wp-json\/wp\/v2\/product_cat?post=5254"},{"taxonomy":"product_tag","embeddable":true,"href":"https:\/\/www.qualitester.com\/es\/wp-json\/wp\/v2\/product_tag?post=5254"}],"curies":[{"name":"wp","href":"https:\/\/api.w.org\/{rel}","templated":true}]}}