{"id":5242,"date":"2024-11-06T12:02:30","date_gmt":"2024-11-06T04:02:30","guid":{"rendered":"https:\/\/www.qualitester.com\/?post_type=product&#038;p=5242"},"modified":"2024-12-05T09:52:23","modified_gmt":"2024-12-05T01:52:23","slug":"sale-internal-bond-tester-iso-16260","status":"publish","type":"product","link":"https:\/\/www.qualitester.com\/es\/producto\/sale-internal-bond-tester-iso-16260\/","title":{"rendered":"Comprobador de adherencia interna BGT-01"},"content":{"rendered":"<h2><strong>Introducci\u00f3n al comprobador de enlaces internos<\/strong><\/h2>\n<p>El <strong>Comprobador de adherencia interna BGT-01<\/strong> Es un instrumento avanzado dise\u00f1ado para medir la energ\u00eda necesaria para deslaminar r\u00e1pidamente una muestra de papel o cart\u00f3n en el <strong>Direcci\u00f3n Z<\/strong>Esta prueba simula los impactos r\u00e1pidos y las cargas de choque que pueden sufrir los productos de papel y cart\u00f3n durante procesos como la impresi\u00f3n o la conversi\u00f3n. <strong>Comprobador de enlace interno<\/strong> utiliza un p\u00e9ndulo con una masa y velocidad definidas para iniciar la ruptura, lo que lo convierte en una herramienta ideal para evaluar la resistencia del material a las tensiones internas.<\/p>\n<p>El BGT-01 es perfecto para probar una variedad de materiales de papel y cart\u00f3n, incluidos papel de una o varias capas, hojas recubiertas y tableros laminados con pel\u00edculas de pol\u00edmeros sint\u00e9ticos. Es particularmente adecuado para materiales sujetos a <strong>Impactos r\u00e1pidos en direcci\u00f3n Z<\/strong>, como embalaje, impresi\u00f3n y otras aplicaciones industriales donde la durabilidad es fundamental.<\/p>\n<h2><strong>M\u00e9todos de prueba: ISO 16260 y normas<\/strong><\/h2>\n<h3><strong><a href=\"https:\/\/www.iso.org\/standard\/56038.html\" target=\"_blank\" rel=\"noopener nofollow\">ISO 16260<\/a>:La norma internacional para pruebas de adherencia interna<\/strong><\/h3>\n<p><a href=\"https:\/\/www.qualitester.com\/es\/categoria-producto\/iso\/iso-16260\/\" target=\"_blank\" rel=\"noopener\"><strong>ISO 16260<\/strong><\/a> especifica el m\u00e9todo de prueba para medir la resistencia de uni\u00f3n interna de los materiales de papel y cart\u00f3n. Esta norma define un procedimiento para realizar pruebas en las que se utiliza un impacto de p\u00e9ndulo para deslaminar la muestra, evaluando la resistencia del material bajo una tensi\u00f3n localizada y r\u00e1pida. Al simular condiciones del mundo real en las que el papel y el cart\u00f3n est\u00e1n sujetos a cargas de choque, <strong>ISO 16260<\/strong> Ayuda a garantizar que los materiales sean duraderos y confiables.<\/p>\n<ul>\n<li><strong>Proceso de prueba<\/strong>:La fuerza de uni\u00f3n interna se mide soltando un p\u00e9ndulo con una masa fija, que impacta la muestra a una velocidad espec\u00edfica, iniciando la delaminaci\u00f3n en la <strong>Direcci\u00f3n Z<\/strong>.<\/li>\n<li><strong>Pertinencia<\/strong>:Esta norma es fundamental para garantizar que los materiales de papel y cart\u00f3n sean capaces de soportar los impactos que se producen durante la producci\u00f3n, el embalaje y el transporte. <strong>ISO 16260<\/strong> Es esencial para los fabricantes de papel, embalaje e industrias relacionadas garantizar el rendimiento y la calidad del producto.<\/li>\n<\/ul>\n<h3><strong>Normas adicionales pertinentes<\/strong><\/h3>\n<ul>\n<li><strong>TAPA T569<\/strong>:Una norma desarrollada por la Asociaci\u00f3n T\u00e9cnica de la Industria de Pulpa y Papel que se centra en la delaminaci\u00f3n de materiales de cart\u00f3n cuando se someten a fuerzas de impacto de p\u00e9ndulo controladas.<\/li>\n<li><strong>GB\/T 26203<\/strong>:Una norma china que define la prueba de uni\u00f3n interna para materiales de papel y cart\u00f3n, aline\u00e1ndose con los protocolos de prueba internacionales.<\/li>\n<li><strong>QB\/T 5558<\/strong>:Una norma china que regula las pruebas de resistencia de uni\u00f3n interna para materiales de papel y cart\u00f3n, garantizando que cumplan con las caracter\u00edsticas de rendimiento requeridas para el embalaje.<\/li>\n<\/ul>\n<h2><strong>Caracter\u00edsticas y beneficios del comprobador de adherencia interno BGT-01<\/strong><\/h2>\n<ul>\n<li><strong>Liberaci\u00f3n autom\u00e1tica del p\u00e9ndulo<\/strong>:El BGT-01 <strong>Comprobador de enlace interno<\/strong> Est\u00e1 equipado con un mecanismo de liberaci\u00f3n autom\u00e1tica del p\u00e9ndulo que garantiza resultados de prueba consistentes y repetibles en todo momento. Esta caracter\u00edstica mejora la precisi\u00f3n y la confiabilidad.<\/li>\n<li><strong>Alta resoluci\u00f3n y precisi\u00f3n<\/strong>:El instrumento cuenta con una resoluci\u00f3n de adquisici\u00f3n de datos de 0,001 lbf\/in\u00b2, impulsada por un codificador de 5000 pulsos de alta precisi\u00f3n. Esto permite realizar mediciones detalladas de la resistencia de la uni\u00f3n interna, lo que garantiza que se puedan detectar incluso las diferencias m\u00e1s leves en el rendimiento del material.<\/li>\n<li><strong>Herramienta de autocalibraci\u00f3n<\/strong>:El BGT-01 <strong>Comprobador de enlace interno <\/strong>Viene con un kit especial de herramientas de calibraci\u00f3n de 5 niveles (accesorio adicional), que permite una f\u00e1cil calibraci\u00f3n para mantener un rendimiento y una precisi\u00f3n \u00f3ptimos a lo largo del tiempo.<\/li>\n<li><strong>Conmutaci\u00f3n flexible de unidades<\/strong>: El <strong>Comprobador de enlace interno <\/strong>Ofrece versatilidad con la capacidad de cambiar entre unidades de medida, incluidas J\/M\u00b2 y lbf\/in\u00b2, lo que lo hace adaptable a diferentes requisitos de la industria.<\/li>\n<li><strong>Interfaz f\u00e1cil de usar<\/strong>:La interfaz de pantalla t\u00e1ctil a color de 5,0 pulgadas es intuitiva, muestra datos de prueba en tiempo real y permite una f\u00e1cil navegaci\u00f3n a trav\u00e9s de las configuraciones de prueba, los resultados y los modos operativos.<\/li>\n<li><strong>Software avanzado para procesamiento de datos<\/strong>:Se encuentra disponible un software de conexi\u00f3n a computadora opcional para un procesamiento de datos, an\u00e1lisis y generaci\u00f3n de informes m\u00e1s avanzados. Esto proporciona una manera sencilla de administrar datos de pruebas, documentar resultados y realizar an\u00e1lisis adicionales para fines de control de calidad o I+D.<\/li>\n<li><strong>Impresora t\u00e9rmica modular<\/strong>:El BGT-01 tiene una impresora t\u00e9rmica integrada que permite a los usuarios imprimir los resultados de las pruebas de inmediato. Esta funci\u00f3n modular facilita el registro y el intercambio de los resultados de las pruebas sin necesidad de un dispositivo externo.<\/li>\n<\/ul>\n<h2><strong>Aplicaciones<\/strong><\/h2>\n<ul>\n<li><strong>Industria del embalaje<\/strong>:El BGT-01 se utiliza ampliamente para probar materiales como tableros para cajas, tableros grises, tableros de marfil y papeles recubiertos con pol\u00edmeros sint\u00e9ticos. Estos materiales deben presentar una alta resistencia de uni\u00f3n interna para soportar las tensiones mec\u00e1nicas que se encuentran durante el embalaje, el almacenamiento y el transporte.<\/li>\n<li><strong>Fabricaci\u00f3n de papel<\/strong>:Ideal para evaluar la calidad y durabilidad de los materiales de papel, el BGT-01 es adecuado tanto para papel de una sola capa como para papel multicapa, as\u00ed como para hojas recubiertas, com\u00fanmente utilizadas en diversos productos y embalajes de papel.<\/li>\n<li><strong>Embalajes textiles y de dispositivos m\u00e9dicos<\/strong>:El comprobador de adhesi\u00f3n interna se utiliza en industrias donde los materiales de papel y cart\u00f3n deben demostrar resistencia a impactos r\u00e1pidos, como materiales de embalaje para dispositivos m\u00e9dicos o textiles.<\/li>\n<li><strong>Control y aseguramiento de la calidad<\/strong>Los laboratorios de control de calidad conf\u00edan en el BGT-01 para realizar pruebas y evaluaciones consistentes de la resistencia de la uni\u00f3n interna, lo que garantiza que los productos cumplan con los est\u00e1ndares de la industria y los requisitos de los clientes.<\/li>\n<\/ul>\n<h2><strong>Par\u00e1metros principales<\/strong><\/h2>\n<table>\n<tbody>\n<tr>\n<td width=\"224\">Tama\u00f1o de la muestra<\/td>\n<td width=\"227\">25,4 x 25,4 mm (cinco grupos)<\/td>\n<\/tr>\n<tr>\n<td width=\"224\">Fuerza de retenci\u00f3n de la muestra<\/td>\n<td width=\"227\">0~400 N (ajustable)<\/td>\n<\/tr>\n<tr>\n<td width=\"224\">Rango de presi\u00f3n de muestra<\/td>\n<td width=\"227\">0~65 kg\/cm\u00b2<\/td>\n<\/tr>\n<tr>\n<td width=\"224\">\u00c1ngulo de impacto<\/td>\n<td width=\"227\">90\u00b0<\/td>\n<\/tr>\n<tr>\n<td width=\"224\">Resoluci\u00f3n<\/td>\n<td width=\"227\">0,001 lbf\/pulgada\u00b2<\/td>\n<\/tr>\n<tr>\n<td colspan=\"1\" rowspan=\"3\" width=\"224\">Rango de medici\u00f3n<\/td>\n<td width=\"227\">A: 0-500 J\/m\u00b2<\/td>\n<\/tr>\n<tr>\n<td width=\"227\">B: 500~1000 J\/m\u00b2<\/td>\n<\/tr>\n<tr>\n<td width=\"227\">C: 1000 ~ 1500 J\/m2<\/td>\n<\/tr>\n<tr>\n<td width=\"224\">Error de indicaci\u00f3n<\/td>\n<td width=\"227\">A: \u00b11 J\/m\u00b2 B: \u00b12 J\/m\u00b2 C: \u00b15 J\/m\u00b2<\/td>\n<\/tr>\n<tr>\n<td width=\"224\">Unidad<\/td>\n<td width=\"227\">lb-pie\/pulgada\u00b2, J\/M\u00b2<\/td>\n<\/tr>\n<tr>\n<td width=\"224\">Dimensiones<\/td>\n<td width=\"227\">450 m \u00d7 380 cm \u00d7 600 mm<\/td>\n<\/tr>\n<tr>\n<td width=\"224\">Fuerza<\/td>\n<td width=\"227\">CA 220 V 50 Hz<\/td>\n<\/tr>\n<tr>\n<td width=\"224\"><\/td>\n<td width=\"227\"><\/td>\n<\/tr>\n<tr>\n<td colspan=\"2\" rowspan=\"1\" width=\"451\"><strong>Especificaci\u00f3n de la cortadora de muestra<\/strong><\/td>\n<\/tr>\n<tr>\n<td width=\"224\">Tama\u00f1o de la muestra<\/td>\n<td width=\"227\">25,4 mm x 140 mm<\/td>\n<\/tr>\n<tr>\n<td width=\"224\">Paralelismo de dos lados largos<\/td>\n<td width=\"227\">\u22640,015 mm<\/td>\n<\/tr>\n<tr>\n<td width=\"224\">Espesor de muestreo<\/td>\n<td width=\"227\">(0,05 ~ 1,2) mil\u00edmetros<\/td>\n<\/tr>\n<tr>\n<td width=\"224\">Dimensiones<\/td>\n<td width=\"227\">Aproximadamente 580*150*620 mm<\/td>\n<\/tr>\n<tr>\n<td width=\"224\">Peso<\/td>\n<td width=\"227\">Alrededor de 15 kg<\/td>\n<\/tr>\n<\/tbody>\n<\/table>\n<h2><strong>Beneficios de utilizar el comprobador de adherencia interno BGT-01<\/strong><\/h2>\n<ul>\n<li><strong>Precisi\u00f3n y confiabilidad<\/strong>:Con su alta precisi\u00f3n y caracter\u00edsticas avanzadas, el BGT-01 garantiza resultados precisos y reproducibles, lo que permite a los fabricantes cumplir con los estrictos est\u00e1ndares de la industria.<\/li>\n<li><strong>Cumplimiento de la norma ISO 16260<\/strong>:El BGT-01 cumple totalmente con <strong>ISO 16260<\/strong>, lo que lo convierte en una herramienta esencial para aquellos que necesitan cumplir con los est\u00e1ndares de pruebas internacionales.<\/li>\n<li><strong>Vers\u00e1til y f\u00e1cil de usar<\/strong>:Ya sea para I+D, control de calidad o pruebas de producci\u00f3n, el BGT-01 ofrece una experiencia vers\u00e1til y f\u00e1cil de usar, con la capacidad de manejar una variedad de materiales de papel y cart\u00f3n.<\/li>\n<li><strong>Mejora de la calidad del producto<\/strong>:Al garantizar que los materiales cumplan con los requisitos de resistencia de uni\u00f3n interna, el BGT-01 ayuda a mejorar la calidad y durabilidad de los productos de papel, cart\u00f3n y embalaje.<\/li>\n<\/ul>\n<h2><strong>\u00bfPor qu\u00e9 elegir el comprobador de uni\u00f3n interna BGT-01?<\/strong><\/h2>\n<ul>\n<li><strong>Para fabricantes de papel y embalajes<\/strong>:El BGT-01 garantiza que los materiales tengan la resistencia interna necesaria para soportar impactos r\u00e1pidos durante la manipulaci\u00f3n, el procesamiento y el transporte. Esto es fundamental para los productos de embalaje que deben funcionar en condiciones estresantes.<\/li>\n<li><strong>Para investigaci\u00f3n y desarrollo<\/strong>:Los equipos de I+D que trabajan en la fabricaci\u00f3n de papel o en la ciencia de los materiales encontrar\u00e1n que el BGT-01 es esencial para medir con precisi\u00f3n la resistencia de uni\u00f3n interna de nuevas formulaciones de papel y cart\u00f3n.<\/li>\n<li><strong>Para control y aseguramiento de calidad<\/strong>:Con su facilidad de uso, funciones automatizadas y alta precisi\u00f3n, el BGT-01 es la opci\u00f3n ideal para que los laboratorios de control de calidad mantengan la consistencia en la calidad del producto y el cumplimiento normativo.<\/li>\n<\/ul>\n<h2><strong>Secci\u00f3n de preguntas frecuentes<\/strong><\/h2>\n<ol>\n<li><strong>\u00bfCu\u00e1l es el prop\u00f3sito del Comprobador de Enlace Interno?<\/strong>\n<ul>\n<li>El comprobador de adhesi\u00f3n interna mide la energ\u00eda necesaria para delaminar muestras de papel o cart\u00f3n en la direcci\u00f3n Z. Simula cargas de choque e impactos para evaluar la durabilidad del material.<\/li>\n<\/ul>\n<\/li>\n<li><strong>\u00bfEn qu\u00e9 se diferencia el BGT-01 de otros comprobadores de adherencia internos?<\/strong>\n<ul>\n<li>El BGT-01 ofrece liberaci\u00f3n autom\u00e1tica del p\u00e9ndulo, alta resoluci\u00f3n (0,001 lbf\/in\u00b2), autocalibraci\u00f3n y una interfaz de pantalla t\u00e1ctil a color. Estas caracter\u00edsticas garantizan precisi\u00f3n, confiabilidad y facilidad de uso.<\/li>\n<\/ul>\n<\/li>\n<li><strong>\u00bfEl BGT-01 cumple con los est\u00e1ndares internacionales?<\/strong>\n<ul>\n<li>S\u00ed, el BGT-01 cumple con <strong>ISO 16260<\/strong>, TAPPI T569 y otros est\u00e1ndares de la industria, lo que garantiza que cumple con los criterios de calidad y rendimiento requeridos para diversas industrias.<\/li>\n<\/ul>\n<\/li>\n<li><strong>\u00bfPuedo utilizar el BGT-01 para probar materiales recubiertos o laminados?<\/strong>\n<ul>\n<li>S\u00ed, el BGT-01 es adecuado para probar una amplia variedad de materiales de papel y cart\u00f3n, incluidos productos recubiertos y laminados como pel\u00edculas de pol\u00edmeros sint\u00e9ticos.<\/li>\n<\/ul>\n<\/li>\n<li><strong>\u00bfEl BGT-01 tiene software para an\u00e1lisis de datos?<\/strong>\n<ul>\n<li>S\u00ed, el BGT-01 se puede conectar a un software de computadora opcional, lo que permite el procesamiento detallado de datos, an\u00e1lisis y generaci\u00f3n de informes, perfecto para control de calidad o fines de investigaci\u00f3n.<\/li>\n<\/ul>\n<\/li>\n<\/ol>","protected":false},"excerpt":{"rendered":"<p>El <strong>Comprobador de adherencia interna BGT-01<\/strong> Es un instrumento avanzado dise\u00f1ado para medir la energ\u00eda necesaria para deslaminar r\u00e1pidamente una muestra de papel o cart\u00f3n en el <strong>Direcci\u00f3n Z<\/strong>Esta prueba simula los impactos r\u00e1pidos y las cargas de choque que pueden sufrir los productos de papel y cart\u00f3n durante procesos como la impresi\u00f3n o la conversi\u00f3n. <strong>Comprobador de enlace interno<\/strong> utiliza un p\u00e9ndulo con una masa y velocidad definidas para iniciar la ruptura, lo que lo convierte en una herramienta ideal para evaluar la resistencia del material a las tensiones internas.<\/p>","protected":false},"featured_media":6170,"comment_status":"closed","ping_status":"closed","template":"","meta":{"site-sidebar-layout":"default","site-content-layout":"default","ast-global-header-display":"","ast-main-header-display":"","ast-hfb-above-header-display":"","ast-hfb-below-header-display":"","ast-hfb-mobile-header-display":"","site-post-title":"","ast-breadcrumbs-content":"","ast-featured-img":"","footer-sml-layout":"","theme-transparent-header-meta":"default","adv-header-id-meta":"","stick-header-meta":"","header-above-stick-meta":"","header-main-stick-meta":"","header-below-stick-meta":""},"product_cat":[845,1076,1140,44,95],"product_tag":[],"class_list":{"0":"post-5242","1":"product","2":"type-product","3":"status-publish","4":"has-post-thumbnail","6":"product_cat-customization","7":"product_cat-iso-16260","8":"product_cat-tappi-t569","9":"product_cat-paper-and-board-testers","10":"product_cat-products","11":"desktop-align-left","12":"tablet-align-left","13":"mobile-align-left","15":"first","16":"instock","17":"shipping-taxable","18":"product-type-simple"},"_links":{"self":[{"href":"https:\/\/www.qualitester.com\/es\/wp-json\/wp\/v2\/product\/5242","targetHints":{"allow":["GET"]}}],"collection":[{"href":"https:\/\/www.qualitester.com\/es\/wp-json\/wp\/v2\/product"}],"about":[{"href":"https:\/\/www.qualitester.com\/es\/wp-json\/wp\/v2\/types\/product"}],"replies":[{"embeddable":true,"href":"https:\/\/www.qualitester.com\/es\/wp-json\/wp\/v2\/comments?post=5242"}],"version-history":[{"count":0,"href":"https:\/\/www.qualitester.com\/es\/wp-json\/wp\/v2\/product\/5242\/revisions"}],"wp:featuredmedia":[{"embeddable":true,"href":"https:\/\/www.qualitester.com\/es\/wp-json\/wp\/v2\/media\/6170"}],"wp:attachment":[{"href":"https:\/\/www.qualitester.com\/es\/wp-json\/wp\/v2\/media?parent=5242"}],"wp:term":[{"taxonomy":"product_cat","embeddable":true,"href":"https:\/\/www.qualitester.com\/es\/wp-json\/wp\/v2\/product_cat?post=5242"},{"taxonomy":"product_tag","embeddable":true,"href":"https:\/\/www.qualitester.com\/es\/wp-json\/wp\/v2\/product_tag?post=5242"}],"curies":[{"name":"wp","href":"https:\/\/api.w.org\/{rel}","templated":true}]}}