{"id":5204,"date":"2024-11-05T11:37:42","date_gmt":"2024-11-05T03:37:42","guid":{"rendered":"https:\/\/www.qualitester.com\/?post_type=product&#038;p=5204"},"modified":"2024-12-05T13:32:19","modified_gmt":"2024-12-05T05:32:19","slug":"sale-automated-torque-tester-astm","status":"publish","type":"product","link":"https:\/\/www.qualitester.com\/es\/producto\/sale-automated-torque-tester-astm\/","title":{"rendered":"Comprobador de par autom\u00e1tico MCT-01L"},"content":{"rendered":"<h2>Introducci\u00f3n al comprobador de par autom\u00e1tico<\/h2>\n<p>El <strong>Comprobador de par autom\u00e1tico<\/strong> es un instrumento esencial para evaluar las fuerzas de apertura y cierre de las tapas en diversos envases, incluidos frascos de medicamentos, botellas PET, bolsas con boquilla y tubos flexibles. Este comprobador garantiza que las tapas mantengan un sellado seguro y al mismo tiempo sean f\u00e1ciles de abrir para los consumidores, optimizando la seguridad, la calidad y la facilidad de uso del producto. Con su automatizaci\u00f3n y precisi\u00f3n avanzadas, el comprobador de par automatizado desempe\u00f1a un papel fundamental en el control de calidad para industrias como la del envasado, la farmac\u00e9utica, la alimentaci\u00f3n y las bebidas y la cosm\u00e9tica.<\/p>\n<h2>Principales aplicaciones del comprobador de par automatizado<\/h2>\n<p>El comprobador de par automatizado es ampliamente aplicable en:<\/p>\n<ul>\n<li><strong>Embalaje<\/strong>:Garantizar que las tapas permanezcan selladas durante el transporte pero que el consumidor pueda abrirlas f\u00e1cilmente.<\/li>\n<li><strong>Productos farmac\u00e9uticos<\/strong>:Prueba de tapas a prueba de ni\u00f1os y cierres a prueba de manipulaciones para cumplir con los est\u00e1ndares de seguridad.<\/li>\n<li><strong>Alimentos y bebidas<\/strong>:Verificaci\u00f3n de la integridad de las tapas de PET y otros tipos de botellas para evitar fugas y contaminaci\u00f3n.<\/li>\n<li><strong>Cosm\u00e9ticos y productos qu\u00edmicos de uso diario<\/strong>:Prueba de la resistencia del cierre de la tapa para mejorar la longevidad del producto y la facilidad de uso.<\/li>\n<\/ul>\n<h2>Normas pertinentes para la prueba de torsi\u00f3n de tapas de botellas<\/h2>\n<p>El <strong>Comprobador de par autom\u00e1tico<\/strong> Cumple con varios est\u00e1ndares cr\u00edticos de la industria, lo que garantiza pruebas integrales y cumplimiento en varios sectores de empaquetado. Los siguientes est\u00e1ndares son parte integral del proceso de prueba:<\/p>\n<ul>\n<li><a href=\"https:\/\/www.astm.org\/d2063_d2063m-10r18.html\" target=\"_blank\" rel=\"noopener nofollow\"><strong>ASTM D2063<\/strong><\/a>:Esta norma se centra en la medici\u00f3n del par de torsi\u00f3n de apertura y cierre de los cierres de pl\u00e1stico, en particular para aplicaciones de envasado. Es esencial para determinar los valores de par de torsi\u00f3n necesarios para que los tapones sean seguros pero f\u00e1ciles de abrir, garantizando as\u00ed la comodidad y la seguridad del consumidor.<\/li>\n<li><a href=\"https:\/\/www.astm.org\/d3198-97r02.html\" target=\"_blank\" rel=\"noopener nofollow\"><strong>ASTM D3198<\/strong><\/a>:Esta norma especifica los m\u00e9todos de prueba para la medici\u00f3n del par de torsi\u00f3n en cierres a prueba de ni\u00f1os. Es fundamental para evaluar los envases a prueba de manipulaciones y garantizar que los cierres cumplan con las normas de seguridad reglamentarias para productos farmac\u00e9uticos, qu\u00edmicos y otros productos sensibles.<\/li>\n<li><a href=\"https:\/\/www.astm.org\/d3474-90r18.html\" target=\"_blank\" rel=\"noopener nofollow\"><strong>Norma ASTM D3474<\/strong><\/a>:Esta norma se ocupa de las pruebas de torsi\u00f3n de los cierres de los envases flexibles, como las bolsas con pico. Garantiza el rendimiento de los cierres tanto en condiciones de apertura como de sellado, manteniendo la integridad del producto a lo largo de la cadena de suministro.<\/li>\n<li><a href=\"https:\/\/std.samr.gov.cn\/gb\/search\/gbDetailed?id=71F772D7F88CD3A7E05397BE0A0AB82A\" target=\"_blank\" rel=\"noopener nofollow\"><strong>GB\/T 17876<\/strong><\/a>: Norma china que proporciona pautas para probar el par de torsi\u00f3n de los cierres de botellas y contenedores. Se ajusta a las pr\u00e1cticas internacionales para medir la resistencia y la fiabilidad de los cierres de los envases en diversas condiciones.<\/li>\n<li><a href=\"https:\/\/std.samr.gov.cn\/hb\/search\/stdHBDetailed?id=8B1827F18F69BB19E05397BE0A0AB44A\" target=\"_blank\" rel=\"noopener nofollow\"><strong>BB\/T0025<\/strong><\/a>:Esta norma china especifica m\u00e9todos para evaluar el rendimiento de los cierres de contenedores en diferentes condiciones de sellado y apertura, garantizando que las tapas sean seguras y f\u00e1ciles de usar.<\/li>\n<li><a href=\"https:\/\/std.samr.gov.cn\/hb\/search\/stdHBDetailed?id=8B1827F24CD5BB19E05397BE0A0AB44A\" target=\"_blank\" rel=\"noopener nofollow\"><strong>BB\/T0034<\/strong><\/a>:Otra norma china centrada en la resistencia a la torsi\u00f3n de los cierres a prueba de manipulaciones, esta norma garantiza que el embalaje cumple con los requisitos de seguridad y reglamentarios para la integridad del producto y la protecci\u00f3n del consumidor.<\/li>\n<\/ul>\n<h2>Proceso de prueba para el comprobador de par autom\u00e1tico<\/h2>\n<p>El comprobador de torsi\u00f3n automatizado ofrece un proceso simple y automatizado para obtener resultados precisos y repetibles:<\/p>\n<ol>\n<li><strong>Carga de la muestra<\/strong>:El frasco o recipiente de muestra se coloca en el sistema, donde tanto la tapa como el frasco se sujetan de forma segura mediante abrazaderas neum\u00e1ticas.<\/li>\n<li><strong>Reprimici\u00f3n<\/strong>:Al presionar el bot\u00f3n CLAMP, las abrazaderas neum\u00e1ticas se activan autom\u00e1ticamente, fijando la tapa y la botella en su lugar para la prueba.<\/li>\n<li><strong>Pruebas<\/strong>:Al presionar el bot\u00f3n TEST se inicia la rotaci\u00f3n de la abrazadera inferior, abriendo o cerrando la tapa, dependiendo de los requisitos de la prueba.<\/li>\n<li><strong>Medici\u00f3n de par<\/strong>:Durante la rotaci\u00f3n, el sistema registra con precisi\u00f3n los datos de fuerza de torsi\u00f3n, proporcionando informaci\u00f3n sobre los valores m\u00e1ximos y promedio.<\/li>\n<\/ol>\n<p>Este proceso permite un an\u00e1lisis r\u00e1pido del rendimiento de la tapa, garantizando que el torque aplicado durante el sellado o la apertura se alinee con las especificaciones del producto en cuanto a calidad y facilidad de uso.<\/p>\n<h2>Caracter\u00edsticas t\u00e9cnicas y beneficios<\/h2>\n<p>Las caracter\u00edsticas de alto rendimiento del comprobador de par automatizado lo convierten en una soluci\u00f3n confiable para el control de calidad:<\/p>\n<ul>\n<li><strong>Operaci\u00f3n controlada por PLC con pantalla t\u00e1ctil HMI<\/strong>Equipado con una interfaz f\u00e1cil de usar, este probador garantiza una precisi\u00f3n repetible y resultados consistentes, ideal para entornos de alto rendimiento.<\/li>\n<li><strong>Sujeci\u00f3n y rotaci\u00f3n automatizadas<\/strong>:Al simular las condiciones de producci\u00f3n, las capacidades de sujeci\u00f3n autom\u00e1tica y rotaci\u00f3n del probador proporcionan una evaluaci\u00f3n realista del rendimiento de la tapa.<\/li>\n<li><strong>Visualizaci\u00f3n de medidas de m\u00faltiples unidades<\/strong>:Los datos se pueden visualizar en varias unidades (Kgf.cm, N.cm, daN.cm, Inch.lbs y Nm), lo que garantiza el cumplimiento de los est\u00e1ndares internacionales y los hace adaptables a diferentes industrias.<\/li>\n<li><strong>Retenci\u00f3n de valores pico y registro de datos<\/strong>:El comprobador conserva autom\u00e1ticamente los valores de par m\u00e1ximo para realizar un an\u00e1lisis exhaustivo e incluye una microimpresora integrada para acceder r\u00e1pidamente a los datos. La conectividad RS232 opcional y el software profesional tambi\u00e9n permiten la gesti\u00f3n digital de datos.<\/li>\n<li><strong>Seguridad y Eficiencia<\/strong>:La protecci\u00f3n de sobrecarga incorporada y una funci\u00f3n de puesta a cero autom\u00e1tica mejoran tanto la seguridad como la precisi\u00f3n de la medici\u00f3n, lo que hace que el comprobador sea adecuado para aplicaciones rigurosas de control de calidad.<\/li>\n<\/ul>\n<h2>Cumplimiento de las normas y regulaciones de la industria<\/h2>\n<p>El comprobador de par automatizado est\u00e1 dise\u00f1ado para cumplir con los requisitos de varias normas clave, incluidas <strong>ASTM D2659<\/strong>, <strong>Norma ASTM D4577<\/strong>, <strong>ASTM D642<\/strong>, <strong>ISO 8113<\/strong>, y <strong>ASTM D4169<\/strong>Al seguir estos est\u00e1ndares, garantiza que los productos cumplan con estrictos requisitos de calidad y seguridad, brindando una soluci\u00f3n de prueba confiable para industrias que exigen el cumplimiento de las regulaciones de embalaje.<\/p>\n<h2>Secci\u00f3n de preguntas frecuentes<\/h2>\n<ol>\n<li><strong>\u00bfPor qu\u00e9 es importante la prueba de torsi\u00f3n para el embalaje?<\/strong><br \/>\nLas pruebas de torsi\u00f3n garantizan que las tapas est\u00e9n selladas de forma segura y sean f\u00e1ciles de usar, cumpliendo con los est\u00e1ndares de seguridad y facilidad de uso para el consumidor.<\/li>\n<li><strong>\u00bfCu\u00e1les son los beneficios de utilizar un probador de torsi\u00f3n automatizado en lugar de uno manual?<\/strong><br \/>\nLos probadores automatizados proporcionan mayor precisi\u00f3n, repetibilidad y eficiencia, particularmente en entornos de producci\u00f3n de gran volumen.<\/li>\n<li><strong>\u00bfC\u00f3mo garantiza el probador el cumplimiento de la norma ASTM D2659?<\/strong><br \/>\nEl comprobador mide el torque con precisi\u00f3n, lo que ayuda a cumplir con los est\u00e1ndares ASTM D2659 para cierres a prueba de ni\u00f1os y a prueba de manipulaciones.<\/li>\n<li><strong>\u00bfEl comprobador de torsi\u00f3n puede admitir distintos tama\u00f1os y materiales de tapa?<\/strong><br \/>\nS\u00ed, el probador es compatible con una amplia gama de tipos de tapas y materiales, lo que garantiza pruebas vers\u00e1tiles en todos los productos.<\/li>\n<li><strong>\u00bfC\u00f3mo funciona la funci\u00f3n de retenci\u00f3n de valor m\u00e1ximo?<\/strong><br \/>\nEl probador captura y retiene el valor de torque m\u00e1ximo alcanzado durante cada prueba, lo que permite un an\u00e1lisis detallado y garant\u00eda de calidad.<\/li>\n<\/ol>\n<p>El <strong>Comprobador de par autom\u00e1tico<\/strong> es una herramienta vital para los fabricantes que buscan garantizar la calidad, la seguridad y el cumplimiento normativo de los productos. Con sus funciones automatizadas, se garantiza el cumplimiento de est\u00e1ndares internacionales como <a href=\"https:\/\/www.qualitester.com\/es\/categoria-producto\/astm\/astm-d2659\/\" target=\"_blank\" rel=\"noopener\">ASTM D2659<\/a>Con una precisi\u00f3n confiable y una fiabilidad inigualables, este comprobador ayuda a optimizar los procesos de producci\u00f3n y al mismo tiempo mantiene est\u00e1ndares excepcionales de integridad del producto.<\/p>","protected":false},"excerpt":{"rendered":"<p>Garantice la calidad del producto con el comprobador de par autom\u00e1tico. Cumple con la norma ASTM D2659 y otras normas clave para mediciones precisas de la fuerza de apertura y cierre de tapas.<\/p>","protected":false},"featured_media":6242,"comment_status":"closed","ping_status":"closed","template":"","meta":{"site-sidebar-layout":"default","site-content-layout":"default","ast-global-header-display":"","ast-main-header-display":"","ast-hfb-above-header-display":"","ast-hfb-below-header-display":"","ast-hfb-mobile-header-display":"","site-post-title":"","ast-breadcrumbs-content":"","ast-featured-img":"","footer-sml-layout":"","theme-transparent-header-meta":"default","adv-header-id-meta":"","stick-header-meta":"","header-above-stick-meta":"","header-main-stick-meta":"","header-below-stick-meta":""},"product_cat":[845,953,956,955,954,957,958,952,959,687,17,16,124,125,128,95],"product_tag":[],"class_list":{"0":"post-5204","1":"product","2":"type-product","3":"status-publish","4":"has-post-thumbnail","6":"product_cat-customization","7":"product_cat-bursting-tester","8":"product_cat-cobb-tester","9":"product_cat-crush-tester","10":"product_cat-paper-tear-tester","11":"product_cat-plybond-tester","12":"product_cat-puncture-tester","13":"product_cat-rub-tester","14":"product_cat-stiffness-tester","15":"product_cat-torque-tester","16":"product_cat-package-container-testers","17":"product_cat-plastic-packaging-testers","18":"product_cat-astm-d2063","19":"product_cat-astm-d3198","20":"product_cat-astm-d3474","21":"product_cat-products","22":"desktop-align-left","23":"tablet-align-left","24":"mobile-align-left","26":"first","27":"instock","28":"shipping-taxable","29":"product-type-simple"},"_links":{"self":[{"href":"https:\/\/www.qualitester.com\/es\/wp-json\/wp\/v2\/product\/5204","targetHints":{"allow":["GET"]}}],"collection":[{"href":"https:\/\/www.qualitester.com\/es\/wp-json\/wp\/v2\/product"}],"about":[{"href":"https:\/\/www.qualitester.com\/es\/wp-json\/wp\/v2\/types\/product"}],"replies":[{"embeddable":true,"href":"https:\/\/www.qualitester.com\/es\/wp-json\/wp\/v2\/comments?post=5204"}],"version-history":[{"count":0,"href":"https:\/\/www.qualitester.com\/es\/wp-json\/wp\/v2\/product\/5204\/revisions"}],"wp:featuredmedia":[{"embeddable":true,"href":"https:\/\/www.qualitester.com\/es\/wp-json\/wp\/v2\/media\/6242"}],"wp:attachment":[{"href":"https:\/\/www.qualitester.com\/es\/wp-json\/wp\/v2\/media?parent=5204"}],"wp:term":[{"taxonomy":"product_cat","embeddable":true,"href":"https:\/\/www.qualitester.com\/es\/wp-json\/wp\/v2\/product_cat?post=5204"},{"taxonomy":"product_tag","embeddable":true,"href":"https:\/\/www.qualitester.com\/es\/wp-json\/wp\/v2\/product_tag?post=5204"}],"curies":[{"name":"wp","href":"https:\/\/api.w.org\/{rel}","templated":true}]}}