{"id":5187,"date":"2024-11-01T14:22:35","date_gmt":"2024-11-01T06:22:35","guid":{"rendered":"https:\/\/www.qualitester.com\/?post_type=product&#038;p=5187"},"modified":"2024-12-05T14:56:47","modified_gmt":"2024-12-05T06:56:47","slug":"sale-cheap-texture-analyser","status":"publish","type":"product","link":"https:\/\/www.qualitester.com\/es\/producto\/sale-cheap-texture-analyser\/","title":{"rendered":"Analizador de textura TEX-01"},"content":{"rendered":"<h2><strong>Introducci\u00f3n a los analizadores de textura<\/strong><\/h2>\n<p>A <strong>analizador de textura<\/strong> es un instrumento avanzado que se utiliza para evaluar las propiedades mec\u00e1nicas de diversos materiales, con un enfoque principal en la textura, la consistencia y las caracter\u00edsticas estructurales. Al aplicar fuerzas controladas a una muestra y registrar su deformaci\u00f3n o respuesta, el analizador proporciona datos valiosos que ayudan a comprender, refinar y optimizar el rendimiento del producto. Los analizadores de textura son fundamentales en industrias como la alimentaria, la farmac\u00e9utica, el envasado, los adhesivos y la textil, donde respaldan el control de calidad y gu\u00edan el desarrollo de productos para satisfacer las preferencias de los consumidores y las demandas del mercado.<\/p>\n<h2><strong>Aplicaciones del an\u00e1lisis de textura<\/strong><\/h2>\n<ul>\n<li>\n<h3><strong>Industria alimentaria<\/strong><\/h3>\n<ul>\n<li>El an\u00e1lisis de textura juega un papel crucial en el control de calidad de los alimentos, midiendo propiedades como <strong>fuerza del gel<\/strong>, <strong>dureza<\/strong>, <strong>crujiente<\/strong>, <strong>pegajosidad<\/strong>, <strong>elasticidad<\/strong>, <strong>fuerza de fractura<\/strong>, y <strong>Resistencia a la flexi\u00f3n<\/strong>Estos atributos son indicadores clave de la calidad y consistencia de un producto, y ayudan a los fabricantes a garantizar que sus productos cumplan con las expectativas de los consumidores en cuanto a textura y sensaci\u00f3n en boca.<\/li>\n<\/ul>\n<\/li>\n<li>\n<h3><strong>Aplicaciones m\u00e9dicas y farmac\u00e9uticas<\/strong><\/h3>\n<ul>\n<li>En los sectores m\u00e9dico y farmac\u00e9utico, los analizadores de textura son esenciales para realizar pruebas <strong>Resistencia a la compresi\u00f3n de la tableta<\/strong>, <strong>Resistencia a la rotura de la ampolla<\/strong>, <strong>adherencia del yeso<\/strong>, <strong>fuerza de punci\u00f3n de la aguja<\/strong>, y <strong>dureza de la c\u00e1psula blanda<\/strong>Estas pruebas garantizan que los productos m\u00e9dicos funcionen de manera confiable y constante, cumpliendo con los estrictos est\u00e1ndares regulatorios y respaldando la seguridad del paciente.<\/li>\n<\/ul>\n<\/li>\n<li>\n<h3><strong>Adhesivos y embalajes<\/strong><\/h3>\n<ul>\n<li>Para las industrias de adhesivos y embalajes, los analizadores de textura miden <strong>tachuela de bucle<\/strong> y <strong>fuerza de pelado<\/strong> para determinar la resistencia de la uni\u00f3n y la durabilidad del material. Estas pruebas ayudan a mejorar la seguridad y la calidad del producto, al tiempo que garantizan que los adhesivos y los materiales de embalaje funcionan como se espera en condiciones reales.<\/li>\n<\/ul>\n<\/li>\n<\/ul>\n<h2><strong>Programas clave y m\u00e9todos de prueba<\/strong><\/h2>\n<p>Instrumentos celulares <strong>Analizadores de textura TEX-01 y TEX-02<\/strong> Admite un conjunto completo de programas de prueba que se adaptan a diversos materiales e industrias. Los m\u00e9todos de prueba clave incluyen:<\/p>\n<ul>\n<li><strong>Fuerza del gel<\/strong>:Mide la firmeza y resistencia de materiales tipo gel.<\/li>\n<li><strong>Mantener presionado para cargar y mantener el tiempo<\/strong>:Eval\u00faa la respuesta de un material a una carga constante a lo largo del tiempo.<\/li>\n<li><strong>Deformaci\u00f3n fija y compresi\u00f3n simple<\/strong>:Examina la resistencia del material y la respuesta a una \u00fanica fuerza controlada.<\/li>\n<li><strong>Dureza y fracturabilidad<\/strong>:Mide la dureza y la fragilidad de una muestra, algo importante tanto en pruebas alimentarias como farmac\u00e9uticas.<\/li>\n<li><strong>Compresi\u00f3n c\u00edclica y carga est\u00e1tica<\/strong>:Proporciona informaci\u00f3n sobre el rendimiento de un material bajo tensi\u00f3n repetida o presi\u00f3n est\u00e1tica.<\/li>\n<\/ul>\n<h2><strong>Modelos y caracter\u00edsticas del analizador de textura<\/strong><\/h2>\n<ul>\n<li>\n<h3><strong>Descripci\u00f3n general de los modelos TEX-01 y TEX-02<\/strong><\/h3>\n<ul>\n<li>Los analizadores de textura TEX-01 y TEX-02 son herramientas vers\u00e1tiles y confiables capaces de analizar una amplia gama de muestras, incluidos alimentos, componentes de envases, adhesivos, tabletas y botellas. Estos modelos ofrecen precisi\u00f3n y flexibilidad, lo que permite a los fabricantes cumplir con los requisitos de prueba espec\u00edficos para diversos productos.<\/li>\n<\/ul>\n<\/li>\n<li>\n<h3><strong>Principales caracter\u00edsticas y beneficios<\/strong><\/h3>\n<ul>\n<li><strong>Pantalla t\u00e1ctil HMI de 7 pulgadas<\/strong>:Esta pantalla f\u00e1cil de usar simplifica la operaci\u00f3n, reduce la curva de aprendizaje y mejora la usabilidad.<\/li>\n<li><strong>Unidad de control PLC<\/strong>:Garantiza la ejecuci\u00f3n precisa de secuencias de pruebas complejas, entregando resultados consistentes y precisos.<\/li>\n<li><strong>Tornillo de bola de precisi\u00f3n<\/strong>:Proporciona un control preciso sobre la velocidad y el desplazamiento, lo que permite mediciones altamente precisas y repetibles.<\/li>\n<li><strong>Velocidad de prueba ajustable<\/strong>:Ofrece versatilidad en las pruebas al permitir diferentes velocidades para adaptarse a los requisitos de diversas muestras.<\/li>\n<li><strong>Funci\u00f3n de retorno autom\u00e1tico<\/strong>: Ahorra tiempo y esfuerzo, especialmente \u00fatil cuando se realizan m\u00faltiples pruebas en r\u00e1pida sucesi\u00f3n.<\/li>\n<li><strong>Micro impresora<\/strong>:Permite el registro de datos directo y c\u00f3modo para una r\u00e1pida revisi\u00f3n y documentaci\u00f3n.<\/li>\n<li><strong>Software de salida de datos opcional<\/strong>:Permite una mejor gesti\u00f3n, an\u00e1lisis y exportaci\u00f3n de datos, ideal para fines de control de calidad e investigaci\u00f3n.<\/li>\n<\/ul>\n<\/li>\n<\/ul>\n<h2><strong>Ventajas de elegir un analizador de textura para el desarrollo de productos<\/strong><\/h2>\n<ul>\n<li><strong>Consistencia y control de calidad<\/strong><\/li>\n<li style=\"list-style-type: none;\">\n<ul>\n<li>Los analizadores de textura garantizan la consistencia del producto, un aspecto fundamental para la satisfacci\u00f3n del consumidor y el cumplimiento normativo. Estas herramientas proporcionan mediciones repetibles y precisas que ayudan a los fabricantes a lograr una calidad uniforme del producto lote tras lote.<\/li>\n<\/ul>\n<\/li>\n<li>\n<h3><strong>Capacidades de personalizaci\u00f3n y automatizaci\u00f3n<\/strong><\/h3>\n<ul>\n<li>Con la capacidad de adaptarse a configuraciones de prueba personalizadas, nuestros analizadores de textura satisfacen necesidades especializadas en todas las industrias. Adem\u00e1s, las opciones de automatizaci\u00f3n mejoran la productividad, agilizando el proceso de prueba para ahorrar tiempo y mano de obra.<\/li>\n<\/ul>\n<\/li>\n<\/ul>\n<h2><strong>Soluciones asequibles: c\u00f3mo encontrar un analizador de textura econ\u00f3mico<\/strong><\/h2>\n<p>Encontrar un analizador de textura asequible no significa comprometer la calidad. Nuestra gama de analizadores de textura incluye opciones que equilibran el rendimiento y la rentabilidad, lo que los hace accesibles para empresas de todos los tama\u00f1os. Modelos como el <strong>TEX-01<\/strong> Proporciona caracter\u00edsticas esenciales para pruebas confiables sin un alto costo, lo que permite realizar pruebas de calidad con un presupuesto limitado.<\/p>\n<h2><strong>Secci\u00f3n de preguntas frecuentes<\/strong><\/h2>\n<ol>\n<li><strong>\u00bfCu\u00e1l es el prop\u00f3sito de un analizador de textura?<\/strong><br \/>\nUn analizador de textura mide las propiedades mec\u00e1nicas de los materiales para evaluar la textura, la consistencia y la estructura, cruciales para el control de calidad y el desarrollo de productos.<\/li>\n<li><strong>\u00bfC\u00f3mo beneficia el an\u00e1lisis de textura a la industria alimentaria?<\/strong><br \/>\nEl an\u00e1lisis de textura ayuda a garantizar que los productos alimenticios cumplan con los est\u00e1ndares de textura deseados, lo que mejora la satisfacci\u00f3n del cliente al alinearse con las expectativas de sabor y calidad.<\/li>\n<li><strong>\u00bfPuede un analizador de textura medir la fuerza adhesiva?<\/strong><br \/>\nS\u00ed, los analizadores de textura pueden probar adhesivos, midiendo propiedades como la adherencia en bucle y la fuerza de pelado para evaluar la resistencia de la uni\u00f3n y la durabilidad.<\/li>\n<li><strong>\u00bfCu\u00e1l es la importancia de la velocidad de prueba en el an\u00e1lisis de textura?<\/strong><br \/>\nLas velocidades de prueba ajustables permiten que los analizadores de textura simulen diferentes condiciones del mundo real, lo que los hace vers\u00e1tiles para probar diversos materiales y aplicaciones.<\/li>\n<li><strong>\u00bfExisten opciones rentables para un analizador de textura?<\/strong><br \/>\nS\u00ed, modelos asequibles como el TEX-01 ofrecen un rendimiento confiable para el an\u00e1lisis de textura esencial, brindando opciones de pruebas de calidad a un precio econ\u00f3mico.<\/li>\n<\/ol>\n<p>Los analizadores de textura son herramientas esenciales para el control de calidad, la investigaci\u00f3n y el desarrollo de productos en m\u00faltiples industrias. <strong>TEX-01 y TEX-02<\/strong> Los modelos brindan un an\u00e1lisis de textura preciso, confiable y personalizable que cumple con los est\u00e1ndares de la industria. Con caracter\u00edsticas s\u00f3lidas, programas de prueba flexibles y opciones rentables, nuestros analizadores de textura permiten a los fabricantes cumplir con los estrictos requisitos de calidad y superar las expectativas de los clientes.<\/p>","protected":false},"excerpt":{"rendered":"<p>A <strong>analizador de textura<\/strong> es un instrumento avanzado que se utiliza para evaluar las propiedades mec\u00e1nicas de diversos materiales, con un enfoque principal en la textura, la consistencia y las caracter\u00edsticas estructurales. Al aplicar fuerzas controladas a una muestra y registrar su deformaci\u00f3n o respuesta, el analizador proporciona datos valiosos que ayudan a comprender, refinar y optimizar el rendimiento del producto. Los analizadores de textura son fundamentales en industrias como la alimentaria, la farmac\u00e9utica, el envasado, los adhesivos y la textil, donde respaldan el control de calidad y gu\u00edan el desarrollo de productos para satisfacer las preferencias de los consumidores y las demandas del mercado.<\/p>","protected":false},"featured_media":6279,"comment_status":"closed","ping_status":"closed","template":"","meta":{"site-sidebar-layout":"default","site-content-layout":"default","ast-global-header-display":"","ast-main-header-display":"","ast-hfb-above-header-display":"","ast-hfb-below-header-display":"","ast-hfb-mobile-header-display":"","site-post-title":"","ast-breadcrumbs-content":"","ast-featured-img":"","footer-sml-layout":"","theme-transparent-header-meta":"default","adv-header-id-meta":"","stick-header-meta":"","header-above-stick-meta":"","header-main-stick-meta":"","header-below-stick-meta":""},"product_cat":[928,953,956,955,845,954,957,958,952,959,95],"product_tag":[],"class_list":{"0":"post-5187","1":"product","2":"type-product","3":"status-publish","4":"has-post-thumbnail","6":"product_cat-tpa-texture-analyzer","7":"product_cat-bursting-tester","8":"product_cat-cobb-tester","9":"product_cat-crush-tester","10":"product_cat-customization","11":"product_cat-paper-tear-tester","12":"product_cat-plybond-tester","13":"product_cat-puncture-tester","14":"product_cat-rub-tester","15":"product_cat-stiffness-tester","16":"product_cat-products","17":"desktop-align-left","18":"tablet-align-left","19":"mobile-align-left","21":"first","22":"instock","23":"shipping-taxable","24":"product-type-simple"},"_links":{"self":[{"href":"https:\/\/www.qualitester.com\/es\/wp-json\/wp\/v2\/product\/5187","targetHints":{"allow":["GET"]}}],"collection":[{"href":"https:\/\/www.qualitester.com\/es\/wp-json\/wp\/v2\/product"}],"about":[{"href":"https:\/\/www.qualitester.com\/es\/wp-json\/wp\/v2\/types\/product"}],"replies":[{"embeddable":true,"href":"https:\/\/www.qualitester.com\/es\/wp-json\/wp\/v2\/comments?post=5187"}],"version-history":[{"count":0,"href":"https:\/\/www.qualitester.com\/es\/wp-json\/wp\/v2\/product\/5187\/revisions"}],"wp:featuredmedia":[{"embeddable":true,"href":"https:\/\/www.qualitester.com\/es\/wp-json\/wp\/v2\/media\/6279"}],"wp:attachment":[{"href":"https:\/\/www.qualitester.com\/es\/wp-json\/wp\/v2\/media?parent=5187"}],"wp:term":[{"taxonomy":"product_cat","embeddable":true,"href":"https:\/\/www.qualitester.com\/es\/wp-json\/wp\/v2\/product_cat?post=5187"},{"taxonomy":"product_tag","embeddable":true,"href":"https:\/\/www.qualitester.com\/es\/wp-json\/wp\/v2\/product_tag?post=5187"}],"curies":[{"name":"wp","href":"https:\/\/api.w.org\/{rel}","templated":true}]}}