{"id":5157,"date":"2024-10-31T12:00:37","date_gmt":"2024-10-31T04:00:37","guid":{"rendered":"https:\/\/www.qualitester.com\/?post_type=product&#038;p=5157"},"modified":"2024-12-04T16:23:34","modified_gmt":"2024-12-04T08:23:34","slug":"sale-film-shrinkage-tester-iso-14616","status":"publish","type":"product","link":"https:\/\/www.qualitester.com\/es\/producto\/sale-film-shrinkage-tester-iso-14616\/","title":{"rendered":"Probador de contracci\u00f3n de pel\u00edculas FSR-01"},"content":{"rendered":"<h2>Introducci\u00f3n de <strong>Comprobador de contracci\u00f3n de pel\u00edculas<\/strong><\/h2>\n<p>El <strong>Comprobador de contracci\u00f3n de pel\u00edculas<\/strong> es un instrumento esencial dise\u00f1ado para medir las fuerzas de contracci\u00f3n y <a href=\"https:\/\/www.qualitester.com\/es\/producto\/film-free-shrink-tester-fst-01\/\" target=\"_blank\" rel=\"noopener\">Relaciones de contracci\u00f3n de pel\u00edculas termorretr\u00e1ctiles<\/a>Estas pel\u00edculas se utilizan com\u00fanmente en diversas industrias, incluidas las de embalaje, alimentaci\u00f3n, medicina y productos farmac\u00e9uticos. Fabricadas mediante extrusi\u00f3n y estiramiento (estiramiento en caliente), estas pel\u00edculas mantienen un estado estirado hasta que se vuelven a calentar. Cuando se exponen a temperaturas espec\u00edficas que liberan la tensi\u00f3n inicial, las pel\u00edculas se contraen o &quot;se encogen&quot;, lo que hace que la medici\u00f3n precisa sea fundamental para el control de calidad.<\/p>\n<h2>M\u00e9todos de prueba<\/h2>\n<h3>Proceso de prueba<\/h3>\n<ol>\n<li><strong>Preparaci\u00f3n<\/strong>:La prueba comienza con un horno de aire bien aislado, que se calienta a una temperatura predeterminada. Se colocan dos muestras por separado en estaciones de prueba designadas para evaluar la tasa de contracci\u00f3n y la fuerza de contracci\u00f3n.<\/li>\n<li><strong>Configuraci\u00f3n de medici\u00f3n<\/strong>:Se coloca una sonda de temperatura para controlar el \u00e1rea de la muestra y brindar lecturas precisas de temperatura. El horno de aire desciende autom\u00e1ticamente para cubrir el \u00e1rea de la muestra, lo que facilita la realizaci\u00f3n de pruebas precisas.<\/li>\n<li><strong>Recopilaci\u00f3n de datos<\/strong>:A medida que aumenta la temperatura, se mide la fuerza m\u00e1xima de contracci\u00f3n, lo que indica cu\u00e1ndo se ha alcanzado la temperatura de contracci\u00f3n. El proceso registra el momento en que esta fuerza disminuye aproximadamente de 15% a 30%, levantando el horno de aire y anotando el tiempo transcurrido.<\/li>\n<li><strong>Evaluaci\u00f3n del \u00edndice de contracci\u00f3n<\/strong>:Durante la fase de prueba, se eval\u00faa la relaci\u00f3n de contracci\u00f3n, lo que ofrece informaci\u00f3n vital sobre las caracter\u00edsticas de rendimiento de la pel\u00edcula.<\/li>\n<\/ol>\n<h2>Caracter\u00edsticas t\u00e9cnicas<\/h2>\n<ul>\n<li><strong>Control PLC y pantalla t\u00e1ctil HMI<\/strong>:Esta caracter\u00edstica garantiza una estabilidad a nivel industrial al tiempo que proporciona una interfaz f\u00e1cil de usar para una f\u00e1cil operaci\u00f3n.<\/li>\n<li><strong>Horno de aire bien aislado<\/strong>:El horno de aire est\u00e1 aislado por expertos y es capaz de bajar y levantar autom\u00e1ticamente, lo que mejora la precisi\u00f3n de las pruebas.<\/li>\n<li><strong>Medici\u00f3n de la relaci\u00f3n de contracci\u00f3n sin contacto<\/strong>:Esta funcionalidad, que se logra mediante un m\u00e9todo sin contacto, mejora significativamente la precisi\u00f3n y confiabilidad de los resultados.<\/li>\n<li><strong>Visualizaci\u00f3n en tiempo real<\/strong>:El probador proporciona una visualizaci\u00f3n en tiempo real de m\u00e9tricas clave, incluida la fuerza de contracci\u00f3n, la fuerza de contracci\u00f3n y la relaci\u00f3n de contracci\u00f3n, lo que permite un an\u00e1lisis inmediato.<\/li>\n<li><strong>Eliminaci\u00f3n de factores de interferencia<\/strong>Al eliminar eficazmente factores de interferencia irrelevantes como la fricci\u00f3n y el aire fr\u00edo, el sistema garantiza la precisi\u00f3n de los resultados de las pruebas.<\/li>\n<li><strong>Sistema de calefacci\u00f3n estable<\/strong>:Un sistema de calentamiento estable y bien equilibrado mantiene condiciones de prueba constantes, esenciales para realizar mediciones confiables.<\/li>\n<li><strong>Carga de muestra f\u00e1cil<\/strong>:El dise\u00f1o simplifica la carga de muestras, agilizando el proceso de prueba y reduciendo el tiempo de configuraci\u00f3n.<\/li>\n<li><strong>Sensores de alta resoluci\u00f3n<\/strong>Equipado con transductores de fuerza y term\u00f3metros de alta resoluci\u00f3n, el sistema garantiza mediciones precisas durante todo el proceso de prueba.<\/li>\n<li><strong>Opciones de conectividad y software<\/strong>:El comprobador de contracci\u00f3n de pel\u00edcula incluye un puerto RS232 para conectividad de datos y ofrece software profesional opcional para an\u00e1lisis de datos avanzados y capacidades de generaci\u00f3n de informes.<\/li>\n<\/ul>\n<h2>Normas<\/h2>\n<p>El comprobador de contracci\u00f3n de pel\u00edculas cumple con los est\u00e1ndares clave de la industria para garantizar un rendimiento confiable:<\/p>\n<ul>\n<li><a href=\"https:\/\/www.iso.org\/standard\/24972.html\" target=\"_blank\" rel=\"noopener nofollow\"><strong>ISO 14616<\/strong><\/a>:Esta norma se centra en los m\u00e9todos de prueba aplicables a pel\u00edculas retr\u00e1ctiles y proporciona un marco para una medici\u00f3n precisa.<\/li>\n<li><strong>DIN 53369<\/strong>:Aborda los est\u00e1ndares de pruebas de materiales relevantes para pel\u00edculas termorretr\u00e1ctiles, garantizando el cumplimiento de las pr\u00e1cticas de la industria.<\/li>\n<\/ul>\n<h2>Par\u00e1metros principales<\/h2>\n<table>\n<tbody>\n<tr>\n<td width=\"156\">Rango de fuerza<\/td>\n<td width=\"152\">5 N (o seg\u00fan sea necesario)<\/td>\n<\/tr>\n<tr>\n<td width=\"156\">Exactitud<\/td>\n<td width=\"152\">\u00b10,5%<\/td>\n<\/tr>\n<tr>\n<td width=\"156\">Resoluci\u00f3n<\/td>\n<td width=\"152\">0,001 N<\/td>\n<\/tr>\n<tr>\n<td width=\"156\">Rango de desplazamiento<\/td>\n<td width=\"152\">0,1 ~ 95 mm<\/td>\n<\/tr>\n<tr>\n<td width=\"156\">Exactitud<\/td>\n<td width=\"152\">\u00b10,1 mm<\/td>\n<\/tr>\n<tr>\n<td width=\"156\">Rango de temperatura<\/td>\n<td width=\"152\">Ambiente ~ 210\u00b0C<\/td>\n<\/tr>\n<tr>\n<td width=\"156\">Exactitud<\/td>\n<td width=\"152\">\u00b10,5 \u00b0C<\/td>\n<\/tr>\n<tr>\n<td width=\"156\">N\u00famero de ejemplares<\/td>\n<td width=\"152\">2<\/td>\n<\/tr>\n<tr>\n<td width=\"156\">Tama\u00f1o de la muestra<\/td>\n<td width=\"152\">110*15 mm, largo*ancho<\/td>\n<\/tr>\n<tr>\n<td width=\"156\">Fuente de alimentaci\u00f3n<\/td>\n<td width=\"152\">220 V 50 Hz<\/td>\n<\/tr>\n<\/tbody>\n<\/table>\n<p>El <strong>Comprobador de contracci\u00f3n de pel\u00edculas<\/strong> es una herramienta fundamental para garantizar la calidad y la fiabilidad de las pel\u00edculas termorretr\u00e1ctiles en diversas aplicaciones. Al proporcionar mediciones precisas de las fuerzas y los \u00edndices de contracci\u00f3n, ayuda a los fabricantes a mantener altos est\u00e1ndares y optimizar sus procesos. Para aquellos interesados en mejorar sus medidas de control de calidad, los invitamos a explorar m\u00e1s a fondo o solicitar una demostraci\u00f3n para ver las capacidades de este instrumento esencial en acci\u00f3n.<\/p>\n<h2>Producto relacionado<\/h2>\n<blockquote class=\"wp-embedded-content\" data-secret=\"95pGvecun0\"><p><a href=\"https:\/\/www.qualitester.com\/es\/producto\/film-free-shrink-tester-fst-01\/\">Probador de contracci\u00f3n sin pel\u00edcula FST-01<\/a><\/p><\/blockquote>\n<p><iframe class=\"wp-embedded-content\" sandbox=\"allow-scripts\" security=\"restricted\" style=\"position: absolute; visibility: hidden;\" title=\"\u300a FST-01 Film Free Shrink Tester \u300b\u2014Material Quality Tester\" src=\"https:\/\/www.qualitester.com\/product\/film-free-shrink-tester-fst-01\/embed\/#?secret=J7nnnghFFb#?secret=95pGvecun0\" data-secret=\"95pGvecun0\" width=\"500\" height=\"282\" frameborder=\"0\" marginwidth=\"0\" marginheight=\"0\" scrolling=\"no\"><\/iframe><\/p>","protected":false},"excerpt":{"rendered":"<p>El <strong>Comprobador de contracci\u00f3n de pel\u00edculas<\/strong> es una herramienta fundamental para garantizar la calidad y la fiabilidad de las pel\u00edculas termorretr\u00e1ctiles en diversas aplicaciones. Al proporcionar mediciones precisas de las fuerzas y los \u00edndices de contracci\u00f3n, ayuda a los fabricantes a mantener altos est\u00e1ndares y optimizar sus procesos. Para aquellos interesados en mejorar sus medidas de control de calidad, los invitamos a explorar m\u00e1s a fondo o solicitar una demostraci\u00f3n para ver las capacidades de este instrumento esencial en acci\u00f3n.<\/p>","protected":false},"featured_media":6141,"comment_status":"closed","ping_status":"closed","template":"","meta":{"site-sidebar-layout":"default","site-content-layout":"default","ast-global-header-display":"","ast-main-header-display":"","ast-hfb-above-header-display":"","ast-hfb-below-header-display":"","ast-hfb-mobile-header-display":"","site-post-title":"","ast-breadcrumbs-content":"","ast-featured-img":"","footer-sml-layout":"","theme-transparent-header-meta":"default","adv-header-id-meta":"","stick-header-meta":"","header-above-stick-meta":"","header-main-stick-meta":"","header-below-stick-meta":""},"product_cat":[953,956,955,845,1134,954,957,958,952,959,686,16,158,95],"product_tag":[],"class_list":{"0":"post-5157","1":"product","2":"type-product","3":"status-publish","4":"has-post-thumbnail","6":"product_cat-bursting-tester","7":"product_cat-cobb-tester","8":"product_cat-crush-tester","9":"product_cat-customization","10":"product_cat-din-53369","11":"product_cat-paper-tear-tester","12":"product_cat-plybond-tester","13":"product_cat-puncture-tester","14":"product_cat-rub-tester","15":"product_cat-stiffness-tester","16":"product_cat-shrink-tester","17":"product_cat-plastic-packaging-testers","18":"product_cat-iso-14616","19":"product_cat-products","20":"desktop-align-left","21":"tablet-align-left","22":"mobile-align-left","24":"first","25":"instock","26":"shipping-taxable","27":"product-type-simple"},"_links":{"self":[{"href":"https:\/\/www.qualitester.com\/es\/wp-json\/wp\/v2\/product\/5157","targetHints":{"allow":["GET"]}}],"collection":[{"href":"https:\/\/www.qualitester.com\/es\/wp-json\/wp\/v2\/product"}],"about":[{"href":"https:\/\/www.qualitester.com\/es\/wp-json\/wp\/v2\/types\/product"}],"replies":[{"embeddable":true,"href":"https:\/\/www.qualitester.com\/es\/wp-json\/wp\/v2\/comments?post=5157"}],"version-history":[{"count":0,"href":"https:\/\/www.qualitester.com\/es\/wp-json\/wp\/v2\/product\/5157\/revisions"}],"wp:featuredmedia":[{"embeddable":true,"href":"https:\/\/www.qualitester.com\/es\/wp-json\/wp\/v2\/media\/6141"}],"wp:attachment":[{"href":"https:\/\/www.qualitester.com\/es\/wp-json\/wp\/v2\/media?parent=5157"}],"wp:term":[{"taxonomy":"product_cat","embeddable":true,"href":"https:\/\/www.qualitester.com\/es\/wp-json\/wp\/v2\/product_cat?post=5157"},{"taxonomy":"product_tag","embeddable":true,"href":"https:\/\/www.qualitester.com\/es\/wp-json\/wp\/v2\/product_tag?post=5157"}],"curies":[{"name":"wp","href":"https:\/\/api.w.org\/{rel}","templated":true}]}}