{"id":5154,"date":"2024-10-31T11:51:07","date_gmt":"2024-10-31T03:51:07","guid":{"rendered":"https:\/\/www.qualitester.com\/?post_type=product&#038;p=5154"},"modified":"2025-08-12T11:39:30","modified_gmt":"2025-08-12T03:39:30","slug":"sale-gross-bubble-leak-test-equipment","status":"publish","type":"product","link":"https:\/\/www.qualitester.com\/es\/producto\/sale-gross-bubble-leak-test-equipment\/","title":{"rendered":"Equipo de prueba de fugas por burbujas gruesas GLT-01"},"content":{"rendered":"<h2>Introducci\u00f3n a los equipos de prueba de fugas de burbujas<\/h2>\n<p><strong>Equipo de prueba de fugas de burbujas<\/strong> es esencial para evaluar la integridad de los precintos de los envases, garantizando que los productos permanezcan protegidos durante el almacenamiento y el transporte. Este m\u00e9todo de ensayo, normalizado bajo <a href=\"https:\/\/www.qualitester.com\/es\/standards\/astm-f2096\/\" target=\"_blank\" rel=\"noopener\"><strong data-start=\"558\" data-end=\"572\">Norma ASTM F2096<\/strong><\/a>detecta <strong data-start=\"582\" data-end=\"597\">fugas gruesas<\/strong> en envases porosos y no porosos mediante la observaci\u00f3n de corrientes de burbujas de aire cuando el envase se presuriza bajo el agua. Al detectar fugas con precisi\u00f3n, este equipo desempe\u00f1a un papel fundamental en el mantenimiento de la calidad y la seguridad de los productos en diversos sectores, como el farmac\u00e9utico, el de dispositivos m\u00e9dicos o el de envasado de alimentos, entre otros.<\/p>\n<h2>Importancia de las pruebas de estanqueidad<\/h2>\n<p>Evaluar la integridad del sellado de los envases es crucial para verificar que los envases pueden ofrecer la protecci\u00f3n necesaria al producto. Las pruebas de fugas ayudan a evaluar alternativas de envasado sostenibles y opciones de envasado rentables, as\u00ed como variaciones en los par\u00e1metros de sellado de la l\u00ednea de producci\u00f3n. Al mantener la fiabilidad de los sellos de los envases, las empresas pueden defender la calidad y seguridad de sus productos, salvaguardando en \u00faltima instancia la reputaci\u00f3n de su marca.<\/p>\n<h2 data-start=\"885\" data-end=\"925\">Aplicaciones y relevancia industrial<\/h2>\n<p data-start=\"926\" data-end=\"1341\">El <strong data-start=\"930\" data-end=\"966\">prueba de fugas de burbujas en envases m\u00e9dicos<\/strong> se aplica ampliamente en la validaci\u00f3n de sistemas de barrera est\u00e9ril, el control de calidad de bolsas y bandejas y la inspecci\u00f3n de envases alimentarios y farmac\u00e9uticos. Industrias como <strong data-start=\"1132\" data-end=\"1212\">productos sanitarios, farmac\u00e9uticos, envases y agencias de inspecci\u00f3n de calidad<\/strong> basarse en <strong data-start=\"1221\" data-end=\"1250\">medidores de burbujas de fugas gruesas<\/strong> para verificar que los envases termosellados permanecen libres de contaminaci\u00f3n durante toda su vida \u00fatil.<\/p>\n<h2>Descripci\u00f3n general de ASTM F2096<\/h2>\n<h3><strong>\u00bfQu\u00e9 es la norma ASTM F2096?<\/strong><\/h3>\n<p><a href=\"https:\/\/www.astm.org\/f2096-11r19.html\" target=\"_blank\" rel=\"noopener nofollow\"><strong>Norma ASTM F2096<\/strong><\/a> es una norma que describe el procedimiento para detectar fugas graves en materiales de envasado porosos y no permeables mediante presurizaci\u00f3n interna. Este m\u00e9todo se conoce com\u00fanmente como <strong>prueba de burbujas<\/strong>.<\/p>\n<h3><strong>M\u00e9todos de ensayo descritos por ASTM F2096<\/strong><\/h3>\n<p>La norma proporciona un enfoque sistem\u00e1tico para identificar fugas gruesas mediante una prueba de burbujas, en la que se aplica presi\u00f3n interna al material de envasado.<\/p>\n<h2 data-start=\"1343\" data-end=\"1378\">C\u00f3mo funciona la prueba de la fuga de burbujas<\/h2>\n<p data-start=\"1379\" data-end=\"1499\">El <strong data-start=\"1383\" data-end=\"1408\">Prueba de fugas de burbujas ASTM<\/strong> utiliza la presurizaci\u00f3n interna para identificar fugas con gran precisi\u00f3n. El proceso implica:<\/p>\n<ol>\n<li data-start=\"1504\" data-end=\"1635\"><strong data-start=\"1504\" data-end=\"1526\">Preparaci\u00f3n de la muestra<\/strong> - Se realiza un punto de entrada controlado en el envase para insertar la fuente de aire y el dispositivo de control de la presi\u00f3n.<\/li>\n<li data-start=\"1639\" data-end=\"1725\"><strong data-start=\"1639\" data-end=\"1653\">Inmersi\u00f3n<\/strong> - El paquete se sumerge aproximadamente 25,4 mm (1 pulgada) bajo el agua.<\/li>\n<li data-start=\"1729\" data-end=\"1854\"><strong data-start=\"1729\" data-end=\"1747\">Presurizaci\u00f3n<\/strong> - Se introduce aire hasta que el envase alcanza un nivel de presi\u00f3n predeterminado en funci\u00f3n de su tipo de material.<\/li>\n<li data-start=\"1858\" data-end=\"1997\"><strong data-start=\"1858\" data-end=\"1873\">Observaci\u00f3n<\/strong> - Una corriente constante de burbujas de aire procedentes de un lugar espec\u00edfico indica la existencia de una fuga, como canales de sellado, grietas o agujeros de alfiler.<\/li>\n<li data-start=\"2001\" data-end=\"2064\"><strong data-start=\"2001\" data-end=\"2018\">Documentaci\u00f3n<\/strong> - Cualquier punto de fallo se marca para su an\u00e1lisis.<\/li>\n<\/ol>\n<p data-start=\"2066\" data-end=\"2226\">La sensibilidad de este m\u00e9todo suele ser de <strong data-start=\"2118\" data-end=\"2128\">250 \u03bcm<\/strong>La precisi\u00f3n del m\u00e9todo depende del ajuste correcto de la presi\u00f3n de ensayo y de la estabilidad del flujo de aire.<\/p>\n<h2 data-start=\"2228\" data-end=\"2275\">M\u00e9todos de ensayo para distintos tipos de envases<\/h2>\n<p data-start=\"2276\" data-end=\"2340\">De acuerdo a <strong data-start=\"2289\" data-end=\"2303\">Norma ASTM F2096<\/strong>Existen dos procedimientos principales:<\/p>\n<ul>\n<li data-start=\"2344\" data-end=\"2454\"><strong data-start=\"2344\" data-end=\"2367\">Envases no porosos<\/strong> - El paquete se infla directamente bajo el agua y se inspecciona por ambos lados en busca de fugas.<\/li>\n<li data-start=\"2457\" data-end=\"2602\"><strong data-start=\"2457\" data-end=\"2477\">Envases porosos<\/strong> - Puede aplicarse un agente de bloqueo, y un tiempo de permanencia adicional bajo el agua permite que el material se sature antes de la inspecci\u00f3n.<\/li>\n<\/ul>\n<p data-start=\"2604\" data-end=\"2696\">Ambos m\u00e9todos son <strong data-start=\"2621\" data-end=\"2642\">ensayos destructivos<\/strong>lo que significa que el paquete probado no se puede utilizar despu\u00e9s.<\/p>\n<h2>Otras normas ASTM pertinentes<\/h2>\n<ul>\n<li><a href=\"https:\/\/www.qualitester.com\/es\/standards\/astm-d3078\/\" target=\"_blank\" rel=\"noopener\"><strong>Norma ASTM D3078<\/strong><\/a>: Esta norma utiliza pruebas de emisi\u00f3n de burbujas para envases llenos de gas y l\u00edquidos, ayudando a identificar fugas que puedan comprometer la integridad del producto.<\/li>\n<li><a href=\"https:\/\/www.qualitester.com\/es\/categoria-producto\/astm\/astm-d4991\/\" target=\"_blank\" rel=\"noopener\"><strong>Norma ASTM D4991<\/strong><\/a>: Similar a la D3078, esta norma se centra en las pruebas de emisi\u00f3n de burbujas para envases r\u00edgidos vac\u00edos.<\/li>\n<li><strong>ASTM F2338<\/strong>: Esta norma emplea m\u00e9todos de ensayo de desintegraci\u00f3n por vac\u00edo para envases flexibles y r\u00edgidos con el fin de evaluar la integridad del sellado.<\/li>\n<li><strong><a href=\"https:\/\/www.qualitester.com\/es\/standards\/astm-f2054\/\" target=\"_blank\" rel=\"noopener\">Norma ASTM F2054<\/a>\/<a href=\"https:\/\/www.qualitester.com\/es\/standards\/astm-f1140\/\" target=\"_blank\" rel=\"noopener\">F1140<\/a><\/strong>: Estas normas describen los m\u00e9todos de ensayo de ca\u00edda de presi\u00f3n para diversos tipos de envases, incluidas las formas flexibles, r\u00edgidas y tubulares.<\/li>\n<\/ul>\n<h2>Caracter\u00edsticas t\u00e9cnicas<\/h2>\n<ul>\n<li><strong>Unidad controlada por PLC<\/strong>: Nuestro equipo de prueba de fugas de burbujas est\u00e1 dise\u00f1ado con estabilidad de nivel industrial, con una unidad controlada por PLC para un rendimiento constante.<\/li>\n<li><strong>Manejo de la pantalla t\u00e1ctil HMI<\/strong>: Interfaz de usuario f\u00e1cil de usar que facilita el manejo y la supervisi\u00f3n de los par\u00e1metros de ensayo.<\/li>\n<li><strong>Suministro estable de gas<\/strong>: Garantiza un suministro fiable y constante de gas durante las pruebas.<\/li>\n<li><strong>Integraci\u00f3n opcional<\/strong>: El equipo puede integrarse con m\u00e9todos de ensayo de ca\u00edda de presi\u00f3n para mejorar la capacidad de ensayo.<\/li>\n<\/ul>\n<h2>Par\u00e1metros principales<\/h2>\n<table>\n<tbody>\n<tr>\n<td width=\"130\">Campo de pruebas<\/td>\n<td width=\"207\">0~30KPa (o seg\u00fan se requiera)<\/td>\n<\/tr>\n<tr>\n<td width=\"130\">C\u00e1mara de acr\u00edlico<\/td>\n<td width=\"207\">34*20*15cm LWH<\/td>\n<\/tr>\n<tr>\n<td width=\"130\">Aire comprimido<\/td>\n<td width=\"207\">0,6MPa (Preparado por el usuario)<\/td>\n<\/tr>\n<tr>\n<td width=\"130\">Fuerza<\/td>\n<td width=\"207\">110 ~ 220 V 50\/60 Hz<\/td>\n<\/tr>\n<\/tbody>\n<\/table>\n<p>Los equipos de ensayo de fugas de burbujas son cruciales para garantizar la integridad de los sellos de los envases, lo que los convierte en una herramienta indispensable para el aseguramiento de la calidad en diversas industrias. Al elegir las soluciones de ensayo de fugas de burbujas de Cell Instruments, puede mejorar la fiabilidad de sus envases y proteger sus productos.<\/p>\n<h3>Preguntas frecuentes<\/h3>\n<ol>\n<li><strong>\u00bfQu\u00e9 tipos de envases pueden probarse con el equipo de prueba de fugas de burbujas?<\/strong>\n<ul>\n<li>El equipo es adecuado tanto para materiales de envasado porosos como no permeables, incluidos envases flexibles y r\u00edgidos.<\/li>\n<\/ul>\n<\/li>\n<li><strong>\u00bfC\u00f3mo funciona la prueba de la burbuja?<\/strong>\n<ul>\n<li>La prueba de burbujas consiste en aplicar presi\u00f3n interna al envase mientras est\u00e1 sumergido en agua. Las burbujas producidas en el punto de fuga indican un fallo en el sellado.<\/li>\n<\/ul>\n<\/li>\n<li><strong>\u00bfEs destructivo el m\u00e9todo de prueba de fuga de burbujas?<\/strong>\n<ul>\n<li>S\u00ed, la prueba de fuga de burbujas es un m\u00e9todo destructivo, lo que significa que puede comprometer la integridad del envase que se est\u00e1 probando.<\/li>\n<\/ul>\n<\/li>\n<li><strong>\u00bfSe puede personalizar el equipo para necesidades de ensayo espec\u00edficas?<\/strong>\n<ul>\n<li>S\u00ed, estamos especializados en personalizar los requisitos de ensayo para satisfacer sus necesidades espec\u00edficas.<\/li>\n<\/ul>\n<\/li>\n<li><strong>\u00bfQu\u00e9 normas cumple el equipo de prueba de fugas de burbujas?<\/strong>\n<ul>\n<li>Nuestros equipos cumplen la norma ASTM F2096 y otras normas ASTM pertinentes para pruebas de estanqueidad.<\/li>\n<\/ul>\n<\/li>\n<\/ol>","protected":false},"excerpt":{"rendered":"<p>Los equipos de prueba de fugas de burbujas son esenciales para evaluar la integridad de los sellos de los envases, garantizando que los productos permanezcan protegidos durante el almacenamiento y el transporte. Al detectar fugas con precisi\u00f3n, este equipo desempe\u00f1a un papel fundamental en el mantenimiento de la calidad y la seguridad de los productos en diversos sectores, como el farmac\u00e9utico, el de dispositivos m\u00e9dicos y el de envasado de alimentos, entre otros.<\/p>","protected":false},"featured_media":6150,"comment_status":"closed","ping_status":"closed","template":"","meta":{"site-sidebar-layout":"default","site-content-layout":"default","ast-global-header-display":"","ast-main-header-display":"","ast-hfb-above-header-display":"","ast-hfb-below-header-display":"","ast-hfb-mobile-header-display":"","site-post-title":"","ast-breadcrumbs-content":"","ast-featured-img":"","footer-sml-layout":"","theme-transparent-header-meta":"default","adv-header-id-meta":"","stick-header-meta":"","header-above-stick-meta":"","header-main-stick-meta":"","header-below-stick-meta":""},"product_cat":[675,845,17,149,16,112,95],"product_tag":[],"class_list":{"0":"post-5154","1":"product","2":"type-product","3":"status-publish","4":"has-post-thumbnail","6":"product_cat-leak-tester","7":"product_cat-customization","8":"product_cat-package-container-testers","9":"product_cat-pharma-and-medical-testers","10":"product_cat-plastic-packaging-testers","11":"product_cat-astm-f2096","12":"product_cat-products","13":"desktop-align-left","14":"tablet-align-left","15":"mobile-align-left","17":"first","18":"instock","19":"shipping-taxable","20":"product-type-simple"},"_links":{"self":[{"href":"https:\/\/www.qualitester.com\/es\/wp-json\/wp\/v2\/product\/5154","targetHints":{"allow":["GET"]}}],"collection":[{"href":"https:\/\/www.qualitester.com\/es\/wp-json\/wp\/v2\/product"}],"about":[{"href":"https:\/\/www.qualitester.com\/es\/wp-json\/wp\/v2\/types\/product"}],"replies":[{"embeddable":true,"href":"https:\/\/www.qualitester.com\/es\/wp-json\/wp\/v2\/comments?post=5154"}],"version-history":[{"count":0,"href":"https:\/\/www.qualitester.com\/es\/wp-json\/wp\/v2\/product\/5154\/revisions"}],"wp:featuredmedia":[{"embeddable":true,"href":"https:\/\/www.qualitester.com\/es\/wp-json\/wp\/v2\/media\/6150"}],"wp:attachment":[{"href":"https:\/\/www.qualitester.com\/es\/wp-json\/wp\/v2\/media?parent=5154"}],"wp:term":[{"taxonomy":"product_cat","embeddable":true,"href":"https:\/\/www.qualitester.com\/es\/wp-json\/wp\/v2\/product_cat?post=5154"},{"taxonomy":"product_tag","embeddable":true,"href":"https:\/\/www.qualitester.com\/es\/wp-json\/wp\/v2\/product_tag?post=5154"}],"curies":[{"name":"wp","href":"https:\/\/api.w.org\/{rel}","templated":true}]}}